{"id":35599,"date":"2026-01-19T02:34:07","date_gmt":"2026-01-19T02:34:07","guid":{"rendered":"https:\/\/petproducts.com.cn\/?post_type=product&#038;p=35599"},"modified":"2026-02-04T05:39:58","modified_gmt":"2026-02-04T05:39:58","slug":"cute-cat-plush-toys-fpf-away-team-plush-pendant-pet-toys","status":"publish","type":"product","link":"https:\/\/petproducts.com.cn\/fr\/product\/cute-cat-plush-toys-fpf-away-team-plush-pendant-pet-toys\/","title":{"rendered":"Jouets en peluche pour chat mignon FPF Away Team Peluche pendante Jouets pour animaux de compagnie"},"content":{"rendered":"<h2>Caract\u00e9ristiques des peluches chat mignon<\/h2>\n<ul>\n<li data-start=\"147\" data-end=\"278\">\n<p data-start=\"150\" data-end=\"278\"><strong data-start=\"150\" data-end=\"181\">Peluches pour chats avec licence officielle de l'\u00e9quipe Away de la FPF<\/strong> - D\u00e9velopp\u00e9 avec l'autorisation officielle de l'\u00e9quipe nationale du Portugal, il soutient les programmes de produits pour animaux de compagnie autoris\u00e9s et conformes.<\/p>\n<\/li>\n<li data-start=\"279\" data-end=\"395\">\n<p data-start=\"282\" data-end=\"395\"><strong data-start=\"282\" data-end=\"323\">Trois personnages animaux distincts pour varier les assortiments<\/strong> - Comprend des motifs de lion, de schnauzer et de mouton, ce qui permet de diversifier les UGS \u00e0 l'int\u00e9rieur d'un m\u00eame th\u00e8me sous licence.<\/p>\n<\/li>\n<li data-start=\"396\" data-end=\"516\">\n<p data-start=\"399\" data-end=\"516\"><strong data-start=\"399\" data-end=\"441\">D\u00e9tails du maillot de l'\u00e9quipe Away avec num\u00e9ros embl\u00e9matiques<\/strong> - Le Lion n\u00b010, le Schnauzer n\u00b08 et le Mouton n\u00b07 renforcent l'identit\u00e9 de l'\u00e9quipe et la narration visuelle dans l'ensemble des collections.<\/p>\n<\/li>\n<li data-start=\"517\" data-end=\"643\">\n<p data-start=\"520\" data-end=\"643\"><strong data-start=\"520\" data-end=\"561\">Format pendentif peluche pour une utilisation multi-sc\u00e9narios<\/strong> - Con\u00e7u comme un jouet pendentif l\u00e9ger adapt\u00e9 aux porte-b\u00e9b\u00e9s, aux laisses, aux sacs ou aux accessoires pour animaux de compagnie.<\/p>\n<\/li>\n<li data-start=\"777\" data-end=\"899\">\n<p data-start=\"780\" data-end=\"899\"><strong data-start=\"780\" data-end=\"811\">Construction en peluche douce pour le confort et l'interaction en douceur<\/strong> - L'utilisation de mat\u00e9riaux pelucheux confortables permet de renforcer l'attrait tactile tout en pr\u00e9servant la coh\u00e9rence de la forme.<\/p>\n<\/li>\n<li data-start=\"777\" data-end=\"899\"><strong data-start=\"780\" data-end=\"811\">Reconnaissance visuelle forte des licences pour la collaboration entre les marques<\/strong> - Les couleurs claires de l'\u00e9quipe et le style du maillot am\u00e9liorent la diff\u00e9renciation en rayon dans les assortiments sous licence ou co-marqu\u00e9s.<\/li>\n<\/ul>\n<p style=\"text-align: center;\"><em><strong>Pour plus d'informations <a href=\"https:\/\/petproducts.com.cn\/fr\/wholesale-cat-toys\/\">jouets pour chats<\/a> &amp; <a href=\"https:\/\/petproducts.com.cn\/fr\/wholesale-dog-toys\/\">jouets pour chiens<\/a>,<\/strong><\/em><em><strong>\u00a0s'il vous pla\u00eet <a href=\"https:\/\/petproducts.com.cn\/fr\/nous-contacter\/\">Contactez-nous<\/a>!<\/strong><\/em><\/p>","protected":false},"excerpt":{"rendered":"<p>Jouets en peluche pour chat mignons pr\u00e9sentant des dessins d'\u00e9quipes ext\u00e9rieures sous licence officielle de la FPF, combinant l'attrait de la collection avec une construction en peluche douce pour des assortiments d'accessoires de marque pour animaux de compagnie.<\/p>","protected":false},"featured_media":35602,"template":"","meta":{"_acf_changed":false},"product_brand":[],"product_cat":[71,81,72,48],"product_tag":[291,86,248,231,85,195],"class_list":{"0":"post-35599","1":"product","2":"type-product","3":"status-publish","4":"has-post-thumbnail","6":"product_cat-cat-supplies","7":"product_cat-cat-toys","8":"product_cat-dog-supplies","9":"product_cat-dog-toys","10":"product_tag-2026-world-cup-series","11":"product_tag-cat-toys","12":"product_tag-cat-toys-set","13":"product_tag-dog-plush-toys","14":"product_tag-dog-toys","15":"product_tag-dog-toys-set","17":"first","18":"instock","19":"shipping-taxable","20":"product-type-simple"},"acf":[],"yoast_head":"<!-- This site is optimized with the Yoast SEO plugin v27.1.1 - https:\/\/yoast.com\/product\/yoast-seo-wordpress\/ -->\n<title>Cute Cat Plush Toys | Electronic Cat Toys Manufacturer- Petstar<\/title>\n<meta name=\"description\" content=\"Explore Cute Cat Plush Toys from the best pet products supplier. Petstar is a global pet product manufacturer. Your ideal business solution with Petstar.\" \/>\n<meta name=\"robots\" content=\"index, follow, max-snippet:-1, max-image-preview:large, max-video-preview:-1\" \/>\n<link rel=\"canonical\" href=\"https:\/\/petproducts.com.cn\/fr\/produit\/cute-cat-plush-toys-fpf-away-team-plush-pendant-pet-toys\/\" \/>\n<meta property=\"og:locale\" content=\"fr_FR\" \/>\n<meta property=\"og:type\" content=\"article\" \/>\n<meta property=\"og:title\" content=\"Cute Cat Plush Toys | Electronic Cat Toys Manufacturer- Petstar\" \/>\n<meta property=\"og:description\" content=\"Explore Cute Cat Plush Toys from the best pet products supplier. Petstar is a global pet product manufacturer. Your ideal business solution with Petstar.\" \/>\n<meta property=\"og:url\" content=\"https:\/\/petproducts.com.cn\/fr\/produit\/cute-cat-plush-toys-fpf-away-team-plush-pendant-pet-toys\/\" \/>\n<meta property=\"og:site_name\" content=\"Petstar\" \/>\n<meta property=\"article:modified_time\" content=\"2026-02-04T05:39:58+00:00\" \/>\n<meta property=\"og:image\" content=\"https:\/\/petproducts.com.cn\/wp-content\/uploads\/2026\/01\/Cute-Cat-Plush-Toys.webp\" \/>\n\t<meta property=\"og:image:width\" content=\"1000\" \/>\n\t<meta property=\"og:image:height\" content=\"1000\" \/>\n\t<meta property=\"og:image:type\" content=\"image\/webp\" \/>\n<meta name=\"twitter:card\" content=\"summary_large_image\" \/>\n<meta name=\"twitter:label1\" content=\"Dur\u00e9e de lecture estim\u00e9e\" \/>\n\t<meta name=\"twitter:data1\" content=\"1 minute\" \/>\n<script type=\"application\/ld+json\" class=\"yoast-schema-graph\">{\"@context\":\"https:\/\/schema.org\",\"@graph\":[{\"@type\":\"WebPage\",\"@id\":\"https:\/\/petproducts.com.cn\/product\/cute-cat-plush-toys-fpf-away-team-plush-pendant-pet-toys\/\",\"url\":\"https:\/\/petproducts.com.cn\/product\/cute-cat-plush-toys-fpf-away-team-plush-pendant-pet-toys\/\",\"name\":\"Cute Cat Plush Toys | Electronic Cat Toys Manufacturer- Petstar\",\"isPartOf\":{\"@id\":\"https:\/\/petproducts.com.cn\/#website\"},\"primaryImageOfPage\":{\"@id\":\"https:\/\/petproducts.com.cn\/product\/cute-cat-plush-toys-fpf-away-team-plush-pendant-pet-toys\/#primaryimage\"},\"image\":{\"@id\":\"https:\/\/petproducts.com.cn\/product\/cute-cat-plush-toys-fpf-away-team-plush-pendant-pet-toys\/#primaryimage\"},\"thumbnailUrl\":\"https:\/\/petproducts.com.cn\/wp-content\/uploads\/2026\/01\/Cute-Cat-Plush-Toys.webp\",\"datePublished\":\"2026-01-19T02:34:07+00:00\",\"dateModified\":\"2026-02-04T05:39:58+00:00\",\"description\":\"Explore Cute Cat Plush Toys from the best pet products supplier. Petstar is a global pet product manufacturer. Your ideal business solution with Petstar.\",\"breadcrumb\":{\"@id\":\"https:\/\/petproducts.com.cn\/product\/cute-cat-plush-toys-fpf-away-team-plush-pendant-pet-toys\/#breadcrumb\"},\"inLanguage\":\"fr-FR\",\"potentialAction\":[{\"@type\":\"ReadAction\",\"target\":[\"https:\/\/petproducts.com.cn\/product\/cute-cat-plush-toys-fpf-away-team-plush-pendant-pet-toys\/\"]}]},{\"@type\":\"ImageObject\",\"inLanguage\":\"fr-FR\",\"@id\":\"https:\/\/petproducts.com.cn\/product\/cute-cat-plush-toys-fpf-away-team-plush-pendant-pet-toys\/#primaryimage\",\"url\":\"https:\/\/petproducts.com.cn\/wp-content\/uploads\/2026\/01\/Cute-Cat-Plush-Toys.webp\",\"contentUrl\":\"https:\/\/petproducts.com.cn\/wp-content\/uploads\/2026\/01\/Cute-Cat-Plush-Toys.webp\",\"width\":1000,\"height\":1000,\"caption\":\"Cute Cat Plush Toys\"},{\"@type\":\"BreadcrumbList\",\"@id\":\"https:\/\/petproducts.com.cn\/product\/cute-cat-plush-toys-fpf-away-team-plush-pendant-pet-toys\/#breadcrumb\",\"itemListElement\":[{\"@type\":\"ListItem\",\"position\":1,\"name\":\"HOME\",\"item\":\"https:\/\/petproducts.com.cn\/\"},{\"@type\":\"ListItem\",\"position\":2,\"name\":\"Products\",\"item\":\"https:\/\/petproducts.com.cn\/shop\/\"},{\"@type\":\"ListItem\",\"position\":3,\"name\":\"Cat Toys\",\"item\":\"https:\/\/petproducts.com.cn\/product-category\/cat-toys\/\"},{\"@type\":\"ListItem\",\"position\":4,\"name\":\"Cute Cat Plush Toys FPF Away Team Plush Pendant Pet Toys\"}]},{\"@type\":\"WebSite\",\"@id\":\"https:\/\/petproducts.com.cn\/#website\",\"url\":\"https:\/\/petproducts.com.cn\/\",\"name\":\"Petstar\",\"description\":\"Leading Pet Supplies Manufacturer &amp; OEM Pet Products Supplier\",\"publisher\":{\"@id\":\"https:\/\/petproducts.com.cn\/#organization\"},\"alternateName\":\"Petstar Pet Supplies\",\"potentialAction\":[{\"@type\":\"SearchAction\",\"target\":{\"@type\":\"EntryPoint\",\"urlTemplate\":\"https:\/\/petproducts.com.cn\/?s={search_term_string}\"},\"query-input\":{\"@type\":\"PropertyValueSpecification\",\"valueRequired\":true,\"valueName\":\"search_term_string\"}}],\"inLanguage\":\"fr-FR\"},{\"@type\":\"Organization\",\"@id\":\"https:\/\/petproducts.com.cn\/#organization\",\"name\":\"Petstar\",\"url\":\"https:\/\/petproducts.com.cn\/\",\"logo\":{\"@type\":\"ImageObject\",\"inLanguage\":\"fr-FR\",\"@id\":\"https:\/\/petproducts.com.cn\/#\/schema\/logo\/image\/\",\"url\":\"https:\/\/petproducts.com.cn\/wp-content\/uploads\/2020\/02\/petstar-logo.webp\",\"contentUrl\":\"https:\/\/petproducts.com.cn\/wp-content\/uploads\/2020\/02\/petstar-logo.webp\",\"width\":779,\"height\":520,\"caption\":\"Petstar\"},\"image\":{\"@id\":\"https:\/\/petproducts.com.cn\/#\/schema\/logo\/image\/\"}}]}<\/script>\n<!-- \/ Yoast SEO plugin. -->","yoast_head_json":{"title":"Jouets en peluche pour chat - Fabricant de jouets \u00e9lectroniques pour chat - Petstar","description":"D\u00e9couvrez les jouets en peluche Cute Cat du meilleur fournisseur de produits pour animaux de compagnie. Petstar est un fabricant mondial de produits pour animaux de compagnie. Votre solution commerciale id\u00e9ale avec Petstar.","robots":{"index":"index","follow":"follow","max-snippet":"max-snippet:-1","max-image-preview":"max-image-preview:large","max-video-preview":"max-video-preview:-1"},"canonical":"https:\/\/petproducts.com.cn\/fr\/produit\/cute-cat-plush-toys-fpf-away-team-plush-pendant-pet-toys\/","og_locale":"fr_FR","og_type":"article","og_title":"Cute Cat Plush Toys | Electronic Cat Toys Manufacturer- Petstar","og_description":"Explore Cute Cat Plush Toys from the best pet products supplier. Petstar is a global pet product manufacturer. Your ideal business solution with Petstar.","og_url":"https:\/\/petproducts.com.cn\/fr\/produit\/cute-cat-plush-toys-fpf-away-team-plush-pendant-pet-toys\/","og_site_name":"Petstar","article_modified_time":"2026-02-04T05:39:58+00:00","og_image":[{"width":1000,"height":1000,"url":"https:\/\/petproducts.com.cn\/wp-content\/uploads\/2026\/01\/Cute-Cat-Plush-Toys.webp","type":"image\/webp"}],"twitter_card":"summary_large_image","twitter_misc":{"Dur\u00e9e de lecture estim\u00e9e":"1 minute"},"schema":{"@context":"https:\/\/schema.org","@graph":[{"@type":"WebPage","@id":"https:\/\/petproducts.com.cn\/product\/cute-cat-plush-toys-fpf-away-team-plush-pendant-pet-toys\/","url":"https:\/\/petproducts.com.cn\/product\/cute-cat-plush-toys-fpf-away-team-plush-pendant-pet-toys\/","name":"Jouets en peluche pour chat - Fabricant de jouets \u00e9lectroniques pour chat - Petstar","isPartOf":{"@id":"https:\/\/petproducts.com.cn\/#website"},"primaryImageOfPage":{"@id":"https:\/\/petproducts.com.cn\/product\/cute-cat-plush-toys-fpf-away-team-plush-pendant-pet-toys\/#primaryimage"},"image":{"@id":"https:\/\/petproducts.com.cn\/product\/cute-cat-plush-toys-fpf-away-team-plush-pendant-pet-toys\/#primaryimage"},"thumbnailUrl":"https:\/\/petproducts.com.cn\/wp-content\/uploads\/2026\/01\/Cute-Cat-Plush-Toys.webp","datePublished":"2026-01-19T02:34:07+00:00","dateModified":"2026-02-04T05:39:58+00:00","description":"D\u00e9couvrez les jouets en peluche Cute Cat du meilleur fournisseur de produits pour animaux de compagnie. Petstar est un fabricant mondial de produits pour animaux de compagnie. Votre solution commerciale id\u00e9ale avec Petstar.","breadcrumb":{"@id":"https:\/\/petproducts.com.cn\/product\/cute-cat-plush-toys-fpf-away-team-plush-pendant-pet-toys\/#breadcrumb"},"inLanguage":"fr-FR","potentialAction":[{"@type":"ReadAction","target":["https:\/\/petproducts.com.cn\/product\/cute-cat-plush-toys-fpf-away-team-plush-pendant-pet-toys\/"]}]},{"@type":"ImageObject","inLanguage":"fr-FR","@id":"https:\/\/petproducts.com.cn\/product\/cute-cat-plush-toys-fpf-away-team-plush-pendant-pet-toys\/#primaryimage","url":"https:\/\/petproducts.com.cn\/wp-content\/uploads\/2026\/01\/Cute-Cat-Plush-Toys.webp","contentUrl":"https:\/\/petproducts.com.cn\/wp-content\/uploads\/2026\/01\/Cute-Cat-Plush-Toys.webp","width":1000,"height":1000,"caption":"Cute Cat Plush Toys"},{"@type":"BreadcrumbList","@id":"https:\/\/petproducts.com.cn\/product\/cute-cat-plush-toys-fpf-away-team-plush-pendant-pet-toys\/#breadcrumb","itemListElement":[{"@type":"ListItem","position":1,"name":"HOME","item":"https:\/\/petproducts.com.cn\/"},{"@type":"ListItem","position":2,"name":"Products","item":"https:\/\/petproducts.com.cn\/shop\/"},{"@type":"ListItem","position":3,"name":"Cat Toys","item":"https:\/\/petproducts.com.cn\/product-category\/cat-toys\/"},{"@type":"ListItem","position":4,"name":"Cute Cat Plush Toys FPF Away Team Plush Pendant Pet Toys"}]},{"@type":"WebSite","@id":"https:\/\/petproducts.com.cn\/#website","url":"https:\/\/petproducts.com.cn\/","name":"Petstar","description":"Fabricant leader de fournitures pour animaux de compagnie et fournisseur OEM de produits pour animaux de compagnie","publisher":{"@id":"https:\/\/petproducts.com.cn\/#organization"},"alternateName":"Petstar Pet Supplies","potentialAction":[{"@type":"SearchAction","target":{"@type":"EntryPoint","urlTemplate":"https:\/\/petproducts.com.cn\/?s={search_term_string}"},"query-input":{"@type":"PropertyValueSpecification","valueRequired":true,"valueName":"search_term_string"}}],"inLanguage":"fr-FR"},{"@type":"Organization","@id":"https:\/\/petproducts.com.cn\/#organization","name":"Petstar","url":"https:\/\/petproducts.com.cn\/","logo":{"@type":"ImageObject","inLanguage":"fr-FR","@id":"https:\/\/petproducts.com.cn\/#\/schema\/logo\/image\/","url":"https:\/\/petproducts.com.cn\/wp-content\/uploads\/2020\/02\/petstar-logo.webp","contentUrl":"https:\/\/petproducts.com.cn\/wp-content\/uploads\/2020\/02\/petstar-logo.webp","width":779,"height":520,"caption":"Petstar"},"image":{"@id":"https:\/\/petproducts.com.cn\/#\/schema\/logo\/image\/"}}]}},"_links":{"self":[{"href":"https:\/\/petproducts.com.cn\/fr\/wp-json\/wp\/v2\/product\/35599","targetHints":{"allow":["GET"]}}],"collection":[{"href":"https:\/\/petproducts.com.cn\/fr\/wp-json\/wp\/v2\/product"}],"about":[{"href":"https:\/\/petproducts.com.cn\/fr\/wp-json\/wp\/v2\/types\/product"}],"version-history":[{"count":2,"href":"https:\/\/petproducts.com.cn\/fr\/wp-json\/wp\/v2\/product\/35599\/revisions"}],"predecessor-version":[{"id":35909,"href":"https:\/\/petproducts.com.cn\/fr\/wp-json\/wp\/v2\/product\/35599\/revisions\/35909"}],"wp:featuredmedia":[{"embeddable":true,"href":"https:\/\/petproducts.com.cn\/fr\/wp-json\/wp\/v2\/media\/35602"}],"wp:attachment":[{"href":"https:\/\/petproducts.com.cn\/fr\/wp-json\/wp\/v2\/media?parent=35599"}],"wp:term":[{"taxonomy":"product_brand","embeddable":true,"href":"https:\/\/petproducts.com.cn\/fr\/wp-json\/wp\/v2\/product_brand?post=35599"},{"taxonomy":"product_cat","embeddable":true,"href":"https:\/\/petproducts.com.cn\/fr\/wp-json\/wp\/v2\/product_cat?post=35599"},{"taxonomy":"product_tag","embeddable":true,"href":"https:\/\/petproducts.com.cn\/fr\/wp-json\/wp\/v2\/product_tag?post=35599"}],"curies":[{"name":"wp","href":"https:\/\/api.w.org\/{rel}","templated":true}]}}