{"id":6922,"date":"2023-08-29T07:23:33","date_gmt":"2023-08-29T07:23:33","guid":{"rendered":"https:\/\/petproducts.com.cn\/?post_type=product&#038;p=6922"},"modified":"2023-09-19T05:56:53","modified_gmt":"2023-09-19T05:56:53","slug":"soft-latex-dog-toysdog-toysdog-toysoft-latex-dog-toys","status":"publish","type":"product","link":"https:\/\/petproducts.com.cn\/fr\/product\/soft-latex-dog-toysdog-toysdog-toysoft-latex-dog-toys\/","title":{"rendered":"Le chien de latex joue la forme de pingouin de la meilleure qualit\u00e9 durable et molle"},"content":{"rendered":"<p>Oh, je vous pr\u00e9sente notre d\u00e9licieuse collection de jouets pour chiens pingouins en latex\u00a0! Ces jouets charmants et fantaisistes sont con\u00e7us pour apporter une joie et un amusement sans fin \u00e0 votre ami \u00e0 quatre pattes bien-aim\u00e9. Fabriqu\u00e9s avec le plus grand soin et pr\u00e9cision, ces jouets sont fabriqu\u00e9s \u00e0 partir de latex de haute qualit\u00e9, garantissant une exp\u00e9rience de jeu douce et douce pour les dents et les gencives de votre chien.<\/p>\n<p>Le design en forme de pingouin ajoute un \u00e9l\u00e9ment suppl\u00e9mentaire de plaisir et de gentillesse, capturant le c\u0153ur des chiens de toutes formes, tailles et races. Avec leur fonction grin\u00e7ante ludique, ces jouets offrent un divertissement interactif, incitant votre compagnon canin \u00e0 les poursuivre, les rapporter et les lancer.<\/p>\n<p>Que votre chien aime les jeux en int\u00e9rieur ou les aventures en plein air, nos jouets pour chiens pingouins en latex sont un choix parfait. Ils sont con\u00e7us pour r\u00e9sister \u00e0 un jeu vigoureux et sont tr\u00e8s durables, garantissant un plaisir et un divertissement durables. Regardez votre ami \u00e0 quatre pattes bondir, poursuivre et profiter de moments infinis de pur bonheur avec son nouveau compagnon de jeu pingouin.<\/p>\n<p>Nous accordons la priorit\u00e9 \u00e0 la s\u00e9curit\u00e9 et \u00e0 la satisfaction de votre animal de compagnie, c&#039;est pourquoi nos jouets pour chiens pingouins en latex sont soigneusement fabriqu\u00e9s avec des mat\u00e9riaux non toxiques et respectueux des animaux. Vous pouvez avoir l&#039;esprit tranquille en sachant que votre ami \u00e0 quatre pattes joue avec un jouet qui r\u00e9pond aux normes de qualit\u00e9 et de s\u00e9curit\u00e9 les plus \u00e9lev\u00e9es.<\/p>\n<p>Non seulement ces jouets pour chiens pingouins en latex garderont votre compagnon canin physiquement actif et stimul\u00e9 mentalement, mais ils constitueront \u00e9galement un compagnon r\u00e9confortant pendant les moments calmes. Votre chien adorera se blottir contre son adorable ami pingouin, trouvant confort et chaleur dans son corps doux et moelleux.<\/p>\n<p>Offrez \u00e0 votre membre de la famille \u00e0 quatre pattes des heures de jeu, de rire et de compagnie avec nos d\u00e9licieux jouets pour chien pingouin en latex. Offrez-leur un monde de plaisir aujourd&#039;hui et d\u00e9couvrez la pure joie que ces jouets apportent \u00e0 la vie de votre ami \u00e0 quatre pattes. Que les aventures dandinantes commencent !<\/p>\n<p>Produits pour animaux de compagnie Cie., Ltd de Hangzhou Tianyuan.<\/p>","protected":false},"excerpt":{"rendered":"<p>N&#039;h\u00e9sitez pas \u00e0 le personnaliser davantage en fonction de vos besoins sp\u00e9cifiques<\/p>","protected":false},"featured_media":6930,"template":"","meta":{"_acf_changed":false},"product_brand":[],"product_cat":[48],"product_tag":[85],"class_list":{"0":"post-6922","1":"product","2":"type-product","3":"status-publish","4":"has-post-thumbnail","6":"product_cat-dog-toys","7":"product_tag-dog-toys","9":"first","10":"onbackorder","11":"shipping-taxable","12":"product-type-simple"},"acf":[],"yoast_head":"<!-- This site is optimized with the Yoast SEO plugin v27.1.1 - https:\/\/yoast.com\/product\/yoast-seo-wordpress\/ -->\n<title>Latex Dog Toys Premium Penguin Shape Durable And Soft - Petstar<\/title>\n<meta name=\"description\" content=\"Shop now for high-quality latex dog toys from China&#039;s top toy factory. Squeaky balls, animal shapes, and more. Keep your furry friends happy! Shop today!\" \/>\n<meta name=\"robots\" content=\"index, follow, max-snippet:-1, max-image-preview:large, max-video-preview:-1\" \/>\n<link rel=\"canonical\" href=\"https:\/\/petproducts.com.cn\/fr\/produit\/soft-latex-dog-toysdog-toysdog-toysoft-latex-dog-toys\/\" \/>\n<meta property=\"og:locale\" content=\"fr_FR\" \/>\n<meta property=\"og:type\" content=\"article\" \/>\n<meta property=\"og:title\" content=\"Latex Dog Toys Premium Penguin Shape Durable And Soft - Petstar\" \/>\n<meta property=\"og:description\" content=\"Shop now for high-quality latex dog toys from China&#039;s top toy factory. Squeaky balls, animal shapes, and more. Keep your furry friends happy! Shop today!\" \/>\n<meta property=\"og:url\" content=\"https:\/\/petproducts.com.cn\/fr\/produit\/soft-latex-dog-toysdog-toysdog-toysoft-latex-dog-toys\/\" \/>\n<meta property=\"og:site_name\" content=\"Petstar\" \/>\n<meta property=\"article:modified_time\" content=\"2023-09-19T05:56:53+00:00\" \/>\n<meta property=\"og:image\" content=\"https:\/\/petproducts.com.cn\/wp-content\/uploads\/2023\/08\/YT124351-.webp\" \/>\n\t<meta property=\"og:image:width\" content=\"801\" \/>\n\t<meta property=\"og:image:height\" content=\"801\" \/>\n\t<meta property=\"og:image:type\" content=\"image\/webp\" \/>\n<meta name=\"twitter:card\" content=\"summary_large_image\" \/>\n<meta name=\"twitter:label1\" content=\"Dur\u00e9e de lecture estim\u00e9e\" \/>\n\t<meta name=\"twitter:data1\" content=\"2 minutes\" \/>\n<script type=\"application\/ld+json\" class=\"yoast-schema-graph\">{\"@context\":\"https:\/\/schema.org\",\"@graph\":[{\"@type\":\"WebPage\",\"@id\":\"https:\/\/petproducts.com.cn\/product\/soft-latex-dog-toysdog-toysdog-toysoft-latex-dog-toys\/\",\"url\":\"https:\/\/petproducts.com.cn\/product\/soft-latex-dog-toysdog-toysdog-toysoft-latex-dog-toys\/\",\"name\":\"Latex Dog Toys Premium Penguin Shape Durable And Soft - Petstar\",\"isPartOf\":{\"@id\":\"https:\/\/petproducts.com.cn\/#website\"},\"primaryImageOfPage\":{\"@id\":\"https:\/\/petproducts.com.cn\/product\/soft-latex-dog-toysdog-toysdog-toysoft-latex-dog-toys\/#primaryimage\"},\"image\":{\"@id\":\"https:\/\/petproducts.com.cn\/product\/soft-latex-dog-toysdog-toysdog-toysoft-latex-dog-toys\/#primaryimage\"},\"thumbnailUrl\":\"https:\/\/petproducts.com.cn\/wp-content\/uploads\/2023\/08\/YT124351-.webp\",\"datePublished\":\"2023-08-29T07:23:33+00:00\",\"dateModified\":\"2023-09-19T05:56:53+00:00\",\"description\":\"Shop now for high-quality latex dog toys from China's top toy factory. Squeaky balls, animal shapes, and more. Keep your furry friends happy! Shop today!\",\"breadcrumb\":{\"@id\":\"https:\/\/petproducts.com.cn\/product\/soft-latex-dog-toysdog-toysdog-toysoft-latex-dog-toys\/#breadcrumb\"},\"inLanguage\":\"fr-FR\",\"potentialAction\":[{\"@type\":\"ReadAction\",\"target\":[\"https:\/\/petproducts.com.cn\/product\/soft-latex-dog-toysdog-toysdog-toysoft-latex-dog-toys\/\"]}]},{\"@type\":\"ImageObject\",\"inLanguage\":\"fr-FR\",\"@id\":\"https:\/\/petproducts.com.cn\/product\/soft-latex-dog-toysdog-toysdog-toysoft-latex-dog-toys\/#primaryimage\",\"url\":\"https:\/\/petproducts.com.cn\/wp-content\/uploads\/2023\/08\/YT124351-.webp\",\"contentUrl\":\"https:\/\/petproducts.com.cn\/wp-content\/uploads\/2023\/08\/YT124351-.webp\",\"width\":801,\"height\":801,\"caption\":\"latex penguin dog toys\"},{\"@type\":\"BreadcrumbList\",\"@id\":\"https:\/\/petproducts.com.cn\/product\/soft-latex-dog-toysdog-toysdog-toysoft-latex-dog-toys\/#breadcrumb\",\"itemListElement\":[{\"@type\":\"ListItem\",\"position\":1,\"name\":\"HOME\",\"item\":\"https:\/\/petproducts.com.cn\/\"},{\"@type\":\"ListItem\",\"position\":2,\"name\":\"Products\",\"item\":\"https:\/\/petproducts.com.cn\/shop\/\"},{\"@type\":\"ListItem\",\"position\":3,\"name\":\"Dog Toys\",\"item\":\"https:\/\/petproducts.com.cn\/product-category\/dog-toys\/\"},{\"@type\":\"ListItem\",\"position\":4,\"name\":\"Latex Dog Toys Premium Penguin Shape Durable And Soft\"}]},{\"@type\":\"WebSite\",\"@id\":\"https:\/\/petproducts.com.cn\/#website\",\"url\":\"https:\/\/petproducts.com.cn\/\",\"name\":\"Petstar\",\"description\":\"Leading Pet Supplies Manufacturer &amp; OEM Pet Products Supplier\",\"publisher\":{\"@id\":\"https:\/\/petproducts.com.cn\/#organization\"},\"alternateName\":\"Petstar Pet Supplies\",\"potentialAction\":[{\"@type\":\"SearchAction\",\"target\":{\"@type\":\"EntryPoint\",\"urlTemplate\":\"https:\/\/petproducts.com.cn\/?s={search_term_string}\"},\"query-input\":{\"@type\":\"PropertyValueSpecification\",\"valueRequired\":true,\"valueName\":\"search_term_string\"}}],\"inLanguage\":\"fr-FR\"},{\"@type\":\"Organization\",\"@id\":\"https:\/\/petproducts.com.cn\/#organization\",\"name\":\"Petstar\",\"url\":\"https:\/\/petproducts.com.cn\/\",\"logo\":{\"@type\":\"ImageObject\",\"inLanguage\":\"fr-FR\",\"@id\":\"https:\/\/petproducts.com.cn\/#\/schema\/logo\/image\/\",\"url\":\"https:\/\/petproducts.com.cn\/wp-content\/uploads\/2020\/02\/petstar-logo.webp\",\"contentUrl\":\"https:\/\/petproducts.com.cn\/wp-content\/uploads\/2020\/02\/petstar-logo.webp\",\"width\":779,\"height\":520,\"caption\":\"Petstar\"},\"image\":{\"@id\":\"https:\/\/petproducts.com.cn\/#\/schema\/logo\/image\/\"}}]}<\/script>\n<!-- \/ Yoast SEO plugin. -->","yoast_head_json":{"title":"Jouets pour chiens en latex en forme de pingouin de qualit\u00e9 sup\u00e9rieure, durables et doux - Petstar","description":"Achetez maintenant des jouets pour chiens en latex de haute qualit\u00e9 provenant de la plus grande usine de jouets de Chine. Balles grin\u00e7antes, formes d&#039;animaux et bien plus encore. Faites plaisir \u00e0 vos amis \u00e0 quatre pattes\u00a0! Achetez d\u00e8s aujourd&#039;hui\u00a0!","robots":{"index":"index","follow":"follow","max-snippet":"max-snippet:-1","max-image-preview":"max-image-preview:large","max-video-preview":"max-video-preview:-1"},"canonical":"https:\/\/petproducts.com.cn\/fr\/produit\/soft-latex-dog-toysdog-toysdog-toysoft-latex-dog-toys\/","og_locale":"fr_FR","og_type":"article","og_title":"Latex Dog Toys Premium Penguin Shape Durable And Soft - Petstar","og_description":"Shop now for high-quality latex dog toys from China's top toy factory. Squeaky balls, animal shapes, and more. Keep your furry friends happy! Shop today!","og_url":"https:\/\/petproducts.com.cn\/fr\/produit\/soft-latex-dog-toysdog-toysdog-toysoft-latex-dog-toys\/","og_site_name":"Petstar","article_modified_time":"2023-09-19T05:56:53+00:00","og_image":[{"width":801,"height":801,"url":"https:\/\/petproducts.com.cn\/wp-content\/uploads\/2023\/08\/YT124351-.webp","type":"image\/webp"}],"twitter_card":"summary_large_image","twitter_misc":{"Dur\u00e9e de lecture estim\u00e9e":"2 minutes"},"schema":{"@context":"https:\/\/schema.org","@graph":[{"@type":"WebPage","@id":"https:\/\/petproducts.com.cn\/product\/soft-latex-dog-toysdog-toysdog-toysoft-latex-dog-toys\/","url":"https:\/\/petproducts.com.cn\/product\/soft-latex-dog-toysdog-toysdog-toysoft-latex-dog-toys\/","name":"Jouets pour chiens en latex en forme de pingouin de qualit\u00e9 sup\u00e9rieure, durables et doux - Petstar","isPartOf":{"@id":"https:\/\/petproducts.com.cn\/#website"},"primaryImageOfPage":{"@id":"https:\/\/petproducts.com.cn\/product\/soft-latex-dog-toysdog-toysdog-toysoft-latex-dog-toys\/#primaryimage"},"image":{"@id":"https:\/\/petproducts.com.cn\/product\/soft-latex-dog-toysdog-toysdog-toysoft-latex-dog-toys\/#primaryimage"},"thumbnailUrl":"https:\/\/petproducts.com.cn\/wp-content\/uploads\/2023\/08\/YT124351-.webp","datePublished":"2023-08-29T07:23:33+00:00","dateModified":"2023-09-19T05:56:53+00:00","description":"Achetez maintenant des jouets pour chiens en latex de haute qualit\u00e9 provenant de la plus grande usine de jouets de Chine. Balles grin\u00e7antes, formes d&#039;animaux et bien plus encore. Faites plaisir \u00e0 vos amis \u00e0 quatre pattes\u00a0! Achetez d\u00e8s aujourd&#039;hui\u00a0!","breadcrumb":{"@id":"https:\/\/petproducts.com.cn\/product\/soft-latex-dog-toysdog-toysdog-toysoft-latex-dog-toys\/#breadcrumb"},"inLanguage":"fr-FR","potentialAction":[{"@type":"ReadAction","target":["https:\/\/petproducts.com.cn\/product\/soft-latex-dog-toysdog-toysdog-toysoft-latex-dog-toys\/"]}]},{"@type":"ImageObject","inLanguage":"fr-FR","@id":"https:\/\/petproducts.com.cn\/product\/soft-latex-dog-toysdog-toysdog-toysoft-latex-dog-toys\/#primaryimage","url":"https:\/\/petproducts.com.cn\/wp-content\/uploads\/2023\/08\/YT124351-.webp","contentUrl":"https:\/\/petproducts.com.cn\/wp-content\/uploads\/2023\/08\/YT124351-.webp","width":801,"height":801,"caption":"latex penguin dog toys"},{"@type":"BreadcrumbList","@id":"https:\/\/petproducts.com.cn\/product\/soft-latex-dog-toysdog-toysdog-toysoft-latex-dog-toys\/#breadcrumb","itemListElement":[{"@type":"ListItem","position":1,"name":"HOME","item":"https:\/\/petproducts.com.cn\/"},{"@type":"ListItem","position":2,"name":"Products","item":"https:\/\/petproducts.com.cn\/shop\/"},{"@type":"ListItem","position":3,"name":"Dog Toys","item":"https:\/\/petproducts.com.cn\/product-category\/dog-toys\/"},{"@type":"ListItem","position":4,"name":"Latex Dog Toys Premium Penguin Shape Durable And Soft"}]},{"@type":"WebSite","@id":"https:\/\/petproducts.com.cn\/#website","url":"https:\/\/petproducts.com.cn\/","name":"Petstar","description":"Fabricant leader de fournitures pour animaux de compagnie et fournisseur OEM de produits pour animaux de compagnie","publisher":{"@id":"https:\/\/petproducts.com.cn\/#organization"},"alternateName":"Petstar Pet Supplies","potentialAction":[{"@type":"SearchAction","target":{"@type":"EntryPoint","urlTemplate":"https:\/\/petproducts.com.cn\/?s={search_term_string}"},"query-input":{"@type":"PropertyValueSpecification","valueRequired":true,"valueName":"search_term_string"}}],"inLanguage":"fr-FR"},{"@type":"Organization","@id":"https:\/\/petproducts.com.cn\/#organization","name":"Petstar","url":"https:\/\/petproducts.com.cn\/","logo":{"@type":"ImageObject","inLanguage":"fr-FR","@id":"https:\/\/petproducts.com.cn\/#\/schema\/logo\/image\/","url":"https:\/\/petproducts.com.cn\/wp-content\/uploads\/2020\/02\/petstar-logo.webp","contentUrl":"https:\/\/petproducts.com.cn\/wp-content\/uploads\/2020\/02\/petstar-logo.webp","width":779,"height":520,"caption":"Petstar"},"image":{"@id":"https:\/\/petproducts.com.cn\/#\/schema\/logo\/image\/"}}]}},"_links":{"self":[{"href":"https:\/\/petproducts.com.cn\/fr\/wp-json\/wp\/v2\/product\/6922","targetHints":{"allow":["GET"]}}],"collection":[{"href":"https:\/\/petproducts.com.cn\/fr\/wp-json\/wp\/v2\/product"}],"about":[{"href":"https:\/\/petproducts.com.cn\/fr\/wp-json\/wp\/v2\/types\/product"}],"version-history":[{"count":2,"href":"https:\/\/petproducts.com.cn\/fr\/wp-json\/wp\/v2\/product\/6922\/revisions"}],"predecessor-version":[{"id":6942,"href":"https:\/\/petproducts.com.cn\/fr\/wp-json\/wp\/v2\/product\/6922\/revisions\/6942"}],"wp:featuredmedia":[{"embeddable":true,"href":"https:\/\/petproducts.com.cn\/fr\/wp-json\/wp\/v2\/media\/6930"}],"wp:attachment":[{"href":"https:\/\/petproducts.com.cn\/fr\/wp-json\/wp\/v2\/media?parent=6922"}],"wp:term":[{"taxonomy":"product_brand","embeddable":true,"href":"https:\/\/petproducts.com.cn\/fr\/wp-json\/wp\/v2\/product_brand?post=6922"},{"taxonomy":"product_cat","embeddable":true,"href":"https:\/\/petproducts.com.cn\/fr\/wp-json\/wp\/v2\/product_cat?post=6922"},{"taxonomy":"product_tag","embeddable":true,"href":"https:\/\/petproducts.com.cn\/fr\/wp-json\/wp\/v2\/product_tag?post=6922"}],"curies":[{"name":"wp","href":"https:\/\/api.w.org\/{rel}","templated":true}]}}