{"id":8251,"date":"2023-09-07T09:10:26","date_gmt":"2023-09-07T09:10:26","guid":{"rendered":"https:\/\/petproducts.com.cn\/?post_type=product&#038;p=8251"},"modified":"2023-09-22T02:59:35","modified_gmt":"2023-09-22T02:59:35","slug":"tpr-dog-toy-wholesale-fetch-dog-ring-toss-toy","status":"publish","type":"product","link":"https:\/\/petproducts.com.cn\/fr\/product\/tpr-dog-toy-wholesale-fetch-dog-ring-toss-toy\/","title":{"rendered":"Jouet pour chien Tpr Wholesale Fetch Dog Ring Toss Toy"},"content":{"rendered":"<div id='gallery-1' class='gallery galleryid-8251 gallery-columns-5 gallery-size-thumbnail'><figure class='gallery-item'>\n\t\t\t<div class='gallery-icon landscape'>\n\t\t\t\t<a href='https:\/\/petproducts.com.cn\/fr\/?attachment_id=8259'><img decoding=\"async\" width=\"150\" height=\"150\" src=\"https:\/\/petproducts.com.cn\/wp-content\/uploads\/2023\/09\/DSC9956--150x150.webp\" class=\"attachment-thumbnail size-thumbnail\" alt=\"\" aria-describedby=\"gallery-1-8259\" srcset=\"https:\/\/petproducts.com.cn\/wp-content\/uploads\/2023\/09\/DSC9956--150x150.webp 150w, https:\/\/petproducts.com.cn\/wp-content\/uploads\/2023\/09\/DSC9956--300x300.webp 300w, https:\/\/petproducts.com.cn\/wp-content\/uploads\/2023\/09\/DSC9956--768x768.webp 768w, https:\/\/petproducts.com.cn\/wp-content\/uploads\/2023\/09\/DSC9956--600x600.webp 600w, https:\/\/petproducts.com.cn\/wp-content\/uploads\/2023\/09\/DSC9956--100x100.webp 100w, https:\/\/petproducts.com.cn\/wp-content\/uploads\/2023\/09\/DSC9956-.webp 1000w\" sizes=\"(max-width: 150px) 100vw, 150px\" \/><\/a>\n\t\t\t<\/div>\n\t\t\t\t<figcaption class='wp-caption-text gallery-caption' id='gallery-1-8259'>\n\t\t\t\tjouets \u00e0 lancer pour chiens\n\t\t\t\t<\/figcaption><\/figure><figure class='gallery-item'>\n\t\t\t<div class='gallery-icon landscape'>\n\t\t\t\t<a href='https:\/\/petproducts.com.cn\/fr\/?attachment_id=8260'><img decoding=\"async\" width=\"150\" height=\"150\" src=\"https:\/\/petproducts.com.cn\/wp-content\/uploads\/2023\/09\/DSC9985--150x150.webp\" class=\"attachment-thumbnail size-thumbnail\" alt=\"\" aria-describedby=\"gallery-1-8260\" srcset=\"https:\/\/petproducts.com.cn\/wp-content\/uploads\/2023\/09\/DSC9985--150x150.webp 150w, https:\/\/petproducts.com.cn\/wp-content\/uploads\/2023\/09\/DSC9985--300x300.webp 300w, https:\/\/petproducts.com.cn\/wp-content\/uploads\/2023\/09\/DSC9985--768x768.webp 768w, https:\/\/petproducts.com.cn\/wp-content\/uploads\/2023\/09\/DSC9985--600x600.webp 600w, https:\/\/petproducts.com.cn\/wp-content\/uploads\/2023\/09\/DSC9985--100x100.webp 100w, https:\/\/petproducts.com.cn\/wp-content\/uploads\/2023\/09\/DSC9985-.webp 1000w\" sizes=\"(max-width: 150px) 100vw, 150px\" \/><\/a>\n\t\t\t<\/div>\n\t\t\t\t<figcaption class='wp-caption-text gallery-caption' id='gallery-1-8260'>\n\t\t\t\tjouet vert pour chien\n\t\t\t\t<\/figcaption><\/figure><figure class='gallery-item'>\n\t\t\t<div class='gallery-icon landscape'>\n\t\t\t\t<a href='https:\/\/petproducts.com.cn\/fr\/?attachment_id=8261'><img decoding=\"async\" width=\"150\" height=\"150\" src=\"https:\/\/petproducts.com.cn\/wp-content\/uploads\/2023\/09\/DSC9986--150x150.webp\" class=\"attachment-thumbnail size-thumbnail\" alt=\"\" aria-describedby=\"gallery-1-8261\" srcset=\"https:\/\/petproducts.com.cn\/wp-content\/uploads\/2023\/09\/DSC9986--150x150.webp 150w, https:\/\/petproducts.com.cn\/wp-content\/uploads\/2023\/09\/DSC9986--300x300.webp 300w, https:\/\/petproducts.com.cn\/wp-content\/uploads\/2023\/09\/DSC9986--768x768.webp 768w, https:\/\/petproducts.com.cn\/wp-content\/uploads\/2023\/09\/DSC9986--600x600.webp 600w, https:\/\/petproducts.com.cn\/wp-content\/uploads\/2023\/09\/DSC9986--100x100.webp 100w, https:\/\/petproducts.com.cn\/wp-content\/uploads\/2023\/09\/DSC9986-.webp 1000w\" sizes=\"(max-width: 150px) 100vw, 150px\" \/><\/a>\n\t\t\t<\/div>\n\t\t\t\t<figcaption class='wp-caption-text gallery-caption' id='gallery-1-8261'>\n\t\t\t\tjouets pour chiens\n\t\t\t\t<\/figcaption><\/figure><figure class='gallery-item'>\n\t\t\t<div class='gallery-icon landscape'>\n\t\t\t\t<a href='https:\/\/petproducts.com.cn\/fr\/?attachment_id=8262'><img loading=\"lazy\" decoding=\"async\" width=\"150\" height=\"150\" src=\"https:\/\/petproducts.com.cn\/wp-content\/uploads\/2023\/09\/DSC9991--150x150.webp\" class=\"attachment-thumbnail size-thumbnail\" alt=\"\" aria-describedby=\"gallery-1-8262\" srcset=\"https:\/\/petproducts.com.cn\/wp-content\/uploads\/2023\/09\/DSC9991--150x150.webp 150w, https:\/\/petproducts.com.cn\/wp-content\/uploads\/2023\/09\/DSC9991--300x300.webp 300w, https:\/\/petproducts.com.cn\/wp-content\/uploads\/2023\/09\/DSC9991--768x768.webp 768w, https:\/\/petproducts.com.cn\/wp-content\/uploads\/2023\/09\/DSC9991--600x600.webp 600w, https:\/\/petproducts.com.cn\/wp-content\/uploads\/2023\/09\/DSC9991--100x100.webp 100w, https:\/\/petproducts.com.cn\/wp-content\/uploads\/2023\/09\/DSC9991-.webp 1000w\" sizes=\"(max-width: 150px) 100vw, 150px\" \/><\/a>\n\t\t\t<\/div>\n\t\t\t\t<figcaption class='wp-caption-text gallery-caption' id='gallery-1-8262'>\n\t\t\t\tjouet \u00e0 m\u00e2cher vert pour chien\n\t\t\t\t<\/figcaption><\/figure><figure class='gallery-item'>\n\t\t\t<div class='gallery-icon landscape'>\n\t\t\t\t<a href='https:\/\/petproducts.com.cn\/fr\/?attachment_id=8263'><img loading=\"lazy\" decoding=\"async\" width=\"150\" height=\"150\" src=\"https:\/\/petproducts.com.cn\/wp-content\/uploads\/2023\/09\/DSC9992--150x150.webp\" class=\"attachment-thumbnail size-thumbnail\" alt=\"\" aria-describedby=\"gallery-1-8263\" srcset=\"https:\/\/petproducts.com.cn\/wp-content\/uploads\/2023\/09\/DSC9992--150x150.webp 150w, https:\/\/petproducts.com.cn\/wp-content\/uploads\/2023\/09\/DSC9992--300x300.webp 300w, https:\/\/petproducts.com.cn\/wp-content\/uploads\/2023\/09\/DSC9992--768x768.webp 768w, https:\/\/petproducts.com.cn\/wp-content\/uploads\/2023\/09\/DSC9992--600x600.webp 600w, https:\/\/petproducts.com.cn\/wp-content\/uploads\/2023\/09\/DSC9992--100x100.webp 100w, https:\/\/petproducts.com.cn\/wp-content\/uploads\/2023\/09\/DSC9992-.webp 1000w\" sizes=\"(max-width: 150px) 100vw, 150px\" \/><\/a>\n\t\t\t<\/div>\n\t\t\t\t<figcaption class='wp-caption-text gallery-caption' id='gallery-1-8263'>\n\t\t\t\tjouet de lancer d'anneau pour chien\n\t\t\t\t<\/figcaption><\/figure>\n\t\t<\/div>\n\n<h2>Petstar : Jouet pour chien en TPR en gros - Jouet de lancer d'anneau pour chien Fetch<\/h2>\n<p>Vous \u00eates \u00e0 la recherche d'un jouet pour chien en gros TPR qui amusera les chiens pendant des heures ? Ne cherchez pas plus loin que le jouet Fetch Dog Ring Toss de Petstar. Ce jouet innovant et durable est parfait pour les chiens qui aiment aller chercher et jouer \u00e0 des jeux interactifs.<\/p>\n<p>1) Mat\u00e9riau TPR : Notre jouet Fetch Dog Ring Toss est fabriqu\u00e9 \u00e0 partir d'un mat\u00e9riau TPR (caoutchouc thermoplastique) de haute qualit\u00e9, connu pour sa durabilit\u00e9 et sa flexibilit\u00e9. Il peut r\u00e9sister aux m\u00e2cheurs les plus coriaces et offre des moments de jeu de longue dur\u00e9e.<\/p>\n<p>2. plaisir interactif : Le jouet Fetch Dog Ring Toss est con\u00e7u pour un jeu interactif. Il vous permet de lancer l'anneau et votre compagnon \u00e0 quatre pattes peut vous le rapporter. Il fournit une stimulation mentale et renforce le lien entre vous et votre chien.<\/p>\n<p>3. utilisation polyvalente : ce jouet pour chien en TPR convient aussi bien aux jeux d'int\u00e9rieur qu'aux jeux d'ext\u00e9rieur. Qu'il s'agisse d'une partie de fetch dans le jardin ou d'une activit\u00e9 amusante dans le parc, le jouet Fetch Dog Ring Toss gardera votre chien actif et engag\u00e9.<\/p>\n<p>4. favorise la sant\u00e9 dentaire : La surface textur\u00e9e du mat\u00e9riau TPR aide \u00e0 masser les gencives de votre chien et \u00e0 nettoyer ses dents lorsqu'il m\u00e2che et joue avec le jouet. Il aide \u00e0 r\u00e9duire l'accumulation de plaque et de tartre, ce qui favorise une bonne sant\u00e9 bucco-dentaire.<\/p>\n<p>5. possibilit\u00e9s de vente en gros : Petstar propose des options de vente en gros de jouets pour chiens aux entreprises telles que les grossistes, les d\u00e9taillants et les plateformes de commerce \u00e9lectronique. En vous associant \u00e0 nous, vous fournirez \u00e0 vos clients des jouets pour chiens en TPR de haute qualit\u00e9 qui ne manqueront pas de faire fureur.<\/p>\n<p>Si vous cherchez \u00e0 \u00e9largir votre gamme de produits pour animaux de compagnie, pensez \u00e0 ajouter notre jouet Fetch Dog Ring Toss \u00e0 votre inventaire. Contactez Petstar d\u00e8s aujourd'hui pour discuter des possibilit\u00e9s de vente en gros et offrir \u00e0 vos clients un jouet pour chien en TPR passionnant et durable.<\/p>","protected":false},"excerpt":{"rendered":"<p>Nous sommes un fabricant de jouets \u00e0 m\u00e2cher en caoutchouc pour chiens avec plus de 20 ans d'exp\u00e9rience. Nous offrons des options de personnalisation pour la couleur, la taille, le tissu, le motif, le logo et d'autres caract\u00e9ristiques.<\/p>","protected":false},"featured_media":8252,"template":"","meta":{"_acf_changed":false},"product_brand":[],"product_cat":[72,48],"product_tag":[85],"class_list":{"0":"post-8251","1":"product","2":"type-product","3":"status-publish","4":"has-post-thumbnail","6":"product_cat-dog-supplies","7":"product_cat-dog-toys","8":"product_tag-dog-toys","10":"first","11":"instock","12":"shipping-taxable","13":"product-type-simple"},"acf":[],"yoast_head":"<!-- This site is optimized with the Yoast SEO plugin v27.1.1 - https:\/\/yoast.com\/product\/yoast-seo-wordpress\/ -->\n<title>Tpr Dog Toy Wholesale Fetch Dog Ring Toss Toy - Petstar<\/title>\n<meta name=\"description\" content=\"tpr dog toy manufaturer,we have over 20 years of manufacturing experience in the pet products,more than 8,000 pet accessories in various range.\" \/>\n<meta name=\"robots\" content=\"index, follow, max-snippet:-1, max-image-preview:large, max-video-preview:-1\" \/>\n<link rel=\"canonical\" href=\"https:\/\/petproducts.com.cn\/fr\/produit\/tpr-dog-toy-wholesale-fetch-dog-ring-toss-toy\/\" \/>\n<meta property=\"og:locale\" content=\"fr_FR\" \/>\n<meta property=\"og:type\" content=\"article\" \/>\n<meta property=\"og:title\" content=\"Tpr Dog Toy Wholesale Fetch Dog Ring Toss Toy - Petstar\" \/>\n<meta property=\"og:description\" content=\"tpr dog toy manufaturer,we have over 20 years of manufacturing experience in the pet products,more than 8,000 pet accessories in various range.\" \/>\n<meta property=\"og:url\" content=\"https:\/\/petproducts.com.cn\/fr\/produit\/tpr-dog-toy-wholesale-fetch-dog-ring-toss-toy\/\" \/>\n<meta property=\"og:site_name\" content=\"Petstar\" \/>\n<meta property=\"article:modified_time\" content=\"2023-09-22T02:59:35+00:00\" \/>\n<meta property=\"og:image\" content=\"https:\/\/petproducts.com.cn\/wp-content\/uploads\/2023\/09\/YT124454-.webp\" \/>\n\t<meta property=\"og:image:width\" content=\"800\" \/>\n\t<meta property=\"og:image:height\" content=\"800\" \/>\n\t<meta property=\"og:image:type\" content=\"image\/webp\" \/>\n<meta name=\"twitter:card\" content=\"summary_large_image\" \/>\n<meta name=\"twitter:label1\" content=\"Dur\u00e9e de lecture estim\u00e9e\" \/>\n\t<meta name=\"twitter:data1\" content=\"2 minutes\" \/>\n<script type=\"application\/ld+json\" class=\"yoast-schema-graph\">{\"@context\":\"https:\/\/schema.org\",\"@graph\":[{\"@type\":\"WebPage\",\"@id\":\"https:\/\/petproducts.com.cn\/product\/tpr-dog-toy-wholesale-fetch-dog-ring-toss-toy\/\",\"url\":\"https:\/\/petproducts.com.cn\/product\/tpr-dog-toy-wholesale-fetch-dog-ring-toss-toy\/\",\"name\":\"Tpr Dog Toy Wholesale Fetch Dog Ring Toss Toy - Petstar\",\"isPartOf\":{\"@id\":\"https:\/\/petproducts.com.cn\/#website\"},\"primaryImageOfPage\":{\"@id\":\"https:\/\/petproducts.com.cn\/product\/tpr-dog-toy-wholesale-fetch-dog-ring-toss-toy\/#primaryimage\"},\"image\":{\"@id\":\"https:\/\/petproducts.com.cn\/product\/tpr-dog-toy-wholesale-fetch-dog-ring-toss-toy\/#primaryimage\"},\"thumbnailUrl\":\"https:\/\/petproducts.com.cn\/wp-content\/uploads\/2023\/09\/YT124454-.webp\",\"datePublished\":\"2023-09-07T09:10:26+00:00\",\"dateModified\":\"2023-09-22T02:59:35+00:00\",\"description\":\"tpr dog toy manufaturer,we have over 20 years of manufacturing experience in the pet products,more than 8,000 pet accessories in various range.\",\"breadcrumb\":{\"@id\":\"https:\/\/petproducts.com.cn\/product\/tpr-dog-toy-wholesale-fetch-dog-ring-toss-toy\/#breadcrumb\"},\"inLanguage\":\"fr-FR\",\"potentialAction\":[{\"@type\":\"ReadAction\",\"target\":[\"https:\/\/petproducts.com.cn\/product\/tpr-dog-toy-wholesale-fetch-dog-ring-toss-toy\/\"]}]},{\"@type\":\"ImageObject\",\"inLanguage\":\"fr-FR\",\"@id\":\"https:\/\/petproducts.com.cn\/product\/tpr-dog-toy-wholesale-fetch-dog-ring-toss-toy\/#primaryimage\",\"url\":\"https:\/\/petproducts.com.cn\/wp-content\/uploads\/2023\/09\/YT124454-.webp\",\"contentUrl\":\"https:\/\/petproducts.com.cn\/wp-content\/uploads\/2023\/09\/YT124454-.webp\",\"width\":800,\"height\":800,\"caption\":\"tpr dog toy\"},{\"@type\":\"BreadcrumbList\",\"@id\":\"https:\/\/petproducts.com.cn\/product\/tpr-dog-toy-wholesale-fetch-dog-ring-toss-toy\/#breadcrumb\",\"itemListElement\":[{\"@type\":\"ListItem\",\"position\":1,\"name\":\"HOME\",\"item\":\"https:\/\/petproducts.com.cn\/\"},{\"@type\":\"ListItem\",\"position\":2,\"name\":\"Products\",\"item\":\"https:\/\/petproducts.com.cn\/shop\/\"},{\"@type\":\"ListItem\",\"position\":3,\"name\":\"Dog Toys\",\"item\":\"https:\/\/petproducts.com.cn\/product-category\/dog-toys\/\"},{\"@type\":\"ListItem\",\"position\":4,\"name\":\"Tpr Dog Toy Wholesale Fetch Dog Ring Toss Toy\"}]},{\"@type\":\"WebSite\",\"@id\":\"https:\/\/petproducts.com.cn\/#website\",\"url\":\"https:\/\/petproducts.com.cn\/\",\"name\":\"Petstar\",\"description\":\"Leading Pet Supplies Manufacturer &amp; OEM Pet Products Supplier\",\"publisher\":{\"@id\":\"https:\/\/petproducts.com.cn\/#organization\"},\"alternateName\":\"Petstar Pet Supplies\",\"potentialAction\":[{\"@type\":\"SearchAction\",\"target\":{\"@type\":\"EntryPoint\",\"urlTemplate\":\"https:\/\/petproducts.com.cn\/?s={search_term_string}\"},\"query-input\":{\"@type\":\"PropertyValueSpecification\",\"valueRequired\":true,\"valueName\":\"search_term_string\"}}],\"inLanguage\":\"fr-FR\"},{\"@type\":\"Organization\",\"@id\":\"https:\/\/petproducts.com.cn\/#organization\",\"name\":\"Petstar\",\"url\":\"https:\/\/petproducts.com.cn\/\",\"logo\":{\"@type\":\"ImageObject\",\"inLanguage\":\"fr-FR\",\"@id\":\"https:\/\/petproducts.com.cn\/#\/schema\/logo\/image\/\",\"url\":\"https:\/\/petproducts.com.cn\/wp-content\/uploads\/2020\/02\/petstar-logo.webp\",\"contentUrl\":\"https:\/\/petproducts.com.cn\/wp-content\/uploads\/2020\/02\/petstar-logo.webp\",\"width\":779,\"height\":520,\"caption\":\"Petstar\"},\"image\":{\"@id\":\"https:\/\/petproducts.com.cn\/#\/schema\/logo\/image\/\"}}]}<\/script>\n<!-- \/ Yoast SEO plugin. -->","yoast_head_json":{"title":"Jouet pour chien Tpr Wholesale Fetch Dog Ring Toss Toy - Petstar","description":"Fabricant de jouets pour chiens, nous avons plus de 20 ans d'exp\u00e9rience dans la fabrication de produits pour animaux de compagnie, plus de 8 000 accessoires pour animaux de compagnie dans diff\u00e9rentes gammes.","robots":{"index":"index","follow":"follow","max-snippet":"max-snippet:-1","max-image-preview":"max-image-preview:large","max-video-preview":"max-video-preview:-1"},"canonical":"https:\/\/petproducts.com.cn\/fr\/produit\/tpr-dog-toy-wholesale-fetch-dog-ring-toss-toy\/","og_locale":"fr_FR","og_type":"article","og_title":"Tpr Dog Toy Wholesale Fetch Dog Ring Toss Toy - Petstar","og_description":"tpr dog toy manufaturer,we have over 20 years of manufacturing experience in the pet products,more than 8,000 pet accessories in various range.","og_url":"https:\/\/petproducts.com.cn\/fr\/produit\/tpr-dog-toy-wholesale-fetch-dog-ring-toss-toy\/","og_site_name":"Petstar","article_modified_time":"2023-09-22T02:59:35+00:00","og_image":[{"width":800,"height":800,"url":"https:\/\/petproducts.com.cn\/wp-content\/uploads\/2023\/09\/YT124454-.webp","type":"image\/webp"}],"twitter_card":"summary_large_image","twitter_misc":{"Dur\u00e9e de lecture estim\u00e9e":"2 minutes"},"schema":{"@context":"https:\/\/schema.org","@graph":[{"@type":"WebPage","@id":"https:\/\/petproducts.com.cn\/product\/tpr-dog-toy-wholesale-fetch-dog-ring-toss-toy\/","url":"https:\/\/petproducts.com.cn\/product\/tpr-dog-toy-wholesale-fetch-dog-ring-toss-toy\/","name":"Jouet pour chien Tpr Wholesale Fetch Dog Ring Toss Toy - Petstar","isPartOf":{"@id":"https:\/\/petproducts.com.cn\/#website"},"primaryImageOfPage":{"@id":"https:\/\/petproducts.com.cn\/product\/tpr-dog-toy-wholesale-fetch-dog-ring-toss-toy\/#primaryimage"},"image":{"@id":"https:\/\/petproducts.com.cn\/product\/tpr-dog-toy-wholesale-fetch-dog-ring-toss-toy\/#primaryimage"},"thumbnailUrl":"https:\/\/petproducts.com.cn\/wp-content\/uploads\/2023\/09\/YT124454-.webp","datePublished":"2023-09-07T09:10:26+00:00","dateModified":"2023-09-22T02:59:35+00:00","description":"Fabricant de jouets pour chiens, nous avons plus de 20 ans d'exp\u00e9rience dans la fabrication de produits pour animaux de compagnie, plus de 8 000 accessoires pour animaux de compagnie dans diff\u00e9rentes gammes.","breadcrumb":{"@id":"https:\/\/petproducts.com.cn\/product\/tpr-dog-toy-wholesale-fetch-dog-ring-toss-toy\/#breadcrumb"},"inLanguage":"fr-FR","potentialAction":[{"@type":"ReadAction","target":["https:\/\/petproducts.com.cn\/product\/tpr-dog-toy-wholesale-fetch-dog-ring-toss-toy\/"]}]},{"@type":"ImageObject","inLanguage":"fr-FR","@id":"https:\/\/petproducts.com.cn\/product\/tpr-dog-toy-wholesale-fetch-dog-ring-toss-toy\/#primaryimage","url":"https:\/\/petproducts.com.cn\/wp-content\/uploads\/2023\/09\/YT124454-.webp","contentUrl":"https:\/\/petproducts.com.cn\/wp-content\/uploads\/2023\/09\/YT124454-.webp","width":800,"height":800,"caption":"tpr dog toy"},{"@type":"BreadcrumbList","@id":"https:\/\/petproducts.com.cn\/product\/tpr-dog-toy-wholesale-fetch-dog-ring-toss-toy\/#breadcrumb","itemListElement":[{"@type":"ListItem","position":1,"name":"HOME","item":"https:\/\/petproducts.com.cn\/"},{"@type":"ListItem","position":2,"name":"Products","item":"https:\/\/petproducts.com.cn\/shop\/"},{"@type":"ListItem","position":3,"name":"Dog Toys","item":"https:\/\/petproducts.com.cn\/product-category\/dog-toys\/"},{"@type":"ListItem","position":4,"name":"Tpr Dog Toy Wholesale Fetch Dog Ring Toss Toy"}]},{"@type":"WebSite","@id":"https:\/\/petproducts.com.cn\/#website","url":"https:\/\/petproducts.com.cn\/","name":"Petstar","description":"Fabricant leader de fournitures pour animaux de compagnie et fournisseur OEM de produits pour animaux de compagnie","publisher":{"@id":"https:\/\/petproducts.com.cn\/#organization"},"alternateName":"Petstar Pet Supplies","potentialAction":[{"@type":"SearchAction","target":{"@type":"EntryPoint","urlTemplate":"https:\/\/petproducts.com.cn\/?s={search_term_string}"},"query-input":{"@type":"PropertyValueSpecification","valueRequired":true,"valueName":"search_term_string"}}],"inLanguage":"fr-FR"},{"@type":"Organization","@id":"https:\/\/petproducts.com.cn\/#organization","name":"Petstar","url":"https:\/\/petproducts.com.cn\/","logo":{"@type":"ImageObject","inLanguage":"fr-FR","@id":"https:\/\/petproducts.com.cn\/#\/schema\/logo\/image\/","url":"https:\/\/petproducts.com.cn\/wp-content\/uploads\/2020\/02\/petstar-logo.webp","contentUrl":"https:\/\/petproducts.com.cn\/wp-content\/uploads\/2020\/02\/petstar-logo.webp","width":779,"height":520,"caption":"Petstar"},"image":{"@id":"https:\/\/petproducts.com.cn\/#\/schema\/logo\/image\/"}}]}},"_links":{"self":[{"href":"https:\/\/petproducts.com.cn\/fr\/wp-json\/wp\/v2\/product\/8251","targetHints":{"allow":["GET"]}}],"collection":[{"href":"https:\/\/petproducts.com.cn\/fr\/wp-json\/wp\/v2\/product"}],"about":[{"href":"https:\/\/petproducts.com.cn\/fr\/wp-json\/wp\/v2\/types\/product"}],"version-history":[{"count":3,"href":"https:\/\/petproducts.com.cn\/fr\/wp-json\/wp\/v2\/product\/8251\/revisions"}],"predecessor-version":[{"id":11781,"href":"https:\/\/petproducts.com.cn\/fr\/wp-json\/wp\/v2\/product\/8251\/revisions\/11781"}],"wp:featuredmedia":[{"embeddable":true,"href":"https:\/\/petproducts.com.cn\/fr\/wp-json\/wp\/v2\/media\/8252"}],"wp:attachment":[{"href":"https:\/\/petproducts.com.cn\/fr\/wp-json\/wp\/v2\/media?parent=8251"}],"wp:term":[{"taxonomy":"product_brand","embeddable":true,"href":"https:\/\/petproducts.com.cn\/fr\/wp-json\/wp\/v2\/product_brand?post=8251"},{"taxonomy":"product_cat","embeddable":true,"href":"https:\/\/petproducts.com.cn\/fr\/wp-json\/wp\/v2\/product_cat?post=8251"},{"taxonomy":"product_tag","embeddable":true,"href":"https:\/\/petproducts.com.cn\/fr\/wp-json\/wp\/v2\/product_tag?post=8251"}],"curies":[{"name":"wp","href":"https:\/\/api.w.org\/{rel}","templated":true}]}}