{"id":8403,"date":"2023-09-08T06:57:54","date_gmt":"2023-09-08T06:57:54","guid":{"rendered":"https:\/\/petproducts.com.cn\/?post_type=product&#038;p=8403"},"modified":"2024-10-30T06:15:08","modified_gmt":"2024-10-30T06:15:08","slug":"halloween-dog-sweater-manufacturer-designer-dog-clothes","status":"publish","type":"product","link":"https:\/\/petproducts.com.cn\/fr\/product\/halloween-dog-sweater-manufacturer-designer-dog-clothes\/","title":{"rendered":"Pull Halloween pour chien Designer Dog Clothes"},"content":{"rendered":"<h2><strong>Caract\u00e9ristiques du pull d'Halloween pour chien<\/strong><\/h2>\n<ol>\n<li><strong>Chaleur et style :<\/strong> Ce pull d'Halloween pour chien allie chaleur et style, ce qui en fait un choix id\u00e9al pour les propri\u00e9taires d'animaux de compagnie pendant la saison froide. Il est con\u00e7u pour que votre ami \u00e0 fourrure se distingue lors des festivit\u00e9s d'Halloween.<\/li>\n<li><strong>Tricot de haute qualit\u00e9 :<\/strong> Nos jolis v\u00eatements pour chiens sont tricot\u00e9s de mani\u00e8re experte, ce qui leur conf\u00e8re une chaleur et un confort optimaux. Le col montant offre une protection suppl\u00e9mentaire \u00e0 votre animal, ce qui en fait un choix douillet pour les mois les plus frais.<\/li>\n<li><strong>Taille polyvalente :<\/strong> Avec plusieurs tailles disponibles, ces v\u00eatements pour chiens de marque s'adaptent \u00e0 diff\u00e9rentes races et tailles, garantissant une tenue confortable et \u00e9l\u00e9gante pour tous les chiens.<\/li>\n<li><strong>Parfait pour les affaires :<\/strong> Que vous soyez grossiste, d\u00e9taillant ou que vous exploitiez une entreprise de commerce \u00e9lectronique sp\u00e9cialis\u00e9e dans les v\u00eatements d'hiver pour chiens, notre chandail pour animaux de compagnie est un ajout pr\u00e9cieux \u00e0 votre inventaire. Son design accrocheur et sa qualit\u00e9 sup\u00e9rieure s'adressent aux clients qui recherchent \u00e0 la fois la mode et la fonctionnalit\u00e9.<\/li>\n<li><strong>Devenez notre partenaire :<\/strong> Ne manquez pas l'occasion d'offrir \u00e0 vos clients le meilleur des produits pour animaux de compagnie. Pour envisager un partenariat avec Petstar et recevoir notre catalogue de vente en gros ainsi que des informations sur les prix, veuillez nous contacter.<\/li>\n<\/ol>\n<p>En r\u00e9sum\u00e9, notre pull pour chien d&#039;Halloween est le m\u00e9lange ultime de chaleur, de style et de festivit\u00e9. Qu&#039;il s&#039;agisse d&#039;approvisionner votre magasin ou de chouchouter votre animal de compagnie, ce v\u00eatement pour chien de haute qualit\u00e9 est id\u00e9al. \u00c9levez la garde-robe de votre animal et offrez des ajouts \u00e9l\u00e9gants \u00e0 vos clients. Commandez maintenant et laissez vos chiens c\u00e9l\u00e9brer Halloween dans une tenue confortable et tendance !<\/p>","protected":false},"excerpt":{"rendered":"<p>Nous sommes un fabricant de pull-overs pour chiens avec plus de 20 ans d'exp\u00e9rience. Nous offrons des options de personnalisation pour la couleur, la taille, le tissu, le motif, le logo et d'autres caract\u00e9ristiques.<\/p>","protected":false},"featured_media":14528,"template":"","meta":{"_acf_changed":false},"product_brand":[],"product_cat":[49,72],"product_tag":[217,262],"class_list":{"0":"post-8403","1":"product","2":"type-product","3":"status-publish","4":"has-post-thumbnail","6":"product_cat-dog-apparel-accessories","7":"product_cat-dog-supplies","8":"product_tag-pet-clothes","9":"product_tag-pet-sweaters","11":"first","12":"instock","13":"shipping-taxable","14":"product-type-simple"},"acf":[],"yoast_head":"<!-- This site is optimized with the Yoast SEO plugin v27.1.1 - https:\/\/yoast.com\/product\/yoast-seo-wordpress\/ -->\n<title>Halloween Dog Sweater Designer Dog Clothes - Petstar<\/title>\n<meta name=\"description\" content=\"Explore Petstar Halloween Dog Sweater - Mass Production, Customization, and Design Options Available. We are a leading global one-stop dog clothes supplier.\" \/>\n<meta name=\"robots\" content=\"index, follow, max-snippet:-1, max-image-preview:large, max-video-preview:-1\" \/>\n<link rel=\"canonical\" href=\"https:\/\/petproducts.com.cn\/fr\/produit\/halloween-dog-sweater-manufacturer-designer-dog-clothes\/\" \/>\n<meta property=\"og:locale\" content=\"fr_FR\" \/>\n<meta property=\"og:type\" content=\"article\" \/>\n<meta property=\"og:title\" content=\"Halloween Dog Sweater Designer Dog Clothes - Petstar\" \/>\n<meta property=\"og:description\" content=\"Explore Petstar Halloween Dog Sweater - Mass Production, Customization, and Design Options Available. We are a leading global one-stop dog clothes supplier.\" \/>\n<meta property=\"og:url\" content=\"https:\/\/petproducts.com.cn\/fr\/produit\/halloween-dog-sweater-manufacturer-designer-dog-clothes\/\" \/>\n<meta property=\"og:site_name\" content=\"Petstar\" \/>\n<meta property=\"article:modified_time\" content=\"2024-10-30T06:15:08+00:00\" \/>\n<meta property=\"og:image\" content=\"https:\/\/petproducts.com.cn\/wp-content\/uploads\/2023\/09\/halloween-dog-sweater.webp\" \/>\n\t<meta property=\"og:image:width\" content=\"1000\" \/>\n\t<meta property=\"og:image:height\" content=\"1000\" \/>\n\t<meta property=\"og:image:type\" content=\"image\/webp\" \/>\n<meta name=\"twitter:card\" content=\"summary_large_image\" \/>\n<meta name=\"twitter:label1\" content=\"Dur\u00e9e de lecture estim\u00e9e\" \/>\n\t<meta name=\"twitter:data1\" content=\"2 minutes\" \/>\n<script type=\"application\/ld+json\" class=\"yoast-schema-graph\">{\"@context\":\"https:\/\/schema.org\",\"@graph\":[{\"@type\":\"WebPage\",\"@id\":\"https:\/\/petproducts.com.cn\/product\/halloween-dog-sweater-manufacturer-designer-dog-clothes\/\",\"url\":\"https:\/\/petproducts.com.cn\/product\/halloween-dog-sweater-manufacturer-designer-dog-clothes\/\",\"name\":\"Halloween Dog Sweater Designer Dog Clothes - Petstar\",\"isPartOf\":{\"@id\":\"https:\/\/petproducts.com.cn\/#website\"},\"primaryImageOfPage\":{\"@id\":\"https:\/\/petproducts.com.cn\/product\/halloween-dog-sweater-manufacturer-designer-dog-clothes\/#primaryimage\"},\"image\":{\"@id\":\"https:\/\/petproducts.com.cn\/product\/halloween-dog-sweater-manufacturer-designer-dog-clothes\/#primaryimage\"},\"thumbnailUrl\":\"https:\/\/petproducts.com.cn\/wp-content\/uploads\/2023\/09\/halloween-dog-sweater.webp\",\"datePublished\":\"2023-09-08T06:57:54+00:00\",\"dateModified\":\"2024-10-30T06:15:08+00:00\",\"description\":\"Explore Petstar Halloween Dog Sweater - Mass Production, Customization, and Design Options Available. We are a leading global one-stop dog clothes supplier.\",\"breadcrumb\":{\"@id\":\"https:\/\/petproducts.com.cn\/product\/halloween-dog-sweater-manufacturer-designer-dog-clothes\/#breadcrumb\"},\"inLanguage\":\"fr-FR\",\"potentialAction\":[{\"@type\":\"ReadAction\",\"target\":[\"https:\/\/petproducts.com.cn\/product\/halloween-dog-sweater-manufacturer-designer-dog-clothes\/\"]}]},{\"@type\":\"ImageObject\",\"inLanguage\":\"fr-FR\",\"@id\":\"https:\/\/petproducts.com.cn\/product\/halloween-dog-sweater-manufacturer-designer-dog-clothes\/#primaryimage\",\"url\":\"https:\/\/petproducts.com.cn\/wp-content\/uploads\/2023\/09\/halloween-dog-sweater.webp\",\"contentUrl\":\"https:\/\/petproducts.com.cn\/wp-content\/uploads\/2023\/09\/halloween-dog-sweater.webp\",\"width\":1000,\"height\":1000,\"caption\":\"Halloween Dog Sweater\"},{\"@type\":\"BreadcrumbList\",\"@id\":\"https:\/\/petproducts.com.cn\/product\/halloween-dog-sweater-manufacturer-designer-dog-clothes\/#breadcrumb\",\"itemListElement\":[{\"@type\":\"ListItem\",\"position\":1,\"name\":\"HOME\",\"item\":\"https:\/\/petproducts.com.cn\/\"},{\"@type\":\"ListItem\",\"position\":2,\"name\":\"Products\",\"item\":\"https:\/\/petproducts.com.cn\/shop\/\"},{\"@type\":\"ListItem\",\"position\":3,\"name\":\"Dog Apparel &amp; Accessories\",\"item\":\"https:\/\/petproducts.com.cn\/product-category\/dog-apparel-accessories\/\"},{\"@type\":\"ListItem\",\"position\":4,\"name\":\"Halloween Dog Sweater Designer Dog Clothes\"}]},{\"@type\":\"WebSite\",\"@id\":\"https:\/\/petproducts.com.cn\/#website\",\"url\":\"https:\/\/petproducts.com.cn\/\",\"name\":\"Petstar\",\"description\":\"Leading Pet Supplies Manufacturer &amp; OEM Pet Products Supplier\",\"publisher\":{\"@id\":\"https:\/\/petproducts.com.cn\/#organization\"},\"alternateName\":\"Petstar Pet Supplies\",\"potentialAction\":[{\"@type\":\"SearchAction\",\"target\":{\"@type\":\"EntryPoint\",\"urlTemplate\":\"https:\/\/petproducts.com.cn\/?s={search_term_string}\"},\"query-input\":{\"@type\":\"PropertyValueSpecification\",\"valueRequired\":true,\"valueName\":\"search_term_string\"}}],\"inLanguage\":\"fr-FR\"},{\"@type\":\"Organization\",\"@id\":\"https:\/\/petproducts.com.cn\/#organization\",\"name\":\"Petstar\",\"url\":\"https:\/\/petproducts.com.cn\/\",\"logo\":{\"@type\":\"ImageObject\",\"inLanguage\":\"fr-FR\",\"@id\":\"https:\/\/petproducts.com.cn\/#\/schema\/logo\/image\/\",\"url\":\"https:\/\/petproducts.com.cn\/wp-content\/uploads\/2020\/02\/petstar-logo.webp\",\"contentUrl\":\"https:\/\/petproducts.com.cn\/wp-content\/uploads\/2020\/02\/petstar-logo.webp\",\"width\":779,\"height\":520,\"caption\":\"Petstar\"},\"image\":{\"@id\":\"https:\/\/petproducts.com.cn\/#\/schema\/logo\/image\/\"}}]}<\/script>\n<!-- \/ Yoast SEO plugin. -->","yoast_head_json":{"title":"Pull Halloween pour chien Designer Dog Clothes - Petstar","description":"D\u00e9couvrez le pull d'Halloween pour chien Petstar - Production de masse, personnalisation et options de conception disponibles. Nous sommes l'un des principaux fournisseurs mondiaux de v\u00eatements pour chiens.","robots":{"index":"index","follow":"follow","max-snippet":"max-snippet:-1","max-image-preview":"max-image-preview:large","max-video-preview":"max-video-preview:-1"},"canonical":"https:\/\/petproducts.com.cn\/fr\/produit\/halloween-dog-sweater-manufacturer-designer-dog-clothes\/","og_locale":"fr_FR","og_type":"article","og_title":"Halloween Dog Sweater Designer Dog Clothes - Petstar","og_description":"Explore Petstar Halloween Dog Sweater - Mass Production, Customization, and Design Options Available. We are a leading global one-stop dog clothes supplier.","og_url":"https:\/\/petproducts.com.cn\/fr\/produit\/halloween-dog-sweater-manufacturer-designer-dog-clothes\/","og_site_name":"Petstar","article_modified_time":"2024-10-30T06:15:08+00:00","og_image":[{"width":1000,"height":1000,"url":"https:\/\/petproducts.com.cn\/wp-content\/uploads\/2023\/09\/halloween-dog-sweater.webp","type":"image\/webp"}],"twitter_card":"summary_large_image","twitter_misc":{"Dur\u00e9e de lecture estim\u00e9e":"2 minutes"},"schema":{"@context":"https:\/\/schema.org","@graph":[{"@type":"WebPage","@id":"https:\/\/petproducts.com.cn\/product\/halloween-dog-sweater-manufacturer-designer-dog-clothes\/","url":"https:\/\/petproducts.com.cn\/product\/halloween-dog-sweater-manufacturer-designer-dog-clothes\/","name":"Pull Halloween pour chien Designer Dog Clothes - Petstar","isPartOf":{"@id":"https:\/\/petproducts.com.cn\/#website"},"primaryImageOfPage":{"@id":"https:\/\/petproducts.com.cn\/product\/halloween-dog-sweater-manufacturer-designer-dog-clothes\/#primaryimage"},"image":{"@id":"https:\/\/petproducts.com.cn\/product\/halloween-dog-sweater-manufacturer-designer-dog-clothes\/#primaryimage"},"thumbnailUrl":"https:\/\/petproducts.com.cn\/wp-content\/uploads\/2023\/09\/halloween-dog-sweater.webp","datePublished":"2023-09-08T06:57:54+00:00","dateModified":"2024-10-30T06:15:08+00:00","description":"D\u00e9couvrez le pull d'Halloween pour chien Petstar - Production de masse, personnalisation et options de conception disponibles. Nous sommes l'un des principaux fournisseurs mondiaux de v\u00eatements pour chiens.","breadcrumb":{"@id":"https:\/\/petproducts.com.cn\/product\/halloween-dog-sweater-manufacturer-designer-dog-clothes\/#breadcrumb"},"inLanguage":"fr-FR","potentialAction":[{"@type":"ReadAction","target":["https:\/\/petproducts.com.cn\/product\/halloween-dog-sweater-manufacturer-designer-dog-clothes\/"]}]},{"@type":"ImageObject","inLanguage":"fr-FR","@id":"https:\/\/petproducts.com.cn\/product\/halloween-dog-sweater-manufacturer-designer-dog-clothes\/#primaryimage","url":"https:\/\/petproducts.com.cn\/wp-content\/uploads\/2023\/09\/halloween-dog-sweater.webp","contentUrl":"https:\/\/petproducts.com.cn\/wp-content\/uploads\/2023\/09\/halloween-dog-sweater.webp","width":1000,"height":1000,"caption":"Halloween Dog Sweater"},{"@type":"BreadcrumbList","@id":"https:\/\/petproducts.com.cn\/product\/halloween-dog-sweater-manufacturer-designer-dog-clothes\/#breadcrumb","itemListElement":[{"@type":"ListItem","position":1,"name":"HOME","item":"https:\/\/petproducts.com.cn\/"},{"@type":"ListItem","position":2,"name":"Products","item":"https:\/\/petproducts.com.cn\/shop\/"},{"@type":"ListItem","position":3,"name":"Dog Apparel &amp; Accessories","item":"https:\/\/petproducts.com.cn\/product-category\/dog-apparel-accessories\/"},{"@type":"ListItem","position":4,"name":"Halloween Dog Sweater Designer Dog Clothes"}]},{"@type":"WebSite","@id":"https:\/\/petproducts.com.cn\/#website","url":"https:\/\/petproducts.com.cn\/","name":"Petstar","description":"Fabricant leader de fournitures pour animaux de compagnie et fournisseur OEM de produits pour animaux de compagnie","publisher":{"@id":"https:\/\/petproducts.com.cn\/#organization"},"alternateName":"Petstar Pet Supplies","potentialAction":[{"@type":"SearchAction","target":{"@type":"EntryPoint","urlTemplate":"https:\/\/petproducts.com.cn\/?s={search_term_string}"},"query-input":{"@type":"PropertyValueSpecification","valueRequired":true,"valueName":"search_term_string"}}],"inLanguage":"fr-FR"},{"@type":"Organization","@id":"https:\/\/petproducts.com.cn\/#organization","name":"Petstar","url":"https:\/\/petproducts.com.cn\/","logo":{"@type":"ImageObject","inLanguage":"fr-FR","@id":"https:\/\/petproducts.com.cn\/#\/schema\/logo\/image\/","url":"https:\/\/petproducts.com.cn\/wp-content\/uploads\/2020\/02\/petstar-logo.webp","contentUrl":"https:\/\/petproducts.com.cn\/wp-content\/uploads\/2020\/02\/petstar-logo.webp","width":779,"height":520,"caption":"Petstar"},"image":{"@id":"https:\/\/petproducts.com.cn\/#\/schema\/logo\/image\/"}}]}},"_links":{"self":[{"href":"https:\/\/petproducts.com.cn\/fr\/wp-json\/wp\/v2\/product\/8403","targetHints":{"allow":["GET"]}}],"collection":[{"href":"https:\/\/petproducts.com.cn\/fr\/wp-json\/wp\/v2\/product"}],"about":[{"href":"https:\/\/petproducts.com.cn\/fr\/wp-json\/wp\/v2\/types\/product"}],"version-history":[{"count":4,"href":"https:\/\/petproducts.com.cn\/fr\/wp-json\/wp\/v2\/product\/8403\/revisions"}],"predecessor-version":[{"id":14531,"href":"https:\/\/petproducts.com.cn\/fr\/wp-json\/wp\/v2\/product\/8403\/revisions\/14531"}],"wp:featuredmedia":[{"embeddable":true,"href":"https:\/\/petproducts.com.cn\/fr\/wp-json\/wp\/v2\/media\/14528"}],"wp:attachment":[{"href":"https:\/\/petproducts.com.cn\/fr\/wp-json\/wp\/v2\/media?parent=8403"}],"wp:term":[{"taxonomy":"product_brand","embeddable":true,"href":"https:\/\/petproducts.com.cn\/fr\/wp-json\/wp\/v2\/product_brand?post=8403"},{"taxonomy":"product_cat","embeddable":true,"href":"https:\/\/petproducts.com.cn\/fr\/wp-json\/wp\/v2\/product_cat?post=8403"},{"taxonomy":"product_tag","embeddable":true,"href":"https:\/\/petproducts.com.cn\/fr\/wp-json\/wp\/v2\/product_tag?post=8403"}],"curies":[{"name":"wp","href":"https:\/\/api.w.org\/{rel}","templated":true}]}}