{"id":8436,"date":"2023-09-08T07:12:54","date_gmt":"2023-09-08T07:12:54","guid":{"rendered":"https:\/\/petproducts.com.cn\/?post_type=product&#038;p=8436"},"modified":"2024-10-30T06:15:03","modified_gmt":"2024-10-30T06:15:03","slug":"dog-winter-apparel-custom-dog-sweater-clothes-factory","status":"publish","type":"product","link":"https:\/\/petproducts.com.cn\/fr\/product\/dog-winter-apparel-custom-dog-sweater-clothes-factory\/","title":{"rendered":"V\u00eatements d&#039;hiver pour chiens V\u00eatements de pull pour chiens personnalis\u00e9s"},"content":{"rendered":"<h2><strong>Caract\u00e9ristiques des v\u00eatements d'hiver pour chiens<\/strong><\/h2>\n<ol>\n<li><strong>Chaud et confortable :<\/strong> Nos v\u00eatements d'hiver pour chiens apportent chaleur et confort pendant la saison hivernale, garantissant que vos animaux restent bien au chaud par temps froid.<\/li>\n<li><strong>Dressage facile :<\/strong> Le style pull-over de ces pulls pour chiens permet de les mettre et de les enlever sans effort, ce qui vous fait gagner du temps et vous \u00e9vite bien des tracas.<\/li>\n<li><strong>Vari\u00e9t\u00e9 de styles :<\/strong> Vous avez le choix entre deux motifs exquis - bleu d\u00e9licat ou rose charmant - qui permettent \u00e0 votre animal d'\u00eatre \u00e0 la mode tout en restant au chaud.<\/li>\n<li><strong>Parfait pour les petits chiens :<\/strong> Ces v\u00eatements personnalis\u00e9s pour chiens sont sp\u00e9cialement con\u00e7us pour les petits chiens, leur offrant une coupe ajust\u00e9e et les gardant bien au chaud les jours les plus froids.<\/li>\n<li><strong>Facile \u00e0 nettoyer:<\/strong> Le nettoyage de ces v\u00eatements pour chiens est un jeu d'enfant. Il suffit de suivre nos instructions d'entretien pour une routine d'entretien sans tracas.<\/li>\n<li><strong>Devenez notre partenaire :<\/strong> Ne manquez pas l'occasion d'offrir \u00e0 vos clients le meilleur des produits pour animaux de compagnie. Pour envisager un partenariat avec Petstar et recevoir notre catalogue de vente en gros ainsi que des informations sur les prix, veuillez nous contacter.<\/li>\n<\/ol>\n<p>Que vous soyez grossiste, d\u00e9taillant ou que vous exploitiez une entreprise de commerce \u00e9lectronique sp\u00e9cialis\u00e9e dans les produits pour animaux de compagnie, notre collection de v\u00eatements d'hiver pour chiens est un ajout pr\u00e9cieux \u00e0 votre inventaire. Ces pulls pour chiens de haute qualit\u00e9 s'adressent aux clients qui recherchent \u00e0 la fois la mode et la fonctionnalit\u00e9.<\/p>","protected":false},"excerpt":{"rendered":"<p>Nous sommes un fabricant de v\u00eatements d'hiver pour chiens avec plus de 20 ans d'exp\u00e9rience. Nous offrons des options de personnalisation pour la couleur, la taille, le tissu, le motif, le logo et d'autres caract\u00e9ristiques.<\/p>","protected":false},"featured_media":14544,"template":"","meta":{"_acf_changed":false},"product_brand":[],"product_cat":[49,72],"product_tag":[217,262],"class_list":{"0":"post-8436","1":"product","2":"type-product","3":"status-publish","4":"has-post-thumbnail","6":"product_cat-dog-apparel-accessories","7":"product_cat-dog-supplies","8":"product_tag-pet-clothes","9":"product_tag-pet-sweaters","11":"first","12":"instock","13":"shipping-taxable","14":"product-type-simple"},"acf":[],"yoast_head":"<!-- This site is optimized with the Yoast SEO plugin v27.1.1 - https:\/\/yoast.com\/product\/yoast-seo-wordpress\/ -->\n<title>Dog Winter Apparel Custom Dog Sweater Clothes - Petstar<\/title>\n<meta name=\"description\" content=\"Explore Petstar Dog Winter Apparel - Mass Production, Customization, and Design Options Available. We are a leading global one-stop dog clothes supplier.\" \/>\n<meta name=\"robots\" content=\"index, follow, max-snippet:-1, max-image-preview:large, max-video-preview:-1\" \/>\n<link rel=\"canonical\" href=\"https:\/\/petproducts.com.cn\/fr\/produit\/dog-winter-apparel-custom-dog-sweater-clothes-factory\/\" \/>\n<meta property=\"og:locale\" content=\"fr_FR\" \/>\n<meta property=\"og:type\" content=\"article\" \/>\n<meta property=\"og:title\" content=\"Dog Winter Apparel Custom Dog Sweater Clothes - Petstar\" \/>\n<meta property=\"og:description\" content=\"Explore Petstar Dog Winter Apparel - Mass Production, Customization, and Design Options Available. We are a leading global one-stop dog clothes supplier.\" \/>\n<meta property=\"og:url\" content=\"https:\/\/petproducts.com.cn\/fr\/produit\/dog-winter-apparel-custom-dog-sweater-clothes-factory\/\" \/>\n<meta property=\"og:site_name\" content=\"Petstar\" \/>\n<meta property=\"article:modified_time\" content=\"2024-10-30T06:15:03+00:00\" \/>\n<meta property=\"og:image\" content=\"https:\/\/petproducts.com.cn\/wp-content\/uploads\/2023\/09\/dog-winter-apparel.webp\" \/>\n\t<meta property=\"og:image:width\" content=\"1000\" \/>\n\t<meta property=\"og:image:height\" content=\"1000\" \/>\n\t<meta property=\"og:image:type\" content=\"image\/webp\" \/>\n<meta name=\"twitter:card\" content=\"summary_large_image\" \/>\n<meta name=\"twitter:label1\" content=\"Dur\u00e9e de lecture estim\u00e9e\" \/>\n\t<meta name=\"twitter:data1\" content=\"1 minute\" \/>\n<script type=\"application\/ld+json\" class=\"yoast-schema-graph\">{\"@context\":\"https:\/\/schema.org\",\"@graph\":[{\"@type\":\"WebPage\",\"@id\":\"https:\/\/petproducts.com.cn\/product\/dog-winter-apparel-custom-dog-sweater-clothes-factory\/\",\"url\":\"https:\/\/petproducts.com.cn\/product\/dog-winter-apparel-custom-dog-sweater-clothes-factory\/\",\"name\":\"Dog Winter Apparel Custom Dog Sweater Clothes - Petstar\",\"isPartOf\":{\"@id\":\"https:\/\/petproducts.com.cn\/#website\"},\"primaryImageOfPage\":{\"@id\":\"https:\/\/petproducts.com.cn\/product\/dog-winter-apparel-custom-dog-sweater-clothes-factory\/#primaryimage\"},\"image\":{\"@id\":\"https:\/\/petproducts.com.cn\/product\/dog-winter-apparel-custom-dog-sweater-clothes-factory\/#primaryimage\"},\"thumbnailUrl\":\"https:\/\/petproducts.com.cn\/wp-content\/uploads\/2023\/09\/dog-winter-apparel.webp\",\"datePublished\":\"2023-09-08T07:12:54+00:00\",\"dateModified\":\"2024-10-30T06:15:03+00:00\",\"description\":\"Explore Petstar Dog Winter Apparel - Mass Production, Customization, and Design Options Available. We are a leading global one-stop dog clothes supplier.\",\"breadcrumb\":{\"@id\":\"https:\/\/petproducts.com.cn\/product\/dog-winter-apparel-custom-dog-sweater-clothes-factory\/#breadcrumb\"},\"inLanguage\":\"fr-FR\",\"potentialAction\":[{\"@type\":\"ReadAction\",\"target\":[\"https:\/\/petproducts.com.cn\/product\/dog-winter-apparel-custom-dog-sweater-clothes-factory\/\"]}]},{\"@type\":\"ImageObject\",\"inLanguage\":\"fr-FR\",\"@id\":\"https:\/\/petproducts.com.cn\/product\/dog-winter-apparel-custom-dog-sweater-clothes-factory\/#primaryimage\",\"url\":\"https:\/\/petproducts.com.cn\/wp-content\/uploads\/2023\/09\/dog-winter-apparel.webp\",\"contentUrl\":\"https:\/\/petproducts.com.cn\/wp-content\/uploads\/2023\/09\/dog-winter-apparel.webp\",\"width\":1000,\"height\":1000,\"caption\":\"Dog Winter Apparel\"},{\"@type\":\"BreadcrumbList\",\"@id\":\"https:\/\/petproducts.com.cn\/product\/dog-winter-apparel-custom-dog-sweater-clothes-factory\/#breadcrumb\",\"itemListElement\":[{\"@type\":\"ListItem\",\"position\":1,\"name\":\"HOME\",\"item\":\"https:\/\/petproducts.com.cn\/\"},{\"@type\":\"ListItem\",\"position\":2,\"name\":\"Products\",\"item\":\"https:\/\/petproducts.com.cn\/shop\/\"},{\"@type\":\"ListItem\",\"position\":3,\"name\":\"Dog Apparel &amp; Accessories\",\"item\":\"https:\/\/petproducts.com.cn\/product-category\/dog-apparel-accessories\/\"},{\"@type\":\"ListItem\",\"position\":4,\"name\":\"Dog Winter Apparel Custom Dog Sweater Clothes\"}]},{\"@type\":\"WebSite\",\"@id\":\"https:\/\/petproducts.com.cn\/#website\",\"url\":\"https:\/\/petproducts.com.cn\/\",\"name\":\"Petstar\",\"description\":\"Leading Pet Supplies Manufacturer &amp; OEM Pet Products Supplier\",\"publisher\":{\"@id\":\"https:\/\/petproducts.com.cn\/#organization\"},\"alternateName\":\"Petstar Pet Supplies\",\"potentialAction\":[{\"@type\":\"SearchAction\",\"target\":{\"@type\":\"EntryPoint\",\"urlTemplate\":\"https:\/\/petproducts.com.cn\/?s={search_term_string}\"},\"query-input\":{\"@type\":\"PropertyValueSpecification\",\"valueRequired\":true,\"valueName\":\"search_term_string\"}}],\"inLanguage\":\"fr-FR\"},{\"@type\":\"Organization\",\"@id\":\"https:\/\/petproducts.com.cn\/#organization\",\"name\":\"Petstar\",\"url\":\"https:\/\/petproducts.com.cn\/\",\"logo\":{\"@type\":\"ImageObject\",\"inLanguage\":\"fr-FR\",\"@id\":\"https:\/\/petproducts.com.cn\/#\/schema\/logo\/image\/\",\"url\":\"https:\/\/petproducts.com.cn\/wp-content\/uploads\/2020\/02\/petstar-logo.webp\",\"contentUrl\":\"https:\/\/petproducts.com.cn\/wp-content\/uploads\/2020\/02\/petstar-logo.webp\",\"width\":779,\"height\":520,\"caption\":\"Petstar\"},\"image\":{\"@id\":\"https:\/\/petproducts.com.cn\/#\/schema\/logo\/image\/\"}}]}<\/script>\n<!-- \/ Yoast SEO plugin. -->","yoast_head_json":{"title":"V\u00eatements d'hiver pour chien Pull personnalis\u00e9 pour chien - Petstar","description":"D\u00e9couvrez les v\u00eatements d'hiver pour chiens Petstar - Production de masse, personnalisation et options de conception disponibles. Nous sommes l'un des principaux fournisseurs mondiaux de v\u00eatements pour chiens.","robots":{"index":"index","follow":"follow","max-snippet":"max-snippet:-1","max-image-preview":"max-image-preview:large","max-video-preview":"max-video-preview:-1"},"canonical":"https:\/\/petproducts.com.cn\/fr\/produit\/dog-winter-apparel-custom-dog-sweater-clothes-factory\/","og_locale":"fr_FR","og_type":"article","og_title":"Dog Winter Apparel Custom Dog Sweater Clothes - Petstar","og_description":"Explore Petstar Dog Winter Apparel - Mass Production, Customization, and Design Options Available. We are a leading global one-stop dog clothes supplier.","og_url":"https:\/\/petproducts.com.cn\/fr\/produit\/dog-winter-apparel-custom-dog-sweater-clothes-factory\/","og_site_name":"Petstar","article_modified_time":"2024-10-30T06:15:03+00:00","og_image":[{"width":1000,"height":1000,"url":"https:\/\/petproducts.com.cn\/wp-content\/uploads\/2023\/09\/dog-winter-apparel.webp","type":"image\/webp"}],"twitter_card":"summary_large_image","twitter_misc":{"Dur\u00e9e de lecture estim\u00e9e":"1 minute"},"schema":{"@context":"https:\/\/schema.org","@graph":[{"@type":"WebPage","@id":"https:\/\/petproducts.com.cn\/product\/dog-winter-apparel-custom-dog-sweater-clothes-factory\/","url":"https:\/\/petproducts.com.cn\/product\/dog-winter-apparel-custom-dog-sweater-clothes-factory\/","name":"V\u00eatements d'hiver pour chien Pull personnalis\u00e9 pour chien - Petstar","isPartOf":{"@id":"https:\/\/petproducts.com.cn\/#website"},"primaryImageOfPage":{"@id":"https:\/\/petproducts.com.cn\/product\/dog-winter-apparel-custom-dog-sweater-clothes-factory\/#primaryimage"},"image":{"@id":"https:\/\/petproducts.com.cn\/product\/dog-winter-apparel-custom-dog-sweater-clothes-factory\/#primaryimage"},"thumbnailUrl":"https:\/\/petproducts.com.cn\/wp-content\/uploads\/2023\/09\/dog-winter-apparel.webp","datePublished":"2023-09-08T07:12:54+00:00","dateModified":"2024-10-30T06:15:03+00:00","description":"D\u00e9couvrez les v\u00eatements d'hiver pour chiens Petstar - Production de masse, personnalisation et options de conception disponibles. Nous sommes l'un des principaux fournisseurs mondiaux de v\u00eatements pour chiens.","breadcrumb":{"@id":"https:\/\/petproducts.com.cn\/product\/dog-winter-apparel-custom-dog-sweater-clothes-factory\/#breadcrumb"},"inLanguage":"fr-FR","potentialAction":[{"@type":"ReadAction","target":["https:\/\/petproducts.com.cn\/product\/dog-winter-apparel-custom-dog-sweater-clothes-factory\/"]}]},{"@type":"ImageObject","inLanguage":"fr-FR","@id":"https:\/\/petproducts.com.cn\/product\/dog-winter-apparel-custom-dog-sweater-clothes-factory\/#primaryimage","url":"https:\/\/petproducts.com.cn\/wp-content\/uploads\/2023\/09\/dog-winter-apparel.webp","contentUrl":"https:\/\/petproducts.com.cn\/wp-content\/uploads\/2023\/09\/dog-winter-apparel.webp","width":1000,"height":1000,"caption":"Dog Winter Apparel"},{"@type":"BreadcrumbList","@id":"https:\/\/petproducts.com.cn\/product\/dog-winter-apparel-custom-dog-sweater-clothes-factory\/#breadcrumb","itemListElement":[{"@type":"ListItem","position":1,"name":"HOME","item":"https:\/\/petproducts.com.cn\/"},{"@type":"ListItem","position":2,"name":"Products","item":"https:\/\/petproducts.com.cn\/shop\/"},{"@type":"ListItem","position":3,"name":"Dog Apparel &amp; Accessories","item":"https:\/\/petproducts.com.cn\/product-category\/dog-apparel-accessories\/"},{"@type":"ListItem","position":4,"name":"Dog Winter Apparel Custom Dog Sweater Clothes"}]},{"@type":"WebSite","@id":"https:\/\/petproducts.com.cn\/#website","url":"https:\/\/petproducts.com.cn\/","name":"Petstar","description":"Fabricant leader de fournitures pour animaux de compagnie et fournisseur OEM de produits pour animaux de compagnie","publisher":{"@id":"https:\/\/petproducts.com.cn\/#organization"},"alternateName":"Petstar Pet Supplies","potentialAction":[{"@type":"SearchAction","target":{"@type":"EntryPoint","urlTemplate":"https:\/\/petproducts.com.cn\/?s={search_term_string}"},"query-input":{"@type":"PropertyValueSpecification","valueRequired":true,"valueName":"search_term_string"}}],"inLanguage":"fr-FR"},{"@type":"Organization","@id":"https:\/\/petproducts.com.cn\/#organization","name":"Petstar","url":"https:\/\/petproducts.com.cn\/","logo":{"@type":"ImageObject","inLanguage":"fr-FR","@id":"https:\/\/petproducts.com.cn\/#\/schema\/logo\/image\/","url":"https:\/\/petproducts.com.cn\/wp-content\/uploads\/2020\/02\/petstar-logo.webp","contentUrl":"https:\/\/petproducts.com.cn\/wp-content\/uploads\/2020\/02\/petstar-logo.webp","width":779,"height":520,"caption":"Petstar"},"image":{"@id":"https:\/\/petproducts.com.cn\/#\/schema\/logo\/image\/"}}]}},"_links":{"self":[{"href":"https:\/\/petproducts.com.cn\/fr\/wp-json\/wp\/v2\/product\/8436","targetHints":{"allow":["GET"]}}],"collection":[{"href":"https:\/\/petproducts.com.cn\/fr\/wp-json\/wp\/v2\/product"}],"about":[{"href":"https:\/\/petproducts.com.cn\/fr\/wp-json\/wp\/v2\/types\/product"}],"version-history":[{"count":3,"href":"https:\/\/petproducts.com.cn\/fr\/wp-json\/wp\/v2\/product\/8436\/revisions"}],"predecessor-version":[{"id":14546,"href":"https:\/\/petproducts.com.cn\/fr\/wp-json\/wp\/v2\/product\/8436\/revisions\/14546"}],"wp:featuredmedia":[{"embeddable":true,"href":"https:\/\/petproducts.com.cn\/fr\/wp-json\/wp\/v2\/media\/14544"}],"wp:attachment":[{"href":"https:\/\/petproducts.com.cn\/fr\/wp-json\/wp\/v2\/media?parent=8436"}],"wp:term":[{"taxonomy":"product_brand","embeddable":true,"href":"https:\/\/petproducts.com.cn\/fr\/wp-json\/wp\/v2\/product_brand?post=8436"},{"taxonomy":"product_cat","embeddable":true,"href":"https:\/\/petproducts.com.cn\/fr\/wp-json\/wp\/v2\/product_cat?post=8436"},{"taxonomy":"product_tag","embeddable":true,"href":"https:\/\/petproducts.com.cn\/fr\/wp-json\/wp\/v2\/product_tag?post=8436"}],"curies":[{"name":"wp","href":"https:\/\/api.w.org\/{rel}","templated":true}]}}