{"id":8639,"date":"2023-09-09T06:52:01","date_gmt":"2023-09-09T06:52:01","guid":{"rendered":"https:\/\/petproducts.com.cn\/?post_type=product&#038;p=8639"},"modified":"2025-01-24T01:42:54","modified_gmt":"2025-01-24T01:42:54","slug":"teaser-cat-interactive-toy-valentine-plush-rose","status":"publish","type":"product","link":"https:\/\/petproducts.com.cn\/fr\/product\/teaser-cat-interactive-toy-valentine-plush-rose\/","title":{"rendered":"Teaser Chat Jouet Interactif Valentine Peluche Rose"},"content":{"rendered":"<h2>Grossiste Jouet Interactif Taquin pour Chat - Valentine Peluche Rose<\/h2>\n<p>Vous \u00eates \u00e0 la recherche d'un jouet captivant et interactif pour les chats ? Ne cherchez pas plus loin que le jouet interactif pour chat Petstar's wholesale Teaser. Ce jouet sp\u00e9cialement con\u00e7u est parfait pour inciter vos amis f\u00e9lins \u00e0 s'amuser.<\/p>\n<h3>Nos avantages\uff1a<\/h3>\n<p>1. design interactif : Notre jouet interactif Teaser Cat pr\u00e9sente un design unique qui ne manquera pas de capter l'attention de votre chat. Le jouet comprend une rose en peluche qui pend de mani\u00e8re s\u00e9duisante au bout d'une ficelle, encourageant les chats \u00e0 bondir, \u00e0 donner des coups et \u00e0 jouer. C'est le jouet id\u00e9al pour stimuler leur instinct naturel de chasseur.<\/p>\n<p>2. peluche et s\u00e9curit\u00e9 : Le jouet interactif rose pour chat est fabriqu\u00e9 \u00e0 partir de mat\u00e9riaux doux et pelucheux avec lesquels les chats peuvent jouer en toute s\u00e9curit\u00e9. La rose est solidement attach\u00e9e \u00e0 la ficelle, ce qui garantit sa durabilit\u00e9 pendant le jeu. Vos clients peuvent \u00eatre rassur\u00e9s en sachant que leurs chats jouent avec un jouet s\u00fbr et agr\u00e9able.<\/p>\n<p>3) Services de personnalisation en gros : Chez Petstar, nous offrons des services de personnalisation en gros pour les entreprises telles que les grossistes, les d\u00e9taillants et les plateformes de commerce \u00e9lectronique. Gr\u00e2ce \u00e0 notre expertise, vous pouvez cr\u00e9er des designs, des couleurs et des marques personnalis\u00e9es pour vos jouets de Saint-Valentin pour chats. Ajoutez une touche de personnalisation \u00e0 votre gamme de produits et d\u00e9marquez-vous sur le march\u00e9.<\/p>\n<p>4. favorise l'exercice et l'attachement : Les jouets pour chats valentine ne font pas seulement faire de l'exercice aux chats, ils favorisent \u00e9galement l'attachement entre les chats et leurs propri\u00e9taires. Les jeux interactifs renforcent le lien \u00e9motionnel, cr\u00e9ent des moments de joie et favorisent une relation plus profonde.<\/p>\n<p>5. th\u00e8me de la Saint-Valentin : Notre jouet interactif Teaser Cat est le cadeau id\u00e9al pour les propri\u00e9taires de chats \u00e0 l'occasion de la Saint-Valentin. Sa rose en peluche, disponible en rouge romantique ou en rose, ajoute une touche festive au jouet. Laissez vos clients partager l'amour avec leurs compagnons \u00e0 fourrure \u00e0 l'occasion de la Saint-Valentin.<\/p>\n<p>Choisissez Petstar pour des jouets interactifs pour chats de haute qualit\u00e9 qui captiveront \u00e0 la fois les chats et leurs propri\u00e9taires. Gr\u00e2ce \u00e0 nos services de personnalisation en gros, vous pouvez offrir des produits uniques et personnalis\u00e9s qui raviront les amoureux des chats. Rendez cette Saint-Valentin encore plus sp\u00e9ciale avec notre jouet interactif Teaser pour chat !<\/p>","protected":false},"excerpt":{"rendered":"<p>Nous sommes un fabricant de jouets aguicheurs pour chats avec plus de 20 ans d'exp\u00e9rience. Nous offrons des options de personnalisation pour la couleur, la taille, le tissu, le motif, le logo et d'autres caract\u00e9ristiques.<\/p>","protected":false},"featured_media":8643,"template":"","meta":{"_acf_changed":false},"product_brand":[],"product_cat":[71,81],"product_tag":[286],"class_list":{"0":"post-8639","1":"product","2":"type-product","3":"status-publish","4":"has-post-thumbnail","6":"product_cat-cat-supplies","7":"product_cat-cat-toys","8":"product_tag-cat-teasers","10":"first","11":"instock","12":"shipping-taxable","13":"product-type-simple"},"acf":[],"yoast_head":"<!-- This site is optimized with the Yoast SEO plugin v27.1.1 - https:\/\/yoast.com\/product\/yoast-seo-wordpress\/ -->\n<title>Teaser Cat Interactive Toy Valentine Plush Rose - Petstar<\/title>\n<meta name=\"description\" content=\"teaser cat toy manufaturer,we have over 20 years of manufacturing experience in the pet products,more than 8,000 pet accessories in various range\" \/>\n<meta name=\"robots\" content=\"index, follow, max-snippet:-1, max-image-preview:large, max-video-preview:-1\" \/>\n<link rel=\"canonical\" href=\"https:\/\/petproducts.com.cn\/fr\/produit\/teaser-cat-interactive-toy-valentine-plush-rose\/\" \/>\n<meta property=\"og:locale\" content=\"fr_FR\" \/>\n<meta property=\"og:type\" content=\"article\" \/>\n<meta property=\"og:title\" content=\"Teaser Cat Interactive Toy Valentine Plush Rose - Petstar\" \/>\n<meta property=\"og:description\" content=\"teaser cat toy manufaturer,we have over 20 years of manufacturing experience in the pet products,more than 8,000 pet accessories in various range\" \/>\n<meta property=\"og:url\" content=\"https:\/\/petproducts.com.cn\/fr\/produit\/teaser-cat-interactive-toy-valentine-plush-rose\/\" \/>\n<meta property=\"og:site_name\" content=\"Petstar\" \/>\n<meta property=\"article:modified_time\" content=\"2025-01-24T01:42:54+00:00\" \/>\n<meta property=\"og:image\" content=\"https:\/\/petproducts.com.cn\/wp-content\/uploads\/2023\/09\/YT202204037.webp\" \/>\n\t<meta property=\"og:image:width\" content=\"800\" \/>\n\t<meta property=\"og:image:height\" content=\"800\" \/>\n\t<meta property=\"og:image:type\" content=\"image\/webp\" \/>\n<meta name=\"twitter:card\" content=\"summary_large_image\" \/>\n<meta name=\"twitter:label1\" content=\"Dur\u00e9e de lecture estim\u00e9e\" \/>\n\t<meta name=\"twitter:data1\" content=\"2 minutes\" \/>\n<script type=\"application\/ld+json\" class=\"yoast-schema-graph\">{\"@context\":\"https:\/\/schema.org\",\"@graph\":[{\"@type\":\"WebPage\",\"@id\":\"https:\/\/petproducts.com.cn\/product\/teaser-cat-interactive-toy-valentine-plush-rose\/\",\"url\":\"https:\/\/petproducts.com.cn\/product\/teaser-cat-interactive-toy-valentine-plush-rose\/\",\"name\":\"Teaser Cat Interactive Toy Valentine Plush Rose - Petstar\",\"isPartOf\":{\"@id\":\"https:\/\/petproducts.com.cn\/#website\"},\"primaryImageOfPage\":{\"@id\":\"https:\/\/petproducts.com.cn\/product\/teaser-cat-interactive-toy-valentine-plush-rose\/#primaryimage\"},\"image\":{\"@id\":\"https:\/\/petproducts.com.cn\/product\/teaser-cat-interactive-toy-valentine-plush-rose\/#primaryimage\"},\"thumbnailUrl\":\"https:\/\/petproducts.com.cn\/wp-content\/uploads\/2023\/09\/YT202204037.webp\",\"datePublished\":\"2023-09-09T06:52:01+00:00\",\"dateModified\":\"2025-01-24T01:42:54+00:00\",\"description\":\"teaser cat toy manufaturer,we have over 20 years of manufacturing experience in the pet products,more than 8,000 pet accessories in various range\",\"breadcrumb\":{\"@id\":\"https:\/\/petproducts.com.cn\/product\/teaser-cat-interactive-toy-valentine-plush-rose\/#breadcrumb\"},\"inLanguage\":\"fr-FR\",\"potentialAction\":[{\"@type\":\"ReadAction\",\"target\":[\"https:\/\/petproducts.com.cn\/product\/teaser-cat-interactive-toy-valentine-plush-rose\/\"]}]},{\"@type\":\"ImageObject\",\"inLanguage\":\"fr-FR\",\"@id\":\"https:\/\/petproducts.com.cn\/product\/teaser-cat-interactive-toy-valentine-plush-rose\/#primaryimage\",\"url\":\"https:\/\/petproducts.com.cn\/wp-content\/uploads\/2023\/09\/YT202204037.webp\",\"contentUrl\":\"https:\/\/petproducts.com.cn\/wp-content\/uploads\/2023\/09\/YT202204037.webp\",\"width\":800,\"height\":800,\"caption\":\"teaser cat toy\"},{\"@type\":\"BreadcrumbList\",\"@id\":\"https:\/\/petproducts.com.cn\/product\/teaser-cat-interactive-toy-valentine-plush-rose\/#breadcrumb\",\"itemListElement\":[{\"@type\":\"ListItem\",\"position\":1,\"name\":\"HOME\",\"item\":\"https:\/\/petproducts.com.cn\/\"},{\"@type\":\"ListItem\",\"position\":2,\"name\":\"Products\",\"item\":\"https:\/\/petproducts.com.cn\/shop\/\"},{\"@type\":\"ListItem\",\"position\":3,\"name\":\"Cat Supplies\",\"item\":\"https:\/\/petproducts.com.cn\/product-category\/cat-supplies\/\"},{\"@type\":\"ListItem\",\"position\":4,\"name\":\"Teaser Cat Interactive Toy Valentine Plush Rose\"}]},{\"@type\":\"WebSite\",\"@id\":\"https:\/\/petproducts.com.cn\/#website\",\"url\":\"https:\/\/petproducts.com.cn\/\",\"name\":\"Petstar\",\"description\":\"Leading Pet Supplies Manufacturer &amp; OEM Pet Products Supplier\",\"publisher\":{\"@id\":\"https:\/\/petproducts.com.cn\/#organization\"},\"alternateName\":\"Petstar Pet Supplies\",\"potentialAction\":[{\"@type\":\"SearchAction\",\"target\":{\"@type\":\"EntryPoint\",\"urlTemplate\":\"https:\/\/petproducts.com.cn\/?s={search_term_string}\"},\"query-input\":{\"@type\":\"PropertyValueSpecification\",\"valueRequired\":true,\"valueName\":\"search_term_string\"}}],\"inLanguage\":\"fr-FR\"},{\"@type\":\"Organization\",\"@id\":\"https:\/\/petproducts.com.cn\/#organization\",\"name\":\"Petstar\",\"url\":\"https:\/\/petproducts.com.cn\/\",\"logo\":{\"@type\":\"ImageObject\",\"inLanguage\":\"fr-FR\",\"@id\":\"https:\/\/petproducts.com.cn\/#\/schema\/logo\/image\/\",\"url\":\"https:\/\/petproducts.com.cn\/wp-content\/uploads\/2020\/02\/petstar-logo.webp\",\"contentUrl\":\"https:\/\/petproducts.com.cn\/wp-content\/uploads\/2020\/02\/petstar-logo.webp\",\"width\":779,\"height\":520,\"caption\":\"Petstar\"},\"image\":{\"@id\":\"https:\/\/petproducts.com.cn\/#\/schema\/logo\/image\/\"}}]}<\/script>\n<!-- \/ Yoast SEO plugin. -->","yoast_head_json":{"title":"Jouet interactif Teaser Cat Valentine Peluche Rose - Petstar","description":"Fabricant de jouets pour chats, nous avons plus de 20 ans d'exp\u00e9rience dans la fabrication de produits pour animaux de compagnie, plus de 8 000 accessoires pour animaux de compagnie dans diff\u00e9rentes gammes.","robots":{"index":"index","follow":"follow","max-snippet":"max-snippet:-1","max-image-preview":"max-image-preview:large","max-video-preview":"max-video-preview:-1"},"canonical":"https:\/\/petproducts.com.cn\/fr\/produit\/teaser-cat-interactive-toy-valentine-plush-rose\/","og_locale":"fr_FR","og_type":"article","og_title":"Teaser Cat Interactive Toy Valentine Plush Rose - Petstar","og_description":"teaser cat toy manufaturer,we have over 20 years of manufacturing experience in the pet products,more than 8,000 pet accessories in various range","og_url":"https:\/\/petproducts.com.cn\/fr\/produit\/teaser-cat-interactive-toy-valentine-plush-rose\/","og_site_name":"Petstar","article_modified_time":"2025-01-24T01:42:54+00:00","og_image":[{"width":800,"height":800,"url":"https:\/\/petproducts.com.cn\/wp-content\/uploads\/2023\/09\/YT202204037.webp","type":"image\/webp"}],"twitter_card":"summary_large_image","twitter_misc":{"Dur\u00e9e de lecture estim\u00e9e":"2 minutes"},"schema":{"@context":"https:\/\/schema.org","@graph":[{"@type":"WebPage","@id":"https:\/\/petproducts.com.cn\/product\/teaser-cat-interactive-toy-valentine-plush-rose\/","url":"https:\/\/petproducts.com.cn\/product\/teaser-cat-interactive-toy-valentine-plush-rose\/","name":"Jouet interactif Teaser Cat Valentine Peluche Rose - Petstar","isPartOf":{"@id":"https:\/\/petproducts.com.cn\/#website"},"primaryImageOfPage":{"@id":"https:\/\/petproducts.com.cn\/product\/teaser-cat-interactive-toy-valentine-plush-rose\/#primaryimage"},"image":{"@id":"https:\/\/petproducts.com.cn\/product\/teaser-cat-interactive-toy-valentine-plush-rose\/#primaryimage"},"thumbnailUrl":"https:\/\/petproducts.com.cn\/wp-content\/uploads\/2023\/09\/YT202204037.webp","datePublished":"2023-09-09T06:52:01+00:00","dateModified":"2025-01-24T01:42:54+00:00","description":"Fabricant de jouets pour chats, nous avons plus de 20 ans d'exp\u00e9rience dans la fabrication de produits pour animaux de compagnie, plus de 8 000 accessoires pour animaux de compagnie dans diff\u00e9rentes gammes.","breadcrumb":{"@id":"https:\/\/petproducts.com.cn\/product\/teaser-cat-interactive-toy-valentine-plush-rose\/#breadcrumb"},"inLanguage":"fr-FR","potentialAction":[{"@type":"ReadAction","target":["https:\/\/petproducts.com.cn\/product\/teaser-cat-interactive-toy-valentine-plush-rose\/"]}]},{"@type":"ImageObject","inLanguage":"fr-FR","@id":"https:\/\/petproducts.com.cn\/product\/teaser-cat-interactive-toy-valentine-plush-rose\/#primaryimage","url":"https:\/\/petproducts.com.cn\/wp-content\/uploads\/2023\/09\/YT202204037.webp","contentUrl":"https:\/\/petproducts.com.cn\/wp-content\/uploads\/2023\/09\/YT202204037.webp","width":800,"height":800,"caption":"teaser cat toy"},{"@type":"BreadcrumbList","@id":"https:\/\/petproducts.com.cn\/product\/teaser-cat-interactive-toy-valentine-plush-rose\/#breadcrumb","itemListElement":[{"@type":"ListItem","position":1,"name":"HOME","item":"https:\/\/petproducts.com.cn\/"},{"@type":"ListItem","position":2,"name":"Products","item":"https:\/\/petproducts.com.cn\/shop\/"},{"@type":"ListItem","position":3,"name":"Cat Supplies","item":"https:\/\/petproducts.com.cn\/product-category\/cat-supplies\/"},{"@type":"ListItem","position":4,"name":"Teaser Cat Interactive Toy Valentine Plush Rose"}]},{"@type":"WebSite","@id":"https:\/\/petproducts.com.cn\/#website","url":"https:\/\/petproducts.com.cn\/","name":"Petstar","description":"Fabricant leader de fournitures pour animaux de compagnie et fournisseur OEM de produits pour animaux de compagnie","publisher":{"@id":"https:\/\/petproducts.com.cn\/#organization"},"alternateName":"Petstar Pet Supplies","potentialAction":[{"@type":"SearchAction","target":{"@type":"EntryPoint","urlTemplate":"https:\/\/petproducts.com.cn\/?s={search_term_string}"},"query-input":{"@type":"PropertyValueSpecification","valueRequired":true,"valueName":"search_term_string"}}],"inLanguage":"fr-FR"},{"@type":"Organization","@id":"https:\/\/petproducts.com.cn\/#organization","name":"Petstar","url":"https:\/\/petproducts.com.cn\/","logo":{"@type":"ImageObject","inLanguage":"fr-FR","@id":"https:\/\/petproducts.com.cn\/#\/schema\/logo\/image\/","url":"https:\/\/petproducts.com.cn\/wp-content\/uploads\/2020\/02\/petstar-logo.webp","contentUrl":"https:\/\/petproducts.com.cn\/wp-content\/uploads\/2020\/02\/petstar-logo.webp","width":779,"height":520,"caption":"Petstar"},"image":{"@id":"https:\/\/petproducts.com.cn\/#\/schema\/logo\/image\/"}}]}},"_links":{"self":[{"href":"https:\/\/petproducts.com.cn\/fr\/wp-json\/wp\/v2\/product\/8639","targetHints":{"allow":["GET"]}}],"collection":[{"href":"https:\/\/petproducts.com.cn\/fr\/wp-json\/wp\/v2\/product"}],"about":[{"href":"https:\/\/petproducts.com.cn\/fr\/wp-json\/wp\/v2\/types\/product"}],"version-history":[{"count":2,"href":"https:\/\/petproducts.com.cn\/fr\/wp-json\/wp\/v2\/product\/8639\/revisions"}],"predecessor-version":[{"id":11804,"href":"https:\/\/petproducts.com.cn\/fr\/wp-json\/wp\/v2\/product\/8639\/revisions\/11804"}],"wp:featuredmedia":[{"embeddable":true,"href":"https:\/\/petproducts.com.cn\/fr\/wp-json\/wp\/v2\/media\/8643"}],"wp:attachment":[{"href":"https:\/\/petproducts.com.cn\/fr\/wp-json\/wp\/v2\/media?parent=8639"}],"wp:term":[{"taxonomy":"product_brand","embeddable":true,"href":"https:\/\/petproducts.com.cn\/fr\/wp-json\/wp\/v2\/product_brand?post=8639"},{"taxonomy":"product_cat","embeddable":true,"href":"https:\/\/petproducts.com.cn\/fr\/wp-json\/wp\/v2\/product_cat?post=8639"},{"taxonomy":"product_tag","embeddable":true,"href":"https:\/\/petproducts.com.cn\/fr\/wp-json\/wp\/v2\/product_tag?post=8639"}],"curies":[{"name":"wp","href":"https:\/\/api.w.org\/{rel}","templated":true}]}}