{"id":8777,"date":"2023-09-11T05:39:37","date_gmt":"2023-09-11T05:39:37","guid":{"rendered":"https:\/\/petproducts.com.cn\/?post_type=product&#038;p=8777"},"modified":"2025-02-20T05:19:42","modified_gmt":"2025-02-20T05:19:42","slug":"cat-tunnel-toys-yellow-tent-tunnel-wtih-scratcher-ball","status":"publish","type":"product","link":"https:\/\/petproducts.com.cn\/fr\/product\/cat-tunnel-toys-yellow-tent-tunnel-wtih-scratcher-ball\/","title":{"rendered":"Tunnel pour chat jouets tunnel de tente jaune avec boule \u00e0 gratter"},"content":{"rendered":"<h2>Wholesale Cat Tunnel Toys - Tunnel de tente jaune avec balle \u00e0 gratter<\/h2>\n<p>Vous \u00eates \u00e0 la recherche d'un jouet amusant et captivant pour les chats ? Petstar propose en gros des jouets tunnels pour chats qui procureront \u00e0 coup s\u00fbr un divertissement sans fin \u00e0 vos amis f\u00e9lins. Notre tunnel jaune avec balle \u00e0 gratter est non seulement interactif, mais il offre \u00e9galement un espace confortable pour que vos chats puissent jouer et se d\u00e9tendre.<\/p>\n<p>1. design interactif : Notre jouet tunnel pour chat pr\u00e9sente un design de tente jaune vibrant avec un tunnel attach\u00e9 et une balle \u00e0 gratter. Le tunnel offre aux chats un espace passionnant pour explorer et se cacher, tandis que la balle \u00e0 gratter ajoute un \u00e9l\u00e9ment ludique suppl\u00e9mentaire. C'est le jouet id\u00e9al pour garder les chats actifs et occup\u00e9s.<\/p>\n<p>2. durable et s\u00fbr : Le jouet tunnel pour chat est fabriqu\u00e9 \u00e0 partir de mat\u00e9riaux de haute qualit\u00e9, ce qui garantit sa durabilit\u00e9 et sa s\u00e9curit\u00e9 pendant le jeu. Le tunnel est robuste et peut supporter que les chats y courent, tandis que la balle \u00e0 gratter est con\u00e7ue avec des mat\u00e9riaux adapt\u00e9s aux chats. Vos clients peuvent \u00eatre s\u00fbrs qu'ils ach\u00e8tent un jouet fiable et s\u00fbr pour leurs animaux de compagnie bien-aim\u00e9s.<\/p>\n<p>3) Services de personnalisation en gros : Chez Petstar, nous offrons des services de personnalisation en gros pour r\u00e9pondre aux besoins uniques de votre entreprise. Que vous souhaitiez ajouter votre logo, choisir des couleurs diff\u00e9rentes ou cr\u00e9er un th\u00e8me sp\u00e9cifique, nous pouvons vous aider \u00e0 donner vie \u00e0 votre vision. Faites en sorte que vos jouets pour tunnel \u00e0 chat se distinguent avec des designs personnalis\u00e9s qui s'alignent sur votre marque.<\/p>\n<p>4. promouvoir l'exercice et la relaxation : Nos jouets tunnels pour chats offrent non seulement de l'exercice, mais aussi un espace douillet o\u00f9 les chats peuvent se d\u00e9tendre. Le tunnel encourage l'activit\u00e9 physique et stimule leurs instincts naturels, tandis que la tente cr\u00e9e un sentiment de s\u00e9curit\u00e9 pour que les chats se d\u00e9tendent et se reposent. C'est la combinaison parfaite entre le jeu et la d\u00e9tente.<\/p>\n<p>5. th\u00e8me du design : Nos jouets tunnels pour chats ont un design mignon et joyeux sur le th\u00e8me des l\u00e9gumes. La couleur jaune et les adorables motifs de l\u00e9gumes rendent le jouet visuellement attrayant pour les chats et leurs propri\u00e9taires. Laissez vos clients appr\u00e9cier la fantaisie et le charme de nos jouets pour chats inspir\u00e9s des l\u00e9gumes.<\/p>\n<p>Choisissez Petstar pour des jouets pour chats de haute qualit\u00e9 et personnalisables qui permettront aux compagnons f\u00e9lins de vos clients de se divertir et d'\u00eatre heureux. Gr\u00e2ce \u00e0 nos services de personnalisation en gros, vous pouvez fournir des produits uniques et personnalis\u00e9s qui se d\u00e9marquent sur le march\u00e9. Rendez l'heure du jeu encore plus excitante avec nos jouets tunnels pour chats !<\/p>","protected":false},"excerpt":{"rendered":"<p>Nous sommes un fabricant de jouets de tunnel pour chat avec plus de 20 ans d'exp\u00e9rience. Nous offrons des options de personnalisation pour la couleur, la taille, le tissu, le motif, le logo et d'autres caract\u00e9ristiques.<\/p>","protected":false},"featured_media":8789,"template":"","meta":{"_acf_changed":false},"product_brand":[],"product_cat":[71,81],"product_tag":[288],"class_list":{"0":"post-8777","1":"product","2":"type-product","3":"status-publish","4":"has-post-thumbnail","6":"product_cat-cat-supplies","7":"product_cat-cat-toys","8":"product_tag-cat-tunnel-toys","10":"first","11":"instock","12":"shipping-taxable","13":"product-type-simple"},"acf":[],"yoast_head":"<!-- This site is optimized with the Yoast SEO plugin v27.1.1 - https:\/\/yoast.com\/product\/yoast-seo-wordpress\/ -->\n<title>Cat Tunnel Toys Yellow Tent Tunnel Wtih Scratcher Ball - Petstar<\/title>\n<meta name=\"description\" content=\"cat tunnel toys manufaturer,we have over 20 years of manufacturing experience in the pet products,more than 8,000 pet accessories in various range\" \/>\n<meta name=\"robots\" content=\"index, follow, max-snippet:-1, max-image-preview:large, max-video-preview:-1\" \/>\n<link rel=\"canonical\" href=\"https:\/\/petproducts.com.cn\/fr\/produit\/cat-tunnel-toys-yellow-tent-tunnel-wtih-scratcher-ball\/\" \/>\n<meta property=\"og:locale\" content=\"fr_FR\" \/>\n<meta property=\"og:type\" content=\"article\" \/>\n<meta property=\"og:title\" content=\"Cat Tunnel Toys Yellow Tent Tunnel Wtih Scratcher Ball - Petstar\" \/>\n<meta property=\"og:description\" content=\"cat tunnel toys manufaturer,we have over 20 years of manufacturing experience in the pet products,more than 8,000 pet accessories in various range\" \/>\n<meta property=\"og:url\" content=\"https:\/\/petproducts.com.cn\/fr\/produit\/cat-tunnel-toys-yellow-tent-tunnel-wtih-scratcher-ball\/\" \/>\n<meta property=\"og:site_name\" content=\"Petstar\" \/>\n<meta property=\"article:modified_time\" content=\"2025-02-20T05:19:42+00:00\" \/>\n<meta property=\"og:image\" content=\"https:\/\/petproducts.com.cn\/wp-content\/uploads\/2023\/09\/YT2022000457.webp\" \/>\n\t<meta property=\"og:image:width\" content=\"800\" \/>\n\t<meta property=\"og:image:height\" content=\"800\" \/>\n\t<meta property=\"og:image:type\" content=\"image\/webp\" \/>\n<meta name=\"twitter:card\" content=\"summary_large_image\" \/>\n<meta name=\"twitter:label1\" content=\"Dur\u00e9e de lecture estim\u00e9e\" \/>\n\t<meta name=\"twitter:data1\" content=\"2 minutes\" \/>\n<script type=\"application\/ld+json\" class=\"yoast-schema-graph\">{\"@context\":\"https:\/\/schema.org\",\"@graph\":[{\"@type\":\"WebPage\",\"@id\":\"https:\/\/petproducts.com.cn\/product\/cat-tunnel-toys-yellow-tent-tunnel-wtih-scratcher-ball\/\",\"url\":\"https:\/\/petproducts.com.cn\/product\/cat-tunnel-toys-yellow-tent-tunnel-wtih-scratcher-ball\/\",\"name\":\"Cat Tunnel Toys Yellow Tent Tunnel Wtih Scratcher Ball - Petstar\",\"isPartOf\":{\"@id\":\"https:\/\/petproducts.com.cn\/#website\"},\"primaryImageOfPage\":{\"@id\":\"https:\/\/petproducts.com.cn\/product\/cat-tunnel-toys-yellow-tent-tunnel-wtih-scratcher-ball\/#primaryimage\"},\"image\":{\"@id\":\"https:\/\/petproducts.com.cn\/product\/cat-tunnel-toys-yellow-tent-tunnel-wtih-scratcher-ball\/#primaryimage\"},\"thumbnailUrl\":\"https:\/\/petproducts.com.cn\/wp-content\/uploads\/2023\/09\/YT2022000457.webp\",\"datePublished\":\"2023-09-11T05:39:37+00:00\",\"dateModified\":\"2025-02-20T05:19:42+00:00\",\"description\":\"cat tunnel toys manufaturer,we have over 20 years of manufacturing experience in the pet products,more than 8,000 pet accessories in various range\",\"breadcrumb\":{\"@id\":\"https:\/\/petproducts.com.cn\/product\/cat-tunnel-toys-yellow-tent-tunnel-wtih-scratcher-ball\/#breadcrumb\"},\"inLanguage\":\"fr-FR\",\"potentialAction\":[{\"@type\":\"ReadAction\",\"target\":[\"https:\/\/petproducts.com.cn\/product\/cat-tunnel-toys-yellow-tent-tunnel-wtih-scratcher-ball\/\"]}]},{\"@type\":\"ImageObject\",\"inLanguage\":\"fr-FR\",\"@id\":\"https:\/\/petproducts.com.cn\/product\/cat-tunnel-toys-yellow-tent-tunnel-wtih-scratcher-ball\/#primaryimage\",\"url\":\"https:\/\/petproducts.com.cn\/wp-content\/uploads\/2023\/09\/YT2022000457.webp\",\"contentUrl\":\"https:\/\/petproducts.com.cn\/wp-content\/uploads\/2023\/09\/YT2022000457.webp\",\"width\":800,\"height\":800,\"caption\":\"cat tunnel toys\"},{\"@type\":\"BreadcrumbList\",\"@id\":\"https:\/\/petproducts.com.cn\/product\/cat-tunnel-toys-yellow-tent-tunnel-wtih-scratcher-ball\/#breadcrumb\",\"itemListElement\":[{\"@type\":\"ListItem\",\"position\":1,\"name\":\"HOME\",\"item\":\"https:\/\/petproducts.com.cn\/\"},{\"@type\":\"ListItem\",\"position\":2,\"name\":\"Products\",\"item\":\"https:\/\/petproducts.com.cn\/shop\/\"},{\"@type\":\"ListItem\",\"position\":3,\"name\":\"Cat Supplies\",\"item\":\"https:\/\/petproducts.com.cn\/product-category\/cat-supplies\/\"},{\"@type\":\"ListItem\",\"position\":4,\"name\":\"Cat Tunnel Toys Yellow Tent Tunnel Wtih Scratcher Ball\"}]},{\"@type\":\"WebSite\",\"@id\":\"https:\/\/petproducts.com.cn\/#website\",\"url\":\"https:\/\/petproducts.com.cn\/\",\"name\":\"Petstar\",\"description\":\"Leading Pet Supplies Manufacturer &amp; OEM Pet Products Supplier\",\"publisher\":{\"@id\":\"https:\/\/petproducts.com.cn\/#organization\"},\"alternateName\":\"Petstar Pet Supplies\",\"potentialAction\":[{\"@type\":\"SearchAction\",\"target\":{\"@type\":\"EntryPoint\",\"urlTemplate\":\"https:\/\/petproducts.com.cn\/?s={search_term_string}\"},\"query-input\":{\"@type\":\"PropertyValueSpecification\",\"valueRequired\":true,\"valueName\":\"search_term_string\"}}],\"inLanguage\":\"fr-FR\"},{\"@type\":\"Organization\",\"@id\":\"https:\/\/petproducts.com.cn\/#organization\",\"name\":\"Petstar\",\"url\":\"https:\/\/petproducts.com.cn\/\",\"logo\":{\"@type\":\"ImageObject\",\"inLanguage\":\"fr-FR\",\"@id\":\"https:\/\/petproducts.com.cn\/#\/schema\/logo\/image\/\",\"url\":\"https:\/\/petproducts.com.cn\/wp-content\/uploads\/2020\/02\/petstar-logo.webp\",\"contentUrl\":\"https:\/\/petproducts.com.cn\/wp-content\/uploads\/2020\/02\/petstar-logo.webp\",\"width\":779,\"height\":520,\"caption\":\"Petstar\"},\"image\":{\"@id\":\"https:\/\/petproducts.com.cn\/#\/schema\/logo\/image\/\"}}]}<\/script>\n<!-- \/ Yoast SEO plugin. -->","yoast_head_json":{"title":"Jouets Tunnel pour chat Tunnel de tente jaune avec balle \u00e0 gratter - Petstar","description":"Nous avons plus de 20 ans d'exp\u00e9rience dans la fabrication de produits pour animaux de compagnie, plus de 8 000 accessoires pour animaux de compagnie dans diff\u00e9rentes gammes.","robots":{"index":"index","follow":"follow","max-snippet":"max-snippet:-1","max-image-preview":"max-image-preview:large","max-video-preview":"max-video-preview:-1"},"canonical":"https:\/\/petproducts.com.cn\/fr\/produit\/cat-tunnel-toys-yellow-tent-tunnel-wtih-scratcher-ball\/","og_locale":"fr_FR","og_type":"article","og_title":"Cat Tunnel Toys Yellow Tent Tunnel Wtih Scratcher Ball - Petstar","og_description":"cat tunnel toys manufaturer,we have over 20 years of manufacturing experience in the pet products,more than 8,000 pet accessories in various range","og_url":"https:\/\/petproducts.com.cn\/fr\/produit\/cat-tunnel-toys-yellow-tent-tunnel-wtih-scratcher-ball\/","og_site_name":"Petstar","article_modified_time":"2025-02-20T05:19:42+00:00","og_image":[{"width":800,"height":800,"url":"https:\/\/petproducts.com.cn\/wp-content\/uploads\/2023\/09\/YT2022000457.webp","type":"image\/webp"}],"twitter_card":"summary_large_image","twitter_misc":{"Dur\u00e9e de lecture estim\u00e9e":"2 minutes"},"schema":{"@context":"https:\/\/schema.org","@graph":[{"@type":"WebPage","@id":"https:\/\/petproducts.com.cn\/product\/cat-tunnel-toys-yellow-tent-tunnel-wtih-scratcher-ball\/","url":"https:\/\/petproducts.com.cn\/product\/cat-tunnel-toys-yellow-tent-tunnel-wtih-scratcher-ball\/","name":"Jouets Tunnel pour chat Tunnel de tente jaune avec balle \u00e0 gratter - Petstar","isPartOf":{"@id":"https:\/\/petproducts.com.cn\/#website"},"primaryImageOfPage":{"@id":"https:\/\/petproducts.com.cn\/product\/cat-tunnel-toys-yellow-tent-tunnel-wtih-scratcher-ball\/#primaryimage"},"image":{"@id":"https:\/\/petproducts.com.cn\/product\/cat-tunnel-toys-yellow-tent-tunnel-wtih-scratcher-ball\/#primaryimage"},"thumbnailUrl":"https:\/\/petproducts.com.cn\/wp-content\/uploads\/2023\/09\/YT2022000457.webp","datePublished":"2023-09-11T05:39:37+00:00","dateModified":"2025-02-20T05:19:42+00:00","description":"Nous avons plus de 20 ans d'exp\u00e9rience dans la fabrication de produits pour animaux de compagnie, plus de 8 000 accessoires pour animaux de compagnie dans diff\u00e9rentes gammes.","breadcrumb":{"@id":"https:\/\/petproducts.com.cn\/product\/cat-tunnel-toys-yellow-tent-tunnel-wtih-scratcher-ball\/#breadcrumb"},"inLanguage":"fr-FR","potentialAction":[{"@type":"ReadAction","target":["https:\/\/petproducts.com.cn\/product\/cat-tunnel-toys-yellow-tent-tunnel-wtih-scratcher-ball\/"]}]},{"@type":"ImageObject","inLanguage":"fr-FR","@id":"https:\/\/petproducts.com.cn\/product\/cat-tunnel-toys-yellow-tent-tunnel-wtih-scratcher-ball\/#primaryimage","url":"https:\/\/petproducts.com.cn\/wp-content\/uploads\/2023\/09\/YT2022000457.webp","contentUrl":"https:\/\/petproducts.com.cn\/wp-content\/uploads\/2023\/09\/YT2022000457.webp","width":800,"height":800,"caption":"cat tunnel toys"},{"@type":"BreadcrumbList","@id":"https:\/\/petproducts.com.cn\/product\/cat-tunnel-toys-yellow-tent-tunnel-wtih-scratcher-ball\/#breadcrumb","itemListElement":[{"@type":"ListItem","position":1,"name":"HOME","item":"https:\/\/petproducts.com.cn\/"},{"@type":"ListItem","position":2,"name":"Products","item":"https:\/\/petproducts.com.cn\/shop\/"},{"@type":"ListItem","position":3,"name":"Cat Supplies","item":"https:\/\/petproducts.com.cn\/product-category\/cat-supplies\/"},{"@type":"ListItem","position":4,"name":"Cat Tunnel Toys Yellow Tent Tunnel Wtih Scratcher Ball"}]},{"@type":"WebSite","@id":"https:\/\/petproducts.com.cn\/#website","url":"https:\/\/petproducts.com.cn\/","name":"Petstar","description":"Fabricant leader de fournitures pour animaux de compagnie et fournisseur OEM de produits pour animaux de compagnie","publisher":{"@id":"https:\/\/petproducts.com.cn\/#organization"},"alternateName":"Petstar Pet Supplies","potentialAction":[{"@type":"SearchAction","target":{"@type":"EntryPoint","urlTemplate":"https:\/\/petproducts.com.cn\/?s={search_term_string}"},"query-input":{"@type":"PropertyValueSpecification","valueRequired":true,"valueName":"search_term_string"}}],"inLanguage":"fr-FR"},{"@type":"Organization","@id":"https:\/\/petproducts.com.cn\/#organization","name":"Petstar","url":"https:\/\/petproducts.com.cn\/","logo":{"@type":"ImageObject","inLanguage":"fr-FR","@id":"https:\/\/petproducts.com.cn\/#\/schema\/logo\/image\/","url":"https:\/\/petproducts.com.cn\/wp-content\/uploads\/2020\/02\/petstar-logo.webp","contentUrl":"https:\/\/petproducts.com.cn\/wp-content\/uploads\/2020\/02\/petstar-logo.webp","width":779,"height":520,"caption":"Petstar"},"image":{"@id":"https:\/\/petproducts.com.cn\/#\/schema\/logo\/image\/"}}]}},"_links":{"self":[{"href":"https:\/\/petproducts.com.cn\/fr\/wp-json\/wp\/v2\/product\/8777","targetHints":{"allow":["GET"]}}],"collection":[{"href":"https:\/\/petproducts.com.cn\/fr\/wp-json\/wp\/v2\/product"}],"about":[{"href":"https:\/\/petproducts.com.cn\/fr\/wp-json\/wp\/v2\/types\/product"}],"version-history":[{"count":2,"href":"https:\/\/petproducts.com.cn\/fr\/wp-json\/wp\/v2\/product\/8777\/revisions"}],"predecessor-version":[{"id":11803,"href":"https:\/\/petproducts.com.cn\/fr\/wp-json\/wp\/v2\/product\/8777\/revisions\/11803"}],"wp:featuredmedia":[{"embeddable":true,"href":"https:\/\/petproducts.com.cn\/fr\/wp-json\/wp\/v2\/media\/8789"}],"wp:attachment":[{"href":"https:\/\/petproducts.com.cn\/fr\/wp-json\/wp\/v2\/media?parent=8777"}],"wp:term":[{"taxonomy":"product_brand","embeddable":true,"href":"https:\/\/petproducts.com.cn\/fr\/wp-json\/wp\/v2\/product_brand?post=8777"},{"taxonomy":"product_cat","embeddable":true,"href":"https:\/\/petproducts.com.cn\/fr\/wp-json\/wp\/v2\/product_cat?post=8777"},{"taxonomy":"product_tag","embeddable":true,"href":"https:\/\/petproducts.com.cn\/fr\/wp-json\/wp\/v2\/product_tag?post=8777"}],"curies":[{"name":"wp","href":"https:\/\/api.w.org\/{rel}","templated":true}]}}