{"id":8804,"date":"2023-09-11T06:20:05","date_gmt":"2023-09-11T06:20:05","guid":{"rendered":"https:\/\/petproducts.com.cn\/?post_type=product&#038;p=8804"},"modified":"2025-02-20T05:19:36","modified_gmt":"2025-02-20T05:19:36","slug":"cat-carrot-tunnel-toy-scratcher-tent-manufacturer","status":"publish","type":"product","link":"https:\/\/petproducts.com.cn\/fr\/product\/cat-carrot-tunnel-toy-scratcher-tent-manufacturer\/","title":{"rendered":"Fabricant de tente \u00e0 gratter pour jouets tunnel de carottes pour chats"},"content":{"rendered":"<h2>Grossiste Jouet Tunnel Carotte pour chat - Tente de grattage fabricant<\/h2>\n<p>Vous cherchez un jouet unique et amusant pour les chats ? Petstar est un fabricant de premier plan de produits pour animaux de compagnie, et nous sommes fiers de vous proposer le jouet tunnel pour chat. Avec son adorable design de carotte et ses fonctions interactives, ce jouet est s\u00fbr d'\u00eatre un succ\u00e8s pour les chats et leurs propri\u00e9taires.<\/p>\n<p>1) Tunnel en forme de carotte pour chat : Notre lit tunnel pour chat pr\u00e9sente une couleur orange vibrante et un design amusant en forme de carotte. Le design du tunnel fournit un espace stimulant et engageant pour que les chats puissent explorer, jouer et faire de l'exercice. L'aspect mignon de la carotte ajoute une touche de fantaisie \u00e0 toute collection de jouets pour chats.<\/p>\n<p>2. l\u00e9ger et pliable : Nous comprenons l'importance de la commodit\u00e9 pour les entreprises et les propri\u00e9taires d'animaux. Le tunnel \u00e0 carottes pour chats est l\u00e9ger et facile \u00e0 transporter, ce qui le rend id\u00e9al pour les d\u00e9taillants en ligne, les animaleries et les grossistes. En outre, il peut \u00eatre facilement pli\u00e9 et rang\u00e9 lorsqu'il n'est pas utilis\u00e9, ce qui permet d'\u00e9conomiser de l'espace et de le ranger sans probl\u00e8me.<\/p>\n<p>3) Tunnel de carottes pour chat durable et s\u00fbr : Fabriqu\u00e9 \u00e0 partir de mat\u00e9riaux de haute qualit\u00e9, notre jouet garantit une durabilit\u00e9 pour des heures de jeu tout en offrant une construction non toxique qui donne la priorit\u00e9 \u00e0 la s\u00e9curit\u00e9 du chat et \u00e0 la tranquillit\u00e9 d'esprit de son propri\u00e9taire.<\/p>\n<p>4) Services de personnalisation en gros : Chez Petstar, nous offrons des services de personnalisation en gros pour r\u00e9pondre \u00e0 vos besoins commerciaux. Ajoutez votre logo ou personnalisez les couleurs pour cr\u00e9er des jouets personnalis\u00e9s en forme de tunnel de carotte pour chat qui correspondent \u00e0 votre image de marque. D\u00e9marquez-vous de vos concurrents avec des produits personnalis\u00e9s.<\/p>\n<p>5. favorise l'exercice et l'amusement : Le jouet tunnel de carotte pour chat ne se contente pas d'amuser les chats, il encourage \u00e9galement l'activit\u00e9 physique et la stimulation mentale. Les chats peuvent courir dans le tunnel, sauter sur la carotte ou simplement se d\u00e9tendre \u00e0 l'int\u00e9rieur. C'est un jouet polyvalent qui favorise l'exercice et offre des heures de divertissement sans fin.<\/p>\n<p>Choisissez Petstar comme votre partenaire de confiance pour des jouets pour chats de haute qualit\u00e9. Notre jouet Tunnel de carottes pour chat combine durabilit\u00e9, cr\u00e9ativit\u00e9 et interactivit\u00e9 pour offrir une exp\u00e9rience de jeu unique. Prenez contact avec nous d\u00e8s maintenant et faisons du temps de jeu des chats une aventure d\u00e9licieuse !<\/p>","protected":false},"excerpt":{"rendered":"<p>Nous sommes un fabricant de jouets de tunnel pour chat avec plus de 20 ans d'exp\u00e9rience. Nous offrons des options de personnalisation pour la couleur, la taille, le tissu, le motif, le logo et d'autres caract\u00e9ristiques.<\/p>","protected":false},"featured_media":8810,"template":"","meta":{"_acf_changed":false},"product_brand":[],"product_cat":[71,81],"product_tag":[288],"class_list":{"0":"post-8804","1":"product","2":"type-product","3":"status-publish","4":"has-post-thumbnail","6":"product_cat-cat-supplies","7":"product_cat-cat-toys","8":"product_tag-cat-tunnel-toys","10":"first","11":"instock","12":"shipping-taxable","13":"product-type-simple"},"acf":[],"yoast_head":"<!-- This site is optimized with the Yoast SEO plugin v27.1.1 - https:\/\/yoast.com\/product\/yoast-seo-wordpress\/ -->\n<title>Cat Carrot Tunnel Toy Scratcher Tent Manufacturer - Petstar<\/title>\n<meta name=\"description\" content=\"cat tunnel toy manufaturer,we have over 20 years of manufacturing experience in the pet products,more than 8,000 pet accessories in various range\" \/>\n<meta name=\"robots\" content=\"index, follow, max-snippet:-1, max-image-preview:large, max-video-preview:-1\" \/>\n<link rel=\"canonical\" href=\"https:\/\/petproducts.com.cn\/fr\/produit\/cat-carrot-tunnel-toy-scratcher-tent-manufacturer\/\" \/>\n<meta property=\"og:locale\" content=\"fr_FR\" \/>\n<meta property=\"og:type\" content=\"article\" \/>\n<meta property=\"og:title\" content=\"Cat Carrot Tunnel Toy Scratcher Tent Manufacturer - Petstar\" \/>\n<meta property=\"og:description\" content=\"cat tunnel toy manufaturer,we have over 20 years of manufacturing experience in the pet products,more than 8,000 pet accessories in various range\" \/>\n<meta property=\"og:url\" content=\"https:\/\/petproducts.com.cn\/fr\/produit\/cat-carrot-tunnel-toy-scratcher-tent-manufacturer\/\" \/>\n<meta property=\"og:site_name\" content=\"Petstar\" \/>\n<meta property=\"article:modified_time\" content=\"2025-02-20T05:19:36+00:00\" \/>\n<meta property=\"og:image\" content=\"https:\/\/petproducts.com.cn\/wp-content\/uploads\/2023\/09\/YT123113-6.webp\" \/>\n\t<meta property=\"og:image:width\" content=\"1000\" \/>\n\t<meta property=\"og:image:height\" content=\"1000\" \/>\n\t<meta property=\"og:image:type\" content=\"image\/webp\" \/>\n<meta name=\"twitter:card\" content=\"summary_large_image\" \/>\n<meta name=\"twitter:label1\" content=\"Dur\u00e9e de lecture estim\u00e9e\" \/>\n\t<meta name=\"twitter:data1\" content=\"2 minutes\" \/>\n<script type=\"application\/ld+json\" class=\"yoast-schema-graph\">{\"@context\":\"https:\/\/schema.org\",\"@graph\":[{\"@type\":\"WebPage\",\"@id\":\"https:\/\/petproducts.com.cn\/product\/cat-carrot-tunnel-toy-scratcher-tent-manufacturer\/\",\"url\":\"https:\/\/petproducts.com.cn\/product\/cat-carrot-tunnel-toy-scratcher-tent-manufacturer\/\",\"name\":\"Cat Carrot Tunnel Toy Scratcher Tent Manufacturer - Petstar\",\"isPartOf\":{\"@id\":\"https:\/\/petproducts.com.cn\/#website\"},\"primaryImageOfPage\":{\"@id\":\"https:\/\/petproducts.com.cn\/product\/cat-carrot-tunnel-toy-scratcher-tent-manufacturer\/#primaryimage\"},\"image\":{\"@id\":\"https:\/\/petproducts.com.cn\/product\/cat-carrot-tunnel-toy-scratcher-tent-manufacturer\/#primaryimage\"},\"thumbnailUrl\":\"https:\/\/petproducts.com.cn\/wp-content\/uploads\/2023\/09\/YT123113-6.webp\",\"datePublished\":\"2023-09-11T06:20:05+00:00\",\"dateModified\":\"2025-02-20T05:19:36+00:00\",\"description\":\"cat tunnel toy manufaturer,we have over 20 years of manufacturing experience in the pet products,more than 8,000 pet accessories in various range\",\"breadcrumb\":{\"@id\":\"https:\/\/petproducts.com.cn\/product\/cat-carrot-tunnel-toy-scratcher-tent-manufacturer\/#breadcrumb\"},\"inLanguage\":\"fr-FR\",\"potentialAction\":[{\"@type\":\"ReadAction\",\"target\":[\"https:\/\/petproducts.com.cn\/product\/cat-carrot-tunnel-toy-scratcher-tent-manufacturer\/\"]}]},{\"@type\":\"ImageObject\",\"inLanguage\":\"fr-FR\",\"@id\":\"https:\/\/petproducts.com.cn\/product\/cat-carrot-tunnel-toy-scratcher-tent-manufacturer\/#primaryimage\",\"url\":\"https:\/\/petproducts.com.cn\/wp-content\/uploads\/2023\/09\/YT123113-6.webp\",\"contentUrl\":\"https:\/\/petproducts.com.cn\/wp-content\/uploads\/2023\/09\/YT123113-6.webp\",\"width\":1000,\"height\":1000,\"caption\":\"cat tunnel toy\"},{\"@type\":\"BreadcrumbList\",\"@id\":\"https:\/\/petproducts.com.cn\/product\/cat-carrot-tunnel-toy-scratcher-tent-manufacturer\/#breadcrumb\",\"itemListElement\":[{\"@type\":\"ListItem\",\"position\":1,\"name\":\"HOME\",\"item\":\"https:\/\/petproducts.com.cn\/\"},{\"@type\":\"ListItem\",\"position\":2,\"name\":\"Products\",\"item\":\"https:\/\/petproducts.com.cn\/shop\/\"},{\"@type\":\"ListItem\",\"position\":3,\"name\":\"Cat Supplies\",\"item\":\"https:\/\/petproducts.com.cn\/product-category\/cat-supplies\/\"},{\"@type\":\"ListItem\",\"position\":4,\"name\":\"Cat Carrot Tunnel Toy Scratcher Tent Manufacturer\"}]},{\"@type\":\"WebSite\",\"@id\":\"https:\/\/petproducts.com.cn\/#website\",\"url\":\"https:\/\/petproducts.com.cn\/\",\"name\":\"Petstar\",\"description\":\"Leading Pet Supplies Manufacturer &amp; OEM Pet Products Supplier\",\"publisher\":{\"@id\":\"https:\/\/petproducts.com.cn\/#organization\"},\"alternateName\":\"Petstar Pet Supplies\",\"potentialAction\":[{\"@type\":\"SearchAction\",\"target\":{\"@type\":\"EntryPoint\",\"urlTemplate\":\"https:\/\/petproducts.com.cn\/?s={search_term_string}\"},\"query-input\":{\"@type\":\"PropertyValueSpecification\",\"valueRequired\":true,\"valueName\":\"search_term_string\"}}],\"inLanguage\":\"fr-FR\"},{\"@type\":\"Organization\",\"@id\":\"https:\/\/petproducts.com.cn\/#organization\",\"name\":\"Petstar\",\"url\":\"https:\/\/petproducts.com.cn\/\",\"logo\":{\"@type\":\"ImageObject\",\"inLanguage\":\"fr-FR\",\"@id\":\"https:\/\/petproducts.com.cn\/#\/schema\/logo\/image\/\",\"url\":\"https:\/\/petproducts.com.cn\/wp-content\/uploads\/2020\/02\/petstar-logo.webp\",\"contentUrl\":\"https:\/\/petproducts.com.cn\/wp-content\/uploads\/2020\/02\/petstar-logo.webp\",\"width\":779,\"height\":520,\"caption\":\"Petstar\"},\"image\":{\"@id\":\"https:\/\/petproducts.com.cn\/#\/schema\/logo\/image\/\"}}]}<\/script>\n<!-- \/ Yoast SEO plugin. -->","yoast_head_json":{"title":"Chat Tunnel Carotte Jouet Griffoir Tente Fabricant - Petstar","description":"Fabricant de jouets tunnel pour chat, nous avons plus de 20 ans d'exp\u00e9rience dans la fabrication de produits pour animaux de compagnie, plus de 8 000 accessoires pour animaux de compagnie dans diff\u00e9rentes gammes.","robots":{"index":"index","follow":"follow","max-snippet":"max-snippet:-1","max-image-preview":"max-image-preview:large","max-video-preview":"max-video-preview:-1"},"canonical":"https:\/\/petproducts.com.cn\/fr\/produit\/cat-carrot-tunnel-toy-scratcher-tent-manufacturer\/","og_locale":"fr_FR","og_type":"article","og_title":"Cat Carrot Tunnel Toy Scratcher Tent Manufacturer - Petstar","og_description":"cat tunnel toy manufaturer,we have over 20 years of manufacturing experience in the pet products,more than 8,000 pet accessories in various range","og_url":"https:\/\/petproducts.com.cn\/fr\/produit\/cat-carrot-tunnel-toy-scratcher-tent-manufacturer\/","og_site_name":"Petstar","article_modified_time":"2025-02-20T05:19:36+00:00","og_image":[{"width":1000,"height":1000,"url":"https:\/\/petproducts.com.cn\/wp-content\/uploads\/2023\/09\/YT123113-6.webp","type":"image\/webp"}],"twitter_card":"summary_large_image","twitter_misc":{"Dur\u00e9e de lecture estim\u00e9e":"2 minutes"},"schema":{"@context":"https:\/\/schema.org","@graph":[{"@type":"WebPage","@id":"https:\/\/petproducts.com.cn\/product\/cat-carrot-tunnel-toy-scratcher-tent-manufacturer\/","url":"https:\/\/petproducts.com.cn\/product\/cat-carrot-tunnel-toy-scratcher-tent-manufacturer\/","name":"Chat Tunnel Carotte Jouet Griffoir Tente Fabricant - Petstar","isPartOf":{"@id":"https:\/\/petproducts.com.cn\/#website"},"primaryImageOfPage":{"@id":"https:\/\/petproducts.com.cn\/product\/cat-carrot-tunnel-toy-scratcher-tent-manufacturer\/#primaryimage"},"image":{"@id":"https:\/\/petproducts.com.cn\/product\/cat-carrot-tunnel-toy-scratcher-tent-manufacturer\/#primaryimage"},"thumbnailUrl":"https:\/\/petproducts.com.cn\/wp-content\/uploads\/2023\/09\/YT123113-6.webp","datePublished":"2023-09-11T06:20:05+00:00","dateModified":"2025-02-20T05:19:36+00:00","description":"Fabricant de jouets tunnel pour chat, nous avons plus de 20 ans d'exp\u00e9rience dans la fabrication de produits pour animaux de compagnie, plus de 8 000 accessoires pour animaux de compagnie dans diff\u00e9rentes gammes.","breadcrumb":{"@id":"https:\/\/petproducts.com.cn\/product\/cat-carrot-tunnel-toy-scratcher-tent-manufacturer\/#breadcrumb"},"inLanguage":"fr-FR","potentialAction":[{"@type":"ReadAction","target":["https:\/\/petproducts.com.cn\/product\/cat-carrot-tunnel-toy-scratcher-tent-manufacturer\/"]}]},{"@type":"ImageObject","inLanguage":"fr-FR","@id":"https:\/\/petproducts.com.cn\/product\/cat-carrot-tunnel-toy-scratcher-tent-manufacturer\/#primaryimage","url":"https:\/\/petproducts.com.cn\/wp-content\/uploads\/2023\/09\/YT123113-6.webp","contentUrl":"https:\/\/petproducts.com.cn\/wp-content\/uploads\/2023\/09\/YT123113-6.webp","width":1000,"height":1000,"caption":"cat tunnel toy"},{"@type":"BreadcrumbList","@id":"https:\/\/petproducts.com.cn\/product\/cat-carrot-tunnel-toy-scratcher-tent-manufacturer\/#breadcrumb","itemListElement":[{"@type":"ListItem","position":1,"name":"HOME","item":"https:\/\/petproducts.com.cn\/"},{"@type":"ListItem","position":2,"name":"Products","item":"https:\/\/petproducts.com.cn\/shop\/"},{"@type":"ListItem","position":3,"name":"Cat Supplies","item":"https:\/\/petproducts.com.cn\/product-category\/cat-supplies\/"},{"@type":"ListItem","position":4,"name":"Cat Carrot Tunnel Toy Scratcher Tent Manufacturer"}]},{"@type":"WebSite","@id":"https:\/\/petproducts.com.cn\/#website","url":"https:\/\/petproducts.com.cn\/","name":"Petstar","description":"Fabricant leader de fournitures pour animaux de compagnie et fournisseur OEM de produits pour animaux de compagnie","publisher":{"@id":"https:\/\/petproducts.com.cn\/#organization"},"alternateName":"Petstar Pet Supplies","potentialAction":[{"@type":"SearchAction","target":{"@type":"EntryPoint","urlTemplate":"https:\/\/petproducts.com.cn\/?s={search_term_string}"},"query-input":{"@type":"PropertyValueSpecification","valueRequired":true,"valueName":"search_term_string"}}],"inLanguage":"fr-FR"},{"@type":"Organization","@id":"https:\/\/petproducts.com.cn\/#organization","name":"Petstar","url":"https:\/\/petproducts.com.cn\/","logo":{"@type":"ImageObject","inLanguage":"fr-FR","@id":"https:\/\/petproducts.com.cn\/#\/schema\/logo\/image\/","url":"https:\/\/petproducts.com.cn\/wp-content\/uploads\/2020\/02\/petstar-logo.webp","contentUrl":"https:\/\/petproducts.com.cn\/wp-content\/uploads\/2020\/02\/petstar-logo.webp","width":779,"height":520,"caption":"Petstar"},"image":{"@id":"https:\/\/petproducts.com.cn\/#\/schema\/logo\/image\/"}}]}},"_links":{"self":[{"href":"https:\/\/petproducts.com.cn\/fr\/wp-json\/wp\/v2\/product\/8804","targetHints":{"allow":["GET"]}}],"collection":[{"href":"https:\/\/petproducts.com.cn\/fr\/wp-json\/wp\/v2\/product"}],"about":[{"href":"https:\/\/petproducts.com.cn\/fr\/wp-json\/wp\/v2\/types\/product"}],"version-history":[{"count":2,"href":"https:\/\/petproducts.com.cn\/fr\/wp-json\/wp\/v2\/product\/8804\/revisions"}],"predecessor-version":[{"id":11802,"href":"https:\/\/petproducts.com.cn\/fr\/wp-json\/wp\/v2\/product\/8804\/revisions\/11802"}],"wp:featuredmedia":[{"embeddable":true,"href":"https:\/\/petproducts.com.cn\/fr\/wp-json\/wp\/v2\/media\/8810"}],"wp:attachment":[{"href":"https:\/\/petproducts.com.cn\/fr\/wp-json\/wp\/v2\/media?parent=8804"}],"wp:term":[{"taxonomy":"product_brand","embeddable":true,"href":"https:\/\/petproducts.com.cn\/fr\/wp-json\/wp\/v2\/product_brand?post=8804"},{"taxonomy":"product_cat","embeddable":true,"href":"https:\/\/petproducts.com.cn\/fr\/wp-json\/wp\/v2\/product_cat?post=8804"},{"taxonomy":"product_tag","embeddable":true,"href":"https:\/\/petproducts.com.cn\/fr\/wp-json\/wp\/v2\/product_tag?post=8804"}],"curies":[{"name":"wp","href":"https:\/\/api.w.org\/{rel}","templated":true}]}}