{"id":8833,"date":"2023-09-11T06:34:42","date_gmt":"2023-09-11T06:34:42","guid":{"rendered":"https:\/\/petproducts.com.cn\/?post_type=product&#038;p=8833"},"modified":"2025-02-20T05:19:28","modified_gmt":"2025-02-20T05:19:28","slug":"carrot-cat-toys-tunnel-cute-tube-tunnel-toys-balls","status":"publish","type":"product","link":"https:\/\/petproducts.com.cn\/fr\/product\/carrot-cat-toys-tunnel-cute-tube-tunnel-toys-balls\/","title":{"rendered":"Tunnel de jouets pour chat carotte, Tube mignon, jouets balles"},"content":{"rendered":"<h2>Jouet tunnel pour chat avec carotte en gros - Tunnel en tube mignon avec jouets boules<\/h2>\n<p>Vous cherchez un jouet adorable et attrayant pour les chats ? Petstar propose en gros des jouets tunnels pour chats avec un joli design de carotte. Notre jouet tunnel pour chat avec carotte n'est pas seulement attrayant visuellement, il offre \u00e9galement une exp\u00e9rience de jeu stimulante et interactive pour les amis f\u00e9lins de tous \u00e2ges.<\/p>\n<p>1) Design de carotte mignon : Notre jouet tunnel pour chat en forme de carotte pr\u00e9sente une adorable couleur orange et un charmant design en forme de carotte. L'aspect ludique de la carotte ajoute une touche de mignonnerie \u00e0 toute collection de jouets pour chats, ce qui en fait un choix irr\u00e9sistible pour les chats et leurs ma\u00eetres.<\/p>\n<p>2. l\u00e9ger et pliable : La commodit\u00e9 est essentielle, en particulier pour les entreprises et les propri\u00e9taires d'animaux. Notre jouet tunnel pour chat Carotte est l\u00e9ger et facile \u00e0 transporter, ce qui le rend parfait pour les d\u00e9taillants en ligne, les animaleries et les grossistes. Il peut \u00e9galement \u00eatre pli\u00e9 et rang\u00e9 sans effort lorsqu'il n'est pas utilis\u00e9, ce qui permet d'\u00e9conomiser de l'espace et de le ranger sans probl\u00e8me.<\/p>\n<p>3. jouets interactifs - balles : Nous comprenons l'importance de l'engagement et du divertissement des chats. C'est pourquoi notre jouet tunnel pour chat \u00e0 la carotte est livr\u00e9 avec des boules de jouets. Ces balles roulent et tintent, procurant un plaisir et une excitation suppl\u00e9mentaires aux compagnons \u00e0 fourrure de vos clients.<\/p>\n<p>4. durable et s\u00fbr : La s\u00e9curit\u00e9 et le bien-\u00eatre des chats sont nos principales priorit\u00e9s. Notre jouet tunnel pour chat Carotte est fabriqu\u00e9 \u00e0 partir de mat\u00e9riaux de haute qualit\u00e9 qui sont \u00e0 la fois durables et s\u00fbrs pour les animaux de compagnie. La construction en tissu garantit des jeux de longue dur\u00e9e, tandis que les mat\u00e9riaux non toxiques assurent la tranquillit\u00e9 d'esprit des propri\u00e9taires de chats.<\/p>\n<p>5) Services de personnalisation en gros : Chez Petstar, nous offrons des services de personnalisation en gros pour r\u00e9pondre aux besoins uniques de votre entreprise. Que vous souhaitiez ajouter le logo de votre entreprise ou personnaliser la palette de couleurs, nous pouvons vous aider \u00e0 cr\u00e9er des jouets tunnels \u00e0 carottes personnalis\u00e9s qui correspondent \u00e0 votre image de marque. D\u00e9marquez-vous de la concurrence avec des produits personnalis\u00e9s.<\/p>\n<p>Choisissez Petstar comme votre partenaire de confiance pour des jouets pour chats de haute qualit\u00e9. Notre jouet tunnel pour chat Carotte est l\u00e9ger, pliable et con\u00e7u pour offrir \u00e0 la fois du plaisir et de l'exercice. Contactez-nous d\u00e8s maintenant et faisons de l'heure du jeu une aventure d\u00e9licieuse pour tous les chats !<\/p>","protected":false},"excerpt":{"rendered":"<p>Nous sommes un fabricant de tunnels pour jouets de chat avec plus de 20 ans d'exp\u00e9rience. Nous offrons des options de personnalisation pour la couleur, la taille, le tissu, le motif, le logo et d'autres caract\u00e9ristiques.<\/p>","protected":false},"featured_media":8839,"template":"","meta":{"_acf_changed":false},"product_brand":[],"product_cat":[71,81],"product_tag":[288],"class_list":{"0":"post-8833","1":"product","2":"type-product","3":"status-publish","4":"has-post-thumbnail","6":"product_cat-cat-supplies","7":"product_cat-cat-toys","8":"product_tag-cat-tunnel-toys","10":"first","11":"instock","12":"shipping-taxable","13":"product-type-simple"},"acf":[],"yoast_head":"<!-- This site is optimized with the Yoast SEO plugin v27.1.1 - https:\/\/yoast.com\/product\/yoast-seo-wordpress\/ -->\n<title>Carrot Cat Toys Tunnel Cute Tube Tunnel Toys Balls - Petstar<\/title>\n<meta name=\"description\" content=\"cat toys tunnel manufaturer,we have over 20 years of manufacturing experience in the pet products,more than 8,000 pet accessories in various rang\" \/>\n<meta name=\"robots\" content=\"index, follow, max-snippet:-1, max-image-preview:large, max-video-preview:-1\" \/>\n<link rel=\"canonical\" href=\"https:\/\/petproducts.com.cn\/fr\/produit\/carrot-cat-toys-tunnel-cute-tube-tunnel-toys-balls\/\" \/>\n<meta property=\"og:locale\" content=\"fr_FR\" \/>\n<meta property=\"og:type\" content=\"article\" \/>\n<meta property=\"og:title\" content=\"Carrot Cat Toys Tunnel Cute Tube Tunnel Toys Balls - Petstar\" \/>\n<meta property=\"og:description\" content=\"cat toys tunnel manufaturer,we have over 20 years of manufacturing experience in the pet products,more than 8,000 pet accessories in various rang\" \/>\n<meta property=\"og:url\" content=\"https:\/\/petproducts.com.cn\/fr\/produit\/carrot-cat-toys-tunnel-cute-tube-tunnel-toys-balls\/\" \/>\n<meta property=\"og:site_name\" content=\"Petstar\" \/>\n<meta property=\"article:modified_time\" content=\"2025-02-20T05:19:28+00:00\" \/>\n<meta property=\"og:image\" content=\"https:\/\/petproducts.com.cn\/wp-content\/uploads\/2023\/09\/YT123112-6.webp\" \/>\n\t<meta property=\"og:image:width\" content=\"1000\" \/>\n\t<meta property=\"og:image:height\" content=\"1000\" \/>\n\t<meta property=\"og:image:type\" content=\"image\/webp\" \/>\n<meta name=\"twitter:card\" content=\"summary_large_image\" \/>\n<meta name=\"twitter:label1\" content=\"Dur\u00e9e de lecture estim\u00e9e\" \/>\n\t<meta name=\"twitter:data1\" content=\"2 minutes\" \/>\n<script type=\"application\/ld+json\" class=\"yoast-schema-graph\">{\"@context\":\"https:\/\/schema.org\",\"@graph\":[{\"@type\":\"WebPage\",\"@id\":\"https:\/\/petproducts.com.cn\/product\/carrot-cat-toys-tunnel-cute-tube-tunnel-toys-balls\/\",\"url\":\"https:\/\/petproducts.com.cn\/product\/carrot-cat-toys-tunnel-cute-tube-tunnel-toys-balls\/\",\"name\":\"Carrot Cat Toys Tunnel Cute Tube Tunnel Toys Balls - Petstar\",\"isPartOf\":{\"@id\":\"https:\/\/petproducts.com.cn\/#website\"},\"primaryImageOfPage\":{\"@id\":\"https:\/\/petproducts.com.cn\/product\/carrot-cat-toys-tunnel-cute-tube-tunnel-toys-balls\/#primaryimage\"},\"image\":{\"@id\":\"https:\/\/petproducts.com.cn\/product\/carrot-cat-toys-tunnel-cute-tube-tunnel-toys-balls\/#primaryimage\"},\"thumbnailUrl\":\"https:\/\/petproducts.com.cn\/wp-content\/uploads\/2023\/09\/YT123112-6.webp\",\"datePublished\":\"2023-09-11T06:34:42+00:00\",\"dateModified\":\"2025-02-20T05:19:28+00:00\",\"description\":\"cat toys tunnel manufaturer,we have over 20 years of manufacturing experience in the pet products,more than 8,000 pet accessories in various rang\",\"breadcrumb\":{\"@id\":\"https:\/\/petproducts.com.cn\/product\/carrot-cat-toys-tunnel-cute-tube-tunnel-toys-balls\/#breadcrumb\"},\"inLanguage\":\"fr-FR\",\"potentialAction\":[{\"@type\":\"ReadAction\",\"target\":[\"https:\/\/petproducts.com.cn\/product\/carrot-cat-toys-tunnel-cute-tube-tunnel-toys-balls\/\"]}]},{\"@type\":\"ImageObject\",\"inLanguage\":\"fr-FR\",\"@id\":\"https:\/\/petproducts.com.cn\/product\/carrot-cat-toys-tunnel-cute-tube-tunnel-toys-balls\/#primaryimage\",\"url\":\"https:\/\/petproducts.com.cn\/wp-content\/uploads\/2023\/09\/YT123112-6.webp\",\"contentUrl\":\"https:\/\/petproducts.com.cn\/wp-content\/uploads\/2023\/09\/YT123112-6.webp\",\"width\":1000,\"height\":1000,\"caption\":\"cat toys tunnel\"},{\"@type\":\"BreadcrumbList\",\"@id\":\"https:\/\/petproducts.com.cn\/product\/carrot-cat-toys-tunnel-cute-tube-tunnel-toys-balls\/#breadcrumb\",\"itemListElement\":[{\"@type\":\"ListItem\",\"position\":1,\"name\":\"HOME\",\"item\":\"https:\/\/petproducts.com.cn\/\"},{\"@type\":\"ListItem\",\"position\":2,\"name\":\"Products\",\"item\":\"https:\/\/petproducts.com.cn\/shop\/\"},{\"@type\":\"ListItem\",\"position\":3,\"name\":\"Cat Supplies\",\"item\":\"https:\/\/petproducts.com.cn\/product-category\/cat-supplies\/\"},{\"@type\":\"ListItem\",\"position\":4,\"name\":\"Carrot Cat Toys Tunnel Cute Tube Tunnel Toys Balls\"}]},{\"@type\":\"WebSite\",\"@id\":\"https:\/\/petproducts.com.cn\/#website\",\"url\":\"https:\/\/petproducts.com.cn\/\",\"name\":\"Petstar\",\"description\":\"Leading Pet Supplies Manufacturer &amp; OEM Pet Products Supplier\",\"publisher\":{\"@id\":\"https:\/\/petproducts.com.cn\/#organization\"},\"alternateName\":\"Petstar Pet Supplies\",\"potentialAction\":[{\"@type\":\"SearchAction\",\"target\":{\"@type\":\"EntryPoint\",\"urlTemplate\":\"https:\/\/petproducts.com.cn\/?s={search_term_string}\"},\"query-input\":{\"@type\":\"PropertyValueSpecification\",\"valueRequired\":true,\"valueName\":\"search_term_string\"}}],\"inLanguage\":\"fr-FR\"},{\"@type\":\"Organization\",\"@id\":\"https:\/\/petproducts.com.cn\/#organization\",\"name\":\"Petstar\",\"url\":\"https:\/\/petproducts.com.cn\/\",\"logo\":{\"@type\":\"ImageObject\",\"inLanguage\":\"fr-FR\",\"@id\":\"https:\/\/petproducts.com.cn\/#\/schema\/logo\/image\/\",\"url\":\"https:\/\/petproducts.com.cn\/wp-content\/uploads\/2020\/02\/petstar-logo.webp\",\"contentUrl\":\"https:\/\/petproducts.com.cn\/wp-content\/uploads\/2020\/02\/petstar-logo.webp\",\"width\":779,\"height\":520,\"caption\":\"Petstar\"},\"image\":{\"@id\":\"https:\/\/petproducts.com.cn\/#\/schema\/logo\/image\/\"}}]}<\/script>\n<!-- \/ Yoast SEO plugin. -->","yoast_head_json":{"title":"Jouets pour chat Carotte Tunnel Tube Mignon Jouets Boules - Petstar","description":"Fabricant de tunnels de jouets pour chats, nous avons plus de 20 ans d'exp\u00e9rience dans la fabrication de produits pour animaux de compagnie, plus de 8 000 accessoires pour animaux de compagnie dans diff\u00e9rentes gammes.","robots":{"index":"index","follow":"follow","max-snippet":"max-snippet:-1","max-image-preview":"max-image-preview:large","max-video-preview":"max-video-preview:-1"},"canonical":"https:\/\/petproducts.com.cn\/fr\/produit\/carrot-cat-toys-tunnel-cute-tube-tunnel-toys-balls\/","og_locale":"fr_FR","og_type":"article","og_title":"Carrot Cat Toys Tunnel Cute Tube Tunnel Toys Balls - Petstar","og_description":"cat toys tunnel manufaturer,we have over 20 years of manufacturing experience in the pet products,more than 8,000 pet accessories in various rang","og_url":"https:\/\/petproducts.com.cn\/fr\/produit\/carrot-cat-toys-tunnel-cute-tube-tunnel-toys-balls\/","og_site_name":"Petstar","article_modified_time":"2025-02-20T05:19:28+00:00","og_image":[{"width":1000,"height":1000,"url":"https:\/\/petproducts.com.cn\/wp-content\/uploads\/2023\/09\/YT123112-6.webp","type":"image\/webp"}],"twitter_card":"summary_large_image","twitter_misc":{"Dur\u00e9e de lecture estim\u00e9e":"2 minutes"},"schema":{"@context":"https:\/\/schema.org","@graph":[{"@type":"WebPage","@id":"https:\/\/petproducts.com.cn\/product\/carrot-cat-toys-tunnel-cute-tube-tunnel-toys-balls\/","url":"https:\/\/petproducts.com.cn\/product\/carrot-cat-toys-tunnel-cute-tube-tunnel-toys-balls\/","name":"Jouets pour chat Carotte Tunnel Tube Mignon Jouets Boules - Petstar","isPartOf":{"@id":"https:\/\/petproducts.com.cn\/#website"},"primaryImageOfPage":{"@id":"https:\/\/petproducts.com.cn\/product\/carrot-cat-toys-tunnel-cute-tube-tunnel-toys-balls\/#primaryimage"},"image":{"@id":"https:\/\/petproducts.com.cn\/product\/carrot-cat-toys-tunnel-cute-tube-tunnel-toys-balls\/#primaryimage"},"thumbnailUrl":"https:\/\/petproducts.com.cn\/wp-content\/uploads\/2023\/09\/YT123112-6.webp","datePublished":"2023-09-11T06:34:42+00:00","dateModified":"2025-02-20T05:19:28+00:00","description":"Fabricant de tunnels de jouets pour chats, nous avons plus de 20 ans d'exp\u00e9rience dans la fabrication de produits pour animaux de compagnie, plus de 8 000 accessoires pour animaux de compagnie dans diff\u00e9rentes gammes.","breadcrumb":{"@id":"https:\/\/petproducts.com.cn\/product\/carrot-cat-toys-tunnel-cute-tube-tunnel-toys-balls\/#breadcrumb"},"inLanguage":"fr-FR","potentialAction":[{"@type":"ReadAction","target":["https:\/\/petproducts.com.cn\/product\/carrot-cat-toys-tunnel-cute-tube-tunnel-toys-balls\/"]}]},{"@type":"ImageObject","inLanguage":"fr-FR","@id":"https:\/\/petproducts.com.cn\/product\/carrot-cat-toys-tunnel-cute-tube-tunnel-toys-balls\/#primaryimage","url":"https:\/\/petproducts.com.cn\/wp-content\/uploads\/2023\/09\/YT123112-6.webp","contentUrl":"https:\/\/petproducts.com.cn\/wp-content\/uploads\/2023\/09\/YT123112-6.webp","width":1000,"height":1000,"caption":"cat toys tunnel"},{"@type":"BreadcrumbList","@id":"https:\/\/petproducts.com.cn\/product\/carrot-cat-toys-tunnel-cute-tube-tunnel-toys-balls\/#breadcrumb","itemListElement":[{"@type":"ListItem","position":1,"name":"HOME","item":"https:\/\/petproducts.com.cn\/"},{"@type":"ListItem","position":2,"name":"Products","item":"https:\/\/petproducts.com.cn\/shop\/"},{"@type":"ListItem","position":3,"name":"Cat Supplies","item":"https:\/\/petproducts.com.cn\/product-category\/cat-supplies\/"},{"@type":"ListItem","position":4,"name":"Carrot Cat Toys Tunnel Cute Tube Tunnel Toys Balls"}]},{"@type":"WebSite","@id":"https:\/\/petproducts.com.cn\/#website","url":"https:\/\/petproducts.com.cn\/","name":"Petstar","description":"Fabricant leader de fournitures pour animaux de compagnie et fournisseur OEM de produits pour animaux de compagnie","publisher":{"@id":"https:\/\/petproducts.com.cn\/#organization"},"alternateName":"Petstar Pet Supplies","potentialAction":[{"@type":"SearchAction","target":{"@type":"EntryPoint","urlTemplate":"https:\/\/petproducts.com.cn\/?s={search_term_string}"},"query-input":{"@type":"PropertyValueSpecification","valueRequired":true,"valueName":"search_term_string"}}],"inLanguage":"fr-FR"},{"@type":"Organization","@id":"https:\/\/petproducts.com.cn\/#organization","name":"Petstar","url":"https:\/\/petproducts.com.cn\/","logo":{"@type":"ImageObject","inLanguage":"fr-FR","@id":"https:\/\/petproducts.com.cn\/#\/schema\/logo\/image\/","url":"https:\/\/petproducts.com.cn\/wp-content\/uploads\/2020\/02\/petstar-logo.webp","contentUrl":"https:\/\/petproducts.com.cn\/wp-content\/uploads\/2020\/02\/petstar-logo.webp","width":779,"height":520,"caption":"Petstar"},"image":{"@id":"https:\/\/petproducts.com.cn\/#\/schema\/logo\/image\/"}}]}},"_links":{"self":[{"href":"https:\/\/petproducts.com.cn\/fr\/wp-json\/wp\/v2\/product\/8833","targetHints":{"allow":["GET"]}}],"collection":[{"href":"https:\/\/petproducts.com.cn\/fr\/wp-json\/wp\/v2\/product"}],"about":[{"href":"https:\/\/petproducts.com.cn\/fr\/wp-json\/wp\/v2\/types\/product"}],"version-history":[{"count":3,"href":"https:\/\/petproducts.com.cn\/fr\/wp-json\/wp\/v2\/product\/8833\/revisions"}],"predecessor-version":[{"id":11801,"href":"https:\/\/petproducts.com.cn\/fr\/wp-json\/wp\/v2\/product\/8833\/revisions\/11801"}],"wp:featuredmedia":[{"embeddable":true,"href":"https:\/\/petproducts.com.cn\/fr\/wp-json\/wp\/v2\/media\/8839"}],"wp:attachment":[{"href":"https:\/\/petproducts.com.cn\/fr\/wp-json\/wp\/v2\/media?parent=8833"}],"wp:term":[{"taxonomy":"product_brand","embeddable":true,"href":"https:\/\/petproducts.com.cn\/fr\/wp-json\/wp\/v2\/product_brand?post=8833"},{"taxonomy":"product_cat","embeddable":true,"href":"https:\/\/petproducts.com.cn\/fr\/wp-json\/wp\/v2\/product_cat?post=8833"},{"taxonomy":"product_tag","embeddable":true,"href":"https:\/\/petproducts.com.cn\/fr\/wp-json\/wp\/v2\/product_tag?post=8833"}],"curies":[{"name":"wp","href":"https:\/\/api.w.org\/{rel}","templated":true}]}}