{"id":8860,"date":"2023-09-11T06:48:42","date_gmt":"2023-09-11T06:48:42","guid":{"rendered":"https:\/\/petproducts.com.cn\/?post_type=product&#038;p=8860"},"modified":"2023-09-22T03:04:41","modified_gmt":"2023-09-22T03:04:41","slug":"odm-cat-scratcher-toy-corrugated-cardboard-ball-track-toy","status":"publish","type":"product","link":"https:\/\/petproducts.com.cn\/fr\/product\/odm-cat-scratcher-toy-corrugated-cardboard-ball-track-toy\/","title":{"rendered":"Jouet griffoir pour chat en carton ondul\u00e9 ODM jouet de piste \u00e0 billes"},"content":{"rendered":"<h2>Wholesale ODM Jouet griffoir pour chat avec piste de balle<\/h2>\n<p>Vous \u00eates \u00e0 la recherche d'un jouet \u00e9cologique et divertissant pour votre chat ? Petstar propose un griffoir pour chat ODM (Original Design Manufacturer) en gros, fabriqu\u00e9 \u00e0 partir de carton ondul\u00e9. Notre conception innovante comprend une piste de balle pour offrir un amusement sans fin aux amis f\u00e9lins.<\/p>\n<p>1. des mat\u00e9riaux respectueux de l'environnement : Chez Petstar, nous donnons la priorit\u00e9 au d\u00e9veloppement durable. Nos jouets pour chats en carton ondul\u00e9 sont fabriqu\u00e9s \u00e0 partir de carton ondul\u00e9 de haute qualit\u00e9, qui est non seulement durable mais aussi \u00e9cologique. Ce mat\u00e9riau est sans danger pour les chats et peut r\u00e9sister \u00e0 leurs instincts de griffage, garantissant ainsi un divertissement durable.<\/p>\n<p>2. piste de balle interactive : Notre jouet griffoir pour chat est dot\u00e9 d'une piste de balle int\u00e9gr\u00e9e qui fait passer le temps de jeu au niveau sup\u00e9rieur. Ajoutez un \u00e9l\u00e9ment engageant pour vos compagnons \u00e0 fourrure, car ils adoreront courir apr\u00e8s la balle incluse et la frapper le long de la piste. Cela stimule leurs instincts naturels et les maintient actifs et divertis pendant des heures.<\/p>\n<p>3. conception durable et fonctionnelle : La construction en carton ondul\u00e9 de notre jouet griffoir pour chat est sp\u00e9cialement con\u00e7ue pour r\u00e9sister aux coups de griffes vigoureux, ce qui en fait une option durable pour les propri\u00e9taires de chats. En plus d'\u00eatre un divertissement, la surface de grattage aide les chats \u00e0 conserver des griffes saines tout en d\u00e9tournant leur comportement de grattage des meubles et des tapis.<\/p>\n<p>4) Services de personnalisation en gros : Petstar propose des services de personnalisation en gros pour r\u00e9pondre aux besoins sp\u00e9cifiques de votre entreprise. Que vous souhaitiez ajouter le logo de votre entreprise, personnaliser la taille ou la couleur, ou inclure des fonctions suppl\u00e9mentaires, nous pouvons vous aider \u00e0 cr\u00e9er une ligne de produits personnalis\u00e9e qui distingue votre marque.<\/p>\n<p>Choisissez Petstar comme partenaire de confiance pour des jouets griffoirs pour chats de haute qualit\u00e9. Nos jouets pour chats en carton ondul\u00e9 combinent durabilit\u00e9, fonctionnalit\u00e9 et d\u00e9veloppement durable pour offrir aux chats une exp\u00e9rience de grattage satisfaisante. Contactez-nous d\u00e8s aujourd'hui pour discuter des possibilit\u00e9s de vente en gros et ravir les propri\u00e9taires de chats avec des jouets pour chats personnalis\u00e9s.<\/p>","protected":false},"excerpt":{"rendered":"<p>Nous sommes un fabricant de jouets griffoirs pour chats en carton avec plus de 20 ans d'exp\u00e9rience. Nous offrons des options de personnalisation pour la couleur, la taille, le tissu, le motif, le logo et d'autres caract\u00e9ristiques.<\/p>","protected":false},"featured_media":8921,"template":"","meta":{"_acf_changed":false},"product_brand":[],"product_cat":[71,81],"product_tag":[86],"class_list":{"0":"post-8860","1":"product","2":"type-product","3":"status-publish","4":"has-post-thumbnail","6":"product_cat-cat-supplies","7":"product_cat-cat-toys","8":"product_tag-cat-toys","10":"first","11":"instock","12":"shipping-taxable","13":"product-type-simple"},"acf":[],"yoast_head":"<!-- This site is optimized with the Yoast SEO plugin v27.1.1 - https:\/\/yoast.com\/product\/yoast-seo-wordpress\/ -->\n<title>ODM cat scratcher toy corrugated cardboard ball track toy - Petstar<\/title>\n<meta name=\"description\" content=\"cat scratcher toy manufaturer,we have over 20 years of manufacturing experience in the pet products,more than 8,000 pet accessories in various range\" \/>\n<meta name=\"robots\" content=\"index, follow, max-snippet:-1, max-image-preview:large, max-video-preview:-1\" \/>\n<link rel=\"canonical\" href=\"https:\/\/petproducts.com.cn\/fr\/produit\/odm-cat-scratcher-toy-corrugated-cardboard-ball-track-toy\/\" \/>\n<meta property=\"og:locale\" content=\"fr_FR\" \/>\n<meta property=\"og:type\" content=\"article\" \/>\n<meta property=\"og:title\" content=\"ODM cat scratcher toy corrugated cardboard ball track toy - Petstar\" \/>\n<meta property=\"og:description\" content=\"cat scratcher toy manufaturer,we have over 20 years of manufacturing experience in the pet products,more than 8,000 pet accessories in various range\" \/>\n<meta property=\"og:url\" content=\"https:\/\/petproducts.com.cn\/fr\/produit\/odm-cat-scratcher-toy-corrugated-cardboard-ball-track-toy\/\" \/>\n<meta property=\"og:site_name\" content=\"Petstar\" \/>\n<meta property=\"article:modified_time\" content=\"2023-09-22T03:04:41+00:00\" \/>\n<meta property=\"og:image\" content=\"https:\/\/petproducts.com.cn\/wp-content\/uploads\/2023\/09\/YT123105-2.webp\" \/>\n\t<meta property=\"og:image:width\" content=\"1000\" \/>\n\t<meta property=\"og:image:height\" content=\"1000\" \/>\n\t<meta property=\"og:image:type\" content=\"image\/webp\" \/>\n<meta name=\"twitter:card\" content=\"summary_large_image\" \/>\n<meta name=\"twitter:label1\" content=\"Dur\u00e9e de lecture estim\u00e9e\" \/>\n\t<meta name=\"twitter:data1\" content=\"2 minutes\" \/>\n<script type=\"application\/ld+json\" class=\"yoast-schema-graph\">{\"@context\":\"https:\/\/schema.org\",\"@graph\":[{\"@type\":\"WebPage\",\"@id\":\"https:\/\/petproducts.com.cn\/product\/odm-cat-scratcher-toy-corrugated-cardboard-ball-track-toy\/\",\"url\":\"https:\/\/petproducts.com.cn\/product\/odm-cat-scratcher-toy-corrugated-cardboard-ball-track-toy\/\",\"name\":\"ODM cat scratcher toy corrugated cardboard ball track toy - Petstar\",\"isPartOf\":{\"@id\":\"https:\/\/petproducts.com.cn\/#website\"},\"primaryImageOfPage\":{\"@id\":\"https:\/\/petproducts.com.cn\/product\/odm-cat-scratcher-toy-corrugated-cardboard-ball-track-toy\/#primaryimage\"},\"image\":{\"@id\":\"https:\/\/petproducts.com.cn\/product\/odm-cat-scratcher-toy-corrugated-cardboard-ball-track-toy\/#primaryimage\"},\"thumbnailUrl\":\"https:\/\/petproducts.com.cn\/wp-content\/uploads\/2023\/09\/YT123105-2.webp\",\"datePublished\":\"2023-09-11T06:48:42+00:00\",\"dateModified\":\"2023-09-22T03:04:41+00:00\",\"description\":\"cat scratcher toy manufaturer,we have over 20 years of manufacturing experience in the pet products,more than 8,000 pet accessories in various range\",\"breadcrumb\":{\"@id\":\"https:\/\/petproducts.com.cn\/product\/odm-cat-scratcher-toy-corrugated-cardboard-ball-track-toy\/#breadcrumb\"},\"inLanguage\":\"fr-FR\",\"potentialAction\":[{\"@type\":\"ReadAction\",\"target\":[\"https:\/\/petproducts.com.cn\/product\/odm-cat-scratcher-toy-corrugated-cardboard-ball-track-toy\/\"]}]},{\"@type\":\"ImageObject\",\"inLanguage\":\"fr-FR\",\"@id\":\"https:\/\/petproducts.com.cn\/product\/odm-cat-scratcher-toy-corrugated-cardboard-ball-track-toy\/#primaryimage\",\"url\":\"https:\/\/petproducts.com.cn\/wp-content\/uploads\/2023\/09\/YT123105-2.webp\",\"contentUrl\":\"https:\/\/petproducts.com.cn\/wp-content\/uploads\/2023\/09\/YT123105-2.webp\",\"width\":1000,\"height\":1000,\"caption\":\"cat scratcher toy\"},{\"@type\":\"BreadcrumbList\",\"@id\":\"https:\/\/petproducts.com.cn\/product\/odm-cat-scratcher-toy-corrugated-cardboard-ball-track-toy\/#breadcrumb\",\"itemListElement\":[{\"@type\":\"ListItem\",\"position\":1,\"name\":\"HOME\",\"item\":\"https:\/\/petproducts.com.cn\/\"},{\"@type\":\"ListItem\",\"position\":2,\"name\":\"Products\",\"item\":\"https:\/\/petproducts.com.cn\/shop\/\"},{\"@type\":\"ListItem\",\"position\":3,\"name\":\"Cat Supplies\",\"item\":\"https:\/\/petproducts.com.cn\/product-category\/cat-supplies\/\"},{\"@type\":\"ListItem\",\"position\":4,\"name\":\"ODM cat scratcher toy corrugated cardboard ball track toy\"}]},{\"@type\":\"WebSite\",\"@id\":\"https:\/\/petproducts.com.cn\/#website\",\"url\":\"https:\/\/petproducts.com.cn\/\",\"name\":\"Petstar\",\"description\":\"Leading Pet Supplies Manufacturer &amp; OEM Pet Products Supplier\",\"publisher\":{\"@id\":\"https:\/\/petproducts.com.cn\/#organization\"},\"alternateName\":\"Petstar Pet Supplies\",\"potentialAction\":[{\"@type\":\"SearchAction\",\"target\":{\"@type\":\"EntryPoint\",\"urlTemplate\":\"https:\/\/petproducts.com.cn\/?s={search_term_string}\"},\"query-input\":{\"@type\":\"PropertyValueSpecification\",\"valueRequired\":true,\"valueName\":\"search_term_string\"}}],\"inLanguage\":\"fr-FR\"},{\"@type\":\"Organization\",\"@id\":\"https:\/\/petproducts.com.cn\/#organization\",\"name\":\"Petstar\",\"url\":\"https:\/\/petproducts.com.cn\/\",\"logo\":{\"@type\":\"ImageObject\",\"inLanguage\":\"fr-FR\",\"@id\":\"https:\/\/petproducts.com.cn\/#\/schema\/logo\/image\/\",\"url\":\"https:\/\/petproducts.com.cn\/wp-content\/uploads\/2020\/02\/petstar-logo.webp\",\"contentUrl\":\"https:\/\/petproducts.com.cn\/wp-content\/uploads\/2020\/02\/petstar-logo.webp\",\"width\":779,\"height\":520,\"caption\":\"Petstar\"},\"image\":{\"@id\":\"https:\/\/petproducts.com.cn\/#\/schema\/logo\/image\/\"}}]}<\/script>\n<!-- \/ Yoast SEO plugin. -->","yoast_head_json":{"title":"Jouet griffoir pour chat en carton ondul\u00e9 ODM - Petstar","description":"Fabricant de jouets pour chats, nous avons plus de 20 ans d'exp\u00e9rience dans la fabrication de produits pour animaux de compagnie, plus de 8 000 accessoires pour animaux de compagnie dans diff\u00e9rentes gammes.","robots":{"index":"index","follow":"follow","max-snippet":"max-snippet:-1","max-image-preview":"max-image-preview:large","max-video-preview":"max-video-preview:-1"},"canonical":"https:\/\/petproducts.com.cn\/fr\/produit\/odm-cat-scratcher-toy-corrugated-cardboard-ball-track-toy\/","og_locale":"fr_FR","og_type":"article","og_title":"ODM cat scratcher toy corrugated cardboard ball track toy - Petstar","og_description":"cat scratcher toy manufaturer,we have over 20 years of manufacturing experience in the pet products,more than 8,000 pet accessories in various range","og_url":"https:\/\/petproducts.com.cn\/fr\/produit\/odm-cat-scratcher-toy-corrugated-cardboard-ball-track-toy\/","og_site_name":"Petstar","article_modified_time":"2023-09-22T03:04:41+00:00","og_image":[{"width":1000,"height":1000,"url":"https:\/\/petproducts.com.cn\/wp-content\/uploads\/2023\/09\/YT123105-2.webp","type":"image\/webp"}],"twitter_card":"summary_large_image","twitter_misc":{"Dur\u00e9e de lecture estim\u00e9e":"2 minutes"},"schema":{"@context":"https:\/\/schema.org","@graph":[{"@type":"WebPage","@id":"https:\/\/petproducts.com.cn\/product\/odm-cat-scratcher-toy-corrugated-cardboard-ball-track-toy\/","url":"https:\/\/petproducts.com.cn\/product\/odm-cat-scratcher-toy-corrugated-cardboard-ball-track-toy\/","name":"Jouet griffoir pour chat en carton ondul\u00e9 ODM - Petstar","isPartOf":{"@id":"https:\/\/petproducts.com.cn\/#website"},"primaryImageOfPage":{"@id":"https:\/\/petproducts.com.cn\/product\/odm-cat-scratcher-toy-corrugated-cardboard-ball-track-toy\/#primaryimage"},"image":{"@id":"https:\/\/petproducts.com.cn\/product\/odm-cat-scratcher-toy-corrugated-cardboard-ball-track-toy\/#primaryimage"},"thumbnailUrl":"https:\/\/petproducts.com.cn\/wp-content\/uploads\/2023\/09\/YT123105-2.webp","datePublished":"2023-09-11T06:48:42+00:00","dateModified":"2023-09-22T03:04:41+00:00","description":"Fabricant de jouets pour chats, nous avons plus de 20 ans d'exp\u00e9rience dans la fabrication de produits pour animaux de compagnie, plus de 8 000 accessoires pour animaux de compagnie dans diff\u00e9rentes gammes.","breadcrumb":{"@id":"https:\/\/petproducts.com.cn\/product\/odm-cat-scratcher-toy-corrugated-cardboard-ball-track-toy\/#breadcrumb"},"inLanguage":"fr-FR","potentialAction":[{"@type":"ReadAction","target":["https:\/\/petproducts.com.cn\/product\/odm-cat-scratcher-toy-corrugated-cardboard-ball-track-toy\/"]}]},{"@type":"ImageObject","inLanguage":"fr-FR","@id":"https:\/\/petproducts.com.cn\/product\/odm-cat-scratcher-toy-corrugated-cardboard-ball-track-toy\/#primaryimage","url":"https:\/\/petproducts.com.cn\/wp-content\/uploads\/2023\/09\/YT123105-2.webp","contentUrl":"https:\/\/petproducts.com.cn\/wp-content\/uploads\/2023\/09\/YT123105-2.webp","width":1000,"height":1000,"caption":"cat scratcher toy"},{"@type":"BreadcrumbList","@id":"https:\/\/petproducts.com.cn\/product\/odm-cat-scratcher-toy-corrugated-cardboard-ball-track-toy\/#breadcrumb","itemListElement":[{"@type":"ListItem","position":1,"name":"HOME","item":"https:\/\/petproducts.com.cn\/"},{"@type":"ListItem","position":2,"name":"Products","item":"https:\/\/petproducts.com.cn\/shop\/"},{"@type":"ListItem","position":3,"name":"Cat Supplies","item":"https:\/\/petproducts.com.cn\/product-category\/cat-supplies\/"},{"@type":"ListItem","position":4,"name":"ODM cat scratcher toy corrugated cardboard ball track toy"}]},{"@type":"WebSite","@id":"https:\/\/petproducts.com.cn\/#website","url":"https:\/\/petproducts.com.cn\/","name":"Petstar","description":"Fabricant leader de fournitures pour animaux de compagnie et fournisseur OEM de produits pour animaux de compagnie","publisher":{"@id":"https:\/\/petproducts.com.cn\/#organization"},"alternateName":"Petstar Pet Supplies","potentialAction":[{"@type":"SearchAction","target":{"@type":"EntryPoint","urlTemplate":"https:\/\/petproducts.com.cn\/?s={search_term_string}"},"query-input":{"@type":"PropertyValueSpecification","valueRequired":true,"valueName":"search_term_string"}}],"inLanguage":"fr-FR"},{"@type":"Organization","@id":"https:\/\/petproducts.com.cn\/#organization","name":"Petstar","url":"https:\/\/petproducts.com.cn\/","logo":{"@type":"ImageObject","inLanguage":"fr-FR","@id":"https:\/\/petproducts.com.cn\/#\/schema\/logo\/image\/","url":"https:\/\/petproducts.com.cn\/wp-content\/uploads\/2020\/02\/petstar-logo.webp","contentUrl":"https:\/\/petproducts.com.cn\/wp-content\/uploads\/2020\/02\/petstar-logo.webp","width":779,"height":520,"caption":"Petstar"},"image":{"@id":"https:\/\/petproducts.com.cn\/#\/schema\/logo\/image\/"}}]}},"_links":{"self":[{"href":"https:\/\/petproducts.com.cn\/fr\/wp-json\/wp\/v2\/product\/8860","targetHints":{"allow":["GET"]}}],"collection":[{"href":"https:\/\/petproducts.com.cn\/fr\/wp-json\/wp\/v2\/product"}],"about":[{"href":"https:\/\/petproducts.com.cn\/fr\/wp-json\/wp\/v2\/types\/product"}],"version-history":[{"count":5,"href":"https:\/\/petproducts.com.cn\/fr\/wp-json\/wp\/v2\/product\/8860\/revisions"}],"predecessor-version":[{"id":11794,"href":"https:\/\/petproducts.com.cn\/fr\/wp-json\/wp\/v2\/product\/8860\/revisions\/11794"}],"wp:featuredmedia":[{"embeddable":true,"href":"https:\/\/petproducts.com.cn\/fr\/wp-json\/wp\/v2\/media\/8921"}],"wp:attachment":[{"href":"https:\/\/petproducts.com.cn\/fr\/wp-json\/wp\/v2\/media?parent=8860"}],"wp:term":[{"taxonomy":"product_brand","embeddable":true,"href":"https:\/\/petproducts.com.cn\/fr\/wp-json\/wp\/v2\/product_brand?post=8860"},{"taxonomy":"product_cat","embeddable":true,"href":"https:\/\/petproducts.com.cn\/fr\/wp-json\/wp\/v2\/product_cat?post=8860"},{"taxonomy":"product_tag","embeddable":true,"href":"https:\/\/petproducts.com.cn\/fr\/wp-json\/wp\/v2\/product_tag?post=8860"}],"curies":[{"name":"wp","href":"https:\/\/api.w.org\/{rel}","templated":true}]}}