{"id":9057,"date":"2023-09-12T06:27:47","date_gmt":"2023-09-12T06:27:47","guid":{"rendered":"https:\/\/petproducts.com.cn\/?post_type=product&#038;p=9057"},"modified":"2025-02-20T05:20:04","modified_gmt":"2025-02-20T05:20:04","slug":"diy-cardboard-cat-toys-fun-cute-scratching-board","status":"publish","type":"product","link":"https:\/\/petproducts.com.cn\/fr\/product\/diy-cardboard-cat-toys-fun-cute-scratching-board\/","title":{"rendered":"Jouets pour chats en carton bricolage, planche \u00e0 gratter amusante et mignonne"},"content":{"rendered":"<h2>Jouets pour chats en carton (vente en gros)<\/h2>\n<p>Vous cherchez des jouets pour chats amusants et personnalisables que vous pouvez assembler vous-m\u00eame ? Petstar propose en gros des jouets pour chats en carton \u00e0 monter soi-m\u00eame qui offrent un divertissement sans fin et une jolie planche \u00e0 gratter \u00e0 vos amis f\u00e9lins. Laissez libre cours \u00e0 leur imagination gr\u00e2ce \u00e0 nos options \u00e9cologiques et polyvalentes !<\/p>\n<p>1) Mat\u00e9riaux en carton respectueux de l'environnement:Nous fabriquons nos jouets pour chats en carton DIY \u00e0 partir de carton ondul\u00e9 de haute qualit\u00e9, garantissant ainsi la s\u00e9curit\u00e9 des chats et le respect de l'environnement. L'utilisation du carton garantit la durabilit\u00e9 tout en minimisant l'impact sur l'environnement.<\/p>\n<p>2. design amusant et interactif : Nos jouets pour chats DIY se pr\u00e9sentent sous diff\u00e9rentes formes et tailles, ce qui vous permet de cr\u00e9er une exp\u00e9rience de jeu personnalis\u00e9e pour vos chats. Des tunnels et des cubes aux rampes et aux griffoirs, les possibilit\u00e9s sont infinies. Laissez vos compagnons f\u00e9lins explorer et s'amuser avec ces jouets attrayants.<\/p>\n<p>3. planche \u00e0 gratter mignonne : Les chats ont un instinct naturel pour faire leurs griffes, et nos jouets pour chats DIY comprennent une jolie planche \u00e0 griffer qui satisfait cet instinct. La surface en carton ondul\u00e9 offre une texture parfaite pour des griffades saines, aidant les chats \u00e0 entretenir leurs griffes tout en prot\u00e9geant vos meubles et tapis.<\/p>\n<p>4) Services de personnalisation en gros : Petstar propose des services de personnalisation en gros pour r\u00e9pondre aux besoins sp\u00e9cifiques de votre entreprise. Que vous souhaitiez ajouter le logo de votre entreprise, personnaliser la taille ou la forme des jouets, ou cr\u00e9er un design unique, nous pouvons vous aider \u00e0 cr\u00e9er une ligne de produits personnalis\u00e9e qui se d\u00e9marque sur le march\u00e9.<\/p>\n<p>Choisissez Petstar comme partenaire de confiance pour des jouets pour chats en carton de haute qualit\u00e9. Nos jouets pour chats DIY combinent l'amusement, la beaut\u00e9 et la durabilit\u00e9 pour fournir une exp\u00e9rience de jeu stimulante pour les chats. Contactez-nous d\u00e8s aujourd'hui pour discuter des opportunit\u00e9s de vente en gros et ravir les propri\u00e9taires de chats avec des jouets pour chats personnalisables.<\/p>","protected":false},"excerpt":{"rendered":"<p>Nous sommes un fabricant de jouets pour chats en carton avec plus de 20 ans d'exp\u00e9rience. Nous offrons des options de personnalisation pour la couleur, la taille, le tissu, le motif, le logo et d'autres caract\u00e9ristiques.<\/p>","protected":false},"featured_media":9058,"template":"","meta":{"_acf_changed":false},"product_brand":[],"product_cat":[71,81],"product_tag":[209],"class_list":{"0":"post-9057","1":"product","2":"type-product","3":"status-publish","4":"has-post-thumbnail","6":"product_cat-cat-supplies","7":"product_cat-cat-toys","8":"product_tag-cat-cardboard","10":"first","11":"instock","12":"shipping-taxable","13":"product-type-simple"},"acf":[],"yoast_head":"<!-- This site is optimized with the Yoast SEO plugin v27.1.1 - https:\/\/yoast.com\/product\/yoast-seo-wordpress\/ -->\n<title>Diy Cardboard Cat Toys Fun Cute Scratching Board - Petstar<\/title>\n<meta name=\"description\" content=\"diy cardboard cat toys manufaturer,we have over 20 years of manufacturing experience in the pet products,more than 8,000 pet accessories in various rang\" \/>\n<meta name=\"robots\" content=\"index, follow, max-snippet:-1, max-image-preview:large, max-video-preview:-1\" \/>\n<link rel=\"canonical\" href=\"https:\/\/petproducts.com.cn\/fr\/produit\/diy-cardboard-cat-toys-fun-cute-scratching-board\/\" \/>\n<meta property=\"og:locale\" content=\"fr_FR\" \/>\n<meta property=\"og:type\" content=\"article\" \/>\n<meta property=\"og:title\" content=\"Diy Cardboard Cat Toys Fun Cute Scratching Board - Petstar\" \/>\n<meta property=\"og:description\" content=\"diy cardboard cat toys manufaturer,we have over 20 years of manufacturing experience in the pet products,more than 8,000 pet accessories in various rang\" \/>\n<meta property=\"og:url\" content=\"https:\/\/petproducts.com.cn\/fr\/produit\/diy-cardboard-cat-toys-fun-cute-scratching-board\/\" \/>\n<meta property=\"og:site_name\" content=\"Petstar\" \/>\n<meta property=\"article:modified_time\" content=\"2025-02-20T05:20:04+00:00\" \/>\n<meta property=\"og:image\" content=\"https:\/\/petproducts.com.cn\/wp-content\/uploads\/2023\/09\/YT122751.webp\" \/>\n\t<meta property=\"og:image:width\" content=\"800\" \/>\n\t<meta property=\"og:image:height\" content=\"800\" \/>\n\t<meta property=\"og:image:type\" content=\"image\/webp\" \/>\n<meta name=\"twitter:card\" content=\"summary_large_image\" \/>\n<meta name=\"twitter:label1\" content=\"Dur\u00e9e de lecture estim\u00e9e\" \/>\n\t<meta name=\"twitter:data1\" content=\"2 minutes\" \/>\n<script type=\"application\/ld+json\" class=\"yoast-schema-graph\">{\"@context\":\"https:\/\/schema.org\",\"@graph\":[{\"@type\":\"WebPage\",\"@id\":\"https:\/\/petproducts.com.cn\/product\/diy-cardboard-cat-toys-fun-cute-scratching-board\/\",\"url\":\"https:\/\/petproducts.com.cn\/product\/diy-cardboard-cat-toys-fun-cute-scratching-board\/\",\"name\":\"Diy Cardboard Cat Toys Fun Cute Scratching Board - Petstar\",\"isPartOf\":{\"@id\":\"https:\/\/petproducts.com.cn\/#website\"},\"primaryImageOfPage\":{\"@id\":\"https:\/\/petproducts.com.cn\/product\/diy-cardboard-cat-toys-fun-cute-scratching-board\/#primaryimage\"},\"image\":{\"@id\":\"https:\/\/petproducts.com.cn\/product\/diy-cardboard-cat-toys-fun-cute-scratching-board\/#primaryimage\"},\"thumbnailUrl\":\"https:\/\/petproducts.com.cn\/wp-content\/uploads\/2023\/09\/YT122751.webp\",\"datePublished\":\"2023-09-12T06:27:47+00:00\",\"dateModified\":\"2025-02-20T05:20:04+00:00\",\"description\":\"diy cardboard cat toys manufaturer,we have over 20 years of manufacturing experience in the pet products,more than 8,000 pet accessories in various rang\",\"breadcrumb\":{\"@id\":\"https:\/\/petproducts.com.cn\/product\/diy-cardboard-cat-toys-fun-cute-scratching-board\/#breadcrumb\"},\"inLanguage\":\"fr-FR\",\"potentialAction\":[{\"@type\":\"ReadAction\",\"target\":[\"https:\/\/petproducts.com.cn\/product\/diy-cardboard-cat-toys-fun-cute-scratching-board\/\"]}]},{\"@type\":\"ImageObject\",\"inLanguage\":\"fr-FR\",\"@id\":\"https:\/\/petproducts.com.cn\/product\/diy-cardboard-cat-toys-fun-cute-scratching-board\/#primaryimage\",\"url\":\"https:\/\/petproducts.com.cn\/wp-content\/uploads\/2023\/09\/YT122751.webp\",\"contentUrl\":\"https:\/\/petproducts.com.cn\/wp-content\/uploads\/2023\/09\/YT122751.webp\",\"width\":800,\"height\":800,\"caption\":\"diy cardboard cat toys\"},{\"@type\":\"BreadcrumbList\",\"@id\":\"https:\/\/petproducts.com.cn\/product\/diy-cardboard-cat-toys-fun-cute-scratching-board\/#breadcrumb\",\"itemListElement\":[{\"@type\":\"ListItem\",\"position\":1,\"name\":\"HOME\",\"item\":\"https:\/\/petproducts.com.cn\/\"},{\"@type\":\"ListItem\",\"position\":2,\"name\":\"Products\",\"item\":\"https:\/\/petproducts.com.cn\/shop\/\"},{\"@type\":\"ListItem\",\"position\":3,\"name\":\"Cat Supplies\",\"item\":\"https:\/\/petproducts.com.cn\/product-category\/cat-supplies\/\"},{\"@type\":\"ListItem\",\"position\":4,\"name\":\"Diy Cardboard Cat Toys Fun Cute Scratching Board\"}]},{\"@type\":\"WebSite\",\"@id\":\"https:\/\/petproducts.com.cn\/#website\",\"url\":\"https:\/\/petproducts.com.cn\/\",\"name\":\"Petstar\",\"description\":\"Leading Pet Supplies Manufacturer &amp; OEM Pet Products Supplier\",\"publisher\":{\"@id\":\"https:\/\/petproducts.com.cn\/#organization\"},\"alternateName\":\"Petstar Pet Supplies\",\"potentialAction\":[{\"@type\":\"SearchAction\",\"target\":{\"@type\":\"EntryPoint\",\"urlTemplate\":\"https:\/\/petproducts.com.cn\/?s={search_term_string}\"},\"query-input\":{\"@type\":\"PropertyValueSpecification\",\"valueRequired\":true,\"valueName\":\"search_term_string\"}}],\"inLanguage\":\"fr-FR\"},{\"@type\":\"Organization\",\"@id\":\"https:\/\/petproducts.com.cn\/#organization\",\"name\":\"Petstar\",\"url\":\"https:\/\/petproducts.com.cn\/\",\"logo\":{\"@type\":\"ImageObject\",\"inLanguage\":\"fr-FR\",\"@id\":\"https:\/\/petproducts.com.cn\/#\/schema\/logo\/image\/\",\"url\":\"https:\/\/petproducts.com.cn\/wp-content\/uploads\/2020\/02\/petstar-logo.webp\",\"contentUrl\":\"https:\/\/petproducts.com.cn\/wp-content\/uploads\/2020\/02\/petstar-logo.webp\",\"width\":779,\"height\":520,\"caption\":\"Petstar\"},\"image\":{\"@id\":\"https:\/\/petproducts.com.cn\/#\/schema\/logo\/image\/\"}}]}<\/script>\n<!-- \/ Yoast SEO plugin. -->","yoast_head_json":{"title":"Jouets pour chat en carton Diy - Petstar","description":"Fabricant de jouets pour chats en carton, nous avons plus de 20 ans d'exp\u00e9rience dans la fabrication de produits pour animaux de compagnie, plus de 8 000 accessoires pour animaux de compagnie dans diff\u00e9rentes gammes.","robots":{"index":"index","follow":"follow","max-snippet":"max-snippet:-1","max-image-preview":"max-image-preview:large","max-video-preview":"max-video-preview:-1"},"canonical":"https:\/\/petproducts.com.cn\/fr\/produit\/diy-cardboard-cat-toys-fun-cute-scratching-board\/","og_locale":"fr_FR","og_type":"article","og_title":"Diy Cardboard Cat Toys Fun Cute Scratching Board - Petstar","og_description":"diy cardboard cat toys manufaturer,we have over 20 years of manufacturing experience in the pet products,more than 8,000 pet accessories in various rang","og_url":"https:\/\/petproducts.com.cn\/fr\/produit\/diy-cardboard-cat-toys-fun-cute-scratching-board\/","og_site_name":"Petstar","article_modified_time":"2025-02-20T05:20:04+00:00","og_image":[{"width":800,"height":800,"url":"https:\/\/petproducts.com.cn\/wp-content\/uploads\/2023\/09\/YT122751.webp","type":"image\/webp"}],"twitter_card":"summary_large_image","twitter_misc":{"Dur\u00e9e de lecture estim\u00e9e":"2 minutes"},"schema":{"@context":"https:\/\/schema.org","@graph":[{"@type":"WebPage","@id":"https:\/\/petproducts.com.cn\/product\/diy-cardboard-cat-toys-fun-cute-scratching-board\/","url":"https:\/\/petproducts.com.cn\/product\/diy-cardboard-cat-toys-fun-cute-scratching-board\/","name":"Jouets pour chat en carton Diy - Petstar","isPartOf":{"@id":"https:\/\/petproducts.com.cn\/#website"},"primaryImageOfPage":{"@id":"https:\/\/petproducts.com.cn\/product\/diy-cardboard-cat-toys-fun-cute-scratching-board\/#primaryimage"},"image":{"@id":"https:\/\/petproducts.com.cn\/product\/diy-cardboard-cat-toys-fun-cute-scratching-board\/#primaryimage"},"thumbnailUrl":"https:\/\/petproducts.com.cn\/wp-content\/uploads\/2023\/09\/YT122751.webp","datePublished":"2023-09-12T06:27:47+00:00","dateModified":"2025-02-20T05:20:04+00:00","description":"Fabricant de jouets pour chats en carton, nous avons plus de 20 ans d'exp\u00e9rience dans la fabrication de produits pour animaux de compagnie, plus de 8 000 accessoires pour animaux de compagnie dans diff\u00e9rentes gammes.","breadcrumb":{"@id":"https:\/\/petproducts.com.cn\/product\/diy-cardboard-cat-toys-fun-cute-scratching-board\/#breadcrumb"},"inLanguage":"fr-FR","potentialAction":[{"@type":"ReadAction","target":["https:\/\/petproducts.com.cn\/product\/diy-cardboard-cat-toys-fun-cute-scratching-board\/"]}]},{"@type":"ImageObject","inLanguage":"fr-FR","@id":"https:\/\/petproducts.com.cn\/product\/diy-cardboard-cat-toys-fun-cute-scratching-board\/#primaryimage","url":"https:\/\/petproducts.com.cn\/wp-content\/uploads\/2023\/09\/YT122751.webp","contentUrl":"https:\/\/petproducts.com.cn\/wp-content\/uploads\/2023\/09\/YT122751.webp","width":800,"height":800,"caption":"diy cardboard cat toys"},{"@type":"BreadcrumbList","@id":"https:\/\/petproducts.com.cn\/product\/diy-cardboard-cat-toys-fun-cute-scratching-board\/#breadcrumb","itemListElement":[{"@type":"ListItem","position":1,"name":"HOME","item":"https:\/\/petproducts.com.cn\/"},{"@type":"ListItem","position":2,"name":"Products","item":"https:\/\/petproducts.com.cn\/shop\/"},{"@type":"ListItem","position":3,"name":"Cat Supplies","item":"https:\/\/petproducts.com.cn\/product-category\/cat-supplies\/"},{"@type":"ListItem","position":4,"name":"Diy Cardboard Cat Toys Fun Cute Scratching Board"}]},{"@type":"WebSite","@id":"https:\/\/petproducts.com.cn\/#website","url":"https:\/\/petproducts.com.cn\/","name":"Petstar","description":"Fabricant leader de fournitures pour animaux de compagnie et fournisseur OEM de produits pour animaux de compagnie","publisher":{"@id":"https:\/\/petproducts.com.cn\/#organization"},"alternateName":"Petstar Pet Supplies","potentialAction":[{"@type":"SearchAction","target":{"@type":"EntryPoint","urlTemplate":"https:\/\/petproducts.com.cn\/?s={search_term_string}"},"query-input":{"@type":"PropertyValueSpecification","valueRequired":true,"valueName":"search_term_string"}}],"inLanguage":"fr-FR"},{"@type":"Organization","@id":"https:\/\/petproducts.com.cn\/#organization","name":"Petstar","url":"https:\/\/petproducts.com.cn\/","logo":{"@type":"ImageObject","inLanguage":"fr-FR","@id":"https:\/\/petproducts.com.cn\/#\/schema\/logo\/image\/","url":"https:\/\/petproducts.com.cn\/wp-content\/uploads\/2020\/02\/petstar-logo.webp","contentUrl":"https:\/\/petproducts.com.cn\/wp-content\/uploads\/2020\/02\/petstar-logo.webp","width":779,"height":520,"caption":"Petstar"},"image":{"@id":"https:\/\/petproducts.com.cn\/#\/schema\/logo\/image\/"}}]}},"_links":{"self":[{"href":"https:\/\/petproducts.com.cn\/fr\/wp-json\/wp\/v2\/product\/9057","targetHints":{"allow":["GET"]}}],"collection":[{"href":"https:\/\/petproducts.com.cn\/fr\/wp-json\/wp\/v2\/product"}],"about":[{"href":"https:\/\/petproducts.com.cn\/fr\/wp-json\/wp\/v2\/types\/product"}],"version-history":[{"count":2,"href":"https:\/\/petproducts.com.cn\/fr\/wp-json\/wp\/v2\/product\/9057\/revisions"}],"predecessor-version":[{"id":11791,"href":"https:\/\/petproducts.com.cn\/fr\/wp-json\/wp\/v2\/product\/9057\/revisions\/11791"}],"wp:featuredmedia":[{"embeddable":true,"href":"https:\/\/petproducts.com.cn\/fr\/wp-json\/wp\/v2\/media\/9058"}],"wp:attachment":[{"href":"https:\/\/petproducts.com.cn\/fr\/wp-json\/wp\/v2\/media?parent=9057"}],"wp:term":[{"taxonomy":"product_brand","embeddable":true,"href":"https:\/\/petproducts.com.cn\/fr\/wp-json\/wp\/v2\/product_brand?post=9057"},{"taxonomy":"product_cat","embeddable":true,"href":"https:\/\/petproducts.com.cn\/fr\/wp-json\/wp\/v2\/product_cat?post=9057"},{"taxonomy":"product_tag","embeddable":true,"href":"https:\/\/petproducts.com.cn\/fr\/wp-json\/wp\/v2\/product_tag?post=9057"}],"curies":[{"name":"wp","href":"https:\/\/api.w.org\/{rel}","templated":true}]}}