{"id":9076,"date":"2023-09-12T06:48:06","date_gmt":"2023-09-12T06:48:06","guid":{"rendered":"https:\/\/petproducts.com.cn\/?post_type=product&#038;p=9076"},"modified":"2023-09-22T03:04:09","modified_gmt":"2023-09-22T03:04:09","slug":"cardboard-diy-cat-toys-nail-scratching-inside-catnip","status":"publish","type":"product","link":"https:\/\/petproducts.com.cn\/fr\/product\/cardboard-diy-cat-toys-nail-scratching-inside-catnip\/","title":{"rendered":"Jouets en carton pour chat, bricolage, grattage des ongles \u00e0 l&#039;int\u00e9rieur de l&#039;herbe \u00e0 chat"},"content":{"rendered":"<h2>Jouets pour chats en carton en gros<\/h2>\n<p>Vous cherchez des jouets pour chats cr\u00e9atifs et personnalisables que les chats vont adorer ? Petstar propose en gros des jouets pour chats en carton qui permettent aux chats de se faire les griffes, avec en prime de l'herbe \u00e0 chat \u00e0 l'int\u00e9rieur. Laissez vos amis \u00e0 fourrure s'amuser sans fin et satisfaire leur instinct de grattage gr\u00e2ce \u00e0 nos options \u00e9cologiques et polyvalentes !<\/p>\n<p>1) Des mat\u00e9riaux en carton respectueux de l'environnement : Chez Petstar, nous donnons la priorit\u00e9 au d\u00e9veloppement durable. Nos jouets pour chats en carton sont fabriqu\u00e9s \u00e0 partir de carton ondul\u00e9 de haute qualit\u00e9, qui est non seulement sans danger pour les chats, mais aussi respectueux de l'environnement. L'utilisation du carton garantit la durabilit\u00e9 tout en minimisant l'impact sur l'environnement.<\/p>\n<p>2. grattage des ongles avec de l'herbe \u00e0 chat \u00e0 l'int\u00e9rieur : Nos jouets pour chats DIY pr\u00e9sentent un design unique en forme de citron qui sert de planche \u00e0 gratter les ongles. La surface en carton ondul\u00e9 offre une texture parfaite pour que les chats se fassent les griffes et les gardent en bonne sant\u00e9. De plus, nous avons inclus de l'herbe \u00e0 chat \u00e0 l'int\u00e9rieur du jouet afin d'inciter les chats \u00e0 jouer.<\/p>\n<p>3. utilisation autonome : En plus de la personnalisation, chaque griffoir en forme de citron peut \u00eatre utilis\u00e9 individuellement. Cette polyvalence rend nos jouets pour chats DIY adapt\u00e9s \u00e0 diff\u00e9rents espaces et pr\u00e9f\u00e9rences. Les chats peuvent appr\u00e9cier la satisfaction de gratter et de jouer m\u00eame si vous choisissez d'utiliser une seule planche plut\u00f4t que de combiner plusieurs pi\u00e8ces.<\/p>\n<p>4) Services de personnalisation en gros : Petstar propose des services de personnalisation en gros pour r\u00e9pondre aux besoins sp\u00e9cifiques de votre entreprise. Que vous souhaitiez ajouter le logo de votre entreprise, personnaliser la taille ou la forme des jouets, ou cr\u00e9er un design unique, nous pouvons vous aider \u00e0 cr\u00e9er une ligne de produits personnalis\u00e9e qui se d\u00e9marque sur le march\u00e9.<\/p>\n<p>Choisissez Petstar comme partenaire de confiance pour des jouets pour chats en carton de haute qualit\u00e9. Nos jouets pour chats DIY combinent la durabilit\u00e9, la satisfaction des griffes et l'attrait de l'herbe \u00e0 chat pour offrir une exp\u00e9rience ludique et attrayante aux chats. Contactez-nous d\u00e8s aujourd'hui pour discuter des possibilit\u00e9s de vente en gros et ravir les propri\u00e9taires de chats avec des jouets pour chats personnalisables.<\/p>","protected":false},"excerpt":{"rendered":"<p>Nous sommes un fabricant de jouets pour chats en carton avec plus de 20 ans d'exp\u00e9rience. Nous offrons des options de personnalisation pour la couleur, la taille, le tissu, le motif, le logo et d'autres caract\u00e9ristiques.<\/p>","protected":false},"featured_media":9078,"template":"","meta":{"_acf_changed":false},"product_brand":[],"product_cat":[71,81],"product_tag":[86],"class_list":{"0":"post-9076","1":"product","2":"type-product","3":"status-publish","4":"has-post-thumbnail","6":"product_cat-cat-supplies","7":"product_cat-cat-toys","8":"product_tag-cat-toys","10":"first","11":"instock","12":"shipping-taxable","13":"product-type-simple"},"acf":[],"yoast_head":"<!-- This site is optimized with the Yoast SEO plugin v27.1.1 - https:\/\/yoast.com\/product\/yoast-seo-wordpress\/ -->\n<title>Cardboard Diy Cat Toys Nail Scratching Inside Catnip - Petstar<\/title>\n<meta name=\"description\" content=\"cardboard diy cat toys manufaturer,we have over 20 years of manufacturing experience in the pet products,more than 8,000 pet accessories in various rang\" \/>\n<meta name=\"robots\" content=\"index, follow, max-snippet:-1, max-image-preview:large, max-video-preview:-1\" \/>\n<link rel=\"canonical\" href=\"https:\/\/petproducts.com.cn\/fr\/produit\/cardboard-diy-cat-toys-nail-scratching-inside-catnip\/\" \/>\n<meta property=\"og:locale\" content=\"fr_FR\" \/>\n<meta property=\"og:type\" content=\"article\" \/>\n<meta property=\"og:title\" content=\"Cardboard Diy Cat Toys Nail Scratching Inside Catnip - Petstar\" \/>\n<meta property=\"og:description\" content=\"cardboard diy cat toys manufaturer,we have over 20 years of manufacturing experience in the pet products,more than 8,000 pet accessories in various rang\" \/>\n<meta property=\"og:url\" content=\"https:\/\/petproducts.com.cn\/fr\/produit\/cardboard-diy-cat-toys-nail-scratching-inside-catnip\/\" \/>\n<meta property=\"og:site_name\" content=\"Petstar\" \/>\n<meta property=\"article:modified_time\" content=\"2023-09-22T03:04:09+00:00\" \/>\n<meta property=\"og:image\" content=\"https:\/\/petproducts.com.cn\/wp-content\/uploads\/2023\/09\/YT122753-1.webp\" \/>\n\t<meta property=\"og:image:width\" content=\"800\" \/>\n\t<meta property=\"og:image:height\" content=\"800\" \/>\n\t<meta property=\"og:image:type\" content=\"image\/webp\" \/>\n<meta name=\"twitter:card\" content=\"summary_large_image\" \/>\n<meta name=\"twitter:label1\" content=\"Dur\u00e9e de lecture estim\u00e9e\" \/>\n\t<meta name=\"twitter:data1\" content=\"2 minutes\" \/>\n<script type=\"application\/ld+json\" class=\"yoast-schema-graph\">{\"@context\":\"https:\/\/schema.org\",\"@graph\":[{\"@type\":\"WebPage\",\"@id\":\"https:\/\/petproducts.com.cn\/product\/cardboard-diy-cat-toys-nail-scratching-inside-catnip\/\",\"url\":\"https:\/\/petproducts.com.cn\/product\/cardboard-diy-cat-toys-nail-scratching-inside-catnip\/\",\"name\":\"Cardboard Diy Cat Toys Nail Scratching Inside Catnip - Petstar\",\"isPartOf\":{\"@id\":\"https:\/\/petproducts.com.cn\/#website\"},\"primaryImageOfPage\":{\"@id\":\"https:\/\/petproducts.com.cn\/product\/cardboard-diy-cat-toys-nail-scratching-inside-catnip\/#primaryimage\"},\"image\":{\"@id\":\"https:\/\/petproducts.com.cn\/product\/cardboard-diy-cat-toys-nail-scratching-inside-catnip\/#primaryimage\"},\"thumbnailUrl\":\"https:\/\/petproducts.com.cn\/wp-content\/uploads\/2023\/09\/YT122753-1.webp\",\"datePublished\":\"2023-09-12T06:48:06+00:00\",\"dateModified\":\"2023-09-22T03:04:09+00:00\",\"description\":\"cardboard diy cat toys manufaturer,we have over 20 years of manufacturing experience in the pet products,more than 8,000 pet accessories in various rang\",\"breadcrumb\":{\"@id\":\"https:\/\/petproducts.com.cn\/product\/cardboard-diy-cat-toys-nail-scratching-inside-catnip\/#breadcrumb\"},\"inLanguage\":\"fr-FR\",\"potentialAction\":[{\"@type\":\"ReadAction\",\"target\":[\"https:\/\/petproducts.com.cn\/product\/cardboard-diy-cat-toys-nail-scratching-inside-catnip\/\"]}]},{\"@type\":\"ImageObject\",\"inLanguage\":\"fr-FR\",\"@id\":\"https:\/\/petproducts.com.cn\/product\/cardboard-diy-cat-toys-nail-scratching-inside-catnip\/#primaryimage\",\"url\":\"https:\/\/petproducts.com.cn\/wp-content\/uploads\/2023\/09\/YT122753-1.webp\",\"contentUrl\":\"https:\/\/petproducts.com.cn\/wp-content\/uploads\/2023\/09\/YT122753-1.webp\",\"width\":800,\"height\":800,\"caption\":\"cardboard diy cat toys\"},{\"@type\":\"BreadcrumbList\",\"@id\":\"https:\/\/petproducts.com.cn\/product\/cardboard-diy-cat-toys-nail-scratching-inside-catnip\/#breadcrumb\",\"itemListElement\":[{\"@type\":\"ListItem\",\"position\":1,\"name\":\"HOME\",\"item\":\"https:\/\/petproducts.com.cn\/\"},{\"@type\":\"ListItem\",\"position\":2,\"name\":\"Products\",\"item\":\"https:\/\/petproducts.com.cn\/shop\/\"},{\"@type\":\"ListItem\",\"position\":3,\"name\":\"Cat Supplies\",\"item\":\"https:\/\/petproducts.com.cn\/product-category\/cat-supplies\/\"},{\"@type\":\"ListItem\",\"position\":4,\"name\":\"Cardboard Diy Cat Toys Nail Scratching Inside Catnip\"}]},{\"@type\":\"WebSite\",\"@id\":\"https:\/\/petproducts.com.cn\/#website\",\"url\":\"https:\/\/petproducts.com.cn\/\",\"name\":\"Petstar\",\"description\":\"Leading Pet Supplies Manufacturer &amp; OEM Pet Products Supplier\",\"publisher\":{\"@id\":\"https:\/\/petproducts.com.cn\/#organization\"},\"alternateName\":\"Petstar Pet Supplies\",\"potentialAction\":[{\"@type\":\"SearchAction\",\"target\":{\"@type\":\"EntryPoint\",\"urlTemplate\":\"https:\/\/petproducts.com.cn\/?s={search_term_string}\"},\"query-input\":{\"@type\":\"PropertyValueSpecification\",\"valueRequired\":true,\"valueName\":\"search_term_string\"}}],\"inLanguage\":\"fr-FR\"},{\"@type\":\"Organization\",\"@id\":\"https:\/\/petproducts.com.cn\/#organization\",\"name\":\"Petstar\",\"url\":\"https:\/\/petproducts.com.cn\/\",\"logo\":{\"@type\":\"ImageObject\",\"inLanguage\":\"fr-FR\",\"@id\":\"https:\/\/petproducts.com.cn\/#\/schema\/logo\/image\/\",\"url\":\"https:\/\/petproducts.com.cn\/wp-content\/uploads\/2020\/02\/petstar-logo.webp\",\"contentUrl\":\"https:\/\/petproducts.com.cn\/wp-content\/uploads\/2020\/02\/petstar-logo.webp\",\"width\":779,\"height\":520,\"caption\":\"Petstar\"},\"image\":{\"@id\":\"https:\/\/petproducts.com.cn\/#\/schema\/logo\/image\/\"}}]}<\/script>\n<!-- \/ Yoast SEO plugin. -->","yoast_head_json":{"title":"Jouets pour chat en carton \u00e0 gratter \u00e0 l'int\u00e9rieur Catnip - Petstar","description":"Fabricant de jouets pour chats en carton, nous avons plus de 20 ans d'exp\u00e9rience dans la fabrication de produits pour animaux de compagnie, plus de 8 000 accessoires pour animaux de compagnie dans diff\u00e9rentes gammes.","robots":{"index":"index","follow":"follow","max-snippet":"max-snippet:-1","max-image-preview":"max-image-preview:large","max-video-preview":"max-video-preview:-1"},"canonical":"https:\/\/petproducts.com.cn\/fr\/produit\/cardboard-diy-cat-toys-nail-scratching-inside-catnip\/","og_locale":"fr_FR","og_type":"article","og_title":"Cardboard Diy Cat Toys Nail Scratching Inside Catnip - Petstar","og_description":"cardboard diy cat toys manufaturer,we have over 20 years of manufacturing experience in the pet products,more than 8,000 pet accessories in various rang","og_url":"https:\/\/petproducts.com.cn\/fr\/produit\/cardboard-diy-cat-toys-nail-scratching-inside-catnip\/","og_site_name":"Petstar","article_modified_time":"2023-09-22T03:04:09+00:00","og_image":[{"width":800,"height":800,"url":"https:\/\/petproducts.com.cn\/wp-content\/uploads\/2023\/09\/YT122753-1.webp","type":"image\/webp"}],"twitter_card":"summary_large_image","twitter_misc":{"Dur\u00e9e de lecture estim\u00e9e":"2 minutes"},"schema":{"@context":"https:\/\/schema.org","@graph":[{"@type":"WebPage","@id":"https:\/\/petproducts.com.cn\/product\/cardboard-diy-cat-toys-nail-scratching-inside-catnip\/","url":"https:\/\/petproducts.com.cn\/product\/cardboard-diy-cat-toys-nail-scratching-inside-catnip\/","name":"Jouets pour chat en carton \u00e0 gratter \u00e0 l'int\u00e9rieur Catnip - Petstar","isPartOf":{"@id":"https:\/\/petproducts.com.cn\/#website"},"primaryImageOfPage":{"@id":"https:\/\/petproducts.com.cn\/product\/cardboard-diy-cat-toys-nail-scratching-inside-catnip\/#primaryimage"},"image":{"@id":"https:\/\/petproducts.com.cn\/product\/cardboard-diy-cat-toys-nail-scratching-inside-catnip\/#primaryimage"},"thumbnailUrl":"https:\/\/petproducts.com.cn\/wp-content\/uploads\/2023\/09\/YT122753-1.webp","datePublished":"2023-09-12T06:48:06+00:00","dateModified":"2023-09-22T03:04:09+00:00","description":"Fabricant de jouets pour chats en carton, nous avons plus de 20 ans d'exp\u00e9rience dans la fabrication de produits pour animaux de compagnie, plus de 8 000 accessoires pour animaux de compagnie dans diff\u00e9rentes gammes.","breadcrumb":{"@id":"https:\/\/petproducts.com.cn\/product\/cardboard-diy-cat-toys-nail-scratching-inside-catnip\/#breadcrumb"},"inLanguage":"fr-FR","potentialAction":[{"@type":"ReadAction","target":["https:\/\/petproducts.com.cn\/product\/cardboard-diy-cat-toys-nail-scratching-inside-catnip\/"]}]},{"@type":"ImageObject","inLanguage":"fr-FR","@id":"https:\/\/petproducts.com.cn\/product\/cardboard-diy-cat-toys-nail-scratching-inside-catnip\/#primaryimage","url":"https:\/\/petproducts.com.cn\/wp-content\/uploads\/2023\/09\/YT122753-1.webp","contentUrl":"https:\/\/petproducts.com.cn\/wp-content\/uploads\/2023\/09\/YT122753-1.webp","width":800,"height":800,"caption":"cardboard diy cat toys"},{"@type":"BreadcrumbList","@id":"https:\/\/petproducts.com.cn\/product\/cardboard-diy-cat-toys-nail-scratching-inside-catnip\/#breadcrumb","itemListElement":[{"@type":"ListItem","position":1,"name":"HOME","item":"https:\/\/petproducts.com.cn\/"},{"@type":"ListItem","position":2,"name":"Products","item":"https:\/\/petproducts.com.cn\/shop\/"},{"@type":"ListItem","position":3,"name":"Cat Supplies","item":"https:\/\/petproducts.com.cn\/product-category\/cat-supplies\/"},{"@type":"ListItem","position":4,"name":"Cardboard Diy Cat Toys Nail Scratching Inside Catnip"}]},{"@type":"WebSite","@id":"https:\/\/petproducts.com.cn\/#website","url":"https:\/\/petproducts.com.cn\/","name":"Petstar","description":"Fabricant leader de fournitures pour animaux de compagnie et fournisseur OEM de produits pour animaux de compagnie","publisher":{"@id":"https:\/\/petproducts.com.cn\/#organization"},"alternateName":"Petstar Pet Supplies","potentialAction":[{"@type":"SearchAction","target":{"@type":"EntryPoint","urlTemplate":"https:\/\/petproducts.com.cn\/?s={search_term_string}"},"query-input":{"@type":"PropertyValueSpecification","valueRequired":true,"valueName":"search_term_string"}}],"inLanguage":"fr-FR"},{"@type":"Organization","@id":"https:\/\/petproducts.com.cn\/#organization","name":"Petstar","url":"https:\/\/petproducts.com.cn\/","logo":{"@type":"ImageObject","inLanguage":"fr-FR","@id":"https:\/\/petproducts.com.cn\/#\/schema\/logo\/image\/","url":"https:\/\/petproducts.com.cn\/wp-content\/uploads\/2020\/02\/petstar-logo.webp","contentUrl":"https:\/\/petproducts.com.cn\/wp-content\/uploads\/2020\/02\/petstar-logo.webp","width":779,"height":520,"caption":"Petstar"},"image":{"@id":"https:\/\/petproducts.com.cn\/#\/schema\/logo\/image\/"}}]}},"_links":{"self":[{"href":"https:\/\/petproducts.com.cn\/fr\/wp-json\/wp\/v2\/product\/9076","targetHints":{"allow":["GET"]}}],"collection":[{"href":"https:\/\/petproducts.com.cn\/fr\/wp-json\/wp\/v2\/product"}],"about":[{"href":"https:\/\/petproducts.com.cn\/fr\/wp-json\/wp\/v2\/types\/product"}],"version-history":[{"count":3,"href":"https:\/\/petproducts.com.cn\/fr\/wp-json\/wp\/v2\/product\/9076\/revisions"}],"predecessor-version":[{"id":11790,"href":"https:\/\/petproducts.com.cn\/fr\/wp-json\/wp\/v2\/product\/9076\/revisions\/11790"}],"wp:featuredmedia":[{"embeddable":true,"href":"https:\/\/petproducts.com.cn\/fr\/wp-json\/wp\/v2\/media\/9078"}],"wp:attachment":[{"href":"https:\/\/petproducts.com.cn\/fr\/wp-json\/wp\/v2\/media?parent=9076"}],"wp:term":[{"taxonomy":"product_brand","embeddable":true,"href":"https:\/\/petproducts.com.cn\/fr\/wp-json\/wp\/v2\/product_brand?post=9076"},{"taxonomy":"product_cat","embeddable":true,"href":"https:\/\/petproducts.com.cn\/fr\/wp-json\/wp\/v2\/product_cat?post=9076"},{"taxonomy":"product_tag","embeddable":true,"href":"https:\/\/petproducts.com.cn\/fr\/wp-json\/wp\/v2\/product_tag?post=9076"}],"curies":[{"name":"wp","href":"https:\/\/api.w.org\/{rel}","templated":true}]}}