{"id":9129,"date":"2023-09-12T07:41:06","date_gmt":"2023-09-12T07:41:06","guid":{"rendered":"https:\/\/petproducts.com.cn\/?post_type=product&#038;p=9129"},"modified":"2025-02-20T05:20:13","modified_gmt":"2025-02-20T05:20:13","slug":"cat-scratch-boards-cardboard-magic-box-for-cats","status":"publish","type":"product","link":"https:\/\/petproducts.com.cn\/fr\/product\/cat-scratch-boards-cardboard-magic-box-for-cats\/","title":{"rendered":"Bo\u00eete magique en carton pour chats \u00e0 gratter"},"content":{"rendered":"<h2>Grossiste carton \u00e0 gratter pour chats - Bo\u00eete magique pour chats<\/h2>\n<p>Vous cherchez des griffoirs pour chats uniques et personnalisables qui offrent des heures de divertissement \u00e0 vos amis f\u00e9lins ? Petstar vous propose en gros des planches \u00e0 griffer pour chat en carton en forme de bo\u00eete magique que les chats adoreront gratter et avec lesquelles ils aimeront jouer.<\/p>\n<p>1) Des mat\u00e9riaux en carton respectueux de l'environnement : Chez Petstar, nous croyons au d\u00e9veloppement durable. Nos planches \u00e0 chat en carton sont fabriqu\u00e9es \u00e0 partir de carton ondul\u00e9 de haute qualit\u00e9, qui est non seulement sans danger pour les chats, mais aussi respectueux de l'environnement. L'utilisation du carton garantit la durabilit\u00e9 tout en minimisant l'impact sur l'environnement.<\/p>\n<p>2. design de bo\u00eete magique : Nos planches \u00e0 gratter pour chats pr\u00e9sentent un design unique de bo\u00eete magique qui stimule la curiosit\u00e9 naturelle et l'esprit ludique du chat. La planche comporte de multiples ouvertures qui peuvent servir de cachettes ou de tunnels \u00e0 explorer pour les chats. Les ouvertures servent \u00e9galement de surface de grattage, ce qui permet aux chats de conserver des griffes saines et de satisfaire leur instinct de grattage.<\/p>\n<p>3) Services de personnalisation en gros : Petstar propose des services de personnalisation en gros pour r\u00e9pondre aux besoins sp\u00e9cifiques de votre entreprise. Que vous souhaitiez ajouter le logo de votre entreprise, personnaliser la taille ou la forme des jouets, ou cr\u00e9er un design unique, nous pouvons vous aider \u00e0 cr\u00e9er une ligne de produits personnalis\u00e9e qui se d\u00e9marque sur le march\u00e9.<\/p>\n<p>Choisissez Petstar comme partenaire de confiance pour des planches \u00e0 gratter pour chats en carton de haute qualit\u00e9. Notre bo\u00eete magique polyvalente et respectueuse de l'environnement offre des heures de divertissement aux chats tout en satisfaisant leurs instincts naturels de grattage. Contactez-nous d\u00e8s aujourd'hui pour discuter des possibilit\u00e9s de vente en gros et ravir les propri\u00e9taires de chats avec des planches \u00e0 gratter personnalis\u00e9es pour chats.<\/p>","protected":false},"excerpt":{"rendered":"<p>Nous sommes un fabricant de cartons pour griffes de chat avec plus de 20 ans d'exp\u00e9rience. Nous offrons des options de personnalisation pour la couleur, la taille, le tissu, le motif, le logo et d'autres caract\u00e9ristiques.<\/p>","protected":false},"featured_media":9101,"template":"","meta":{"_acf_changed":false},"product_brand":[],"product_cat":[71,81],"product_tag":[209],"class_list":{"0":"post-9129","1":"product","2":"type-product","3":"status-publish","4":"has-post-thumbnail","6":"product_cat-cat-supplies","7":"product_cat-cat-toys","8":"product_tag-cat-cardboard","10":"first","11":"instock","12":"shipping-taxable","13":"product-type-simple"},"acf":[],"yoast_head":"<!-- This site is optimized with the Yoast SEO plugin v27.1.1 - https:\/\/yoast.com\/product\/yoast-seo-wordpress\/ -->\n<title>Cat Scratch Boards Cardboard Magic Box For Cats - Petstar<\/title>\n<meta name=\"description\" content=\"cat scratch boards manufaturer,we have over 20 years of manufacturing experience in the pet products,more than 8,000 pet accessories in various ran\" \/>\n<meta name=\"robots\" content=\"index, follow, max-snippet:-1, max-image-preview:large, max-video-preview:-1\" \/>\n<link rel=\"canonical\" href=\"https:\/\/petproducts.com.cn\/fr\/produit\/cat-scratch-boards-cardboard-magic-box-for-cats\/\" \/>\n<meta property=\"og:locale\" content=\"fr_FR\" \/>\n<meta property=\"og:type\" content=\"article\" \/>\n<meta property=\"og:title\" content=\"Cat Scratch Boards Cardboard Magic Box For Cats - Petstar\" \/>\n<meta property=\"og:description\" content=\"cat scratch boards manufaturer,we have over 20 years of manufacturing experience in the pet products,more than 8,000 pet accessories in various ran\" \/>\n<meta property=\"og:url\" content=\"https:\/\/petproducts.com.cn\/fr\/produit\/cat-scratch-boards-cardboard-magic-box-for-cats\/\" \/>\n<meta property=\"og:site_name\" content=\"Petstar\" \/>\n<meta property=\"article:modified_time\" content=\"2025-02-20T05:20:13+00:00\" \/>\n<meta property=\"og:image\" content=\"https:\/\/petproducts.com.cn\/wp-content\/uploads\/2023\/09\/YT121412.webp\" \/>\n\t<meta property=\"og:image:width\" content=\"800\" \/>\n\t<meta property=\"og:image:height\" content=\"800\" \/>\n\t<meta property=\"og:image:type\" content=\"image\/webp\" \/>\n<meta name=\"twitter:card\" content=\"summary_large_image\" \/>\n<meta name=\"twitter:label1\" content=\"Dur\u00e9e de lecture estim\u00e9e\" \/>\n\t<meta name=\"twitter:data1\" content=\"2 minutes\" \/>\n<script type=\"application\/ld+json\" class=\"yoast-schema-graph\">{\"@context\":\"https:\/\/schema.org\",\"@graph\":[{\"@type\":\"WebPage\",\"@id\":\"https:\/\/petproducts.com.cn\/product\/cat-scratch-boards-cardboard-magic-box-for-cats\/\",\"url\":\"https:\/\/petproducts.com.cn\/product\/cat-scratch-boards-cardboard-magic-box-for-cats\/\",\"name\":\"Cat Scratch Boards Cardboard Magic Box For Cats - Petstar\",\"isPartOf\":{\"@id\":\"https:\/\/petproducts.com.cn\/#website\"},\"primaryImageOfPage\":{\"@id\":\"https:\/\/petproducts.com.cn\/product\/cat-scratch-boards-cardboard-magic-box-for-cats\/#primaryimage\"},\"image\":{\"@id\":\"https:\/\/petproducts.com.cn\/product\/cat-scratch-boards-cardboard-magic-box-for-cats\/#primaryimage\"},\"thumbnailUrl\":\"https:\/\/petproducts.com.cn\/wp-content\/uploads\/2023\/09\/YT121412.webp\",\"datePublished\":\"2023-09-12T07:41:06+00:00\",\"dateModified\":\"2025-02-20T05:20:13+00:00\",\"description\":\"cat scratch boards manufaturer,we have over 20 years of manufacturing experience in the pet products,more than 8,000 pet accessories in various ran\",\"breadcrumb\":{\"@id\":\"https:\/\/petproducts.com.cn\/product\/cat-scratch-boards-cardboard-magic-box-for-cats\/#breadcrumb\"},\"inLanguage\":\"fr-FR\",\"potentialAction\":[{\"@type\":\"ReadAction\",\"target\":[\"https:\/\/petproducts.com.cn\/product\/cat-scratch-boards-cardboard-magic-box-for-cats\/\"]}]},{\"@type\":\"ImageObject\",\"inLanguage\":\"fr-FR\",\"@id\":\"https:\/\/petproducts.com.cn\/product\/cat-scratch-boards-cardboard-magic-box-for-cats\/#primaryimage\",\"url\":\"https:\/\/petproducts.com.cn\/wp-content\/uploads\/2023\/09\/YT121412.webp\",\"contentUrl\":\"https:\/\/petproducts.com.cn\/wp-content\/uploads\/2023\/09\/YT121412.webp\",\"width\":800,\"height\":800,\"caption\":\"cat scratch boards\"},{\"@type\":\"BreadcrumbList\",\"@id\":\"https:\/\/petproducts.com.cn\/product\/cat-scratch-boards-cardboard-magic-box-for-cats\/#breadcrumb\",\"itemListElement\":[{\"@type\":\"ListItem\",\"position\":1,\"name\":\"HOME\",\"item\":\"https:\/\/petproducts.com.cn\/\"},{\"@type\":\"ListItem\",\"position\":2,\"name\":\"Products\",\"item\":\"https:\/\/petproducts.com.cn\/shop\/\"},{\"@type\":\"ListItem\",\"position\":3,\"name\":\"Cat Supplies\",\"item\":\"https:\/\/petproducts.com.cn\/product-category\/cat-supplies\/\"},{\"@type\":\"ListItem\",\"position\":4,\"name\":\"Cat Scratch Boards Cardboard Magic Box For Cats\"}]},{\"@type\":\"WebSite\",\"@id\":\"https:\/\/petproducts.com.cn\/#website\",\"url\":\"https:\/\/petproducts.com.cn\/\",\"name\":\"Petstar\",\"description\":\"Leading Pet Supplies Manufacturer &amp; OEM Pet Products Supplier\",\"publisher\":{\"@id\":\"https:\/\/petproducts.com.cn\/#organization\"},\"alternateName\":\"Petstar Pet Supplies\",\"potentialAction\":[{\"@type\":\"SearchAction\",\"target\":{\"@type\":\"EntryPoint\",\"urlTemplate\":\"https:\/\/petproducts.com.cn\/?s={search_term_string}\"},\"query-input\":{\"@type\":\"PropertyValueSpecification\",\"valueRequired\":true,\"valueName\":\"search_term_string\"}}],\"inLanguage\":\"fr-FR\"},{\"@type\":\"Organization\",\"@id\":\"https:\/\/petproducts.com.cn\/#organization\",\"name\":\"Petstar\",\"url\":\"https:\/\/petproducts.com.cn\/\",\"logo\":{\"@type\":\"ImageObject\",\"inLanguage\":\"fr-FR\",\"@id\":\"https:\/\/petproducts.com.cn\/#\/schema\/logo\/image\/\",\"url\":\"https:\/\/petproducts.com.cn\/wp-content\/uploads\/2020\/02\/petstar-logo.webp\",\"contentUrl\":\"https:\/\/petproducts.com.cn\/wp-content\/uploads\/2020\/02\/petstar-logo.webp\",\"width\":779,\"height\":520,\"caption\":\"Petstar\"},\"image\":{\"@id\":\"https:\/\/petproducts.com.cn\/#\/schema\/logo\/image\/\"}}]}<\/script>\n<!-- \/ Yoast SEO plugin. -->","yoast_head_json":{"title":"Bo\u00eete magique en carton pour chat - Petstar","description":"Nous avons plus de 20 ans d'exp\u00e9rience dans la fabrication de produits pour animaux de compagnie, plus de 8 000 accessoires pour animaux de compagnie dans diff\u00e9rentes gammes.","robots":{"index":"index","follow":"follow","max-snippet":"max-snippet:-1","max-image-preview":"max-image-preview:large","max-video-preview":"max-video-preview:-1"},"canonical":"https:\/\/petproducts.com.cn\/fr\/produit\/cat-scratch-boards-cardboard-magic-box-for-cats\/","og_locale":"fr_FR","og_type":"article","og_title":"Cat Scratch Boards Cardboard Magic Box For Cats - Petstar","og_description":"cat scratch boards manufaturer,we have over 20 years of manufacturing experience in the pet products,more than 8,000 pet accessories in various ran","og_url":"https:\/\/petproducts.com.cn\/fr\/produit\/cat-scratch-boards-cardboard-magic-box-for-cats\/","og_site_name":"Petstar","article_modified_time":"2025-02-20T05:20:13+00:00","og_image":[{"width":800,"height":800,"url":"https:\/\/petproducts.com.cn\/wp-content\/uploads\/2023\/09\/YT121412.webp","type":"image\/webp"}],"twitter_card":"summary_large_image","twitter_misc":{"Dur\u00e9e de lecture estim\u00e9e":"2 minutes"},"schema":{"@context":"https:\/\/schema.org","@graph":[{"@type":"WebPage","@id":"https:\/\/petproducts.com.cn\/product\/cat-scratch-boards-cardboard-magic-box-for-cats\/","url":"https:\/\/petproducts.com.cn\/product\/cat-scratch-boards-cardboard-magic-box-for-cats\/","name":"Bo\u00eete magique en carton pour chat - Petstar","isPartOf":{"@id":"https:\/\/petproducts.com.cn\/#website"},"primaryImageOfPage":{"@id":"https:\/\/petproducts.com.cn\/product\/cat-scratch-boards-cardboard-magic-box-for-cats\/#primaryimage"},"image":{"@id":"https:\/\/petproducts.com.cn\/product\/cat-scratch-boards-cardboard-magic-box-for-cats\/#primaryimage"},"thumbnailUrl":"https:\/\/petproducts.com.cn\/wp-content\/uploads\/2023\/09\/YT121412.webp","datePublished":"2023-09-12T07:41:06+00:00","dateModified":"2025-02-20T05:20:13+00:00","description":"Nous avons plus de 20 ans d'exp\u00e9rience dans la fabrication de produits pour animaux de compagnie, plus de 8 000 accessoires pour animaux de compagnie dans diff\u00e9rentes gammes.","breadcrumb":{"@id":"https:\/\/petproducts.com.cn\/product\/cat-scratch-boards-cardboard-magic-box-for-cats\/#breadcrumb"},"inLanguage":"fr-FR","potentialAction":[{"@type":"ReadAction","target":["https:\/\/petproducts.com.cn\/product\/cat-scratch-boards-cardboard-magic-box-for-cats\/"]}]},{"@type":"ImageObject","inLanguage":"fr-FR","@id":"https:\/\/petproducts.com.cn\/product\/cat-scratch-boards-cardboard-magic-box-for-cats\/#primaryimage","url":"https:\/\/petproducts.com.cn\/wp-content\/uploads\/2023\/09\/YT121412.webp","contentUrl":"https:\/\/petproducts.com.cn\/wp-content\/uploads\/2023\/09\/YT121412.webp","width":800,"height":800,"caption":"cat scratch boards"},{"@type":"BreadcrumbList","@id":"https:\/\/petproducts.com.cn\/product\/cat-scratch-boards-cardboard-magic-box-for-cats\/#breadcrumb","itemListElement":[{"@type":"ListItem","position":1,"name":"HOME","item":"https:\/\/petproducts.com.cn\/"},{"@type":"ListItem","position":2,"name":"Products","item":"https:\/\/petproducts.com.cn\/shop\/"},{"@type":"ListItem","position":3,"name":"Cat Supplies","item":"https:\/\/petproducts.com.cn\/product-category\/cat-supplies\/"},{"@type":"ListItem","position":4,"name":"Cat Scratch Boards Cardboard Magic Box For Cats"}]},{"@type":"WebSite","@id":"https:\/\/petproducts.com.cn\/#website","url":"https:\/\/petproducts.com.cn\/","name":"Petstar","description":"Fabricant leader de fournitures pour animaux de compagnie et fournisseur OEM de produits pour animaux de compagnie","publisher":{"@id":"https:\/\/petproducts.com.cn\/#organization"},"alternateName":"Petstar Pet Supplies","potentialAction":[{"@type":"SearchAction","target":{"@type":"EntryPoint","urlTemplate":"https:\/\/petproducts.com.cn\/?s={search_term_string}"},"query-input":{"@type":"PropertyValueSpecification","valueRequired":true,"valueName":"search_term_string"}}],"inLanguage":"fr-FR"},{"@type":"Organization","@id":"https:\/\/petproducts.com.cn\/#organization","name":"Petstar","url":"https:\/\/petproducts.com.cn\/","logo":{"@type":"ImageObject","inLanguage":"fr-FR","@id":"https:\/\/petproducts.com.cn\/#\/schema\/logo\/image\/","url":"https:\/\/petproducts.com.cn\/wp-content\/uploads\/2020\/02\/petstar-logo.webp","contentUrl":"https:\/\/petproducts.com.cn\/wp-content\/uploads\/2020\/02\/petstar-logo.webp","width":779,"height":520,"caption":"Petstar"},"image":{"@id":"https:\/\/petproducts.com.cn\/#\/schema\/logo\/image\/"}}]}},"_links":{"self":[{"href":"https:\/\/petproducts.com.cn\/fr\/wp-json\/wp\/v2\/product\/9129","targetHints":{"allow":["GET"]}}],"collection":[{"href":"https:\/\/petproducts.com.cn\/fr\/wp-json\/wp\/v2\/product"}],"about":[{"href":"https:\/\/petproducts.com.cn\/fr\/wp-json\/wp\/v2\/types\/product"}],"version-history":[{"count":3,"href":"https:\/\/petproducts.com.cn\/fr\/wp-json\/wp\/v2\/product\/9129\/revisions"}],"predecessor-version":[{"id":11795,"href":"https:\/\/petproducts.com.cn\/fr\/wp-json\/wp\/v2\/product\/9129\/revisions\/11795"}],"wp:featuredmedia":[{"embeddable":true,"href":"https:\/\/petproducts.com.cn\/fr\/wp-json\/wp\/v2\/media\/9101"}],"wp:attachment":[{"href":"https:\/\/petproducts.com.cn\/fr\/wp-json\/wp\/v2\/media?parent=9129"}],"wp:term":[{"taxonomy":"product_brand","embeddable":true,"href":"https:\/\/petproducts.com.cn\/fr\/wp-json\/wp\/v2\/product_brand?post=9129"},{"taxonomy":"product_cat","embeddable":true,"href":"https:\/\/petproducts.com.cn\/fr\/wp-json\/wp\/v2\/product_cat?post=9129"},{"taxonomy":"product_tag","embeddable":true,"href":"https:\/\/petproducts.com.cn\/fr\/wp-json\/wp\/v2\/product_tag?post=9129"}],"curies":[{"name":"wp","href":"https:\/\/api.w.org\/{rel}","templated":true}]}}