{"id":9378,"date":"2023-09-13T06:34:50","date_gmt":"2023-09-13T06:34:50","guid":{"rendered":"https:\/\/petproducts.com.cn\/?post_type=product&#038;p=9378"},"modified":"2023-09-22T02:21:48","modified_gmt":"2023-09-22T02:21:48","slug":"wholesale-pet-tug-of-war-toy-tpr-and-rope-durable-chew-toy","status":"publish","type":"product","link":"https:\/\/petproducts.com.cn\/fr\/product\/wholesale-pet-tug-of-war-toy-tpr-and-rope-durable-chew-toy\/","title":{"rendered":"Jouet de remorqueur de guerre en gros pour animaux de compagnie, Tpr et corde, jouet \u00e0 m\u00e2cher durable"},"content":{"rendered":"<h2>Wholesale Pet Tug of War Toy - (Jouet de guerre pour animaux de compagnie)<\/h2>\n<h2>Jouet \u00e0 m\u00e2cher durable en TPR et corde<\/h2>\n<p>Vous \u00eates \u00e0 la recherche d'un jouet durable et attrayant pour votre animal de compagnie, qui favorise le jeu interactif et satisfait les instincts de mastication de votre compagnon \u00e0 quatre pattes ? Petstar propose en gros un jouet de guerre pour animaux de compagnie, compos\u00e9 d'un mat\u00e9riau TPR durable et d'une corde. Gr\u00e2ce \u00e0 nos services de personnalisation en gros, vous pouvez cr\u00e9er des mod\u00e8les personnalis\u00e9s pour r\u00e9pondre aux besoins de vos clients et mettre en valeur votre marque.<\/p>\n<h3>Nos avantages\uff1a<\/h3>\n<p>1) Construction durable en TPR et en corde : Chez Petstar, nous donnons la priorit\u00e9 \u00e0 la qualit\u00e9 et \u00e0 la s\u00e9curit\u00e9 de nos produits. Nos jouets \u00e0 m\u00e2cher sont fabriqu\u00e9s \u00e0 partir d'un mat\u00e9riau r\u00e9sistant, le TPR (caoutchouc thermoplastique), combin\u00e9 \u00e0 une corde solide. Cette combinaison cr\u00e9e un jouet durable qui peut r\u00e9sister \u00e0 un jeu rigoureux et \u00e0 la mastication, garantissant un divertissement durable pour les animaux de compagnie.<\/p>\n<p>2. promouvoir le jeu interactif : Nos jouets \u00e0 m\u00e2cher sont con\u00e7us pour encourager les s\u00e9ances de jeu interactives entre les animaux et leurs ma\u00eetres. La conception de la lutte \u00e0 la corde permet d'agr\u00e9ables combats de force et donne l'occasion aux animaux de s'engager dans une activit\u00e9 physique. Renforcez le lien avec votre ami \u00e0 fourrure gr\u00e2ce \u00e0 des s\u00e9ances de jeu interactives.<\/p>\n<p>3. \u00e0 m\u00e2cher et s\u00fbr : Les chiens ont un instinct naturel pour m\u00e2cher, et nos jouets pour animaux de compagnie satisfont ce besoin tout en garantissant la s\u00e9curit\u00e9. Le mat\u00e9riau TPR et la texture de la corde sont doux pour les dents et les gencives des chiens, ce qui permet des s\u00e9ances de mastication prolong\u00e9es. Offrez \u00e0 vos animaux de compagnie une exp\u00e9rience de mastication s\u00fbre et satisfaisante gr\u00e2ce \u00e0 nos jouets durables et faciles \u00e0 m\u00e2cher.<\/p>\n<p>4. des options personnalisables : Nous comprenons l'importance de la marque et de la personnalisation. Gr\u00e2ce \u00e0 nos services de personnalisation en gros, vous pouvez cr\u00e9er des jouets pour animaux de compagnie qui correspondent \u00e0 votre image de marque. Que vous souhaitiez ajouter votre logo, choisir des couleurs sp\u00e9cifiques ou incorporer des motifs uniques, nous pouvons vous aider \u00e0 cr\u00e9er une ligne de produits personnalis\u00e9s adapt\u00e9s \u00e0 votre marque.<\/p>\n<p>Choisissez Petstar comme votre partenaire de confiance pour la vente en gros de jouets \u00e0 m\u00e2cher pour animaux de compagnie. Nos jouets \u00e0 m\u00e2cher durables et attrayants en TPR et en corde offrent un divertissement sans fin aux animaux de compagnie tout en vous permettant de cr\u00e9er une pr\u00e9sence unique de votre marque. Contactez-nous d\u00e8s aujourd'hui pour discuter des possibilit\u00e9s de vente en gros et offrir \u00e0 vos clients des jouets pour animaux de compagnie personnalis\u00e9s et de premi\u00e8re qualit\u00e9.<\/p>\n<p>&nbsp;<\/p>","protected":false},"excerpt":{"rendered":"<p>Nous sommes un fabricant de jouets \u00e0 tirer pour animaux de compagnie avec plus de 20 ans d'exp\u00e9rience. Nous offrons des options de personnalisation pour la couleur, la taille, le tissu, le motif, le logo et d'autres caract\u00e9ristiques.<\/p>","protected":false},"featured_media":9380,"template":"","meta":{"_acf_changed":false},"product_brand":[],"product_cat":[72,48],"product_tag":[85],"class_list":{"0":"post-9378","1":"product","2":"type-product","3":"status-publish","4":"has-post-thumbnail","6":"product_cat-dog-supplies","7":"product_cat-dog-toys","8":"product_tag-dog-toys","10":"first","11":"instock","12":"shipping-taxable","13":"product-type-simple"},"acf":[],"yoast_head":"<!-- This site is optimized with the Yoast SEO plugin v27.1.1 - https:\/\/yoast.com\/product\/yoast-seo-wordpress\/ -->\n<title>Wholesale Pet Tug Of War Toy Tpr And Rope Durable Chew Toy - Petstar<\/title>\n<meta name=\"description\" content=\"pet tug of war toy manufaturer,we have over 20 years of manufacturing experience in the pet products,more than 8,000 pet accessories in various range\" \/>\n<meta name=\"robots\" content=\"index, follow, max-snippet:-1, max-image-preview:large, max-video-preview:-1\" \/>\n<link rel=\"canonical\" href=\"https:\/\/petproducts.com.cn\/fr\/produit\/wholesale-pet-tug-of-war-toy-tpr-and-rope-durable-chew-toy\/\" \/>\n<meta property=\"og:locale\" content=\"fr_FR\" \/>\n<meta property=\"og:type\" content=\"article\" \/>\n<meta property=\"og:title\" content=\"Wholesale Pet Tug Of War Toy Tpr And Rope Durable Chew Toy - Petstar\" \/>\n<meta property=\"og:description\" content=\"pet tug of war toy manufaturer,we have over 20 years of manufacturing experience in the pet products,more than 8,000 pet accessories in various range\" \/>\n<meta property=\"og:url\" content=\"https:\/\/petproducts.com.cn\/fr\/produit\/wholesale-pet-tug-of-war-toy-tpr-and-rope-durable-chew-toy\/\" \/>\n<meta property=\"og:site_name\" content=\"Petstar\" \/>\n<meta property=\"article:modified_time\" content=\"2023-09-22T02:21:48+00:00\" \/>\n<meta property=\"og:image\" content=\"https:\/\/petproducts.com.cn\/wp-content\/uploads\/2023\/09\/YT124491.webp\" \/>\n\t<meta property=\"og:image:width\" content=\"800\" \/>\n\t<meta property=\"og:image:height\" content=\"800\" \/>\n\t<meta property=\"og:image:type\" content=\"image\/webp\" \/>\n<meta name=\"twitter:card\" content=\"summary_large_image\" \/>\n<meta name=\"twitter:label1\" content=\"Dur\u00e9e de lecture estim\u00e9e\" \/>\n\t<meta name=\"twitter:data1\" content=\"2 minutes\" \/>\n<script type=\"application\/ld+json\" class=\"yoast-schema-graph\">{\"@context\":\"https:\/\/schema.org\",\"@graph\":[{\"@type\":\"WebPage\",\"@id\":\"https:\/\/petproducts.com.cn\/product\/wholesale-pet-tug-of-war-toy-tpr-and-rope-durable-chew-toy\/\",\"url\":\"https:\/\/petproducts.com.cn\/product\/wholesale-pet-tug-of-war-toy-tpr-and-rope-durable-chew-toy\/\",\"name\":\"Wholesale Pet Tug Of War Toy Tpr And Rope Durable Chew Toy - Petstar\",\"isPartOf\":{\"@id\":\"https:\/\/petproducts.com.cn\/#website\"},\"primaryImageOfPage\":{\"@id\":\"https:\/\/petproducts.com.cn\/product\/wholesale-pet-tug-of-war-toy-tpr-and-rope-durable-chew-toy\/#primaryimage\"},\"image\":{\"@id\":\"https:\/\/petproducts.com.cn\/product\/wholesale-pet-tug-of-war-toy-tpr-and-rope-durable-chew-toy\/#primaryimage\"},\"thumbnailUrl\":\"https:\/\/petproducts.com.cn\/wp-content\/uploads\/2023\/09\/YT124491.webp\",\"datePublished\":\"2023-09-13T06:34:50+00:00\",\"dateModified\":\"2023-09-22T02:21:48+00:00\",\"description\":\"pet tug of war toy manufaturer,we have over 20 years of manufacturing experience in the pet products,more than 8,000 pet accessories in various range\",\"breadcrumb\":{\"@id\":\"https:\/\/petproducts.com.cn\/product\/wholesale-pet-tug-of-war-toy-tpr-and-rope-durable-chew-toy\/#breadcrumb\"},\"inLanguage\":\"fr-FR\",\"potentialAction\":[{\"@type\":\"ReadAction\",\"target\":[\"https:\/\/petproducts.com.cn\/product\/wholesale-pet-tug-of-war-toy-tpr-and-rope-durable-chew-toy\/\"]}]},{\"@type\":\"ImageObject\",\"inLanguage\":\"fr-FR\",\"@id\":\"https:\/\/petproducts.com.cn\/product\/wholesale-pet-tug-of-war-toy-tpr-and-rope-durable-chew-toy\/#primaryimage\",\"url\":\"https:\/\/petproducts.com.cn\/wp-content\/uploads\/2023\/09\/YT124491.webp\",\"contentUrl\":\"https:\/\/petproducts.com.cn\/wp-content\/uploads\/2023\/09\/YT124491.webp\",\"width\":800,\"height\":800,\"caption\":\"pet tug of war toy\"},{\"@type\":\"BreadcrumbList\",\"@id\":\"https:\/\/petproducts.com.cn\/product\/wholesale-pet-tug-of-war-toy-tpr-and-rope-durable-chew-toy\/#breadcrumb\",\"itemListElement\":[{\"@type\":\"ListItem\",\"position\":1,\"name\":\"HOME\",\"item\":\"https:\/\/petproducts.com.cn\/\"},{\"@type\":\"ListItem\",\"position\":2,\"name\":\"Products\",\"item\":\"https:\/\/petproducts.com.cn\/shop\/\"},{\"@type\":\"ListItem\",\"position\":3,\"name\":\"Dog Toys\",\"item\":\"https:\/\/petproducts.com.cn\/product-category\/dog-toys\/\"},{\"@type\":\"ListItem\",\"position\":4,\"name\":\"Wholesale Pet Tug Of War Toy Tpr And Rope Durable Chew Toy\"}]},{\"@type\":\"WebSite\",\"@id\":\"https:\/\/petproducts.com.cn\/#website\",\"url\":\"https:\/\/petproducts.com.cn\/\",\"name\":\"Petstar\",\"description\":\"Leading Pet Supplies Manufacturer &amp; OEM Pet Products Supplier\",\"publisher\":{\"@id\":\"https:\/\/petproducts.com.cn\/#organization\"},\"alternateName\":\"Petstar Pet Supplies\",\"potentialAction\":[{\"@type\":\"SearchAction\",\"target\":{\"@type\":\"EntryPoint\",\"urlTemplate\":\"https:\/\/petproducts.com.cn\/?s={search_term_string}\"},\"query-input\":{\"@type\":\"PropertyValueSpecification\",\"valueRequired\":true,\"valueName\":\"search_term_string\"}}],\"inLanguage\":\"fr-FR\"},{\"@type\":\"Organization\",\"@id\":\"https:\/\/petproducts.com.cn\/#organization\",\"name\":\"Petstar\",\"url\":\"https:\/\/petproducts.com.cn\/\",\"logo\":{\"@type\":\"ImageObject\",\"inLanguage\":\"fr-FR\",\"@id\":\"https:\/\/petproducts.com.cn\/#\/schema\/logo\/image\/\",\"url\":\"https:\/\/petproducts.com.cn\/wp-content\/uploads\/2020\/02\/petstar-logo.webp\",\"contentUrl\":\"https:\/\/petproducts.com.cn\/wp-content\/uploads\/2020\/02\/petstar-logo.webp\",\"width\":779,\"height\":520,\"caption\":\"Petstar\"},\"image\":{\"@id\":\"https:\/\/petproducts.com.cn\/#\/schema\/logo\/image\/\"}}]}<\/script>\n<!-- \/ Yoast SEO plugin. -->","yoast_head_json":{"title":"Wholesale Pet Tug Of War Toy Tpr And Rope Durable Chew Toy - Petstar","description":"Nous avons plus de 20 ans d'exp\u00e9rience dans la fabrication de produits pour animaux de compagnie, plus de 8 000 accessoires pour animaux de compagnie dans diff\u00e9rentes gammes.","robots":{"index":"index","follow":"follow","max-snippet":"max-snippet:-1","max-image-preview":"max-image-preview:large","max-video-preview":"max-video-preview:-1"},"canonical":"https:\/\/petproducts.com.cn\/fr\/produit\/wholesale-pet-tug-of-war-toy-tpr-and-rope-durable-chew-toy\/","og_locale":"fr_FR","og_type":"article","og_title":"Wholesale Pet Tug Of War Toy Tpr And Rope Durable Chew Toy - Petstar","og_description":"pet tug of war toy manufaturer,we have over 20 years of manufacturing experience in the pet products,more than 8,000 pet accessories in various range","og_url":"https:\/\/petproducts.com.cn\/fr\/produit\/wholesale-pet-tug-of-war-toy-tpr-and-rope-durable-chew-toy\/","og_site_name":"Petstar","article_modified_time":"2023-09-22T02:21:48+00:00","og_image":[{"width":800,"height":800,"url":"https:\/\/petproducts.com.cn\/wp-content\/uploads\/2023\/09\/YT124491.webp","type":"image\/webp"}],"twitter_card":"summary_large_image","twitter_misc":{"Dur\u00e9e de lecture estim\u00e9e":"2 minutes"},"schema":{"@context":"https:\/\/schema.org","@graph":[{"@type":"WebPage","@id":"https:\/\/petproducts.com.cn\/product\/wholesale-pet-tug-of-war-toy-tpr-and-rope-durable-chew-toy\/","url":"https:\/\/petproducts.com.cn\/product\/wholesale-pet-tug-of-war-toy-tpr-and-rope-durable-chew-toy\/","name":"Wholesale Pet Tug Of War Toy Tpr And Rope Durable Chew Toy - Petstar","isPartOf":{"@id":"https:\/\/petproducts.com.cn\/#website"},"primaryImageOfPage":{"@id":"https:\/\/petproducts.com.cn\/product\/wholesale-pet-tug-of-war-toy-tpr-and-rope-durable-chew-toy\/#primaryimage"},"image":{"@id":"https:\/\/petproducts.com.cn\/product\/wholesale-pet-tug-of-war-toy-tpr-and-rope-durable-chew-toy\/#primaryimage"},"thumbnailUrl":"https:\/\/petproducts.com.cn\/wp-content\/uploads\/2023\/09\/YT124491.webp","datePublished":"2023-09-13T06:34:50+00:00","dateModified":"2023-09-22T02:21:48+00:00","description":"Nous avons plus de 20 ans d'exp\u00e9rience dans la fabrication de produits pour animaux de compagnie, plus de 8 000 accessoires pour animaux de compagnie dans diff\u00e9rentes gammes.","breadcrumb":{"@id":"https:\/\/petproducts.com.cn\/product\/wholesale-pet-tug-of-war-toy-tpr-and-rope-durable-chew-toy\/#breadcrumb"},"inLanguage":"fr-FR","potentialAction":[{"@type":"ReadAction","target":["https:\/\/petproducts.com.cn\/product\/wholesale-pet-tug-of-war-toy-tpr-and-rope-durable-chew-toy\/"]}]},{"@type":"ImageObject","inLanguage":"fr-FR","@id":"https:\/\/petproducts.com.cn\/product\/wholesale-pet-tug-of-war-toy-tpr-and-rope-durable-chew-toy\/#primaryimage","url":"https:\/\/petproducts.com.cn\/wp-content\/uploads\/2023\/09\/YT124491.webp","contentUrl":"https:\/\/petproducts.com.cn\/wp-content\/uploads\/2023\/09\/YT124491.webp","width":800,"height":800,"caption":"pet tug of war toy"},{"@type":"BreadcrumbList","@id":"https:\/\/petproducts.com.cn\/product\/wholesale-pet-tug-of-war-toy-tpr-and-rope-durable-chew-toy\/#breadcrumb","itemListElement":[{"@type":"ListItem","position":1,"name":"HOME","item":"https:\/\/petproducts.com.cn\/"},{"@type":"ListItem","position":2,"name":"Products","item":"https:\/\/petproducts.com.cn\/shop\/"},{"@type":"ListItem","position":3,"name":"Dog Toys","item":"https:\/\/petproducts.com.cn\/product-category\/dog-toys\/"},{"@type":"ListItem","position":4,"name":"Wholesale Pet Tug Of War Toy Tpr And Rope Durable Chew Toy"}]},{"@type":"WebSite","@id":"https:\/\/petproducts.com.cn\/#website","url":"https:\/\/petproducts.com.cn\/","name":"Petstar","description":"Fabricant leader de fournitures pour animaux de compagnie et fournisseur OEM de produits pour animaux de compagnie","publisher":{"@id":"https:\/\/petproducts.com.cn\/#organization"},"alternateName":"Petstar Pet Supplies","potentialAction":[{"@type":"SearchAction","target":{"@type":"EntryPoint","urlTemplate":"https:\/\/petproducts.com.cn\/?s={search_term_string}"},"query-input":{"@type":"PropertyValueSpecification","valueRequired":true,"valueName":"search_term_string"}}],"inLanguage":"fr-FR"},{"@type":"Organization","@id":"https:\/\/petproducts.com.cn\/#organization","name":"Petstar","url":"https:\/\/petproducts.com.cn\/","logo":{"@type":"ImageObject","inLanguage":"fr-FR","@id":"https:\/\/petproducts.com.cn\/#\/schema\/logo\/image\/","url":"https:\/\/petproducts.com.cn\/wp-content\/uploads\/2020\/02\/petstar-logo.webp","contentUrl":"https:\/\/petproducts.com.cn\/wp-content\/uploads\/2020\/02\/petstar-logo.webp","width":779,"height":520,"caption":"Petstar"},"image":{"@id":"https:\/\/petproducts.com.cn\/#\/schema\/logo\/image\/"}}]}},"_links":{"self":[{"href":"https:\/\/petproducts.com.cn\/fr\/wp-json\/wp\/v2\/product\/9378","targetHints":{"allow":["GET"]}}],"collection":[{"href":"https:\/\/petproducts.com.cn\/fr\/wp-json\/wp\/v2\/product"}],"about":[{"href":"https:\/\/petproducts.com.cn\/fr\/wp-json\/wp\/v2\/types\/product"}],"version-history":[{"count":2,"href":"https:\/\/petproducts.com.cn\/fr\/wp-json\/wp\/v2\/product\/9378\/revisions"}],"predecessor-version":[{"id":11746,"href":"https:\/\/petproducts.com.cn\/fr\/wp-json\/wp\/v2\/product\/9378\/revisions\/11746"}],"wp:featuredmedia":[{"embeddable":true,"href":"https:\/\/petproducts.com.cn\/fr\/wp-json\/wp\/v2\/media\/9380"}],"wp:attachment":[{"href":"https:\/\/petproducts.com.cn\/fr\/wp-json\/wp\/v2\/media?parent=9378"}],"wp:term":[{"taxonomy":"product_brand","embeddable":true,"href":"https:\/\/petproducts.com.cn\/fr\/wp-json\/wp\/v2\/product_brand?post=9378"},{"taxonomy":"product_cat","embeddable":true,"href":"https:\/\/petproducts.com.cn\/fr\/wp-json\/wp\/v2\/product_cat?post=9378"},{"taxonomy":"product_tag","embeddable":true,"href":"https:\/\/petproducts.com.cn\/fr\/wp-json\/wp\/v2\/product_tag?post=9378"}],"curies":[{"name":"wp","href":"https:\/\/api.w.org\/{rel}","templated":true}]}}