{"id":12090,"date":"2023-09-26T05:30:15","date_gmt":"2023-09-26T05:30:15","guid":{"rendered":"https:\/\/petproducts.com.cn\/?post_type=product&#038;p=12090"},"modified":"2023-10-24T07:28:36","modified_gmt":"2023-10-24T07:28:36","slug":"bohemian-pet-bed-stylish-dog-sleeping-bed","status":"publish","type":"product","link":"https:\/\/petproducts.com.cn\/it\/product\/bohemian-pet-bed-stylish-dog-sleeping-bed\/","title":{"rendered":"Letto per animali boh\u00e9mien Letto per cani alla moda"},"content":{"rendered":"<h2><strong>Caratteristiche di Bohemian Pet Bed<\/strong><\/h2>\n<ol>\n<li><strong>Eleganza boh\u00e9mien<\/strong>: Elevate l'esperienza di riposo del vostro animale domestico con il nostro letto per animali Bohemian. I motivi intricati e i colori vivaci del design boemo conferiscono un tocco di fascino artistico al vostro spazio vitale, rendendolo un vero e proprio pezzo forte.<\/li>\n<li><strong>Lussuoso tessuto interamente in poliestere<\/strong>: Il nostro letto per animali domestici \u00e8 dotato di un tessuto premium in twill di poliestere che non solo ha un aspetto squisito, ma offre anche una morbidezza eccezionale. Il vostro cane si godr\u00e0 il comfort di questo materiale lussuoso, assicurandovi un pisolino accogliente e tranquillo.<\/li>\n<li><strong>Alla moda e funzionale<\/strong>: Non solo un letto per animali domestici, ma un'aggiunta alla moda per l'arredamento della vostra casa. Il letto per animali domestici in stile boh\u00e9mien si integra perfettamente negli interni, migliorando l'estetica generale dello spazio e offrendo al vostro amico peloso un rifugio di stile.<\/li>\n<li><strong>Base antiscivolo<\/strong>: Sicurezza e stabilit\u00e0 sono fondamentali. Il letto per cani \u00e8 progettato con un fondo antiscivolo, che assicura che rimanga saldamente in posizione anche durante i giochi pi\u00f9 vivaci. Il vostro animale potr\u00e0 divertirsi per ore senza che il letto si sposti o scivoli.<\/li>\n<li><strong>Opzioni di dimensione<\/strong>: Disponibile in varie misure per ospitare cani di tutte le razze e dimensioni. Sia che abbiate un cucciolo piccolo o un amico peloso di grandi dimensioni, abbiamo la cuccia elegante perfetta per le loro esigenze.<\/li>\n<\/ol>","protected":false},"excerpt":{"rendered":"<p>Siamo un produttore di letti per animali domestici con oltre 20 anni di esperienza. Offriamo opzioni di personalizzazione per colore, dimensione, tessuto, modello, logo e altre caratteristiche.<\/p>","protected":false},"featured_media":12091,"template":"","meta":{"_acf_changed":false},"product_brand":[],"product_cat":[57,72],"product_tag":[75],"class_list":{"0":"post-12090","1":"product","2":"type-product","3":"status-publish","4":"has-post-thumbnail","6":"product_cat-dog-beds","7":"product_cat-dog-supplies","8":"product_tag-dog-beds","10":"first","11":"instock","12":"shipping-taxable","13":"product-type-simple"},"acf":[],"yoast_head":"<!-- This site is optimized with the Yoast SEO plugin v27.1.1 - https:\/\/yoast.com\/product\/yoast-seo-wordpress\/ -->\n<title>Bohemian Pet Bed Stylish Dog Sleeping Bed - Petstar<\/title>\n<meta name=\"description\" content=\"Explore Bohemian Pet Bed- Mass Production, Customization, and Design Options Available.Petstar is a leading global one-stop pet bed supplier.\" \/>\n<meta name=\"robots\" content=\"index, follow, max-snippet:-1, max-image-preview:large, max-video-preview:-1\" \/>\n<link rel=\"canonical\" href=\"https:\/\/petproducts.com.cn\/it\/prodotto\/bohemian-pet-bed-stylish-dog-sleeping-bed\/\" \/>\n<meta property=\"og:locale\" content=\"it_IT\" \/>\n<meta property=\"og:type\" content=\"article\" \/>\n<meta property=\"og:title\" content=\"Bohemian Pet Bed Stylish Dog Sleeping Bed - Petstar\" \/>\n<meta property=\"og:description\" content=\"Explore Bohemian Pet Bed- Mass Production, Customization, and Design Options Available.Petstar is a leading global one-stop pet bed supplier.\" \/>\n<meta property=\"og:url\" content=\"https:\/\/petproducts.com.cn\/it\/prodotto\/bohemian-pet-bed-stylish-dog-sleeping-bed\/\" \/>\n<meta property=\"og:site_name\" content=\"Petstar\" \/>\n<meta property=\"article:modified_time\" content=\"2023-10-24T07:28:36+00:00\" \/>\n<meta property=\"og:image\" content=\"https:\/\/petproducts.com.cn\/wp-content\/uploads\/2023\/09\/YF202208002-1_\u7ed3\u679c.webp\" \/>\n\t<meta property=\"og:image:width\" content=\"1000\" \/>\n\t<meta property=\"og:image:height\" content=\"1000\" \/>\n\t<meta property=\"og:image:type\" content=\"image\/webp\" \/>\n<meta name=\"twitter:card\" content=\"summary_large_image\" \/>\n<meta name=\"twitter:label1\" content=\"Tempo di lettura stimato\" \/>\n\t<meta name=\"twitter:data1\" content=\"1 minuto\" \/>\n<script type=\"application\/ld+json\" class=\"yoast-schema-graph\">{\"@context\":\"https:\/\/schema.org\",\"@graph\":[{\"@type\":\"WebPage\",\"@id\":\"https:\/\/petproducts.com.cn\/product\/bohemian-pet-bed-stylish-dog-sleeping-bed\/\",\"url\":\"https:\/\/petproducts.com.cn\/product\/bohemian-pet-bed-stylish-dog-sleeping-bed\/\",\"name\":\"Bohemian Pet Bed Stylish Dog Sleeping Bed - Petstar\",\"isPartOf\":{\"@id\":\"https:\/\/petproducts.com.cn\/#website\"},\"primaryImageOfPage\":{\"@id\":\"https:\/\/petproducts.com.cn\/product\/bohemian-pet-bed-stylish-dog-sleeping-bed\/#primaryimage\"},\"image\":{\"@id\":\"https:\/\/petproducts.com.cn\/product\/bohemian-pet-bed-stylish-dog-sleeping-bed\/#primaryimage\"},\"thumbnailUrl\":\"https:\/\/petproducts.com.cn\/wp-content\/uploads\/2023\/09\/YF202208002-1_\u7ed3\u679c.webp\",\"datePublished\":\"2023-09-26T05:30:15+00:00\",\"dateModified\":\"2023-10-24T07:28:36+00:00\",\"description\":\"Explore Bohemian Pet Bed- Mass Production, Customization, and Design Options Available.Petstar is a leading global one-stop pet bed supplier.\",\"breadcrumb\":{\"@id\":\"https:\/\/petproducts.com.cn\/product\/bohemian-pet-bed-stylish-dog-sleeping-bed\/#breadcrumb\"},\"inLanguage\":\"it-IT\",\"potentialAction\":[{\"@type\":\"ReadAction\",\"target\":[\"https:\/\/petproducts.com.cn\/product\/bohemian-pet-bed-stylish-dog-sleeping-bed\/\"]}]},{\"@type\":\"ImageObject\",\"inLanguage\":\"it-IT\",\"@id\":\"https:\/\/petproducts.com.cn\/product\/bohemian-pet-bed-stylish-dog-sleeping-bed\/#primaryimage\",\"url\":\"https:\/\/petproducts.com.cn\/wp-content\/uploads\/2023\/09\/YF202208002-1_\u7ed3\u679c.webp\",\"contentUrl\":\"https:\/\/petproducts.com.cn\/wp-content\/uploads\/2023\/09\/YF202208002-1_\u7ed3\u679c.webp\",\"width\":1000,\"height\":1000,\"caption\":\"bohemian pet bed\"},{\"@type\":\"BreadcrumbList\",\"@id\":\"https:\/\/petproducts.com.cn\/product\/bohemian-pet-bed-stylish-dog-sleeping-bed\/#breadcrumb\",\"itemListElement\":[{\"@type\":\"ListItem\",\"position\":1,\"name\":\"HOME\",\"item\":\"https:\/\/petproducts.com.cn\/\"},{\"@type\":\"ListItem\",\"position\":2,\"name\":\"Products\",\"item\":\"https:\/\/petproducts.com.cn\/shop\/\"},{\"@type\":\"ListItem\",\"position\":3,\"name\":\"Dog Beds\",\"item\":\"https:\/\/petproducts.com.cn\/product-category\/dog-beds\/\"},{\"@type\":\"ListItem\",\"position\":4,\"name\":\"Bohemian Pet Bed Stylish Dog Sleeping Bed\"}]},{\"@type\":\"WebSite\",\"@id\":\"https:\/\/petproducts.com.cn\/#website\",\"url\":\"https:\/\/petproducts.com.cn\/\",\"name\":\"Petstar\",\"description\":\"Leading Pet Supplies Manufacturer &amp; OEM Pet Products Supplier\",\"publisher\":{\"@id\":\"https:\/\/petproducts.com.cn\/#organization\"},\"alternateName\":\"Petstar Pet Supplies\",\"potentialAction\":[{\"@type\":\"SearchAction\",\"target\":{\"@type\":\"EntryPoint\",\"urlTemplate\":\"https:\/\/petproducts.com.cn\/?s={search_term_string}\"},\"query-input\":{\"@type\":\"PropertyValueSpecification\",\"valueRequired\":true,\"valueName\":\"search_term_string\"}}],\"inLanguage\":\"it-IT\"},{\"@type\":\"Organization\",\"@id\":\"https:\/\/petproducts.com.cn\/#organization\",\"name\":\"Petstar\",\"url\":\"https:\/\/petproducts.com.cn\/\",\"logo\":{\"@type\":\"ImageObject\",\"inLanguage\":\"it-IT\",\"@id\":\"https:\/\/petproducts.com.cn\/#\/schema\/logo\/image\/\",\"url\":\"https:\/\/petproducts.com.cn\/wp-content\/uploads\/2020\/02\/petstar-logo.webp\",\"contentUrl\":\"https:\/\/petproducts.com.cn\/wp-content\/uploads\/2020\/02\/petstar-logo.webp\",\"width\":779,\"height\":520,\"caption\":\"Petstar\"},\"image\":{\"@id\":\"https:\/\/petproducts.com.cn\/#\/schema\/logo\/image\/\"}}]}<\/script>\n<!-- \/ Yoast SEO plugin. -->","yoast_head_json":{"title":"Letto Bohemian per animali domestici Letto elegante per cani - Petstar","description":"Esplora Bohemian Pet Bed- Produzione di massa, personalizzazione e opzioni di design disponibili.Petstar \u00e8 un fornitore leader globale di letti per animali domestici.","robots":{"index":"index","follow":"follow","max-snippet":"max-snippet:-1","max-image-preview":"max-image-preview:large","max-video-preview":"max-video-preview:-1"},"canonical":"https:\/\/petproducts.com.cn\/it\/prodotto\/bohemian-pet-bed-stylish-dog-sleeping-bed\/","og_locale":"it_IT","og_type":"article","og_title":"Bohemian Pet Bed Stylish Dog Sleeping Bed - Petstar","og_description":"Explore Bohemian Pet Bed- Mass Production, Customization, and Design Options Available.Petstar is a leading global one-stop pet bed supplier.","og_url":"https:\/\/petproducts.com.cn\/it\/prodotto\/bohemian-pet-bed-stylish-dog-sleeping-bed\/","og_site_name":"Petstar","article_modified_time":"2023-10-24T07:28:36+00:00","og_image":[{"width":1000,"height":1000,"url":"https:\/\/petproducts.com.cn\/wp-content\/uploads\/2023\/09\/YF202208002-1_\u7ed3\u679c.webp","type":"image\/webp"}],"twitter_card":"summary_large_image","twitter_misc":{"Tempo di lettura stimato":"1 minuto"},"schema":{"@context":"https:\/\/schema.org","@graph":[{"@type":"WebPage","@id":"https:\/\/petproducts.com.cn\/product\/bohemian-pet-bed-stylish-dog-sleeping-bed\/","url":"https:\/\/petproducts.com.cn\/product\/bohemian-pet-bed-stylish-dog-sleeping-bed\/","name":"Letto Bohemian per animali domestici Letto elegante per cani - Petstar","isPartOf":{"@id":"https:\/\/petproducts.com.cn\/#website"},"primaryImageOfPage":{"@id":"https:\/\/petproducts.com.cn\/product\/bohemian-pet-bed-stylish-dog-sleeping-bed\/#primaryimage"},"image":{"@id":"https:\/\/petproducts.com.cn\/product\/bohemian-pet-bed-stylish-dog-sleeping-bed\/#primaryimage"},"thumbnailUrl":"https:\/\/petproducts.com.cn\/wp-content\/uploads\/2023\/09\/YF202208002-1_\u7ed3\u679c.webp","datePublished":"2023-09-26T05:30:15+00:00","dateModified":"2023-10-24T07:28:36+00:00","description":"Esplora Bohemian Pet Bed- Produzione di massa, personalizzazione e opzioni di design disponibili.Petstar \u00e8 un fornitore leader globale di letti per animali domestici.","breadcrumb":{"@id":"https:\/\/petproducts.com.cn\/product\/bohemian-pet-bed-stylish-dog-sleeping-bed\/#breadcrumb"},"inLanguage":"it-IT","potentialAction":[{"@type":"ReadAction","target":["https:\/\/petproducts.com.cn\/product\/bohemian-pet-bed-stylish-dog-sleeping-bed\/"]}]},{"@type":"ImageObject","inLanguage":"it-IT","@id":"https:\/\/petproducts.com.cn\/product\/bohemian-pet-bed-stylish-dog-sleeping-bed\/#primaryimage","url":"https:\/\/petproducts.com.cn\/wp-content\/uploads\/2023\/09\/YF202208002-1_\u7ed3\u679c.webp","contentUrl":"https:\/\/petproducts.com.cn\/wp-content\/uploads\/2023\/09\/YF202208002-1_\u7ed3\u679c.webp","width":1000,"height":1000,"caption":"bohemian pet bed"},{"@type":"BreadcrumbList","@id":"https:\/\/petproducts.com.cn\/product\/bohemian-pet-bed-stylish-dog-sleeping-bed\/#breadcrumb","itemListElement":[{"@type":"ListItem","position":1,"name":"HOME","item":"https:\/\/petproducts.com.cn\/"},{"@type":"ListItem","position":2,"name":"Products","item":"https:\/\/petproducts.com.cn\/shop\/"},{"@type":"ListItem","position":3,"name":"Dog Beds","item":"https:\/\/petproducts.com.cn\/product-category\/dog-beds\/"},{"@type":"ListItem","position":4,"name":"Bohemian Pet Bed Stylish Dog Sleeping Bed"}]},{"@type":"WebSite","@id":"https:\/\/petproducts.com.cn\/#website","url":"https:\/\/petproducts.com.cn\/","name":"Petstar","description":"Produttore leader di forniture per animali domestici e fornitore di prodotti OEM per animali domestici","publisher":{"@id":"https:\/\/petproducts.com.cn\/#organization"},"alternateName":"Petstar Pet Supplies","potentialAction":[{"@type":"SearchAction","target":{"@type":"EntryPoint","urlTemplate":"https:\/\/petproducts.com.cn\/?s={search_term_string}"},"query-input":{"@type":"PropertyValueSpecification","valueRequired":true,"valueName":"search_term_string"}}],"inLanguage":"it-IT"},{"@type":"Organization","@id":"https:\/\/petproducts.com.cn\/#organization","name":"Petstar","url":"https:\/\/petproducts.com.cn\/","logo":{"@type":"ImageObject","inLanguage":"it-IT","@id":"https:\/\/petproducts.com.cn\/#\/schema\/logo\/image\/","url":"https:\/\/petproducts.com.cn\/wp-content\/uploads\/2020\/02\/petstar-logo.webp","contentUrl":"https:\/\/petproducts.com.cn\/wp-content\/uploads\/2020\/02\/petstar-logo.webp","width":779,"height":520,"caption":"Petstar"},"image":{"@id":"https:\/\/petproducts.com.cn\/#\/schema\/logo\/image\/"}}]}},"_links":{"self":[{"href":"https:\/\/petproducts.com.cn\/it\/wp-json\/wp\/v2\/product\/12090","targetHints":{"allow":["GET"]}}],"collection":[{"href":"https:\/\/petproducts.com.cn\/it\/wp-json\/wp\/v2\/product"}],"about":[{"href":"https:\/\/petproducts.com.cn\/it\/wp-json\/wp\/v2\/types\/product"}],"version-history":[{"count":1,"href":"https:\/\/petproducts.com.cn\/it\/wp-json\/wp\/v2\/product\/12090\/revisions"}],"predecessor-version":[{"id":12097,"href":"https:\/\/petproducts.com.cn\/it\/wp-json\/wp\/v2\/product\/12090\/revisions\/12097"}],"wp:featuredmedia":[{"embeddable":true,"href":"https:\/\/petproducts.com.cn\/it\/wp-json\/wp\/v2\/media\/12091"}],"wp:attachment":[{"href":"https:\/\/petproducts.com.cn\/it\/wp-json\/wp\/v2\/media?parent=12090"}],"wp:term":[{"taxonomy":"product_brand","embeddable":true,"href":"https:\/\/petproducts.com.cn\/it\/wp-json\/wp\/v2\/product_brand?post=12090"},{"taxonomy":"product_cat","embeddable":true,"href":"https:\/\/petproducts.com.cn\/it\/wp-json\/wp\/v2\/product_cat?post=12090"},{"taxonomy":"product_tag","embeddable":true,"href":"https:\/\/petproducts.com.cn\/it\/wp-json\/wp\/v2\/product_tag?post=12090"}],"curies":[{"name":"wp","href":"https:\/\/api.w.org\/{rel}","templated":true}]}}