{"id":15663,"date":"2023-11-16T07:15:11","date_gmt":"2023-11-16T07:15:11","guid":{"rendered":"https:\/\/petproducts.com.cn\/?post_type=product&#038;p=15663"},"modified":"2023-11-16T07:24:43","modified_gmt":"2023-11-16T07:24:43","slug":"dog-toy-pigeon-bulks-outdoor-interactive-dog-toys","status":"publish","type":"product","link":"https:\/\/petproducts.com.cn\/it\/product\/dog-toy-pigeon-bulks-outdoor-interactive-dog-toys\/","title":{"rendered":"Giocattolo per cani Pigeon Bulks Giocattoli interattivi per cani all'aperto"},"content":{"rendered":"<h2>Petstar: Giocattoli interattivi per cani da esterno sfusi<\/h2>\n<p>Cerchi giocattoli interattivi per cani da esterno che intrattengano i tuoi amici a quattro zampe per ore? Petstar ha la soluzione perfetta con i nostri giocattoli personalizzati. Progettato per divertire e coinvolgere, il nostro giocattolo a forma di piccione \u00e8 un must-have per i cani attivi che amano giocare all'aperto. Grazie alla nostra attenzione alla personalizzazione e al nostro impegno verso l'eccellenza, offriamo una serie di vantaggi che ci rendono la scelta preferita per gli ordini all'ingrosso di giocattoli interattivi per cani.<\/p>\n<h3>Il nostro vantaggio:<\/h3>\n<ol>\n<li>Ampie opzioni di personalizzazione: Noi di Petstar comprendiamo che ogni cliente ha preferenze uniche. Ecco perch\u00e9 offriamo ampie opzioni di personalizzazione per il nostro giocattolo per cani a forma di piccione. Dalla selezione delle dimensioni e del colore all'aggiunta di caratteristiche aggiuntive come squeaker o corde, lavoriamo a stretto contatto con voi per creare un giocattolo che soddisfi le esigenze specifiche dei vostri clienti. Offrendo opzioni personalizzate, potete garantire che il vostro ordine all'ingrosso si distingua sul mercato.<\/li>\n<li>Qualit\u00e0 e resistenza superiori: diamo la priorit\u00e0 alla qualit\u00e0 e alla resistenza dei nostri giocattoli per cani. La struttura robusta e le cuciture rinforzate garantiscono che il giocattolo possa resistere anche ai cani pi\u00f9 energici e rimanere intatto anche durante le sessioni di gioco interattivo.<\/li>\n<li>Design interattivo per l'uso all'aperto: abbiamo progettato con cura il nostro giocattolo per cani per incoraggiare in modo specifico il gioco interattivo all'aperto. Con caratteristiche come squeaker e corde, il giocattolo fornisce stimoli uditivi e fisici, mantenendo i cani impegnati e divertiti. Il design realistico del piccione aggiunge un elemento di eccitazione, rendendolo il giocattolo perfetto per i cani che amano inseguire e recuperare.<\/li>\n<\/ol>\n<p>Scegliete Petstar come vostro partner di fiducia per ordini all'ingrosso di giocattoli interattivi per cani da esterno. Grazie alle nostre ampie opzioni di personalizzazione, alla qualit\u00e0 superiore e alla durata dei nostri prodotti, nonch\u00e9 al nostro impegno nel fornire esperienze di gioco coinvolgenti, ci dedichiamo a fornire prodotti che superano le vostre aspettative. Contattateci subito per discutere le vostre esigenze specifiche e lasciate che vi aiutiamo a creare un giocattolo personalizzato per cani.<\/p>","protected":false},"excerpt":{"rendered":"<p>Siamo un produttore di giocattoli per cani con oltre 20 anni di esperienza. Offriamo opzioni di personalizzazione per colore, dimensione, tessuto, modello, logo e altre caratteristiche.<\/p>","protected":false},"featured_media":15668,"template":"","meta":{"_acf_changed":false},"product_brand":[],"product_cat":[72,48],"product_tag":[85],"class_list":{"0":"post-15663","1":"product","2":"type-product","3":"status-publish","4":"has-post-thumbnail","6":"product_cat-dog-supplies","7":"product_cat-dog-toys","8":"product_tag-dog-toys","10":"first","11":"instock","12":"shipping-taxable","13":"product-type-simple"},"acf":[],"yoast_head":"<!-- This site is optimized with the Yoast SEO plugin v27.1.1 - https:\/\/yoast.com\/product\/yoast-seo-wordpress\/ -->\n<title>dog toy pigeon factory | Customdog interactive toy - Petstar<\/title>\n<meta name=\"description\" content=\"Explore dog toy pigeon,dog interactive toy,outdoor interactive dog toys from the manufacturer. Your ideal business solution with Petstar.\" \/>\n<meta name=\"robots\" content=\"index, follow, max-snippet:-1, max-image-preview:large, max-video-preview:-1\" \/>\n<link rel=\"canonical\" href=\"https:\/\/petproducts.com.cn\/it\/prodotto\/dog-toy-pigeon-bulks-outdoor-interactive-dog-toys\/\" \/>\n<meta property=\"og:locale\" content=\"it_IT\" \/>\n<meta property=\"og:type\" content=\"article\" \/>\n<meta property=\"og:title\" content=\"dog toy pigeon factory | Customdog interactive toy - Petstar\" \/>\n<meta property=\"og:description\" content=\"Explore dog toy pigeon,dog interactive toy,outdoor interactive dog toys from the manufacturer. Your ideal business solution with Petstar.\" \/>\n<meta property=\"og:url\" content=\"https:\/\/petproducts.com.cn\/it\/prodotto\/dog-toy-pigeon-bulks-outdoor-interactive-dog-toys\/\" \/>\n<meta property=\"og:site_name\" content=\"Petstar\" \/>\n<meta property=\"article:modified_time\" content=\"2023-11-16T07:24:43+00:00\" \/>\n<meta property=\"og:image\" content=\"https:\/\/petproducts.com.cn\/wp-content\/uploads\/2023\/11\/dog-toy-pigeon.webp\" \/>\n\t<meta property=\"og:image:width\" content=\"800\" \/>\n\t<meta property=\"og:image:height\" content=\"800\" \/>\n\t<meta property=\"og:image:type\" content=\"image\/webp\" \/>\n<meta name=\"twitter:card\" content=\"summary_large_image\" \/>\n<meta name=\"twitter:label1\" content=\"Tempo di lettura stimato\" \/>\n\t<meta name=\"twitter:data1\" content=\"2 minuti\" \/>\n<script type=\"application\/ld+json\" class=\"yoast-schema-graph\">{\"@context\":\"https:\/\/schema.org\",\"@graph\":[{\"@type\":\"WebPage\",\"@id\":\"https:\/\/petproducts.com.cn\/product\/dog-toy-pigeon-bulks-outdoor-interactive-dog-toys\/\",\"url\":\"https:\/\/petproducts.com.cn\/product\/dog-toy-pigeon-bulks-outdoor-interactive-dog-toys\/\",\"name\":\"dog toy pigeon factory | Customdog interactive toy - Petstar\",\"isPartOf\":{\"@id\":\"https:\/\/petproducts.com.cn\/#website\"},\"primaryImageOfPage\":{\"@id\":\"https:\/\/petproducts.com.cn\/product\/dog-toy-pigeon-bulks-outdoor-interactive-dog-toys\/#primaryimage\"},\"image\":{\"@id\":\"https:\/\/petproducts.com.cn\/product\/dog-toy-pigeon-bulks-outdoor-interactive-dog-toys\/#primaryimage\"},\"thumbnailUrl\":\"https:\/\/petproducts.com.cn\/wp-content\/uploads\/2023\/11\/dog-toy-pigeon.webp\",\"datePublished\":\"2023-11-16T07:15:11+00:00\",\"dateModified\":\"2023-11-16T07:24:43+00:00\",\"description\":\"Explore dog toy pigeon,dog interactive toy,outdoor interactive dog toys from the manufacturer. Your ideal business solution with Petstar.\",\"breadcrumb\":{\"@id\":\"https:\/\/petproducts.com.cn\/product\/dog-toy-pigeon-bulks-outdoor-interactive-dog-toys\/#breadcrumb\"},\"inLanguage\":\"it-IT\",\"potentialAction\":[{\"@type\":\"ReadAction\",\"target\":[\"https:\/\/petproducts.com.cn\/product\/dog-toy-pigeon-bulks-outdoor-interactive-dog-toys\/\"]}]},{\"@type\":\"ImageObject\",\"inLanguage\":\"it-IT\",\"@id\":\"https:\/\/petproducts.com.cn\/product\/dog-toy-pigeon-bulks-outdoor-interactive-dog-toys\/#primaryimage\",\"url\":\"https:\/\/petproducts.com.cn\/wp-content\/uploads\/2023\/11\/dog-toy-pigeon.webp\",\"contentUrl\":\"https:\/\/petproducts.com.cn\/wp-content\/uploads\/2023\/11\/dog-toy-pigeon.webp\",\"width\":800,\"height\":800,\"caption\":\"dog toy pigeon\"},{\"@type\":\"BreadcrumbList\",\"@id\":\"https:\/\/petproducts.com.cn\/product\/dog-toy-pigeon-bulks-outdoor-interactive-dog-toys\/#breadcrumb\",\"itemListElement\":[{\"@type\":\"ListItem\",\"position\":1,\"name\":\"HOME\",\"item\":\"https:\/\/petproducts.com.cn\/\"},{\"@type\":\"ListItem\",\"position\":2,\"name\":\"Products\",\"item\":\"https:\/\/petproducts.com.cn\/shop\/\"},{\"@type\":\"ListItem\",\"position\":3,\"name\":\"Dog Toys\",\"item\":\"https:\/\/petproducts.com.cn\/product-category\/dog-toys\/\"},{\"@type\":\"ListItem\",\"position\":4,\"name\":\"Dog Toy Pigeon Bulks Outdoor Interactive Dog Toys\"}]},{\"@type\":\"WebSite\",\"@id\":\"https:\/\/petproducts.com.cn\/#website\",\"url\":\"https:\/\/petproducts.com.cn\/\",\"name\":\"Petstar\",\"description\":\"Leading Pet Supplies Manufacturer &amp; OEM Pet Products Supplier\",\"publisher\":{\"@id\":\"https:\/\/petproducts.com.cn\/#organization\"},\"alternateName\":\"Petstar Pet Supplies\",\"potentialAction\":[{\"@type\":\"SearchAction\",\"target\":{\"@type\":\"EntryPoint\",\"urlTemplate\":\"https:\/\/petproducts.com.cn\/?s={search_term_string}\"},\"query-input\":{\"@type\":\"PropertyValueSpecification\",\"valueRequired\":true,\"valueName\":\"search_term_string\"}}],\"inLanguage\":\"it-IT\"},{\"@type\":\"Organization\",\"@id\":\"https:\/\/petproducts.com.cn\/#organization\",\"name\":\"Petstar\",\"url\":\"https:\/\/petproducts.com.cn\/\",\"logo\":{\"@type\":\"ImageObject\",\"inLanguage\":\"it-IT\",\"@id\":\"https:\/\/petproducts.com.cn\/#\/schema\/logo\/image\/\",\"url\":\"https:\/\/petproducts.com.cn\/wp-content\/uploads\/2020\/02\/petstar-logo.webp\",\"contentUrl\":\"https:\/\/petproducts.com.cn\/wp-content\/uploads\/2020\/02\/petstar-logo.webp\",\"width\":779,\"height\":520,\"caption\":\"Petstar\"},\"image\":{\"@id\":\"https:\/\/petproducts.com.cn\/#\/schema\/logo\/image\/\"}}]}<\/script>\n<!-- \/ Yoast SEO plugin. -->","yoast_head_json":{"title":"fabbrica di giocattoli per cani a forma di piccione | Giocattolo interattivo Customdog - Petstar","description":"Scopri i giocattoli per cani a forma di piccione, i giocattoli interattivi per cani e i giocattoli interattivi per cani da esterno del produttore. La soluzione ideale per la tua attivit\u00e0 con Petstar.","robots":{"index":"index","follow":"follow","max-snippet":"max-snippet:-1","max-image-preview":"max-image-preview:large","max-video-preview":"max-video-preview:-1"},"canonical":"https:\/\/petproducts.com.cn\/it\/prodotto\/dog-toy-pigeon-bulks-outdoor-interactive-dog-toys\/","og_locale":"it_IT","og_type":"article","og_title":"dog toy pigeon factory | Customdog interactive toy - Petstar","og_description":"Explore dog toy pigeon,dog interactive toy,outdoor interactive dog toys from the manufacturer. Your ideal business solution with Petstar.","og_url":"https:\/\/petproducts.com.cn\/it\/prodotto\/dog-toy-pigeon-bulks-outdoor-interactive-dog-toys\/","og_site_name":"Petstar","article_modified_time":"2023-11-16T07:24:43+00:00","og_image":[{"width":800,"height":800,"url":"https:\/\/petproducts.com.cn\/wp-content\/uploads\/2023\/11\/dog-toy-pigeon.webp","type":"image\/webp"}],"twitter_card":"summary_large_image","twitter_misc":{"Tempo di lettura stimato":"2 minuti"},"schema":{"@context":"https:\/\/schema.org","@graph":[{"@type":"WebPage","@id":"https:\/\/petproducts.com.cn\/product\/dog-toy-pigeon-bulks-outdoor-interactive-dog-toys\/","url":"https:\/\/petproducts.com.cn\/product\/dog-toy-pigeon-bulks-outdoor-interactive-dog-toys\/","name":"fabbrica di giocattoli per cani a forma di piccione | Giocattolo interattivo Customdog - Petstar","isPartOf":{"@id":"https:\/\/petproducts.com.cn\/#website"},"primaryImageOfPage":{"@id":"https:\/\/petproducts.com.cn\/product\/dog-toy-pigeon-bulks-outdoor-interactive-dog-toys\/#primaryimage"},"image":{"@id":"https:\/\/petproducts.com.cn\/product\/dog-toy-pigeon-bulks-outdoor-interactive-dog-toys\/#primaryimage"},"thumbnailUrl":"https:\/\/petproducts.com.cn\/wp-content\/uploads\/2023\/11\/dog-toy-pigeon.webp","datePublished":"2023-11-16T07:15:11+00:00","dateModified":"2023-11-16T07:24:43+00:00","description":"Scopri i giocattoli per cani a forma di piccione, i giocattoli interattivi per cani e i giocattoli interattivi per cani da esterno del produttore. La soluzione ideale per la tua attivit\u00e0 con Petstar.","breadcrumb":{"@id":"https:\/\/petproducts.com.cn\/product\/dog-toy-pigeon-bulks-outdoor-interactive-dog-toys\/#breadcrumb"},"inLanguage":"it-IT","potentialAction":[{"@type":"ReadAction","target":["https:\/\/petproducts.com.cn\/product\/dog-toy-pigeon-bulks-outdoor-interactive-dog-toys\/"]}]},{"@type":"ImageObject","inLanguage":"it-IT","@id":"https:\/\/petproducts.com.cn\/product\/dog-toy-pigeon-bulks-outdoor-interactive-dog-toys\/#primaryimage","url":"https:\/\/petproducts.com.cn\/wp-content\/uploads\/2023\/11\/dog-toy-pigeon.webp","contentUrl":"https:\/\/petproducts.com.cn\/wp-content\/uploads\/2023\/11\/dog-toy-pigeon.webp","width":800,"height":800,"caption":"dog toy pigeon"},{"@type":"BreadcrumbList","@id":"https:\/\/petproducts.com.cn\/product\/dog-toy-pigeon-bulks-outdoor-interactive-dog-toys\/#breadcrumb","itemListElement":[{"@type":"ListItem","position":1,"name":"HOME","item":"https:\/\/petproducts.com.cn\/"},{"@type":"ListItem","position":2,"name":"Products","item":"https:\/\/petproducts.com.cn\/shop\/"},{"@type":"ListItem","position":3,"name":"Dog Toys","item":"https:\/\/petproducts.com.cn\/product-category\/dog-toys\/"},{"@type":"ListItem","position":4,"name":"Dog Toy Pigeon Bulks Outdoor Interactive Dog Toys"}]},{"@type":"WebSite","@id":"https:\/\/petproducts.com.cn\/#website","url":"https:\/\/petproducts.com.cn\/","name":"Petstar","description":"Produttore leader di forniture per animali domestici e fornitore di prodotti OEM per animali domestici","publisher":{"@id":"https:\/\/petproducts.com.cn\/#organization"},"alternateName":"Petstar Pet Supplies","potentialAction":[{"@type":"SearchAction","target":{"@type":"EntryPoint","urlTemplate":"https:\/\/petproducts.com.cn\/?s={search_term_string}"},"query-input":{"@type":"PropertyValueSpecification","valueRequired":true,"valueName":"search_term_string"}}],"inLanguage":"it-IT"},{"@type":"Organization","@id":"https:\/\/petproducts.com.cn\/#organization","name":"Petstar","url":"https:\/\/petproducts.com.cn\/","logo":{"@type":"ImageObject","inLanguage":"it-IT","@id":"https:\/\/petproducts.com.cn\/#\/schema\/logo\/image\/","url":"https:\/\/petproducts.com.cn\/wp-content\/uploads\/2020\/02\/petstar-logo.webp","contentUrl":"https:\/\/petproducts.com.cn\/wp-content\/uploads\/2020\/02\/petstar-logo.webp","width":779,"height":520,"caption":"Petstar"},"image":{"@id":"https:\/\/petproducts.com.cn\/#\/schema\/logo\/image\/"}}]}},"_links":{"self":[{"href":"https:\/\/petproducts.com.cn\/it\/wp-json\/wp\/v2\/product\/15663","targetHints":{"allow":["GET"]}}],"collection":[{"href":"https:\/\/petproducts.com.cn\/it\/wp-json\/wp\/v2\/product"}],"about":[{"href":"https:\/\/petproducts.com.cn\/it\/wp-json\/wp\/v2\/types\/product"}],"version-history":[{"count":1,"href":"https:\/\/petproducts.com.cn\/it\/wp-json\/wp\/v2\/product\/15663\/revisions"}],"predecessor-version":[{"id":15676,"href":"https:\/\/petproducts.com.cn\/it\/wp-json\/wp\/v2\/product\/15663\/revisions\/15676"}],"wp:featuredmedia":[{"embeddable":true,"href":"https:\/\/petproducts.com.cn\/it\/wp-json\/wp\/v2\/media\/15668"}],"wp:attachment":[{"href":"https:\/\/petproducts.com.cn\/it\/wp-json\/wp\/v2\/media?parent=15663"}],"wp:term":[{"taxonomy":"product_brand","embeddable":true,"href":"https:\/\/petproducts.com.cn\/it\/wp-json\/wp\/v2\/product_brand?post=15663"},{"taxonomy":"product_cat","embeddable":true,"href":"https:\/\/petproducts.com.cn\/it\/wp-json\/wp\/v2\/product_cat?post=15663"},{"taxonomy":"product_tag","embeddable":true,"href":"https:\/\/petproducts.com.cn\/it\/wp-json\/wp\/v2\/product_tag?post=15663"}],"curies":[{"name":"wp","href":"https:\/\/api.w.org\/{rel}","templated":true}]}}