{"id":16641,"date":"2023-11-28T05:39:45","date_gmt":"2023-11-28T05:39:45","guid":{"rendered":"https:\/\/petproducts.com.cn\/?post_type=product&#038;p=16641"},"modified":"2023-11-28T05:57:04","modified_gmt":"2023-11-28T05:57:04","slug":"pet-cooling-bed-breathable-dog-cushion-bed","status":"publish","type":"product","link":"https:\/\/petproducts.com.cn\/it\/product\/pet-cooling-bed-breathable-dog-cushion-bed\/","title":{"rendered":"Letto rinfrescante per animali domestici, cuscino per cani traspirante"},"content":{"rendered":"<h2>Caratteristiche del letto refrigerante per animali domestici<\/h2>\n<ol>\n<li><strong>Comfort di raffreddamento:<\/strong> Provate l'epitome del relax con il nostro letto refrigerante per animali domestici. Realizzato con una tecnologia di raffreddamento al tatto, questo letto offre un rifugio rinfrescante per il vostro animale domestico, assicurando che rimanga fresco e comodo anche nelle giornate pi\u00f9 calde.<\/li>\n<li><strong>Maglia traspirante Magic:<\/strong> Il tessuto a rete traspirante del letto favorisce la circolazione dell'aria, promuovendo un ambiente accogliente per il vostro animale domestico. Dite addio al senso di soffocamento mentre il vostro compagno peloso si gode una boccata d'aria fresca, rendendo ogni pisolino un'esperienza rigenerante.<\/li>\n<li><strong>Tessuto Oxford impermeabile:<\/strong> Il nostro letto refrigerante per cani \u00e8 dotato di un tessuto Oxford impermeabile di alto livello. Gli incidenti possono capitare, ma grazie a questo materiale durevole e resistente all'acqua, \u00e8 possibile eliminare facilmente le fuoriuscite e i pasticci, mantenendo il letto pulito e immacolato.<\/li>\n<li><strong>Fondo antiscivolo:<\/strong> Siete preoccupati che il letto possa scivolare? Non temete! Il Cooling Pet Bed \u00e8 dotato di un fondo antiscivolo che garantisce la stabilit\u00e0 su qualsiasi superficie. Grazie a questo accurato elemento di design, il vostro animale domestico potr\u00e0 oziare e giocare senza interruzioni.<\/li>\n<li><strong>Easy to Clean:<\/strong> Il rivestimento rimovibile rende la pulizia un gioco da ragazzi. Basta aprire la cerniera, metterlo in lavatrice e il letto del vostro animale domestico sar\u00e0 come nuovo. La praticit\u00e0 incontra la pulizia, permettendovi di trascorrere pi\u00f9 tempo con il vostro amico peloso.<\/li>\n<li><strong>Versatile ed elegante:<\/strong> In casa o all'aperto, questo cuscino letto per cani si integra perfettamente con il vostro spazio abitativo. Il design elegante, abbinato a una gamma di colori contemporanei, assicura che il letto aggiunga un tocco di stile a qualsiasi ambiente.<\/li>\n<\/ol>","protected":false},"excerpt":{"rendered":"<p>Siamo un produttore di letti per animali domestici con oltre 20 anni di esperienza. Offriamo opzioni di personalizzazione per colore, dimensione, tessuto, modello, logo e altre caratteristiche.<\/p>","protected":false},"featured_media":16646,"template":"","meta":{"_acf_changed":false},"product_brand":[],"product_cat":[57,72],"product_tag":[75],"class_list":{"0":"post-16641","1":"product","2":"type-product","3":"status-publish","4":"has-post-thumbnail","6":"product_cat-dog-beds","7":"product_cat-dog-supplies","8":"product_tag-dog-beds","10":"first","11":"instock","12":"shipping-taxable","13":"product-type-simple"},"acf":[],"yoast_head":"<!-- This site is optimized with the Yoast SEO plugin v27.1.1 - https:\/\/yoast.com\/product\/yoast-seo-wordpress\/ -->\n<title>Pet Cooling Bed | Custom Dog Cushion Bed - Petstar<\/title>\n<meta name=\"description\" content=\"Explore pet cooling bed, breathable dog cushion, dog cushion bed from the manufacturer. Your ideal business solution with Petstar.\" \/>\n<meta name=\"robots\" content=\"index, follow, max-snippet:-1, max-image-preview:large, max-video-preview:-1\" \/>\n<link rel=\"canonical\" href=\"https:\/\/petproducts.com.cn\/it\/prodotto\/pet-cooling-bed-breathable-dog-cushion-bed\/\" \/>\n<meta property=\"og:locale\" content=\"it_IT\" \/>\n<meta property=\"og:type\" content=\"article\" \/>\n<meta property=\"og:title\" content=\"Pet Cooling Bed | Custom Dog Cushion Bed - Petstar\" \/>\n<meta property=\"og:description\" content=\"Explore pet cooling bed, breathable dog cushion, dog cushion bed from the manufacturer. Your ideal business solution with Petstar.\" \/>\n<meta property=\"og:url\" content=\"https:\/\/petproducts.com.cn\/it\/prodotto\/pet-cooling-bed-breathable-dog-cushion-bed\/\" \/>\n<meta property=\"og:site_name\" content=\"Petstar\" \/>\n<meta property=\"article:modified_time\" content=\"2023-11-28T05:57:04+00:00\" \/>\n<meta property=\"og:image\" content=\"https:\/\/petproducts.com.cn\/wp-content\/uploads\/2023\/11\/pet-cooling-bed.webp\" \/>\n\t<meta property=\"og:image:width\" content=\"1000\" \/>\n\t<meta property=\"og:image:height\" content=\"1000\" \/>\n\t<meta property=\"og:image:type\" content=\"image\/webp\" \/>\n<meta name=\"twitter:card\" content=\"summary_large_image\" \/>\n<meta name=\"twitter:label1\" content=\"Tempo di lettura stimato\" \/>\n\t<meta name=\"twitter:data1\" content=\"2 minuti\" \/>\n<script type=\"application\/ld+json\" class=\"yoast-schema-graph\">{\"@context\":\"https:\/\/schema.org\",\"@graph\":[{\"@type\":\"WebPage\",\"@id\":\"https:\/\/petproducts.com.cn\/product\/pet-cooling-bed-breathable-dog-cushion-bed\/\",\"url\":\"https:\/\/petproducts.com.cn\/product\/pet-cooling-bed-breathable-dog-cushion-bed\/\",\"name\":\"Pet Cooling Bed | Custom Dog Cushion Bed - Petstar\",\"isPartOf\":{\"@id\":\"https:\/\/petproducts.com.cn\/#website\"},\"primaryImageOfPage\":{\"@id\":\"https:\/\/petproducts.com.cn\/product\/pet-cooling-bed-breathable-dog-cushion-bed\/#primaryimage\"},\"image\":{\"@id\":\"https:\/\/petproducts.com.cn\/product\/pet-cooling-bed-breathable-dog-cushion-bed\/#primaryimage\"},\"thumbnailUrl\":\"https:\/\/petproducts.com.cn\/wp-content\/uploads\/2023\/11\/pet-cooling-bed.webp\",\"datePublished\":\"2023-11-28T05:39:45+00:00\",\"dateModified\":\"2023-11-28T05:57:04+00:00\",\"description\":\"Explore pet cooling bed, breathable dog cushion, dog cushion bed from the manufacturer. Your ideal business solution with Petstar.\",\"breadcrumb\":{\"@id\":\"https:\/\/petproducts.com.cn\/product\/pet-cooling-bed-breathable-dog-cushion-bed\/#breadcrumb\"},\"inLanguage\":\"it-IT\",\"potentialAction\":[{\"@type\":\"ReadAction\",\"target\":[\"https:\/\/petproducts.com.cn\/product\/pet-cooling-bed-breathable-dog-cushion-bed\/\"]}]},{\"@type\":\"ImageObject\",\"inLanguage\":\"it-IT\",\"@id\":\"https:\/\/petproducts.com.cn\/product\/pet-cooling-bed-breathable-dog-cushion-bed\/#primaryimage\",\"url\":\"https:\/\/petproducts.com.cn\/wp-content\/uploads\/2023\/11\/pet-cooling-bed.webp\",\"contentUrl\":\"https:\/\/petproducts.com.cn\/wp-content\/uploads\/2023\/11\/pet-cooling-bed.webp\",\"width\":1000,\"height\":1000,\"caption\":\"pet cooling bed\"},{\"@type\":\"BreadcrumbList\",\"@id\":\"https:\/\/petproducts.com.cn\/product\/pet-cooling-bed-breathable-dog-cushion-bed\/#breadcrumb\",\"itemListElement\":[{\"@type\":\"ListItem\",\"position\":1,\"name\":\"HOME\",\"item\":\"https:\/\/petproducts.com.cn\/\"},{\"@type\":\"ListItem\",\"position\":2,\"name\":\"Products\",\"item\":\"https:\/\/petproducts.com.cn\/shop\/\"},{\"@type\":\"ListItem\",\"position\":3,\"name\":\"Dog Beds\",\"item\":\"https:\/\/petproducts.com.cn\/product-category\/dog-beds\/\"},{\"@type\":\"ListItem\",\"position\":4,\"name\":\"Pet Cooling Bed Breathable Dog Cushion Bed\"}]},{\"@type\":\"WebSite\",\"@id\":\"https:\/\/petproducts.com.cn\/#website\",\"url\":\"https:\/\/petproducts.com.cn\/\",\"name\":\"Petstar\",\"description\":\"Leading Pet Supplies Manufacturer &amp; OEM Pet Products Supplier\",\"publisher\":{\"@id\":\"https:\/\/petproducts.com.cn\/#organization\"},\"alternateName\":\"Petstar Pet Supplies\",\"potentialAction\":[{\"@type\":\"SearchAction\",\"target\":{\"@type\":\"EntryPoint\",\"urlTemplate\":\"https:\/\/petproducts.com.cn\/?s={search_term_string}\"},\"query-input\":{\"@type\":\"PropertyValueSpecification\",\"valueRequired\":true,\"valueName\":\"search_term_string\"}}],\"inLanguage\":\"it-IT\"},{\"@type\":\"Organization\",\"@id\":\"https:\/\/petproducts.com.cn\/#organization\",\"name\":\"Petstar\",\"url\":\"https:\/\/petproducts.com.cn\/\",\"logo\":{\"@type\":\"ImageObject\",\"inLanguage\":\"it-IT\",\"@id\":\"https:\/\/petproducts.com.cn\/#\/schema\/logo\/image\/\",\"url\":\"https:\/\/petproducts.com.cn\/wp-content\/uploads\/2020\/02\/petstar-logo.webp\",\"contentUrl\":\"https:\/\/petproducts.com.cn\/wp-content\/uploads\/2020\/02\/petstar-logo.webp\",\"width\":779,\"height\":520,\"caption\":\"Petstar\"},\"image\":{\"@id\":\"https:\/\/petproducts.com.cn\/#\/schema\/logo\/image\/\"}}]}<\/script>\n<!-- \/ Yoast SEO plugin. -->","yoast_head_json":{"title":"Lettino rinfrescante per animali domestici | Cuscino personalizzato per cani - Petstar","description":"Scopri i lettini rinfrescanti per animali domestici, i cuscini traspiranti per cani e i lettini per cani del produttore. La soluzione ideale per la tua attivit\u00e0 con Petstar.","robots":{"index":"index","follow":"follow","max-snippet":"max-snippet:-1","max-image-preview":"max-image-preview:large","max-video-preview":"max-video-preview:-1"},"canonical":"https:\/\/petproducts.com.cn\/it\/prodotto\/pet-cooling-bed-breathable-dog-cushion-bed\/","og_locale":"it_IT","og_type":"article","og_title":"Pet Cooling Bed | Custom Dog Cushion Bed - Petstar","og_description":"Explore pet cooling bed, breathable dog cushion, dog cushion bed from the manufacturer. Your ideal business solution with Petstar.","og_url":"https:\/\/petproducts.com.cn\/it\/prodotto\/pet-cooling-bed-breathable-dog-cushion-bed\/","og_site_name":"Petstar","article_modified_time":"2023-11-28T05:57:04+00:00","og_image":[{"width":1000,"height":1000,"url":"https:\/\/petproducts.com.cn\/wp-content\/uploads\/2023\/11\/pet-cooling-bed.webp","type":"image\/webp"}],"twitter_card":"summary_large_image","twitter_misc":{"Tempo di lettura stimato":"2 minuti"},"schema":{"@context":"https:\/\/schema.org","@graph":[{"@type":"WebPage","@id":"https:\/\/petproducts.com.cn\/product\/pet-cooling-bed-breathable-dog-cushion-bed\/","url":"https:\/\/petproducts.com.cn\/product\/pet-cooling-bed-breathable-dog-cushion-bed\/","name":"Lettino rinfrescante per animali domestici | Cuscino personalizzato per cani - Petstar","isPartOf":{"@id":"https:\/\/petproducts.com.cn\/#website"},"primaryImageOfPage":{"@id":"https:\/\/petproducts.com.cn\/product\/pet-cooling-bed-breathable-dog-cushion-bed\/#primaryimage"},"image":{"@id":"https:\/\/petproducts.com.cn\/product\/pet-cooling-bed-breathable-dog-cushion-bed\/#primaryimage"},"thumbnailUrl":"https:\/\/petproducts.com.cn\/wp-content\/uploads\/2023\/11\/pet-cooling-bed.webp","datePublished":"2023-11-28T05:39:45+00:00","dateModified":"2023-11-28T05:57:04+00:00","description":"Scopri i lettini rinfrescanti per animali domestici, i cuscini traspiranti per cani e i lettini per cani del produttore. La soluzione ideale per la tua attivit\u00e0 con Petstar.","breadcrumb":{"@id":"https:\/\/petproducts.com.cn\/product\/pet-cooling-bed-breathable-dog-cushion-bed\/#breadcrumb"},"inLanguage":"it-IT","potentialAction":[{"@type":"ReadAction","target":["https:\/\/petproducts.com.cn\/product\/pet-cooling-bed-breathable-dog-cushion-bed\/"]}]},{"@type":"ImageObject","inLanguage":"it-IT","@id":"https:\/\/petproducts.com.cn\/product\/pet-cooling-bed-breathable-dog-cushion-bed\/#primaryimage","url":"https:\/\/petproducts.com.cn\/wp-content\/uploads\/2023\/11\/pet-cooling-bed.webp","contentUrl":"https:\/\/petproducts.com.cn\/wp-content\/uploads\/2023\/11\/pet-cooling-bed.webp","width":1000,"height":1000,"caption":"pet cooling bed"},{"@type":"BreadcrumbList","@id":"https:\/\/petproducts.com.cn\/product\/pet-cooling-bed-breathable-dog-cushion-bed\/#breadcrumb","itemListElement":[{"@type":"ListItem","position":1,"name":"HOME","item":"https:\/\/petproducts.com.cn\/"},{"@type":"ListItem","position":2,"name":"Products","item":"https:\/\/petproducts.com.cn\/shop\/"},{"@type":"ListItem","position":3,"name":"Dog Beds","item":"https:\/\/petproducts.com.cn\/product-category\/dog-beds\/"},{"@type":"ListItem","position":4,"name":"Pet Cooling Bed Breathable Dog Cushion Bed"}]},{"@type":"WebSite","@id":"https:\/\/petproducts.com.cn\/#website","url":"https:\/\/petproducts.com.cn\/","name":"Petstar","description":"Produttore leader di forniture per animali domestici e fornitore di prodotti OEM per animali domestici","publisher":{"@id":"https:\/\/petproducts.com.cn\/#organization"},"alternateName":"Petstar Pet Supplies","potentialAction":[{"@type":"SearchAction","target":{"@type":"EntryPoint","urlTemplate":"https:\/\/petproducts.com.cn\/?s={search_term_string}"},"query-input":{"@type":"PropertyValueSpecification","valueRequired":true,"valueName":"search_term_string"}}],"inLanguage":"it-IT"},{"@type":"Organization","@id":"https:\/\/petproducts.com.cn\/#organization","name":"Petstar","url":"https:\/\/petproducts.com.cn\/","logo":{"@type":"ImageObject","inLanguage":"it-IT","@id":"https:\/\/petproducts.com.cn\/#\/schema\/logo\/image\/","url":"https:\/\/petproducts.com.cn\/wp-content\/uploads\/2020\/02\/petstar-logo.webp","contentUrl":"https:\/\/petproducts.com.cn\/wp-content\/uploads\/2020\/02\/petstar-logo.webp","width":779,"height":520,"caption":"Petstar"},"image":{"@id":"https:\/\/petproducts.com.cn\/#\/schema\/logo\/image\/"}}]}},"_links":{"self":[{"href":"https:\/\/petproducts.com.cn\/it\/wp-json\/wp\/v2\/product\/16641","targetHints":{"allow":["GET"]}}],"collection":[{"href":"https:\/\/petproducts.com.cn\/it\/wp-json\/wp\/v2\/product"}],"about":[{"href":"https:\/\/petproducts.com.cn\/it\/wp-json\/wp\/v2\/types\/product"}],"version-history":[{"count":1,"href":"https:\/\/petproducts.com.cn\/it\/wp-json\/wp\/v2\/product\/16641\/revisions"}],"predecessor-version":[{"id":16655,"href":"https:\/\/petproducts.com.cn\/it\/wp-json\/wp\/v2\/product\/16641\/revisions\/16655"}],"wp:featuredmedia":[{"embeddable":true,"href":"https:\/\/petproducts.com.cn\/it\/wp-json\/wp\/v2\/media\/16646"}],"wp:attachment":[{"href":"https:\/\/petproducts.com.cn\/it\/wp-json\/wp\/v2\/media?parent=16641"}],"wp:term":[{"taxonomy":"product_brand","embeddable":true,"href":"https:\/\/petproducts.com.cn\/it\/wp-json\/wp\/v2\/product_brand?post=16641"},{"taxonomy":"product_cat","embeddable":true,"href":"https:\/\/petproducts.com.cn\/it\/wp-json\/wp\/v2\/product_cat?post=16641"},{"taxonomy":"product_tag","embeddable":true,"href":"https:\/\/petproducts.com.cn\/it\/wp-json\/wp\/v2\/product_tag?post=16641"}],"curies":[{"name":"wp","href":"https:\/\/api.w.org\/{rel}","templated":true}]}}