{"id":16695,"date":"2023-11-28T06:36:24","date_gmt":"2023-11-28T06:36:24","guid":{"rendered":"https:\/\/petproducts.com.cn\/?post_type=product&#038;p=16695"},"modified":"2023-11-28T07:56:51","modified_gmt":"2023-11-28T07:56:51","slug":"best-cat-cave-bed-pet-bed-house","status":"publish","type":"product","link":"https:\/\/petproducts.com.cn\/it\/product\/best-cat-cave-bed-pet-bed-house\/","title":{"rendered":"La migliore caverna per gatti Letto per animali domestici Casa"},"content":{"rendered":"<h2>Caratteristiche del miglior letto per gatti<\/h2>\n<ol>\n<li><strong>L'intimit\u00e0 della caverna:<\/strong> L'esclusivo design a grotta di questo letto Best Cat Cave offre al vostro gatto un rifugio privato, soddisfacendo il suo naturale istinto di ricerca di uno spazio sicuro e chiuso. Osservate il vostro amico felino mentre si accoccola tra le confortevoli mura del suo rifugio personale.<\/li>\n<li><strong>Delizia 2 in 1 per grotta e divano:<\/strong> La versatilit\u00e0 incontra il comfort con il nostro letto per animali 2 in 1 Cave\/Sofa. Si trasforma senza sforzo da un'accogliente grotta a un comodo divano, adattandosi alle preferenze del vostro gatto. Sia che cerchino la solitudine o un posto per rilassarsi, questo letto ha tutto ci\u00f2 che serve.<\/li>\n<li><strong>Protezione impermeabile premium:<\/strong> Questo letto per gatti \u00e8 dotato di caratteristiche impermeabili di alto livello. Gli incidenti possono capitare, ma grazie a questo design resistente all'acqua, \u00e8 possibile eliminare facilmente le fuoriuscite e i pasticci, garantendo un ambiente pulito e asciutto per il vostro gatto.<\/li>\n<li><strong>Elettricamente antistatico:<\/strong> Addio alle scariche elettrostatiche indesiderate! La nostra cuccia per gatti \u00e8 realizzata con propriet\u00e0 antistatiche, per offrire al vostro amico felino uno spazio sereno e tranquillo in cui riposare senza sorprendenti scosse.<\/li>\n<li><strong>Tessuto elegantemente cucito:<\/strong> Il letto per animali domestici vanta cuciture meticolose che ne migliorano la durata e l'estetica. I raffinati dettagli del tessuto ne elevano l'aspetto complessivo, rendendolo un'aggiunta di stile all'arredamento della vostra casa.<\/li>\n<li><strong>Calore con il cotone legato a spruzzo:<\/strong> Il comfort del vostro gatto \u00e8 la nostra priorit\u00e0. La cuccia incorpora uno strato di caldo cotone spruzzato, assicurando un rifugio comodo e accogliente. \u00c8 il posto perfetto per il vostro gatto per rilassarsi e ricaricarsi, soprattutto durante le giornate pi\u00f9 fresche.<\/li>\n<li><strong>Base solida e antiscivolo:<\/strong> Siete preoccupati che il letto possa scivolare? Il letto Cat Cave \u00e8 dotato di un fondo antiscivolo che garantisce stabilit\u00e0 su qualsiasi superficie. Il vostro gatto potr\u00e0 giocare e sonnecchiare senza interruzioni, grazie a questo accurato elemento di design.<\/li>\n<\/ol>","protected":false},"excerpt":{"rendered":"<p>Siamo un produttore di letti per animali domestici con oltre 20 anni di esperienza. Offriamo opzioni di personalizzazione per colore, dimensione, tessuto, modello, logo e altre caratteristiche.<\/p>","protected":false},"featured_media":16721,"template":"","meta":{"_acf_changed":false},"product_brand":[],"product_cat":[58,71],"product_tag":[74],"class_list":{"0":"post-16695","1":"product","2":"type-product","3":"status-publish","4":"has-post-thumbnail","6":"product_cat-cat-beds","7":"product_cat-cat-supplies","8":"product_tag-cat-beds","10":"first","11":"instock","12":"shipping-taxable","13":"product-type-simple"},"acf":[],"yoast_head":"<!-- This site is optimized with the Yoast SEO plugin v27.1.1 - https:\/\/yoast.com\/product\/yoast-seo-wordpress\/ -->\n<title>Best Cat Cave Bed | Custom Pet Bed House - Petstar<\/title>\n<meta name=\"description\" content=\"Explore best cat cave bed, pet bed house, cat pet bed, pet cave bed from the manufacturer. Your ideal business solution with Petstar.\" \/>\n<meta name=\"robots\" content=\"index, follow, max-snippet:-1, max-image-preview:large, max-video-preview:-1\" \/>\n<link rel=\"canonical\" href=\"https:\/\/petproducts.com.cn\/it\/prodotto\/best-cat-cave-bed-pet-bed-house\/\" \/>\n<meta property=\"og:locale\" content=\"it_IT\" \/>\n<meta property=\"og:type\" content=\"article\" \/>\n<meta property=\"og:title\" content=\"Best Cat Cave Bed | Custom Pet Bed House - Petstar\" \/>\n<meta property=\"og:description\" content=\"Explore best cat cave bed, pet bed house, cat pet bed, pet cave bed from the manufacturer. Your ideal business solution with Petstar.\" \/>\n<meta property=\"og:url\" content=\"https:\/\/petproducts.com.cn\/it\/prodotto\/best-cat-cave-bed-pet-bed-house\/\" \/>\n<meta property=\"og:site_name\" content=\"Petstar\" \/>\n<meta property=\"article:modified_time\" content=\"2023-11-28T07:56:51+00:00\" \/>\n<meta property=\"og:image\" content=\"https:\/\/petproducts.com.cn\/wp-content\/uploads\/2023\/11\/best-cat-cave-bed.webp\" \/>\n\t<meta property=\"og:image:width\" content=\"1000\" \/>\n\t<meta property=\"og:image:height\" content=\"1000\" \/>\n\t<meta property=\"og:image:type\" content=\"image\/webp\" \/>\n<meta name=\"twitter:card\" content=\"summary_large_image\" \/>\n<meta name=\"twitter:label1\" content=\"Tempo di lettura stimato\" \/>\n\t<meta name=\"twitter:data1\" content=\"2 minuti\" \/>\n<script type=\"application\/ld+json\" class=\"yoast-schema-graph\">{\"@context\":\"https:\/\/schema.org\",\"@graph\":[{\"@type\":\"WebPage\",\"@id\":\"https:\/\/petproducts.com.cn\/product\/best-cat-cave-bed-pet-bed-house\/\",\"url\":\"https:\/\/petproducts.com.cn\/product\/best-cat-cave-bed-pet-bed-house\/\",\"name\":\"Best Cat Cave Bed | Custom Pet Bed House - Petstar\",\"isPartOf\":{\"@id\":\"https:\/\/petproducts.com.cn\/#website\"},\"primaryImageOfPage\":{\"@id\":\"https:\/\/petproducts.com.cn\/product\/best-cat-cave-bed-pet-bed-house\/#primaryimage\"},\"image\":{\"@id\":\"https:\/\/petproducts.com.cn\/product\/best-cat-cave-bed-pet-bed-house\/#primaryimage\"},\"thumbnailUrl\":\"https:\/\/petproducts.com.cn\/wp-content\/uploads\/2023\/11\/best-cat-cave-bed.webp\",\"datePublished\":\"2023-11-28T06:36:24+00:00\",\"dateModified\":\"2023-11-28T07:56:51+00:00\",\"description\":\"Explore best cat cave bed, pet bed house, cat pet bed, pet cave bed from the manufacturer. Your ideal business solution with Petstar.\",\"breadcrumb\":{\"@id\":\"https:\/\/petproducts.com.cn\/product\/best-cat-cave-bed-pet-bed-house\/#breadcrumb\"},\"inLanguage\":\"it-IT\",\"potentialAction\":[{\"@type\":\"ReadAction\",\"target\":[\"https:\/\/petproducts.com.cn\/product\/best-cat-cave-bed-pet-bed-house\/\"]}]},{\"@type\":\"ImageObject\",\"inLanguage\":\"it-IT\",\"@id\":\"https:\/\/petproducts.com.cn\/product\/best-cat-cave-bed-pet-bed-house\/#primaryimage\",\"url\":\"https:\/\/petproducts.com.cn\/wp-content\/uploads\/2023\/11\/best-cat-cave-bed.webp\",\"contentUrl\":\"https:\/\/petproducts.com.cn\/wp-content\/uploads\/2023\/11\/best-cat-cave-bed.webp\",\"width\":1000,\"height\":1000,\"caption\":\"best cat cave bed\"},{\"@type\":\"BreadcrumbList\",\"@id\":\"https:\/\/petproducts.com.cn\/product\/best-cat-cave-bed-pet-bed-house\/#breadcrumb\",\"itemListElement\":[{\"@type\":\"ListItem\",\"position\":1,\"name\":\"HOME\",\"item\":\"https:\/\/petproducts.com.cn\/\"},{\"@type\":\"ListItem\",\"position\":2,\"name\":\"Products\",\"item\":\"https:\/\/petproducts.com.cn\/shop\/\"},{\"@type\":\"ListItem\",\"position\":3,\"name\":\"Cat Beds\",\"item\":\"https:\/\/petproducts.com.cn\/product-category\/cat-beds\/\"},{\"@type\":\"ListItem\",\"position\":4,\"name\":\"Best Cat Cave Bed Pet Bed House\"}]},{\"@type\":\"WebSite\",\"@id\":\"https:\/\/petproducts.com.cn\/#website\",\"url\":\"https:\/\/petproducts.com.cn\/\",\"name\":\"Petstar\",\"description\":\"Leading Pet Supplies Manufacturer &amp; OEM Pet Products Supplier\",\"publisher\":{\"@id\":\"https:\/\/petproducts.com.cn\/#organization\"},\"alternateName\":\"Petstar Pet Supplies\",\"potentialAction\":[{\"@type\":\"SearchAction\",\"target\":{\"@type\":\"EntryPoint\",\"urlTemplate\":\"https:\/\/petproducts.com.cn\/?s={search_term_string}\"},\"query-input\":{\"@type\":\"PropertyValueSpecification\",\"valueRequired\":true,\"valueName\":\"search_term_string\"}}],\"inLanguage\":\"it-IT\"},{\"@type\":\"Organization\",\"@id\":\"https:\/\/petproducts.com.cn\/#organization\",\"name\":\"Petstar\",\"url\":\"https:\/\/petproducts.com.cn\/\",\"logo\":{\"@type\":\"ImageObject\",\"inLanguage\":\"it-IT\",\"@id\":\"https:\/\/petproducts.com.cn\/#\/schema\/logo\/image\/\",\"url\":\"https:\/\/petproducts.com.cn\/wp-content\/uploads\/2020\/02\/petstar-logo.webp\",\"contentUrl\":\"https:\/\/petproducts.com.cn\/wp-content\/uploads\/2020\/02\/petstar-logo.webp\",\"width\":779,\"height\":520,\"caption\":\"Petstar\"},\"image\":{\"@id\":\"https:\/\/petproducts.com.cn\/#\/schema\/logo\/image\/\"}}]}<\/script>\n<!-- \/ Yoast SEO plugin. -->","yoast_head_json":{"title":"Migliore letto di caverna del gatto | Casa del letto dell'animale domestico su misura - Petstar","description":"Esplorate i migliori letti per gatti, letti per animali domestici, letti per gatti, letti per animali domestici dal produttore. La vostra soluzione commerciale ideale con Petstar.","robots":{"index":"index","follow":"follow","max-snippet":"max-snippet:-1","max-image-preview":"max-image-preview:large","max-video-preview":"max-video-preview:-1"},"canonical":"https:\/\/petproducts.com.cn\/it\/prodotto\/best-cat-cave-bed-pet-bed-house\/","og_locale":"it_IT","og_type":"article","og_title":"Best Cat Cave Bed | Custom Pet Bed House - Petstar","og_description":"Explore best cat cave bed, pet bed house, cat pet bed, pet cave bed from the manufacturer. Your ideal business solution with Petstar.","og_url":"https:\/\/petproducts.com.cn\/it\/prodotto\/best-cat-cave-bed-pet-bed-house\/","og_site_name":"Petstar","article_modified_time":"2023-11-28T07:56:51+00:00","og_image":[{"width":1000,"height":1000,"url":"https:\/\/petproducts.com.cn\/wp-content\/uploads\/2023\/11\/best-cat-cave-bed.webp","type":"image\/webp"}],"twitter_card":"summary_large_image","twitter_misc":{"Tempo di lettura stimato":"2 minuti"},"schema":{"@context":"https:\/\/schema.org","@graph":[{"@type":"WebPage","@id":"https:\/\/petproducts.com.cn\/product\/best-cat-cave-bed-pet-bed-house\/","url":"https:\/\/petproducts.com.cn\/product\/best-cat-cave-bed-pet-bed-house\/","name":"Migliore letto di caverna del gatto | Casa del letto dell'animale domestico su misura - Petstar","isPartOf":{"@id":"https:\/\/petproducts.com.cn\/#website"},"primaryImageOfPage":{"@id":"https:\/\/petproducts.com.cn\/product\/best-cat-cave-bed-pet-bed-house\/#primaryimage"},"image":{"@id":"https:\/\/petproducts.com.cn\/product\/best-cat-cave-bed-pet-bed-house\/#primaryimage"},"thumbnailUrl":"https:\/\/petproducts.com.cn\/wp-content\/uploads\/2023\/11\/best-cat-cave-bed.webp","datePublished":"2023-11-28T06:36:24+00:00","dateModified":"2023-11-28T07:56:51+00:00","description":"Esplorate i migliori letti per gatti, letti per animali domestici, letti per gatti, letti per animali domestici dal produttore. La vostra soluzione commerciale ideale con Petstar.","breadcrumb":{"@id":"https:\/\/petproducts.com.cn\/product\/best-cat-cave-bed-pet-bed-house\/#breadcrumb"},"inLanguage":"it-IT","potentialAction":[{"@type":"ReadAction","target":["https:\/\/petproducts.com.cn\/product\/best-cat-cave-bed-pet-bed-house\/"]}]},{"@type":"ImageObject","inLanguage":"it-IT","@id":"https:\/\/petproducts.com.cn\/product\/best-cat-cave-bed-pet-bed-house\/#primaryimage","url":"https:\/\/petproducts.com.cn\/wp-content\/uploads\/2023\/11\/best-cat-cave-bed.webp","contentUrl":"https:\/\/petproducts.com.cn\/wp-content\/uploads\/2023\/11\/best-cat-cave-bed.webp","width":1000,"height":1000,"caption":"best cat cave bed"},{"@type":"BreadcrumbList","@id":"https:\/\/petproducts.com.cn\/product\/best-cat-cave-bed-pet-bed-house\/#breadcrumb","itemListElement":[{"@type":"ListItem","position":1,"name":"HOME","item":"https:\/\/petproducts.com.cn\/"},{"@type":"ListItem","position":2,"name":"Products","item":"https:\/\/petproducts.com.cn\/shop\/"},{"@type":"ListItem","position":3,"name":"Cat Beds","item":"https:\/\/petproducts.com.cn\/product-category\/cat-beds\/"},{"@type":"ListItem","position":4,"name":"Best Cat Cave Bed Pet Bed House"}]},{"@type":"WebSite","@id":"https:\/\/petproducts.com.cn\/#website","url":"https:\/\/petproducts.com.cn\/","name":"Petstar","description":"Produttore leader di forniture per animali domestici e fornitore di prodotti OEM per animali domestici","publisher":{"@id":"https:\/\/petproducts.com.cn\/#organization"},"alternateName":"Petstar Pet Supplies","potentialAction":[{"@type":"SearchAction","target":{"@type":"EntryPoint","urlTemplate":"https:\/\/petproducts.com.cn\/?s={search_term_string}"},"query-input":{"@type":"PropertyValueSpecification","valueRequired":true,"valueName":"search_term_string"}}],"inLanguage":"it-IT"},{"@type":"Organization","@id":"https:\/\/petproducts.com.cn\/#organization","name":"Petstar","url":"https:\/\/petproducts.com.cn\/","logo":{"@type":"ImageObject","inLanguage":"it-IT","@id":"https:\/\/petproducts.com.cn\/#\/schema\/logo\/image\/","url":"https:\/\/petproducts.com.cn\/wp-content\/uploads\/2020\/02\/petstar-logo.webp","contentUrl":"https:\/\/petproducts.com.cn\/wp-content\/uploads\/2020\/02\/petstar-logo.webp","width":779,"height":520,"caption":"Petstar"},"image":{"@id":"https:\/\/petproducts.com.cn\/#\/schema\/logo\/image\/"}}]}},"_links":{"self":[{"href":"https:\/\/petproducts.com.cn\/it\/wp-json\/wp\/v2\/product\/16695","targetHints":{"allow":["GET"]}}],"collection":[{"href":"https:\/\/petproducts.com.cn\/it\/wp-json\/wp\/v2\/product"}],"about":[{"href":"https:\/\/petproducts.com.cn\/it\/wp-json\/wp\/v2\/types\/product"}],"version-history":[{"count":2,"href":"https:\/\/petproducts.com.cn\/it\/wp-json\/wp\/v2\/product\/16695\/revisions"}],"predecessor-version":[{"id":16736,"href":"https:\/\/petproducts.com.cn\/it\/wp-json\/wp\/v2\/product\/16695\/revisions\/16736"}],"wp:featuredmedia":[{"embeddable":true,"href":"https:\/\/petproducts.com.cn\/it\/wp-json\/wp\/v2\/media\/16721"}],"wp:attachment":[{"href":"https:\/\/petproducts.com.cn\/it\/wp-json\/wp\/v2\/media?parent=16695"}],"wp:term":[{"taxonomy":"product_brand","embeddable":true,"href":"https:\/\/petproducts.com.cn\/it\/wp-json\/wp\/v2\/product_brand?post=16695"},{"taxonomy":"product_cat","embeddable":true,"href":"https:\/\/petproducts.com.cn\/it\/wp-json\/wp\/v2\/product_cat?post=16695"},{"taxonomy":"product_tag","embeddable":true,"href":"https:\/\/petproducts.com.cn\/it\/wp-json\/wp\/v2\/product_tag?post=16695"}],"curies":[{"name":"wp","href":"https:\/\/api.w.org\/{rel}","templated":true}]}}