{"id":18869,"date":"2024-01-15T03:06:55","date_gmt":"2024-01-15T03:06:55","guid":{"rendered":"https:\/\/petproducts.com.cn\/?post_type=product&#038;p=18869"},"modified":"2024-01-15T05:37:52","modified_gmt":"2024-01-15T05:37:52","slug":"cat-cave-cat-bed-luxury-cozy-cave-pet-bed","status":"publish","type":"product","link":"https:\/\/petproducts.com.cn\/it\/product\/cat-cave-cat-bed-luxury-cozy-cave-pet-bed\/","title":{"rendered":"Letto per gatti Cat Cave Letto per animali domestici di lusso accogliente in grotta"},"content":{"rendered":"<h2>Caratteristiche del letto per gatti Cat Cave<\/h2>\n<ol>\n<li><strong>Design in stile grotta:<\/strong> Immergete il vostro gatto nel comfort di un rifugio in stile grotta. Il design unico del nostro letto per gatti Cat Cave offre uno spazio sicuro e chiuso, soddisfacendo l'istinto naturale del gatto alla privacy e all'isolamento. \u00c8 il rifugio perfetto per il vostro compagno felino per rilassarsi e riposare.<\/li>\n<li><strong>Tessuto in poliestere con stampa:<\/strong> Elevate l'esperienza di riposo del vostro gatto con il tocco lussuoso del tessuto in poliestere ornato da incantevoli stampe. Questa deliziosa combinazione non solo aggiunge un tocco di stile alla vostra casa, ma offre anche una superficie morbida e invitante su cui far riposare il vostro gatto. Il materiale accogliente \u00e8 delicato sul pelo e facile da pulire.<\/li>\n<li><strong>Maniglia portatile:<\/strong> La praticit\u00e0 incontra la versatilit\u00e0 grazie all'inclusione di una maniglia portatile. Il letto Cat Cave pu\u00f2 essere trasportato facilmente da una stanza all'altra, consentendo al gatto di avere uno spazio familiare e confortevole ovunque vada. Che si tratti di un posto soleggiato vicino alla finestra o di un angolo accogliente, questa funzione portatile assicura che il comfort del gatto non sia mai compromesso.<\/li>\n<li><strong>Non-Slip Bottom:<\/strong> Il fondo antiscivolo garantisce la sicurezza del gatto. La base sicura assicura che il letto rimanga saldamente in posizione, anche durante i momenti di gioco e di allungamento. Potete stare tranquilli sapendo che il vostro gatto pu\u00f2 godersi la sua accogliente grotta senza scivolare o scivolare.<\/li>\n<\/ol>","protected":false},"excerpt":{"rendered":"<p>Siamo un produttore di letti per animali domestici con oltre 20 anni di esperienza. Offriamo opzioni di personalizzazione per colore, dimensione, tessuto, modello, logo e altre caratteristiche.<\/p>","protected":false},"featured_media":18874,"template":"","meta":{"_acf_changed":false},"product_brand":[],"product_cat":[58,71],"product_tag":[74],"class_list":{"0":"post-18869","1":"product","2":"type-product","3":"status-publish","4":"has-post-thumbnail","6":"product_cat-cat-beds","7":"product_cat-cat-supplies","8":"product_tag-cat-beds","10":"first","11":"instock","12":"shipping-taxable","13":"product-type-simple"},"acf":[],"yoast_head":"<!-- This site is optimized with the Yoast SEO plugin v27.1.1 - https:\/\/yoast.com\/product\/yoast-seo-wordpress\/ -->\n<title>Cat Cave Cat Bed | Custom Cozy Cave Pet Bed - Petstar<\/title>\n<meta name=\"description\" content=\"Explore cat cave cat bed, luxury cozy cave pet bed, cozy cave pet beds from the manufacturer. Your ideal business solution with Petstar.\" \/>\n<meta name=\"robots\" content=\"index, follow, max-snippet:-1, max-image-preview:large, max-video-preview:-1\" \/>\n<link rel=\"canonical\" href=\"https:\/\/petproducts.com.cn\/it\/prodotto\/cat-cave-cat-bed-luxury-cozy-cave-pet-bed\/\" \/>\n<meta property=\"og:locale\" content=\"it_IT\" \/>\n<meta property=\"og:type\" content=\"article\" \/>\n<meta property=\"og:title\" content=\"Cat Cave Cat Bed | Custom Cozy Cave Pet Bed - Petstar\" \/>\n<meta property=\"og:description\" content=\"Explore cat cave cat bed, luxury cozy cave pet bed, cozy cave pet beds from the manufacturer. Your ideal business solution with Petstar.\" \/>\n<meta property=\"og:url\" content=\"https:\/\/petproducts.com.cn\/it\/prodotto\/cat-cave-cat-bed-luxury-cozy-cave-pet-bed\/\" \/>\n<meta property=\"og:site_name\" content=\"Petstar\" \/>\n<meta property=\"article:modified_time\" content=\"2024-01-15T05:37:52+00:00\" \/>\n<meta property=\"og:image\" content=\"https:\/\/petproducts.com.cn\/wp-content\/uploads\/2024\/01\/Cat-Cave-Cat-Bed.webp\" \/>\n\t<meta property=\"og:image:width\" content=\"1200\" \/>\n\t<meta property=\"og:image:height\" content=\"1200\" \/>\n\t<meta property=\"og:image:type\" content=\"image\/webp\" \/>\n<meta name=\"twitter:card\" content=\"summary_large_image\" \/>\n<meta name=\"twitter:label1\" content=\"Tempo di lettura stimato\" \/>\n\t<meta name=\"twitter:data1\" content=\"1 minuto\" \/>\n<script type=\"application\/ld+json\" class=\"yoast-schema-graph\">{\"@context\":\"https:\/\/schema.org\",\"@graph\":[{\"@type\":\"WebPage\",\"@id\":\"https:\/\/petproducts.com.cn\/product\/cat-cave-cat-bed-luxury-cozy-cave-pet-bed\/\",\"url\":\"https:\/\/petproducts.com.cn\/product\/cat-cave-cat-bed-luxury-cozy-cave-pet-bed\/\",\"name\":\"Cat Cave Cat Bed | Custom Cozy Cave Pet Bed - Petstar\",\"isPartOf\":{\"@id\":\"https:\/\/petproducts.com.cn\/#website\"},\"primaryImageOfPage\":{\"@id\":\"https:\/\/petproducts.com.cn\/product\/cat-cave-cat-bed-luxury-cozy-cave-pet-bed\/#primaryimage\"},\"image\":{\"@id\":\"https:\/\/petproducts.com.cn\/product\/cat-cave-cat-bed-luxury-cozy-cave-pet-bed\/#primaryimage\"},\"thumbnailUrl\":\"https:\/\/petproducts.com.cn\/wp-content\/uploads\/2024\/01\/Cat-Cave-Cat-Bed.webp\",\"datePublished\":\"2024-01-15T03:06:55+00:00\",\"dateModified\":\"2024-01-15T05:37:52+00:00\",\"description\":\"Explore cat cave cat bed, luxury cozy cave pet bed, cozy cave pet beds from the manufacturer. Your ideal business solution with Petstar.\",\"breadcrumb\":{\"@id\":\"https:\/\/petproducts.com.cn\/product\/cat-cave-cat-bed-luxury-cozy-cave-pet-bed\/#breadcrumb\"},\"inLanguage\":\"it-IT\",\"potentialAction\":[{\"@type\":\"ReadAction\",\"target\":[\"https:\/\/petproducts.com.cn\/product\/cat-cave-cat-bed-luxury-cozy-cave-pet-bed\/\"]}]},{\"@type\":\"ImageObject\",\"inLanguage\":\"it-IT\",\"@id\":\"https:\/\/petproducts.com.cn\/product\/cat-cave-cat-bed-luxury-cozy-cave-pet-bed\/#primaryimage\",\"url\":\"https:\/\/petproducts.com.cn\/wp-content\/uploads\/2024\/01\/Cat-Cave-Cat-Bed.webp\",\"contentUrl\":\"https:\/\/petproducts.com.cn\/wp-content\/uploads\/2024\/01\/Cat-Cave-Cat-Bed.webp\",\"width\":1200,\"height\":1200,\"caption\":\"Cat Cave Cat Bed\"},{\"@type\":\"BreadcrumbList\",\"@id\":\"https:\/\/petproducts.com.cn\/product\/cat-cave-cat-bed-luxury-cozy-cave-pet-bed\/#breadcrumb\",\"itemListElement\":[{\"@type\":\"ListItem\",\"position\":1,\"name\":\"HOME\",\"item\":\"https:\/\/petproducts.com.cn\/\"},{\"@type\":\"ListItem\",\"position\":2,\"name\":\"Products\",\"item\":\"https:\/\/petproducts.com.cn\/shop\/\"},{\"@type\":\"ListItem\",\"position\":3,\"name\":\"Cat Beds\",\"item\":\"https:\/\/petproducts.com.cn\/product-category\/cat-beds\/\"},{\"@type\":\"ListItem\",\"position\":4,\"name\":\"Cat Cave Cat Bed Luxury Cozy Cave Pet Bed\"}]},{\"@type\":\"WebSite\",\"@id\":\"https:\/\/petproducts.com.cn\/#website\",\"url\":\"https:\/\/petproducts.com.cn\/\",\"name\":\"Petstar\",\"description\":\"Leading Pet Supplies Manufacturer &amp; OEM Pet Products Supplier\",\"publisher\":{\"@id\":\"https:\/\/petproducts.com.cn\/#organization\"},\"alternateName\":\"Petstar Pet Supplies\",\"potentialAction\":[{\"@type\":\"SearchAction\",\"target\":{\"@type\":\"EntryPoint\",\"urlTemplate\":\"https:\/\/petproducts.com.cn\/?s={search_term_string}\"},\"query-input\":{\"@type\":\"PropertyValueSpecification\",\"valueRequired\":true,\"valueName\":\"search_term_string\"}}],\"inLanguage\":\"it-IT\"},{\"@type\":\"Organization\",\"@id\":\"https:\/\/petproducts.com.cn\/#organization\",\"name\":\"Petstar\",\"url\":\"https:\/\/petproducts.com.cn\/\",\"logo\":{\"@type\":\"ImageObject\",\"inLanguage\":\"it-IT\",\"@id\":\"https:\/\/petproducts.com.cn\/#\/schema\/logo\/image\/\",\"url\":\"https:\/\/petproducts.com.cn\/wp-content\/uploads\/2020\/02\/petstar-logo.webp\",\"contentUrl\":\"https:\/\/petproducts.com.cn\/wp-content\/uploads\/2020\/02\/petstar-logo.webp\",\"width\":779,\"height\":520,\"caption\":\"Petstar\"},\"image\":{\"@id\":\"https:\/\/petproducts.com.cn\/#\/schema\/logo\/image\/\"}}]}<\/script>\n<!-- \/ Yoast SEO plugin. -->","yoast_head_json":{"title":"Letto per gatti a forma di grotta - Letto per animali domestici a forma di grotta - Petstar","description":"Esplorate il letto per gatti della caverna, il letto di lusso per animali domestici della caverna, i letti per animali domestici della caverna dal produttore. La vostra soluzione commerciale ideale con Petstar.","robots":{"index":"index","follow":"follow","max-snippet":"max-snippet:-1","max-image-preview":"max-image-preview:large","max-video-preview":"max-video-preview:-1"},"canonical":"https:\/\/petproducts.com.cn\/it\/prodotto\/cat-cave-cat-bed-luxury-cozy-cave-pet-bed\/","og_locale":"it_IT","og_type":"article","og_title":"Cat Cave Cat Bed | Custom Cozy Cave Pet Bed - Petstar","og_description":"Explore cat cave cat bed, luxury cozy cave pet bed, cozy cave pet beds from the manufacturer. Your ideal business solution with Petstar.","og_url":"https:\/\/petproducts.com.cn\/it\/prodotto\/cat-cave-cat-bed-luxury-cozy-cave-pet-bed\/","og_site_name":"Petstar","article_modified_time":"2024-01-15T05:37:52+00:00","og_image":[{"width":1200,"height":1200,"url":"https:\/\/petproducts.com.cn\/wp-content\/uploads\/2024\/01\/Cat-Cave-Cat-Bed.webp","type":"image\/webp"}],"twitter_card":"summary_large_image","twitter_misc":{"Tempo di lettura stimato":"1 minuto"},"schema":{"@context":"https:\/\/schema.org","@graph":[{"@type":"WebPage","@id":"https:\/\/petproducts.com.cn\/product\/cat-cave-cat-bed-luxury-cozy-cave-pet-bed\/","url":"https:\/\/petproducts.com.cn\/product\/cat-cave-cat-bed-luxury-cozy-cave-pet-bed\/","name":"Letto per gatti a forma di grotta - Letto per animali domestici a forma di grotta - Petstar","isPartOf":{"@id":"https:\/\/petproducts.com.cn\/#website"},"primaryImageOfPage":{"@id":"https:\/\/petproducts.com.cn\/product\/cat-cave-cat-bed-luxury-cozy-cave-pet-bed\/#primaryimage"},"image":{"@id":"https:\/\/petproducts.com.cn\/product\/cat-cave-cat-bed-luxury-cozy-cave-pet-bed\/#primaryimage"},"thumbnailUrl":"https:\/\/petproducts.com.cn\/wp-content\/uploads\/2024\/01\/Cat-Cave-Cat-Bed.webp","datePublished":"2024-01-15T03:06:55+00:00","dateModified":"2024-01-15T05:37:52+00:00","description":"Esplorate il letto per gatti della caverna, il letto di lusso per animali domestici della caverna, i letti per animali domestici della caverna dal produttore. La vostra soluzione commerciale ideale con Petstar.","breadcrumb":{"@id":"https:\/\/petproducts.com.cn\/product\/cat-cave-cat-bed-luxury-cozy-cave-pet-bed\/#breadcrumb"},"inLanguage":"it-IT","potentialAction":[{"@type":"ReadAction","target":["https:\/\/petproducts.com.cn\/product\/cat-cave-cat-bed-luxury-cozy-cave-pet-bed\/"]}]},{"@type":"ImageObject","inLanguage":"it-IT","@id":"https:\/\/petproducts.com.cn\/product\/cat-cave-cat-bed-luxury-cozy-cave-pet-bed\/#primaryimage","url":"https:\/\/petproducts.com.cn\/wp-content\/uploads\/2024\/01\/Cat-Cave-Cat-Bed.webp","contentUrl":"https:\/\/petproducts.com.cn\/wp-content\/uploads\/2024\/01\/Cat-Cave-Cat-Bed.webp","width":1200,"height":1200,"caption":"Cat Cave Cat Bed"},{"@type":"BreadcrumbList","@id":"https:\/\/petproducts.com.cn\/product\/cat-cave-cat-bed-luxury-cozy-cave-pet-bed\/#breadcrumb","itemListElement":[{"@type":"ListItem","position":1,"name":"HOME","item":"https:\/\/petproducts.com.cn\/"},{"@type":"ListItem","position":2,"name":"Products","item":"https:\/\/petproducts.com.cn\/shop\/"},{"@type":"ListItem","position":3,"name":"Cat Beds","item":"https:\/\/petproducts.com.cn\/product-category\/cat-beds\/"},{"@type":"ListItem","position":4,"name":"Cat Cave Cat Bed Luxury Cozy Cave Pet Bed"}]},{"@type":"WebSite","@id":"https:\/\/petproducts.com.cn\/#website","url":"https:\/\/petproducts.com.cn\/","name":"Petstar","description":"Produttore leader di forniture per animali domestici e fornitore di prodotti OEM per animali domestici","publisher":{"@id":"https:\/\/petproducts.com.cn\/#organization"},"alternateName":"Petstar Pet Supplies","potentialAction":[{"@type":"SearchAction","target":{"@type":"EntryPoint","urlTemplate":"https:\/\/petproducts.com.cn\/?s={search_term_string}"},"query-input":{"@type":"PropertyValueSpecification","valueRequired":true,"valueName":"search_term_string"}}],"inLanguage":"it-IT"},{"@type":"Organization","@id":"https:\/\/petproducts.com.cn\/#organization","name":"Petstar","url":"https:\/\/petproducts.com.cn\/","logo":{"@type":"ImageObject","inLanguage":"it-IT","@id":"https:\/\/petproducts.com.cn\/#\/schema\/logo\/image\/","url":"https:\/\/petproducts.com.cn\/wp-content\/uploads\/2020\/02\/petstar-logo.webp","contentUrl":"https:\/\/petproducts.com.cn\/wp-content\/uploads\/2020\/02\/petstar-logo.webp","width":779,"height":520,"caption":"Petstar"},"image":{"@id":"https:\/\/petproducts.com.cn\/#\/schema\/logo\/image\/"}}]}},"_links":{"self":[{"href":"https:\/\/petproducts.com.cn\/it\/wp-json\/wp\/v2\/product\/18869","targetHints":{"allow":["GET"]}}],"collection":[{"href":"https:\/\/petproducts.com.cn\/it\/wp-json\/wp\/v2\/product"}],"about":[{"href":"https:\/\/petproducts.com.cn\/it\/wp-json\/wp\/v2\/types\/product"}],"version-history":[{"count":2,"href":"https:\/\/petproducts.com.cn\/it\/wp-json\/wp\/v2\/product\/18869\/revisions"}],"predecessor-version":[{"id":18872,"href":"https:\/\/petproducts.com.cn\/it\/wp-json\/wp\/v2\/product\/18869\/revisions\/18872"}],"wp:featuredmedia":[{"embeddable":true,"href":"https:\/\/petproducts.com.cn\/it\/wp-json\/wp\/v2\/media\/18874"}],"wp:attachment":[{"href":"https:\/\/petproducts.com.cn\/it\/wp-json\/wp\/v2\/media?parent=18869"}],"wp:term":[{"taxonomy":"product_brand","embeddable":true,"href":"https:\/\/petproducts.com.cn\/it\/wp-json\/wp\/v2\/product_brand?post=18869"},{"taxonomy":"product_cat","embeddable":true,"href":"https:\/\/petproducts.com.cn\/it\/wp-json\/wp\/v2\/product_cat?post=18869"},{"taxonomy":"product_tag","embeddable":true,"href":"https:\/\/petproducts.com.cn\/it\/wp-json\/wp\/v2\/product_tag?post=18869"}],"curies":[{"name":"wp","href":"https:\/\/api.w.org\/{rel}","templated":true}]}}