{"id":19901,"date":"2024-02-20T03:14:19","date_gmt":"2024-02-20T03:14:19","guid":{"rendered":"https:\/\/petproducts.com.cn\/?post_type=product&#038;p=19901"},"modified":"2024-02-20T05:51:57","modified_gmt":"2024-02-20T05:51:57","slug":"cat-teepee-bed-dog-teepee-tent-bed","status":"publish","type":"product","link":"https:\/\/petproducts.com.cn\/it\/product\/cat-teepee-bed-dog-teepee-tent-bed\/","title":{"rendered":"Letto per tenda Teepee per gatti Letto per tenda Teepee per cani"},"content":{"rendered":"<h2>Caratteristiche del letto a forma di tenda indiana per gatti<\/h2>\n<ol>\n<li><strong>Stile Bohemien Paisley:<\/strong> Regala al tuo animale domestico le vibrazioni vivaci ed eclettiche dello stile boh\u00e9mien paisley. Il nostro letto a forma di tenda per gatti presenta disegni unici ispirati all'estetica boh\u00e9mien, aggiungendo un tocco di personalit\u00e0 e fascino allo spazio del tuo animale domestico. Crea un angolo accogliente ed elegante che si abbini all'arredamento della tua casa e rifletta la personalit\u00e0 unica del tuo animale domestico.<\/li>\n<li><strong>Tela Tessuto Comfort:<\/strong> Coccola il tuo animale domestico con la morbidezza e la resistenza del tessuto in tela. Il nostro letto a forma di teepee \u00e8 realizzato in tela di alta qualit\u00e0, che offre una superficie morbida e confortevole su cui il tuo animale domestico potr\u00e0 rilassarsi. Investi in un letto che non solo \u00e8 elegante, ma garantisce anche il comfort e il benessere del tuo animale domestico.<\/li>\n<li><strong>Design del letto Teepee:<\/strong> Lasciati conquistare dal design accogliente e invitante del nostro letto a forma di tenda indiana. La tenda in stile teepee offre uno spazio sicuro e riservato in cui il tuo animale domestico pu\u00f2 rifugiarsi, fornendo il rifugio perfetto per rilassarsi. Sia che il tuo animale domestico voglia rannicchiarsi all'interno o sdraiarsi sopra, il nostro letto a forma di tenda indiana offre un comfort versatile.<\/li>\n<li><strong>Non-Slip Bottom:<\/strong> Metti al primo posto la sicurezza e la protezione del tuo animale domestico grazie al fondo antiscivolo del nostro letto Cat Tend Bed e del letto Dog Teepee Tent Bed. Il design antiscivolo assicura che il letto rimanga saldamente in posizione, anche su superfici lisce, offrendo al tuo animale domestico un ambiente di riposo stabile e sicuro. Goditi la tranquillit\u00e0 di sapere che il tuo amico peloso \u00e8 al sicuro e comodo mentre si rilassa nel suo elegante letto a forma di tenda.<\/li>\n<\/ol>","protected":false},"excerpt":{"rendered":"<p>Siamo un produttore di letti per animali domestici con oltre 20 anni di esperienza. Offriamo opzioni di personalizzazione per colore, dimensione, tessuto, modello, logo e altre caratteristiche.<\/p>","protected":false},"featured_media":19903,"template":"","meta":{"_acf_changed":false},"product_brand":[],"product_cat":[58,71,57,72],"product_tag":[74,75],"class_list":{"0":"post-19901","1":"product","2":"type-product","3":"status-publish","4":"has-post-thumbnail","6":"product_cat-cat-beds","7":"product_cat-cat-supplies","8":"product_cat-dog-beds","9":"product_cat-dog-supplies","10":"product_tag-cat-beds","11":"product_tag-dog-beds","13":"first","14":"instock","15":"shipping-taxable","16":"product-type-simple"},"acf":[],"yoast_head":"<!-- This site is optimized with the Yoast SEO plugin v27.1.1 - https:\/\/yoast.com\/product\/yoast-seo-wordpress\/ -->\n<title>Cat Teepee Bed | Custom Dog Teepee Tent Bed - Petstar<\/title>\n<meta name=\"description\" content=\"Explore cat teepee bed, dog teepee tent bed, dog tent bed from the manufacturer. Your ideal business solution with Petstar.\" \/>\n<meta name=\"robots\" content=\"index, follow, max-snippet:-1, max-image-preview:large, max-video-preview:-1\" \/>\n<link rel=\"canonical\" href=\"https:\/\/petproducts.com.cn\/it\/prodotto\/cat-teepee-bed-dog-teepee-tent-bed\/\" \/>\n<meta property=\"og:locale\" content=\"it_IT\" \/>\n<meta property=\"og:type\" content=\"article\" \/>\n<meta property=\"og:title\" content=\"Cat Teepee Bed | Custom Dog Teepee Tent Bed - Petstar\" \/>\n<meta property=\"og:description\" content=\"Explore cat teepee bed, dog teepee tent bed, dog tent bed from the manufacturer. Your ideal business solution with Petstar.\" \/>\n<meta property=\"og:url\" content=\"https:\/\/petproducts.com.cn\/it\/prodotto\/cat-teepee-bed-dog-teepee-tent-bed\/\" \/>\n<meta property=\"og:site_name\" content=\"Petstar\" \/>\n<meta property=\"article:modified_time\" content=\"2024-02-20T05:51:57+00:00\" \/>\n<meta property=\"og:image\" content=\"https:\/\/petproducts.com.cn\/wp-content\/uploads\/2024\/02\/cat-teepee-bed.webp\" \/>\n\t<meta property=\"og:image:width\" content=\"1200\" \/>\n\t<meta property=\"og:image:height\" content=\"1200\" \/>\n\t<meta property=\"og:image:type\" content=\"image\/webp\" \/>\n<meta name=\"twitter:card\" content=\"summary_large_image\" \/>\n<meta name=\"twitter:label1\" content=\"Tempo di lettura stimato\" \/>\n\t<meta name=\"twitter:data1\" content=\"2 minuti\" \/>\n<script type=\"application\/ld+json\" class=\"yoast-schema-graph\">{\"@context\":\"https:\/\/schema.org\",\"@graph\":[{\"@type\":\"WebPage\",\"@id\":\"https:\/\/petproducts.com.cn\/product\/cat-teepee-bed-dog-teepee-tent-bed\/\",\"url\":\"https:\/\/petproducts.com.cn\/product\/cat-teepee-bed-dog-teepee-tent-bed\/\",\"name\":\"Cat Teepee Bed | Custom Dog Teepee Tent Bed - Petstar\",\"isPartOf\":{\"@id\":\"https:\/\/petproducts.com.cn\/#website\"},\"primaryImageOfPage\":{\"@id\":\"https:\/\/petproducts.com.cn\/product\/cat-teepee-bed-dog-teepee-tent-bed\/#primaryimage\"},\"image\":{\"@id\":\"https:\/\/petproducts.com.cn\/product\/cat-teepee-bed-dog-teepee-tent-bed\/#primaryimage\"},\"thumbnailUrl\":\"https:\/\/petproducts.com.cn\/wp-content\/uploads\/2024\/02\/cat-teepee-bed.webp\",\"datePublished\":\"2024-02-20T03:14:19+00:00\",\"dateModified\":\"2024-02-20T05:51:57+00:00\",\"description\":\"Explore cat teepee bed, dog teepee tent bed, dog tent bed from the manufacturer. Your ideal business solution with Petstar.\",\"breadcrumb\":{\"@id\":\"https:\/\/petproducts.com.cn\/product\/cat-teepee-bed-dog-teepee-tent-bed\/#breadcrumb\"},\"inLanguage\":\"it-IT\",\"potentialAction\":[{\"@type\":\"ReadAction\",\"target\":[\"https:\/\/petproducts.com.cn\/product\/cat-teepee-bed-dog-teepee-tent-bed\/\"]}]},{\"@type\":\"ImageObject\",\"inLanguage\":\"it-IT\",\"@id\":\"https:\/\/petproducts.com.cn\/product\/cat-teepee-bed-dog-teepee-tent-bed\/#primaryimage\",\"url\":\"https:\/\/petproducts.com.cn\/wp-content\/uploads\/2024\/02\/cat-teepee-bed.webp\",\"contentUrl\":\"https:\/\/petproducts.com.cn\/wp-content\/uploads\/2024\/02\/cat-teepee-bed.webp\",\"width\":1200,\"height\":1200,\"caption\":\"cat teepee bed\"},{\"@type\":\"BreadcrumbList\",\"@id\":\"https:\/\/petproducts.com.cn\/product\/cat-teepee-bed-dog-teepee-tent-bed\/#breadcrumb\",\"itemListElement\":[{\"@type\":\"ListItem\",\"position\":1,\"name\":\"HOME\",\"item\":\"https:\/\/petproducts.com.cn\/\"},{\"@type\":\"ListItem\",\"position\":2,\"name\":\"Products\",\"item\":\"https:\/\/petproducts.com.cn\/shop\/\"},{\"@type\":\"ListItem\",\"position\":3,\"name\":\"Cat Beds\",\"item\":\"https:\/\/petproducts.com.cn\/product-category\/cat-beds\/\"},{\"@type\":\"ListItem\",\"position\":4,\"name\":\"Cat Teepee Bed Dog Teepee Tent Bed\"}]},{\"@type\":\"WebSite\",\"@id\":\"https:\/\/petproducts.com.cn\/#website\",\"url\":\"https:\/\/petproducts.com.cn\/\",\"name\":\"Petstar\",\"description\":\"Leading Pet Supplies Manufacturer &amp; OEM Pet Products Supplier\",\"publisher\":{\"@id\":\"https:\/\/petproducts.com.cn\/#organization\"},\"alternateName\":\"Petstar Pet Supplies\",\"potentialAction\":[{\"@type\":\"SearchAction\",\"target\":{\"@type\":\"EntryPoint\",\"urlTemplate\":\"https:\/\/petproducts.com.cn\/?s={search_term_string}\"},\"query-input\":{\"@type\":\"PropertyValueSpecification\",\"valueRequired\":true,\"valueName\":\"search_term_string\"}}],\"inLanguage\":\"it-IT\"},{\"@type\":\"Organization\",\"@id\":\"https:\/\/petproducts.com.cn\/#organization\",\"name\":\"Petstar\",\"url\":\"https:\/\/petproducts.com.cn\/\",\"logo\":{\"@type\":\"ImageObject\",\"inLanguage\":\"it-IT\",\"@id\":\"https:\/\/petproducts.com.cn\/#\/schema\/logo\/image\/\",\"url\":\"https:\/\/petproducts.com.cn\/wp-content\/uploads\/2020\/02\/petstar-logo.webp\",\"contentUrl\":\"https:\/\/petproducts.com.cn\/wp-content\/uploads\/2020\/02\/petstar-logo.webp\",\"width\":779,\"height\":520,\"caption\":\"Petstar\"},\"image\":{\"@id\":\"https:\/\/petproducts.com.cn\/#\/schema\/logo\/image\/\"}}]}<\/script>\n<!-- \/ Yoast SEO plugin. -->","yoast_head_json":{"title":"Letto a forma di tenda per gatti | Letto a forma di tenda personalizzato per cani - Petstar","description":"Scopri il letto a forma di tenda indiana per gatti, il letto a forma di tenda indiana per cani e il letto a forma di tenda per cani del produttore. La soluzione ideale per la tua attivit\u00e0 con Petstar.","robots":{"index":"index","follow":"follow","max-snippet":"max-snippet:-1","max-image-preview":"max-image-preview:large","max-video-preview":"max-video-preview:-1"},"canonical":"https:\/\/petproducts.com.cn\/it\/prodotto\/cat-teepee-bed-dog-teepee-tent-bed\/","og_locale":"it_IT","og_type":"article","og_title":"Cat Teepee Bed | Custom Dog Teepee Tent Bed - Petstar","og_description":"Explore cat teepee bed, dog teepee tent bed, dog tent bed from the manufacturer. Your ideal business solution with Petstar.","og_url":"https:\/\/petproducts.com.cn\/it\/prodotto\/cat-teepee-bed-dog-teepee-tent-bed\/","og_site_name":"Petstar","article_modified_time":"2024-02-20T05:51:57+00:00","og_image":[{"width":1200,"height":1200,"url":"https:\/\/petproducts.com.cn\/wp-content\/uploads\/2024\/02\/cat-teepee-bed.webp","type":"image\/webp"}],"twitter_card":"summary_large_image","twitter_misc":{"Tempo di lettura stimato":"2 minuti"},"schema":{"@context":"https:\/\/schema.org","@graph":[{"@type":"WebPage","@id":"https:\/\/petproducts.com.cn\/product\/cat-teepee-bed-dog-teepee-tent-bed\/","url":"https:\/\/petproducts.com.cn\/product\/cat-teepee-bed-dog-teepee-tent-bed\/","name":"Letto a forma di tenda per gatti | Letto a forma di tenda personalizzato per cani - Petstar","isPartOf":{"@id":"https:\/\/petproducts.com.cn\/#website"},"primaryImageOfPage":{"@id":"https:\/\/petproducts.com.cn\/product\/cat-teepee-bed-dog-teepee-tent-bed\/#primaryimage"},"image":{"@id":"https:\/\/petproducts.com.cn\/product\/cat-teepee-bed-dog-teepee-tent-bed\/#primaryimage"},"thumbnailUrl":"https:\/\/petproducts.com.cn\/wp-content\/uploads\/2024\/02\/cat-teepee-bed.webp","datePublished":"2024-02-20T03:14:19+00:00","dateModified":"2024-02-20T05:51:57+00:00","description":"Scopri il letto a forma di tenda indiana per gatti, il letto a forma di tenda indiana per cani e il letto a forma di tenda per cani del produttore. La soluzione ideale per la tua attivit\u00e0 con Petstar.","breadcrumb":{"@id":"https:\/\/petproducts.com.cn\/product\/cat-teepee-bed-dog-teepee-tent-bed\/#breadcrumb"},"inLanguage":"it-IT","potentialAction":[{"@type":"ReadAction","target":["https:\/\/petproducts.com.cn\/product\/cat-teepee-bed-dog-teepee-tent-bed\/"]}]},{"@type":"ImageObject","inLanguage":"it-IT","@id":"https:\/\/petproducts.com.cn\/product\/cat-teepee-bed-dog-teepee-tent-bed\/#primaryimage","url":"https:\/\/petproducts.com.cn\/wp-content\/uploads\/2024\/02\/cat-teepee-bed.webp","contentUrl":"https:\/\/petproducts.com.cn\/wp-content\/uploads\/2024\/02\/cat-teepee-bed.webp","width":1200,"height":1200,"caption":"cat teepee bed"},{"@type":"BreadcrumbList","@id":"https:\/\/petproducts.com.cn\/product\/cat-teepee-bed-dog-teepee-tent-bed\/#breadcrumb","itemListElement":[{"@type":"ListItem","position":1,"name":"HOME","item":"https:\/\/petproducts.com.cn\/"},{"@type":"ListItem","position":2,"name":"Products","item":"https:\/\/petproducts.com.cn\/shop\/"},{"@type":"ListItem","position":3,"name":"Cat Beds","item":"https:\/\/petproducts.com.cn\/product-category\/cat-beds\/"},{"@type":"ListItem","position":4,"name":"Cat Teepee Bed Dog Teepee Tent Bed"}]},{"@type":"WebSite","@id":"https:\/\/petproducts.com.cn\/#website","url":"https:\/\/petproducts.com.cn\/","name":"Petstar","description":"Produttore leader di forniture per animali domestici e fornitore di prodotti OEM per animali domestici","publisher":{"@id":"https:\/\/petproducts.com.cn\/#organization"},"alternateName":"Petstar Pet Supplies","potentialAction":[{"@type":"SearchAction","target":{"@type":"EntryPoint","urlTemplate":"https:\/\/petproducts.com.cn\/?s={search_term_string}"},"query-input":{"@type":"PropertyValueSpecification","valueRequired":true,"valueName":"search_term_string"}}],"inLanguage":"it-IT"},{"@type":"Organization","@id":"https:\/\/petproducts.com.cn\/#organization","name":"Petstar","url":"https:\/\/petproducts.com.cn\/","logo":{"@type":"ImageObject","inLanguage":"it-IT","@id":"https:\/\/petproducts.com.cn\/#\/schema\/logo\/image\/","url":"https:\/\/petproducts.com.cn\/wp-content\/uploads\/2020\/02\/petstar-logo.webp","contentUrl":"https:\/\/petproducts.com.cn\/wp-content\/uploads\/2020\/02\/petstar-logo.webp","width":779,"height":520,"caption":"Petstar"},"image":{"@id":"https:\/\/petproducts.com.cn\/#\/schema\/logo\/image\/"}}]}},"_links":{"self":[{"href":"https:\/\/petproducts.com.cn\/it\/wp-json\/wp\/v2\/product\/19901","targetHints":{"allow":["GET"]}}],"collection":[{"href":"https:\/\/petproducts.com.cn\/it\/wp-json\/wp\/v2\/product"}],"about":[{"href":"https:\/\/petproducts.com.cn\/it\/wp-json\/wp\/v2\/types\/product"}],"version-history":[{"count":2,"href":"https:\/\/petproducts.com.cn\/it\/wp-json\/wp\/v2\/product\/19901\/revisions"}],"predecessor-version":[{"id":19909,"href":"https:\/\/petproducts.com.cn\/it\/wp-json\/wp\/v2\/product\/19901\/revisions\/19909"}],"wp:featuredmedia":[{"embeddable":true,"href":"https:\/\/petproducts.com.cn\/it\/wp-json\/wp\/v2\/media\/19903"}],"wp:attachment":[{"href":"https:\/\/petproducts.com.cn\/it\/wp-json\/wp\/v2\/media?parent=19901"}],"wp:term":[{"taxonomy":"product_brand","embeddable":true,"href":"https:\/\/petproducts.com.cn\/it\/wp-json\/wp\/v2\/product_brand?post=19901"},{"taxonomy":"product_cat","embeddable":true,"href":"https:\/\/petproducts.com.cn\/it\/wp-json\/wp\/v2\/product_cat?post=19901"},{"taxonomy":"product_tag","embeddable":true,"href":"https:\/\/petproducts.com.cn\/it\/wp-json\/wp\/v2\/product_tag?post=19901"}],"curies":[{"name":"wp","href":"https:\/\/api.w.org\/{rel}","templated":true}]}}