{"id":20159,"date":"2024-02-23T01:42:07","date_gmt":"2024-02-23T01:42:07","guid":{"rendered":"https:\/\/petproducts.com.cn\/?post_type=product&#038;p=20159"},"modified":"2024-02-23T03:01:29","modified_gmt":"2024-02-23T03:01:29","slug":"best-indoor-dog-bed-good-beds-for-dogs","status":"publish","type":"product","link":"https:\/\/petproducts.com.cn\/it\/product\/best-indoor-dog-bed-good-beds-for-dogs\/","title":{"rendered":"I migliori letti per cani da interni Buoni letti per cani"},"content":{"rendered":"<h2>Caratteristiche del miglior letto per cani da interno<\/h2>\n<ol>\n<li><strong>Meraviglia impermeabile<\/strong>: Dite addio alle preoccupazioni per le fuoriuscite e gli incidenti! La nostra migliore cuccia per cani da interno \u00e8 dotata di un design impermeabile all'avanguardia, che garantisce una facile pulizia e una lunga durata. Non dovrete pi\u00f9 preoccuparvi di rovinare il letto del vostro animale.<\/li>\n<li><strong>Magia oleorepellente<\/strong>: Mantenete il vostro animale domestico fresco e pulito grazie alle propriet\u00e0 oleorepellenti del nostro letto. Se il vostro animale domestico ama le leccornie o si rilassa dopo i pasti, il nostro letto per animali \u00e8 all'altezza del compito di tenere a bada le fastidiose macchie e mantenere un aspetto immacolato.<\/li>\n<li><strong>Santuario antimacchia<\/strong>: La vita pu\u00f2 essere disordinata, ma il letto del vostro animale domestico non deve soffrire. Grazie al nostro tessuto innovativo, le macchie non sono un problema per il nostro letto per animali domestici. Godetevi la tranquillit\u00e0 di sapere che l'accogliente rifugio del vostro amico peloso rimarr\u00e0 in ottimo stato, lavaggio dopo lavaggio.<\/li>\n<li><strong>Disponibili in pi\u00f9 misure<\/strong>: Ogni animale domestico merita la misura perfetta! La nostra cuccia per cani da interno \u00e8 disponibile in diverse misure per adattarsi ad animali di ogni forma e dimensione. Che si tratti di un cucciolo piccolo o di una razza pi\u00f9 grande, abbiamo la cuccia perfetta per soddisfare le esigenze del vostro animale.<\/li>\n<li><strong>Nirvana antiscivolo<\/strong>: La sicurezza \u00e8 fondamentale, soprattutto quando si tratta del comfort del vostro animale domestico. Il nostro letto \u00e8 dotato di un fondo antiscivolo che garantisce stabilit\u00e0 e sicurezza su qualsiasi superficie, assicurando che il vostro animale possa riposare tranquillamente senza la preoccupazione di scivolare.<\/li>\n<\/ol>\n<p>&nbsp;<\/p>","protected":false},"excerpt":{"rendered":"<p>Siamo un produttore di letti per animali domestici con oltre 20 anni di esperienza. Offriamo opzioni di personalizzazione per colore, dimensione, tessuto, modello, logo e altre caratteristiche.<\/p>","protected":false},"featured_media":20161,"template":"","meta":{"_acf_changed":false},"product_brand":[],"product_cat":[57,72],"product_tag":[75],"class_list":{"0":"post-20159","1":"product","2":"type-product","3":"status-publish","4":"has-post-thumbnail","6":"product_cat-dog-beds","7":"product_cat-dog-supplies","8":"product_tag-dog-beds","10":"first","11":"instock","12":"shipping-taxable","13":"product-type-simple"},"acf":[],"yoast_head":"<!-- This site is optimized with the Yoast SEO plugin v27.1.1 - https:\/\/yoast.com\/product\/yoast-seo-wordpress\/ -->\n<title>Best Indoor Dog Bed | Custom Good Beds For Dogs - Petstar<\/title>\n<meta name=\"description\" content=\"Explore best indoor dog bed, bed dog, good beds for dogs from the manufacturer. Your ideal business solution with Petstar.\" \/>\n<meta name=\"robots\" content=\"index, follow, max-snippet:-1, max-image-preview:large, max-video-preview:-1\" \/>\n<link rel=\"canonical\" href=\"https:\/\/petproducts.com.cn\/it\/prodotto\/best-indoor-dog-bed-good-beds-for-dogs\/\" \/>\n<meta property=\"og:locale\" content=\"it_IT\" \/>\n<meta property=\"og:type\" content=\"article\" \/>\n<meta property=\"og:title\" content=\"Best Indoor Dog Bed | Custom Good Beds For Dogs - Petstar\" \/>\n<meta property=\"og:description\" content=\"Explore best indoor dog bed, bed dog, good beds for dogs from the manufacturer. Your ideal business solution with Petstar.\" \/>\n<meta property=\"og:url\" content=\"https:\/\/petproducts.com.cn\/it\/prodotto\/best-indoor-dog-bed-good-beds-for-dogs\/\" \/>\n<meta property=\"og:site_name\" content=\"Petstar\" \/>\n<meta property=\"article:modified_time\" content=\"2024-02-23T03:01:29+00:00\" \/>\n<meta property=\"og:image\" content=\"https:\/\/petproducts.com.cn\/wp-content\/uploads\/2024\/02\/best-indoor-dog-bed.webp\" \/>\n\t<meta property=\"og:image:width\" content=\"1000\" \/>\n\t<meta property=\"og:image:height\" content=\"1000\" \/>\n\t<meta property=\"og:image:type\" content=\"image\/webp\" \/>\n<meta name=\"twitter:card\" content=\"summary_large_image\" \/>\n<meta name=\"twitter:label1\" content=\"Tempo di lettura stimato\" \/>\n\t<meta name=\"twitter:data1\" content=\"1 minuto\" \/>\n<script type=\"application\/ld+json\" class=\"yoast-schema-graph\">{\"@context\":\"https:\/\/schema.org\",\"@graph\":[{\"@type\":\"WebPage\",\"@id\":\"https:\/\/petproducts.com.cn\/product\/best-indoor-dog-bed-good-beds-for-dogs\/\",\"url\":\"https:\/\/petproducts.com.cn\/product\/best-indoor-dog-bed-good-beds-for-dogs\/\",\"name\":\"Best Indoor Dog Bed | Custom Good Beds For Dogs - Petstar\",\"isPartOf\":{\"@id\":\"https:\/\/petproducts.com.cn\/#website\"},\"primaryImageOfPage\":{\"@id\":\"https:\/\/petproducts.com.cn\/product\/best-indoor-dog-bed-good-beds-for-dogs\/#primaryimage\"},\"image\":{\"@id\":\"https:\/\/petproducts.com.cn\/product\/best-indoor-dog-bed-good-beds-for-dogs\/#primaryimage\"},\"thumbnailUrl\":\"https:\/\/petproducts.com.cn\/wp-content\/uploads\/2024\/02\/best-indoor-dog-bed.webp\",\"datePublished\":\"2024-02-23T01:42:07+00:00\",\"dateModified\":\"2024-02-23T03:01:29+00:00\",\"description\":\"Explore best indoor dog bed, bed dog, good beds for dogs from the manufacturer. Your ideal business solution with Petstar.\",\"breadcrumb\":{\"@id\":\"https:\/\/petproducts.com.cn\/product\/best-indoor-dog-bed-good-beds-for-dogs\/#breadcrumb\"},\"inLanguage\":\"it-IT\",\"potentialAction\":[{\"@type\":\"ReadAction\",\"target\":[\"https:\/\/petproducts.com.cn\/product\/best-indoor-dog-bed-good-beds-for-dogs\/\"]}]},{\"@type\":\"ImageObject\",\"inLanguage\":\"it-IT\",\"@id\":\"https:\/\/petproducts.com.cn\/product\/best-indoor-dog-bed-good-beds-for-dogs\/#primaryimage\",\"url\":\"https:\/\/petproducts.com.cn\/wp-content\/uploads\/2024\/02\/best-indoor-dog-bed.webp\",\"contentUrl\":\"https:\/\/petproducts.com.cn\/wp-content\/uploads\/2024\/02\/best-indoor-dog-bed.webp\",\"width\":1000,\"height\":1000,\"caption\":\"best indoor dog bed\"},{\"@type\":\"BreadcrumbList\",\"@id\":\"https:\/\/petproducts.com.cn\/product\/best-indoor-dog-bed-good-beds-for-dogs\/#breadcrumb\",\"itemListElement\":[{\"@type\":\"ListItem\",\"position\":1,\"name\":\"HOME\",\"item\":\"https:\/\/petproducts.com.cn\/\"},{\"@type\":\"ListItem\",\"position\":2,\"name\":\"Products\",\"item\":\"https:\/\/petproducts.com.cn\/shop\/\"},{\"@type\":\"ListItem\",\"position\":3,\"name\":\"Dog Beds\",\"item\":\"https:\/\/petproducts.com.cn\/product-category\/dog-beds\/\"},{\"@type\":\"ListItem\",\"position\":4,\"name\":\"Best Indoor Dog Bed Good Beds For Dogs\"}]},{\"@type\":\"WebSite\",\"@id\":\"https:\/\/petproducts.com.cn\/#website\",\"url\":\"https:\/\/petproducts.com.cn\/\",\"name\":\"Petstar\",\"description\":\"Leading Pet Supplies Manufacturer &amp; OEM Pet Products Supplier\",\"publisher\":{\"@id\":\"https:\/\/petproducts.com.cn\/#organization\"},\"alternateName\":\"Petstar Pet Supplies\",\"potentialAction\":[{\"@type\":\"SearchAction\",\"target\":{\"@type\":\"EntryPoint\",\"urlTemplate\":\"https:\/\/petproducts.com.cn\/?s={search_term_string}\"},\"query-input\":{\"@type\":\"PropertyValueSpecification\",\"valueRequired\":true,\"valueName\":\"search_term_string\"}}],\"inLanguage\":\"it-IT\"},{\"@type\":\"Organization\",\"@id\":\"https:\/\/petproducts.com.cn\/#organization\",\"name\":\"Petstar\",\"url\":\"https:\/\/petproducts.com.cn\/\",\"logo\":{\"@type\":\"ImageObject\",\"inLanguage\":\"it-IT\",\"@id\":\"https:\/\/petproducts.com.cn\/#\/schema\/logo\/image\/\",\"url\":\"https:\/\/petproducts.com.cn\/wp-content\/uploads\/2020\/02\/petstar-logo.webp\",\"contentUrl\":\"https:\/\/petproducts.com.cn\/wp-content\/uploads\/2020\/02\/petstar-logo.webp\",\"width\":779,\"height\":520,\"caption\":\"Petstar\"},\"image\":{\"@id\":\"https:\/\/petproducts.com.cn\/#\/schema\/logo\/image\/\"}}]}<\/script>\n<!-- \/ Yoast SEO plugin. -->","yoast_head_json":{"title":"Miglior letto per cani da interno | Letti buoni personalizzati per cani - Petstar","description":"Esplora i migliori letti per cani da interno, letti per cani, letti per cani dal produttore. La vostra soluzione commerciale ideale con Petstar.","robots":{"index":"index","follow":"follow","max-snippet":"max-snippet:-1","max-image-preview":"max-image-preview:large","max-video-preview":"max-video-preview:-1"},"canonical":"https:\/\/petproducts.com.cn\/it\/prodotto\/best-indoor-dog-bed-good-beds-for-dogs\/","og_locale":"it_IT","og_type":"article","og_title":"Best Indoor Dog Bed | Custom Good Beds For Dogs - Petstar","og_description":"Explore best indoor dog bed, bed dog, good beds for dogs from the manufacturer. Your ideal business solution with Petstar.","og_url":"https:\/\/petproducts.com.cn\/it\/prodotto\/best-indoor-dog-bed-good-beds-for-dogs\/","og_site_name":"Petstar","article_modified_time":"2024-02-23T03:01:29+00:00","og_image":[{"width":1000,"height":1000,"url":"https:\/\/petproducts.com.cn\/wp-content\/uploads\/2024\/02\/best-indoor-dog-bed.webp","type":"image\/webp"}],"twitter_card":"summary_large_image","twitter_misc":{"Tempo di lettura stimato":"1 minuto"},"schema":{"@context":"https:\/\/schema.org","@graph":[{"@type":"WebPage","@id":"https:\/\/petproducts.com.cn\/product\/best-indoor-dog-bed-good-beds-for-dogs\/","url":"https:\/\/petproducts.com.cn\/product\/best-indoor-dog-bed-good-beds-for-dogs\/","name":"Miglior letto per cani da interno | Letti buoni personalizzati per cani - Petstar","isPartOf":{"@id":"https:\/\/petproducts.com.cn\/#website"},"primaryImageOfPage":{"@id":"https:\/\/petproducts.com.cn\/product\/best-indoor-dog-bed-good-beds-for-dogs\/#primaryimage"},"image":{"@id":"https:\/\/petproducts.com.cn\/product\/best-indoor-dog-bed-good-beds-for-dogs\/#primaryimage"},"thumbnailUrl":"https:\/\/petproducts.com.cn\/wp-content\/uploads\/2024\/02\/best-indoor-dog-bed.webp","datePublished":"2024-02-23T01:42:07+00:00","dateModified":"2024-02-23T03:01:29+00:00","description":"Esplora i migliori letti per cani da interno, letti per cani, letti per cani dal produttore. La vostra soluzione commerciale ideale con Petstar.","breadcrumb":{"@id":"https:\/\/petproducts.com.cn\/product\/best-indoor-dog-bed-good-beds-for-dogs\/#breadcrumb"},"inLanguage":"it-IT","potentialAction":[{"@type":"ReadAction","target":["https:\/\/petproducts.com.cn\/product\/best-indoor-dog-bed-good-beds-for-dogs\/"]}]},{"@type":"ImageObject","inLanguage":"it-IT","@id":"https:\/\/petproducts.com.cn\/product\/best-indoor-dog-bed-good-beds-for-dogs\/#primaryimage","url":"https:\/\/petproducts.com.cn\/wp-content\/uploads\/2024\/02\/best-indoor-dog-bed.webp","contentUrl":"https:\/\/petproducts.com.cn\/wp-content\/uploads\/2024\/02\/best-indoor-dog-bed.webp","width":1000,"height":1000,"caption":"best indoor dog bed"},{"@type":"BreadcrumbList","@id":"https:\/\/petproducts.com.cn\/product\/best-indoor-dog-bed-good-beds-for-dogs\/#breadcrumb","itemListElement":[{"@type":"ListItem","position":1,"name":"HOME","item":"https:\/\/petproducts.com.cn\/"},{"@type":"ListItem","position":2,"name":"Products","item":"https:\/\/petproducts.com.cn\/shop\/"},{"@type":"ListItem","position":3,"name":"Dog Beds","item":"https:\/\/petproducts.com.cn\/product-category\/dog-beds\/"},{"@type":"ListItem","position":4,"name":"Best Indoor Dog Bed Good Beds For Dogs"}]},{"@type":"WebSite","@id":"https:\/\/petproducts.com.cn\/#website","url":"https:\/\/petproducts.com.cn\/","name":"Petstar","description":"Produttore leader di forniture per animali domestici e fornitore di prodotti OEM per animali domestici","publisher":{"@id":"https:\/\/petproducts.com.cn\/#organization"},"alternateName":"Petstar Pet Supplies","potentialAction":[{"@type":"SearchAction","target":{"@type":"EntryPoint","urlTemplate":"https:\/\/petproducts.com.cn\/?s={search_term_string}"},"query-input":{"@type":"PropertyValueSpecification","valueRequired":true,"valueName":"search_term_string"}}],"inLanguage":"it-IT"},{"@type":"Organization","@id":"https:\/\/petproducts.com.cn\/#organization","name":"Petstar","url":"https:\/\/petproducts.com.cn\/","logo":{"@type":"ImageObject","inLanguage":"it-IT","@id":"https:\/\/petproducts.com.cn\/#\/schema\/logo\/image\/","url":"https:\/\/petproducts.com.cn\/wp-content\/uploads\/2020\/02\/petstar-logo.webp","contentUrl":"https:\/\/petproducts.com.cn\/wp-content\/uploads\/2020\/02\/petstar-logo.webp","width":779,"height":520,"caption":"Petstar"},"image":{"@id":"https:\/\/petproducts.com.cn\/#\/schema\/logo\/image\/"}}]}},"_links":{"self":[{"href":"https:\/\/petproducts.com.cn\/it\/wp-json\/wp\/v2\/product\/20159","targetHints":{"allow":["GET"]}}],"collection":[{"href":"https:\/\/petproducts.com.cn\/it\/wp-json\/wp\/v2\/product"}],"about":[{"href":"https:\/\/petproducts.com.cn\/it\/wp-json\/wp\/v2\/types\/product"}],"version-history":[{"count":1,"href":"https:\/\/petproducts.com.cn\/it\/wp-json\/wp\/v2\/product\/20159\/revisions"}],"predecessor-version":[{"id":20166,"href":"https:\/\/petproducts.com.cn\/it\/wp-json\/wp\/v2\/product\/20159\/revisions\/20166"}],"wp:featuredmedia":[{"embeddable":true,"href":"https:\/\/petproducts.com.cn\/it\/wp-json\/wp\/v2\/media\/20161"}],"wp:attachment":[{"href":"https:\/\/petproducts.com.cn\/it\/wp-json\/wp\/v2\/media?parent=20159"}],"wp:term":[{"taxonomy":"product_brand","embeddable":true,"href":"https:\/\/petproducts.com.cn\/it\/wp-json\/wp\/v2\/product_brand?post=20159"},{"taxonomy":"product_cat","embeddable":true,"href":"https:\/\/petproducts.com.cn\/it\/wp-json\/wp\/v2\/product_cat?post=20159"},{"taxonomy":"product_tag","embeddable":true,"href":"https:\/\/petproducts.com.cn\/it\/wp-json\/wp\/v2\/product_tag?post=20159"}],"curies":[{"name":"wp","href":"https:\/\/api.w.org\/{rel}","templated":true}]}}