{"id":21860,"date":"2024-04-10T07:09:16","date_gmt":"2024-04-10T07:09:16","guid":{"rendered":"https:\/\/petproducts.com.cn\/?post_type=product&#038;p=21860"},"modified":"2024-04-10T07:29:02","modified_gmt":"2024-04-10T07:29:02","slug":"luxury-pet-carriers-bags-pet-travel-tote-bag","status":"publish","type":"product","link":"https:\/\/petproducts.com.cn\/it\/product\/luxury-pet-carriers-bags-pet-travel-tote-bag\/","title":{"rendered":"Borse da viaggio di lusso per animali domestici Borsa da viaggio per animali domestici"},"content":{"rendered":"<h2>Caratteristiche delle borse di lusso per animali domestici<\/h2>\n<p><strong>1. Design squisito e artigianato di qualit\u00e0 superiore:<\/strong> Le nostre borse per trasportini di lusso sono progettate con attenzione ai dettagli e realizzate con materiali di qualit\u00e0 superiore, che emanano lusso e raffinatezza. Ogni dettaglio, dalle cuciture alle rifiniture, incarna l'artigianato pi\u00f9 raffinato per una borsa da trasporto di alta qualit\u00e0.<\/p>\n<p><strong>2. Caratteristiche premium per il comfort e la praticit\u00e0:<\/strong> La nostra borsa per animali domestici vanta caratteristiche di qualit\u00e0 superiore, progettate per privilegiare il comfort e la praticit\u00e0. La struttura impermeabile assicura che il vostro animale domestico rimanga asciutto e comodo, anche in condizioni climatiche imprevedibili. L'inclusione di una tasca laterale consente di riporre oggetti essenziali come croccantini o guinzaglio a portata di mano. Inoltre, la chiusura con bottoni a pressione offre una maggiore sicurezza, assicurando che l'animale rimanga al sicuro durante il viaggio.<\/p>\n<p><strong>3. Dimensioni e capacit\u00e0 di peso perfette per animali domestici di piccola taglia (dimensioni: 36x20xH25 cm, peso dell'orso: 2-3 kg):<\/strong> Le nostre borse da viaggio per animali domestici sono progettate per ospitare animali di piccola taglia con dimensioni di 36x20xH25 cm e una capacit\u00e0 di peso di 2-3 kg. Queste dimensioni perfette assicurano una vestibilit\u00e0 comoda e confortevole per il vostro compagno peloso, consentendogli di viaggiare con stile e comodit\u00e0. Che si tratti di un cane di piccola taglia o di un gatto minuscolo, la nostra borsa da trasporto rappresenta la soluzione ideale per le loro esigenze di viaggio.<\/p>\n<p><strong>4. Opzioni personalizzabili per un'eleganza personalizzata:<\/strong> Riconoscendo l'importanza della personalizzazione, le nostre borse di lusso per animali domestici offrono opzioni personalizzabili. Scegliete tra una variet\u00e0 di colori, motivi e abbellimenti per creare una borsa da trasporto che rifletta il vostro stile personale e le vostre preferenze. La personalizzazione aggiunge eleganza e unicit\u00e0 all'attrezzatura da viaggio per animali domestici, assicurando lusso e distinzione in viaggio.<\/p>\n<p>&nbsp;<\/p>","protected":false},"excerpt":{"rendered":"<p>Siamo un'azienda che produce borse di lusso per animali domestici, borse da viaggio per animali domestici con pi\u00f9 di 20 anni di esperienza. Offriamo opzioni di personalizzazione per colore, dimensione, tessuto, modello, logo e altre caratteristiche.<\/p>","protected":false},"featured_media":21862,"template":"","meta":{"_acf_changed":false},"product_brand":[],"product_cat":[133,71,132,72],"product_tag":[145,144],"class_list":{"0":"post-21860","1":"product","2":"type-product","3":"status-publish","4":"has-post-thumbnail","6":"product_cat-cat-carriers-car-supplies","7":"product_cat-cat-supplies","8":"product_cat-dog-carriers-car-supplies","9":"product_cat-dog-supplies","10":"product_tag-cat-carriers-car-supplies","11":"product_tag-dog-carriers-car-supplies","13":"first","14":"instock","15":"shipping-taxable","16":"product-type-simple"},"acf":[],"yoast_head":"<!-- This site is optimized with the Yoast SEO plugin v27.1.1 - https:\/\/yoast.com\/product\/yoast-seo-wordpress\/ -->\n<title>Luxury Pet Carriers Bags | Customize Travel Bag For Pets - Petstar<\/title>\n<meta name=\"description\" content=\"Explore luxury pet carriers bags, travel bag for pets, pet tote bag from the manufacturer. Your ideal business solution with Petstar.\" \/>\n<meta name=\"robots\" content=\"index, follow, max-snippet:-1, max-image-preview:large, max-video-preview:-1\" \/>\n<link rel=\"canonical\" href=\"https:\/\/petproducts.com.cn\/it\/prodotto\/luxury-pet-carriers-bags-pet-travel-tote-bag\/\" \/>\n<meta property=\"og:locale\" content=\"it_IT\" \/>\n<meta property=\"og:type\" content=\"article\" \/>\n<meta property=\"og:title\" content=\"Luxury Pet Carriers Bags | Customize Travel Bag For Pets - Petstar\" \/>\n<meta property=\"og:description\" content=\"Explore luxury pet carriers bags, travel bag for pets, pet tote bag from the manufacturer. Your ideal business solution with Petstar.\" \/>\n<meta property=\"og:url\" content=\"https:\/\/petproducts.com.cn\/it\/prodotto\/luxury-pet-carriers-bags-pet-travel-tote-bag\/\" \/>\n<meta property=\"og:site_name\" content=\"Petstar\" \/>\n<meta property=\"article:modified_time\" content=\"2024-04-10T07:29:02+00:00\" \/>\n<meta property=\"og:image\" content=\"https:\/\/petproducts.com.cn\/wp-content\/uploads\/2024\/04\/luxury-pet-carriers-bags.webp\" \/>\n\t<meta property=\"og:image:width\" content=\"1000\" \/>\n\t<meta property=\"og:image:height\" content=\"1000\" \/>\n\t<meta property=\"og:image:type\" content=\"image\/webp\" \/>\n<meta name=\"twitter:card\" content=\"summary_large_image\" \/>\n<meta name=\"twitter:label1\" content=\"Tempo di lettura stimato\" \/>\n\t<meta name=\"twitter:data1\" content=\"2 minuti\" \/>\n<script type=\"application\/ld+json\" class=\"yoast-schema-graph\">{\"@context\":\"https:\/\/schema.org\",\"@graph\":[{\"@type\":\"WebPage\",\"@id\":\"https:\/\/petproducts.com.cn\/product\/luxury-pet-carriers-bags-pet-travel-tote-bag\/\",\"url\":\"https:\/\/petproducts.com.cn\/product\/luxury-pet-carriers-bags-pet-travel-tote-bag\/\",\"name\":\"Luxury Pet Carriers Bags | Customize Travel Bag For Pets - Petstar\",\"isPartOf\":{\"@id\":\"https:\/\/petproducts.com.cn\/#website\"},\"primaryImageOfPage\":{\"@id\":\"https:\/\/petproducts.com.cn\/product\/luxury-pet-carriers-bags-pet-travel-tote-bag\/#primaryimage\"},\"image\":{\"@id\":\"https:\/\/petproducts.com.cn\/product\/luxury-pet-carriers-bags-pet-travel-tote-bag\/#primaryimage\"},\"thumbnailUrl\":\"https:\/\/petproducts.com.cn\/wp-content\/uploads\/2024\/04\/luxury-pet-carriers-bags.webp\",\"datePublished\":\"2024-04-10T07:09:16+00:00\",\"dateModified\":\"2024-04-10T07:29:02+00:00\",\"description\":\"Explore luxury pet carriers bags, travel bag for pets, pet tote bag from the manufacturer. Your ideal business solution with Petstar.\",\"breadcrumb\":{\"@id\":\"https:\/\/petproducts.com.cn\/product\/luxury-pet-carriers-bags-pet-travel-tote-bag\/#breadcrumb\"},\"inLanguage\":\"it-IT\",\"potentialAction\":[{\"@type\":\"ReadAction\",\"target\":[\"https:\/\/petproducts.com.cn\/product\/luxury-pet-carriers-bags-pet-travel-tote-bag\/\"]}]},{\"@type\":\"ImageObject\",\"inLanguage\":\"it-IT\",\"@id\":\"https:\/\/petproducts.com.cn\/product\/luxury-pet-carriers-bags-pet-travel-tote-bag\/#primaryimage\",\"url\":\"https:\/\/petproducts.com.cn\/wp-content\/uploads\/2024\/04\/luxury-pet-carriers-bags.webp\",\"contentUrl\":\"https:\/\/petproducts.com.cn\/wp-content\/uploads\/2024\/04\/luxury-pet-carriers-bags.webp\",\"width\":1000,\"height\":1000,\"caption\":\"luxury pet carriers bags\"},{\"@type\":\"BreadcrumbList\",\"@id\":\"https:\/\/petproducts.com.cn\/product\/luxury-pet-carriers-bags-pet-travel-tote-bag\/#breadcrumb\",\"itemListElement\":[{\"@type\":\"ListItem\",\"position\":1,\"name\":\"HOME\",\"item\":\"https:\/\/petproducts.com.cn\/\"},{\"@type\":\"ListItem\",\"position\":2,\"name\":\"Products\",\"item\":\"https:\/\/petproducts.com.cn\/shop\/\"},{\"@type\":\"ListItem\",\"position\":3,\"name\":\"Dog Carriers &amp; Car Supplies\",\"item\":\"https:\/\/petproducts.com.cn\/product-category\/dog-carriers-car-supplies\/\"},{\"@type\":\"ListItem\",\"position\":4,\"name\":\"Luxury Pet Carriers Bags Pet Travel Tote Bag\"}]},{\"@type\":\"WebSite\",\"@id\":\"https:\/\/petproducts.com.cn\/#website\",\"url\":\"https:\/\/petproducts.com.cn\/\",\"name\":\"Petstar\",\"description\":\"Leading Pet Supplies Manufacturer &amp; OEM Pet Products Supplier\",\"publisher\":{\"@id\":\"https:\/\/petproducts.com.cn\/#organization\"},\"alternateName\":\"Petstar Pet Supplies\",\"potentialAction\":[{\"@type\":\"SearchAction\",\"target\":{\"@type\":\"EntryPoint\",\"urlTemplate\":\"https:\/\/petproducts.com.cn\/?s={search_term_string}\"},\"query-input\":{\"@type\":\"PropertyValueSpecification\",\"valueRequired\":true,\"valueName\":\"search_term_string\"}}],\"inLanguage\":\"it-IT\"},{\"@type\":\"Organization\",\"@id\":\"https:\/\/petproducts.com.cn\/#organization\",\"name\":\"Petstar\",\"url\":\"https:\/\/petproducts.com.cn\/\",\"logo\":{\"@type\":\"ImageObject\",\"inLanguage\":\"it-IT\",\"@id\":\"https:\/\/petproducts.com.cn\/#\/schema\/logo\/image\/\",\"url\":\"https:\/\/petproducts.com.cn\/wp-content\/uploads\/2020\/02\/petstar-logo.webp\",\"contentUrl\":\"https:\/\/petproducts.com.cn\/wp-content\/uploads\/2020\/02\/petstar-logo.webp\",\"width\":779,\"height\":520,\"caption\":\"Petstar\"},\"image\":{\"@id\":\"https:\/\/petproducts.com.cn\/#\/schema\/logo\/image\/\"}}]}<\/script>\n<!-- \/ Yoast SEO plugin. -->","yoast_head_json":{"title":"Lusso Pet Carriers Borse | Personalizzare borsa da viaggio per gli animali domestici - Petstar","description":"Esplorate le borse di lusso per animali domestici, le borse da viaggio per animali domestici, le borse per animali domestici del produttore. La vostra soluzione commerciale ideale con Petstar.","robots":{"index":"index","follow":"follow","max-snippet":"max-snippet:-1","max-image-preview":"max-image-preview:large","max-video-preview":"max-video-preview:-1"},"canonical":"https:\/\/petproducts.com.cn\/it\/prodotto\/luxury-pet-carriers-bags-pet-travel-tote-bag\/","og_locale":"it_IT","og_type":"article","og_title":"Luxury Pet Carriers Bags | Customize Travel Bag For Pets - Petstar","og_description":"Explore luxury pet carriers bags, travel bag for pets, pet tote bag from the manufacturer. Your ideal business solution with Petstar.","og_url":"https:\/\/petproducts.com.cn\/it\/prodotto\/luxury-pet-carriers-bags-pet-travel-tote-bag\/","og_site_name":"Petstar","article_modified_time":"2024-04-10T07:29:02+00:00","og_image":[{"width":1000,"height":1000,"url":"https:\/\/petproducts.com.cn\/wp-content\/uploads\/2024\/04\/luxury-pet-carriers-bags.webp","type":"image\/webp"}],"twitter_card":"summary_large_image","twitter_misc":{"Tempo di lettura stimato":"2 minuti"},"schema":{"@context":"https:\/\/schema.org","@graph":[{"@type":"WebPage","@id":"https:\/\/petproducts.com.cn\/product\/luxury-pet-carriers-bags-pet-travel-tote-bag\/","url":"https:\/\/petproducts.com.cn\/product\/luxury-pet-carriers-bags-pet-travel-tote-bag\/","name":"Lusso Pet Carriers Borse | Personalizzare borsa da viaggio per gli animali domestici - Petstar","isPartOf":{"@id":"https:\/\/petproducts.com.cn\/#website"},"primaryImageOfPage":{"@id":"https:\/\/petproducts.com.cn\/product\/luxury-pet-carriers-bags-pet-travel-tote-bag\/#primaryimage"},"image":{"@id":"https:\/\/petproducts.com.cn\/product\/luxury-pet-carriers-bags-pet-travel-tote-bag\/#primaryimage"},"thumbnailUrl":"https:\/\/petproducts.com.cn\/wp-content\/uploads\/2024\/04\/luxury-pet-carriers-bags.webp","datePublished":"2024-04-10T07:09:16+00:00","dateModified":"2024-04-10T07:29:02+00:00","description":"Esplorate le borse di lusso per animali domestici, le borse da viaggio per animali domestici, le borse per animali domestici del produttore. La vostra soluzione commerciale ideale con Petstar.","breadcrumb":{"@id":"https:\/\/petproducts.com.cn\/product\/luxury-pet-carriers-bags-pet-travel-tote-bag\/#breadcrumb"},"inLanguage":"it-IT","potentialAction":[{"@type":"ReadAction","target":["https:\/\/petproducts.com.cn\/product\/luxury-pet-carriers-bags-pet-travel-tote-bag\/"]}]},{"@type":"ImageObject","inLanguage":"it-IT","@id":"https:\/\/petproducts.com.cn\/product\/luxury-pet-carriers-bags-pet-travel-tote-bag\/#primaryimage","url":"https:\/\/petproducts.com.cn\/wp-content\/uploads\/2024\/04\/luxury-pet-carriers-bags.webp","contentUrl":"https:\/\/petproducts.com.cn\/wp-content\/uploads\/2024\/04\/luxury-pet-carriers-bags.webp","width":1000,"height":1000,"caption":"luxury pet carriers bags"},{"@type":"BreadcrumbList","@id":"https:\/\/petproducts.com.cn\/product\/luxury-pet-carriers-bags-pet-travel-tote-bag\/#breadcrumb","itemListElement":[{"@type":"ListItem","position":1,"name":"HOME","item":"https:\/\/petproducts.com.cn\/"},{"@type":"ListItem","position":2,"name":"Products","item":"https:\/\/petproducts.com.cn\/shop\/"},{"@type":"ListItem","position":3,"name":"Dog Carriers &amp; Car Supplies","item":"https:\/\/petproducts.com.cn\/product-category\/dog-carriers-car-supplies\/"},{"@type":"ListItem","position":4,"name":"Luxury Pet Carriers Bags Pet Travel Tote Bag"}]},{"@type":"WebSite","@id":"https:\/\/petproducts.com.cn\/#website","url":"https:\/\/petproducts.com.cn\/","name":"Petstar","description":"Produttore leader di forniture per animali domestici e fornitore di prodotti OEM per animali domestici","publisher":{"@id":"https:\/\/petproducts.com.cn\/#organization"},"alternateName":"Petstar Pet Supplies","potentialAction":[{"@type":"SearchAction","target":{"@type":"EntryPoint","urlTemplate":"https:\/\/petproducts.com.cn\/?s={search_term_string}"},"query-input":{"@type":"PropertyValueSpecification","valueRequired":true,"valueName":"search_term_string"}}],"inLanguage":"it-IT"},{"@type":"Organization","@id":"https:\/\/petproducts.com.cn\/#organization","name":"Petstar","url":"https:\/\/petproducts.com.cn\/","logo":{"@type":"ImageObject","inLanguage":"it-IT","@id":"https:\/\/petproducts.com.cn\/#\/schema\/logo\/image\/","url":"https:\/\/petproducts.com.cn\/wp-content\/uploads\/2020\/02\/petstar-logo.webp","contentUrl":"https:\/\/petproducts.com.cn\/wp-content\/uploads\/2020\/02\/petstar-logo.webp","width":779,"height":520,"caption":"Petstar"},"image":{"@id":"https:\/\/petproducts.com.cn\/#\/schema\/logo\/image\/"}}]}},"_links":{"self":[{"href":"https:\/\/petproducts.com.cn\/it\/wp-json\/wp\/v2\/product\/21860","targetHints":{"allow":["GET"]}}],"collection":[{"href":"https:\/\/petproducts.com.cn\/it\/wp-json\/wp\/v2\/product"}],"about":[{"href":"https:\/\/petproducts.com.cn\/it\/wp-json\/wp\/v2\/types\/product"}],"version-history":[{"count":1,"href":"https:\/\/petproducts.com.cn\/it\/wp-json\/wp\/v2\/product\/21860\/revisions"}],"predecessor-version":[{"id":21869,"href":"https:\/\/petproducts.com.cn\/it\/wp-json\/wp\/v2\/product\/21860\/revisions\/21869"}],"wp:featuredmedia":[{"embeddable":true,"href":"https:\/\/petproducts.com.cn\/it\/wp-json\/wp\/v2\/media\/21862"}],"wp:attachment":[{"href":"https:\/\/petproducts.com.cn\/it\/wp-json\/wp\/v2\/media?parent=21860"}],"wp:term":[{"taxonomy":"product_brand","embeddable":true,"href":"https:\/\/petproducts.com.cn\/it\/wp-json\/wp\/v2\/product_brand?post=21860"},{"taxonomy":"product_cat","embeddable":true,"href":"https:\/\/petproducts.com.cn\/it\/wp-json\/wp\/v2\/product_cat?post=21860"},{"taxonomy":"product_tag","embeddable":true,"href":"https:\/\/petproducts.com.cn\/it\/wp-json\/wp\/v2\/product_tag?post=21860"}],"curies":[{"name":"wp","href":"https:\/\/api.w.org\/{rel}","templated":true}]}}