{"id":21981,"date":"2024-04-11T09:10:41","date_gmt":"2024-04-11T09:10:41","guid":{"rendered":"https:\/\/petproducts.com.cn\/?post_type=product&#038;p=21981"},"modified":"2024-07-15T06:31:23","modified_gmt":"2024-07-15T06:31:23","slug":"yellow-dog-food-bowls","status":"publish","type":"product","link":"https:\/\/petproducts.com.cn\/it\/product\/yellow-dog-food-bowls\/","title":{"rendered":"Importazione di ciotole gialle per cibo per cani ad alimentazione lenta"},"content":{"rendered":"<p>Le nostre ciotole gialle per cani sono progettate specificamente per grossisti, personalizzatori e designer. Che si tratti di campionature, produzione personalizzata o ordini all'ingrosso, siamo in grado di soddisfare le vostre esigenze. Le nostre ciotole gialle per cani offrono una variet\u00e0 di opzioni, tra cui materiali diversi (silicone, ceramica), configurazioni di ciotole per gatti singole o doppie e caratteristiche come l'alimentazione lenta o il design rialzato.<\/p>\n<h3>Ciotole per cani personalizzate :<\/h3>\n<ol>\n<li><strong>Opzioni di personalizzazione :<\/strong>Offriamo opzioni di personalizzazione flessibili per soddisfare le esigenze individuali dei clienti e i requisiti di branding, garantendo una soluzione su misura per diversi marchi e mercati.<\/li>\n<li><strong>Variet\u00e0 di materiali:<\/strong> Le nostre ciotole personalizzabili per animali domestici sono disponibili in diversi materiali, tra cui silicone e ceramica di alta qualit\u00e0, che garantiscono durata e sicurezza.<\/li>\n<li><strong>Vantaggi all'ingrosso:<\/strong> In qualit\u00e0 di produttori diretti, offriamo prezzi all'ingrosso competitivi e quantit\u00e0 d'ordine flessibili, consentendo una pi\u00f9 facile gestione dell'inventario e dei costi.<\/li>\n<li><strong>Servizi di campionamento e progettazione:<\/strong> Offriamo servizi di campionatura e progettazione per aiutare i clienti a realizzare i loro concetti e le loro idee di prodotto uniche, garantendo che le ciotole per animali domestici personalizzabili siano in linea con l'immagine del loro marchio e il loro posizionamento sul mercato.<\/li>\n<li><strong>Garanzia di qualit\u00e0:<\/strong> Grazie ai rigorosi standard di controllo della qualit\u00e0 e ai processi di produzione, garantiamo che ogni ciotola personalizzabile per animali domestici soddisfi i pi\u00f9 elevati standard di qualit\u00e0, offrendo ai clienti una garanzia di prodotto affidabile.<\/li>\n<\/ol>\n<h3>Vantaggi:<\/h3>\n<ul>\n<li>Opzioni di personalizzazione flessibili per soddisfare le diverse esigenze dei clienti e del mercato.<\/li>\n<li>Una variet\u00e0 di materiali garantisce durata e sicurezza.<\/li>\n<li>Prezzi all'ingrosso competitivi e quantit\u00e0 d'ordine flessibili offrono maggiori margini di profitto ai clienti.<\/li>\n<li>I servizi di campionatura e progettazione aiutano i clienti a dare vita ai loro concetti di prodotto unici.<\/li>\n<li>I rigorosi standard di controllo della qualit\u00e0 e i processi di produzione garantiscono una qualit\u00e0 affidabile dei prodotti.<\/li>\n<\/ul>\n<p>Scegliete le nostre ciotole per cani personalizzabili per differenziare i vostri prodotti, soddisfare le esigenze dei clienti e creare pi\u00f9 valore commerciale.<\/p>\n<p>&nbsp;<\/p>","protected":false},"excerpt":{"rendered":"<p>Siamo un produttore di mangiatoie per animali domestici con oltre 20 anni di esperienza. Offriamo opzioni di personalizzazione per colore, dimensione, tessuto, modello, logo e altre caratteristiche.<\/p>","protected":false},"featured_media":21985,"template":"","meta":{"_acf_changed":false},"product_brand":[],"product_cat":[134,71,127,72],"product_tag":[167,172,173],"class_list":{"0":"post-21981","1":"product","2":"type-product","3":"status-publish","4":"has-post-thumbnail","6":"product_cat-cat-feeding-watering-supplies","7":"product_cat-cat-supplies","8":"product_cat-dog-feeding-watering-supplies","9":"product_cat-dog-supplies","10":"product_tag-pet-bowls","11":"product_tag-plastic-pet-bowls","12":"product_tag-slow-pet-bowls","14":"first","15":"instock","16":"shipping-taxable","17":"product-type-simple"},"acf":[],"yoast_head":"<!-- This site is optimized with the Yoast SEO plugin v27.1.1 - https:\/\/yoast.com\/product\/yoast-seo-wordpress\/ -->\n<title>Yellow Slow Feeding Dog Food Bowls Import - Petstar yellow dog food bowls<\/title>\n<meta name=\"description\" content=\"Explore Tianyuan Yellow Dog Food Bowls- Mass Production And Customization Options Available.We Are A Leading Global One-Stop Pet Supplies Supplier.\" \/>\n<meta name=\"robots\" content=\"index, follow, max-snippet:-1, max-image-preview:large, max-video-preview:-1\" \/>\n<link rel=\"canonical\" href=\"https:\/\/petproducts.com.cn\/it\/prodotto\/yellow-dog-food-bowls\/\" \/>\n<meta property=\"og:locale\" content=\"it_IT\" \/>\n<meta property=\"og:type\" content=\"article\" \/>\n<meta property=\"og:title\" content=\"Yellow Slow Feeding Dog Food Bowls Import - Petstar yellow dog food bowls\" \/>\n<meta property=\"og:description\" content=\"Explore Tianyuan Yellow Dog Food Bowls- Mass Production And Customization Options Available.We Are A Leading Global One-Stop Pet Supplies Supplier.\" \/>\n<meta property=\"og:url\" content=\"https:\/\/petproducts.com.cn\/it\/prodotto\/yellow-dog-food-bowls\/\" \/>\n<meta property=\"og:site_name\" content=\"Petstar\" \/>\n<meta property=\"article:modified_time\" content=\"2024-07-15T06:31:23+00:00\" \/>\n<meta property=\"og:image\" content=\"https:\/\/petproducts.com.cn\/wp-content\/uploads\/2024\/04\/yellow-dog-food-bowls.webp\" \/>\n\t<meta property=\"og:image:width\" content=\"800\" \/>\n\t<meta property=\"og:image:height\" content=\"800\" \/>\n\t<meta property=\"og:image:type\" content=\"image\/webp\" \/>\n<meta name=\"twitter:card\" content=\"summary_large_image\" \/>\n<meta name=\"twitter:label1\" content=\"Tempo di lettura stimato\" \/>\n\t<meta name=\"twitter:data1\" content=\"2 minuti\" \/>\n<script type=\"application\/ld+json\" class=\"yoast-schema-graph\">{\"@context\":\"https:\/\/schema.org\",\"@graph\":[{\"@type\":\"WebPage\",\"@id\":\"https:\/\/petproducts.com.cn\/product\/yellow-dog-food-bowls\/\",\"url\":\"https:\/\/petproducts.com.cn\/product\/yellow-dog-food-bowls\/\",\"name\":\"Yellow Slow Feeding Dog Food Bowls Import - Petstar yellow dog food bowls\",\"isPartOf\":{\"@id\":\"https:\/\/petproducts.com.cn\/#website\"},\"primaryImageOfPage\":{\"@id\":\"https:\/\/petproducts.com.cn\/product\/yellow-dog-food-bowls\/#primaryimage\"},\"image\":{\"@id\":\"https:\/\/petproducts.com.cn\/product\/yellow-dog-food-bowls\/#primaryimage\"},\"thumbnailUrl\":\"https:\/\/petproducts.com.cn\/wp-content\/uploads\/2024\/04\/yellow-dog-food-bowls.webp\",\"datePublished\":\"2024-04-11T09:10:41+00:00\",\"dateModified\":\"2024-07-15T06:31:23+00:00\",\"description\":\"Explore Tianyuan Yellow Dog Food Bowls- Mass Production And Customization Options Available.We Are A Leading Global One-Stop Pet Supplies Supplier.\",\"breadcrumb\":{\"@id\":\"https:\/\/petproducts.com.cn\/product\/yellow-dog-food-bowls\/#breadcrumb\"},\"inLanguage\":\"it-IT\",\"potentialAction\":[{\"@type\":\"ReadAction\",\"target\":[\"https:\/\/petproducts.com.cn\/product\/yellow-dog-food-bowls\/\"]}]},{\"@type\":\"ImageObject\",\"inLanguage\":\"it-IT\",\"@id\":\"https:\/\/petproducts.com.cn\/product\/yellow-dog-food-bowls\/#primaryimage\",\"url\":\"https:\/\/petproducts.com.cn\/wp-content\/uploads\/2024\/04\/yellow-dog-food-bowls.webp\",\"contentUrl\":\"https:\/\/petproducts.com.cn\/wp-content\/uploads\/2024\/04\/yellow-dog-food-bowls.webp\",\"width\":800,\"height\":800,\"caption\":\"yellow dog food bowls\"},{\"@type\":\"BreadcrumbList\",\"@id\":\"https:\/\/petproducts.com.cn\/product\/yellow-dog-food-bowls\/#breadcrumb\",\"itemListElement\":[{\"@type\":\"ListItem\",\"position\":1,\"name\":\"HOME\",\"item\":\"https:\/\/petproducts.com.cn\/\"},{\"@type\":\"ListItem\",\"position\":2,\"name\":\"Products\",\"item\":\"https:\/\/petproducts.com.cn\/shop\/\"},{\"@type\":\"ListItem\",\"position\":3,\"name\":\"Dog Supplies\",\"item\":\"https:\/\/petproducts.com.cn\/product-category\/dog-supplies\/\"},{\"@type\":\"ListItem\",\"position\":4,\"name\":\"Yellow Slow Feeding Dog Food Bowls Import\"}]},{\"@type\":\"WebSite\",\"@id\":\"https:\/\/petproducts.com.cn\/#website\",\"url\":\"https:\/\/petproducts.com.cn\/\",\"name\":\"Petstar\",\"description\":\"Leading Pet Supplies Manufacturer &amp; OEM Pet Products Supplier\",\"publisher\":{\"@id\":\"https:\/\/petproducts.com.cn\/#organization\"},\"alternateName\":\"Petstar Pet Supplies\",\"potentialAction\":[{\"@type\":\"SearchAction\",\"target\":{\"@type\":\"EntryPoint\",\"urlTemplate\":\"https:\/\/petproducts.com.cn\/?s={search_term_string}\"},\"query-input\":{\"@type\":\"PropertyValueSpecification\",\"valueRequired\":true,\"valueName\":\"search_term_string\"}}],\"inLanguage\":\"it-IT\"},{\"@type\":\"Organization\",\"@id\":\"https:\/\/petproducts.com.cn\/#organization\",\"name\":\"Petstar\",\"url\":\"https:\/\/petproducts.com.cn\/\",\"logo\":{\"@type\":\"ImageObject\",\"inLanguage\":\"it-IT\",\"@id\":\"https:\/\/petproducts.com.cn\/#\/schema\/logo\/image\/\",\"url\":\"https:\/\/petproducts.com.cn\/wp-content\/uploads\/2020\/02\/petstar-logo.webp\",\"contentUrl\":\"https:\/\/petproducts.com.cn\/wp-content\/uploads\/2020\/02\/petstar-logo.webp\",\"width\":779,\"height\":520,\"caption\":\"Petstar\"},\"image\":{\"@id\":\"https:\/\/petproducts.com.cn\/#\/schema\/logo\/image\/\"}}]}<\/script>\n<!-- \/ Yoast SEO plugin. -->","yoast_head_json":{"title":"Ciotole per cani ad alimentazione lenta gialle Import - Petstar ciotole per cani gialle","description":"Esplorate le ciotole gialle di Tianyuan per il cibo del cane - produzione di massa e opzioni di personalizzazione disponibili. Siamo un fornitore globale leader di forniture per animali domestici.","robots":{"index":"index","follow":"follow","max-snippet":"max-snippet:-1","max-image-preview":"max-image-preview:large","max-video-preview":"max-video-preview:-1"},"canonical":"https:\/\/petproducts.com.cn\/it\/prodotto\/yellow-dog-food-bowls\/","og_locale":"it_IT","og_type":"article","og_title":"Yellow Slow Feeding Dog Food Bowls Import - Petstar yellow dog food bowls","og_description":"Explore Tianyuan Yellow Dog Food Bowls- Mass Production And Customization Options Available.We Are A Leading Global One-Stop Pet Supplies Supplier.","og_url":"https:\/\/petproducts.com.cn\/it\/prodotto\/yellow-dog-food-bowls\/","og_site_name":"Petstar","article_modified_time":"2024-07-15T06:31:23+00:00","og_image":[{"width":800,"height":800,"url":"https:\/\/petproducts.com.cn\/wp-content\/uploads\/2024\/04\/yellow-dog-food-bowls.webp","type":"image\/webp"}],"twitter_card":"summary_large_image","twitter_misc":{"Tempo di lettura stimato":"2 minuti"},"schema":{"@context":"https:\/\/schema.org","@graph":[{"@type":"WebPage","@id":"https:\/\/petproducts.com.cn\/product\/yellow-dog-food-bowls\/","url":"https:\/\/petproducts.com.cn\/product\/yellow-dog-food-bowls\/","name":"Ciotole per cani ad alimentazione lenta gialle Import - Petstar ciotole per cani gialle","isPartOf":{"@id":"https:\/\/petproducts.com.cn\/#website"},"primaryImageOfPage":{"@id":"https:\/\/petproducts.com.cn\/product\/yellow-dog-food-bowls\/#primaryimage"},"image":{"@id":"https:\/\/petproducts.com.cn\/product\/yellow-dog-food-bowls\/#primaryimage"},"thumbnailUrl":"https:\/\/petproducts.com.cn\/wp-content\/uploads\/2024\/04\/yellow-dog-food-bowls.webp","datePublished":"2024-04-11T09:10:41+00:00","dateModified":"2024-07-15T06:31:23+00:00","description":"Esplorate le ciotole gialle di Tianyuan per il cibo del cane - produzione di massa e opzioni di personalizzazione disponibili. Siamo un fornitore globale leader di forniture per animali domestici.","breadcrumb":{"@id":"https:\/\/petproducts.com.cn\/product\/yellow-dog-food-bowls\/#breadcrumb"},"inLanguage":"it-IT","potentialAction":[{"@type":"ReadAction","target":["https:\/\/petproducts.com.cn\/product\/yellow-dog-food-bowls\/"]}]},{"@type":"ImageObject","inLanguage":"it-IT","@id":"https:\/\/petproducts.com.cn\/product\/yellow-dog-food-bowls\/#primaryimage","url":"https:\/\/petproducts.com.cn\/wp-content\/uploads\/2024\/04\/yellow-dog-food-bowls.webp","contentUrl":"https:\/\/petproducts.com.cn\/wp-content\/uploads\/2024\/04\/yellow-dog-food-bowls.webp","width":800,"height":800,"caption":"yellow dog food bowls"},{"@type":"BreadcrumbList","@id":"https:\/\/petproducts.com.cn\/product\/yellow-dog-food-bowls\/#breadcrumb","itemListElement":[{"@type":"ListItem","position":1,"name":"HOME","item":"https:\/\/petproducts.com.cn\/"},{"@type":"ListItem","position":2,"name":"Products","item":"https:\/\/petproducts.com.cn\/shop\/"},{"@type":"ListItem","position":3,"name":"Dog Supplies","item":"https:\/\/petproducts.com.cn\/product-category\/dog-supplies\/"},{"@type":"ListItem","position":4,"name":"Yellow Slow Feeding Dog Food Bowls Import"}]},{"@type":"WebSite","@id":"https:\/\/petproducts.com.cn\/#website","url":"https:\/\/petproducts.com.cn\/","name":"Petstar","description":"Produttore leader di forniture per animali domestici e fornitore di prodotti OEM per animali domestici","publisher":{"@id":"https:\/\/petproducts.com.cn\/#organization"},"alternateName":"Petstar Pet Supplies","potentialAction":[{"@type":"SearchAction","target":{"@type":"EntryPoint","urlTemplate":"https:\/\/petproducts.com.cn\/?s={search_term_string}"},"query-input":{"@type":"PropertyValueSpecification","valueRequired":true,"valueName":"search_term_string"}}],"inLanguage":"it-IT"},{"@type":"Organization","@id":"https:\/\/petproducts.com.cn\/#organization","name":"Petstar","url":"https:\/\/petproducts.com.cn\/","logo":{"@type":"ImageObject","inLanguage":"it-IT","@id":"https:\/\/petproducts.com.cn\/#\/schema\/logo\/image\/","url":"https:\/\/petproducts.com.cn\/wp-content\/uploads\/2020\/02\/petstar-logo.webp","contentUrl":"https:\/\/petproducts.com.cn\/wp-content\/uploads\/2020\/02\/petstar-logo.webp","width":779,"height":520,"caption":"Petstar"},"image":{"@id":"https:\/\/petproducts.com.cn\/#\/schema\/logo\/image\/"}}]}},"_links":{"self":[{"href":"https:\/\/petproducts.com.cn\/it\/wp-json\/wp\/v2\/product\/21981","targetHints":{"allow":["GET"]}}],"collection":[{"href":"https:\/\/petproducts.com.cn\/it\/wp-json\/wp\/v2\/product"}],"about":[{"href":"https:\/\/petproducts.com.cn\/it\/wp-json\/wp\/v2\/types\/product"}],"version-history":[{"count":2,"href":"https:\/\/petproducts.com.cn\/it\/wp-json\/wp\/v2\/product\/21981\/revisions"}],"predecessor-version":[{"id":22347,"href":"https:\/\/petproducts.com.cn\/it\/wp-json\/wp\/v2\/product\/21981\/revisions\/22347"}],"wp:featuredmedia":[{"embeddable":true,"href":"https:\/\/petproducts.com.cn\/it\/wp-json\/wp\/v2\/media\/21985"}],"wp:attachment":[{"href":"https:\/\/petproducts.com.cn\/it\/wp-json\/wp\/v2\/media?parent=21981"}],"wp:term":[{"taxonomy":"product_brand","embeddable":true,"href":"https:\/\/petproducts.com.cn\/it\/wp-json\/wp\/v2\/product_brand?post=21981"},{"taxonomy":"product_cat","embeddable":true,"href":"https:\/\/petproducts.com.cn\/it\/wp-json\/wp\/v2\/product_cat?post=21981"},{"taxonomy":"product_tag","embeddable":true,"href":"https:\/\/petproducts.com.cn\/it\/wp-json\/wp\/v2\/product_tag?post=21981"}],"curies":[{"name":"wp","href":"https:\/\/api.w.org\/{rel}","templated":true}]}}