{"id":22176,"date":"2024-04-16T08:17:44","date_gmt":"2024-04-16T08:17:44","guid":{"rendered":"https:\/\/petproducts.com.cn\/?post_type=product&#038;p=22176"},"modified":"2024-04-16T08:31:16","modified_gmt":"2024-04-16T08:31:16","slug":"pet-car-seat-carrier-wholesale-pet-dog-carrier-for-car","status":"publish","type":"product","link":"https:\/\/petproducts.com.cn\/it\/product\/pet-car-seat-carrier-wholesale-pet-dog-carrier-for-car\/","title":{"rendered":"Trasportino per seggiolino auto per animali domestici Trasportino per cani da compagnia all&#039;ingrosso per auto"},"content":{"rendered":"<h2>Caratteristiche del seggiolino auto per animali domestici<\/h2>\n<ol>\n<li><strong>Dimensioni e portabilit\u00e0 ottimizzate<\/strong>. Il nostro trasportino per auto per animali domestici \u00e8 stato progettato con dimensioni di 40x30xH38 cm, raggiungendo il perfetto equilibrio tra spaziosit\u00e0 e portabilit\u00e0. Queste dimensioni assicurano agli animali domestici un ampio spazio per viaggiare comodamente, pur rimanendo sufficientemente compatte per una facile gestione e trasporto.<\/li>\n<li><strong>Materiali rispettosi dell'ambiente<\/strong>. Impegnati nella sostenibilit\u00e0, i nostri trasportini per animali domestici sono realizzati con materiali riciclati. Utilizzando materiali ecocompatibili, contribuiamo agli sforzi di conservazione dell'ambiente e forniamo ai proprietari di animali domestici una scelta responsabile ed etica per le loro esigenze di trasporto.<\/li>\n<li><strong>Metodi di utilizzo versatili<\/strong>. Il nostro trasportino per seggiolino da auto per animali domestici offre molteplici modalit\u00e0 di utilizzo per adattarsi a diversi scenari e preferenze di viaggio. Sia che venga utilizzato come trasportino tradizionale, come seggiolino per auto o come accogliente punto di riposo per gli animali domestici, il nostro trasportino offre versatilit\u00e0 e adattabilit\u00e0 per soddisfare diverse esigenze.<\/li>\n<li><strong>Opzioni di personalizzazione su misura<\/strong>. Comprendendo le diverse preferenze dei proprietari di animali domestici, il nostro trasportino per cani da auto \u00e8 personalizzabile per soddisfare i gusti e le esigenze individuali. Dalla scelta dei colori e dei motivi all'aggiunta di dettagli personalizzati, i clienti hanno la libert\u00e0 di creare un trasportino che rifletta il loro stile unico, garantendo al contempo comfort e funzionalit\u00e0 ottimali per i loro compagni pelosi. Questa enfasi sulla personalizzazione assicura un'esperienza di viaggio personalizzata e piacevole sia per gli animali domestici che per i loro proprietari.<\/li>\n<\/ol>","protected":false},"excerpt":{"rendered":"<p>Siamo un'azienda produttrice di seggiolini per auto e di trasportini per cani con pi\u00f9 di 20 anni di esperienza. Offriamo opzioni di personalizzazione per colore, dimensione, tessuto, modello, logo e altre caratteristiche.<\/p>","protected":false},"featured_media":22180,"template":"","meta":{"_acf_changed":false},"product_brand":[],"product_cat":[133,71,132,72],"product_tag":[145,144],"class_list":{"0":"post-22176","1":"product","2":"type-product","3":"status-publish","4":"has-post-thumbnail","6":"product_cat-cat-carriers-car-supplies","7":"product_cat-cat-supplies","8":"product_cat-dog-carriers-car-supplies","9":"product_cat-dog-supplies","10":"product_tag-cat-carriers-car-supplies","11":"product_tag-dog-carriers-car-supplies","13":"first","14":"instock","15":"shipping-taxable","16":"product-type-simple"},"acf":[],"yoast_head":"<!-- This site is optimized with the Yoast SEO plugin v27.1.1 - https:\/\/yoast.com\/product\/yoast-seo-wordpress\/ -->\n<title>pet car seat carrier | Wholesale Pet Dog Carrier For Cat - Petstar<\/title>\n<meta name=\"description\" content=\"Explore pet car carriers, pet car seat carrier, dog carrier for car from the manufacturer. Your ideal business solution with Petstar.\" \/>\n<meta name=\"robots\" content=\"index, follow, max-snippet:-1, max-image-preview:large, max-video-preview:-1\" \/>\n<link rel=\"canonical\" href=\"https:\/\/petproducts.com.cn\/it\/prodotto\/pet-car-seat-carrier-wholesale-pet-dog-carrier-for-car\/\" \/>\n<meta property=\"og:locale\" content=\"it_IT\" \/>\n<meta property=\"og:type\" content=\"article\" \/>\n<meta property=\"og:title\" content=\"pet car seat carrier | Wholesale Pet Dog Carrier For Cat - Petstar\" \/>\n<meta property=\"og:description\" content=\"Explore pet car carriers, pet car seat carrier, dog carrier for car from the manufacturer. Your ideal business solution with Petstar.\" \/>\n<meta property=\"og:url\" content=\"https:\/\/petproducts.com.cn\/it\/prodotto\/pet-car-seat-carrier-wholesale-pet-dog-carrier-for-car\/\" \/>\n<meta property=\"og:site_name\" content=\"Petstar\" \/>\n<meta property=\"article:modified_time\" content=\"2024-04-16T08:31:16+00:00\" \/>\n<meta property=\"og:image\" content=\"https:\/\/petproducts.com.cn\/wp-content\/uploads\/2024\/04\/pet-car-seat-carrier.webp\" \/>\n\t<meta property=\"og:image:width\" content=\"1000\" \/>\n\t<meta property=\"og:image:height\" content=\"1000\" \/>\n\t<meta property=\"og:image:type\" content=\"image\/webp\" \/>\n<meta name=\"twitter:card\" content=\"summary_large_image\" \/>\n<meta name=\"twitter:label1\" content=\"Tempo di lettura stimato\" \/>\n\t<meta name=\"twitter:data1\" content=\"1 minuto\" \/>\n<script type=\"application\/ld+json\" class=\"yoast-schema-graph\">{\"@context\":\"https:\/\/schema.org\",\"@graph\":[{\"@type\":\"WebPage\",\"@id\":\"https:\/\/petproducts.com.cn\/product\/pet-car-seat-carrier-wholesale-pet-dog-carrier-for-car\/\",\"url\":\"https:\/\/petproducts.com.cn\/product\/pet-car-seat-carrier-wholesale-pet-dog-carrier-for-car\/\",\"name\":\"pet car seat carrier | Wholesale Pet Dog Carrier For Cat - Petstar\",\"isPartOf\":{\"@id\":\"https:\/\/petproducts.com.cn\/#website\"},\"primaryImageOfPage\":{\"@id\":\"https:\/\/petproducts.com.cn\/product\/pet-car-seat-carrier-wholesale-pet-dog-carrier-for-car\/#primaryimage\"},\"image\":{\"@id\":\"https:\/\/petproducts.com.cn\/product\/pet-car-seat-carrier-wholesale-pet-dog-carrier-for-car\/#primaryimage\"},\"thumbnailUrl\":\"https:\/\/petproducts.com.cn\/wp-content\/uploads\/2024\/04\/pet-car-seat-carrier.webp\",\"datePublished\":\"2024-04-16T08:17:44+00:00\",\"dateModified\":\"2024-04-16T08:31:16+00:00\",\"description\":\"Explore pet car carriers, pet car seat carrier, dog carrier for car from the manufacturer. Your ideal business solution with Petstar.\",\"breadcrumb\":{\"@id\":\"https:\/\/petproducts.com.cn\/product\/pet-car-seat-carrier-wholesale-pet-dog-carrier-for-car\/#breadcrumb\"},\"inLanguage\":\"it-IT\",\"potentialAction\":[{\"@type\":\"ReadAction\",\"target\":[\"https:\/\/petproducts.com.cn\/product\/pet-car-seat-carrier-wholesale-pet-dog-carrier-for-car\/\"]}]},{\"@type\":\"ImageObject\",\"inLanguage\":\"it-IT\",\"@id\":\"https:\/\/petproducts.com.cn\/product\/pet-car-seat-carrier-wholesale-pet-dog-carrier-for-car\/#primaryimage\",\"url\":\"https:\/\/petproducts.com.cn\/wp-content\/uploads\/2024\/04\/pet-car-seat-carrier.webp\",\"contentUrl\":\"https:\/\/petproducts.com.cn\/wp-content\/uploads\/2024\/04\/pet-car-seat-carrier.webp\",\"width\":1000,\"height\":1000,\"caption\":\"pet car seat carrier\"},{\"@type\":\"BreadcrumbList\",\"@id\":\"https:\/\/petproducts.com.cn\/product\/pet-car-seat-carrier-wholesale-pet-dog-carrier-for-car\/#breadcrumb\",\"itemListElement\":[{\"@type\":\"ListItem\",\"position\":1,\"name\":\"HOME\",\"item\":\"https:\/\/petproducts.com.cn\/\"},{\"@type\":\"ListItem\",\"position\":2,\"name\":\"Products\",\"item\":\"https:\/\/petproducts.com.cn\/shop\/\"},{\"@type\":\"ListItem\",\"position\":3,\"name\":\"Dog Carriers &amp; Car Supplies\",\"item\":\"https:\/\/petproducts.com.cn\/product-category\/dog-carriers-car-supplies\/\"},{\"@type\":\"ListItem\",\"position\":4,\"name\":\"Pet Car Seat Carrier Wholesale Pet Dog Carrier For Car\"}]},{\"@type\":\"WebSite\",\"@id\":\"https:\/\/petproducts.com.cn\/#website\",\"url\":\"https:\/\/petproducts.com.cn\/\",\"name\":\"Petstar\",\"description\":\"Leading Pet Supplies Manufacturer &amp; OEM Pet Products Supplier\",\"publisher\":{\"@id\":\"https:\/\/petproducts.com.cn\/#organization\"},\"alternateName\":\"Petstar Pet Supplies\",\"potentialAction\":[{\"@type\":\"SearchAction\",\"target\":{\"@type\":\"EntryPoint\",\"urlTemplate\":\"https:\/\/petproducts.com.cn\/?s={search_term_string}\"},\"query-input\":{\"@type\":\"PropertyValueSpecification\",\"valueRequired\":true,\"valueName\":\"search_term_string\"}}],\"inLanguage\":\"it-IT\"},{\"@type\":\"Organization\",\"@id\":\"https:\/\/petproducts.com.cn\/#organization\",\"name\":\"Petstar\",\"url\":\"https:\/\/petproducts.com.cn\/\",\"logo\":{\"@type\":\"ImageObject\",\"inLanguage\":\"it-IT\",\"@id\":\"https:\/\/petproducts.com.cn\/#\/schema\/logo\/image\/\",\"url\":\"https:\/\/petproducts.com.cn\/wp-content\/uploads\/2020\/02\/petstar-logo.webp\",\"contentUrl\":\"https:\/\/petproducts.com.cn\/wp-content\/uploads\/2020\/02\/petstar-logo.webp\",\"width\":779,\"height\":520,\"caption\":\"Petstar\"},\"image\":{\"@id\":\"https:\/\/petproducts.com.cn\/#\/schema\/logo\/image\/\"}}]}<\/script>\n<!-- \/ Yoast SEO plugin. -->","yoast_head_json":{"title":"animale domestico seggiolino vettore | Commercio all'ingrosso Pet Dog Carrier per il gatto - Petstar","description":"Esplorate i trasportatori per auto per animali domestici, i trasportatori per seggiolini per auto per animali domestici, i trasportatori per cani per auto del produttore. La vostra soluzione commerciale ideale con Petstar.","robots":{"index":"index","follow":"follow","max-snippet":"max-snippet:-1","max-image-preview":"max-image-preview:large","max-video-preview":"max-video-preview:-1"},"canonical":"https:\/\/petproducts.com.cn\/it\/prodotto\/pet-car-seat-carrier-wholesale-pet-dog-carrier-for-car\/","og_locale":"it_IT","og_type":"article","og_title":"pet car seat carrier | Wholesale Pet Dog Carrier For Cat - Petstar","og_description":"Explore pet car carriers, pet car seat carrier, dog carrier for car from the manufacturer. Your ideal business solution with Petstar.","og_url":"https:\/\/petproducts.com.cn\/it\/prodotto\/pet-car-seat-carrier-wholesale-pet-dog-carrier-for-car\/","og_site_name":"Petstar","article_modified_time":"2024-04-16T08:31:16+00:00","og_image":[{"width":1000,"height":1000,"url":"https:\/\/petproducts.com.cn\/wp-content\/uploads\/2024\/04\/pet-car-seat-carrier.webp","type":"image\/webp"}],"twitter_card":"summary_large_image","twitter_misc":{"Tempo di lettura stimato":"1 minuto"},"schema":{"@context":"https:\/\/schema.org","@graph":[{"@type":"WebPage","@id":"https:\/\/petproducts.com.cn\/product\/pet-car-seat-carrier-wholesale-pet-dog-carrier-for-car\/","url":"https:\/\/petproducts.com.cn\/product\/pet-car-seat-carrier-wholesale-pet-dog-carrier-for-car\/","name":"animale domestico seggiolino vettore | Commercio all'ingrosso Pet Dog Carrier per il gatto - Petstar","isPartOf":{"@id":"https:\/\/petproducts.com.cn\/#website"},"primaryImageOfPage":{"@id":"https:\/\/petproducts.com.cn\/product\/pet-car-seat-carrier-wholesale-pet-dog-carrier-for-car\/#primaryimage"},"image":{"@id":"https:\/\/petproducts.com.cn\/product\/pet-car-seat-carrier-wholesale-pet-dog-carrier-for-car\/#primaryimage"},"thumbnailUrl":"https:\/\/petproducts.com.cn\/wp-content\/uploads\/2024\/04\/pet-car-seat-carrier.webp","datePublished":"2024-04-16T08:17:44+00:00","dateModified":"2024-04-16T08:31:16+00:00","description":"Esplorate i trasportatori per auto per animali domestici, i trasportatori per seggiolini per auto per animali domestici, i trasportatori per cani per auto del produttore. La vostra soluzione commerciale ideale con Petstar.","breadcrumb":{"@id":"https:\/\/petproducts.com.cn\/product\/pet-car-seat-carrier-wholesale-pet-dog-carrier-for-car\/#breadcrumb"},"inLanguage":"it-IT","potentialAction":[{"@type":"ReadAction","target":["https:\/\/petproducts.com.cn\/product\/pet-car-seat-carrier-wholesale-pet-dog-carrier-for-car\/"]}]},{"@type":"ImageObject","inLanguage":"it-IT","@id":"https:\/\/petproducts.com.cn\/product\/pet-car-seat-carrier-wholesale-pet-dog-carrier-for-car\/#primaryimage","url":"https:\/\/petproducts.com.cn\/wp-content\/uploads\/2024\/04\/pet-car-seat-carrier.webp","contentUrl":"https:\/\/petproducts.com.cn\/wp-content\/uploads\/2024\/04\/pet-car-seat-carrier.webp","width":1000,"height":1000,"caption":"pet car seat carrier"},{"@type":"BreadcrumbList","@id":"https:\/\/petproducts.com.cn\/product\/pet-car-seat-carrier-wholesale-pet-dog-carrier-for-car\/#breadcrumb","itemListElement":[{"@type":"ListItem","position":1,"name":"HOME","item":"https:\/\/petproducts.com.cn\/"},{"@type":"ListItem","position":2,"name":"Products","item":"https:\/\/petproducts.com.cn\/shop\/"},{"@type":"ListItem","position":3,"name":"Dog Carriers &amp; Car Supplies","item":"https:\/\/petproducts.com.cn\/product-category\/dog-carriers-car-supplies\/"},{"@type":"ListItem","position":4,"name":"Pet Car Seat Carrier Wholesale Pet Dog Carrier For Car"}]},{"@type":"WebSite","@id":"https:\/\/petproducts.com.cn\/#website","url":"https:\/\/petproducts.com.cn\/","name":"Petstar","description":"Produttore leader di forniture per animali domestici e fornitore di prodotti OEM per animali domestici","publisher":{"@id":"https:\/\/petproducts.com.cn\/#organization"},"alternateName":"Petstar Pet Supplies","potentialAction":[{"@type":"SearchAction","target":{"@type":"EntryPoint","urlTemplate":"https:\/\/petproducts.com.cn\/?s={search_term_string}"},"query-input":{"@type":"PropertyValueSpecification","valueRequired":true,"valueName":"search_term_string"}}],"inLanguage":"it-IT"},{"@type":"Organization","@id":"https:\/\/petproducts.com.cn\/#organization","name":"Petstar","url":"https:\/\/petproducts.com.cn\/","logo":{"@type":"ImageObject","inLanguage":"it-IT","@id":"https:\/\/petproducts.com.cn\/#\/schema\/logo\/image\/","url":"https:\/\/petproducts.com.cn\/wp-content\/uploads\/2020\/02\/petstar-logo.webp","contentUrl":"https:\/\/petproducts.com.cn\/wp-content\/uploads\/2020\/02\/petstar-logo.webp","width":779,"height":520,"caption":"Petstar"},"image":{"@id":"https:\/\/petproducts.com.cn\/#\/schema\/logo\/image\/"}}]}},"_links":{"self":[{"href":"https:\/\/petproducts.com.cn\/it\/wp-json\/wp\/v2\/product\/22176","targetHints":{"allow":["GET"]}}],"collection":[{"href":"https:\/\/petproducts.com.cn\/it\/wp-json\/wp\/v2\/product"}],"about":[{"href":"https:\/\/petproducts.com.cn\/it\/wp-json\/wp\/v2\/types\/product"}],"version-history":[{"count":1,"href":"https:\/\/petproducts.com.cn\/it\/wp-json\/wp\/v2\/product\/22176\/revisions"}],"predecessor-version":[{"id":22183,"href":"https:\/\/petproducts.com.cn\/it\/wp-json\/wp\/v2\/product\/22176\/revisions\/22183"}],"wp:featuredmedia":[{"embeddable":true,"href":"https:\/\/petproducts.com.cn\/it\/wp-json\/wp\/v2\/media\/22180"}],"wp:attachment":[{"href":"https:\/\/petproducts.com.cn\/it\/wp-json\/wp\/v2\/media?parent=22176"}],"wp:term":[{"taxonomy":"product_brand","embeddable":true,"href":"https:\/\/petproducts.com.cn\/it\/wp-json\/wp\/v2\/product_brand?post=22176"},{"taxonomy":"product_cat","embeddable":true,"href":"https:\/\/petproducts.com.cn\/it\/wp-json\/wp\/v2\/product_cat?post=22176"},{"taxonomy":"product_tag","embeddable":true,"href":"https:\/\/petproducts.com.cn\/it\/wp-json\/wp\/v2\/product_tag?post=22176"}],"curies":[{"name":"wp","href":"https:\/\/api.w.org\/{rel}","templated":true}]}}