{"id":23077,"date":"2024-05-06T05:48:39","date_gmt":"2024-05-06T05:48:39","guid":{"rendered":"https:\/\/petproducts.com.cn\/?post_type=product&#038;p=23077"},"modified":"2024-05-06T06:41:08","modified_gmt":"2024-05-06T06:41:08","slug":"bentonite-cat-litter-fragrance-free-sand-cat-litter","status":"publish","type":"product","link":"https:\/\/petproducts.com.cn\/it\/product\/bentonite-cat-litter-fragrance-free-sand-cat-litter\/","title":{"rendered":"Lettiera per gatti in bentonite Lettiera per gatti in sabbia senza profumo"},"content":{"rendered":"<h2><strong>Caratteristiche della lettiera per gatti alla bentonite<\/strong><\/h2>\n<p><strong>1. Formula della Bentonite naturale<\/strong> La nostra lettiera bentonitica per gatti \u00e8 realizzata con argilla bentonitica naturale, che offre eccellenti propriet\u00e0 di assorbimento e di agglomerazione. Questo materiale ecologico \u00e8 sicuro per il vostro gatto e per l'ambiente, per garantirvi la massima tranquillit\u00e0. Con questa lettiera per gatti a sabbia, scegliete una soluzione naturale e affidabile per le esigenze del vostro gatto.<\/p>\n<p><strong>2. Senza profumo per gatti sensibili<\/strong> Questa lettiera per gatti senza profumo \u00e8 perfetta per i gatti e per i proprietari che preferiscono un ambiente senza profumo. Non contiene fragranze artificiali o sostanze chimiche aggressive, riducendo il rischio di irritazioni. \u00c8 possibile utilizzare questa sabbia bentonitica per gatti senza preoccuparsi di profumi eccessivi in casa.<\/p>\n<p><strong>3. Polvere ridotta e tracciamento minimo<\/strong> La nostra lettiera per gatti a sabbia \u00e8 stata progettata per essere poco polverosa e creare un ambiente pi\u00f9 pulito per voi e per il vostro gatto. Riduce al minimo le particelle trasportate dall'aria, riducendo il disordine intorno alla lettiera. Questa lettiera per gatti a base di sabbia bentonitica ha anche un basso livello di tracciabilit\u00e0, mantenendo la lettiera al suo posto e lontano dai pavimenti.<\/p>\n<p><strong>4. Eccellente controllo degli odori<\/strong> Nonostante sia priva di profumo, questa lettiera per gatti offre un eccellente controllo degli odori. La sua formula unica assorbe e trattiene gli odori, mantenendo la casa fresca. Con questa lettiera per gatti a sabbia, non dovrete pi\u00f9 preoccuparvi degli odori sgradevoli provenienti dalla lettiera.<\/p>\n<p><strong>5. Agglomerato duro per una facile pulizia<\/strong> La nostra lettiera di bentonite per gatti forma grumi duri a contatto con l'umidit\u00e0, rendendola facile da raccogliere e pulire. I grumi rimangono uniti, evitando rotture e riducendo i rifiuti. Con questa lettiera per gatti priva di profumo, la pulizia della lettiera diventa un compito rapido e semplice.<\/p>\n<p><strong>6. Elevata capacit\u00e0 di assorbimento<\/strong> La lettiera a sabbia per gatti ha un'elevata capacit\u00e0 di assorbimento, assorbendo rapidamente l'umidit\u00e0 per mantenere la lettiera asciutta. Questa caratteristica contribuisce a mantenere un ambiente pulito e confortevole per il gatto. Con questa lettiera per gatti, \u00e8 possibile passare pi\u00f9 tempo tra un cambio di lettiera e l'altro.<\/p>\n<p>&nbsp;<\/p>","protected":false},"excerpt":{"rendered":"<p>Siamo un produttore di lettiere per gatti con oltre 20 anni di esperienza. Offriamo opzioni di personalizzazione per colore, dimensione, tessuto, modello, logo e altre caratteristiche.<\/p>","protected":false},"featured_media":23080,"template":"","meta":{"_acf_changed":false},"product_brand":[],"product_cat":[138,71],"product_tag":[141],"class_list":{"0":"post-23077","1":"product","2":"type-product","3":"status-publish","4":"has-post-thumbnail","6":"product_cat-cat-litter-accessories","7":"product_cat-cat-supplies","8":"product_tag-cat-litter-accessories","10":"first","11":"instock","12":"shipping-taxable","13":"product-type-simple"},"acf":[],"yoast_head":"<!-- This site is optimized with the Yoast SEO plugin v27.1.1 - https:\/\/yoast.com\/product\/yoast-seo-wordpress\/ -->\n<title>Bentonite Cat Litter Factory | Sand Cat Litter Manufacturer - Petstar<\/title>\n<meta name=\"description\" content=\"Explore bentonite cat litter, fragrance free cat litter, sand cat litter directly from the manufacturer. Your ideal business solution with Petstar.\" \/>\n<meta name=\"robots\" content=\"index, follow, max-snippet:-1, max-image-preview:large, max-video-preview:-1\" \/>\n<link rel=\"canonical\" href=\"https:\/\/petproducts.com.cn\/it\/prodotto\/bentonite-cat-litter-fragrance-free-sand-cat-litter\/\" \/>\n<meta property=\"og:locale\" content=\"it_IT\" \/>\n<meta property=\"og:type\" content=\"article\" \/>\n<meta property=\"og:title\" content=\"Bentonite Cat Litter Factory | Sand Cat Litter Manufacturer - Petstar\" \/>\n<meta property=\"og:description\" content=\"Explore bentonite cat litter, fragrance free cat litter, sand cat litter directly from the manufacturer. Your ideal business solution with Petstar.\" \/>\n<meta property=\"og:url\" content=\"https:\/\/petproducts.com.cn\/it\/prodotto\/bentonite-cat-litter-fragrance-free-sand-cat-litter\/\" \/>\n<meta property=\"og:site_name\" content=\"Petstar\" \/>\n<meta property=\"article:modified_time\" content=\"2024-05-06T06:41:08+00:00\" \/>\n<meta property=\"og:image\" content=\"https:\/\/petproducts.com.cn\/wp-content\/uploads\/2024\/05\/bentonite-cat-litter.webp\" \/>\n\t<meta property=\"og:image:width\" content=\"800\" \/>\n\t<meta property=\"og:image:height\" content=\"800\" \/>\n\t<meta property=\"og:image:type\" content=\"image\/webp\" \/>\n<meta name=\"twitter:card\" content=\"summary_large_image\" \/>\n<meta name=\"twitter:label1\" content=\"Tempo di lettura stimato\" \/>\n\t<meta name=\"twitter:data1\" content=\"2 minuti\" \/>\n<script type=\"application\/ld+json\" class=\"yoast-schema-graph\">{\"@context\":\"https:\/\/schema.org\",\"@graph\":[{\"@type\":\"WebPage\",\"@id\":\"https:\/\/petproducts.com.cn\/product\/bentonite-cat-litter-fragrance-free-sand-cat-litter\/\",\"url\":\"https:\/\/petproducts.com.cn\/product\/bentonite-cat-litter-fragrance-free-sand-cat-litter\/\",\"name\":\"Bentonite Cat Litter Factory | Sand Cat Litter Manufacturer - Petstar\",\"isPartOf\":{\"@id\":\"https:\/\/petproducts.com.cn\/#website\"},\"primaryImageOfPage\":{\"@id\":\"https:\/\/petproducts.com.cn\/product\/bentonite-cat-litter-fragrance-free-sand-cat-litter\/#primaryimage\"},\"image\":{\"@id\":\"https:\/\/petproducts.com.cn\/product\/bentonite-cat-litter-fragrance-free-sand-cat-litter\/#primaryimage\"},\"thumbnailUrl\":\"https:\/\/petproducts.com.cn\/wp-content\/uploads\/2024\/05\/bentonite-cat-litter.webp\",\"datePublished\":\"2024-05-06T05:48:39+00:00\",\"dateModified\":\"2024-05-06T06:41:08+00:00\",\"description\":\"Explore bentonite cat litter, fragrance free cat litter, sand cat litter directly from the manufacturer. Your ideal business solution with Petstar.\",\"breadcrumb\":{\"@id\":\"https:\/\/petproducts.com.cn\/product\/bentonite-cat-litter-fragrance-free-sand-cat-litter\/#breadcrumb\"},\"inLanguage\":\"it-IT\",\"potentialAction\":[{\"@type\":\"ReadAction\",\"target\":[\"https:\/\/petproducts.com.cn\/product\/bentonite-cat-litter-fragrance-free-sand-cat-litter\/\"]}]},{\"@type\":\"ImageObject\",\"inLanguage\":\"it-IT\",\"@id\":\"https:\/\/petproducts.com.cn\/product\/bentonite-cat-litter-fragrance-free-sand-cat-litter\/#primaryimage\",\"url\":\"https:\/\/petproducts.com.cn\/wp-content\/uploads\/2024\/05\/bentonite-cat-litter.webp\",\"contentUrl\":\"https:\/\/petproducts.com.cn\/wp-content\/uploads\/2024\/05\/bentonite-cat-litter.webp\",\"width\":800,\"height\":800,\"caption\":\"bentonite cat litter\"},{\"@type\":\"BreadcrumbList\",\"@id\":\"https:\/\/petproducts.com.cn\/product\/bentonite-cat-litter-fragrance-free-sand-cat-litter\/#breadcrumb\",\"itemListElement\":[{\"@type\":\"ListItem\",\"position\":1,\"name\":\"HOME\",\"item\":\"https:\/\/petproducts.com.cn\/\"},{\"@type\":\"ListItem\",\"position\":2,\"name\":\"Products\",\"item\":\"https:\/\/petproducts.com.cn\/shop\/\"},{\"@type\":\"ListItem\",\"position\":3,\"name\":\"Cat Litter &amp; Accessories\",\"item\":\"https:\/\/petproducts.com.cn\/product-category\/cat-litter-accessories\/\"},{\"@type\":\"ListItem\",\"position\":4,\"name\":\"Bentonite Cat Litter Fragrance Free Sand Cat Litter\"}]},{\"@type\":\"WebSite\",\"@id\":\"https:\/\/petproducts.com.cn\/#website\",\"url\":\"https:\/\/petproducts.com.cn\/\",\"name\":\"Petstar\",\"description\":\"Leading Pet Supplies Manufacturer &amp; OEM Pet Products Supplier\",\"publisher\":{\"@id\":\"https:\/\/petproducts.com.cn\/#organization\"},\"alternateName\":\"Petstar Pet Supplies\",\"potentialAction\":[{\"@type\":\"SearchAction\",\"target\":{\"@type\":\"EntryPoint\",\"urlTemplate\":\"https:\/\/petproducts.com.cn\/?s={search_term_string}\"},\"query-input\":{\"@type\":\"PropertyValueSpecification\",\"valueRequired\":true,\"valueName\":\"search_term_string\"}}],\"inLanguage\":\"it-IT\"},{\"@type\":\"Organization\",\"@id\":\"https:\/\/petproducts.com.cn\/#organization\",\"name\":\"Petstar\",\"url\":\"https:\/\/petproducts.com.cn\/\",\"logo\":{\"@type\":\"ImageObject\",\"inLanguage\":\"it-IT\",\"@id\":\"https:\/\/petproducts.com.cn\/#\/schema\/logo\/image\/\",\"url\":\"https:\/\/petproducts.com.cn\/wp-content\/uploads\/2020\/02\/petstar-logo.webp\",\"contentUrl\":\"https:\/\/petproducts.com.cn\/wp-content\/uploads\/2020\/02\/petstar-logo.webp\",\"width\":779,\"height\":520,\"caption\":\"Petstar\"},\"image\":{\"@id\":\"https:\/\/petproducts.com.cn\/#\/schema\/logo\/image\/\"}}]}<\/script>\n<!-- \/ Yoast SEO plugin. -->","yoast_head_json":{"title":"Bentonite Cat Litter Factory | Sand Cat Litter Manufacturer - Petstar","description":"Scoprite le lettiere per gatti alla bentonite, le lettiere per gatti senza profumo e le lettiere per gatti alla sabbia direttamente dal produttore. La vostra soluzione commerciale ideale con Petstar.","robots":{"index":"index","follow":"follow","max-snippet":"max-snippet:-1","max-image-preview":"max-image-preview:large","max-video-preview":"max-video-preview:-1"},"canonical":"https:\/\/petproducts.com.cn\/it\/prodotto\/bentonite-cat-litter-fragrance-free-sand-cat-litter\/","og_locale":"it_IT","og_type":"article","og_title":"Bentonite Cat Litter Factory | Sand Cat Litter Manufacturer - Petstar","og_description":"Explore bentonite cat litter, fragrance free cat litter, sand cat litter directly from the manufacturer. Your ideal business solution with Petstar.","og_url":"https:\/\/petproducts.com.cn\/it\/prodotto\/bentonite-cat-litter-fragrance-free-sand-cat-litter\/","og_site_name":"Petstar","article_modified_time":"2024-05-06T06:41:08+00:00","og_image":[{"width":800,"height":800,"url":"https:\/\/petproducts.com.cn\/wp-content\/uploads\/2024\/05\/bentonite-cat-litter.webp","type":"image\/webp"}],"twitter_card":"summary_large_image","twitter_misc":{"Tempo di lettura stimato":"2 minuti"},"schema":{"@context":"https:\/\/schema.org","@graph":[{"@type":"WebPage","@id":"https:\/\/petproducts.com.cn\/product\/bentonite-cat-litter-fragrance-free-sand-cat-litter\/","url":"https:\/\/petproducts.com.cn\/product\/bentonite-cat-litter-fragrance-free-sand-cat-litter\/","name":"Bentonite Cat Litter Factory | Sand Cat Litter Manufacturer - Petstar","isPartOf":{"@id":"https:\/\/petproducts.com.cn\/#website"},"primaryImageOfPage":{"@id":"https:\/\/petproducts.com.cn\/product\/bentonite-cat-litter-fragrance-free-sand-cat-litter\/#primaryimage"},"image":{"@id":"https:\/\/petproducts.com.cn\/product\/bentonite-cat-litter-fragrance-free-sand-cat-litter\/#primaryimage"},"thumbnailUrl":"https:\/\/petproducts.com.cn\/wp-content\/uploads\/2024\/05\/bentonite-cat-litter.webp","datePublished":"2024-05-06T05:48:39+00:00","dateModified":"2024-05-06T06:41:08+00:00","description":"Scoprite le lettiere per gatti alla bentonite, le lettiere per gatti senza profumo e le lettiere per gatti alla sabbia direttamente dal produttore. La vostra soluzione commerciale ideale con Petstar.","breadcrumb":{"@id":"https:\/\/petproducts.com.cn\/product\/bentonite-cat-litter-fragrance-free-sand-cat-litter\/#breadcrumb"},"inLanguage":"it-IT","potentialAction":[{"@type":"ReadAction","target":["https:\/\/petproducts.com.cn\/product\/bentonite-cat-litter-fragrance-free-sand-cat-litter\/"]}]},{"@type":"ImageObject","inLanguage":"it-IT","@id":"https:\/\/petproducts.com.cn\/product\/bentonite-cat-litter-fragrance-free-sand-cat-litter\/#primaryimage","url":"https:\/\/petproducts.com.cn\/wp-content\/uploads\/2024\/05\/bentonite-cat-litter.webp","contentUrl":"https:\/\/petproducts.com.cn\/wp-content\/uploads\/2024\/05\/bentonite-cat-litter.webp","width":800,"height":800,"caption":"bentonite cat litter"},{"@type":"BreadcrumbList","@id":"https:\/\/petproducts.com.cn\/product\/bentonite-cat-litter-fragrance-free-sand-cat-litter\/#breadcrumb","itemListElement":[{"@type":"ListItem","position":1,"name":"HOME","item":"https:\/\/petproducts.com.cn\/"},{"@type":"ListItem","position":2,"name":"Products","item":"https:\/\/petproducts.com.cn\/shop\/"},{"@type":"ListItem","position":3,"name":"Cat Litter &amp; Accessories","item":"https:\/\/petproducts.com.cn\/product-category\/cat-litter-accessories\/"},{"@type":"ListItem","position":4,"name":"Bentonite Cat Litter Fragrance Free Sand Cat Litter"}]},{"@type":"WebSite","@id":"https:\/\/petproducts.com.cn\/#website","url":"https:\/\/petproducts.com.cn\/","name":"Petstar","description":"Produttore leader di forniture per animali domestici e fornitore di prodotti OEM per animali domestici","publisher":{"@id":"https:\/\/petproducts.com.cn\/#organization"},"alternateName":"Petstar Pet Supplies","potentialAction":[{"@type":"SearchAction","target":{"@type":"EntryPoint","urlTemplate":"https:\/\/petproducts.com.cn\/?s={search_term_string}"},"query-input":{"@type":"PropertyValueSpecification","valueRequired":true,"valueName":"search_term_string"}}],"inLanguage":"it-IT"},{"@type":"Organization","@id":"https:\/\/petproducts.com.cn\/#organization","name":"Petstar","url":"https:\/\/petproducts.com.cn\/","logo":{"@type":"ImageObject","inLanguage":"it-IT","@id":"https:\/\/petproducts.com.cn\/#\/schema\/logo\/image\/","url":"https:\/\/petproducts.com.cn\/wp-content\/uploads\/2020\/02\/petstar-logo.webp","contentUrl":"https:\/\/petproducts.com.cn\/wp-content\/uploads\/2020\/02\/petstar-logo.webp","width":779,"height":520,"caption":"Petstar"},"image":{"@id":"https:\/\/petproducts.com.cn\/#\/schema\/logo\/image\/"}}]}},"_links":{"self":[{"href":"https:\/\/petproducts.com.cn\/it\/wp-json\/wp\/v2\/product\/23077","targetHints":{"allow":["GET"]}}],"collection":[{"href":"https:\/\/petproducts.com.cn\/it\/wp-json\/wp\/v2\/product"}],"about":[{"href":"https:\/\/petproducts.com.cn\/it\/wp-json\/wp\/v2\/types\/product"}],"version-history":[{"count":4,"href":"https:\/\/petproducts.com.cn\/it\/wp-json\/wp\/v2\/product\/23077\/revisions"}],"predecessor-version":[{"id":23089,"href":"https:\/\/petproducts.com.cn\/it\/wp-json\/wp\/v2\/product\/23077\/revisions\/23089"}],"wp:featuredmedia":[{"embeddable":true,"href":"https:\/\/petproducts.com.cn\/it\/wp-json\/wp\/v2\/media\/23080"}],"wp:attachment":[{"href":"https:\/\/petproducts.com.cn\/it\/wp-json\/wp\/v2\/media?parent=23077"}],"wp:term":[{"taxonomy":"product_brand","embeddable":true,"href":"https:\/\/petproducts.com.cn\/it\/wp-json\/wp\/v2\/product_brand?post=23077"},{"taxonomy":"product_cat","embeddable":true,"href":"https:\/\/petproducts.com.cn\/it\/wp-json\/wp\/v2\/product_cat?post=23077"},{"taxonomy":"product_tag","embeddable":true,"href":"https:\/\/petproducts.com.cn\/it\/wp-json\/wp\/v2\/product_tag?post=23077"}],"curies":[{"name":"wp","href":"https:\/\/api.w.org\/{rel}","templated":true}]}}