{"id":24174,"date":"2024-05-28T03:04:57","date_gmt":"2024-05-28T03:04:57","guid":{"rendered":"https:\/\/petproducts.com.cn\/?post_type=product&#038;p=24174"},"modified":"2024-05-28T03:19:39","modified_gmt":"2024-05-28T03:19:39","slug":"dog-training-pad-absorbent-pet-cat-pee-mat-45x60cm","status":"publish","type":"product","link":"https:\/\/petproducts.com.cn\/it\/product\/dog-training-pad-absorbent-pet-cat-pee-mat-45x60cm\/","title":{"rendered":"Cane formazione Pad assorbente Pet Cat Pee Mat 45X60CM"},"content":{"rendered":"<h2><strong>Caratteristiche del cuscinetto di addestramento per cani<\/strong><\/h2>\n<ol>\n<li><strong>Protezione a cinque strati<\/strong> Il nostro tappetino di addestramento per cani vanta un design avanzato a cinque strati, che garantisce la massima protezione e durata. Ogni strato ha una funzione specifica e lavora insieme per garantire un assorbimento superiore e una prevenzione delle perdite. Questa struttura multistrato \u00e8 essenziale per mantenere la casa pulita.<\/li>\n<li><strong>Assorbimento rapido<\/strong> Sarete colpiti dalla capacit\u00e0 di assorbimento rapido di questo tappetino assorbente per animali domestici. Lo strato superiore \u00e8 stato appositamente progettato per assorbire rapidamente l'umidit\u00e0, mantenendo la superficie asciutta e confortevole per l'animale. Questa caratteristica di asciugatura rapida aiuta a prevenire le tracce e a mantenere la pulizia.<\/li>\n<li><strong>Design a prova di perdite<\/strong> Il nostro tappetino per pip\u00ec di gatto ha un design a prova di perdite, per garantire la massima tranquillit\u00e0. La struttura multistrato trattiene efficacemente il liquido, impedendo fuoriuscite o pasticci. Questo rende il tappetino ideale per l'uso notturno, durante i viaggi o per gli animali domestici con problemi di incontinenza.<\/li>\n<li><strong>Smaltimento facile<\/strong> Questi tappetini di addestramento sono facili da smaltire dopo l'uso. I materiali sono progettati per rimanere uniti senza strapparsi, rendendo la pulizia rapida e senza problemi. \u00c8 sufficiente piegare il tappetino e gettarlo via, e il gioco \u00e8 fatto. Questa comodit\u00e0 consente di risparmiare tempo e fatica nella manutenzione della casa.<\/li>\n<\/ol>","protected":false},"excerpt":{"rendered":"<p>Siamo un produttore di prodotti per la pulizia degli animali domestici con oltre 20 anni di esperienza. Offriamo opzioni di personalizzazione per colore, dimensione, tessuto, motivo, logo e altre caratteristiche.<\/p>","protected":false},"featured_media":24182,"template":"","meta":{"_acf_changed":false},"product_brand":[],"product_cat":[137,71,136,72],"product_tag":[139,140],"class_list":{"0":"post-24174","1":"product","2":"type-product","3":"status-publish","4":"has-post-thumbnail","6":"product_cat-cat-grooming-cleaning-supplies","7":"product_cat-cat-supplies","8":"product_cat-dog-grooming-cleaning-supplies","9":"product_cat-dog-supplies","10":"product_tag-cat-grooming-cleaning-supplies","11":"product_tag-dog-grooming-cleaning-supplies","13":"first","14":"instock","15":"shipping-taxable","16":"product-type-simple"},"acf":[],"yoast_head":"<!-- This site is optimized with the Yoast SEO plugin v27.1.1 - https:\/\/yoast.com\/product\/yoast-seo-wordpress\/ -->\n<title>Dog Training Pad Factory | Cat Pee Mat Manufacturer - Petstar<\/title>\n<meta name=\"description\" content=\"Explore dog training pad, cat pee mat, absorbent pet mat directly from the manufacturer. Your ideal business solution with Petstar.\" \/>\n<meta name=\"robots\" content=\"index, follow, max-snippet:-1, max-image-preview:large, max-video-preview:-1\" \/>\n<link rel=\"canonical\" href=\"https:\/\/petproducts.com.cn\/it\/prodotto\/dog-training-pad-absorbent-pet-cat-pee-mat-45x60cm\/\" \/>\n<meta property=\"og:locale\" content=\"it_IT\" \/>\n<meta property=\"og:type\" content=\"article\" \/>\n<meta property=\"og:title\" content=\"Dog Training Pad Factory | Cat Pee Mat Manufacturer - Petstar\" \/>\n<meta property=\"og:description\" content=\"Explore dog training pad, cat pee mat, absorbent pet mat directly from the manufacturer. Your ideal business solution with Petstar.\" \/>\n<meta property=\"og:url\" content=\"https:\/\/petproducts.com.cn\/it\/prodotto\/dog-training-pad-absorbent-pet-cat-pee-mat-45x60cm\/\" \/>\n<meta property=\"og:site_name\" content=\"Petstar\" \/>\n<meta property=\"article:modified_time\" content=\"2024-05-28T03:19:39+00:00\" \/>\n<meta property=\"og:image\" content=\"https:\/\/petproducts.com.cn\/wp-content\/uploads\/2024\/05\/dog-training-pad.webp\" \/>\n\t<meta property=\"og:image:width\" content=\"800\" \/>\n\t<meta property=\"og:image:height\" content=\"800\" \/>\n\t<meta property=\"og:image:type\" content=\"image\/webp\" \/>\n<meta name=\"twitter:card\" content=\"summary_large_image\" \/>\n<meta name=\"twitter:label1\" content=\"Tempo di lettura stimato\" \/>\n\t<meta name=\"twitter:data1\" content=\"2 minuti\" \/>\n<script type=\"application\/ld+json\" class=\"yoast-schema-graph\">{\"@context\":\"https:\/\/schema.org\",\"@graph\":[{\"@type\":\"WebPage\",\"@id\":\"https:\/\/petproducts.com.cn\/product\/dog-training-pad-absorbent-pet-cat-pee-mat-45x60cm\/\",\"url\":\"https:\/\/petproducts.com.cn\/product\/dog-training-pad-absorbent-pet-cat-pee-mat-45x60cm\/\",\"name\":\"Dog Training Pad Factory | Cat Pee Mat Manufacturer - Petstar\",\"isPartOf\":{\"@id\":\"https:\/\/petproducts.com.cn\/#website\"},\"primaryImageOfPage\":{\"@id\":\"https:\/\/petproducts.com.cn\/product\/dog-training-pad-absorbent-pet-cat-pee-mat-45x60cm\/#primaryimage\"},\"image\":{\"@id\":\"https:\/\/petproducts.com.cn\/product\/dog-training-pad-absorbent-pet-cat-pee-mat-45x60cm\/#primaryimage\"},\"thumbnailUrl\":\"https:\/\/petproducts.com.cn\/wp-content\/uploads\/2024\/05\/dog-training-pad.webp\",\"datePublished\":\"2024-05-28T03:04:57+00:00\",\"dateModified\":\"2024-05-28T03:19:39+00:00\",\"description\":\"Explore dog training pad, cat pee mat, absorbent pet mat directly from the manufacturer. Your ideal business solution with Petstar.\",\"breadcrumb\":{\"@id\":\"https:\/\/petproducts.com.cn\/product\/dog-training-pad-absorbent-pet-cat-pee-mat-45x60cm\/#breadcrumb\"},\"inLanguage\":\"it-IT\",\"potentialAction\":[{\"@type\":\"ReadAction\",\"target\":[\"https:\/\/petproducts.com.cn\/product\/dog-training-pad-absorbent-pet-cat-pee-mat-45x60cm\/\"]}]},{\"@type\":\"ImageObject\",\"inLanguage\":\"it-IT\",\"@id\":\"https:\/\/petproducts.com.cn\/product\/dog-training-pad-absorbent-pet-cat-pee-mat-45x60cm\/#primaryimage\",\"url\":\"https:\/\/petproducts.com.cn\/wp-content\/uploads\/2024\/05\/dog-training-pad.webp\",\"contentUrl\":\"https:\/\/petproducts.com.cn\/wp-content\/uploads\/2024\/05\/dog-training-pad.webp\",\"width\":800,\"height\":800,\"caption\":\"dog training pad\"},{\"@type\":\"BreadcrumbList\",\"@id\":\"https:\/\/petproducts.com.cn\/product\/dog-training-pad-absorbent-pet-cat-pee-mat-45x60cm\/#breadcrumb\",\"itemListElement\":[{\"@type\":\"ListItem\",\"position\":1,\"name\":\"HOME\",\"item\":\"https:\/\/petproducts.com.cn\/\"},{\"@type\":\"ListItem\",\"position\":2,\"name\":\"Products\",\"item\":\"https:\/\/petproducts.com.cn\/shop\/\"},{\"@type\":\"ListItem\",\"position\":3,\"name\":\"Dog Grooming &amp; Cleaning Supplies\",\"item\":\"https:\/\/petproducts.com.cn\/product-category\/dog-grooming-cleaning-supplies\/\"},{\"@type\":\"ListItem\",\"position\":4,\"name\":\"Dog Training Pad Absorbent Pet Cat Pee Mat 45X60CM\"}]},{\"@type\":\"WebSite\",\"@id\":\"https:\/\/petproducts.com.cn\/#website\",\"url\":\"https:\/\/petproducts.com.cn\/\",\"name\":\"Petstar\",\"description\":\"Leading Pet Supplies Manufacturer &amp; OEM Pet Products Supplier\",\"publisher\":{\"@id\":\"https:\/\/petproducts.com.cn\/#organization\"},\"alternateName\":\"Petstar Pet Supplies\",\"potentialAction\":[{\"@type\":\"SearchAction\",\"target\":{\"@type\":\"EntryPoint\",\"urlTemplate\":\"https:\/\/petproducts.com.cn\/?s={search_term_string}\"},\"query-input\":{\"@type\":\"PropertyValueSpecification\",\"valueRequired\":true,\"valueName\":\"search_term_string\"}}],\"inLanguage\":\"it-IT\"},{\"@type\":\"Organization\",\"@id\":\"https:\/\/petproducts.com.cn\/#organization\",\"name\":\"Petstar\",\"url\":\"https:\/\/petproducts.com.cn\/\",\"logo\":{\"@type\":\"ImageObject\",\"inLanguage\":\"it-IT\",\"@id\":\"https:\/\/petproducts.com.cn\/#\/schema\/logo\/image\/\",\"url\":\"https:\/\/petproducts.com.cn\/wp-content\/uploads\/2020\/02\/petstar-logo.webp\",\"contentUrl\":\"https:\/\/petproducts.com.cn\/wp-content\/uploads\/2020\/02\/petstar-logo.webp\",\"width\":779,\"height\":520,\"caption\":\"Petstar\"},\"image\":{\"@id\":\"https:\/\/petproducts.com.cn\/#\/schema\/logo\/image\/\"}}]}<\/script>\n<!-- \/ Yoast SEO plugin. -->","yoast_head_json":{"title":"Dog Training Pad Factory | Cat Pee Mat Fornitore - Petstar","description":"Esplorate il tappetino per l'addestramento del cane, il tappetino per la pip\u00ec del gatto, il tappetino assorbente per animali domestici direttamente dal produttore. La vostra soluzione commerciale ideale con Petstar.","robots":{"index":"index","follow":"follow","max-snippet":"max-snippet:-1","max-image-preview":"max-image-preview:large","max-video-preview":"max-video-preview:-1"},"canonical":"https:\/\/petproducts.com.cn\/it\/prodotto\/dog-training-pad-absorbent-pet-cat-pee-mat-45x60cm\/","og_locale":"it_IT","og_type":"article","og_title":"Dog Training Pad Factory | Cat Pee Mat Manufacturer - Petstar","og_description":"Explore dog training pad, cat pee mat, absorbent pet mat directly from the manufacturer. Your ideal business solution with Petstar.","og_url":"https:\/\/petproducts.com.cn\/it\/prodotto\/dog-training-pad-absorbent-pet-cat-pee-mat-45x60cm\/","og_site_name":"Petstar","article_modified_time":"2024-05-28T03:19:39+00:00","og_image":[{"width":800,"height":800,"url":"https:\/\/petproducts.com.cn\/wp-content\/uploads\/2024\/05\/dog-training-pad.webp","type":"image\/webp"}],"twitter_card":"summary_large_image","twitter_misc":{"Tempo di lettura stimato":"2 minuti"},"schema":{"@context":"https:\/\/schema.org","@graph":[{"@type":"WebPage","@id":"https:\/\/petproducts.com.cn\/product\/dog-training-pad-absorbent-pet-cat-pee-mat-45x60cm\/","url":"https:\/\/petproducts.com.cn\/product\/dog-training-pad-absorbent-pet-cat-pee-mat-45x60cm\/","name":"Dog Training Pad Factory | Cat Pee Mat Fornitore - Petstar","isPartOf":{"@id":"https:\/\/petproducts.com.cn\/#website"},"primaryImageOfPage":{"@id":"https:\/\/petproducts.com.cn\/product\/dog-training-pad-absorbent-pet-cat-pee-mat-45x60cm\/#primaryimage"},"image":{"@id":"https:\/\/petproducts.com.cn\/product\/dog-training-pad-absorbent-pet-cat-pee-mat-45x60cm\/#primaryimage"},"thumbnailUrl":"https:\/\/petproducts.com.cn\/wp-content\/uploads\/2024\/05\/dog-training-pad.webp","datePublished":"2024-05-28T03:04:57+00:00","dateModified":"2024-05-28T03:19:39+00:00","description":"Esplorate il tappetino per l'addestramento del cane, il tappetino per la pip\u00ec del gatto, il tappetino assorbente per animali domestici direttamente dal produttore. La vostra soluzione commerciale ideale con Petstar.","breadcrumb":{"@id":"https:\/\/petproducts.com.cn\/product\/dog-training-pad-absorbent-pet-cat-pee-mat-45x60cm\/#breadcrumb"},"inLanguage":"it-IT","potentialAction":[{"@type":"ReadAction","target":["https:\/\/petproducts.com.cn\/product\/dog-training-pad-absorbent-pet-cat-pee-mat-45x60cm\/"]}]},{"@type":"ImageObject","inLanguage":"it-IT","@id":"https:\/\/petproducts.com.cn\/product\/dog-training-pad-absorbent-pet-cat-pee-mat-45x60cm\/#primaryimage","url":"https:\/\/petproducts.com.cn\/wp-content\/uploads\/2024\/05\/dog-training-pad.webp","contentUrl":"https:\/\/petproducts.com.cn\/wp-content\/uploads\/2024\/05\/dog-training-pad.webp","width":800,"height":800,"caption":"dog training pad"},{"@type":"BreadcrumbList","@id":"https:\/\/petproducts.com.cn\/product\/dog-training-pad-absorbent-pet-cat-pee-mat-45x60cm\/#breadcrumb","itemListElement":[{"@type":"ListItem","position":1,"name":"HOME","item":"https:\/\/petproducts.com.cn\/"},{"@type":"ListItem","position":2,"name":"Products","item":"https:\/\/petproducts.com.cn\/shop\/"},{"@type":"ListItem","position":3,"name":"Dog Grooming &amp; Cleaning Supplies","item":"https:\/\/petproducts.com.cn\/product-category\/dog-grooming-cleaning-supplies\/"},{"@type":"ListItem","position":4,"name":"Dog Training Pad Absorbent Pet Cat Pee Mat 45X60CM"}]},{"@type":"WebSite","@id":"https:\/\/petproducts.com.cn\/#website","url":"https:\/\/petproducts.com.cn\/","name":"Petstar","description":"Produttore leader di forniture per animali domestici e fornitore di prodotti OEM per animali domestici","publisher":{"@id":"https:\/\/petproducts.com.cn\/#organization"},"alternateName":"Petstar Pet Supplies","potentialAction":[{"@type":"SearchAction","target":{"@type":"EntryPoint","urlTemplate":"https:\/\/petproducts.com.cn\/?s={search_term_string}"},"query-input":{"@type":"PropertyValueSpecification","valueRequired":true,"valueName":"search_term_string"}}],"inLanguage":"it-IT"},{"@type":"Organization","@id":"https:\/\/petproducts.com.cn\/#organization","name":"Petstar","url":"https:\/\/petproducts.com.cn\/","logo":{"@type":"ImageObject","inLanguage":"it-IT","@id":"https:\/\/petproducts.com.cn\/#\/schema\/logo\/image\/","url":"https:\/\/petproducts.com.cn\/wp-content\/uploads\/2020\/02\/petstar-logo.webp","contentUrl":"https:\/\/petproducts.com.cn\/wp-content\/uploads\/2020\/02\/petstar-logo.webp","width":779,"height":520,"caption":"Petstar"},"image":{"@id":"https:\/\/petproducts.com.cn\/#\/schema\/logo\/image\/"}}]}},"_links":{"self":[{"href":"https:\/\/petproducts.com.cn\/it\/wp-json\/wp\/v2\/product\/24174","targetHints":{"allow":["GET"]}}],"collection":[{"href":"https:\/\/petproducts.com.cn\/it\/wp-json\/wp\/v2\/product"}],"about":[{"href":"https:\/\/petproducts.com.cn\/it\/wp-json\/wp\/v2\/types\/product"}],"version-history":[{"count":2,"href":"https:\/\/petproducts.com.cn\/it\/wp-json\/wp\/v2\/product\/24174\/revisions"}],"predecessor-version":[{"id":24176,"href":"https:\/\/petproducts.com.cn\/it\/wp-json\/wp\/v2\/product\/24174\/revisions\/24176"}],"wp:featuredmedia":[{"embeddable":true,"href":"https:\/\/petproducts.com.cn\/it\/wp-json\/wp\/v2\/media\/24182"}],"wp:attachment":[{"href":"https:\/\/petproducts.com.cn\/it\/wp-json\/wp\/v2\/media?parent=24174"}],"wp:term":[{"taxonomy":"product_brand","embeddable":true,"href":"https:\/\/petproducts.com.cn\/it\/wp-json\/wp\/v2\/product_brand?post=24174"},{"taxonomy":"product_cat","embeddable":true,"href":"https:\/\/petproducts.com.cn\/it\/wp-json\/wp\/v2\/product_cat?post=24174"},{"taxonomy":"product_tag","embeddable":true,"href":"https:\/\/petproducts.com.cn\/it\/wp-json\/wp\/v2\/product_tag?post=24174"}],"curies":[{"name":"wp","href":"https:\/\/api.w.org\/{rel}","templated":true}]}}