{"id":24209,"date":"2024-05-28T07:17:02","date_gmt":"2024-05-28T07:17:02","guid":{"rendered":"https:\/\/petproducts.com.cn\/?post_type=product&#038;p=24209"},"modified":"2024-09-05T02:05:59","modified_gmt":"2024-09-05T02:05:59","slug":"latex-dolphin-dog-toy-customize-banana-shape-pet-chew-toys","status":"publish","type":"product","link":"https:\/\/petproducts.com.cn\/it\/product\/latex-dolphin-dog-toy-customize-banana-shape-pet-chew-toys\/","title":{"rendered":"Giocattolo per cani delfino in lattice Personalizza la forma a banana Giocattoli da masticare per animali domestici"},"content":{"rendered":"<h2>Caratteristiche del giocattolo per cani Delfino in lattice<\/h2>\n<p>Come fabbrica specializzata, ci concentriamo sulla creazione di giocattoli per animali domestici di alta qualit\u00e0, sicuri e divertenti. Il nostro <strong>Giocattolo per cani delfino in lattice Personalizza la forma a banana Giocattoli da masticare per animali domestici<\/strong> sono progettati per deliziare i cani con le loro forme simpatiche e realistiche.<\/p>\n<p><strong>Caratteristiche del prodotto:<\/strong><\/p>\n<ol>\n<li><strong>Design adorabile e realistico<\/strong>. Questo giocattolo \u00e8 caratterizzato da un'affascinante forma di delfino e da un divertente design a banana che cattura l'attenzione del cane e offre ore di divertimento.<\/li>\n<li><strong>Materiale di alta qualit\u00e0<\/strong>. Realizzato in lattice di prima qualit\u00e0, questo giocattolo \u00e8 sicuro da masticare per i cani ed \u00e8 costruito per resistere a un gioco vigoroso.<\/li>\n<li><strong>Dimensione ideale<\/strong>. Con le sue dimensioni di 12X15,5X10,5 cm, questo giocattolo \u00e8 perfetto per cani di varie taglie e offre un equilibrio ottimale tra dimensioni e masticabilit\u00e0.<\/li>\n<li><strong>Servizi OEM\/ODM<\/strong>. Accettiamo ordini OEM e ODM, che consentono di realizzare progetti personalizzati per soddisfare esigenze e preferenze specifiche.<\/li>\n<li><strong>Video e foto gratuiti<\/strong>. Forniamo servizi video e fotografici gratuiti per supportare la presentazione dei vostri prodotti e le vostre iniziative di marketing.<\/li>\n<li><strong>Design dell'imballaggio per scatole a colori<\/strong>. Il nostro design professionale del packaging garantisce che il vostro prodotto si distingua sugli scaffali dei negozi.<\/li>\n<li><strong>Servizio di approvvigionamento unico<\/strong>. Offriamo un servizio di sourcing completo, garantendo un processo di evasione degli ordini efficiente e senza soluzione di continuit\u00e0.<\/li>\n<\/ol>\n<p><strong>I nostri vantaggi:<\/strong><\/p>\n<ul>\n<li><strong>Vasta esperienza<\/strong>: Con anni di esperienza nella produzione, forniamo i principali rivenditori globali come Walmart, Carrefour e Kmart.<\/li>\n<li><strong>Garanzia di qualit\u00e0<\/strong>: Le nostre rigorose misure di controllo della qualit\u00e0 garantiscono che ogni prodotto soddisfi i pi\u00f9 elevati standard di sicurezza e durata.<\/li>\n<li><strong>Spedizione globale<\/strong>: Forniamo servizi logistici rapidi e affidabili, garantendo consegne tempestive in tutto il mondo.<\/li>\n<\/ul>","protected":false},"excerpt":{"rendered":"<p>Siamo un giocattolo in lattice per cani delfino, produttore di giocattoli per animali domestici banana con pi\u00f9 di 20 anni di esperienza. Offriamo opzioni di personalizzazione per colore, dimensione, tessuto, modello, logo e altre caratteristiche.<\/p>","protected":false},"featured_media":24214,"template":"","meta":{"_acf_changed":false},"product_brand":[],"product_cat":[72,48],"product_tag":[223,238],"class_list":{"0":"post-24209","1":"product","2":"type-product","3":"status-publish","4":"has-post-thumbnail","6":"product_cat-dog-supplies","7":"product_cat-dog-toys","8":"product_tag-dog-chew-toys","9":"product_tag-latex-dog-toys","11":"first","12":"instock","13":"shipping-taxable","14":"product-type-simple"},"acf":[],"yoast_head":"<!-- This site is optimized with the Yoast SEO plugin v27.1.1 - https:\/\/yoast.com\/product\/yoast-seo-wordpress\/ -->\n<title>latex dolphin dog toy | Customize Banana Pet Toys - Petstar<\/title>\n<meta name=\"description\" content=\"Explore latex dolphin dog toy, banana pet toy, pet chew toys from the manufacturer. Your ideal business solution with Petstar.\" \/>\n<meta name=\"robots\" content=\"index, follow, max-snippet:-1, max-image-preview:large, max-video-preview:-1\" \/>\n<link rel=\"canonical\" href=\"https:\/\/petproducts.com.cn\/it\/prodotto\/latex-dolphin-dog-toy-customize-banana-shape-pet-chew-toys\/\" \/>\n<meta property=\"og:locale\" content=\"it_IT\" \/>\n<meta property=\"og:type\" content=\"article\" \/>\n<meta property=\"og:title\" content=\"latex dolphin dog toy | Customize Banana Pet Toys - Petstar\" \/>\n<meta property=\"og:description\" content=\"Explore latex dolphin dog toy, banana pet toy, pet chew toys from the manufacturer. Your ideal business solution with Petstar.\" \/>\n<meta property=\"og:url\" content=\"https:\/\/petproducts.com.cn\/it\/prodotto\/latex-dolphin-dog-toy-customize-banana-shape-pet-chew-toys\/\" \/>\n<meta property=\"og:site_name\" content=\"Petstar\" \/>\n<meta property=\"article:modified_time\" content=\"2024-09-05T02:05:59+00:00\" \/>\n<meta property=\"og:image\" content=\"https:\/\/petproducts.com.cn\/wp-content\/uploads\/2024\/05\/latex-dolphin-dog-toy.webp\" \/>\n\t<meta property=\"og:image:width\" content=\"1000\" \/>\n\t<meta property=\"og:image:height\" content=\"1000\" \/>\n\t<meta property=\"og:image:type\" content=\"image\/webp\" \/>\n<meta name=\"twitter:card\" content=\"summary_large_image\" \/>\n<meta name=\"twitter:label1\" content=\"Tempo di lettura stimato\" \/>\n\t<meta name=\"twitter:data1\" content=\"2 minuti\" \/>\n<script type=\"application\/ld+json\" class=\"yoast-schema-graph\">{\"@context\":\"https:\/\/schema.org\",\"@graph\":[{\"@type\":\"WebPage\",\"@id\":\"https:\/\/petproducts.com.cn\/product\/latex-dolphin-dog-toy-customize-banana-shape-pet-chew-toys\/\",\"url\":\"https:\/\/petproducts.com.cn\/product\/latex-dolphin-dog-toy-customize-banana-shape-pet-chew-toys\/\",\"name\":\"latex dolphin dog toy | Customize Banana Pet Toys - Petstar\",\"isPartOf\":{\"@id\":\"https:\/\/petproducts.com.cn\/#website\"},\"primaryImageOfPage\":{\"@id\":\"https:\/\/petproducts.com.cn\/product\/latex-dolphin-dog-toy-customize-banana-shape-pet-chew-toys\/#primaryimage\"},\"image\":{\"@id\":\"https:\/\/petproducts.com.cn\/product\/latex-dolphin-dog-toy-customize-banana-shape-pet-chew-toys\/#primaryimage\"},\"thumbnailUrl\":\"https:\/\/petproducts.com.cn\/wp-content\/uploads\/2024\/05\/latex-dolphin-dog-toy.webp\",\"datePublished\":\"2024-05-28T07:17:02+00:00\",\"dateModified\":\"2024-09-05T02:05:59+00:00\",\"description\":\"Explore latex dolphin dog toy, banana pet toy, pet chew toys from the manufacturer. Your ideal business solution with Petstar.\",\"breadcrumb\":{\"@id\":\"https:\/\/petproducts.com.cn\/product\/latex-dolphin-dog-toy-customize-banana-shape-pet-chew-toys\/#breadcrumb\"},\"inLanguage\":\"it-IT\",\"potentialAction\":[{\"@type\":\"ReadAction\",\"target\":[\"https:\/\/petproducts.com.cn\/product\/latex-dolphin-dog-toy-customize-banana-shape-pet-chew-toys\/\"]}]},{\"@type\":\"ImageObject\",\"inLanguage\":\"it-IT\",\"@id\":\"https:\/\/petproducts.com.cn\/product\/latex-dolphin-dog-toy-customize-banana-shape-pet-chew-toys\/#primaryimage\",\"url\":\"https:\/\/petproducts.com.cn\/wp-content\/uploads\/2024\/05\/latex-dolphin-dog-toy.webp\",\"contentUrl\":\"https:\/\/petproducts.com.cn\/wp-content\/uploads\/2024\/05\/latex-dolphin-dog-toy.webp\",\"width\":1000,\"height\":1000,\"caption\":\"latex dolphin dog toy\"},{\"@type\":\"BreadcrumbList\",\"@id\":\"https:\/\/petproducts.com.cn\/product\/latex-dolphin-dog-toy-customize-banana-shape-pet-chew-toys\/#breadcrumb\",\"itemListElement\":[{\"@type\":\"ListItem\",\"position\":1,\"name\":\"HOME\",\"item\":\"https:\/\/petproducts.com.cn\/\"},{\"@type\":\"ListItem\",\"position\":2,\"name\":\"Products\",\"item\":\"https:\/\/petproducts.com.cn\/shop\/\"},{\"@type\":\"ListItem\",\"position\":3,\"name\":\"Dog Toys\",\"item\":\"https:\/\/petproducts.com.cn\/product-category\/dog-toys\/\"},{\"@type\":\"ListItem\",\"position\":4,\"name\":\"Latex Dolphin Dog Toy Customize Banana Shape Pet Chew Toys\"}]},{\"@type\":\"WebSite\",\"@id\":\"https:\/\/petproducts.com.cn\/#website\",\"url\":\"https:\/\/petproducts.com.cn\/\",\"name\":\"Petstar\",\"description\":\"Leading Pet Supplies Manufacturer &amp; OEM Pet Products Supplier\",\"publisher\":{\"@id\":\"https:\/\/petproducts.com.cn\/#organization\"},\"alternateName\":\"Petstar Pet Supplies\",\"potentialAction\":[{\"@type\":\"SearchAction\",\"target\":{\"@type\":\"EntryPoint\",\"urlTemplate\":\"https:\/\/petproducts.com.cn\/?s={search_term_string}\"},\"query-input\":{\"@type\":\"PropertyValueSpecification\",\"valueRequired\":true,\"valueName\":\"search_term_string\"}}],\"inLanguage\":\"it-IT\"},{\"@type\":\"Organization\",\"@id\":\"https:\/\/petproducts.com.cn\/#organization\",\"name\":\"Petstar\",\"url\":\"https:\/\/petproducts.com.cn\/\",\"logo\":{\"@type\":\"ImageObject\",\"inLanguage\":\"it-IT\",\"@id\":\"https:\/\/petproducts.com.cn\/#\/schema\/logo\/image\/\",\"url\":\"https:\/\/petproducts.com.cn\/wp-content\/uploads\/2020\/02\/petstar-logo.webp\",\"contentUrl\":\"https:\/\/petproducts.com.cn\/wp-content\/uploads\/2020\/02\/petstar-logo.webp\",\"width\":779,\"height\":520,\"caption\":\"Petstar\"},\"image\":{\"@id\":\"https:\/\/petproducts.com.cn\/#\/schema\/logo\/image\/\"}}]}<\/script>\n<!-- \/ Yoast SEO plugin. -->","yoast_head_json":{"title":"giocattolo in lattice per cani delfino | Personalizza Banana Pet Toys - Petstar","description":"Esplorate il giocattolo in lattice del delfino per cani, il giocattolo in banana per animali domestici, i giocattoli da masticare per animali domestici del produttore. La vostra soluzione commerciale ideale con Petstar.","robots":{"index":"index","follow":"follow","max-snippet":"max-snippet:-1","max-image-preview":"max-image-preview:large","max-video-preview":"max-video-preview:-1"},"canonical":"https:\/\/petproducts.com.cn\/it\/prodotto\/latex-dolphin-dog-toy-customize-banana-shape-pet-chew-toys\/","og_locale":"it_IT","og_type":"article","og_title":"latex dolphin dog toy | Customize Banana Pet Toys - Petstar","og_description":"Explore latex dolphin dog toy, banana pet toy, pet chew toys from the manufacturer. Your ideal business solution with Petstar.","og_url":"https:\/\/petproducts.com.cn\/it\/prodotto\/latex-dolphin-dog-toy-customize-banana-shape-pet-chew-toys\/","og_site_name":"Petstar","article_modified_time":"2024-09-05T02:05:59+00:00","og_image":[{"width":1000,"height":1000,"url":"https:\/\/petproducts.com.cn\/wp-content\/uploads\/2024\/05\/latex-dolphin-dog-toy.webp","type":"image\/webp"}],"twitter_card":"summary_large_image","twitter_misc":{"Tempo di lettura stimato":"2 minuti"},"schema":{"@context":"https:\/\/schema.org","@graph":[{"@type":"WebPage","@id":"https:\/\/petproducts.com.cn\/product\/latex-dolphin-dog-toy-customize-banana-shape-pet-chew-toys\/","url":"https:\/\/petproducts.com.cn\/product\/latex-dolphin-dog-toy-customize-banana-shape-pet-chew-toys\/","name":"giocattolo in lattice per cani delfino | Personalizza Banana Pet Toys - Petstar","isPartOf":{"@id":"https:\/\/petproducts.com.cn\/#website"},"primaryImageOfPage":{"@id":"https:\/\/petproducts.com.cn\/product\/latex-dolphin-dog-toy-customize-banana-shape-pet-chew-toys\/#primaryimage"},"image":{"@id":"https:\/\/petproducts.com.cn\/product\/latex-dolphin-dog-toy-customize-banana-shape-pet-chew-toys\/#primaryimage"},"thumbnailUrl":"https:\/\/petproducts.com.cn\/wp-content\/uploads\/2024\/05\/latex-dolphin-dog-toy.webp","datePublished":"2024-05-28T07:17:02+00:00","dateModified":"2024-09-05T02:05:59+00:00","description":"Esplorate il giocattolo in lattice del delfino per cani, il giocattolo in banana per animali domestici, i giocattoli da masticare per animali domestici del produttore. La vostra soluzione commerciale ideale con Petstar.","breadcrumb":{"@id":"https:\/\/petproducts.com.cn\/product\/latex-dolphin-dog-toy-customize-banana-shape-pet-chew-toys\/#breadcrumb"},"inLanguage":"it-IT","potentialAction":[{"@type":"ReadAction","target":["https:\/\/petproducts.com.cn\/product\/latex-dolphin-dog-toy-customize-banana-shape-pet-chew-toys\/"]}]},{"@type":"ImageObject","inLanguage":"it-IT","@id":"https:\/\/petproducts.com.cn\/product\/latex-dolphin-dog-toy-customize-banana-shape-pet-chew-toys\/#primaryimage","url":"https:\/\/petproducts.com.cn\/wp-content\/uploads\/2024\/05\/latex-dolphin-dog-toy.webp","contentUrl":"https:\/\/petproducts.com.cn\/wp-content\/uploads\/2024\/05\/latex-dolphin-dog-toy.webp","width":1000,"height":1000,"caption":"latex dolphin dog toy"},{"@type":"BreadcrumbList","@id":"https:\/\/petproducts.com.cn\/product\/latex-dolphin-dog-toy-customize-banana-shape-pet-chew-toys\/#breadcrumb","itemListElement":[{"@type":"ListItem","position":1,"name":"HOME","item":"https:\/\/petproducts.com.cn\/"},{"@type":"ListItem","position":2,"name":"Products","item":"https:\/\/petproducts.com.cn\/shop\/"},{"@type":"ListItem","position":3,"name":"Dog Toys","item":"https:\/\/petproducts.com.cn\/product-category\/dog-toys\/"},{"@type":"ListItem","position":4,"name":"Latex Dolphin Dog Toy Customize Banana Shape Pet Chew Toys"}]},{"@type":"WebSite","@id":"https:\/\/petproducts.com.cn\/#website","url":"https:\/\/petproducts.com.cn\/","name":"Petstar","description":"Produttore leader di forniture per animali domestici e fornitore di prodotti OEM per animali domestici","publisher":{"@id":"https:\/\/petproducts.com.cn\/#organization"},"alternateName":"Petstar Pet Supplies","potentialAction":[{"@type":"SearchAction","target":{"@type":"EntryPoint","urlTemplate":"https:\/\/petproducts.com.cn\/?s={search_term_string}"},"query-input":{"@type":"PropertyValueSpecification","valueRequired":true,"valueName":"search_term_string"}}],"inLanguage":"it-IT"},{"@type":"Organization","@id":"https:\/\/petproducts.com.cn\/#organization","name":"Petstar","url":"https:\/\/petproducts.com.cn\/","logo":{"@type":"ImageObject","inLanguage":"it-IT","@id":"https:\/\/petproducts.com.cn\/#\/schema\/logo\/image\/","url":"https:\/\/petproducts.com.cn\/wp-content\/uploads\/2020\/02\/petstar-logo.webp","contentUrl":"https:\/\/petproducts.com.cn\/wp-content\/uploads\/2020\/02\/petstar-logo.webp","width":779,"height":520,"caption":"Petstar"},"image":{"@id":"https:\/\/petproducts.com.cn\/#\/schema\/logo\/image\/"}}]}},"_links":{"self":[{"href":"https:\/\/petproducts.com.cn\/it\/wp-json\/wp\/v2\/product\/24209","targetHints":{"allow":["GET"]}}],"collection":[{"href":"https:\/\/petproducts.com.cn\/it\/wp-json\/wp\/v2\/product"}],"about":[{"href":"https:\/\/petproducts.com.cn\/it\/wp-json\/wp\/v2\/types\/product"}],"version-history":[{"count":1,"href":"https:\/\/petproducts.com.cn\/it\/wp-json\/wp\/v2\/product\/24209\/revisions"}],"predecessor-version":[{"id":24228,"href":"https:\/\/petproducts.com.cn\/it\/wp-json\/wp\/v2\/product\/24209\/revisions\/24228"}],"wp:featuredmedia":[{"embeddable":true,"href":"https:\/\/petproducts.com.cn\/it\/wp-json\/wp\/v2\/media\/24214"}],"wp:attachment":[{"href":"https:\/\/petproducts.com.cn\/it\/wp-json\/wp\/v2\/media?parent=24209"}],"wp:term":[{"taxonomy":"product_brand","embeddable":true,"href":"https:\/\/petproducts.com.cn\/it\/wp-json\/wp\/v2\/product_brand?post=24209"},{"taxonomy":"product_cat","embeddable":true,"href":"https:\/\/petproducts.com.cn\/it\/wp-json\/wp\/v2\/product_cat?post=24209"},{"taxonomy":"product_tag","embeddable":true,"href":"https:\/\/petproducts.com.cn\/it\/wp-json\/wp\/v2\/product_tag?post=24209"}],"curies":[{"name":"wp","href":"https:\/\/api.w.org\/{rel}","templated":true}]}}