{"id":24264,"date":"2024-05-29T01:42:12","date_gmt":"2024-05-29T01:42:12","guid":{"rendered":"https:\/\/petproducts.com.cn\/?post_type=product&#038;p=24264"},"modified":"2024-05-29T02:00:23","modified_gmt":"2024-05-29T02:00:23","slug":"dog-training-mat-bulk-best-dog-pee-pad-60x60cm","status":"publish","type":"product","link":"https:\/\/petproducts.com.cn\/it\/product\/dog-training-mat-bulk-best-dog-pee-pad-60x60cm\/","title":{"rendered":"Cane formazione Mat Bulk migliore cane pip\u00ec Pad 60X60CM"},"content":{"rendered":"<h2><strong>Caratteristiche del tappetino per l'addestramento dei cani<\/strong><\/h2>\n<ul>\n<li><strong>Protezione a cinque strati<\/strong> Il tappetino per l'addestramento del cane \u00e8 caratterizzato da un sofisticato design a cinque strati, che offre una protezione superiore contro perdite e fuoriuscite. Ogni strato ha una funzione specifica e lavora insieme per garantire il massimo assorbimento e la massima durata. Questo design mantiene i pavimenti puliti e asciutti, rendendolo ideale per l'uso in interni.<\/li>\n<li><strong>Assorbimento rapido<\/strong> Potrete beneficiare delle capacit\u00e0 di assorbimento rapido del miglior tappetino per pip\u00ec di cane. Lo strato superiore assorbe rapidamente l'umidit\u00e0, bloccandola per mantenere la superficie asciutta. Questa caratteristica non solo mantiene il vostro animale domestico a suo agio, ma impedisce anche che venga tracciato, assicurando che la vostra casa rimanga pulita e fresca.<\/li>\n<li><strong>Strato inferiore impermeabile<\/strong> Lo strato inferiore impermeabile \u00e8 una caratteristica distintiva del nostro tappetino per l'addestramento dei cani. Questo strato impedisce l'infiltrazione di qualsiasi liquido, proteggendo i pavimenti e i tappeti da eventuali danni. Potete posizionare il tappetino ovunque con fiducia, sapendo che manterr\u00e0 la vostra casa immacolata.<\/li>\n<li><strong>Design a prova di perdite<\/strong> Il tappetino di addestramento per cani \u00e8 dotato di un design a prova di perdite, essenziale per evitare fuoriuscite e sporcizia. La struttura multistrato trattiene efficacemente i liquidi, rendendolo ideale per l'uso notturno o per gli animali domestici con incontinenza. Questo design garantisce che la casa rimanga pulita e priva di odori.<\/li>\n<li><strong>Controllo degli odori<\/strong> I migliori tappetini per pip\u00ec per cani sono dotati di un sistema di controllo degli odori integrato, che neutralizza gli odori sgradevoli. Questa caratteristica \u00e8 fondamentale per mantenere un ambiente fresco e pulito, anche durante l'addestramento al vasino. Apprezzerete il fatto che questo mantiene un odore gradevole in casa vostra.<\/li>\n<li><strong>Smaltimento facile<\/strong> Il tappetino di addestramento per cani \u00e8 facile da smaltire dopo l'uso. I materiali resistenti si tengono insieme senza strapparsi, rendendo la pulizia rapida e senza problemi. \u00c8 sufficiente piegare il tappetino e gettarlo via, risparmiando tempo e fatica e garantendo un ambiente igienico.<\/li>\n<li><strong>Ampia superficie<\/strong> Ogni tappetino misura 60x60 cm, offrendo una superficie generosa per il vostro animale domestico. Queste dimensioni riducono la probabilit\u00e0 che si verifichino incidenti fuori dal tappetino, offrendo una migliore protezione per la casa. \u00c8 perfetto per le razze pi\u00f9 grandi o per pi\u00f9 animali domestici, in quanto offre loro un ampio spazio.<\/li>\n<li><strong>Ideale per la formazione e i viaggi<\/strong> Il tappetino di addestramento per cani \u00e8 perfetto per l'addestramento al vasino dei cuccioli, per assistere i cani anziani con problemi di incontinenza e per fornire una soluzione comoda durante i viaggi. La sua versatilit\u00e0 ne garantisce l'utilizzo in qualsiasi situazione, rendendolo uno strumento essenziale per i proprietari di animali domestici. Si pu\u00f2 facilmente portare con s\u00e9 ovunque si vada.<\/li>\n<li><strong>Economicamente vantaggioso<\/strong> Investire in assorbenti per pip\u00ec per cani sfusi \u00e8 una soluzione economica per gestire i rifiuti degli animali domestici. L'elevata capacit\u00e0 di assorbimento e il design resistente consentono di utilizzare meno assorbenti nel tempo, risparmiando denaro. Inoltre, la protezione che offrono ai pavimenti e ai mobili ne aumenta il valore complessivo.<\/li>\n<\/ul>","protected":false},"excerpt":{"rendered":"<p>Petstar \u00e8 un produttore di articoli per la pulizia degli animali domestici con oltre 20 anni di esperienza. La combinazione di cinque strati di protezione, rapido assorbimento, strato inferiore impermeabile e controllo degli odori rende questi tappetini per pip\u00ec per cani i migliori disponibili sul mercato.<\/p>","protected":false},"featured_media":24272,"template":"","meta":{"_acf_changed":false},"product_brand":[],"product_cat":[137,71,136,72],"product_tag":[139,140],"class_list":{"0":"post-24264","1":"product","2":"type-product","3":"status-publish","4":"has-post-thumbnail","6":"product_cat-cat-grooming-cleaning-supplies","7":"product_cat-cat-supplies","8":"product_cat-dog-grooming-cleaning-supplies","9":"product_cat-dog-supplies","10":"product_tag-cat-grooming-cleaning-supplies","11":"product_tag-dog-grooming-cleaning-supplies","13":"first","14":"instock","15":"shipping-taxable","16":"product-type-simple"},"acf":[],"yoast_head":"<!-- This site is optimized with the Yoast SEO plugin v27.1.1 - https:\/\/yoast.com\/product\/yoast-seo-wordpress\/ -->\n<title>Dog Training Mat Factory | Best Dog Pee Pad Manufacturer - Petstar<\/title>\n<meta name=\"description\" content=\"Explore dog training mat, best dog pee pad, bulk dog pee pads directly from the manufacturer. Your ideal business solution with Petstar.\" \/>\n<meta name=\"robots\" content=\"index, follow, max-snippet:-1, max-image-preview:large, max-video-preview:-1\" \/>\n<link rel=\"canonical\" href=\"https:\/\/petproducts.com.cn\/it\/prodotto\/dog-training-mat-bulk-best-dog-pee-pad-60x60cm\/\" \/>\n<meta property=\"og:locale\" content=\"it_IT\" \/>\n<meta property=\"og:type\" content=\"article\" \/>\n<meta property=\"og:title\" content=\"Dog Training Mat Factory | Best Dog Pee Pad Manufacturer - Petstar\" \/>\n<meta property=\"og:description\" content=\"Explore dog training mat, best dog pee pad, bulk dog pee pads directly from the manufacturer. Your ideal business solution with Petstar.\" \/>\n<meta property=\"og:url\" content=\"https:\/\/petproducts.com.cn\/it\/prodotto\/dog-training-mat-bulk-best-dog-pee-pad-60x60cm\/\" \/>\n<meta property=\"og:site_name\" content=\"Petstar\" \/>\n<meta property=\"article:modified_time\" content=\"2024-05-29T02:00:23+00:00\" \/>\n<meta property=\"og:image\" content=\"https:\/\/petproducts.com.cn\/wp-content\/uploads\/2024\/05\/dog-training-mat.webp\" \/>\n\t<meta property=\"og:image:width\" content=\"800\" \/>\n\t<meta property=\"og:image:height\" content=\"800\" \/>\n\t<meta property=\"og:image:type\" content=\"image\/webp\" \/>\n<meta name=\"twitter:card\" content=\"summary_large_image\" \/>\n<meta name=\"twitter:label1\" content=\"Tempo di lettura stimato\" \/>\n\t<meta name=\"twitter:data1\" content=\"3 minuti\" \/>\n<script type=\"application\/ld+json\" class=\"yoast-schema-graph\">{\"@context\":\"https:\/\/schema.org\",\"@graph\":[{\"@type\":\"WebPage\",\"@id\":\"https:\/\/petproducts.com.cn\/product\/dog-training-mat-bulk-best-dog-pee-pad-60x60cm\/\",\"url\":\"https:\/\/petproducts.com.cn\/product\/dog-training-mat-bulk-best-dog-pee-pad-60x60cm\/\",\"name\":\"Dog Training Mat Factory | Best Dog Pee Pad Manufacturer - Petstar\",\"isPartOf\":{\"@id\":\"https:\/\/petproducts.com.cn\/#website\"},\"primaryImageOfPage\":{\"@id\":\"https:\/\/petproducts.com.cn\/product\/dog-training-mat-bulk-best-dog-pee-pad-60x60cm\/#primaryimage\"},\"image\":{\"@id\":\"https:\/\/petproducts.com.cn\/product\/dog-training-mat-bulk-best-dog-pee-pad-60x60cm\/#primaryimage\"},\"thumbnailUrl\":\"https:\/\/petproducts.com.cn\/wp-content\/uploads\/2024\/05\/dog-training-mat.webp\",\"datePublished\":\"2024-05-29T01:42:12+00:00\",\"dateModified\":\"2024-05-29T02:00:23+00:00\",\"description\":\"Explore dog training mat, best dog pee pad, bulk dog pee pads directly from the manufacturer. Your ideal business solution with Petstar.\",\"breadcrumb\":{\"@id\":\"https:\/\/petproducts.com.cn\/product\/dog-training-mat-bulk-best-dog-pee-pad-60x60cm\/#breadcrumb\"},\"inLanguage\":\"it-IT\",\"potentialAction\":[{\"@type\":\"ReadAction\",\"target\":[\"https:\/\/petproducts.com.cn\/product\/dog-training-mat-bulk-best-dog-pee-pad-60x60cm\/\"]}]},{\"@type\":\"ImageObject\",\"inLanguage\":\"it-IT\",\"@id\":\"https:\/\/petproducts.com.cn\/product\/dog-training-mat-bulk-best-dog-pee-pad-60x60cm\/#primaryimage\",\"url\":\"https:\/\/petproducts.com.cn\/wp-content\/uploads\/2024\/05\/dog-training-mat.webp\",\"contentUrl\":\"https:\/\/petproducts.com.cn\/wp-content\/uploads\/2024\/05\/dog-training-mat.webp\",\"width\":800,\"height\":800,\"caption\":\"dog training mat\"},{\"@type\":\"BreadcrumbList\",\"@id\":\"https:\/\/petproducts.com.cn\/product\/dog-training-mat-bulk-best-dog-pee-pad-60x60cm\/#breadcrumb\",\"itemListElement\":[{\"@type\":\"ListItem\",\"position\":1,\"name\":\"HOME\",\"item\":\"https:\/\/petproducts.com.cn\/\"},{\"@type\":\"ListItem\",\"position\":2,\"name\":\"Products\",\"item\":\"https:\/\/petproducts.com.cn\/shop\/\"},{\"@type\":\"ListItem\",\"position\":3,\"name\":\"Dog Grooming &amp; Cleaning Supplies\",\"item\":\"https:\/\/petproducts.com.cn\/product-category\/dog-grooming-cleaning-supplies\/\"},{\"@type\":\"ListItem\",\"position\":4,\"name\":\"Dog Training Mat Bulk Best Dog Pee Pad 60X60CM\"}]},{\"@type\":\"WebSite\",\"@id\":\"https:\/\/petproducts.com.cn\/#website\",\"url\":\"https:\/\/petproducts.com.cn\/\",\"name\":\"Petstar\",\"description\":\"Leading Pet Supplies Manufacturer &amp; OEM Pet Products Supplier\",\"publisher\":{\"@id\":\"https:\/\/petproducts.com.cn\/#organization\"},\"alternateName\":\"Petstar Pet Supplies\",\"potentialAction\":[{\"@type\":\"SearchAction\",\"target\":{\"@type\":\"EntryPoint\",\"urlTemplate\":\"https:\/\/petproducts.com.cn\/?s={search_term_string}\"},\"query-input\":{\"@type\":\"PropertyValueSpecification\",\"valueRequired\":true,\"valueName\":\"search_term_string\"}}],\"inLanguage\":\"it-IT\"},{\"@type\":\"Organization\",\"@id\":\"https:\/\/petproducts.com.cn\/#organization\",\"name\":\"Petstar\",\"url\":\"https:\/\/petproducts.com.cn\/\",\"logo\":{\"@type\":\"ImageObject\",\"inLanguage\":\"it-IT\",\"@id\":\"https:\/\/petproducts.com.cn\/#\/schema\/logo\/image\/\",\"url\":\"https:\/\/petproducts.com.cn\/wp-content\/uploads\/2020\/02\/petstar-logo.webp\",\"contentUrl\":\"https:\/\/petproducts.com.cn\/wp-content\/uploads\/2020\/02\/petstar-logo.webp\",\"width\":779,\"height\":520,\"caption\":\"Petstar\"},\"image\":{\"@id\":\"https:\/\/petproducts.com.cn\/#\/schema\/logo\/image\/\"}}]}<\/script>\n<!-- \/ Yoast SEO plugin. -->","yoast_head_json":{"title":"Dog Training Mat Factory | Best Dog Pee Pad Fornitore - Petstar","description":"Esplorate il tappetino per l'addestramento del cane, il miglior cuscinetto per la pip\u00ec del cane, i cuscinetti per la pip\u00ec del cane all'ingrosso direttamente dal produttore. La vostra soluzione commerciale ideale con Petstar.","robots":{"index":"index","follow":"follow","max-snippet":"max-snippet:-1","max-image-preview":"max-image-preview:large","max-video-preview":"max-video-preview:-1"},"canonical":"https:\/\/petproducts.com.cn\/it\/prodotto\/dog-training-mat-bulk-best-dog-pee-pad-60x60cm\/","og_locale":"it_IT","og_type":"article","og_title":"Dog Training Mat Factory | Best Dog Pee Pad Manufacturer - Petstar","og_description":"Explore dog training mat, best dog pee pad, bulk dog pee pads directly from the manufacturer. Your ideal business solution with Petstar.","og_url":"https:\/\/petproducts.com.cn\/it\/prodotto\/dog-training-mat-bulk-best-dog-pee-pad-60x60cm\/","og_site_name":"Petstar","article_modified_time":"2024-05-29T02:00:23+00:00","og_image":[{"width":800,"height":800,"url":"https:\/\/petproducts.com.cn\/wp-content\/uploads\/2024\/05\/dog-training-mat.webp","type":"image\/webp"}],"twitter_card":"summary_large_image","twitter_misc":{"Tempo di lettura stimato":"3 minuti"},"schema":{"@context":"https:\/\/schema.org","@graph":[{"@type":"WebPage","@id":"https:\/\/petproducts.com.cn\/product\/dog-training-mat-bulk-best-dog-pee-pad-60x60cm\/","url":"https:\/\/petproducts.com.cn\/product\/dog-training-mat-bulk-best-dog-pee-pad-60x60cm\/","name":"Dog Training Mat Factory | Best Dog Pee Pad Fornitore - Petstar","isPartOf":{"@id":"https:\/\/petproducts.com.cn\/#website"},"primaryImageOfPage":{"@id":"https:\/\/petproducts.com.cn\/product\/dog-training-mat-bulk-best-dog-pee-pad-60x60cm\/#primaryimage"},"image":{"@id":"https:\/\/petproducts.com.cn\/product\/dog-training-mat-bulk-best-dog-pee-pad-60x60cm\/#primaryimage"},"thumbnailUrl":"https:\/\/petproducts.com.cn\/wp-content\/uploads\/2024\/05\/dog-training-mat.webp","datePublished":"2024-05-29T01:42:12+00:00","dateModified":"2024-05-29T02:00:23+00:00","description":"Esplorate il tappetino per l'addestramento del cane, il miglior cuscinetto per la pip\u00ec del cane, i cuscinetti per la pip\u00ec del cane all'ingrosso direttamente dal produttore. La vostra soluzione commerciale ideale con Petstar.","breadcrumb":{"@id":"https:\/\/petproducts.com.cn\/product\/dog-training-mat-bulk-best-dog-pee-pad-60x60cm\/#breadcrumb"},"inLanguage":"it-IT","potentialAction":[{"@type":"ReadAction","target":["https:\/\/petproducts.com.cn\/product\/dog-training-mat-bulk-best-dog-pee-pad-60x60cm\/"]}]},{"@type":"ImageObject","inLanguage":"it-IT","@id":"https:\/\/petproducts.com.cn\/product\/dog-training-mat-bulk-best-dog-pee-pad-60x60cm\/#primaryimage","url":"https:\/\/petproducts.com.cn\/wp-content\/uploads\/2024\/05\/dog-training-mat.webp","contentUrl":"https:\/\/petproducts.com.cn\/wp-content\/uploads\/2024\/05\/dog-training-mat.webp","width":800,"height":800,"caption":"dog training mat"},{"@type":"BreadcrumbList","@id":"https:\/\/petproducts.com.cn\/product\/dog-training-mat-bulk-best-dog-pee-pad-60x60cm\/#breadcrumb","itemListElement":[{"@type":"ListItem","position":1,"name":"HOME","item":"https:\/\/petproducts.com.cn\/"},{"@type":"ListItem","position":2,"name":"Products","item":"https:\/\/petproducts.com.cn\/shop\/"},{"@type":"ListItem","position":3,"name":"Dog Grooming &amp; Cleaning Supplies","item":"https:\/\/petproducts.com.cn\/product-category\/dog-grooming-cleaning-supplies\/"},{"@type":"ListItem","position":4,"name":"Dog Training Mat Bulk Best Dog Pee Pad 60X60CM"}]},{"@type":"WebSite","@id":"https:\/\/petproducts.com.cn\/#website","url":"https:\/\/petproducts.com.cn\/","name":"Petstar","description":"Produttore leader di forniture per animali domestici e fornitore di prodotti OEM per animali domestici","publisher":{"@id":"https:\/\/petproducts.com.cn\/#organization"},"alternateName":"Petstar Pet Supplies","potentialAction":[{"@type":"SearchAction","target":{"@type":"EntryPoint","urlTemplate":"https:\/\/petproducts.com.cn\/?s={search_term_string}"},"query-input":{"@type":"PropertyValueSpecification","valueRequired":true,"valueName":"search_term_string"}}],"inLanguage":"it-IT"},{"@type":"Organization","@id":"https:\/\/petproducts.com.cn\/#organization","name":"Petstar","url":"https:\/\/petproducts.com.cn\/","logo":{"@type":"ImageObject","inLanguage":"it-IT","@id":"https:\/\/petproducts.com.cn\/#\/schema\/logo\/image\/","url":"https:\/\/petproducts.com.cn\/wp-content\/uploads\/2020\/02\/petstar-logo.webp","contentUrl":"https:\/\/petproducts.com.cn\/wp-content\/uploads\/2020\/02\/petstar-logo.webp","width":779,"height":520,"caption":"Petstar"},"image":{"@id":"https:\/\/petproducts.com.cn\/#\/schema\/logo\/image\/"}}]}},"_links":{"self":[{"href":"https:\/\/petproducts.com.cn\/it\/wp-json\/wp\/v2\/product\/24264","targetHints":{"allow":["GET"]}}],"collection":[{"href":"https:\/\/petproducts.com.cn\/it\/wp-json\/wp\/v2\/product"}],"about":[{"href":"https:\/\/petproducts.com.cn\/it\/wp-json\/wp\/v2\/types\/product"}],"version-history":[{"count":2,"href":"https:\/\/petproducts.com.cn\/it\/wp-json\/wp\/v2\/product\/24264\/revisions"}],"predecessor-version":[{"id":24266,"href":"https:\/\/petproducts.com.cn\/it\/wp-json\/wp\/v2\/product\/24264\/revisions\/24266"}],"wp:featuredmedia":[{"embeddable":true,"href":"https:\/\/petproducts.com.cn\/it\/wp-json\/wp\/v2\/media\/24272"}],"wp:attachment":[{"href":"https:\/\/petproducts.com.cn\/it\/wp-json\/wp\/v2\/media?parent=24264"}],"wp:term":[{"taxonomy":"product_brand","embeddable":true,"href":"https:\/\/petproducts.com.cn\/it\/wp-json\/wp\/v2\/product_brand?post=24264"},{"taxonomy":"product_cat","embeddable":true,"href":"https:\/\/petproducts.com.cn\/it\/wp-json\/wp\/v2\/product_cat?post=24264"},{"taxonomy":"product_tag","embeddable":true,"href":"https:\/\/petproducts.com.cn\/it\/wp-json\/wp\/v2\/product_tag?post=24264"}],"curies":[{"name":"wp","href":"https:\/\/api.w.org\/{rel}","templated":true}]}}