{"id":24893,"date":"2024-06-11T05:52:18","date_gmt":"2024-06-11T05:52:18","guid":{"rendered":"https:\/\/petproducts.com.cn\/?post_type=product&#038;p=24893"},"modified":"2024-06-11T06:08:43","modified_gmt":"2024-06-11T06:08:43","slug":"dog-spray-natural-pet-dog-deodorizer-spray","status":"publish","type":"product","link":"https:\/\/petproducts.com.cn\/it\/product\/dog-spray-natural-pet-dog-deodorizer-spray\/","title":{"rendered":"Spray per cani Deodorante naturale per cani da compagnia"},"content":{"rendered":"<h2><strong>Caratteristiche dello spray per cani <\/strong><\/h2>\n<ul>\n<li><strong>Efficace controllo degli odori<\/strong> Il nostro spray per cani controlla efficacemente gli odori, eliminando all'istante quelli sgradevoli. Apprezzerete il fatto che lasci il vostro animale domestico con un profumo fresco e pulito. Questa caratteristica garantisce che la vostra casa rimanga libera dagli odori degli animali domestici.<\/li>\n<li><strong>Profumo fresco<\/strong> Godetevi il profumo rinfrescante del nostro spray deodorante per cani. Lascia una piacevole fragranza che dura nel tempo, rendendo pi\u00f9 piacevole la presenza del vostro animale domestico. Questo profumo fresco \u00e8 perfetto per mantenere un'atmosfera pulita e accogliente.<\/li>\n<li><strong>Sicuro e non tossico<\/strong> La sicurezza \u00e8 la nostra priorit\u00e0 e vi sentirete sicuri utilizzando il nostro spray per cani atossico. \u00c8 formulato con ingredienti naturali che sono delicati per la pelle e il pelo del vostro animale. Questa sicurezza ne garantisce l'uso regolare.<\/li>\n<li><strong>Propriet\u00e0 antibatteriche<\/strong> Il nostro spray deodorante naturale per animali domestici ha propriet\u00e0 antibatteriche. \u00c8 efficace nel ridurre i batteri che causano gli odori. Questa azione antibatterica mantiene il vostro animale domestico pi\u00f9 sano e pulito.<\/li>\n<li><strong>Formula lenitiva<\/strong> Vi piacer\u00e0 il modo in cui il nostro spray lenisce la pelle del vostro animale domestico. \u00c8 stato progettato per essere delicato e calmante, riducendo l'irritazione e il disagio. Questa formula lenitiva lo rende ideale per gli animali domestici con pelle sensibile.<\/li>\n<\/ul>","protected":false},"excerpt":{"rendered":"<p>Siamo produttori di spazzole per animali domestici con oltre 20 anni di esperienza. Offriamo opzioni di personalizzazione per colore, dimensione, tessuto, modello, logo e altre caratteristiche.<\/p>","protected":false},"featured_media":24897,"template":"","meta":{"_acf_changed":false},"product_brand":[],"product_cat":[137,71,136,72],"product_tag":[139,140],"class_list":{"0":"post-24893","1":"product","2":"type-product","3":"status-publish","4":"has-post-thumbnail","6":"product_cat-cat-grooming-cleaning-supplies","7":"product_cat-cat-supplies","8":"product_cat-dog-grooming-cleaning-supplies","9":"product_cat-dog-supplies","10":"product_tag-cat-grooming-cleaning-supplies","11":"product_tag-dog-grooming-cleaning-supplies","13":"first","14":"instock","15":"shipping-taxable","16":"product-type-simple"},"acf":[],"yoast_head":"<!-- This site is optimized with the Yoast SEO plugin v27.1.1 - https:\/\/yoast.com\/product\/yoast-seo-wordpress\/ -->\n<title>Dog Spray | Dog Deodorizer Spray Manufacturer - Petstar - Petstar<\/title>\n<meta name=\"description\" content=\"Explore dog spray, dog deodorizer spray, natural pet deodorizer spray directly from the manufacturer. Your ideal business solution with Petstar.\" \/>\n<meta name=\"robots\" content=\"index, follow, max-snippet:-1, max-image-preview:large, max-video-preview:-1\" \/>\n<link rel=\"canonical\" href=\"https:\/\/petproducts.com.cn\/it\/prodotto\/dog-spray-natural-pet-dog-deodorizer-spray\/\" \/>\n<meta property=\"og:locale\" content=\"it_IT\" \/>\n<meta property=\"og:type\" content=\"article\" \/>\n<meta property=\"og:title\" content=\"Dog Spray | Dog Deodorizer Spray Manufacturer - Petstar - Petstar\" \/>\n<meta property=\"og:description\" content=\"Explore dog spray, dog deodorizer spray, natural pet deodorizer spray directly from the manufacturer. Your ideal business solution with Petstar.\" \/>\n<meta property=\"og:url\" content=\"https:\/\/petproducts.com.cn\/it\/prodotto\/dog-spray-natural-pet-dog-deodorizer-spray\/\" \/>\n<meta property=\"og:site_name\" content=\"Petstar\" \/>\n<meta property=\"article:modified_time\" content=\"2024-06-11T06:08:43+00:00\" \/>\n<meta property=\"og:image\" content=\"https:\/\/petproducts.com.cn\/wp-content\/uploads\/2024\/06\/Dog-Spray.webp\" \/>\n\t<meta property=\"og:image:width\" content=\"1000\" \/>\n\t<meta property=\"og:image:height\" content=\"1000\" \/>\n\t<meta property=\"og:image:type\" content=\"image\/webp\" \/>\n<meta name=\"twitter:card\" content=\"summary_large_image\" \/>\n<meta name=\"twitter:label1\" content=\"Tempo di lettura stimato\" \/>\n\t<meta name=\"twitter:data1\" content=\"2 minuti\" \/>\n<script type=\"application\/ld+json\" class=\"yoast-schema-graph\">{\"@context\":\"https:\/\/schema.org\",\"@graph\":[{\"@type\":\"WebPage\",\"@id\":\"https:\/\/petproducts.com.cn\/product\/dog-spray-natural-pet-dog-deodorizer-spray\/\",\"url\":\"https:\/\/petproducts.com.cn\/product\/dog-spray-natural-pet-dog-deodorizer-spray\/\",\"name\":\"Dog Spray | Dog Deodorizer Spray Manufacturer - Petstar - Petstar\",\"isPartOf\":{\"@id\":\"https:\/\/petproducts.com.cn\/#website\"},\"primaryImageOfPage\":{\"@id\":\"https:\/\/petproducts.com.cn\/product\/dog-spray-natural-pet-dog-deodorizer-spray\/#primaryimage\"},\"image\":{\"@id\":\"https:\/\/petproducts.com.cn\/product\/dog-spray-natural-pet-dog-deodorizer-spray\/#primaryimage\"},\"thumbnailUrl\":\"https:\/\/petproducts.com.cn\/wp-content\/uploads\/2024\/06\/Dog-Spray.webp\",\"datePublished\":\"2024-06-11T05:52:18+00:00\",\"dateModified\":\"2024-06-11T06:08:43+00:00\",\"description\":\"Explore dog spray, dog deodorizer spray, natural pet deodorizer spray directly from the manufacturer. Your ideal business solution with Petstar.\",\"breadcrumb\":{\"@id\":\"https:\/\/petproducts.com.cn\/product\/dog-spray-natural-pet-dog-deodorizer-spray\/#breadcrumb\"},\"inLanguage\":\"it-IT\",\"potentialAction\":[{\"@type\":\"ReadAction\",\"target\":[\"https:\/\/petproducts.com.cn\/product\/dog-spray-natural-pet-dog-deodorizer-spray\/\"]}]},{\"@type\":\"ImageObject\",\"inLanguage\":\"it-IT\",\"@id\":\"https:\/\/petproducts.com.cn\/product\/dog-spray-natural-pet-dog-deodorizer-spray\/#primaryimage\",\"url\":\"https:\/\/petproducts.com.cn\/wp-content\/uploads\/2024\/06\/Dog-Spray.webp\",\"contentUrl\":\"https:\/\/petproducts.com.cn\/wp-content\/uploads\/2024\/06\/Dog-Spray.webp\",\"width\":1000,\"height\":1000,\"caption\":\"Dog Spray\"},{\"@type\":\"BreadcrumbList\",\"@id\":\"https:\/\/petproducts.com.cn\/product\/dog-spray-natural-pet-dog-deodorizer-spray\/#breadcrumb\",\"itemListElement\":[{\"@type\":\"ListItem\",\"position\":1,\"name\":\"HOME\",\"item\":\"https:\/\/petproducts.com.cn\/\"},{\"@type\":\"ListItem\",\"position\":2,\"name\":\"Products\",\"item\":\"https:\/\/petproducts.com.cn\/shop\/\"},{\"@type\":\"ListItem\",\"position\":3,\"name\":\"Dog Grooming &amp; Cleaning Supplies\",\"item\":\"https:\/\/petproducts.com.cn\/product-category\/dog-grooming-cleaning-supplies\/\"},{\"@type\":\"ListItem\",\"position\":4,\"name\":\"Dog Spray Natural Pet Dog Deodorizer Spray\"}]},{\"@type\":\"WebSite\",\"@id\":\"https:\/\/petproducts.com.cn\/#website\",\"url\":\"https:\/\/petproducts.com.cn\/\",\"name\":\"Petstar\",\"description\":\"Leading Pet Supplies Manufacturer &amp; OEM Pet Products Supplier\",\"publisher\":{\"@id\":\"https:\/\/petproducts.com.cn\/#organization\"},\"alternateName\":\"Petstar Pet Supplies\",\"potentialAction\":[{\"@type\":\"SearchAction\",\"target\":{\"@type\":\"EntryPoint\",\"urlTemplate\":\"https:\/\/petproducts.com.cn\/?s={search_term_string}\"},\"query-input\":{\"@type\":\"PropertyValueSpecification\",\"valueRequired\":true,\"valueName\":\"search_term_string\"}}],\"inLanguage\":\"it-IT\"},{\"@type\":\"Organization\",\"@id\":\"https:\/\/petproducts.com.cn\/#organization\",\"name\":\"Petstar\",\"url\":\"https:\/\/petproducts.com.cn\/\",\"logo\":{\"@type\":\"ImageObject\",\"inLanguage\":\"it-IT\",\"@id\":\"https:\/\/petproducts.com.cn\/#\/schema\/logo\/image\/\",\"url\":\"https:\/\/petproducts.com.cn\/wp-content\/uploads\/2020\/02\/petstar-logo.webp\",\"contentUrl\":\"https:\/\/petproducts.com.cn\/wp-content\/uploads\/2020\/02\/petstar-logo.webp\",\"width\":779,\"height\":520,\"caption\":\"Petstar\"},\"image\":{\"@id\":\"https:\/\/petproducts.com.cn\/#\/schema\/logo\/image\/\"}}]}<\/script>\n<!-- \/ Yoast SEO plugin. -->","yoast_head_json":{"title":"Spray per cani - Petstar - Petstar","description":"Esplorate lo spray per cani, lo spray deodorante per cani, lo spray deodorante naturale per animali domestici direttamente dal produttore. La vostra soluzione commerciale ideale con Petstar.","robots":{"index":"index","follow":"follow","max-snippet":"max-snippet:-1","max-image-preview":"max-image-preview:large","max-video-preview":"max-video-preview:-1"},"canonical":"https:\/\/petproducts.com.cn\/it\/prodotto\/dog-spray-natural-pet-dog-deodorizer-spray\/","og_locale":"it_IT","og_type":"article","og_title":"Dog Spray | Dog Deodorizer Spray Manufacturer - Petstar - Petstar","og_description":"Explore dog spray, dog deodorizer spray, natural pet deodorizer spray directly from the manufacturer. Your ideal business solution with Petstar.","og_url":"https:\/\/petproducts.com.cn\/it\/prodotto\/dog-spray-natural-pet-dog-deodorizer-spray\/","og_site_name":"Petstar","article_modified_time":"2024-06-11T06:08:43+00:00","og_image":[{"width":1000,"height":1000,"url":"https:\/\/petproducts.com.cn\/wp-content\/uploads\/2024\/06\/Dog-Spray.webp","type":"image\/webp"}],"twitter_card":"summary_large_image","twitter_misc":{"Tempo di lettura stimato":"2 minuti"},"schema":{"@context":"https:\/\/schema.org","@graph":[{"@type":"WebPage","@id":"https:\/\/petproducts.com.cn\/product\/dog-spray-natural-pet-dog-deodorizer-spray\/","url":"https:\/\/petproducts.com.cn\/product\/dog-spray-natural-pet-dog-deodorizer-spray\/","name":"Spray per cani - Petstar - Petstar","isPartOf":{"@id":"https:\/\/petproducts.com.cn\/#website"},"primaryImageOfPage":{"@id":"https:\/\/petproducts.com.cn\/product\/dog-spray-natural-pet-dog-deodorizer-spray\/#primaryimage"},"image":{"@id":"https:\/\/petproducts.com.cn\/product\/dog-spray-natural-pet-dog-deodorizer-spray\/#primaryimage"},"thumbnailUrl":"https:\/\/petproducts.com.cn\/wp-content\/uploads\/2024\/06\/Dog-Spray.webp","datePublished":"2024-06-11T05:52:18+00:00","dateModified":"2024-06-11T06:08:43+00:00","description":"Esplorate lo spray per cani, lo spray deodorante per cani, lo spray deodorante naturale per animali domestici direttamente dal produttore. La vostra soluzione commerciale ideale con Petstar.","breadcrumb":{"@id":"https:\/\/petproducts.com.cn\/product\/dog-spray-natural-pet-dog-deodorizer-spray\/#breadcrumb"},"inLanguage":"it-IT","potentialAction":[{"@type":"ReadAction","target":["https:\/\/petproducts.com.cn\/product\/dog-spray-natural-pet-dog-deodorizer-spray\/"]}]},{"@type":"ImageObject","inLanguage":"it-IT","@id":"https:\/\/petproducts.com.cn\/product\/dog-spray-natural-pet-dog-deodorizer-spray\/#primaryimage","url":"https:\/\/petproducts.com.cn\/wp-content\/uploads\/2024\/06\/Dog-Spray.webp","contentUrl":"https:\/\/petproducts.com.cn\/wp-content\/uploads\/2024\/06\/Dog-Spray.webp","width":1000,"height":1000,"caption":"Dog Spray"},{"@type":"BreadcrumbList","@id":"https:\/\/petproducts.com.cn\/product\/dog-spray-natural-pet-dog-deodorizer-spray\/#breadcrumb","itemListElement":[{"@type":"ListItem","position":1,"name":"HOME","item":"https:\/\/petproducts.com.cn\/"},{"@type":"ListItem","position":2,"name":"Products","item":"https:\/\/petproducts.com.cn\/shop\/"},{"@type":"ListItem","position":3,"name":"Dog Grooming &amp; Cleaning Supplies","item":"https:\/\/petproducts.com.cn\/product-category\/dog-grooming-cleaning-supplies\/"},{"@type":"ListItem","position":4,"name":"Dog Spray Natural Pet Dog Deodorizer Spray"}]},{"@type":"WebSite","@id":"https:\/\/petproducts.com.cn\/#website","url":"https:\/\/petproducts.com.cn\/","name":"Petstar","description":"Produttore leader di forniture per animali domestici e fornitore di prodotti OEM per animali domestici","publisher":{"@id":"https:\/\/petproducts.com.cn\/#organization"},"alternateName":"Petstar Pet Supplies","potentialAction":[{"@type":"SearchAction","target":{"@type":"EntryPoint","urlTemplate":"https:\/\/petproducts.com.cn\/?s={search_term_string}"},"query-input":{"@type":"PropertyValueSpecification","valueRequired":true,"valueName":"search_term_string"}}],"inLanguage":"it-IT"},{"@type":"Organization","@id":"https:\/\/petproducts.com.cn\/#organization","name":"Petstar","url":"https:\/\/petproducts.com.cn\/","logo":{"@type":"ImageObject","inLanguage":"it-IT","@id":"https:\/\/petproducts.com.cn\/#\/schema\/logo\/image\/","url":"https:\/\/petproducts.com.cn\/wp-content\/uploads\/2020\/02\/petstar-logo.webp","contentUrl":"https:\/\/petproducts.com.cn\/wp-content\/uploads\/2020\/02\/petstar-logo.webp","width":779,"height":520,"caption":"Petstar"},"image":{"@id":"https:\/\/petproducts.com.cn\/#\/schema\/logo\/image\/"}}]}},"_links":{"self":[{"href":"https:\/\/petproducts.com.cn\/it\/wp-json\/wp\/v2\/product\/24893","targetHints":{"allow":["GET"]}}],"collection":[{"href":"https:\/\/petproducts.com.cn\/it\/wp-json\/wp\/v2\/product"}],"about":[{"href":"https:\/\/petproducts.com.cn\/it\/wp-json\/wp\/v2\/types\/product"}],"version-history":[{"count":2,"href":"https:\/\/petproducts.com.cn\/it\/wp-json\/wp\/v2\/product\/24893\/revisions"}],"predecessor-version":[{"id":24895,"href":"https:\/\/petproducts.com.cn\/it\/wp-json\/wp\/v2\/product\/24893\/revisions\/24895"}],"wp:featuredmedia":[{"embeddable":true,"href":"https:\/\/petproducts.com.cn\/it\/wp-json\/wp\/v2\/media\/24897"}],"wp:attachment":[{"href":"https:\/\/petproducts.com.cn\/it\/wp-json\/wp\/v2\/media?parent=24893"}],"wp:term":[{"taxonomy":"product_brand","embeddable":true,"href":"https:\/\/petproducts.com.cn\/it\/wp-json\/wp\/v2\/product_brand?post=24893"},{"taxonomy":"product_cat","embeddable":true,"href":"https:\/\/petproducts.com.cn\/it\/wp-json\/wp\/v2\/product_cat?post=24893"},{"taxonomy":"product_tag","embeddable":true,"href":"https:\/\/petproducts.com.cn\/it\/wp-json\/wp\/v2\/product_tag?post=24893"}],"curies":[{"name":"wp","href":"https:\/\/api.w.org\/{rel}","templated":true}]}}