{"id":26574,"date":"2024-07-03T03:10:13","date_gmt":"2024-07-03T03:10:13","guid":{"rendered":"https:\/\/petproducts.com.cn\/?post_type=product&#038;p=26574"},"modified":"2024-07-03T06:24:47","modified_gmt":"2024-07-03T06:24:47","slug":"rabbit-tent-bed-products-bunny-teepee-bed","status":"publish","type":"product","link":"https:\/\/petproducts.com.cn\/it\/product\/rabbit-tent-bed-products-bunny-teepee-bed\/","title":{"rendered":"Prodotti per letti per tende da coniglio Letto per coniglietto Teepee"},"content":{"rendered":"<h2>Caratteristiche del letto a tenda per conigli<\/h2>\n<ul>\n<li><strong>Facile da montare e da staccare<\/strong> Apprezzerete la facilit\u00e0 di montaggio e smontaggio della nostra tenda letto per conigli. Grazie al suo design semplice, \u00e8 possibile montarlo rapidamente senza problemi. Questa caratteristica vi consente di creare uno spazio accogliente per il vostro coniglietto in pochissimo tempo.<\/li>\n<li><strong>Struttura robusta con quattro pali in legno<\/strong> Sarete colpiti dalla robusta costruzione della nostra cuccia per conigli, realizzata con quattro pali di legno. Questi pali assicurano che la tenda rimanga stabile e sicura, fornendo un ambiente sicuro per il vostro coniglio. La struttura robusta garantisce longevit\u00e0 e durata.<\/li>\n<li><strong>Design affascinante con la tenda regolabile della porta<\/strong> Vi piacer\u00e0 il design affascinante della nostra tenda per coniglietti, dotata di una tenda regolabile. Potete facilmente tirare la tenda da un lato e legarla, dando al vostro coniglietto la possibilit\u00e0 di avere un'entrata aperta o chiusa. Questa flessibilit\u00e0 aumenta il fascino e la funzionalit\u00e0 del letto.<\/li>\n<li><strong>Interni accoglienti e confortevoli<\/strong> L'interno della nostra tenda-letto per conigli \u00e8 accogliente e confortevole. Il tessuto morbido e felpato all'interno del teepee offre uno spazio caldo e invitante per il relax del vostro coniglietto. Questo comfort assicura che il vostro animale si senta sicuro e soddisfatto nel suo nuovo rifugio.<\/li>\n<\/ul>","protected":false},"excerpt":{"rendered":"<p>Siamo un produttore di forniture per conigli da compagnia con oltre 20 anni di esperienza. Offriamo opzioni di personalizzazione per colore, dimensione, tessuto, modello, logo e altre caratteristiche.<\/p>","protected":false},"featured_media":26582,"template":"","meta":{"_acf_changed":false},"product_brand":[],"product_cat":[158,164,156],"product_tag":[165,160],"class_list":{"0":"post-26574","1":"product","2":"type-product","3":"status-publish","4":"has-post-thumbnail","6":"product_cat-other-animal-supplies","7":"product_cat-rabbit-supplies","8":"product_cat-small-animal-supplies","9":"product_tag-rabbit-supplies","10":"product_tag-small-animal-supplies","12":"first","13":"instock","14":"shipping-taxable","15":"product-type-simple"},"acf":[],"yoast_head":"<!-- This site is optimized with the Yoast SEO plugin v27.1.1 - https:\/\/yoast.com\/product\/yoast-seo-wordpress\/ -->\n<title>Rabbit Tent Bed | Bunny Teepee Bed Manufacturer - Petstar<\/title>\n<meta name=\"description\" content=\"Explore rabbit tent bed, bunny teepee bed, rabbit products from the rabbit supplies manufacturer. Your ideal business solution with Petstar.\" \/>\n<meta name=\"robots\" content=\"index, follow, max-snippet:-1, max-image-preview:large, max-video-preview:-1\" \/>\n<link rel=\"canonical\" href=\"https:\/\/petproducts.com.cn\/it\/prodotto\/rabbit-tent-bed-products-bunny-teepee-bed\/\" \/>\n<meta property=\"og:locale\" content=\"it_IT\" \/>\n<meta property=\"og:type\" content=\"article\" \/>\n<meta property=\"og:title\" content=\"Rabbit Tent Bed | Bunny Teepee Bed Manufacturer - Petstar\" \/>\n<meta property=\"og:description\" content=\"Explore rabbit tent bed, bunny teepee bed, rabbit products from the rabbit supplies manufacturer. Your ideal business solution with Petstar.\" \/>\n<meta property=\"og:url\" content=\"https:\/\/petproducts.com.cn\/it\/prodotto\/rabbit-tent-bed-products-bunny-teepee-bed\/\" \/>\n<meta property=\"og:site_name\" content=\"Petstar\" \/>\n<meta property=\"article:modified_time\" content=\"2024-07-03T06:24:47+00:00\" \/>\n<meta property=\"og:image\" content=\"https:\/\/petproducts.com.cn\/wp-content\/uploads\/2024\/07\/rabbit-tent-bed.webp\" \/>\n\t<meta property=\"og:image:width\" content=\"800\" \/>\n\t<meta property=\"og:image:height\" content=\"800\" \/>\n\t<meta property=\"og:image:type\" content=\"image\/webp\" \/>\n<meta name=\"twitter:card\" content=\"summary_large_image\" \/>\n<meta name=\"twitter:label1\" content=\"Tempo di lettura stimato\" \/>\n\t<meta name=\"twitter:data1\" content=\"2 minuti\" \/>\n<script type=\"application\/ld+json\" class=\"yoast-schema-graph\">{\"@context\":\"https:\/\/schema.org\",\"@graph\":[{\"@type\":\"WebPage\",\"@id\":\"https:\/\/petproducts.com.cn\/product\/rabbit-tent-bed-products-bunny-teepee-bed\/\",\"url\":\"https:\/\/petproducts.com.cn\/product\/rabbit-tent-bed-products-bunny-teepee-bed\/\",\"name\":\"Rabbit Tent Bed | Bunny Teepee Bed Manufacturer - Petstar\",\"isPartOf\":{\"@id\":\"https:\/\/petproducts.com.cn\/#website\"},\"primaryImageOfPage\":{\"@id\":\"https:\/\/petproducts.com.cn\/product\/rabbit-tent-bed-products-bunny-teepee-bed\/#primaryimage\"},\"image\":{\"@id\":\"https:\/\/petproducts.com.cn\/product\/rabbit-tent-bed-products-bunny-teepee-bed\/#primaryimage\"},\"thumbnailUrl\":\"https:\/\/petproducts.com.cn\/wp-content\/uploads\/2024\/07\/rabbit-tent-bed.webp\",\"datePublished\":\"2024-07-03T03:10:13+00:00\",\"dateModified\":\"2024-07-03T06:24:47+00:00\",\"description\":\"Explore rabbit tent bed, bunny teepee bed, rabbit products from the rabbit supplies manufacturer. Your ideal business solution with Petstar.\",\"breadcrumb\":{\"@id\":\"https:\/\/petproducts.com.cn\/product\/rabbit-tent-bed-products-bunny-teepee-bed\/#breadcrumb\"},\"inLanguage\":\"it-IT\",\"potentialAction\":[{\"@type\":\"ReadAction\",\"target\":[\"https:\/\/petproducts.com.cn\/product\/rabbit-tent-bed-products-bunny-teepee-bed\/\"]}]},{\"@type\":\"ImageObject\",\"inLanguage\":\"it-IT\",\"@id\":\"https:\/\/petproducts.com.cn\/product\/rabbit-tent-bed-products-bunny-teepee-bed\/#primaryimage\",\"url\":\"https:\/\/petproducts.com.cn\/wp-content\/uploads\/2024\/07\/rabbit-tent-bed.webp\",\"contentUrl\":\"https:\/\/petproducts.com.cn\/wp-content\/uploads\/2024\/07\/rabbit-tent-bed.webp\",\"width\":800,\"height\":800,\"caption\":\"rabbit tent bed\"},{\"@type\":\"BreadcrumbList\",\"@id\":\"https:\/\/petproducts.com.cn\/product\/rabbit-tent-bed-products-bunny-teepee-bed\/#breadcrumb\",\"itemListElement\":[{\"@type\":\"ListItem\",\"position\":1,\"name\":\"HOME\",\"item\":\"https:\/\/petproducts.com.cn\/\"},{\"@type\":\"ListItem\",\"position\":2,\"name\":\"Products\",\"item\":\"https:\/\/petproducts.com.cn\/shop\/\"},{\"@type\":\"ListItem\",\"position\":3,\"name\":\"Rabbit Supplies\",\"item\":\"https:\/\/petproducts.com.cn\/product-category\/rabbit-supplies\/\"},{\"@type\":\"ListItem\",\"position\":4,\"name\":\"Rabbit Tent Bed Products Bunny Teepee Bed\"}]},{\"@type\":\"WebSite\",\"@id\":\"https:\/\/petproducts.com.cn\/#website\",\"url\":\"https:\/\/petproducts.com.cn\/\",\"name\":\"Petstar\",\"description\":\"Leading Pet Supplies Manufacturer &amp; OEM Pet Products Supplier\",\"publisher\":{\"@id\":\"https:\/\/petproducts.com.cn\/#organization\"},\"alternateName\":\"Petstar Pet Supplies\",\"potentialAction\":[{\"@type\":\"SearchAction\",\"target\":{\"@type\":\"EntryPoint\",\"urlTemplate\":\"https:\/\/petproducts.com.cn\/?s={search_term_string}\"},\"query-input\":{\"@type\":\"PropertyValueSpecification\",\"valueRequired\":true,\"valueName\":\"search_term_string\"}}],\"inLanguage\":\"it-IT\"},{\"@type\":\"Organization\",\"@id\":\"https:\/\/petproducts.com.cn\/#organization\",\"name\":\"Petstar\",\"url\":\"https:\/\/petproducts.com.cn\/\",\"logo\":{\"@type\":\"ImageObject\",\"inLanguage\":\"it-IT\",\"@id\":\"https:\/\/petproducts.com.cn\/#\/schema\/logo\/image\/\",\"url\":\"https:\/\/petproducts.com.cn\/wp-content\/uploads\/2020\/02\/petstar-logo.webp\",\"contentUrl\":\"https:\/\/petproducts.com.cn\/wp-content\/uploads\/2020\/02\/petstar-logo.webp\",\"width\":779,\"height\":520,\"caption\":\"Petstar\"},\"image\":{\"@id\":\"https:\/\/petproducts.com.cn\/#\/schema\/logo\/image\/\"}}]}<\/script>\n<!-- \/ Yoast SEO plugin. -->","yoast_head_json":{"title":"Coniglio Tenda Letto | Coniglietto Teepee Letto Fornitore - Petstar","description":"Esplorate il letto tenda per conigli, il letto teepee per conigli, i prodotti per conigli del produttore di forniture per conigli. La vostra soluzione commerciale ideale con Petstar.","robots":{"index":"index","follow":"follow","max-snippet":"max-snippet:-1","max-image-preview":"max-image-preview:large","max-video-preview":"max-video-preview:-1"},"canonical":"https:\/\/petproducts.com.cn\/it\/prodotto\/rabbit-tent-bed-products-bunny-teepee-bed\/","og_locale":"it_IT","og_type":"article","og_title":"Rabbit Tent Bed | Bunny Teepee Bed Manufacturer - Petstar","og_description":"Explore rabbit tent bed, bunny teepee bed, rabbit products from the rabbit supplies manufacturer. Your ideal business solution with Petstar.","og_url":"https:\/\/petproducts.com.cn\/it\/prodotto\/rabbit-tent-bed-products-bunny-teepee-bed\/","og_site_name":"Petstar","article_modified_time":"2024-07-03T06:24:47+00:00","og_image":[{"width":800,"height":800,"url":"https:\/\/petproducts.com.cn\/wp-content\/uploads\/2024\/07\/rabbit-tent-bed.webp","type":"image\/webp"}],"twitter_card":"summary_large_image","twitter_misc":{"Tempo di lettura stimato":"2 minuti"},"schema":{"@context":"https:\/\/schema.org","@graph":[{"@type":"WebPage","@id":"https:\/\/petproducts.com.cn\/product\/rabbit-tent-bed-products-bunny-teepee-bed\/","url":"https:\/\/petproducts.com.cn\/product\/rabbit-tent-bed-products-bunny-teepee-bed\/","name":"Coniglio Tenda Letto | Coniglietto Teepee Letto Fornitore - Petstar","isPartOf":{"@id":"https:\/\/petproducts.com.cn\/#website"},"primaryImageOfPage":{"@id":"https:\/\/petproducts.com.cn\/product\/rabbit-tent-bed-products-bunny-teepee-bed\/#primaryimage"},"image":{"@id":"https:\/\/petproducts.com.cn\/product\/rabbit-tent-bed-products-bunny-teepee-bed\/#primaryimage"},"thumbnailUrl":"https:\/\/petproducts.com.cn\/wp-content\/uploads\/2024\/07\/rabbit-tent-bed.webp","datePublished":"2024-07-03T03:10:13+00:00","dateModified":"2024-07-03T06:24:47+00:00","description":"Esplorate il letto tenda per conigli, il letto teepee per conigli, i prodotti per conigli del produttore di forniture per conigli. La vostra soluzione commerciale ideale con Petstar.","breadcrumb":{"@id":"https:\/\/petproducts.com.cn\/product\/rabbit-tent-bed-products-bunny-teepee-bed\/#breadcrumb"},"inLanguage":"it-IT","potentialAction":[{"@type":"ReadAction","target":["https:\/\/petproducts.com.cn\/product\/rabbit-tent-bed-products-bunny-teepee-bed\/"]}]},{"@type":"ImageObject","inLanguage":"it-IT","@id":"https:\/\/petproducts.com.cn\/product\/rabbit-tent-bed-products-bunny-teepee-bed\/#primaryimage","url":"https:\/\/petproducts.com.cn\/wp-content\/uploads\/2024\/07\/rabbit-tent-bed.webp","contentUrl":"https:\/\/petproducts.com.cn\/wp-content\/uploads\/2024\/07\/rabbit-tent-bed.webp","width":800,"height":800,"caption":"rabbit tent bed"},{"@type":"BreadcrumbList","@id":"https:\/\/petproducts.com.cn\/product\/rabbit-tent-bed-products-bunny-teepee-bed\/#breadcrumb","itemListElement":[{"@type":"ListItem","position":1,"name":"HOME","item":"https:\/\/petproducts.com.cn\/"},{"@type":"ListItem","position":2,"name":"Products","item":"https:\/\/petproducts.com.cn\/shop\/"},{"@type":"ListItem","position":3,"name":"Rabbit Supplies","item":"https:\/\/petproducts.com.cn\/product-category\/rabbit-supplies\/"},{"@type":"ListItem","position":4,"name":"Rabbit Tent Bed Products Bunny Teepee Bed"}]},{"@type":"WebSite","@id":"https:\/\/petproducts.com.cn\/#website","url":"https:\/\/petproducts.com.cn\/","name":"Petstar","description":"Produttore leader di forniture per animali domestici e fornitore di prodotti OEM per animali domestici","publisher":{"@id":"https:\/\/petproducts.com.cn\/#organization"},"alternateName":"Petstar Pet Supplies","potentialAction":[{"@type":"SearchAction","target":{"@type":"EntryPoint","urlTemplate":"https:\/\/petproducts.com.cn\/?s={search_term_string}"},"query-input":{"@type":"PropertyValueSpecification","valueRequired":true,"valueName":"search_term_string"}}],"inLanguage":"it-IT"},{"@type":"Organization","@id":"https:\/\/petproducts.com.cn\/#organization","name":"Petstar","url":"https:\/\/petproducts.com.cn\/","logo":{"@type":"ImageObject","inLanguage":"it-IT","@id":"https:\/\/petproducts.com.cn\/#\/schema\/logo\/image\/","url":"https:\/\/petproducts.com.cn\/wp-content\/uploads\/2020\/02\/petstar-logo.webp","contentUrl":"https:\/\/petproducts.com.cn\/wp-content\/uploads\/2020\/02\/petstar-logo.webp","width":779,"height":520,"caption":"Petstar"},"image":{"@id":"https:\/\/petproducts.com.cn\/#\/schema\/logo\/image\/"}}]}},"_links":{"self":[{"href":"https:\/\/petproducts.com.cn\/it\/wp-json\/wp\/v2\/product\/26574","targetHints":{"allow":["GET"]}}],"collection":[{"href":"https:\/\/petproducts.com.cn\/it\/wp-json\/wp\/v2\/product"}],"about":[{"href":"https:\/\/petproducts.com.cn\/it\/wp-json\/wp\/v2\/types\/product"}],"version-history":[{"count":2,"href":"https:\/\/petproducts.com.cn\/it\/wp-json\/wp\/v2\/product\/26574\/revisions"}],"predecessor-version":[{"id":26576,"href":"https:\/\/petproducts.com.cn\/it\/wp-json\/wp\/v2\/product\/26574\/revisions\/26576"}],"wp:featuredmedia":[{"embeddable":true,"href":"https:\/\/petproducts.com.cn\/it\/wp-json\/wp\/v2\/media\/26582"}],"wp:attachment":[{"href":"https:\/\/petproducts.com.cn\/it\/wp-json\/wp\/v2\/media?parent=26574"}],"wp:term":[{"taxonomy":"product_brand","embeddable":true,"href":"https:\/\/petproducts.com.cn\/it\/wp-json\/wp\/v2\/product_brand?post=26574"},{"taxonomy":"product_cat","embeddable":true,"href":"https:\/\/petproducts.com.cn\/it\/wp-json\/wp\/v2\/product_cat?post=26574"},{"taxonomy":"product_tag","embeddable":true,"href":"https:\/\/petproducts.com.cn\/it\/wp-json\/wp\/v2\/product_tag?post=26574"}],"curies":[{"name":"wp","href":"https:\/\/api.w.org\/{rel}","templated":true}]}}