{"id":26583,"date":"2024-07-03T06:25:11","date_gmt":"2024-07-03T06:25:11","guid":{"rendered":"https:\/\/petproducts.com.cn\/?post_type=product&#038;p=26583"},"modified":"2024-07-03T07:05:21","modified_gmt":"2024-07-03T07:05:21","slug":"rabbit-teepee-bed-small-animal-bunny-tent-bed","status":"publish","type":"product","link":"https:\/\/petproducts.com.cn\/it\/product\/rabbit-teepee-bed-small-animal-bunny-tent-bed\/","title":{"rendered":"Letto in teepee per conigli Letto per tende per piccoli animali"},"content":{"rendered":"<h2>Caratteristiche del letto a tenda per conigli<\/h2>\n<ul>\n<li><strong>Facile da montare e smontare<\/strong> La nostra cuccia per conigli \u00e8 incredibilmente facile da montare e smontare. Grazie al suo design semplice, \u00e8 possibile montarlo rapidamente, assicurando al vostro coniglietto un luogo di riposo confortevole in pochissimo tempo. Questa caratteristica rende comodo spostare e riporre il letto secondo le necessit\u00e0.<\/li>\n<li><strong>Struttura in legno resistente<\/strong> Rimarrete colpiti dalla resistente struttura in legno del nostro letto a tenda per coniglietti. La robusta struttura assicura stabilit\u00e0 e longevit\u00e0, fornendo un ambiente sicuro per il vostro animale domestico. Questa struttura di alta qualit\u00e0 garantisce che il letto resista all'uso quotidiano e rimanga in ottime condizioni.<\/li>\n<li><strong>Tenda per porta regolabile<\/strong> Vi piacer\u00e0 la tenda regolabile della porta del nostro letto tenda per coniglietti. Potete facilmente tirare la tenda da un lato e legarla, dando al vostro coniglietto la possibilit\u00e0 di avere un ingresso aperto o chiuso. Questa caratteristica aggiunge funzionalit\u00e0 al letto e consente di creare uno spazio accogliente e chiuso per il vostro animale domestico.<\/li>\n<li><strong>Interni confortevoli e invitanti<\/strong> Apprezzerete l'interno confortevole e invitante della nostra tenda-letto per conigli. Il tessuto morbido e felpato all'interno del teepee offre uno spazio caldo e accogliente per il relax del vostro coniglio. Questo comfort assicura che il vostro animale si senta sicuro e soddisfatto nel suo nuovo rifugio.<\/li>\n<\/ul>","protected":false},"excerpt":{"rendered":"<p>Siamo un produttore di forniture per conigli da compagnia con oltre 20 anni di esperienza. Offriamo opzioni di personalizzazione per colore, dimensione, tessuto, modello, logo e altre caratteristiche.<\/p>","protected":false},"featured_media":26588,"template":"","meta":{"_acf_changed":false},"product_brand":[],"product_cat":[158,164,156],"product_tag":[165,160],"class_list":{"0":"post-26583","1":"product","2":"type-product","3":"status-publish","4":"has-post-thumbnail","6":"product_cat-other-animal-supplies","7":"product_cat-rabbit-supplies","8":"product_cat-small-animal-supplies","9":"product_tag-rabbit-supplies","10":"product_tag-small-animal-supplies","12":"first","13":"instock","14":"shipping-taxable","15":"product-type-simple"},"acf":[],"yoast_head":"<!-- This site is optimized with the Yoast SEO plugin v27.1.1 - https:\/\/yoast.com\/product\/yoast-seo-wordpress\/ -->\n<title>Rabbit Teepee Bed | Small Animal Bed Manufacturer - Petstar<\/title>\n<meta name=\"description\" content=\"Explore rabbit teepee bed, bunny tent bed, and small animal beds from the rabbit supplies manufacturer. Your ideal business solution with Petstar.\" \/>\n<meta name=\"robots\" content=\"index, follow, max-snippet:-1, max-image-preview:large, max-video-preview:-1\" \/>\n<link rel=\"canonical\" href=\"https:\/\/petproducts.com.cn\/it\/prodotto\/rabbit-teepee-bed-small-animal-bunny-tent-bed\/\" \/>\n<meta property=\"og:locale\" content=\"it_IT\" \/>\n<meta property=\"og:type\" content=\"article\" \/>\n<meta property=\"og:title\" content=\"Rabbit Teepee Bed | Small Animal Bed Manufacturer - Petstar\" \/>\n<meta property=\"og:description\" content=\"Explore rabbit teepee bed, bunny tent bed, and small animal beds from the rabbit supplies manufacturer. Your ideal business solution with Petstar.\" \/>\n<meta property=\"og:url\" content=\"https:\/\/petproducts.com.cn\/it\/prodotto\/rabbit-teepee-bed-small-animal-bunny-tent-bed\/\" \/>\n<meta property=\"og:site_name\" content=\"Petstar\" \/>\n<meta property=\"article:modified_time\" content=\"2024-07-03T07:05:21+00:00\" \/>\n<meta property=\"og:image\" content=\"https:\/\/petproducts.com.cn\/wp-content\/uploads\/2024\/07\/rabbit-teepee-bed.webp\" \/>\n\t<meta property=\"og:image:width\" content=\"800\" \/>\n\t<meta property=\"og:image:height\" content=\"800\" \/>\n\t<meta property=\"og:image:type\" content=\"image\/webp\" \/>\n<meta name=\"twitter:card\" content=\"summary_large_image\" \/>\n<meta name=\"twitter:label1\" content=\"Tempo di lettura stimato\" \/>\n\t<meta name=\"twitter:data1\" content=\"2 minuti\" \/>\n<script type=\"application\/ld+json\" class=\"yoast-schema-graph\">{\"@context\":\"https:\/\/schema.org\",\"@graph\":[{\"@type\":\"WebPage\",\"@id\":\"https:\/\/petproducts.com.cn\/product\/rabbit-teepee-bed-small-animal-bunny-tent-bed\/\",\"url\":\"https:\/\/petproducts.com.cn\/product\/rabbit-teepee-bed-small-animal-bunny-tent-bed\/\",\"name\":\"Rabbit Teepee Bed | Small Animal Bed Manufacturer - Petstar\",\"isPartOf\":{\"@id\":\"https:\/\/petproducts.com.cn\/#website\"},\"primaryImageOfPage\":{\"@id\":\"https:\/\/petproducts.com.cn\/product\/rabbit-teepee-bed-small-animal-bunny-tent-bed\/#primaryimage\"},\"image\":{\"@id\":\"https:\/\/petproducts.com.cn\/product\/rabbit-teepee-bed-small-animal-bunny-tent-bed\/#primaryimage\"},\"thumbnailUrl\":\"https:\/\/petproducts.com.cn\/wp-content\/uploads\/2024\/07\/rabbit-teepee-bed.webp\",\"datePublished\":\"2024-07-03T06:25:11+00:00\",\"dateModified\":\"2024-07-03T07:05:21+00:00\",\"description\":\"Explore rabbit teepee bed, bunny tent bed, and small animal beds from the rabbit supplies manufacturer. Your ideal business solution with Petstar.\",\"breadcrumb\":{\"@id\":\"https:\/\/petproducts.com.cn\/product\/rabbit-teepee-bed-small-animal-bunny-tent-bed\/#breadcrumb\"},\"inLanguage\":\"it-IT\",\"potentialAction\":[{\"@type\":\"ReadAction\",\"target\":[\"https:\/\/petproducts.com.cn\/product\/rabbit-teepee-bed-small-animal-bunny-tent-bed\/\"]}]},{\"@type\":\"ImageObject\",\"inLanguage\":\"it-IT\",\"@id\":\"https:\/\/petproducts.com.cn\/product\/rabbit-teepee-bed-small-animal-bunny-tent-bed\/#primaryimage\",\"url\":\"https:\/\/petproducts.com.cn\/wp-content\/uploads\/2024\/07\/rabbit-teepee-bed.webp\",\"contentUrl\":\"https:\/\/petproducts.com.cn\/wp-content\/uploads\/2024\/07\/rabbit-teepee-bed.webp\",\"width\":800,\"height\":800,\"caption\":\"rabbit teepee bed\"},{\"@type\":\"BreadcrumbList\",\"@id\":\"https:\/\/petproducts.com.cn\/product\/rabbit-teepee-bed-small-animal-bunny-tent-bed\/#breadcrumb\",\"itemListElement\":[{\"@type\":\"ListItem\",\"position\":1,\"name\":\"HOME\",\"item\":\"https:\/\/petproducts.com.cn\/\"},{\"@type\":\"ListItem\",\"position\":2,\"name\":\"Products\",\"item\":\"https:\/\/petproducts.com.cn\/shop\/\"},{\"@type\":\"ListItem\",\"position\":3,\"name\":\"Rabbit Supplies\",\"item\":\"https:\/\/petproducts.com.cn\/product-category\/rabbit-supplies\/\"},{\"@type\":\"ListItem\",\"position\":4,\"name\":\"Rabbit Teepee Bed Small Animal Bunny Tent Bed\"}]},{\"@type\":\"WebSite\",\"@id\":\"https:\/\/petproducts.com.cn\/#website\",\"url\":\"https:\/\/petproducts.com.cn\/\",\"name\":\"Petstar\",\"description\":\"Leading Pet Supplies Manufacturer &amp; OEM Pet Products Supplier\",\"publisher\":{\"@id\":\"https:\/\/petproducts.com.cn\/#organization\"},\"alternateName\":\"Petstar Pet Supplies\",\"potentialAction\":[{\"@type\":\"SearchAction\",\"target\":{\"@type\":\"EntryPoint\",\"urlTemplate\":\"https:\/\/petproducts.com.cn\/?s={search_term_string}\"},\"query-input\":{\"@type\":\"PropertyValueSpecification\",\"valueRequired\":true,\"valueName\":\"search_term_string\"}}],\"inLanguage\":\"it-IT\"},{\"@type\":\"Organization\",\"@id\":\"https:\/\/petproducts.com.cn\/#organization\",\"name\":\"Petstar\",\"url\":\"https:\/\/petproducts.com.cn\/\",\"logo\":{\"@type\":\"ImageObject\",\"inLanguage\":\"it-IT\",\"@id\":\"https:\/\/petproducts.com.cn\/#\/schema\/logo\/image\/\",\"url\":\"https:\/\/petproducts.com.cn\/wp-content\/uploads\/2020\/02\/petstar-logo.webp\",\"contentUrl\":\"https:\/\/petproducts.com.cn\/wp-content\/uploads\/2020\/02\/petstar-logo.webp\",\"width\":779,\"height\":520,\"caption\":\"Petstar\"},\"image\":{\"@id\":\"https:\/\/petproducts.com.cn\/#\/schema\/logo\/image\/\"}}]}<\/script>\n<!-- \/ Yoast SEO plugin. -->","yoast_head_json":{"title":"Letto per conigli Teepee | Letto per piccoli animali Produttore - Petstar","description":"Esplorate il letto a tenda per conigli, il letto a tenda per conigli e le cucce per piccoli animali del produttore di forniture per conigli. La vostra soluzione commerciale ideale con Petstar.","robots":{"index":"index","follow":"follow","max-snippet":"max-snippet:-1","max-image-preview":"max-image-preview:large","max-video-preview":"max-video-preview:-1"},"canonical":"https:\/\/petproducts.com.cn\/it\/prodotto\/rabbit-teepee-bed-small-animal-bunny-tent-bed\/","og_locale":"it_IT","og_type":"article","og_title":"Rabbit Teepee Bed | Small Animal Bed Manufacturer - Petstar","og_description":"Explore rabbit teepee bed, bunny tent bed, and small animal beds from the rabbit supplies manufacturer. Your ideal business solution with Petstar.","og_url":"https:\/\/petproducts.com.cn\/it\/prodotto\/rabbit-teepee-bed-small-animal-bunny-tent-bed\/","og_site_name":"Petstar","article_modified_time":"2024-07-03T07:05:21+00:00","og_image":[{"width":800,"height":800,"url":"https:\/\/petproducts.com.cn\/wp-content\/uploads\/2024\/07\/rabbit-teepee-bed.webp","type":"image\/webp"}],"twitter_card":"summary_large_image","twitter_misc":{"Tempo di lettura stimato":"2 minuti"},"schema":{"@context":"https:\/\/schema.org","@graph":[{"@type":"WebPage","@id":"https:\/\/petproducts.com.cn\/product\/rabbit-teepee-bed-small-animal-bunny-tent-bed\/","url":"https:\/\/petproducts.com.cn\/product\/rabbit-teepee-bed-small-animal-bunny-tent-bed\/","name":"Letto per conigli Teepee | Letto per piccoli animali Produttore - Petstar","isPartOf":{"@id":"https:\/\/petproducts.com.cn\/#website"},"primaryImageOfPage":{"@id":"https:\/\/petproducts.com.cn\/product\/rabbit-teepee-bed-small-animal-bunny-tent-bed\/#primaryimage"},"image":{"@id":"https:\/\/petproducts.com.cn\/product\/rabbit-teepee-bed-small-animal-bunny-tent-bed\/#primaryimage"},"thumbnailUrl":"https:\/\/petproducts.com.cn\/wp-content\/uploads\/2024\/07\/rabbit-teepee-bed.webp","datePublished":"2024-07-03T06:25:11+00:00","dateModified":"2024-07-03T07:05:21+00:00","description":"Esplorate il letto a tenda per conigli, il letto a tenda per conigli e le cucce per piccoli animali del produttore di forniture per conigli. La vostra soluzione commerciale ideale con Petstar.","breadcrumb":{"@id":"https:\/\/petproducts.com.cn\/product\/rabbit-teepee-bed-small-animal-bunny-tent-bed\/#breadcrumb"},"inLanguage":"it-IT","potentialAction":[{"@type":"ReadAction","target":["https:\/\/petproducts.com.cn\/product\/rabbit-teepee-bed-small-animal-bunny-tent-bed\/"]}]},{"@type":"ImageObject","inLanguage":"it-IT","@id":"https:\/\/petproducts.com.cn\/product\/rabbit-teepee-bed-small-animal-bunny-tent-bed\/#primaryimage","url":"https:\/\/petproducts.com.cn\/wp-content\/uploads\/2024\/07\/rabbit-teepee-bed.webp","contentUrl":"https:\/\/petproducts.com.cn\/wp-content\/uploads\/2024\/07\/rabbit-teepee-bed.webp","width":800,"height":800,"caption":"rabbit teepee bed"},{"@type":"BreadcrumbList","@id":"https:\/\/petproducts.com.cn\/product\/rabbit-teepee-bed-small-animal-bunny-tent-bed\/#breadcrumb","itemListElement":[{"@type":"ListItem","position":1,"name":"HOME","item":"https:\/\/petproducts.com.cn\/"},{"@type":"ListItem","position":2,"name":"Products","item":"https:\/\/petproducts.com.cn\/shop\/"},{"@type":"ListItem","position":3,"name":"Rabbit Supplies","item":"https:\/\/petproducts.com.cn\/product-category\/rabbit-supplies\/"},{"@type":"ListItem","position":4,"name":"Rabbit Teepee Bed Small Animal Bunny Tent Bed"}]},{"@type":"WebSite","@id":"https:\/\/petproducts.com.cn\/#website","url":"https:\/\/petproducts.com.cn\/","name":"Petstar","description":"Produttore leader di forniture per animali domestici e fornitore di prodotti OEM per animali domestici","publisher":{"@id":"https:\/\/petproducts.com.cn\/#organization"},"alternateName":"Petstar Pet Supplies","potentialAction":[{"@type":"SearchAction","target":{"@type":"EntryPoint","urlTemplate":"https:\/\/petproducts.com.cn\/?s={search_term_string}"},"query-input":{"@type":"PropertyValueSpecification","valueRequired":true,"valueName":"search_term_string"}}],"inLanguage":"it-IT"},{"@type":"Organization","@id":"https:\/\/petproducts.com.cn\/#organization","name":"Petstar","url":"https:\/\/petproducts.com.cn\/","logo":{"@type":"ImageObject","inLanguage":"it-IT","@id":"https:\/\/petproducts.com.cn\/#\/schema\/logo\/image\/","url":"https:\/\/petproducts.com.cn\/wp-content\/uploads\/2020\/02\/petstar-logo.webp","contentUrl":"https:\/\/petproducts.com.cn\/wp-content\/uploads\/2020\/02\/petstar-logo.webp","width":779,"height":520,"caption":"Petstar"},"image":{"@id":"https:\/\/petproducts.com.cn\/#\/schema\/logo\/image\/"}}]}},"_links":{"self":[{"href":"https:\/\/petproducts.com.cn\/it\/wp-json\/wp\/v2\/product\/26583","targetHints":{"allow":["GET"]}}],"collection":[{"href":"https:\/\/petproducts.com.cn\/it\/wp-json\/wp\/v2\/product"}],"about":[{"href":"https:\/\/petproducts.com.cn\/it\/wp-json\/wp\/v2\/types\/product"}],"version-history":[{"count":1,"href":"https:\/\/petproducts.com.cn\/it\/wp-json\/wp\/v2\/product\/26583\/revisions"}],"predecessor-version":[{"id":26584,"href":"https:\/\/petproducts.com.cn\/it\/wp-json\/wp\/v2\/product\/26583\/revisions\/26584"}],"wp:featuredmedia":[{"embeddable":true,"href":"https:\/\/petproducts.com.cn\/it\/wp-json\/wp\/v2\/media\/26588"}],"wp:attachment":[{"href":"https:\/\/petproducts.com.cn\/it\/wp-json\/wp\/v2\/media?parent=26583"}],"wp:term":[{"taxonomy":"product_brand","embeddable":true,"href":"https:\/\/petproducts.com.cn\/it\/wp-json\/wp\/v2\/product_brand?post=26583"},{"taxonomy":"product_cat","embeddable":true,"href":"https:\/\/petproducts.com.cn\/it\/wp-json\/wp\/v2\/product_cat?post=26583"},{"taxonomy":"product_tag","embeddable":true,"href":"https:\/\/petproducts.com.cn\/it\/wp-json\/wp\/v2\/product_tag?post=26583"}],"curies":[{"name":"wp","href":"https:\/\/api.w.org\/{rel}","templated":true}]}}