{"id":26889,"date":"2024-07-11T02:53:19","date_gmt":"2024-07-11T02:53:19","guid":{"rendered":"https:\/\/petproducts.com.cn\/?post_type=product&#038;p=26889"},"modified":"2024-07-11T03:09:24","modified_gmt":"2024-07-11T03:09:24","slug":"pet-carrier-backpack-dog-carrier-cat-bag","status":"publish","type":"product","link":"https:\/\/petproducts.com.cn\/it\/product\/pet-carrier-backpack-dog-carrier-cat-bag\/","title":{"rendered":"Borsa per gatti con zaino per trasportini per cani"},"content":{"rendered":"<h2>Caratteristiche dello zaino porta animali<\/h2>\n<ul>\n<li><strong>Design spazioso<\/strong> L'ampio spazio interno di questo zaino trasportatore per animali domestici offre un ampio spazio per il vostro cane o gatto. Questo design spazioso assicura che il vostro animale si senta a suo agio e abbia abbastanza spazio per muoversi, rendendo il viaggio meno stressante.<\/li>\n<li><strong>Materiale traspirante<\/strong> Apprezzerete il tessuto traspirante e i pannelli in rete di questo trasportino per cani. Questi materiali assicurano un'eccellente ventilazione, mantenendo il vostro animale fresco e comodo durante i viaggi. Un flusso d'aria adeguato \u00e8 fondamentale per mantenere il benessere del vostro animale, soprattutto durante i lunghi viaggi.<\/li>\n<li><strong>Uso multifunzionale<\/strong> Questo zaino porta animali \u00e8 estremamente versatile. Pu\u00f2 essere utilizzato per diverse attivit\u00e0, come escursioni, viaggi e spostamenti quotidiani. Il suo design multifunzionale lo rende adatto a diversi scenari, offrendo una soluzione conveniente per il trasporto degli animali domestici.<\/li>\n<li><strong>Comode tasche portaoggetti<\/strong> Questa borsa per gatti \u00e8 dotata di numerose tasche per riporre gli oggetti. Queste tasche consentono di trasportare oggetti essenziali come croccantini, giocattoli e bottiglie d'acqua, assicurandovi di avere tutto il necessario per il vostro animale in viaggio.<\/li>\n<li><strong>Design pieghevole<\/strong> Apprezzerete il design pieghevole di questo zaino porta animali, che lo rende facile da riporre quando non viene utilizzato. Questa caratteristica consente di risparmiare spazio e di mantenere la casa organizzata, poich\u00e9 lo zaino pu\u00f2 essere piegato e riposto in modo ordinato.<\/li>\n<li><strong>Comodo da trasportare<\/strong> Il design ergonomico di questo trasportino per cani, che include spallacci imbottiti per un maggiore comfort, vi piacer\u00e0. Trasportare il vostro animale domestico diventer\u00e0 un gioco da ragazzi, riducendo lo sforzo sulle spalle e sulla schiena durante i lunghi viaggi.<\/li>\n<\/ul>","protected":false},"excerpt":{"rendered":"<p>Pet Carrier Backpack Dog Carrier Cat Bag YE130281 \u00e8 una scelta eccellente per i proprietari di animali domestici che cercano un modo affidabile, elegante e comodo per trasportare i loro animali.<\/p>","protected":false},"featured_media":26896,"template":"","meta":{"_acf_changed":false},"product_brand":[],"product_cat":[133,71,132,72],"product_tag":[145,144],"class_list":{"0":"post-26889","1":"product","2":"type-product","3":"status-publish","4":"has-post-thumbnail","6":"product_cat-cat-carriers-car-supplies","7":"product_cat-cat-supplies","8":"product_cat-dog-carriers-car-supplies","9":"product_cat-dog-supplies","10":"product_tag-cat-carriers-car-supplies","11":"product_tag-dog-carriers-car-supplies","13":"first","14":"instock","15":"shipping-taxable","16":"product-type-simple"},"acf":[],"yoast_head":"<!-- This site is optimized with the Yoast SEO plugin v27.1.1 - https:\/\/yoast.com\/product\/yoast-seo-wordpress\/ -->\n<title>Pet Carrier Backpack | Dog Carrier Cat Bag Manufacturer - Petstar<\/title>\n<meta name=\"description\" content=\"Explore pet carrier backpack, dog carrier, and cat bag backpack from the manufacturer. Your ideal business solution with Petstar.\" \/>\n<meta name=\"robots\" content=\"index, follow, max-snippet:-1, max-image-preview:large, max-video-preview:-1\" \/>\n<link rel=\"canonical\" href=\"https:\/\/petproducts.com.cn\/it\/prodotto\/pet-carrier-backpack-dog-carrier-cat-bag\/\" \/>\n<meta property=\"og:locale\" content=\"it_IT\" \/>\n<meta property=\"og:type\" content=\"article\" \/>\n<meta property=\"og:title\" content=\"Pet Carrier Backpack | Dog Carrier Cat Bag Manufacturer - Petstar\" \/>\n<meta property=\"og:description\" content=\"Explore pet carrier backpack, dog carrier, and cat bag backpack from the manufacturer. Your ideal business solution with Petstar.\" \/>\n<meta property=\"og:url\" content=\"https:\/\/petproducts.com.cn\/it\/prodotto\/pet-carrier-backpack-dog-carrier-cat-bag\/\" \/>\n<meta property=\"og:site_name\" content=\"Petstar\" \/>\n<meta property=\"article:modified_time\" content=\"2024-07-11T03:09:24+00:00\" \/>\n<meta property=\"og:image\" content=\"https:\/\/petproducts.com.cn\/wp-content\/uploads\/2024\/07\/pet-carrier-backpack.webp\" \/>\n\t<meta property=\"og:image:width\" content=\"800\" \/>\n\t<meta property=\"og:image:height\" content=\"800\" \/>\n\t<meta property=\"og:image:type\" content=\"image\/webp\" \/>\n<meta name=\"twitter:card\" content=\"summary_large_image\" \/>\n<meta name=\"twitter:label1\" content=\"Tempo di lettura stimato\" \/>\n\t<meta name=\"twitter:data1\" content=\"2 minuti\" \/>\n<script type=\"application\/ld+json\" class=\"yoast-schema-graph\">{\"@context\":\"https:\/\/schema.org\",\"@graph\":[{\"@type\":\"WebPage\",\"@id\":\"https:\/\/petproducts.com.cn\/product\/pet-carrier-backpack-dog-carrier-cat-bag\/\",\"url\":\"https:\/\/petproducts.com.cn\/product\/pet-carrier-backpack-dog-carrier-cat-bag\/\",\"name\":\"Pet Carrier Backpack | Dog Carrier Cat Bag Manufacturer - Petstar\",\"isPartOf\":{\"@id\":\"https:\/\/petproducts.com.cn\/#website\"},\"primaryImageOfPage\":{\"@id\":\"https:\/\/petproducts.com.cn\/product\/pet-carrier-backpack-dog-carrier-cat-bag\/#primaryimage\"},\"image\":{\"@id\":\"https:\/\/petproducts.com.cn\/product\/pet-carrier-backpack-dog-carrier-cat-bag\/#primaryimage\"},\"thumbnailUrl\":\"https:\/\/petproducts.com.cn\/wp-content\/uploads\/2024\/07\/pet-carrier-backpack.webp\",\"datePublished\":\"2024-07-11T02:53:19+00:00\",\"dateModified\":\"2024-07-11T03:09:24+00:00\",\"description\":\"Explore pet carrier backpack, dog carrier, and cat bag backpack from the manufacturer. Your ideal business solution with Petstar.\",\"breadcrumb\":{\"@id\":\"https:\/\/petproducts.com.cn\/product\/pet-carrier-backpack-dog-carrier-cat-bag\/#breadcrumb\"},\"inLanguage\":\"it-IT\",\"potentialAction\":[{\"@type\":\"ReadAction\",\"target\":[\"https:\/\/petproducts.com.cn\/product\/pet-carrier-backpack-dog-carrier-cat-bag\/\"]}]},{\"@type\":\"ImageObject\",\"inLanguage\":\"it-IT\",\"@id\":\"https:\/\/petproducts.com.cn\/product\/pet-carrier-backpack-dog-carrier-cat-bag\/#primaryimage\",\"url\":\"https:\/\/petproducts.com.cn\/wp-content\/uploads\/2024\/07\/pet-carrier-backpack.webp\",\"contentUrl\":\"https:\/\/petproducts.com.cn\/wp-content\/uploads\/2024\/07\/pet-carrier-backpack.webp\",\"width\":800,\"height\":800,\"caption\":\"pet carrier backpack\"},{\"@type\":\"BreadcrumbList\",\"@id\":\"https:\/\/petproducts.com.cn\/product\/pet-carrier-backpack-dog-carrier-cat-bag\/#breadcrumb\",\"itemListElement\":[{\"@type\":\"ListItem\",\"position\":1,\"name\":\"HOME\",\"item\":\"https:\/\/petproducts.com.cn\/\"},{\"@type\":\"ListItem\",\"position\":2,\"name\":\"Products\",\"item\":\"https:\/\/petproducts.com.cn\/shop\/\"},{\"@type\":\"ListItem\",\"position\":3,\"name\":\"Dog Carriers &amp; Car Supplies\",\"item\":\"https:\/\/petproducts.com.cn\/product-category\/dog-carriers-car-supplies\/\"},{\"@type\":\"ListItem\",\"position\":4,\"name\":\"Pet Carrier Backpack Dog Carrier Cat Bag\"}]},{\"@type\":\"WebSite\",\"@id\":\"https:\/\/petproducts.com.cn\/#website\",\"url\":\"https:\/\/petproducts.com.cn\/\",\"name\":\"Petstar\",\"description\":\"Leading Pet Supplies Manufacturer &amp; OEM Pet Products Supplier\",\"publisher\":{\"@id\":\"https:\/\/petproducts.com.cn\/#organization\"},\"alternateName\":\"Petstar Pet Supplies\",\"potentialAction\":[{\"@type\":\"SearchAction\",\"target\":{\"@type\":\"EntryPoint\",\"urlTemplate\":\"https:\/\/petproducts.com.cn\/?s={search_term_string}\"},\"query-input\":{\"@type\":\"PropertyValueSpecification\",\"valueRequired\":true,\"valueName\":\"search_term_string\"}}],\"inLanguage\":\"it-IT\"},{\"@type\":\"Organization\",\"@id\":\"https:\/\/petproducts.com.cn\/#organization\",\"name\":\"Petstar\",\"url\":\"https:\/\/petproducts.com.cn\/\",\"logo\":{\"@type\":\"ImageObject\",\"inLanguage\":\"it-IT\",\"@id\":\"https:\/\/petproducts.com.cn\/#\/schema\/logo\/image\/\",\"url\":\"https:\/\/petproducts.com.cn\/wp-content\/uploads\/2020\/02\/petstar-logo.webp\",\"contentUrl\":\"https:\/\/petproducts.com.cn\/wp-content\/uploads\/2020\/02\/petstar-logo.webp\",\"width\":779,\"height\":520,\"caption\":\"Petstar\"},\"image\":{\"@id\":\"https:\/\/petproducts.com.cn\/#\/schema\/logo\/image\/\"}}]}<\/script>\n<!-- \/ Yoast SEO plugin. -->","yoast_head_json":{"title":"Pet Carrier Backpack | Dog Carrier Cat Bag Produttore - Petstar","description":"Esplorate lo zaino porta animali, il trasportino per cani e lo zaino porta gatti del produttore. La vostra soluzione commerciale ideale con Petstar.","robots":{"index":"index","follow":"follow","max-snippet":"max-snippet:-1","max-image-preview":"max-image-preview:large","max-video-preview":"max-video-preview:-1"},"canonical":"https:\/\/petproducts.com.cn\/it\/prodotto\/pet-carrier-backpack-dog-carrier-cat-bag\/","og_locale":"it_IT","og_type":"article","og_title":"Pet Carrier Backpack | Dog Carrier Cat Bag Manufacturer - Petstar","og_description":"Explore pet carrier backpack, dog carrier, and cat bag backpack from the manufacturer. Your ideal business solution with Petstar.","og_url":"https:\/\/petproducts.com.cn\/it\/prodotto\/pet-carrier-backpack-dog-carrier-cat-bag\/","og_site_name":"Petstar","article_modified_time":"2024-07-11T03:09:24+00:00","og_image":[{"width":800,"height":800,"url":"https:\/\/petproducts.com.cn\/wp-content\/uploads\/2024\/07\/pet-carrier-backpack.webp","type":"image\/webp"}],"twitter_card":"summary_large_image","twitter_misc":{"Tempo di lettura stimato":"2 minuti"},"schema":{"@context":"https:\/\/schema.org","@graph":[{"@type":"WebPage","@id":"https:\/\/petproducts.com.cn\/product\/pet-carrier-backpack-dog-carrier-cat-bag\/","url":"https:\/\/petproducts.com.cn\/product\/pet-carrier-backpack-dog-carrier-cat-bag\/","name":"Pet Carrier Backpack | Dog Carrier Cat Bag Produttore - Petstar","isPartOf":{"@id":"https:\/\/petproducts.com.cn\/#website"},"primaryImageOfPage":{"@id":"https:\/\/petproducts.com.cn\/product\/pet-carrier-backpack-dog-carrier-cat-bag\/#primaryimage"},"image":{"@id":"https:\/\/petproducts.com.cn\/product\/pet-carrier-backpack-dog-carrier-cat-bag\/#primaryimage"},"thumbnailUrl":"https:\/\/petproducts.com.cn\/wp-content\/uploads\/2024\/07\/pet-carrier-backpack.webp","datePublished":"2024-07-11T02:53:19+00:00","dateModified":"2024-07-11T03:09:24+00:00","description":"Esplorate lo zaino porta animali, il trasportino per cani e lo zaino porta gatti del produttore. La vostra soluzione commerciale ideale con Petstar.","breadcrumb":{"@id":"https:\/\/petproducts.com.cn\/product\/pet-carrier-backpack-dog-carrier-cat-bag\/#breadcrumb"},"inLanguage":"it-IT","potentialAction":[{"@type":"ReadAction","target":["https:\/\/petproducts.com.cn\/product\/pet-carrier-backpack-dog-carrier-cat-bag\/"]}]},{"@type":"ImageObject","inLanguage":"it-IT","@id":"https:\/\/petproducts.com.cn\/product\/pet-carrier-backpack-dog-carrier-cat-bag\/#primaryimage","url":"https:\/\/petproducts.com.cn\/wp-content\/uploads\/2024\/07\/pet-carrier-backpack.webp","contentUrl":"https:\/\/petproducts.com.cn\/wp-content\/uploads\/2024\/07\/pet-carrier-backpack.webp","width":800,"height":800,"caption":"pet carrier backpack"},{"@type":"BreadcrumbList","@id":"https:\/\/petproducts.com.cn\/product\/pet-carrier-backpack-dog-carrier-cat-bag\/#breadcrumb","itemListElement":[{"@type":"ListItem","position":1,"name":"HOME","item":"https:\/\/petproducts.com.cn\/"},{"@type":"ListItem","position":2,"name":"Products","item":"https:\/\/petproducts.com.cn\/shop\/"},{"@type":"ListItem","position":3,"name":"Dog Carriers &amp; Car Supplies","item":"https:\/\/petproducts.com.cn\/product-category\/dog-carriers-car-supplies\/"},{"@type":"ListItem","position":4,"name":"Pet Carrier Backpack Dog Carrier Cat Bag"}]},{"@type":"WebSite","@id":"https:\/\/petproducts.com.cn\/#website","url":"https:\/\/petproducts.com.cn\/","name":"Petstar","description":"Produttore leader di forniture per animali domestici e fornitore di prodotti OEM per animali domestici","publisher":{"@id":"https:\/\/petproducts.com.cn\/#organization"},"alternateName":"Petstar Pet Supplies","potentialAction":[{"@type":"SearchAction","target":{"@type":"EntryPoint","urlTemplate":"https:\/\/petproducts.com.cn\/?s={search_term_string}"},"query-input":{"@type":"PropertyValueSpecification","valueRequired":true,"valueName":"search_term_string"}}],"inLanguage":"it-IT"},{"@type":"Organization","@id":"https:\/\/petproducts.com.cn\/#organization","name":"Petstar","url":"https:\/\/petproducts.com.cn\/","logo":{"@type":"ImageObject","inLanguage":"it-IT","@id":"https:\/\/petproducts.com.cn\/#\/schema\/logo\/image\/","url":"https:\/\/petproducts.com.cn\/wp-content\/uploads\/2020\/02\/petstar-logo.webp","contentUrl":"https:\/\/petproducts.com.cn\/wp-content\/uploads\/2020\/02\/petstar-logo.webp","width":779,"height":520,"caption":"Petstar"},"image":{"@id":"https:\/\/petproducts.com.cn\/#\/schema\/logo\/image\/"}}]}},"_links":{"self":[{"href":"https:\/\/petproducts.com.cn\/it\/wp-json\/wp\/v2\/product\/26889","targetHints":{"allow":["GET"]}}],"collection":[{"href":"https:\/\/petproducts.com.cn\/it\/wp-json\/wp\/v2\/product"}],"about":[{"href":"https:\/\/petproducts.com.cn\/it\/wp-json\/wp\/v2\/types\/product"}],"version-history":[{"count":2,"href":"https:\/\/petproducts.com.cn\/it\/wp-json\/wp\/v2\/product\/26889\/revisions"}],"predecessor-version":[{"id":26897,"href":"https:\/\/petproducts.com.cn\/it\/wp-json\/wp\/v2\/product\/26889\/revisions\/26897"}],"wp:featuredmedia":[{"embeddable":true,"href":"https:\/\/petproducts.com.cn\/it\/wp-json\/wp\/v2\/media\/26896"}],"wp:attachment":[{"href":"https:\/\/petproducts.com.cn\/it\/wp-json\/wp\/v2\/media?parent=26889"}],"wp:term":[{"taxonomy":"product_brand","embeddable":true,"href":"https:\/\/petproducts.com.cn\/it\/wp-json\/wp\/v2\/product_brand?post=26889"},{"taxonomy":"product_cat","embeddable":true,"href":"https:\/\/petproducts.com.cn\/it\/wp-json\/wp\/v2\/product_cat?post=26889"},{"taxonomy":"product_tag","embeddable":true,"href":"https:\/\/petproducts.com.cn\/it\/wp-json\/wp\/v2\/product_tag?post=26889"}],"curies":[{"name":"wp","href":"https:\/\/api.w.org\/{rel}","templated":true}]}}