{"id":27926,"date":"2024-08-12T01:58:35","date_gmt":"2024-08-12T01:58:35","guid":{"rendered":"https:\/\/petproducts.com.cn\/?post_type=product&#038;p=27926"},"modified":"2024-08-12T02:40:39","modified_gmt":"2024-08-12T02:40:39","slug":"dog-elevated-bowl-adjustable-raised-pet-stainless-steel-dog-bowls","status":"publish","type":"product","link":"https:\/\/petproducts.com.cn\/it\/product\/dog-elevated-bowl-adjustable-raised-pet-stainless-steel-dog-bowls\/","title":{"rendered":"Ciotola rialzata per cani Ciotole per cani rialzate regolabili in acciaio inossidabile per animali domestici"},"content":{"rendered":"<h2>Caratteristiche della ciotola rialzata per cani<\/h2>\n<ul>\n<li><strong>Altezza regolabile:<\/strong> Questo set di ciotole rialzate per cani presenta quattro diversi livelli di altezza, che consentono di personalizzare la posizione della ciotola in base alle dimensioni dell'animale. Cresce con il vostro animale, offrendovi il massimo comfort dalla pubert\u00e0 all'et\u00e0 adulta.<\/li>\n<li><strong>Doppie ciotole in acciaio inox:<\/strong> Il set comprende due ciotole in acciaio inox di alta qualit\u00e0, perfette per contenere cibo e acqua. Le ciotole sono resistenti alla ruggine e alla corrosione e garantiscono un uso e un'igiene duraturi.<\/li>\n<li><strong>Design ergonomico:<\/strong> Il design rialzato favorisce una migliore digestione consentendo all'animale di mangiare in una posizione pi\u00f9 naturale. Riduce le tensioni sul collo, sulle articolazioni e sulla colonna vertebrale, rendendolo ideale per gli animali di tutte le et\u00e0, soprattutto per gli anziani.<\/li>\n<li><strong>Materiali per uso alimentare:<\/strong> Realizzate in acciaio inox alimentare, le ciotole sono sicure per l'uso quotidiano. Sono atossiche e assicurano che i pasti del vostro animale siano sempre privi di sostanze chimiche nocive.<\/li>\n<li><strong>Easy to Clean:<\/strong> Entrambe le ciotole sono staccabili e lavabili in lavastoviglie, il che rende la pulizia un gioco da ragazzi. \u00c8 sufficiente rimuovere le ciotole dal supporto e metterle in lavastoviglie per una pulizia rapida ed efficace.<\/li>\n<li><strong>Grande capacit\u00e0:<\/strong> Ogni ciotola ha una capacit\u00e0 generosa, in grado di accogliere ampie porzioni di cibo e acqua. Questo \u00e8 particolarmente utile per le razze pi\u00f9 grandi o per gli animali con un appetito abbondante.<\/li>\n<li><strong>Durable Construction:<\/strong> Il telaio robusto e i materiali di alta qualit\u00e0 assicurano che il supporto per ciotola rialzata sia abbastanza resistente da sopportare l'uso quotidiano. \u00c8 costruito per durare nel tempo, fornendo al vostro animale domestico una stazione di alimentazione affidabile per anni.<\/li>\n<\/ul>","protected":false},"excerpt":{"rendered":"<p>IL <strong>Ciotola rialzata per cani<\/strong> \u00e8 una stazione di alimentazione versatile e regolabile con due ciotole in acciaio inox, progettata per migliorare la postura alimentare dell'animale domestico, garantendo al contempo praticit\u00e0 e durata.<\/p>","protected":false},"featured_media":27929,"template":"","meta":{"_acf_changed":false},"product_brand":[],"product_cat":[134,71,127,72],"product_tag":[171,167,170],"class_list":{"0":"post-27926","1":"product","2":"type-product","3":"status-publish","4":"has-post-thumbnail","6":"product_cat-cat-feeding-watering-supplies","7":"product_cat-cat-supplies","8":"product_cat-dog-feeding-watering-supplies","9":"product_cat-dog-supplies","10":"product_tag-elevated-pet-bowls","11":"product_tag-pet-bowls","12":"product_tag-stainless-steel-pet-bowls","14":"first","15":"instock","16":"shipping-taxable","17":"product-type-simple"},"acf":[],"yoast_head":"<!-- This site is optimized with the Yoast SEO plugin v27.1.1 - https:\/\/yoast.com\/product\/yoast-seo-wordpress\/ -->\n<title>Dog Elevated Bowl | Stainless Steel Dog Bowls Manufacturer- Petstar<\/title>\n<meta name=\"description\" content=\"Explore Dog Elevated Bowl from the best pet products supplier. Petstar is a global pet supplies manufacturer. Your ideal business solution with Petstar.\" \/>\n<meta name=\"robots\" content=\"index, follow, max-snippet:-1, max-image-preview:large, max-video-preview:-1\" \/>\n<link rel=\"canonical\" href=\"https:\/\/petproducts.com.cn\/it\/prodotto\/dog-elevated-bowl-adjustable-raised-pet-stainless-steel-dog-bowls\/\" \/>\n<meta property=\"og:locale\" content=\"it_IT\" \/>\n<meta property=\"og:type\" content=\"article\" \/>\n<meta property=\"og:title\" content=\"Dog Elevated Bowl | Stainless Steel Dog Bowls Manufacturer- Petstar\" \/>\n<meta property=\"og:description\" content=\"Explore Dog Elevated Bowl from the best pet products supplier. Petstar is a global pet supplies manufacturer. Your ideal business solution with Petstar.\" \/>\n<meta property=\"og:url\" content=\"https:\/\/petproducts.com.cn\/it\/prodotto\/dog-elevated-bowl-adjustable-raised-pet-stainless-steel-dog-bowls\/\" \/>\n<meta property=\"og:site_name\" content=\"Petstar\" \/>\n<meta property=\"article:modified_time\" content=\"2024-08-12T02:40:39+00:00\" \/>\n<meta property=\"og:image\" content=\"https:\/\/petproducts.com.cn\/wp-content\/uploads\/2024\/08\/Adjustable-Raised-Pet-Stainless-Steel-Dog-Bowls.webp\" \/>\n\t<meta property=\"og:image:width\" content=\"1000\" \/>\n\t<meta property=\"og:image:height\" content=\"1000\" \/>\n\t<meta property=\"og:image:type\" content=\"image\/webp\" \/>\n<meta name=\"twitter:card\" content=\"summary_large_image\" \/>\n<meta name=\"twitter:label1\" content=\"Tempo di lettura stimato\" \/>\n\t<meta name=\"twitter:data1\" content=\"2 minuti\" \/>\n<script type=\"application\/ld+json\" class=\"yoast-schema-graph\">{\"@context\":\"https:\/\/schema.org\",\"@graph\":[{\"@type\":\"WebPage\",\"@id\":\"https:\/\/petproducts.com.cn\/product\/dog-elevated-bowl-adjustable-raised-pet-stainless-steel-dog-bowls\/\",\"url\":\"https:\/\/petproducts.com.cn\/product\/dog-elevated-bowl-adjustable-raised-pet-stainless-steel-dog-bowls\/\",\"name\":\"Dog Elevated Bowl | Stainless Steel Dog Bowls Manufacturer- Petstar\",\"isPartOf\":{\"@id\":\"https:\/\/petproducts.com.cn\/#website\"},\"primaryImageOfPage\":{\"@id\":\"https:\/\/petproducts.com.cn\/product\/dog-elevated-bowl-adjustable-raised-pet-stainless-steel-dog-bowls\/#primaryimage\"},\"image\":{\"@id\":\"https:\/\/petproducts.com.cn\/product\/dog-elevated-bowl-adjustable-raised-pet-stainless-steel-dog-bowls\/#primaryimage\"},\"thumbnailUrl\":\"https:\/\/petproducts.com.cn\/wp-content\/uploads\/2024\/08\/Adjustable-Raised-Pet-Stainless-Steel-Dog-Bowls.webp\",\"datePublished\":\"2024-08-12T01:58:35+00:00\",\"dateModified\":\"2024-08-12T02:40:39+00:00\",\"description\":\"Explore Dog Elevated Bowl from the best pet products supplier. Petstar is a global pet supplies manufacturer. Your ideal business solution with Petstar.\",\"breadcrumb\":{\"@id\":\"https:\/\/petproducts.com.cn\/product\/dog-elevated-bowl-adjustable-raised-pet-stainless-steel-dog-bowls\/#breadcrumb\"},\"inLanguage\":\"it-IT\",\"potentialAction\":[{\"@type\":\"ReadAction\",\"target\":[\"https:\/\/petproducts.com.cn\/product\/dog-elevated-bowl-adjustable-raised-pet-stainless-steel-dog-bowls\/\"]}]},{\"@type\":\"ImageObject\",\"inLanguage\":\"it-IT\",\"@id\":\"https:\/\/petproducts.com.cn\/product\/dog-elevated-bowl-adjustable-raised-pet-stainless-steel-dog-bowls\/#primaryimage\",\"url\":\"https:\/\/petproducts.com.cn\/wp-content\/uploads\/2024\/08\/Adjustable-Raised-Pet-Stainless-Steel-Dog-Bowls.webp\",\"contentUrl\":\"https:\/\/petproducts.com.cn\/wp-content\/uploads\/2024\/08\/Adjustable-Raised-Pet-Stainless-Steel-Dog-Bowls.webp\",\"width\":1000,\"height\":1000,\"caption\":\"Dog Elevated Bowl\"},{\"@type\":\"BreadcrumbList\",\"@id\":\"https:\/\/petproducts.com.cn\/product\/dog-elevated-bowl-adjustable-raised-pet-stainless-steel-dog-bowls\/#breadcrumb\",\"itemListElement\":[{\"@type\":\"ListItem\",\"position\":1,\"name\":\"HOME\",\"item\":\"https:\/\/petproducts.com.cn\/\"},{\"@type\":\"ListItem\",\"position\":2,\"name\":\"Products\",\"item\":\"https:\/\/petproducts.com.cn\/shop\/\"},{\"@type\":\"ListItem\",\"position\":3,\"name\":\"Dog Supplies\",\"item\":\"https:\/\/petproducts.com.cn\/product-category\/dog-supplies\/\"},{\"@type\":\"ListItem\",\"position\":4,\"name\":\"Dog Elevated Bowl Adjustable Raised Pet Stainless Steel Dog Bowls\"}]},{\"@type\":\"WebSite\",\"@id\":\"https:\/\/petproducts.com.cn\/#website\",\"url\":\"https:\/\/petproducts.com.cn\/\",\"name\":\"Petstar\",\"description\":\"Leading Pet Supplies Manufacturer &amp; OEM Pet Products Supplier\",\"publisher\":{\"@id\":\"https:\/\/petproducts.com.cn\/#organization\"},\"alternateName\":\"Petstar Pet Supplies\",\"potentialAction\":[{\"@type\":\"SearchAction\",\"target\":{\"@type\":\"EntryPoint\",\"urlTemplate\":\"https:\/\/petproducts.com.cn\/?s={search_term_string}\"},\"query-input\":{\"@type\":\"PropertyValueSpecification\",\"valueRequired\":true,\"valueName\":\"search_term_string\"}}],\"inLanguage\":\"it-IT\"},{\"@type\":\"Organization\",\"@id\":\"https:\/\/petproducts.com.cn\/#organization\",\"name\":\"Petstar\",\"url\":\"https:\/\/petproducts.com.cn\/\",\"logo\":{\"@type\":\"ImageObject\",\"inLanguage\":\"it-IT\",\"@id\":\"https:\/\/petproducts.com.cn\/#\/schema\/logo\/image\/\",\"url\":\"https:\/\/petproducts.com.cn\/wp-content\/uploads\/2020\/02\/petstar-logo.webp\",\"contentUrl\":\"https:\/\/petproducts.com.cn\/wp-content\/uploads\/2020\/02\/petstar-logo.webp\",\"width\":779,\"height\":520,\"caption\":\"Petstar\"},\"image\":{\"@id\":\"https:\/\/petproducts.com.cn\/#\/schema\/logo\/image\/\"}}]}<\/script>\n<!-- \/ Yoast SEO plugin. -->","yoast_head_json":{"title":"Ciotola per cani rialzata - Ciotole per cani in acciaio inox Produttore - Petstar","description":"Esplorate la ciotola rialzata per cani dal miglior fornitore di prodotti per animali. Petstar \u00e8 un produttore globale di forniture per animali domestici. La vostra soluzione commerciale ideale con Petstar.","robots":{"index":"index","follow":"follow","max-snippet":"max-snippet:-1","max-image-preview":"max-image-preview:large","max-video-preview":"max-video-preview:-1"},"canonical":"https:\/\/petproducts.com.cn\/it\/prodotto\/dog-elevated-bowl-adjustable-raised-pet-stainless-steel-dog-bowls\/","og_locale":"it_IT","og_type":"article","og_title":"Dog Elevated Bowl | Stainless Steel Dog Bowls Manufacturer- Petstar","og_description":"Explore Dog Elevated Bowl from the best pet products supplier. Petstar is a global pet supplies manufacturer. Your ideal business solution with Petstar.","og_url":"https:\/\/petproducts.com.cn\/it\/prodotto\/dog-elevated-bowl-adjustable-raised-pet-stainless-steel-dog-bowls\/","og_site_name":"Petstar","article_modified_time":"2024-08-12T02:40:39+00:00","og_image":[{"width":1000,"height":1000,"url":"https:\/\/petproducts.com.cn\/wp-content\/uploads\/2024\/08\/Adjustable-Raised-Pet-Stainless-Steel-Dog-Bowls.webp","type":"image\/webp"}],"twitter_card":"summary_large_image","twitter_misc":{"Tempo di lettura stimato":"2 minuti"},"schema":{"@context":"https:\/\/schema.org","@graph":[{"@type":"WebPage","@id":"https:\/\/petproducts.com.cn\/product\/dog-elevated-bowl-adjustable-raised-pet-stainless-steel-dog-bowls\/","url":"https:\/\/petproducts.com.cn\/product\/dog-elevated-bowl-adjustable-raised-pet-stainless-steel-dog-bowls\/","name":"Ciotola per cani rialzata - Ciotole per cani in acciaio inox Produttore - Petstar","isPartOf":{"@id":"https:\/\/petproducts.com.cn\/#website"},"primaryImageOfPage":{"@id":"https:\/\/petproducts.com.cn\/product\/dog-elevated-bowl-adjustable-raised-pet-stainless-steel-dog-bowls\/#primaryimage"},"image":{"@id":"https:\/\/petproducts.com.cn\/product\/dog-elevated-bowl-adjustable-raised-pet-stainless-steel-dog-bowls\/#primaryimage"},"thumbnailUrl":"https:\/\/petproducts.com.cn\/wp-content\/uploads\/2024\/08\/Adjustable-Raised-Pet-Stainless-Steel-Dog-Bowls.webp","datePublished":"2024-08-12T01:58:35+00:00","dateModified":"2024-08-12T02:40:39+00:00","description":"Esplorate la ciotola rialzata per cani dal miglior fornitore di prodotti per animali. Petstar \u00e8 un produttore globale di forniture per animali domestici. La vostra soluzione commerciale ideale con Petstar.","breadcrumb":{"@id":"https:\/\/petproducts.com.cn\/product\/dog-elevated-bowl-adjustable-raised-pet-stainless-steel-dog-bowls\/#breadcrumb"},"inLanguage":"it-IT","potentialAction":[{"@type":"ReadAction","target":["https:\/\/petproducts.com.cn\/product\/dog-elevated-bowl-adjustable-raised-pet-stainless-steel-dog-bowls\/"]}]},{"@type":"ImageObject","inLanguage":"it-IT","@id":"https:\/\/petproducts.com.cn\/product\/dog-elevated-bowl-adjustable-raised-pet-stainless-steel-dog-bowls\/#primaryimage","url":"https:\/\/petproducts.com.cn\/wp-content\/uploads\/2024\/08\/Adjustable-Raised-Pet-Stainless-Steel-Dog-Bowls.webp","contentUrl":"https:\/\/petproducts.com.cn\/wp-content\/uploads\/2024\/08\/Adjustable-Raised-Pet-Stainless-Steel-Dog-Bowls.webp","width":1000,"height":1000,"caption":"Dog Elevated Bowl"},{"@type":"BreadcrumbList","@id":"https:\/\/petproducts.com.cn\/product\/dog-elevated-bowl-adjustable-raised-pet-stainless-steel-dog-bowls\/#breadcrumb","itemListElement":[{"@type":"ListItem","position":1,"name":"HOME","item":"https:\/\/petproducts.com.cn\/"},{"@type":"ListItem","position":2,"name":"Products","item":"https:\/\/petproducts.com.cn\/shop\/"},{"@type":"ListItem","position":3,"name":"Dog Supplies","item":"https:\/\/petproducts.com.cn\/product-category\/dog-supplies\/"},{"@type":"ListItem","position":4,"name":"Dog Elevated Bowl Adjustable Raised Pet Stainless Steel Dog Bowls"}]},{"@type":"WebSite","@id":"https:\/\/petproducts.com.cn\/#website","url":"https:\/\/petproducts.com.cn\/","name":"Petstar","description":"Produttore leader di forniture per animali domestici e fornitore di prodotti OEM per animali domestici","publisher":{"@id":"https:\/\/petproducts.com.cn\/#organization"},"alternateName":"Petstar Pet Supplies","potentialAction":[{"@type":"SearchAction","target":{"@type":"EntryPoint","urlTemplate":"https:\/\/petproducts.com.cn\/?s={search_term_string}"},"query-input":{"@type":"PropertyValueSpecification","valueRequired":true,"valueName":"search_term_string"}}],"inLanguage":"it-IT"},{"@type":"Organization","@id":"https:\/\/petproducts.com.cn\/#organization","name":"Petstar","url":"https:\/\/petproducts.com.cn\/","logo":{"@type":"ImageObject","inLanguage":"it-IT","@id":"https:\/\/petproducts.com.cn\/#\/schema\/logo\/image\/","url":"https:\/\/petproducts.com.cn\/wp-content\/uploads\/2020\/02\/petstar-logo.webp","contentUrl":"https:\/\/petproducts.com.cn\/wp-content\/uploads\/2020\/02\/petstar-logo.webp","width":779,"height":520,"caption":"Petstar"},"image":{"@id":"https:\/\/petproducts.com.cn\/#\/schema\/logo\/image\/"}}]}},"_links":{"self":[{"href":"https:\/\/petproducts.com.cn\/it\/wp-json\/wp\/v2\/product\/27926","targetHints":{"allow":["GET"]}}],"collection":[{"href":"https:\/\/petproducts.com.cn\/it\/wp-json\/wp\/v2\/product"}],"about":[{"href":"https:\/\/petproducts.com.cn\/it\/wp-json\/wp\/v2\/types\/product"}],"version-history":[{"count":2,"href":"https:\/\/petproducts.com.cn\/it\/wp-json\/wp\/v2\/product\/27926\/revisions"}],"predecessor-version":[{"id":27928,"href":"https:\/\/petproducts.com.cn\/it\/wp-json\/wp\/v2\/product\/27926\/revisions\/27928"}],"wp:featuredmedia":[{"embeddable":true,"href":"https:\/\/petproducts.com.cn\/it\/wp-json\/wp\/v2\/media\/27929"}],"wp:attachment":[{"href":"https:\/\/petproducts.com.cn\/it\/wp-json\/wp\/v2\/media?parent=27926"}],"wp:term":[{"taxonomy":"product_brand","embeddable":true,"href":"https:\/\/petproducts.com.cn\/it\/wp-json\/wp\/v2\/product_brand?post=27926"},{"taxonomy":"product_cat","embeddable":true,"href":"https:\/\/petproducts.com.cn\/it\/wp-json\/wp\/v2\/product_cat?post=27926"},{"taxonomy":"product_tag","embeddable":true,"href":"https:\/\/petproducts.com.cn\/it\/wp-json\/wp\/v2\/product_tag?post=27926"}],"curies":[{"name":"wp","href":"https:\/\/api.w.org\/{rel}","templated":true}]}}