{"id":28236,"date":"2024-08-22T03:03:10","date_gmt":"2024-08-22T03:03:10","guid":{"rendered":"https:\/\/petproducts.com.cn\/?post_type=product&#038;p=28236"},"modified":"2024-08-26T02:29:52","modified_gmt":"2024-08-26T02:29:52","slug":"luminous-dog-harness-pet-safe-night-no-pull-reflective-dog-harness","status":"publish","type":"product","link":"https:\/\/petproducts.com.cn\/it\/product\/luminous-dog-harness-pet-safe-night-no-pull-reflective-dog-harness\/","title":{"rendered":"Pettorina luminosa per cani Pet Safe Night No Pull Pettorina riflettente per cani"},"content":{"rendered":"<h2><strong>Caratteristiche dell'imbracatura luminosa per cani<\/strong><\/h2>\n<ul>\n<li><strong>Design luminoso:<\/strong> L'imbracatura luminosa per cani si illumina al buio, garantendo la massima visibilit\u00e0 durante le passeggiate notturne. Questa caratteristica assicura che il tuo cane rimanga al sicuro e visibile, anche in condizioni di scarsa illuminazione.<\/li>\n<li><strong>Materiale riflettente:<\/strong> L'imbracatura include strisce riflettenti che catturano e riflettono la luce, migliorando la visibilit\u00e0 da tutte le angolazioni. Questa ulteriore caratteristica di sicurezza aiuta le auto e i pedoni a vedere chiaramente il tuo cane.<\/li>\n<li><strong>Design anti-tiro:<\/strong> L'imbracatura \u00e8 progettata per impedire che il cane tiri, distribuendo la pressione in modo uniforme sul torace anzich\u00e9 sul collo. Questo design riduce lo sforzo sul cane e offre un miglior controllo durante le passeggiate.<\/li>\n<li><strong>Vestibilit\u00e0 regolabile:<\/strong> Grazie alle cinghie regolabili, puoi personalizzare facilmente l'imbracatura per adattarla comodamente al tuo cane. Questa flessibilit\u00e0 garantisce una vestibilit\u00e0 perfetta per cani di diverse taglie e razze.<\/li>\n<li><strong>Durable Construction:<\/strong> Realizzata con materiali di alta qualit\u00e0, l'imbracatura \u00e8 progettata per durare nel tempo, anche con un uso regolare. La sua struttura robusta resiste all'usura, rendendola ideale per le passeggiate quotidiane.<\/li>\n<li><strong>Facile accensione e spegnimento:<\/strong> L'imbracatura \u00e8 progettata per garantire praticit\u00e0, consentendo di indossarla o toglierla rapidamente e facilmente al cane. Questa caratteristica \u00e8 particolarmente utile per i proprietari di animali domestici molto impegnati.<\/li>\n<li><strong>Design leggero:<\/strong> L'imbracatura \u00e8 leggera, quindi il tuo cane non sentir\u00e0 alcun peso mentre la indossa. Questo garantisce che il tuo cane possa muoversi liberamente e comodamente.<\/li>\n<li><strong>Aspetto elegante:<\/strong> Con il suo design elegante e moderno, l'imbracatura non solo garantisce sicurezza, ma dona anche un look fantastico al tuo cane. Questa combinazione di funzionalit\u00e0 e moda la rende un accessorio indispensabile.<\/li>\n<\/ul>\n<p style=\"text-align: center;\"><em><strong>Per saperne di pi\u00f9 <a href=\"https:\/\/petproducts.com.cn\/it\/dog-harness-manufacturer\/\">pettorine per cani<\/a>, Per favore <a href=\"https:\/\/petproducts.com.cn\/it\/contattateci\/\">Contattaci<\/a>!<\/strong><\/em><\/p>\n<p>&nbsp;<\/p>","protected":false},"excerpt":{"rendered":"<p>Garantisci la sicurezza del tuo cane durante le passeggiate notturne con questa pettorina luminosa, dotata di materiali riflettenti e di un design regolabile anti-tiro.<\/p>","protected":false},"featured_media":28244,"template":"","meta":{"_acf_changed":false},"product_brand":[],"product_cat":[124,72],"product_tag":[211],"class_list":{"0":"post-28236","1":"product","2":"type-product","3":"status-publish","4":"has-post-thumbnail","6":"product_cat-dog-collars-leashes-harnesses","7":"product_cat-dog-supplies","8":"product_tag-pet-harnesses","10":"first","11":"instock","12":"shipping-taxable","13":"product-type-simple"},"acf":[],"yoast_head":"<!-- This site is optimized with the Yoast SEO plugin v27.1.1 - https:\/\/yoast.com\/product\/yoast-seo-wordpress\/ -->\n<title>Luminous Dog Harness | Reflective Dog Harness Manufacturer - Petstar<\/title>\n<meta name=\"description\" content=\"Explore Luminous Dog Harness from the best pet product supplier. Petstar is a global pet supplies manufacturer. Your ideal business solution with Petstar.\" \/>\n<meta name=\"robots\" content=\"index, follow, max-snippet:-1, max-image-preview:large, max-video-preview:-1\" \/>\n<link rel=\"canonical\" href=\"https:\/\/petproducts.com.cn\/it\/prodotto\/luminous-dog-harness-pet-safe-night-no-pull-reflective-dog-harness\/\" \/>\n<meta property=\"og:locale\" content=\"it_IT\" \/>\n<meta property=\"og:type\" content=\"article\" \/>\n<meta property=\"og:title\" content=\"Luminous Dog Harness | Reflective Dog Harness Manufacturer - Petstar\" \/>\n<meta property=\"og:description\" content=\"Explore Luminous Dog Harness from the best pet product supplier. Petstar is a global pet supplies manufacturer. Your ideal business solution with Petstar.\" \/>\n<meta property=\"og:url\" content=\"https:\/\/petproducts.com.cn\/it\/prodotto\/luminous-dog-harness-pet-safe-night-no-pull-reflective-dog-harness\/\" \/>\n<meta property=\"og:site_name\" content=\"Petstar\" \/>\n<meta property=\"article:modified_time\" content=\"2024-08-26T02:29:52+00:00\" \/>\n<meta property=\"og:image\" content=\"https:\/\/petproducts.com.cn\/wp-content\/uploads\/2024\/08\/Luminous-Dog-Harness.webp\" \/>\n\t<meta property=\"og:image:width\" content=\"1000\" \/>\n\t<meta property=\"og:image:height\" content=\"1000\" \/>\n\t<meta property=\"og:image:type\" content=\"image\/webp\" \/>\n<meta name=\"twitter:card\" content=\"summary_large_image\" \/>\n<meta name=\"twitter:label1\" content=\"Tempo di lettura stimato\" \/>\n\t<meta name=\"twitter:data1\" content=\"2 minuti\" \/>\n<script type=\"application\/ld+json\" class=\"yoast-schema-graph\">{\"@context\":\"https:\/\/schema.org\",\"@graph\":[{\"@type\":\"WebPage\",\"@id\":\"https:\/\/petproducts.com.cn\/product\/luminous-dog-harness-pet-safe-night-no-pull-reflective-dog-harness\/\",\"url\":\"https:\/\/petproducts.com.cn\/product\/luminous-dog-harness-pet-safe-night-no-pull-reflective-dog-harness\/\",\"name\":\"Luminous Dog Harness | Reflective Dog Harness Manufacturer - Petstar\",\"isPartOf\":{\"@id\":\"https:\/\/petproducts.com.cn\/#website\"},\"primaryImageOfPage\":{\"@id\":\"https:\/\/petproducts.com.cn\/product\/luminous-dog-harness-pet-safe-night-no-pull-reflective-dog-harness\/#primaryimage\"},\"image\":{\"@id\":\"https:\/\/petproducts.com.cn\/product\/luminous-dog-harness-pet-safe-night-no-pull-reflective-dog-harness\/#primaryimage\"},\"thumbnailUrl\":\"https:\/\/petproducts.com.cn\/wp-content\/uploads\/2024\/08\/Luminous-Dog-Harness.webp\",\"datePublished\":\"2024-08-22T03:03:10+00:00\",\"dateModified\":\"2024-08-26T02:29:52+00:00\",\"description\":\"Explore Luminous Dog Harness from the best pet product supplier. Petstar is a global pet supplies manufacturer. Your ideal business solution with Petstar.\",\"breadcrumb\":{\"@id\":\"https:\/\/petproducts.com.cn\/product\/luminous-dog-harness-pet-safe-night-no-pull-reflective-dog-harness\/#breadcrumb\"},\"inLanguage\":\"it-IT\",\"potentialAction\":[{\"@type\":\"ReadAction\",\"target\":[\"https:\/\/petproducts.com.cn\/product\/luminous-dog-harness-pet-safe-night-no-pull-reflective-dog-harness\/\"]}]},{\"@type\":\"ImageObject\",\"inLanguage\":\"it-IT\",\"@id\":\"https:\/\/petproducts.com.cn\/product\/luminous-dog-harness-pet-safe-night-no-pull-reflective-dog-harness\/#primaryimage\",\"url\":\"https:\/\/petproducts.com.cn\/wp-content\/uploads\/2024\/08\/Luminous-Dog-Harness.webp\",\"contentUrl\":\"https:\/\/petproducts.com.cn\/wp-content\/uploads\/2024\/08\/Luminous-Dog-Harness.webp\",\"width\":1000,\"height\":1000,\"caption\":\"Luminous Dog Harness\"},{\"@type\":\"BreadcrumbList\",\"@id\":\"https:\/\/petproducts.com.cn\/product\/luminous-dog-harness-pet-safe-night-no-pull-reflective-dog-harness\/#breadcrumb\",\"itemListElement\":[{\"@type\":\"ListItem\",\"position\":1,\"name\":\"HOME\",\"item\":\"https:\/\/petproducts.com.cn\/\"},{\"@type\":\"ListItem\",\"position\":2,\"name\":\"Products\",\"item\":\"https:\/\/petproducts.com.cn\/shop\/\"},{\"@type\":\"ListItem\",\"position\":3,\"name\":\"Dog Collars, Leashes &amp; Harnesses\",\"item\":\"https:\/\/petproducts.com.cn\/product-category\/dog-collars-leashes-harnesses\/\"},{\"@type\":\"ListItem\",\"position\":4,\"name\":\"Luminous Dog Harness Pet Safe Night No Pull Reflective Dog Harness\"}]},{\"@type\":\"WebSite\",\"@id\":\"https:\/\/petproducts.com.cn\/#website\",\"url\":\"https:\/\/petproducts.com.cn\/\",\"name\":\"Petstar\",\"description\":\"Leading Pet Supplies Manufacturer &amp; OEM Pet Products Supplier\",\"publisher\":{\"@id\":\"https:\/\/petproducts.com.cn\/#organization\"},\"alternateName\":\"Petstar Pet Supplies\",\"potentialAction\":[{\"@type\":\"SearchAction\",\"target\":{\"@type\":\"EntryPoint\",\"urlTemplate\":\"https:\/\/petproducts.com.cn\/?s={search_term_string}\"},\"query-input\":{\"@type\":\"PropertyValueSpecification\",\"valueRequired\":true,\"valueName\":\"search_term_string\"}}],\"inLanguage\":\"it-IT\"},{\"@type\":\"Organization\",\"@id\":\"https:\/\/petproducts.com.cn\/#organization\",\"name\":\"Petstar\",\"url\":\"https:\/\/petproducts.com.cn\/\",\"logo\":{\"@type\":\"ImageObject\",\"inLanguage\":\"it-IT\",\"@id\":\"https:\/\/petproducts.com.cn\/#\/schema\/logo\/image\/\",\"url\":\"https:\/\/petproducts.com.cn\/wp-content\/uploads\/2020\/02\/petstar-logo.webp\",\"contentUrl\":\"https:\/\/petproducts.com.cn\/wp-content\/uploads\/2020\/02\/petstar-logo.webp\",\"width\":779,\"height\":520,\"caption\":\"Petstar\"},\"image\":{\"@id\":\"https:\/\/petproducts.com.cn\/#\/schema\/logo\/image\/\"}}]}<\/script>\n<!-- \/ Yoast SEO plugin. -->","yoast_head_json":{"title":"Pettorina luminosa per cani | Produttore di pettorine riflettenti per cani - Petstar","description":"Scopri l'imbracatura luminosa per cani del miglior fornitore di prodotti per animali domestici. Petstar \u00e8 un produttore globale di articoli per animali domestici. La soluzione ideale per la tua attivit\u00e0 con Petstar.","robots":{"index":"index","follow":"follow","max-snippet":"max-snippet:-1","max-image-preview":"max-image-preview:large","max-video-preview":"max-video-preview:-1"},"canonical":"https:\/\/petproducts.com.cn\/it\/prodotto\/luminous-dog-harness-pet-safe-night-no-pull-reflective-dog-harness\/","og_locale":"it_IT","og_type":"article","og_title":"Luminous Dog Harness | Reflective Dog Harness Manufacturer - Petstar","og_description":"Explore Luminous Dog Harness from the best pet product supplier. Petstar is a global pet supplies manufacturer. Your ideal business solution with Petstar.","og_url":"https:\/\/petproducts.com.cn\/it\/prodotto\/luminous-dog-harness-pet-safe-night-no-pull-reflective-dog-harness\/","og_site_name":"Petstar","article_modified_time":"2024-08-26T02:29:52+00:00","og_image":[{"width":1000,"height":1000,"url":"https:\/\/petproducts.com.cn\/wp-content\/uploads\/2024\/08\/Luminous-Dog-Harness.webp","type":"image\/webp"}],"twitter_card":"summary_large_image","twitter_misc":{"Tempo di lettura stimato":"2 minuti"},"schema":{"@context":"https:\/\/schema.org","@graph":[{"@type":"WebPage","@id":"https:\/\/petproducts.com.cn\/product\/luminous-dog-harness-pet-safe-night-no-pull-reflective-dog-harness\/","url":"https:\/\/petproducts.com.cn\/product\/luminous-dog-harness-pet-safe-night-no-pull-reflective-dog-harness\/","name":"Pettorina luminosa per cani | Produttore di pettorine riflettenti per cani - Petstar","isPartOf":{"@id":"https:\/\/petproducts.com.cn\/#website"},"primaryImageOfPage":{"@id":"https:\/\/petproducts.com.cn\/product\/luminous-dog-harness-pet-safe-night-no-pull-reflective-dog-harness\/#primaryimage"},"image":{"@id":"https:\/\/petproducts.com.cn\/product\/luminous-dog-harness-pet-safe-night-no-pull-reflective-dog-harness\/#primaryimage"},"thumbnailUrl":"https:\/\/petproducts.com.cn\/wp-content\/uploads\/2024\/08\/Luminous-Dog-Harness.webp","datePublished":"2024-08-22T03:03:10+00:00","dateModified":"2024-08-26T02:29:52+00:00","description":"Scopri l'imbracatura luminosa per cani del miglior fornitore di prodotti per animali domestici. Petstar \u00e8 un produttore globale di articoli per animali domestici. La soluzione ideale per la tua attivit\u00e0 con Petstar.","breadcrumb":{"@id":"https:\/\/petproducts.com.cn\/product\/luminous-dog-harness-pet-safe-night-no-pull-reflective-dog-harness\/#breadcrumb"},"inLanguage":"it-IT","potentialAction":[{"@type":"ReadAction","target":["https:\/\/petproducts.com.cn\/product\/luminous-dog-harness-pet-safe-night-no-pull-reflective-dog-harness\/"]}]},{"@type":"ImageObject","inLanguage":"it-IT","@id":"https:\/\/petproducts.com.cn\/product\/luminous-dog-harness-pet-safe-night-no-pull-reflective-dog-harness\/#primaryimage","url":"https:\/\/petproducts.com.cn\/wp-content\/uploads\/2024\/08\/Luminous-Dog-Harness.webp","contentUrl":"https:\/\/petproducts.com.cn\/wp-content\/uploads\/2024\/08\/Luminous-Dog-Harness.webp","width":1000,"height":1000,"caption":"Luminous Dog Harness"},{"@type":"BreadcrumbList","@id":"https:\/\/petproducts.com.cn\/product\/luminous-dog-harness-pet-safe-night-no-pull-reflective-dog-harness\/#breadcrumb","itemListElement":[{"@type":"ListItem","position":1,"name":"HOME","item":"https:\/\/petproducts.com.cn\/"},{"@type":"ListItem","position":2,"name":"Products","item":"https:\/\/petproducts.com.cn\/shop\/"},{"@type":"ListItem","position":3,"name":"Dog Collars, Leashes &amp; Harnesses","item":"https:\/\/petproducts.com.cn\/product-category\/dog-collars-leashes-harnesses\/"},{"@type":"ListItem","position":4,"name":"Luminous Dog Harness Pet Safe Night No Pull Reflective Dog Harness"}]},{"@type":"WebSite","@id":"https:\/\/petproducts.com.cn\/#website","url":"https:\/\/petproducts.com.cn\/","name":"Petstar","description":"Produttore leader di forniture per animali domestici e fornitore di prodotti OEM per animali domestici","publisher":{"@id":"https:\/\/petproducts.com.cn\/#organization"},"alternateName":"Petstar Pet Supplies","potentialAction":[{"@type":"SearchAction","target":{"@type":"EntryPoint","urlTemplate":"https:\/\/petproducts.com.cn\/?s={search_term_string}"},"query-input":{"@type":"PropertyValueSpecification","valueRequired":true,"valueName":"search_term_string"}}],"inLanguage":"it-IT"},{"@type":"Organization","@id":"https:\/\/petproducts.com.cn\/#organization","name":"Petstar","url":"https:\/\/petproducts.com.cn\/","logo":{"@type":"ImageObject","inLanguage":"it-IT","@id":"https:\/\/petproducts.com.cn\/#\/schema\/logo\/image\/","url":"https:\/\/petproducts.com.cn\/wp-content\/uploads\/2020\/02\/petstar-logo.webp","contentUrl":"https:\/\/petproducts.com.cn\/wp-content\/uploads\/2020\/02\/petstar-logo.webp","width":779,"height":520,"caption":"Petstar"},"image":{"@id":"https:\/\/petproducts.com.cn\/#\/schema\/logo\/image\/"}}]}},"_links":{"self":[{"href":"https:\/\/petproducts.com.cn\/it\/wp-json\/wp\/v2\/product\/28236","targetHints":{"allow":["GET"]}}],"collection":[{"href":"https:\/\/petproducts.com.cn\/it\/wp-json\/wp\/v2\/product"}],"about":[{"href":"https:\/\/petproducts.com.cn\/it\/wp-json\/wp\/v2\/types\/product"}],"version-history":[{"count":3,"href":"https:\/\/petproducts.com.cn\/it\/wp-json\/wp\/v2\/product\/28236\/revisions"}],"predecessor-version":[{"id":28245,"href":"https:\/\/petproducts.com.cn\/it\/wp-json\/wp\/v2\/product\/28236\/revisions\/28245"}],"wp:featuredmedia":[{"embeddable":true,"href":"https:\/\/petproducts.com.cn\/it\/wp-json\/wp\/v2\/media\/28244"}],"wp:attachment":[{"href":"https:\/\/petproducts.com.cn\/it\/wp-json\/wp\/v2\/media?parent=28236"}],"wp:term":[{"taxonomy":"product_brand","embeddable":true,"href":"https:\/\/petproducts.com.cn\/it\/wp-json\/wp\/v2\/product_brand?post=28236"},{"taxonomy":"product_cat","embeddable":true,"href":"https:\/\/petproducts.com.cn\/it\/wp-json\/wp\/v2\/product_cat?post=28236"},{"taxonomy":"product_tag","embeddable":true,"href":"https:\/\/petproducts.com.cn\/it\/wp-json\/wp\/v2\/product_tag?post=28236"}],"curies":[{"name":"wp","href":"https:\/\/api.w.org\/{rel}","templated":true}]}}