{"id":28346,"date":"2024-08-26T02:34:01","date_gmt":"2024-08-26T02:34:01","guid":{"rendered":"https:\/\/petproducts.com.cn\/?post_type=product&#038;p=28346"},"modified":"2024-08-26T02:59:33","modified_gmt":"2024-08-26T02:59:33","slug":"reflective-dog-harness-pet-luminous-glow-in-the-dark-dog-harness","status":"publish","type":"product","link":"https:\/\/petproducts.com.cn\/it\/product\/reflective-dog-harness-pet-luminous-glow-in-the-dark-dog-harness\/","title":{"rendered":"Cane riflettente imbracatura Pet luminoso bagliore nel buio cane Harness"},"content":{"rendered":"<h2><strong>Caratteristiche dell'imbracatura riflettente per cani<\/strong><\/h2>\n<ul>\n<li><strong>Strisce riflettenti per una maggiore visibilit\u00e0:<\/strong> Le strisce riflettenti integrate nella pettorina garantiscono la visibilit\u00e0 del cane in condizioni di scarsa illuminazione. Questa caratteristica offre una maggiore sicurezza durante le passeggiate serali o mattutine, riflettendo la luce dei fari delle auto e dei lampioni.<\/li>\n<li><strong>Funzionalit\u00e0 fosforescenti:<\/strong> La pettorina assorbe la luce durante il giorno e si illumina al buio, aiutandovi a individuare facilmente il vostro animale durante le avventure notturne. Questa caratteristica non solo aggiunge un ulteriore livello di sicurezza, ma rende la pettorina una scelta divertente e pratica per le passeggiate notturne.<\/li>\n<li><strong>Misura regolabile per una vestibilit\u00e0 perfetta:<\/strong> \u00c8 possibile regolare facilmente la pettorina per adattarla alla taglia e alla forma del cane, grazie ai molteplici punti di regolazione. Questo assicura una vestibilit\u00e0 comoda e aderente che non limita i movimenti del cane, garantendo sicurezza e comfort.<\/li>\n<li><strong>Durable Construction:<\/strong> Realizzata con materiali di alta qualit\u00e0, questa pettorina \u00e8 costruita per durare nel tempo. La sua struttura robusta \u00e8 in grado di resistere all'usura quotidiana, garantendo prestazioni durature anche ai cani pi\u00f9 attivi.<\/li>\n<li><strong>Sicurezza notturna:<\/strong> Potete portare tranquillamente il vostro cane a fare passeggiate notturne sapendo che le caratteristiche riflettenti e fosforescenti lavorano insieme per garantire la sicurezza del vostro animale. Queste caratteristiche aumentano notevolmente la visibilit\u00e0 del cane, riducendo il rischio di incidenti in ambienti poco illuminati.<\/li>\n<\/ul>\n<p style=\"text-align: center;\"><em><strong>Per saperne di pi\u00f9 <a href=\"https:\/\/petproducts.com.cn\/it\/dog-harness-manufacturer\/\">pettorine per cani<\/a>, Per favore <a href=\"https:\/\/petproducts.com.cn\/it\/contattateci\/\">Contattaci<\/a>!<\/strong><\/em><\/p>\n<p>&nbsp;<\/p>","protected":false},"excerpt":{"rendered":"<p>Garantite la sicurezza del vostro animale durante le passeggiate notturne con la pettorina riflettente per cani, una pettorina fosforescente che offre una maggiore visibilit\u00e0 e una vestibilit\u00e0 confortevole.<\/p>","protected":false},"featured_media":28351,"template":"","meta":{"_acf_changed":false},"product_brand":[],"product_cat":[124,72],"product_tag":[211],"class_list":{"0":"post-28346","1":"product","2":"type-product","3":"status-publish","4":"has-post-thumbnail","6":"product_cat-dog-collars-leashes-harnesses","7":"product_cat-dog-supplies","8":"product_tag-pet-harnesses","10":"first","11":"instock","12":"shipping-taxable","13":"product-type-simple"},"acf":[],"yoast_head":"<!-- This site is optimized with the Yoast SEO plugin v27.1.1 - https:\/\/yoast.com\/product\/yoast-seo-wordpress\/ -->\n<title>Reflective Dog Harness | Pet Dog Harness Manufacturer - Petstar<\/title>\n<meta name=\"description\" content=\"Explore Reflective Dog Harness from the best pet product supplier. Petstar is a global pet supplies manufacturer. Your ideal business solution with Petstar.\" \/>\n<meta name=\"robots\" content=\"index, follow, max-snippet:-1, max-image-preview:large, max-video-preview:-1\" \/>\n<link rel=\"canonical\" href=\"https:\/\/petproducts.com.cn\/it\/prodotto\/reflective-dog-harness-pet-luminous-glow-in-the-dark-dog-harness\/\" \/>\n<meta property=\"og:locale\" content=\"it_IT\" \/>\n<meta property=\"og:type\" content=\"article\" \/>\n<meta property=\"og:title\" content=\"Reflective Dog Harness | Pet Dog Harness Manufacturer - Petstar\" \/>\n<meta property=\"og:description\" content=\"Explore Reflective Dog Harness from the best pet product supplier. Petstar is a global pet supplies manufacturer. Your ideal business solution with Petstar.\" \/>\n<meta property=\"og:url\" content=\"https:\/\/petproducts.com.cn\/it\/prodotto\/reflective-dog-harness-pet-luminous-glow-in-the-dark-dog-harness\/\" \/>\n<meta property=\"og:site_name\" content=\"Petstar\" \/>\n<meta property=\"article:modified_time\" content=\"2024-08-26T02:59:33+00:00\" \/>\n<meta property=\"og:image\" content=\"https:\/\/petproducts.com.cn\/wp-content\/uploads\/2024\/08\/Reflective-Dog-Harness.webp\" \/>\n\t<meta property=\"og:image:width\" content=\"1000\" \/>\n\t<meta property=\"og:image:height\" content=\"1000\" \/>\n\t<meta property=\"og:image:type\" content=\"image\/webp\" \/>\n<meta name=\"twitter:card\" content=\"summary_large_image\" \/>\n<meta name=\"twitter:label1\" content=\"Tempo di lettura stimato\" \/>\n\t<meta name=\"twitter:data1\" content=\"2 minuti\" \/>\n<script type=\"application\/ld+json\" class=\"yoast-schema-graph\">{\"@context\":\"https:\/\/schema.org\",\"@graph\":[{\"@type\":\"WebPage\",\"@id\":\"https:\/\/petproducts.com.cn\/product\/reflective-dog-harness-pet-luminous-glow-in-the-dark-dog-harness\/\",\"url\":\"https:\/\/petproducts.com.cn\/product\/reflective-dog-harness-pet-luminous-glow-in-the-dark-dog-harness\/\",\"name\":\"Reflective Dog Harness | Pet Dog Harness Manufacturer - Petstar\",\"isPartOf\":{\"@id\":\"https:\/\/petproducts.com.cn\/#website\"},\"primaryImageOfPage\":{\"@id\":\"https:\/\/petproducts.com.cn\/product\/reflective-dog-harness-pet-luminous-glow-in-the-dark-dog-harness\/#primaryimage\"},\"image\":{\"@id\":\"https:\/\/petproducts.com.cn\/product\/reflective-dog-harness-pet-luminous-glow-in-the-dark-dog-harness\/#primaryimage\"},\"thumbnailUrl\":\"https:\/\/petproducts.com.cn\/wp-content\/uploads\/2024\/08\/Reflective-Dog-Harness.webp\",\"datePublished\":\"2024-08-26T02:34:01+00:00\",\"dateModified\":\"2024-08-26T02:59:33+00:00\",\"description\":\"Explore Reflective Dog Harness from the best pet product supplier. Petstar is a global pet supplies manufacturer. Your ideal business solution with Petstar.\",\"breadcrumb\":{\"@id\":\"https:\/\/petproducts.com.cn\/product\/reflective-dog-harness-pet-luminous-glow-in-the-dark-dog-harness\/#breadcrumb\"},\"inLanguage\":\"it-IT\",\"potentialAction\":[{\"@type\":\"ReadAction\",\"target\":[\"https:\/\/petproducts.com.cn\/product\/reflective-dog-harness-pet-luminous-glow-in-the-dark-dog-harness\/\"]}]},{\"@type\":\"ImageObject\",\"inLanguage\":\"it-IT\",\"@id\":\"https:\/\/petproducts.com.cn\/product\/reflective-dog-harness-pet-luminous-glow-in-the-dark-dog-harness\/#primaryimage\",\"url\":\"https:\/\/petproducts.com.cn\/wp-content\/uploads\/2024\/08\/Reflective-Dog-Harness.webp\",\"contentUrl\":\"https:\/\/petproducts.com.cn\/wp-content\/uploads\/2024\/08\/Reflective-Dog-Harness.webp\",\"width\":1000,\"height\":1000,\"caption\":\"Reflective Dog Harness\"},{\"@type\":\"BreadcrumbList\",\"@id\":\"https:\/\/petproducts.com.cn\/product\/reflective-dog-harness-pet-luminous-glow-in-the-dark-dog-harness\/#breadcrumb\",\"itemListElement\":[{\"@type\":\"ListItem\",\"position\":1,\"name\":\"HOME\",\"item\":\"https:\/\/petproducts.com.cn\/\"},{\"@type\":\"ListItem\",\"position\":2,\"name\":\"Products\",\"item\":\"https:\/\/petproducts.com.cn\/shop\/\"},{\"@type\":\"ListItem\",\"position\":3,\"name\":\"Dog Collars, Leashes &amp; Harnesses\",\"item\":\"https:\/\/petproducts.com.cn\/product-category\/dog-collars-leashes-harnesses\/\"},{\"@type\":\"ListItem\",\"position\":4,\"name\":\"Reflective Dog Harness Pet Luminous Glow In The Dark Dog Harness\"}]},{\"@type\":\"WebSite\",\"@id\":\"https:\/\/petproducts.com.cn\/#website\",\"url\":\"https:\/\/petproducts.com.cn\/\",\"name\":\"Petstar\",\"description\":\"Leading Pet Supplies Manufacturer &amp; OEM Pet Products Supplier\",\"publisher\":{\"@id\":\"https:\/\/petproducts.com.cn\/#organization\"},\"alternateName\":\"Petstar Pet Supplies\",\"potentialAction\":[{\"@type\":\"SearchAction\",\"target\":{\"@type\":\"EntryPoint\",\"urlTemplate\":\"https:\/\/petproducts.com.cn\/?s={search_term_string}\"},\"query-input\":{\"@type\":\"PropertyValueSpecification\",\"valueRequired\":true,\"valueName\":\"search_term_string\"}}],\"inLanguage\":\"it-IT\"},{\"@type\":\"Organization\",\"@id\":\"https:\/\/petproducts.com.cn\/#organization\",\"name\":\"Petstar\",\"url\":\"https:\/\/petproducts.com.cn\/\",\"logo\":{\"@type\":\"ImageObject\",\"inLanguage\":\"it-IT\",\"@id\":\"https:\/\/petproducts.com.cn\/#\/schema\/logo\/image\/\",\"url\":\"https:\/\/petproducts.com.cn\/wp-content\/uploads\/2020\/02\/petstar-logo.webp\",\"contentUrl\":\"https:\/\/petproducts.com.cn\/wp-content\/uploads\/2020\/02\/petstar-logo.webp\",\"width\":779,\"height\":520,\"caption\":\"Petstar\"},\"image\":{\"@id\":\"https:\/\/petproducts.com.cn\/#\/schema\/logo\/image\/\"}}]}<\/script>\n<!-- \/ Yoast SEO plugin. -->","yoast_head_json":{"title":"riflettente cane Harness | Pet Dog Harness Fornitore - Petstar","description":"Esplora l'imbracatura riflettente per cani dal miglior fornitore di prodotti per animali. Petstar \u00e8 un produttore globale di forniture per animali domestici. La vostra soluzione commerciale ideale con Petstar.","robots":{"index":"index","follow":"follow","max-snippet":"max-snippet:-1","max-image-preview":"max-image-preview:large","max-video-preview":"max-video-preview:-1"},"canonical":"https:\/\/petproducts.com.cn\/it\/prodotto\/reflective-dog-harness-pet-luminous-glow-in-the-dark-dog-harness\/","og_locale":"it_IT","og_type":"article","og_title":"Reflective Dog Harness | Pet Dog Harness Manufacturer - Petstar","og_description":"Explore Reflective Dog Harness from the best pet product supplier. Petstar is a global pet supplies manufacturer. Your ideal business solution with Petstar.","og_url":"https:\/\/petproducts.com.cn\/it\/prodotto\/reflective-dog-harness-pet-luminous-glow-in-the-dark-dog-harness\/","og_site_name":"Petstar","article_modified_time":"2024-08-26T02:59:33+00:00","og_image":[{"width":1000,"height":1000,"url":"https:\/\/petproducts.com.cn\/wp-content\/uploads\/2024\/08\/Reflective-Dog-Harness.webp","type":"image\/webp"}],"twitter_card":"summary_large_image","twitter_misc":{"Tempo di lettura stimato":"2 minuti"},"schema":{"@context":"https:\/\/schema.org","@graph":[{"@type":"WebPage","@id":"https:\/\/petproducts.com.cn\/product\/reflective-dog-harness-pet-luminous-glow-in-the-dark-dog-harness\/","url":"https:\/\/petproducts.com.cn\/product\/reflective-dog-harness-pet-luminous-glow-in-the-dark-dog-harness\/","name":"riflettente cane Harness | Pet Dog Harness Fornitore - Petstar","isPartOf":{"@id":"https:\/\/petproducts.com.cn\/#website"},"primaryImageOfPage":{"@id":"https:\/\/petproducts.com.cn\/product\/reflective-dog-harness-pet-luminous-glow-in-the-dark-dog-harness\/#primaryimage"},"image":{"@id":"https:\/\/petproducts.com.cn\/product\/reflective-dog-harness-pet-luminous-glow-in-the-dark-dog-harness\/#primaryimage"},"thumbnailUrl":"https:\/\/petproducts.com.cn\/wp-content\/uploads\/2024\/08\/Reflective-Dog-Harness.webp","datePublished":"2024-08-26T02:34:01+00:00","dateModified":"2024-08-26T02:59:33+00:00","description":"Esplora l'imbracatura riflettente per cani dal miglior fornitore di prodotti per animali. Petstar \u00e8 un produttore globale di forniture per animali domestici. La vostra soluzione commerciale ideale con Petstar.","breadcrumb":{"@id":"https:\/\/petproducts.com.cn\/product\/reflective-dog-harness-pet-luminous-glow-in-the-dark-dog-harness\/#breadcrumb"},"inLanguage":"it-IT","potentialAction":[{"@type":"ReadAction","target":["https:\/\/petproducts.com.cn\/product\/reflective-dog-harness-pet-luminous-glow-in-the-dark-dog-harness\/"]}]},{"@type":"ImageObject","inLanguage":"it-IT","@id":"https:\/\/petproducts.com.cn\/product\/reflective-dog-harness-pet-luminous-glow-in-the-dark-dog-harness\/#primaryimage","url":"https:\/\/petproducts.com.cn\/wp-content\/uploads\/2024\/08\/Reflective-Dog-Harness.webp","contentUrl":"https:\/\/petproducts.com.cn\/wp-content\/uploads\/2024\/08\/Reflective-Dog-Harness.webp","width":1000,"height":1000,"caption":"Reflective Dog Harness"},{"@type":"BreadcrumbList","@id":"https:\/\/petproducts.com.cn\/product\/reflective-dog-harness-pet-luminous-glow-in-the-dark-dog-harness\/#breadcrumb","itemListElement":[{"@type":"ListItem","position":1,"name":"HOME","item":"https:\/\/petproducts.com.cn\/"},{"@type":"ListItem","position":2,"name":"Products","item":"https:\/\/petproducts.com.cn\/shop\/"},{"@type":"ListItem","position":3,"name":"Dog Collars, Leashes &amp; Harnesses","item":"https:\/\/petproducts.com.cn\/product-category\/dog-collars-leashes-harnesses\/"},{"@type":"ListItem","position":4,"name":"Reflective Dog Harness Pet Luminous Glow In The Dark Dog Harness"}]},{"@type":"WebSite","@id":"https:\/\/petproducts.com.cn\/#website","url":"https:\/\/petproducts.com.cn\/","name":"Petstar","description":"Produttore leader di forniture per animali domestici e fornitore di prodotti OEM per animali domestici","publisher":{"@id":"https:\/\/petproducts.com.cn\/#organization"},"alternateName":"Petstar Pet Supplies","potentialAction":[{"@type":"SearchAction","target":{"@type":"EntryPoint","urlTemplate":"https:\/\/petproducts.com.cn\/?s={search_term_string}"},"query-input":{"@type":"PropertyValueSpecification","valueRequired":true,"valueName":"search_term_string"}}],"inLanguage":"it-IT"},{"@type":"Organization","@id":"https:\/\/petproducts.com.cn\/#organization","name":"Petstar","url":"https:\/\/petproducts.com.cn\/","logo":{"@type":"ImageObject","inLanguage":"it-IT","@id":"https:\/\/petproducts.com.cn\/#\/schema\/logo\/image\/","url":"https:\/\/petproducts.com.cn\/wp-content\/uploads\/2020\/02\/petstar-logo.webp","contentUrl":"https:\/\/petproducts.com.cn\/wp-content\/uploads\/2020\/02\/petstar-logo.webp","width":779,"height":520,"caption":"Petstar"},"image":{"@id":"https:\/\/petproducts.com.cn\/#\/schema\/logo\/image\/"}}]}},"_links":{"self":[{"href":"https:\/\/petproducts.com.cn\/it\/wp-json\/wp\/v2\/product\/28346","targetHints":{"allow":["GET"]}}],"collection":[{"href":"https:\/\/petproducts.com.cn\/it\/wp-json\/wp\/v2\/product"}],"about":[{"href":"https:\/\/petproducts.com.cn\/it\/wp-json\/wp\/v2\/types\/product"}],"version-history":[{"count":2,"href":"https:\/\/petproducts.com.cn\/it\/wp-json\/wp\/v2\/product\/28346\/revisions"}],"predecessor-version":[{"id":28348,"href":"https:\/\/petproducts.com.cn\/it\/wp-json\/wp\/v2\/product\/28346\/revisions\/28348"}],"wp:featuredmedia":[{"embeddable":true,"href":"https:\/\/petproducts.com.cn\/it\/wp-json\/wp\/v2\/media\/28351"}],"wp:attachment":[{"href":"https:\/\/petproducts.com.cn\/it\/wp-json\/wp\/v2\/media?parent=28346"}],"wp:term":[{"taxonomy":"product_brand","embeddable":true,"href":"https:\/\/petproducts.com.cn\/it\/wp-json\/wp\/v2\/product_brand?post=28346"},{"taxonomy":"product_cat","embeddable":true,"href":"https:\/\/petproducts.com.cn\/it\/wp-json\/wp\/v2\/product_cat?post=28346"},{"taxonomy":"product_tag","embeddable":true,"href":"https:\/\/petproducts.com.cn\/it\/wp-json\/wp\/v2\/product_tag?post=28346"}],"curies":[{"name":"wp","href":"https:\/\/api.w.org\/{rel}","templated":true}]}}