{"id":28430,"date":"2024-08-27T02:33:14","date_gmt":"2024-08-27T02:33:14","guid":{"rendered":"https:\/\/petproducts.com.cn\/?post_type=product&#038;p=28430"},"modified":"2024-08-27T02:50:50","modified_gmt":"2024-08-27T02:50:50","slug":"dog-waterproof-winter-coat-warm-pet-oxford-polar-fleece-dog-jacket","status":"publish","type":"product","link":"https:\/\/petproducts.com.cn\/it\/product\/dog-waterproof-winter-coat-warm-pet-oxford-polar-fleece-dog-jacket\/","title":{"rendered":"Cane impermeabile cappotto invernale caldo Pet Oxford Polar Fleece cane giacca"},"content":{"rendered":"<h2><strong>Caratteristiche del cappotto invernale impermeabile per cani<\/strong><\/h2>\n<p>Tenete il vostro animale domestico al caldo e all'asciutto durante le passeggiate invernali con il cappotto invernale impermeabile per cani, progettato con un resistente strato esterno in Oxford e un'accogliente fodera in pile polare.<\/p>\n<ul>\n<li><strong>Tessuto Oxford impermeabile:<\/strong> Lo strato esterno di questo cappotto \u00e8 realizzato in tessuto Oxford di alta qualit\u00e0, che offre un'eccellente protezione impermeabile. Questa caratteristica garantisce che il cane rimanga asciutto in caso di pioggia, neve o qualsiasi altra condizione di umidit\u00e0, rendendo le avventure all'aperto pi\u00f9 confortevoli.<\/li>\n<li><strong>Calda fodera in pile polare:<\/strong> Il cane apprezzer\u00e0 il calore e la morbidezza della fodera in pile polare. Questo materiale \u00e8 stato progettato per trattenere il calore corporeo, offrendo un isolamento contro il freddo e allo stesso tempo un trattamento delicato per la pelle del vostro animale.<\/li>\n<li><strong>Design antivento e resistente al freddo:<\/strong> Potete fidarvi di questo cappotto per proteggere il vostro cane dal vento e dalle temperature rigide. Il design antivento blocca le raffiche fredde, aiutando a mantenere il vostro animale domestico caldo e accogliente anche nelle condizioni atmosferiche pi\u00f9 difficili.<\/li>\n<li><strong>Leggero e flessibile:<\/strong> Nonostante la sua struttura resistente, il cappotto rimane leggero, assicurando che i movimenti del cane non siano limitati. Questo equilibrio tra protezione e flessibilit\u00e0 \u00e8 ideale per i cani attivi.<\/li>\n<li><strong>Design elegante e funzionale:<\/strong> Vi piacer\u00e0 il design elegante e pratico di questo cappottino, che unisce moda e funzionalit\u00e0. \u00c8 stato progettato non solo per avere un bell'aspetto, ma anche per fornire il massimo comfort e protezione al vostro animale domestico.<\/li>\n<\/ul>\n<p style=\"text-align: center;\"><em><strong>Per saperne di pi\u00f9 <a href=\"https:\/\/petproducts.com.cn\/it\/wholesale-dog-clothes\/\">vestiti per cani<\/a>, Per favore <a href=\"https:\/\/petproducts.com.cn\/it\/contattateci\/\">Contattaci<\/a>!<\/strong><\/em><\/p>\n<p>&nbsp;<\/p>","protected":false},"excerpt":{"rendered":"<p>Tenete il vostro animale domestico al caldo e all'asciutto durante le passeggiate invernali con il cappotto invernale impermeabile per cani, progettato con un resistente strato esterno in Oxford e un'accogliente fodera in pile polare.<\/p>","protected":false},"featured_media":28434,"template":"","meta":{"_acf_changed":false},"product_brand":[],"product_cat":[49,72],"product_tag":[217,220],"class_list":{"0":"post-28430","1":"product","2":"type-product","3":"status-publish","4":"has-post-thumbnail","6":"product_cat-dog-apparel-accessories","7":"product_cat-dog-supplies","8":"product_tag-pet-clothes","9":"product_tag-pet-coats-jackets","11":"first","12":"instock","13":"shipping-taxable","14":"product-type-simple"},"acf":[],"yoast_head":"<!-- This site is optimized with the Yoast SEO plugin v27.1.1 - https:\/\/yoast.com\/product\/yoast-seo-wordpress\/ -->\n<title>Dog Waterproof Winter Coat | Pet Dog Jacket Manufacturer - Petstar<\/title>\n<meta name=\"description\" content=\"Explore Dog Waterproof Winter Coat from the pet product supplier. Petstar is a global pet supplies manufacturer. Your ideal business solution with Petstar.\" \/>\n<meta name=\"robots\" content=\"index, follow, max-snippet:-1, max-image-preview:large, max-video-preview:-1\" \/>\n<link rel=\"canonical\" href=\"https:\/\/petproducts.com.cn\/it\/prodotto\/dog-waterproof-winter-coat-warm-pet-oxford-polar-fleece-dog-jacket\/\" \/>\n<meta property=\"og:locale\" content=\"it_IT\" \/>\n<meta property=\"og:type\" content=\"article\" \/>\n<meta property=\"og:title\" content=\"Dog Waterproof Winter Coat | Pet Dog Jacket Manufacturer - Petstar\" \/>\n<meta property=\"og:description\" content=\"Explore Dog Waterproof Winter Coat from the pet product supplier. Petstar is a global pet supplies manufacturer. Your ideal business solution with Petstar.\" \/>\n<meta property=\"og:url\" content=\"https:\/\/petproducts.com.cn\/it\/prodotto\/dog-waterproof-winter-coat-warm-pet-oxford-polar-fleece-dog-jacket\/\" \/>\n<meta property=\"og:site_name\" content=\"Petstar\" \/>\n<meta property=\"article:modified_time\" content=\"2024-08-27T02:50:50+00:00\" \/>\n<meta property=\"og:image\" content=\"https:\/\/petproducts.com.cn\/wp-content\/uploads\/2024\/08\/Dog-Waterproof-Winter-Coat.webp\" \/>\n\t<meta property=\"og:image:width\" content=\"1000\" \/>\n\t<meta property=\"og:image:height\" content=\"1000\" \/>\n\t<meta property=\"og:image:type\" content=\"image\/webp\" \/>\n<meta name=\"twitter:card\" content=\"summary_large_image\" \/>\n<meta name=\"twitter:label1\" content=\"Tempo di lettura stimato\" \/>\n\t<meta name=\"twitter:data1\" content=\"2 minuti\" \/>\n<script type=\"application\/ld+json\" class=\"yoast-schema-graph\">{\"@context\":\"https:\/\/schema.org\",\"@graph\":[{\"@type\":\"WebPage\",\"@id\":\"https:\/\/petproducts.com.cn\/product\/dog-waterproof-winter-coat-warm-pet-oxford-polar-fleece-dog-jacket\/\",\"url\":\"https:\/\/petproducts.com.cn\/product\/dog-waterproof-winter-coat-warm-pet-oxford-polar-fleece-dog-jacket\/\",\"name\":\"Dog Waterproof Winter Coat | Pet Dog Jacket Manufacturer - Petstar\",\"isPartOf\":{\"@id\":\"https:\/\/petproducts.com.cn\/#website\"},\"primaryImageOfPage\":{\"@id\":\"https:\/\/petproducts.com.cn\/product\/dog-waterproof-winter-coat-warm-pet-oxford-polar-fleece-dog-jacket\/#primaryimage\"},\"image\":{\"@id\":\"https:\/\/petproducts.com.cn\/product\/dog-waterproof-winter-coat-warm-pet-oxford-polar-fleece-dog-jacket\/#primaryimage\"},\"thumbnailUrl\":\"https:\/\/petproducts.com.cn\/wp-content\/uploads\/2024\/08\/Dog-Waterproof-Winter-Coat.webp\",\"datePublished\":\"2024-08-27T02:33:14+00:00\",\"dateModified\":\"2024-08-27T02:50:50+00:00\",\"description\":\"Explore Dog Waterproof Winter Coat from the pet product supplier. Petstar is a global pet supplies manufacturer. Your ideal business solution with Petstar.\",\"breadcrumb\":{\"@id\":\"https:\/\/petproducts.com.cn\/product\/dog-waterproof-winter-coat-warm-pet-oxford-polar-fleece-dog-jacket\/#breadcrumb\"},\"inLanguage\":\"it-IT\",\"potentialAction\":[{\"@type\":\"ReadAction\",\"target\":[\"https:\/\/petproducts.com.cn\/product\/dog-waterproof-winter-coat-warm-pet-oxford-polar-fleece-dog-jacket\/\"]}]},{\"@type\":\"ImageObject\",\"inLanguage\":\"it-IT\",\"@id\":\"https:\/\/petproducts.com.cn\/product\/dog-waterproof-winter-coat-warm-pet-oxford-polar-fleece-dog-jacket\/#primaryimage\",\"url\":\"https:\/\/petproducts.com.cn\/wp-content\/uploads\/2024\/08\/Dog-Waterproof-Winter-Coat.webp\",\"contentUrl\":\"https:\/\/petproducts.com.cn\/wp-content\/uploads\/2024\/08\/Dog-Waterproof-Winter-Coat.webp\",\"width\":1000,\"height\":1000,\"caption\":\"Dog Waterproof Winter Coat\"},{\"@type\":\"BreadcrumbList\",\"@id\":\"https:\/\/petproducts.com.cn\/product\/dog-waterproof-winter-coat-warm-pet-oxford-polar-fleece-dog-jacket\/#breadcrumb\",\"itemListElement\":[{\"@type\":\"ListItem\",\"position\":1,\"name\":\"HOME\",\"item\":\"https:\/\/petproducts.com.cn\/\"},{\"@type\":\"ListItem\",\"position\":2,\"name\":\"Products\",\"item\":\"https:\/\/petproducts.com.cn\/shop\/\"},{\"@type\":\"ListItem\",\"position\":3,\"name\":\"Dog Apparel &amp; Accessories\",\"item\":\"https:\/\/petproducts.com.cn\/product-category\/dog-apparel-accessories\/\"},{\"@type\":\"ListItem\",\"position\":4,\"name\":\"Dog Waterproof Winter Coat Warm Pet Oxford Polar Fleece Dog Jacket\"}]},{\"@type\":\"WebSite\",\"@id\":\"https:\/\/petproducts.com.cn\/#website\",\"url\":\"https:\/\/petproducts.com.cn\/\",\"name\":\"Petstar\",\"description\":\"Leading Pet Supplies Manufacturer &amp; OEM Pet Products Supplier\",\"publisher\":{\"@id\":\"https:\/\/petproducts.com.cn\/#organization\"},\"alternateName\":\"Petstar Pet Supplies\",\"potentialAction\":[{\"@type\":\"SearchAction\",\"target\":{\"@type\":\"EntryPoint\",\"urlTemplate\":\"https:\/\/petproducts.com.cn\/?s={search_term_string}\"},\"query-input\":{\"@type\":\"PropertyValueSpecification\",\"valueRequired\":true,\"valueName\":\"search_term_string\"}}],\"inLanguage\":\"it-IT\"},{\"@type\":\"Organization\",\"@id\":\"https:\/\/petproducts.com.cn\/#organization\",\"name\":\"Petstar\",\"url\":\"https:\/\/petproducts.com.cn\/\",\"logo\":{\"@type\":\"ImageObject\",\"inLanguage\":\"it-IT\",\"@id\":\"https:\/\/petproducts.com.cn\/#\/schema\/logo\/image\/\",\"url\":\"https:\/\/petproducts.com.cn\/wp-content\/uploads\/2020\/02\/petstar-logo.webp\",\"contentUrl\":\"https:\/\/petproducts.com.cn\/wp-content\/uploads\/2020\/02\/petstar-logo.webp\",\"width\":779,\"height\":520,\"caption\":\"Petstar\"},\"image\":{\"@id\":\"https:\/\/petproducts.com.cn\/#\/schema\/logo\/image\/\"}}]}<\/script>\n<!-- \/ Yoast SEO plugin. -->","yoast_head_json":{"title":"Cane impermeabile cappotto invernale | Pet Dog Jacket Produttore - Petstar","description":"Esplorate il cappotto invernale impermeabile per cani dal fornitore di prodotti per animali domestici. Petstar \u00e8 un produttore globale di prodotti per animali domestici. La vostra soluzione commerciale ideale con Petstar.","robots":{"index":"index","follow":"follow","max-snippet":"max-snippet:-1","max-image-preview":"max-image-preview:large","max-video-preview":"max-video-preview:-1"},"canonical":"https:\/\/petproducts.com.cn\/it\/prodotto\/dog-waterproof-winter-coat-warm-pet-oxford-polar-fleece-dog-jacket\/","og_locale":"it_IT","og_type":"article","og_title":"Dog Waterproof Winter Coat | Pet Dog Jacket Manufacturer - Petstar","og_description":"Explore Dog Waterproof Winter Coat from the pet product supplier. Petstar is a global pet supplies manufacturer. Your ideal business solution with Petstar.","og_url":"https:\/\/petproducts.com.cn\/it\/prodotto\/dog-waterproof-winter-coat-warm-pet-oxford-polar-fleece-dog-jacket\/","og_site_name":"Petstar","article_modified_time":"2024-08-27T02:50:50+00:00","og_image":[{"width":1000,"height":1000,"url":"https:\/\/petproducts.com.cn\/wp-content\/uploads\/2024\/08\/Dog-Waterproof-Winter-Coat.webp","type":"image\/webp"}],"twitter_card":"summary_large_image","twitter_misc":{"Tempo di lettura stimato":"2 minuti"},"schema":{"@context":"https:\/\/schema.org","@graph":[{"@type":"WebPage","@id":"https:\/\/petproducts.com.cn\/product\/dog-waterproof-winter-coat-warm-pet-oxford-polar-fleece-dog-jacket\/","url":"https:\/\/petproducts.com.cn\/product\/dog-waterproof-winter-coat-warm-pet-oxford-polar-fleece-dog-jacket\/","name":"Cane impermeabile cappotto invernale | Pet Dog Jacket Produttore - Petstar","isPartOf":{"@id":"https:\/\/petproducts.com.cn\/#website"},"primaryImageOfPage":{"@id":"https:\/\/petproducts.com.cn\/product\/dog-waterproof-winter-coat-warm-pet-oxford-polar-fleece-dog-jacket\/#primaryimage"},"image":{"@id":"https:\/\/petproducts.com.cn\/product\/dog-waterproof-winter-coat-warm-pet-oxford-polar-fleece-dog-jacket\/#primaryimage"},"thumbnailUrl":"https:\/\/petproducts.com.cn\/wp-content\/uploads\/2024\/08\/Dog-Waterproof-Winter-Coat.webp","datePublished":"2024-08-27T02:33:14+00:00","dateModified":"2024-08-27T02:50:50+00:00","description":"Esplorate il cappotto invernale impermeabile per cani dal fornitore di prodotti per animali domestici. Petstar \u00e8 un produttore globale di prodotti per animali domestici. La vostra soluzione commerciale ideale con Petstar.","breadcrumb":{"@id":"https:\/\/petproducts.com.cn\/product\/dog-waterproof-winter-coat-warm-pet-oxford-polar-fleece-dog-jacket\/#breadcrumb"},"inLanguage":"it-IT","potentialAction":[{"@type":"ReadAction","target":["https:\/\/petproducts.com.cn\/product\/dog-waterproof-winter-coat-warm-pet-oxford-polar-fleece-dog-jacket\/"]}]},{"@type":"ImageObject","inLanguage":"it-IT","@id":"https:\/\/petproducts.com.cn\/product\/dog-waterproof-winter-coat-warm-pet-oxford-polar-fleece-dog-jacket\/#primaryimage","url":"https:\/\/petproducts.com.cn\/wp-content\/uploads\/2024\/08\/Dog-Waterproof-Winter-Coat.webp","contentUrl":"https:\/\/petproducts.com.cn\/wp-content\/uploads\/2024\/08\/Dog-Waterproof-Winter-Coat.webp","width":1000,"height":1000,"caption":"Dog Waterproof Winter Coat"},{"@type":"BreadcrumbList","@id":"https:\/\/petproducts.com.cn\/product\/dog-waterproof-winter-coat-warm-pet-oxford-polar-fleece-dog-jacket\/#breadcrumb","itemListElement":[{"@type":"ListItem","position":1,"name":"HOME","item":"https:\/\/petproducts.com.cn\/"},{"@type":"ListItem","position":2,"name":"Products","item":"https:\/\/petproducts.com.cn\/shop\/"},{"@type":"ListItem","position":3,"name":"Dog Apparel &amp; Accessories","item":"https:\/\/petproducts.com.cn\/product-category\/dog-apparel-accessories\/"},{"@type":"ListItem","position":4,"name":"Dog Waterproof Winter Coat Warm Pet Oxford Polar Fleece Dog Jacket"}]},{"@type":"WebSite","@id":"https:\/\/petproducts.com.cn\/#website","url":"https:\/\/petproducts.com.cn\/","name":"Petstar","description":"Produttore leader di forniture per animali domestici e fornitore di prodotti OEM per animali domestici","publisher":{"@id":"https:\/\/petproducts.com.cn\/#organization"},"alternateName":"Petstar Pet Supplies","potentialAction":[{"@type":"SearchAction","target":{"@type":"EntryPoint","urlTemplate":"https:\/\/petproducts.com.cn\/?s={search_term_string}"},"query-input":{"@type":"PropertyValueSpecification","valueRequired":true,"valueName":"search_term_string"}}],"inLanguage":"it-IT"},{"@type":"Organization","@id":"https:\/\/petproducts.com.cn\/#organization","name":"Petstar","url":"https:\/\/petproducts.com.cn\/","logo":{"@type":"ImageObject","inLanguage":"it-IT","@id":"https:\/\/petproducts.com.cn\/#\/schema\/logo\/image\/","url":"https:\/\/petproducts.com.cn\/wp-content\/uploads\/2020\/02\/petstar-logo.webp","contentUrl":"https:\/\/petproducts.com.cn\/wp-content\/uploads\/2020\/02\/petstar-logo.webp","width":779,"height":520,"caption":"Petstar"},"image":{"@id":"https:\/\/petproducts.com.cn\/#\/schema\/logo\/image\/"}}]}},"_links":{"self":[{"href":"https:\/\/petproducts.com.cn\/it\/wp-json\/wp\/v2\/product\/28430","targetHints":{"allow":["GET"]}}],"collection":[{"href":"https:\/\/petproducts.com.cn\/it\/wp-json\/wp\/v2\/product"}],"about":[{"href":"https:\/\/petproducts.com.cn\/it\/wp-json\/wp\/v2\/types\/product"}],"version-history":[{"count":1,"href":"https:\/\/petproducts.com.cn\/it\/wp-json\/wp\/v2\/product\/28430\/revisions"}],"predecessor-version":[{"id":28431,"href":"https:\/\/petproducts.com.cn\/it\/wp-json\/wp\/v2\/product\/28430\/revisions\/28431"}],"wp:featuredmedia":[{"embeddable":true,"href":"https:\/\/petproducts.com.cn\/it\/wp-json\/wp\/v2\/media\/28434"}],"wp:attachment":[{"href":"https:\/\/petproducts.com.cn\/it\/wp-json\/wp\/v2\/media?parent=28430"}],"wp:term":[{"taxonomy":"product_brand","embeddable":true,"href":"https:\/\/petproducts.com.cn\/it\/wp-json\/wp\/v2\/product_brand?post=28430"},{"taxonomy":"product_cat","embeddable":true,"href":"https:\/\/petproducts.com.cn\/it\/wp-json\/wp\/v2\/product_cat?post=28430"},{"taxonomy":"product_tag","embeddable":true,"href":"https:\/\/petproducts.com.cn\/it\/wp-json\/wp\/v2\/product_tag?post=28430"}],"curies":[{"name":"wp","href":"https:\/\/api.w.org\/{rel}","templated":true}]}}