{"id":28448,"date":"2024-08-27T06:45:21","date_gmt":"2024-08-27T06:45:21","guid":{"rendered":"https:\/\/petproducts.com.cn\/?post_type=product&#038;p=28448"},"modified":"2024-09-03T06:06:11","modified_gmt":"2024-09-03T06:06:11","slug":"dog-dental-chew-toy-teeth-clean-antibacterial-pet-tough-chewer-dog-toys","status":"publish","type":"product","link":"https:\/\/petproducts.com.cn\/it\/product\/dog-dental-chew-toy-teeth-clean-antibacterial-pet-tough-chewer-dog-toys\/","title":{"rendered":"Giocattolo da masticare per i denti del cane, pulitore dei denti, antibatterico, resistente, giocattoli per cani"},"content":{"rendered":"<h2><strong>Caratteristiche del giocattolo da masticare per cani<\/strong><\/h2>\n<p>Mantenete i denti del vostro cane puliti e le gengive sane con il giocattolo da masticare Dog Dental, progettato per i masticatori pi\u00f9 tenaci con propriet\u00e0 antibatteriche e materiali di grado alimentare.<\/p>\n<ul>\n<li><strong>Promuove la salute dei denti:<\/strong> Apprezzerete il fatto che questo giocattolo da masticare pulisca attivamente i denti del vostro cane mentre lo mastica. Le setole appositamente progettate per la pulizia dei denti rimuovono efficacemente placca e tartaro, aiutando a prevenire problemi dentali come l'alito cattivo e le malattie gengivali.<\/li>\n<li><strong>Massaggio delicato delle gengive:<\/strong> Il cane apprezzer\u00e0 il massaggio gengivale lenitivo fornito dalla superficie strutturata del giocattolo. Mentre masticano, le setole in rilievo massaggiano delicatamente le gengive, stimolando il flusso sanguigno e promuovendo la salute orale generale, contribuendo anche a ridurre il rischio di malattie gengivali.<\/li>\n<li><strong>Propriet\u00e0 antibatteriche:<\/strong> Potrete stare tranquilli sapendo che questo gioco da masticare \u00e8 realizzato con materiali antibatterici che aiutano a mantenere la bocca del vostro cane pi\u00f9 pulita. Queste propriet\u00e0 riducono la crescita di batteri nocivi, contribuendo a una bocca pi\u00f9 sana e a un alito pi\u00f9 fresco per il vostro amico peloso.<\/li>\n<li><strong>Migliora la stimolazione mentale:<\/strong> Noterete che la stimolazione mentale del vostro cane aumenta giocando con questo giocattolo da masticare. Il design resistente incoraggia sessioni di masticazione prolungate, aiutando a ridurre la noia e l'ansia, che possono portare a comportamenti distruttivi.<\/li>\n<li><strong>Easy to Clean:<\/strong> La manutenzione di questo giocattolo \u00e8 comoda. Le propriet\u00e0 antibatteriche riducono la necessit\u00e0 di una pulizia frequente, ma quando \u00e8 necessario lavarlo, i materiali del giocattolo sono facili da risciacquare e da mantenere igienici per un uso ripetuto.<\/li>\n<\/ul>\n<p>&nbsp;<\/p>\n<div id='gallery-1' class='gallery galleryid-28448 gallery-columns-3 gallery-size-medium'><figure class='gallery-item'>\n\t\t\t<div class='gallery-icon landscape'>\n\t\t\t\t<img fetchpriority=\"high\" decoding=\"async\" width=\"300\" height=\"300\" src=\"https:\/\/petproducts.com.cn\/wp-content\/uploads\/2024\/08\/Supplier-Dog-Dental-Chew-Toy-300x300.webp\" class=\"attachment-medium size-medium\" alt=\"\" aria-describedby=\"gallery-1-28456\" srcset=\"https:\/\/petproducts.com.cn\/wp-content\/uploads\/2024\/08\/Supplier-Dog-Dental-Chew-Toy-300x300.webp 300w, https:\/\/petproducts.com.cn\/wp-content\/uploads\/2024\/08\/Supplier-Dog-Dental-Chew-Toy-150x150.webp 150w, https:\/\/petproducts.com.cn\/wp-content\/uploads\/2024\/08\/Supplier-Dog-Dental-Chew-Toy-768x768.webp 768w, https:\/\/petproducts.com.cn\/wp-content\/uploads\/2024\/08\/Supplier-Dog-Dental-Chew-Toy-12x12.webp 12w, https:\/\/petproducts.com.cn\/wp-content\/uploads\/2024\/08\/Supplier-Dog-Dental-Chew-Toy-600x600.webp 600w, https:\/\/petproducts.com.cn\/wp-content\/uploads\/2024\/08\/Supplier-Dog-Dental-Chew-Toy-100x100.webp 100w, https:\/\/petproducts.com.cn\/wp-content\/uploads\/2024\/08\/Supplier-Dog-Dental-Chew-Toy.webp 1000w\" sizes=\"(max-width: 300px) 100vw, 300px\" \/>\n\t\t\t<\/div>\n\t\t\t\t<figcaption class='wp-caption-text gallery-caption' id='gallery-1-28456'>\n\t\t\t\tBlu\n\t\t\t\t<\/figcaption><\/figure><figure class='gallery-item'>\n\t\t\t<div class='gallery-icon landscape'>\n\t\t\t\t<img decoding=\"async\" width=\"300\" height=\"300\" src=\"https:\/\/petproducts.com.cn\/wp-content\/uploads\/2024\/08\/Dog-Dental-Chew-Toy-300x300.webp\" class=\"attachment-medium size-medium\" alt=\"Giocattolo da masticare per i denti del cane\" aria-describedby=\"gallery-1-28453\" srcset=\"https:\/\/petproducts.com.cn\/wp-content\/uploads\/2024\/08\/Dog-Dental-Chew-Toy-300x300.webp 300w, https:\/\/petproducts.com.cn\/wp-content\/uploads\/2024\/08\/Dog-Dental-Chew-Toy-150x150.webp 150w, https:\/\/petproducts.com.cn\/wp-content\/uploads\/2024\/08\/Dog-Dental-Chew-Toy-768x768.webp 768w, https:\/\/petproducts.com.cn\/wp-content\/uploads\/2024\/08\/Dog-Dental-Chew-Toy-12x12.webp 12w, https:\/\/petproducts.com.cn\/wp-content\/uploads\/2024\/08\/Dog-Dental-Chew-Toy-600x600.webp 600w, https:\/\/petproducts.com.cn\/wp-content\/uploads\/2024\/08\/Dog-Dental-Chew-Toy-100x100.webp 100w, https:\/\/petproducts.com.cn\/wp-content\/uploads\/2024\/08\/Dog-Dental-Chew-Toy.webp 1000w\" sizes=\"(max-width: 300px) 100vw, 300px\" \/>\n\t\t\t<\/div>\n\t\t\t\t<figcaption class='wp-caption-text gallery-caption' id='gallery-1-28453'>\n\t\t\t\tVerde\n\t\t\t\t<\/figcaption><\/figure><figure class='gallery-item'>\n\t\t\t<div class='gallery-icon landscape'>\n\t\t\t\t<img decoding=\"async\" width=\"300\" height=\"300\" src=\"https:\/\/petproducts.com.cn\/wp-content\/uploads\/2024\/08\/Best-Dog-Dental-Chew-Toy-300x300.webp\" class=\"attachment-medium size-medium\" alt=\"Il miglior giocattolo da masticare per cani\" aria-describedby=\"gallery-1-28451\" srcset=\"https:\/\/petproducts.com.cn\/wp-content\/uploads\/2024\/08\/Best-Dog-Dental-Chew-Toy-300x300.webp 300w, https:\/\/petproducts.com.cn\/wp-content\/uploads\/2024\/08\/Best-Dog-Dental-Chew-Toy-150x150.webp 150w, https:\/\/petproducts.com.cn\/wp-content\/uploads\/2024\/08\/Best-Dog-Dental-Chew-Toy-768x768.webp 768w, https:\/\/petproducts.com.cn\/wp-content\/uploads\/2024\/08\/Best-Dog-Dental-Chew-Toy-12x12.webp 12w, https:\/\/petproducts.com.cn\/wp-content\/uploads\/2024\/08\/Best-Dog-Dental-Chew-Toy-600x600.webp 600w, https:\/\/petproducts.com.cn\/wp-content\/uploads\/2024\/08\/Best-Dog-Dental-Chew-Toy-100x100.webp 100w, https:\/\/petproducts.com.cn\/wp-content\/uploads\/2024\/08\/Best-Dog-Dental-Chew-Toy.webp 1000w\" sizes=\"(max-width: 300px) 100vw, 300px\" \/>\n\t\t\t<\/div>\n\t\t\t\t<figcaption class='wp-caption-text gallery-caption' id='gallery-1-28451'>\n\t\t\t\tNero\n\t\t\t\t<\/figcaption><\/figure>\n\t\t<\/div>\n\n<p>&nbsp;<\/p>\n<p style=\"text-align: center;\"><em><strong>Per saperne di pi\u00f9 <a href=\"https:\/\/petproducts.com.cn\/it\/wholesale-dog-toys\/\">giocattoli per cani<\/a>, Per favore <a href=\"https:\/\/petproducts.com.cn\/it\/contattateci\/\">Contattaci<\/a>!<\/strong><\/em><\/p>","protected":false},"excerpt":{"rendered":"<p>Mantenete i denti del vostro cane puliti e le gengive sane con il giocattolo da masticare Dog Dental, progettato per i masticatori pi\u00f9 tenaci con propriet\u00e0 antibatteriche e materiali di grado alimentare.<\/p>","protected":false},"featured_media":28453,"template":"","meta":{"_acf_changed":false},"product_brand":[],"product_cat":[72,48],"product_tag":[223,234],"class_list":{"0":"post-28448","1":"product","2":"type-product","3":"status-publish","4":"has-post-thumbnail","6":"product_cat-dog-supplies","7":"product_cat-dog-toys","8":"product_tag-dog-chew-toys","9":"product_tag-tpr-dog-toys","11":"first","12":"instock","13":"shipping-taxable","14":"product-type-simple"},"acf":[],"yoast_head":"<!-- This site is optimized with the Yoast SEO plugin v27.1.1 - https:\/\/yoast.com\/product\/yoast-seo-wordpress\/ -->\n<title>Dog Dental Chew Toy | Tough Chewer Dog Toys Manufacturer - Petstar<\/title>\n<meta name=\"description\" content=\"Explore Dog Dental Chew Toy from the pet product supplier. Petstar is a global pet supplies manufacturer. Your ideal business solution with Petstar.\" \/>\n<meta name=\"robots\" content=\"index, follow, max-snippet:-1, max-image-preview:large, max-video-preview:-1\" \/>\n<link rel=\"canonical\" href=\"https:\/\/petproducts.com.cn\/it\/prodotto\/dog-dental-chew-toy-teeth-clean-antibacterial-pet-tough-chewer-dog-toys\/\" \/>\n<meta property=\"og:locale\" content=\"it_IT\" \/>\n<meta property=\"og:type\" content=\"article\" \/>\n<meta property=\"og:title\" content=\"Dog Dental Chew Toy | Tough Chewer Dog Toys Manufacturer - Petstar\" \/>\n<meta property=\"og:description\" content=\"Explore Dog Dental Chew Toy from the pet product supplier. Petstar is a global pet supplies manufacturer. Your ideal business solution with Petstar.\" \/>\n<meta property=\"og:url\" content=\"https:\/\/petproducts.com.cn\/it\/prodotto\/dog-dental-chew-toy-teeth-clean-antibacterial-pet-tough-chewer-dog-toys\/\" \/>\n<meta property=\"og:site_name\" content=\"Petstar\" \/>\n<meta property=\"article:modified_time\" content=\"2024-09-03T06:06:11+00:00\" \/>\n<meta property=\"og:image\" content=\"https:\/\/petproducts.com.cn\/wp-content\/uploads\/2024\/08\/Dog-Dental-Chew-Toy.webp\" \/>\n\t<meta property=\"og:image:width\" content=\"1000\" \/>\n\t<meta property=\"og:image:height\" content=\"1000\" \/>\n\t<meta property=\"og:image:type\" content=\"image\/webp\" \/>\n<meta name=\"twitter:card\" content=\"summary_large_image\" \/>\n<meta name=\"twitter:label1\" content=\"Tempo di lettura stimato\" \/>\n\t<meta name=\"twitter:data1\" content=\"2 minuti\" \/>\n<script type=\"application\/ld+json\" class=\"yoast-schema-graph\">{\"@context\":\"https:\/\/schema.org\",\"@graph\":[{\"@type\":\"WebPage\",\"@id\":\"https:\/\/petproducts.com.cn\/product\/dog-dental-chew-toy-teeth-clean-antibacterial-pet-tough-chewer-dog-toys\/\",\"url\":\"https:\/\/petproducts.com.cn\/product\/dog-dental-chew-toy-teeth-clean-antibacterial-pet-tough-chewer-dog-toys\/\",\"name\":\"Dog Dental Chew Toy | Tough Chewer Dog Toys Manufacturer - Petstar\",\"isPartOf\":{\"@id\":\"https:\/\/petproducts.com.cn\/#website\"},\"primaryImageOfPage\":{\"@id\":\"https:\/\/petproducts.com.cn\/product\/dog-dental-chew-toy-teeth-clean-antibacterial-pet-tough-chewer-dog-toys\/#primaryimage\"},\"image\":{\"@id\":\"https:\/\/petproducts.com.cn\/product\/dog-dental-chew-toy-teeth-clean-antibacterial-pet-tough-chewer-dog-toys\/#primaryimage\"},\"thumbnailUrl\":\"https:\/\/petproducts.com.cn\/wp-content\/uploads\/2024\/08\/Dog-Dental-Chew-Toy.webp\",\"datePublished\":\"2024-08-27T06:45:21+00:00\",\"dateModified\":\"2024-09-03T06:06:11+00:00\",\"description\":\"Explore Dog Dental Chew Toy from the pet product supplier. Petstar is a global pet supplies manufacturer. Your ideal business solution with Petstar.\",\"breadcrumb\":{\"@id\":\"https:\/\/petproducts.com.cn\/product\/dog-dental-chew-toy-teeth-clean-antibacterial-pet-tough-chewer-dog-toys\/#breadcrumb\"},\"inLanguage\":\"it-IT\",\"potentialAction\":[{\"@type\":\"ReadAction\",\"target\":[\"https:\/\/petproducts.com.cn\/product\/dog-dental-chew-toy-teeth-clean-antibacterial-pet-tough-chewer-dog-toys\/\"]}]},{\"@type\":\"ImageObject\",\"inLanguage\":\"it-IT\",\"@id\":\"https:\/\/petproducts.com.cn\/product\/dog-dental-chew-toy-teeth-clean-antibacterial-pet-tough-chewer-dog-toys\/#primaryimage\",\"url\":\"https:\/\/petproducts.com.cn\/wp-content\/uploads\/2024\/08\/Dog-Dental-Chew-Toy.webp\",\"contentUrl\":\"https:\/\/petproducts.com.cn\/wp-content\/uploads\/2024\/08\/Dog-Dental-Chew-Toy.webp\",\"width\":1000,\"height\":1000,\"caption\":\"Green\"},{\"@type\":\"BreadcrumbList\",\"@id\":\"https:\/\/petproducts.com.cn\/product\/dog-dental-chew-toy-teeth-clean-antibacterial-pet-tough-chewer-dog-toys\/#breadcrumb\",\"itemListElement\":[{\"@type\":\"ListItem\",\"position\":1,\"name\":\"HOME\",\"item\":\"https:\/\/petproducts.com.cn\/\"},{\"@type\":\"ListItem\",\"position\":2,\"name\":\"Products\",\"item\":\"https:\/\/petproducts.com.cn\/shop\/\"},{\"@type\":\"ListItem\",\"position\":3,\"name\":\"Dog Toys\",\"item\":\"https:\/\/petproducts.com.cn\/product-category\/dog-toys\/\"},{\"@type\":\"ListItem\",\"position\":4,\"name\":\"Dog Dental Chew Toy Teeth Clean Antibacterial Pet Tough Chewer Dog Toys\"}]},{\"@type\":\"WebSite\",\"@id\":\"https:\/\/petproducts.com.cn\/#website\",\"url\":\"https:\/\/petproducts.com.cn\/\",\"name\":\"Petstar\",\"description\":\"Leading Pet Supplies Manufacturer &amp; OEM Pet Products Supplier\",\"publisher\":{\"@id\":\"https:\/\/petproducts.com.cn\/#organization\"},\"alternateName\":\"Petstar Pet Supplies\",\"potentialAction\":[{\"@type\":\"SearchAction\",\"target\":{\"@type\":\"EntryPoint\",\"urlTemplate\":\"https:\/\/petproducts.com.cn\/?s={search_term_string}\"},\"query-input\":{\"@type\":\"PropertyValueSpecification\",\"valueRequired\":true,\"valueName\":\"search_term_string\"}}],\"inLanguage\":\"it-IT\"},{\"@type\":\"Organization\",\"@id\":\"https:\/\/petproducts.com.cn\/#organization\",\"name\":\"Petstar\",\"url\":\"https:\/\/petproducts.com.cn\/\",\"logo\":{\"@type\":\"ImageObject\",\"inLanguage\":\"it-IT\",\"@id\":\"https:\/\/petproducts.com.cn\/#\/schema\/logo\/image\/\",\"url\":\"https:\/\/petproducts.com.cn\/wp-content\/uploads\/2020\/02\/petstar-logo.webp\",\"contentUrl\":\"https:\/\/petproducts.com.cn\/wp-content\/uploads\/2020\/02\/petstar-logo.webp\",\"width\":779,\"height\":520,\"caption\":\"Petstar\"},\"image\":{\"@id\":\"https:\/\/petproducts.com.cn\/#\/schema\/logo\/image\/\"}}]}<\/script>\n<!-- \/ Yoast SEO plugin. -->","yoast_head_json":{"title":"Giocattolo dentale da masticare per cani - Petstar","description":"Esplora il giocattolo dentale da masticare per cani dal fornitore di prodotti per animali. Petstar \u00e8 un produttore globale di prodotti per animali domestici. La vostra soluzione commerciale ideale con Petstar.","robots":{"index":"index","follow":"follow","max-snippet":"max-snippet:-1","max-image-preview":"max-image-preview:large","max-video-preview":"max-video-preview:-1"},"canonical":"https:\/\/petproducts.com.cn\/it\/prodotto\/dog-dental-chew-toy-teeth-clean-antibacterial-pet-tough-chewer-dog-toys\/","og_locale":"it_IT","og_type":"article","og_title":"Dog Dental Chew Toy | Tough Chewer Dog Toys Manufacturer - Petstar","og_description":"Explore Dog Dental Chew Toy from the pet product supplier. Petstar is a global pet supplies manufacturer. Your ideal business solution with Petstar.","og_url":"https:\/\/petproducts.com.cn\/it\/prodotto\/dog-dental-chew-toy-teeth-clean-antibacterial-pet-tough-chewer-dog-toys\/","og_site_name":"Petstar","article_modified_time":"2024-09-03T06:06:11+00:00","og_image":[{"width":1000,"height":1000,"url":"https:\/\/petproducts.com.cn\/wp-content\/uploads\/2024\/08\/Dog-Dental-Chew-Toy.webp","type":"image\/webp"}],"twitter_card":"summary_large_image","twitter_misc":{"Tempo di lettura stimato":"2 minuti"},"schema":{"@context":"https:\/\/schema.org","@graph":[{"@type":"WebPage","@id":"https:\/\/petproducts.com.cn\/product\/dog-dental-chew-toy-teeth-clean-antibacterial-pet-tough-chewer-dog-toys\/","url":"https:\/\/petproducts.com.cn\/product\/dog-dental-chew-toy-teeth-clean-antibacterial-pet-tough-chewer-dog-toys\/","name":"Giocattolo dentale da masticare per cani - Petstar","isPartOf":{"@id":"https:\/\/petproducts.com.cn\/#website"},"primaryImageOfPage":{"@id":"https:\/\/petproducts.com.cn\/product\/dog-dental-chew-toy-teeth-clean-antibacterial-pet-tough-chewer-dog-toys\/#primaryimage"},"image":{"@id":"https:\/\/petproducts.com.cn\/product\/dog-dental-chew-toy-teeth-clean-antibacterial-pet-tough-chewer-dog-toys\/#primaryimage"},"thumbnailUrl":"https:\/\/petproducts.com.cn\/wp-content\/uploads\/2024\/08\/Dog-Dental-Chew-Toy.webp","datePublished":"2024-08-27T06:45:21+00:00","dateModified":"2024-09-03T06:06:11+00:00","description":"Esplora il giocattolo dentale da masticare per cani dal fornitore di prodotti per animali. Petstar \u00e8 un produttore globale di prodotti per animali domestici. La vostra soluzione commerciale ideale con Petstar.","breadcrumb":{"@id":"https:\/\/petproducts.com.cn\/product\/dog-dental-chew-toy-teeth-clean-antibacterial-pet-tough-chewer-dog-toys\/#breadcrumb"},"inLanguage":"it-IT","potentialAction":[{"@type":"ReadAction","target":["https:\/\/petproducts.com.cn\/product\/dog-dental-chew-toy-teeth-clean-antibacterial-pet-tough-chewer-dog-toys\/"]}]},{"@type":"ImageObject","inLanguage":"it-IT","@id":"https:\/\/petproducts.com.cn\/product\/dog-dental-chew-toy-teeth-clean-antibacterial-pet-tough-chewer-dog-toys\/#primaryimage","url":"https:\/\/petproducts.com.cn\/wp-content\/uploads\/2024\/08\/Dog-Dental-Chew-Toy.webp","contentUrl":"https:\/\/petproducts.com.cn\/wp-content\/uploads\/2024\/08\/Dog-Dental-Chew-Toy.webp","width":1000,"height":1000,"caption":"Green"},{"@type":"BreadcrumbList","@id":"https:\/\/petproducts.com.cn\/product\/dog-dental-chew-toy-teeth-clean-antibacterial-pet-tough-chewer-dog-toys\/#breadcrumb","itemListElement":[{"@type":"ListItem","position":1,"name":"HOME","item":"https:\/\/petproducts.com.cn\/"},{"@type":"ListItem","position":2,"name":"Products","item":"https:\/\/petproducts.com.cn\/shop\/"},{"@type":"ListItem","position":3,"name":"Dog Toys","item":"https:\/\/petproducts.com.cn\/product-category\/dog-toys\/"},{"@type":"ListItem","position":4,"name":"Dog Dental Chew Toy Teeth Clean Antibacterial Pet Tough Chewer Dog Toys"}]},{"@type":"WebSite","@id":"https:\/\/petproducts.com.cn\/#website","url":"https:\/\/petproducts.com.cn\/","name":"Petstar","description":"Produttore leader di forniture per animali domestici e fornitore di prodotti OEM per animali domestici","publisher":{"@id":"https:\/\/petproducts.com.cn\/#organization"},"alternateName":"Petstar Pet Supplies","potentialAction":[{"@type":"SearchAction","target":{"@type":"EntryPoint","urlTemplate":"https:\/\/petproducts.com.cn\/?s={search_term_string}"},"query-input":{"@type":"PropertyValueSpecification","valueRequired":true,"valueName":"search_term_string"}}],"inLanguage":"it-IT"},{"@type":"Organization","@id":"https:\/\/petproducts.com.cn\/#organization","name":"Petstar","url":"https:\/\/petproducts.com.cn\/","logo":{"@type":"ImageObject","inLanguage":"it-IT","@id":"https:\/\/petproducts.com.cn\/#\/schema\/logo\/image\/","url":"https:\/\/petproducts.com.cn\/wp-content\/uploads\/2020\/02\/petstar-logo.webp","contentUrl":"https:\/\/petproducts.com.cn\/wp-content\/uploads\/2020\/02\/petstar-logo.webp","width":779,"height":520,"caption":"Petstar"},"image":{"@id":"https:\/\/petproducts.com.cn\/#\/schema\/logo\/image\/"}}]}},"_links":{"self":[{"href":"https:\/\/petproducts.com.cn\/it\/wp-json\/wp\/v2\/product\/28448","targetHints":{"allow":["GET"]}}],"collection":[{"href":"https:\/\/petproducts.com.cn\/it\/wp-json\/wp\/v2\/product"}],"about":[{"href":"https:\/\/petproducts.com.cn\/it\/wp-json\/wp\/v2\/types\/product"}],"version-history":[{"count":5,"href":"https:\/\/petproducts.com.cn\/it\/wp-json\/wp\/v2\/product\/28448\/revisions"}],"predecessor-version":[{"id":28494,"href":"https:\/\/petproducts.com.cn\/it\/wp-json\/wp\/v2\/product\/28448\/revisions\/28494"}],"wp:featuredmedia":[{"embeddable":true,"href":"https:\/\/petproducts.com.cn\/it\/wp-json\/wp\/v2\/media\/28453"}],"wp:attachment":[{"href":"https:\/\/petproducts.com.cn\/it\/wp-json\/wp\/v2\/media?parent=28448"}],"wp:term":[{"taxonomy":"product_brand","embeddable":true,"href":"https:\/\/petproducts.com.cn\/it\/wp-json\/wp\/v2\/product_brand?post=28448"},{"taxonomy":"product_cat","embeddable":true,"href":"https:\/\/petproducts.com.cn\/it\/wp-json\/wp\/v2\/product_cat?post=28448"},{"taxonomy":"product_tag","embeddable":true,"href":"https:\/\/petproducts.com.cn\/it\/wp-json\/wp\/v2\/product_tag?post=28448"}],"curies":[{"name":"wp","href":"https:\/\/api.w.org\/{rel}","templated":true}]}}