{"id":28506,"date":"2024-08-28T05:27:23","date_gmt":"2024-08-28T05:27:23","guid":{"rendered":"https:\/\/petproducts.com.cn\/?post_type=product&#038;p=28506"},"modified":"2024-09-06T05:19:58","modified_gmt":"2024-09-06T05:19:58","slug":"round-plush-cat-bed-southwest-kilim-soft-dog-cat-fuzzy-nest-pet-bed","status":"publish","type":"product","link":"https:\/\/petproducts.com.cn\/it\/product\/round-plush-cat-bed-southwest-kilim-soft-dog-cat-fuzzy-nest-pet-bed\/","title":{"rendered":"Letto rotondo di peluche per gatti Southwest Kilim morbido cane gatto Fuzzy Nest Pet Bed"},"content":{"rendered":"<h2>Caratteristiche di Letto rotondo in peluche per gatti<\/h2>\n<ul>\n<li><strong>Funzionalit\u00e0 wo-in-one:<\/strong> Questo letto rotondo in peluche per gatti funge sia da cesto che da letto. Il design versatile consente di utilizzarlo come elegante cesto per i giocattoli o gli oggetti essenziali del vostro animale e, quando \u00e8 il momento di fare un pisolino, di trasformarlo in un morbido letto rotondo in peluche.<\/li>\n<li><strong>Forma a cestino con struttura robusta:<\/strong> Il vostro animale si sentir\u00e0 al sicuro nell'accogliente forma a cestino. La struttura robusta assicura che il letto mantenga la sua forma e fornisca al contempo un ambiente accogliente in cui accoccolarsi, offrendo all'animale un senso di sicurezza e comfort.<\/li>\n<li><strong>Trasformabile in un soffice letto rotondo:<\/strong> \u00c8 possibile passare facilmente dalla modalit\u00e0 cestino alla modalit\u00e0 letto. Con una rapida regolazione, questo cesto si trasforma in un letto rotondo e soffice, che offre al gatto o al cane di piccola taglia uno spazio morbido e invitante per rilassarsi e distendersi.<\/li>\n<li><strong>Materiale morbido e soffice:<\/strong> Il vostro animale domestico godr\u00e0 del massimo comfort grazie al materiale morbido e felpato che riveste il letto. Questo tessuto lussuoso crea un ambiente caldo e accogliente, perfetto per le coccole e per garantire che il vostro animale domestico rimanga a suo agio durante il riposo.<\/li>\n<li><strong>Comode maniglie per il trasporto:<\/strong> Apprezzerete la comodit\u00e0 delle maniglie integrate per il trasporto. Che si tratti di spostare il letto in casa o di portarlo in viaggio, le robuste maniglie lo rendono facile da trasportare, in modo che il vostro animale abbia sempre il suo posto preferito nelle vicinanze.<\/li>\n<\/ul>\n<div id='gallery-1' class='gallery galleryid-28506 gallery-columns-3 gallery-size-medium'><figure class='gallery-item'>\n\t\t\t<div class='gallery-icon landscape'>\n\t\t\t\t<img fetchpriority=\"high\" decoding=\"async\" width=\"300\" height=\"300\" src=\"https:\/\/petproducts.com.cn\/wp-content\/uploads\/2024\/08\/Top-Round-Plush-Cat-Bed-300x300.webp\" class=\"attachment-medium size-medium\" alt=\"\" srcset=\"https:\/\/petproducts.com.cn\/wp-content\/uploads\/2024\/08\/Top-Round-Plush-Cat-Bed-300x300.webp 300w, https:\/\/petproducts.com.cn\/wp-content\/uploads\/2024\/08\/Top-Round-Plush-Cat-Bed-150x150.webp 150w, https:\/\/petproducts.com.cn\/wp-content\/uploads\/2024\/08\/Top-Round-Plush-Cat-Bed-768x768.webp 768w, https:\/\/petproducts.com.cn\/wp-content\/uploads\/2024\/08\/Top-Round-Plush-Cat-Bed-12x12.webp 12w, https:\/\/petproducts.com.cn\/wp-content\/uploads\/2024\/08\/Top-Round-Plush-Cat-Bed-600x600.webp 600w, https:\/\/petproducts.com.cn\/wp-content\/uploads\/2024\/08\/Top-Round-Plush-Cat-Bed-100x100.webp 100w, https:\/\/petproducts.com.cn\/wp-content\/uploads\/2024\/08\/Top-Round-Plush-Cat-Bed.webp 1000w\" sizes=\"(max-width: 300px) 100vw, 300px\" \/>\n\t\t\t<\/div><\/figure><figure class='gallery-item'>\n\t\t\t<div class='gallery-icon landscape'>\n\t\t\t\t<img decoding=\"async\" width=\"300\" height=\"300\" src=\"https:\/\/petproducts.com.cn\/wp-content\/uploads\/2024\/08\/Hot-Round-Plush-Cat-Bed-300x300.webp\" class=\"attachment-medium size-medium\" alt=\"\" srcset=\"https:\/\/petproducts.com.cn\/wp-content\/uploads\/2024\/08\/Hot-Round-Plush-Cat-Bed-300x300.webp 300w, https:\/\/petproducts.com.cn\/wp-content\/uploads\/2024\/08\/Hot-Round-Plush-Cat-Bed-150x150.webp 150w, https:\/\/petproducts.com.cn\/wp-content\/uploads\/2024\/08\/Hot-Round-Plush-Cat-Bed-768x768.webp 768w, https:\/\/petproducts.com.cn\/wp-content\/uploads\/2024\/08\/Hot-Round-Plush-Cat-Bed-12x12.webp 12w, https:\/\/petproducts.com.cn\/wp-content\/uploads\/2024\/08\/Hot-Round-Plush-Cat-Bed-600x600.webp 600w, https:\/\/petproducts.com.cn\/wp-content\/uploads\/2024\/08\/Hot-Round-Plush-Cat-Bed-100x100.webp 100w, https:\/\/petproducts.com.cn\/wp-content\/uploads\/2024\/08\/Hot-Round-Plush-Cat-Bed.webp 1000w\" sizes=\"(max-width: 300px) 100vw, 300px\" \/>\n\t\t\t<\/div><\/figure><figure class='gallery-item'>\n\t\t\t<div class='gallery-icon landscape'>\n\t\t\t\t<img decoding=\"async\" width=\"300\" height=\"300\" src=\"https:\/\/petproducts.com.cn\/wp-content\/uploads\/2024\/08\/Best-Round-Plush-Cat-Bed-300x300.webp\" class=\"attachment-medium size-medium\" alt=\"\" srcset=\"https:\/\/petproducts.com.cn\/wp-content\/uploads\/2024\/08\/Best-Round-Plush-Cat-Bed-300x300.webp 300w, https:\/\/petproducts.com.cn\/wp-content\/uploads\/2024\/08\/Best-Round-Plush-Cat-Bed-150x150.webp 150w, https:\/\/petproducts.com.cn\/wp-content\/uploads\/2024\/08\/Best-Round-Plush-Cat-Bed-768x768.webp 768w, https:\/\/petproducts.com.cn\/wp-content\/uploads\/2024\/08\/Best-Round-Plush-Cat-Bed-12x12.webp 12w, https:\/\/petproducts.com.cn\/wp-content\/uploads\/2024\/08\/Best-Round-Plush-Cat-Bed-600x600.webp 600w, https:\/\/petproducts.com.cn\/wp-content\/uploads\/2024\/08\/Best-Round-Plush-Cat-Bed-100x100.webp 100w, https:\/\/petproducts.com.cn\/wp-content\/uploads\/2024\/08\/Best-Round-Plush-Cat-Bed.webp 1000w\" sizes=\"(max-width: 300px) 100vw, 300px\" \/>\n\t\t\t<\/div><\/figure>\n\t\t<\/div>\n\n<p style=\"text-align: center;\"><em><strong>Per saperne di pi\u00f9 <a href=\"https:\/\/petproducts.com.cn\/it\/wholesale-cat-beds\/\">gatto <\/a><\/strong><\/em><em><strong><a href=\"https:\/\/petproducts.com.cn\/it\/wholesale-cat-beds\/\">letti<\/a>, Per favore <a href=\"https:\/\/petproducts.com.cn\/it\/contattateci\/\">Contattaci<\/a>!<\/strong><\/em><\/p>","protected":false},"excerpt":{"rendered":"<p>Offrite al vostro animale domestico un rifugio perfetto e accogliente con il letto rotondo in peluche per gatti, progettato con una versatile forma a cestino, maniglie facili da trasportare e la possibilit\u00e0 di trasformarsi in un letto rotondo in peluche.<\/p>","protected":false},"featured_media":28515,"template":"","meta":{"_acf_changed":false},"product_brand":[],"product_cat":[58,71,57,72],"product_tag":[208,203,225,201],"class_list":{"0":"post-28506","1":"product","2":"type-product","3":"status-publish","4":"has-post-thumbnail","6":"product_cat-cat-beds","7":"product_cat-cat-supplies","8":"product_cat-dog-beds","9":"product_cat-dog-supplies","10":"product_tag-donut-pet-beds","11":"product_tag-pet-beds","12":"product_tag-plush-pet-beds","13":"product_tag-round-pet-beds","15":"first","16":"instock","17":"shipping-taxable","18":"product-type-simple"},"acf":[],"yoast_head":"<!-- This site is optimized with the Yoast SEO plugin v27.1.1 - https:\/\/yoast.com\/product\/yoast-seo-wordpress\/ -->\n<title>Round Plush Cat Bed | Fuzzy Nest Pet Bed Manufacturer- Petstar<\/title>\n<meta name=\"description\" content=\"Explore Round Plush Cat Bed from the best pet products supplier. Petstar is a global pet supplies manufacturer. Your ideal business solution with Petstar.\" \/>\n<meta name=\"robots\" content=\"index, follow, max-snippet:-1, max-image-preview:large, max-video-preview:-1\" \/>\n<link rel=\"canonical\" href=\"https:\/\/petproducts.com.cn\/it\/prodotto\/round-plush-cat-bed-southwest-kilim-soft-dog-cat-fuzzy-nest-pet-bed\/\" \/>\n<meta property=\"og:locale\" content=\"it_IT\" \/>\n<meta property=\"og:type\" content=\"article\" \/>\n<meta property=\"og:title\" content=\"Round Plush Cat Bed | Fuzzy Nest Pet Bed Manufacturer- Petstar\" \/>\n<meta property=\"og:description\" content=\"Explore Round Plush Cat Bed from the best pet products supplier. Petstar is a global pet supplies manufacturer. Your ideal business solution with Petstar.\" \/>\n<meta property=\"og:url\" content=\"https:\/\/petproducts.com.cn\/it\/prodotto\/round-plush-cat-bed-southwest-kilim-soft-dog-cat-fuzzy-nest-pet-bed\/\" \/>\n<meta property=\"og:site_name\" content=\"Petstar\" \/>\n<meta property=\"article:modified_time\" content=\"2024-09-06T05:19:58+00:00\" \/>\n<meta property=\"og:image\" content=\"https:\/\/petproducts.com.cn\/wp-content\/uploads\/2024\/08\/Round-Plush-Cat-Bed.webp\" \/>\n\t<meta property=\"og:image:width\" content=\"800\" \/>\n\t<meta property=\"og:image:height\" content=\"800\" \/>\n\t<meta property=\"og:image:type\" content=\"image\/webp\" \/>\n<meta name=\"twitter:card\" content=\"summary_large_image\" \/>\n<meta name=\"twitter:label1\" content=\"Tempo di lettura stimato\" \/>\n\t<meta name=\"twitter:data1\" content=\"2 minuti\" \/>\n<script type=\"application\/ld+json\" class=\"yoast-schema-graph\">{\"@context\":\"https:\/\/schema.org\",\"@graph\":[{\"@type\":\"WebPage\",\"@id\":\"https:\/\/petproducts.com.cn\/product\/round-plush-cat-bed-southwest-kilim-soft-dog-cat-fuzzy-nest-pet-bed\/\",\"url\":\"https:\/\/petproducts.com.cn\/product\/round-plush-cat-bed-southwest-kilim-soft-dog-cat-fuzzy-nest-pet-bed\/\",\"name\":\"Round Plush Cat Bed | Fuzzy Nest Pet Bed Manufacturer- Petstar\",\"isPartOf\":{\"@id\":\"https:\/\/petproducts.com.cn\/#website\"},\"primaryImageOfPage\":{\"@id\":\"https:\/\/petproducts.com.cn\/product\/round-plush-cat-bed-southwest-kilim-soft-dog-cat-fuzzy-nest-pet-bed\/#primaryimage\"},\"image\":{\"@id\":\"https:\/\/petproducts.com.cn\/product\/round-plush-cat-bed-southwest-kilim-soft-dog-cat-fuzzy-nest-pet-bed\/#primaryimage\"},\"thumbnailUrl\":\"https:\/\/petproducts.com.cn\/wp-content\/uploads\/2024\/08\/Round-Plush-Cat-Bed.webp\",\"datePublished\":\"2024-08-28T05:27:23+00:00\",\"dateModified\":\"2024-09-06T05:19:58+00:00\",\"description\":\"Explore Round Plush Cat Bed from the best pet products supplier. Petstar is a global pet supplies manufacturer. Your ideal business solution with Petstar.\",\"breadcrumb\":{\"@id\":\"https:\/\/petproducts.com.cn\/product\/round-plush-cat-bed-southwest-kilim-soft-dog-cat-fuzzy-nest-pet-bed\/#breadcrumb\"},\"inLanguage\":\"it-IT\",\"potentialAction\":[{\"@type\":\"ReadAction\",\"target\":[\"https:\/\/petproducts.com.cn\/product\/round-plush-cat-bed-southwest-kilim-soft-dog-cat-fuzzy-nest-pet-bed\/\"]}]},{\"@type\":\"ImageObject\",\"inLanguage\":\"it-IT\",\"@id\":\"https:\/\/petproducts.com.cn\/product\/round-plush-cat-bed-southwest-kilim-soft-dog-cat-fuzzy-nest-pet-bed\/#primaryimage\",\"url\":\"https:\/\/petproducts.com.cn\/wp-content\/uploads\/2024\/08\/Round-Plush-Cat-Bed.webp\",\"contentUrl\":\"https:\/\/petproducts.com.cn\/wp-content\/uploads\/2024\/08\/Round-Plush-Cat-Bed.webp\",\"width\":800,\"height\":800,\"caption\":\"Round Plush Cat Bed\"},{\"@type\":\"BreadcrumbList\",\"@id\":\"https:\/\/petproducts.com.cn\/product\/round-plush-cat-bed-southwest-kilim-soft-dog-cat-fuzzy-nest-pet-bed\/#breadcrumb\",\"itemListElement\":[{\"@type\":\"ListItem\",\"position\":1,\"name\":\"HOME\",\"item\":\"https:\/\/petproducts.com.cn\/\"},{\"@type\":\"ListItem\",\"position\":2,\"name\":\"Products\",\"item\":\"https:\/\/petproducts.com.cn\/shop\/\"},{\"@type\":\"ListItem\",\"position\":3,\"name\":\"Cat Beds\",\"item\":\"https:\/\/petproducts.com.cn\/product-category\/cat-beds\/\"},{\"@type\":\"ListItem\",\"position\":4,\"name\":\"Round Plush Cat Bed Southwest Kilim Soft Dog Cat Fuzzy Nest Pet Bed\"}]},{\"@type\":\"WebSite\",\"@id\":\"https:\/\/petproducts.com.cn\/#website\",\"url\":\"https:\/\/petproducts.com.cn\/\",\"name\":\"Petstar\",\"description\":\"Leading Pet Supplies Manufacturer &amp; OEM Pet Products Supplier\",\"publisher\":{\"@id\":\"https:\/\/petproducts.com.cn\/#organization\"},\"alternateName\":\"Petstar Pet Supplies\",\"potentialAction\":[{\"@type\":\"SearchAction\",\"target\":{\"@type\":\"EntryPoint\",\"urlTemplate\":\"https:\/\/petproducts.com.cn\/?s={search_term_string}\"},\"query-input\":{\"@type\":\"PropertyValueSpecification\",\"valueRequired\":true,\"valueName\":\"search_term_string\"}}],\"inLanguage\":\"it-IT\"},{\"@type\":\"Organization\",\"@id\":\"https:\/\/petproducts.com.cn\/#organization\",\"name\":\"Petstar\",\"url\":\"https:\/\/petproducts.com.cn\/\",\"logo\":{\"@type\":\"ImageObject\",\"inLanguage\":\"it-IT\",\"@id\":\"https:\/\/petproducts.com.cn\/#\/schema\/logo\/image\/\",\"url\":\"https:\/\/petproducts.com.cn\/wp-content\/uploads\/2020\/02\/petstar-logo.webp\",\"contentUrl\":\"https:\/\/petproducts.com.cn\/wp-content\/uploads\/2020\/02\/petstar-logo.webp\",\"width\":779,\"height\":520,\"caption\":\"Petstar\"},\"image\":{\"@id\":\"https:\/\/petproducts.com.cn\/#\/schema\/logo\/image\/\"}}]}<\/script>\n<!-- \/ Yoast SEO plugin. -->","yoast_head_json":{"title":"Letto rotondo di peluche per gatti - Fuzzy Nest Pet Bed Manufacturer- Petstar","description":"Esplorate il letto rotondo di peluche per gatti dal miglior fornitore di prodotti per animali. Petstar \u00e8 un produttore globale di prodotti per animali domestici. La vostra soluzione commerciale ideale con Petstar.","robots":{"index":"index","follow":"follow","max-snippet":"max-snippet:-1","max-image-preview":"max-image-preview:large","max-video-preview":"max-video-preview:-1"},"canonical":"https:\/\/petproducts.com.cn\/it\/prodotto\/round-plush-cat-bed-southwest-kilim-soft-dog-cat-fuzzy-nest-pet-bed\/","og_locale":"it_IT","og_type":"article","og_title":"Round Plush Cat Bed | Fuzzy Nest Pet Bed Manufacturer- Petstar","og_description":"Explore Round Plush Cat Bed from the best pet products supplier. Petstar is a global pet supplies manufacturer. Your ideal business solution with Petstar.","og_url":"https:\/\/petproducts.com.cn\/it\/prodotto\/round-plush-cat-bed-southwest-kilim-soft-dog-cat-fuzzy-nest-pet-bed\/","og_site_name":"Petstar","article_modified_time":"2024-09-06T05:19:58+00:00","og_image":[{"width":800,"height":800,"url":"https:\/\/petproducts.com.cn\/wp-content\/uploads\/2024\/08\/Round-Plush-Cat-Bed.webp","type":"image\/webp"}],"twitter_card":"summary_large_image","twitter_misc":{"Tempo di lettura stimato":"2 minuti"},"schema":{"@context":"https:\/\/schema.org","@graph":[{"@type":"WebPage","@id":"https:\/\/petproducts.com.cn\/product\/round-plush-cat-bed-southwest-kilim-soft-dog-cat-fuzzy-nest-pet-bed\/","url":"https:\/\/petproducts.com.cn\/product\/round-plush-cat-bed-southwest-kilim-soft-dog-cat-fuzzy-nest-pet-bed\/","name":"Letto rotondo di peluche per gatti - Fuzzy Nest Pet Bed Manufacturer- Petstar","isPartOf":{"@id":"https:\/\/petproducts.com.cn\/#website"},"primaryImageOfPage":{"@id":"https:\/\/petproducts.com.cn\/product\/round-plush-cat-bed-southwest-kilim-soft-dog-cat-fuzzy-nest-pet-bed\/#primaryimage"},"image":{"@id":"https:\/\/petproducts.com.cn\/product\/round-plush-cat-bed-southwest-kilim-soft-dog-cat-fuzzy-nest-pet-bed\/#primaryimage"},"thumbnailUrl":"https:\/\/petproducts.com.cn\/wp-content\/uploads\/2024\/08\/Round-Plush-Cat-Bed.webp","datePublished":"2024-08-28T05:27:23+00:00","dateModified":"2024-09-06T05:19:58+00:00","description":"Esplorate il letto rotondo di peluche per gatti dal miglior fornitore di prodotti per animali. Petstar \u00e8 un produttore globale di prodotti per animali domestici. La vostra soluzione commerciale ideale con Petstar.","breadcrumb":{"@id":"https:\/\/petproducts.com.cn\/product\/round-plush-cat-bed-southwest-kilim-soft-dog-cat-fuzzy-nest-pet-bed\/#breadcrumb"},"inLanguage":"it-IT","potentialAction":[{"@type":"ReadAction","target":["https:\/\/petproducts.com.cn\/product\/round-plush-cat-bed-southwest-kilim-soft-dog-cat-fuzzy-nest-pet-bed\/"]}]},{"@type":"ImageObject","inLanguage":"it-IT","@id":"https:\/\/petproducts.com.cn\/product\/round-plush-cat-bed-southwest-kilim-soft-dog-cat-fuzzy-nest-pet-bed\/#primaryimage","url":"https:\/\/petproducts.com.cn\/wp-content\/uploads\/2024\/08\/Round-Plush-Cat-Bed.webp","contentUrl":"https:\/\/petproducts.com.cn\/wp-content\/uploads\/2024\/08\/Round-Plush-Cat-Bed.webp","width":800,"height":800,"caption":"Round Plush Cat Bed"},{"@type":"BreadcrumbList","@id":"https:\/\/petproducts.com.cn\/product\/round-plush-cat-bed-southwest-kilim-soft-dog-cat-fuzzy-nest-pet-bed\/#breadcrumb","itemListElement":[{"@type":"ListItem","position":1,"name":"HOME","item":"https:\/\/petproducts.com.cn\/"},{"@type":"ListItem","position":2,"name":"Products","item":"https:\/\/petproducts.com.cn\/shop\/"},{"@type":"ListItem","position":3,"name":"Cat Beds","item":"https:\/\/petproducts.com.cn\/product-category\/cat-beds\/"},{"@type":"ListItem","position":4,"name":"Round Plush Cat Bed Southwest Kilim Soft Dog Cat Fuzzy Nest Pet Bed"}]},{"@type":"WebSite","@id":"https:\/\/petproducts.com.cn\/#website","url":"https:\/\/petproducts.com.cn\/","name":"Petstar","description":"Produttore leader di forniture per animali domestici e fornitore di prodotti OEM per animali domestici","publisher":{"@id":"https:\/\/petproducts.com.cn\/#organization"},"alternateName":"Petstar Pet Supplies","potentialAction":[{"@type":"SearchAction","target":{"@type":"EntryPoint","urlTemplate":"https:\/\/petproducts.com.cn\/?s={search_term_string}"},"query-input":{"@type":"PropertyValueSpecification","valueRequired":true,"valueName":"search_term_string"}}],"inLanguage":"it-IT"},{"@type":"Organization","@id":"https:\/\/petproducts.com.cn\/#organization","name":"Petstar","url":"https:\/\/petproducts.com.cn\/","logo":{"@type":"ImageObject","inLanguage":"it-IT","@id":"https:\/\/petproducts.com.cn\/#\/schema\/logo\/image\/","url":"https:\/\/petproducts.com.cn\/wp-content\/uploads\/2020\/02\/petstar-logo.webp","contentUrl":"https:\/\/petproducts.com.cn\/wp-content\/uploads\/2020\/02\/petstar-logo.webp","width":779,"height":520,"caption":"Petstar"},"image":{"@id":"https:\/\/petproducts.com.cn\/#\/schema\/logo\/image\/"}}]}},"_links":{"self":[{"href":"https:\/\/petproducts.com.cn\/it\/wp-json\/wp\/v2\/product\/28506","targetHints":{"allow":["GET"]}}],"collection":[{"href":"https:\/\/petproducts.com.cn\/it\/wp-json\/wp\/v2\/product"}],"about":[{"href":"https:\/\/petproducts.com.cn\/it\/wp-json\/wp\/v2\/types\/product"}],"version-history":[{"count":5,"href":"https:\/\/petproducts.com.cn\/it\/wp-json\/wp\/v2\/product\/28506\/revisions"}],"predecessor-version":[{"id":28861,"href":"https:\/\/petproducts.com.cn\/it\/wp-json\/wp\/v2\/product\/28506\/revisions\/28861"}],"wp:featuredmedia":[{"embeddable":true,"href":"https:\/\/petproducts.com.cn\/it\/wp-json\/wp\/v2\/media\/28515"}],"wp:attachment":[{"href":"https:\/\/petproducts.com.cn\/it\/wp-json\/wp\/v2\/media?parent=28506"}],"wp:term":[{"taxonomy":"product_brand","embeddable":true,"href":"https:\/\/petproducts.com.cn\/it\/wp-json\/wp\/v2\/product_brand?post=28506"},{"taxonomy":"product_cat","embeddable":true,"href":"https:\/\/petproducts.com.cn\/it\/wp-json\/wp\/v2\/product_cat?post=28506"},{"taxonomy":"product_tag","embeddable":true,"href":"https:\/\/petproducts.com.cn\/it\/wp-json\/wp\/v2\/product_tag?post=28506"}],"curies":[{"name":"wp","href":"https:\/\/api.w.org\/{rel}","templated":true}]}}