{"id":28587,"date":"2024-08-29T05:31:27","date_gmt":"2024-08-29T05:31:27","guid":{"rendered":"https:\/\/petproducts.com.cn\/?post_type=product&#038;p=28587"},"modified":"2024-09-03T06:03:00","modified_gmt":"2024-09-03T06:03:00","slug":"dog-plush-toys-interactive-squeaker-pet-sea-fishing-dog-toy","status":"publish","type":"product","link":"https:\/\/petproducts.com.cn\/it\/product\/dog-plush-toys-interactive-squeaker-pet-sea-fishing-dog-toy\/","title":{"rendered":"Giocattoli di peluche per cani, giocattolo interattivo per la pesca in mare con squeaker"},"content":{"rendered":"<h2><strong>Caratteristiche dei giocattoli di peluche per cani<\/strong><\/h2>\n<ul>\n<li><strong>Divertimento interattivo con la pesca:<\/strong> Potrete trascorrere del tempo di qualit\u00e0 con il vostro cane utilizzando il peluche interattivo per cani da pesca. Il giocattolo presenta una creatura marina di peluche - una tartaruga o un polpo - attaccata a una canna da pesca, creando un'esperienza di pesca giocosa per il cane.<\/li>\n<li><strong>Creature marine di peluche cigolanti:<\/strong> Il cane adorer\u00e0 lo squeaker all'interno delle creature marine in peluche. Il giocattolo emette un divertente suono di cigolio ogni volta che il cane lo morde o lo stringe, mantenendolo impegnato e divertito durante il gioco.<\/li>\n<li><strong>Canna da pesca resistente:<\/strong> La canna da pesca \u00e8 costituita da un tubo di spugna avvolto da una corda di cotone, che garantisce una presa durevole e confortevole. Questo design garantisce che possiate giocare con il vostro cane per lunghi periodi senza che la canna vi scivoli di mano.<\/li>\n<li><strong>Carta increspata per un maggiore coinvolgimento:<\/strong> Noterete che la canna da pesca \u00e8 dotata di carta scricchiolante all'interno, che aggiunge un ulteriore livello di stimolazione sensoriale per il vostro cane. Il suono dello scricchiolio stimola la curiosit\u00e0 del cane, incoraggiandolo a giocare ed esplorare ancora di pi\u00f9.<\/li>\n<li><strong>Materiali morbidi e sicuri:<\/strong> La sicurezza del cane \u00e8 una priorit\u00e0, quindi questo giocattolo \u00e8 realizzato con materiali morbidi e sicuri per gli animali, delicati per i denti e le gengive del cane. Le creature marine di peluche e la corda di cotone sono resistenti ma sicure da masticare, il che lo rende un'ottima scelta per il gioco interattivo.<\/li>\n<li><strong>Promuove l'attivit\u00e0 fisica e mentale:<\/strong> Apprezzerete il modo in cui questo giocattolo incoraggia il vostro cane a rimanere attivo, sia fisicamente che mentalmente. La combinazione di inseguimenti, cigolii e scricchiolii mantiene la mente del cane allenata e il suo corpo in movimento.<\/li>\n<\/ul>\n<div id='gallery-1' class='gallery galleryid-28587 gallery-columns-3 gallery-size-medium'><figure class='gallery-item'>\n\t\t\t<div class='gallery-icon landscape'>\n\t\t\t\t<img fetchpriority=\"high\" decoding=\"async\" width=\"300\" height=\"300\" src=\"https:\/\/petproducts.com.cn\/wp-content\/uploads\/2024\/08\/Factory-Dog-Plush-Toys-300x300.webp\" class=\"attachment-medium size-medium\" alt=\"Fabbrica di giocattoli di peluche per cani\" srcset=\"https:\/\/petproducts.com.cn\/wp-content\/uploads\/2024\/08\/Factory-Dog-Plush-Toys-300x300.webp 300w, https:\/\/petproducts.com.cn\/wp-content\/uploads\/2024\/08\/Factory-Dog-Plush-Toys-150x150.webp 150w, https:\/\/petproducts.com.cn\/wp-content\/uploads\/2024\/08\/Factory-Dog-Plush-Toys-768x768.webp 768w, https:\/\/petproducts.com.cn\/wp-content\/uploads\/2024\/08\/Factory-Dog-Plush-Toys-12x12.webp 12w, https:\/\/petproducts.com.cn\/wp-content\/uploads\/2024\/08\/Factory-Dog-Plush-Toys-600x600.webp 600w, https:\/\/petproducts.com.cn\/wp-content\/uploads\/2024\/08\/Factory-Dog-Plush-Toys-100x100.webp 100w, https:\/\/petproducts.com.cn\/wp-content\/uploads\/2024\/08\/Factory-Dog-Plush-Toys.webp 1000w\" sizes=\"(max-width: 300px) 100vw, 300px\" \/>\n\t\t\t<\/div><\/figure><figure class='gallery-item'>\n\t\t\t<div class='gallery-icon landscape'>\n\t\t\t\t<img decoding=\"async\" width=\"300\" height=\"300\" src=\"https:\/\/petproducts.com.cn\/wp-content\/uploads\/2024\/08\/Manufacturer-Dog-Plush-Toys-300x300.webp\" class=\"attachment-medium size-medium\" alt=\"Produttore di giocattoli di peluche per cani\" srcset=\"https:\/\/petproducts.com.cn\/wp-content\/uploads\/2024\/08\/Manufacturer-Dog-Plush-Toys-300x300.webp 300w, https:\/\/petproducts.com.cn\/wp-content\/uploads\/2024\/08\/Manufacturer-Dog-Plush-Toys-150x150.webp 150w, https:\/\/petproducts.com.cn\/wp-content\/uploads\/2024\/08\/Manufacturer-Dog-Plush-Toys-768x768.webp 768w, https:\/\/petproducts.com.cn\/wp-content\/uploads\/2024\/08\/Manufacturer-Dog-Plush-Toys-12x12.webp 12w, https:\/\/petproducts.com.cn\/wp-content\/uploads\/2024\/08\/Manufacturer-Dog-Plush-Toys-600x600.webp 600w, https:\/\/petproducts.com.cn\/wp-content\/uploads\/2024\/08\/Manufacturer-Dog-Plush-Toys-100x100.webp 100w, https:\/\/petproducts.com.cn\/wp-content\/uploads\/2024\/08\/Manufacturer-Dog-Plush-Toys.webp 1000w\" sizes=\"(max-width: 300px) 100vw, 300px\" \/>\n\t\t\t<\/div><\/figure><figure class='gallery-item'>\n\t\t\t<div class='gallery-icon landscape'>\n\t\t\t\t<img decoding=\"async\" width=\"300\" height=\"300\" src=\"https:\/\/petproducts.com.cn\/wp-content\/uploads\/2024\/08\/Dog-Plush-Toys-300x300.webp\" class=\"attachment-medium size-medium\" alt=\"\" srcset=\"https:\/\/petproducts.com.cn\/wp-content\/uploads\/2024\/08\/Dog-Plush-Toys-300x300.webp 300w, https:\/\/petproducts.com.cn\/wp-content\/uploads\/2024\/08\/Dog-Plush-Toys-150x150.webp 150w, https:\/\/petproducts.com.cn\/wp-content\/uploads\/2024\/08\/Dog-Plush-Toys-768x768.webp 768w, https:\/\/petproducts.com.cn\/wp-content\/uploads\/2024\/08\/Dog-Plush-Toys-12x12.webp 12w, https:\/\/petproducts.com.cn\/wp-content\/uploads\/2024\/08\/Dog-Plush-Toys-600x600.webp 600w, https:\/\/petproducts.com.cn\/wp-content\/uploads\/2024\/08\/Dog-Plush-Toys-100x100.webp 100w, https:\/\/petproducts.com.cn\/wp-content\/uploads\/2024\/08\/Dog-Plush-Toys.webp 1000w\" sizes=\"(max-width: 300px) 100vw, 300px\" \/>\n\t\t\t<\/div><\/figure>\n\t\t<\/div>\n\n<p style=\"text-align: center;\"><em><strong>Per saperne di pi\u00f9 <a href=\"https:\/\/petproducts.com.cn\/it\/wholesale-dog-toys\/\">giocattoli per cani<\/a>, Per favore <a href=\"https:\/\/petproducts.com.cn\/it\/contattateci\/\">Contattaci<\/a>!<\/strong><\/em><\/p>","protected":false},"excerpt":{"rendered":"<p>Fate divertire il vostro cane con il giocattolo per cani Dog Plush Toys Interactive Squeaker Pet Sea Fishing, dotato di una creatura marina cigolante e di una canna da pesca con carta increspata per un divertimento senza fine.<\/p>","protected":false},"featured_media":28600,"template":"","meta":{"_acf_changed":false},"product_brand":[],"product_cat":[72,48],"product_tag":[231,233,232],"class_list":{"0":"post-28587","1":"product","2":"type-product","3":"status-publish","4":"has-post-thumbnail","6":"product_cat-dog-supplies","7":"product_cat-dog-toys","8":"product_tag-dog-plush-toys","9":"product_tag-dog-squeaky-toys","10":"product_tag-interactive-dog-toys","12":"first","13":"instock","14":"shipping-taxable","15":"product-type-simple"},"acf":[],"yoast_head":"<!-- This site is optimized with the Yoast SEO plugin v27.1.1 - https:\/\/yoast.com\/product\/yoast-seo-wordpress\/ -->\n<title>Dog Plush Toys | Fishing Dog Toy Manufacturer - Petstar<\/title>\n<meta name=\"description\" content=\"Explore Dog Plush Toys from the pet product supplier. Petstar is a global pet supplies manufacturer. Your ideal business solution with Petstar.\" \/>\n<meta name=\"robots\" content=\"index, follow, max-snippet:-1, max-image-preview:large, max-video-preview:-1\" \/>\n<link rel=\"canonical\" href=\"https:\/\/petproducts.com.cn\/it\/prodotto\/dog-plush-toys-interactive-squeaker-pet-sea-fishing-dog-toy\/\" \/>\n<meta property=\"og:locale\" content=\"it_IT\" \/>\n<meta property=\"og:type\" content=\"article\" \/>\n<meta property=\"og:title\" content=\"Dog Plush Toys | Fishing Dog Toy Manufacturer - Petstar\" \/>\n<meta property=\"og:description\" content=\"Explore Dog Plush Toys from the pet product supplier. Petstar is a global pet supplies manufacturer. Your ideal business solution with Petstar.\" \/>\n<meta property=\"og:url\" content=\"https:\/\/petproducts.com.cn\/it\/prodotto\/dog-plush-toys-interactive-squeaker-pet-sea-fishing-dog-toy\/\" \/>\n<meta property=\"og:site_name\" content=\"Petstar\" \/>\n<meta property=\"article:modified_time\" content=\"2024-09-03T06:03:00+00:00\" \/>\n<meta property=\"og:image\" content=\"https:\/\/petproducts.com.cn\/wp-content\/uploads\/2024\/08\/Dog-Plush-Toys.webp\" \/>\n\t<meta property=\"og:image:width\" content=\"1000\" \/>\n\t<meta property=\"og:image:height\" content=\"1000\" \/>\n\t<meta property=\"og:image:type\" content=\"image\/webp\" \/>\n<meta name=\"twitter:card\" content=\"summary_large_image\" \/>\n<meta name=\"twitter:label1\" content=\"Tempo di lettura stimato\" \/>\n\t<meta name=\"twitter:data1\" content=\"2 minuti\" \/>\n<script type=\"application\/ld+json\" class=\"yoast-schema-graph\">{\"@context\":\"https:\/\/schema.org\",\"@graph\":[{\"@type\":\"WebPage\",\"@id\":\"https:\/\/petproducts.com.cn\/product\/dog-plush-toys-interactive-squeaker-pet-sea-fishing-dog-toy\/\",\"url\":\"https:\/\/petproducts.com.cn\/product\/dog-plush-toys-interactive-squeaker-pet-sea-fishing-dog-toy\/\",\"name\":\"Dog Plush Toys | Fishing Dog Toy Manufacturer - Petstar\",\"isPartOf\":{\"@id\":\"https:\/\/petproducts.com.cn\/#website\"},\"primaryImageOfPage\":{\"@id\":\"https:\/\/petproducts.com.cn\/product\/dog-plush-toys-interactive-squeaker-pet-sea-fishing-dog-toy\/#primaryimage\"},\"image\":{\"@id\":\"https:\/\/petproducts.com.cn\/product\/dog-plush-toys-interactive-squeaker-pet-sea-fishing-dog-toy\/#primaryimage\"},\"thumbnailUrl\":\"https:\/\/petproducts.com.cn\/wp-content\/uploads\/2024\/08\/Dog-Plush-Toys.webp\",\"datePublished\":\"2024-08-29T05:31:27+00:00\",\"dateModified\":\"2024-09-03T06:03:00+00:00\",\"description\":\"Explore Dog Plush Toys from the pet product supplier. Petstar is a global pet supplies manufacturer. Your ideal business solution with Petstar.\",\"breadcrumb\":{\"@id\":\"https:\/\/petproducts.com.cn\/product\/dog-plush-toys-interactive-squeaker-pet-sea-fishing-dog-toy\/#breadcrumb\"},\"inLanguage\":\"it-IT\",\"potentialAction\":[{\"@type\":\"ReadAction\",\"target\":[\"https:\/\/petproducts.com.cn\/product\/dog-plush-toys-interactive-squeaker-pet-sea-fishing-dog-toy\/\"]}]},{\"@type\":\"ImageObject\",\"inLanguage\":\"it-IT\",\"@id\":\"https:\/\/petproducts.com.cn\/product\/dog-plush-toys-interactive-squeaker-pet-sea-fishing-dog-toy\/#primaryimage\",\"url\":\"https:\/\/petproducts.com.cn\/wp-content\/uploads\/2024\/08\/Dog-Plush-Toys.webp\",\"contentUrl\":\"https:\/\/petproducts.com.cn\/wp-content\/uploads\/2024\/08\/Dog-Plush-Toys.webp\",\"width\":1000,\"height\":1000},{\"@type\":\"BreadcrumbList\",\"@id\":\"https:\/\/petproducts.com.cn\/product\/dog-plush-toys-interactive-squeaker-pet-sea-fishing-dog-toy\/#breadcrumb\",\"itemListElement\":[{\"@type\":\"ListItem\",\"position\":1,\"name\":\"HOME\",\"item\":\"https:\/\/petproducts.com.cn\/\"},{\"@type\":\"ListItem\",\"position\":2,\"name\":\"Products\",\"item\":\"https:\/\/petproducts.com.cn\/shop\/\"},{\"@type\":\"ListItem\",\"position\":3,\"name\":\"Dog Toys\",\"item\":\"https:\/\/petproducts.com.cn\/product-category\/dog-toys\/\"},{\"@type\":\"ListItem\",\"position\":4,\"name\":\"Dog Plush Toys Interactive Squeaker Pet Sea Fishing Dog Toy\"}]},{\"@type\":\"WebSite\",\"@id\":\"https:\/\/petproducts.com.cn\/#website\",\"url\":\"https:\/\/petproducts.com.cn\/\",\"name\":\"Petstar\",\"description\":\"Leading Pet Supplies Manufacturer &amp; OEM Pet Products Supplier\",\"publisher\":{\"@id\":\"https:\/\/petproducts.com.cn\/#organization\"},\"alternateName\":\"Petstar Pet Supplies\",\"potentialAction\":[{\"@type\":\"SearchAction\",\"target\":{\"@type\":\"EntryPoint\",\"urlTemplate\":\"https:\/\/petproducts.com.cn\/?s={search_term_string}\"},\"query-input\":{\"@type\":\"PropertyValueSpecification\",\"valueRequired\":true,\"valueName\":\"search_term_string\"}}],\"inLanguage\":\"it-IT\"},{\"@type\":\"Organization\",\"@id\":\"https:\/\/petproducts.com.cn\/#organization\",\"name\":\"Petstar\",\"url\":\"https:\/\/petproducts.com.cn\/\",\"logo\":{\"@type\":\"ImageObject\",\"inLanguage\":\"it-IT\",\"@id\":\"https:\/\/petproducts.com.cn\/#\/schema\/logo\/image\/\",\"url\":\"https:\/\/petproducts.com.cn\/wp-content\/uploads\/2020\/02\/petstar-logo.webp\",\"contentUrl\":\"https:\/\/petproducts.com.cn\/wp-content\/uploads\/2020\/02\/petstar-logo.webp\",\"width\":779,\"height\":520,\"caption\":\"Petstar\"},\"image\":{\"@id\":\"https:\/\/petproducts.com.cn\/#\/schema\/logo\/image\/\"}}]}<\/script>\n<!-- \/ Yoast SEO plugin. -->","yoast_head_json":{"title":"Cane Peluche Giocattoli | Pesca Cane Giocattolo Fornitore - Petstar","description":"Esplora i giocattoli di peluche per cani dal fornitore di prodotti per animali. Petstar \u00e8 un produttore globale di articoli per animali domestici. La vostra soluzione commerciale ideale con Petstar.","robots":{"index":"index","follow":"follow","max-snippet":"max-snippet:-1","max-image-preview":"max-image-preview:large","max-video-preview":"max-video-preview:-1"},"canonical":"https:\/\/petproducts.com.cn\/it\/prodotto\/dog-plush-toys-interactive-squeaker-pet-sea-fishing-dog-toy\/","og_locale":"it_IT","og_type":"article","og_title":"Dog Plush Toys | Fishing Dog Toy Manufacturer - Petstar","og_description":"Explore Dog Plush Toys from the pet product supplier. Petstar is a global pet supplies manufacturer. Your ideal business solution with Petstar.","og_url":"https:\/\/petproducts.com.cn\/it\/prodotto\/dog-plush-toys-interactive-squeaker-pet-sea-fishing-dog-toy\/","og_site_name":"Petstar","article_modified_time":"2024-09-03T06:03:00+00:00","og_image":[{"width":1000,"height":1000,"url":"https:\/\/petproducts.com.cn\/wp-content\/uploads\/2024\/08\/Dog-Plush-Toys.webp","type":"image\/webp"}],"twitter_card":"summary_large_image","twitter_misc":{"Tempo di lettura stimato":"2 minuti"},"schema":{"@context":"https:\/\/schema.org","@graph":[{"@type":"WebPage","@id":"https:\/\/petproducts.com.cn\/product\/dog-plush-toys-interactive-squeaker-pet-sea-fishing-dog-toy\/","url":"https:\/\/petproducts.com.cn\/product\/dog-plush-toys-interactive-squeaker-pet-sea-fishing-dog-toy\/","name":"Cane Peluche Giocattoli | Pesca Cane Giocattolo Fornitore - Petstar","isPartOf":{"@id":"https:\/\/petproducts.com.cn\/#website"},"primaryImageOfPage":{"@id":"https:\/\/petproducts.com.cn\/product\/dog-plush-toys-interactive-squeaker-pet-sea-fishing-dog-toy\/#primaryimage"},"image":{"@id":"https:\/\/petproducts.com.cn\/product\/dog-plush-toys-interactive-squeaker-pet-sea-fishing-dog-toy\/#primaryimage"},"thumbnailUrl":"https:\/\/petproducts.com.cn\/wp-content\/uploads\/2024\/08\/Dog-Plush-Toys.webp","datePublished":"2024-08-29T05:31:27+00:00","dateModified":"2024-09-03T06:03:00+00:00","description":"Esplora i giocattoli di peluche per cani dal fornitore di prodotti per animali. Petstar \u00e8 un produttore globale di articoli per animali domestici. La vostra soluzione commerciale ideale con Petstar.","breadcrumb":{"@id":"https:\/\/petproducts.com.cn\/product\/dog-plush-toys-interactive-squeaker-pet-sea-fishing-dog-toy\/#breadcrumb"},"inLanguage":"it-IT","potentialAction":[{"@type":"ReadAction","target":["https:\/\/petproducts.com.cn\/product\/dog-plush-toys-interactive-squeaker-pet-sea-fishing-dog-toy\/"]}]},{"@type":"ImageObject","inLanguage":"it-IT","@id":"https:\/\/petproducts.com.cn\/product\/dog-plush-toys-interactive-squeaker-pet-sea-fishing-dog-toy\/#primaryimage","url":"https:\/\/petproducts.com.cn\/wp-content\/uploads\/2024\/08\/Dog-Plush-Toys.webp","contentUrl":"https:\/\/petproducts.com.cn\/wp-content\/uploads\/2024\/08\/Dog-Plush-Toys.webp","width":1000,"height":1000},{"@type":"BreadcrumbList","@id":"https:\/\/petproducts.com.cn\/product\/dog-plush-toys-interactive-squeaker-pet-sea-fishing-dog-toy\/#breadcrumb","itemListElement":[{"@type":"ListItem","position":1,"name":"HOME","item":"https:\/\/petproducts.com.cn\/"},{"@type":"ListItem","position":2,"name":"Products","item":"https:\/\/petproducts.com.cn\/shop\/"},{"@type":"ListItem","position":3,"name":"Dog Toys","item":"https:\/\/petproducts.com.cn\/product-category\/dog-toys\/"},{"@type":"ListItem","position":4,"name":"Dog Plush Toys Interactive Squeaker Pet Sea Fishing Dog Toy"}]},{"@type":"WebSite","@id":"https:\/\/petproducts.com.cn\/#website","url":"https:\/\/petproducts.com.cn\/","name":"Petstar","description":"Produttore leader di forniture per animali domestici e fornitore di prodotti OEM per animali domestici","publisher":{"@id":"https:\/\/petproducts.com.cn\/#organization"},"alternateName":"Petstar Pet Supplies","potentialAction":[{"@type":"SearchAction","target":{"@type":"EntryPoint","urlTemplate":"https:\/\/petproducts.com.cn\/?s={search_term_string}"},"query-input":{"@type":"PropertyValueSpecification","valueRequired":true,"valueName":"search_term_string"}}],"inLanguage":"it-IT"},{"@type":"Organization","@id":"https:\/\/petproducts.com.cn\/#organization","name":"Petstar","url":"https:\/\/petproducts.com.cn\/","logo":{"@type":"ImageObject","inLanguage":"it-IT","@id":"https:\/\/petproducts.com.cn\/#\/schema\/logo\/image\/","url":"https:\/\/petproducts.com.cn\/wp-content\/uploads\/2020\/02\/petstar-logo.webp","contentUrl":"https:\/\/petproducts.com.cn\/wp-content\/uploads\/2020\/02\/petstar-logo.webp","width":779,"height":520,"caption":"Petstar"},"image":{"@id":"https:\/\/petproducts.com.cn\/#\/schema\/logo\/image\/"}}]}},"_links":{"self":[{"href":"https:\/\/petproducts.com.cn\/it\/wp-json\/wp\/v2\/product\/28587","targetHints":{"allow":["GET"]}}],"collection":[{"href":"https:\/\/petproducts.com.cn\/it\/wp-json\/wp\/v2\/product"}],"about":[{"href":"https:\/\/petproducts.com.cn\/it\/wp-json\/wp\/v2\/types\/product"}],"version-history":[{"count":3,"href":"https:\/\/petproducts.com.cn\/it\/wp-json\/wp\/v2\/product\/28587\/revisions"}],"predecessor-version":[{"id":28606,"href":"https:\/\/petproducts.com.cn\/it\/wp-json\/wp\/v2\/product\/28587\/revisions\/28606"}],"wp:featuredmedia":[{"embeddable":true,"href":"https:\/\/petproducts.com.cn\/it\/wp-json\/wp\/v2\/media\/28600"}],"wp:attachment":[{"href":"https:\/\/petproducts.com.cn\/it\/wp-json\/wp\/v2\/media?parent=28587"}],"wp:term":[{"taxonomy":"product_brand","embeddable":true,"href":"https:\/\/petproducts.com.cn\/it\/wp-json\/wp\/v2\/product_brand?post=28587"},{"taxonomy":"product_cat","embeddable":true,"href":"https:\/\/petproducts.com.cn\/it\/wp-json\/wp\/v2\/product_cat?post=28587"},{"taxonomy":"product_tag","embeddable":true,"href":"https:\/\/petproducts.com.cn\/it\/wp-json\/wp\/v2\/product_tag?post=28587"}],"curies":[{"name":"wp","href":"https:\/\/api.w.org\/{rel}","templated":true}]}}