{"id":28857,"date":"2024-09-06T05:13:37","date_gmt":"2024-09-06T05:13:37","guid":{"rendered":"https:\/\/petproducts.com.cn\/?post_type=product&#038;p=28857"},"modified":"2024-09-06T05:49:03","modified_gmt":"2024-09-06T05:49:03","slug":"recycled-dog-mats-eco-friendly-recycle-pet-fabric-pet-cat-dog-mattress-beds","status":"publish","type":"product","link":"https:\/\/petproducts.com.cn\/it\/product\/recycled-dog-mats-eco-friendly-recycle-pet-fabric-pet-cat-dog-mattress-beds\/","title":{"rendered":"Tappetini per cani riciclati Eco Friendly Riciclare PET tessuto Pet Cat Dog Mattress Beds"},"content":{"rendered":"<h2>Caratteristiche dei tappetini per cani riciclati<\/h2>\n<ul>\n<li><strong>Design a doppia faccia per una maggiore versatilit\u00e0:<\/strong> La praticit\u00e0 del design dei tappetini per cani riciclati su due lati vi far\u00e0 apprezzare la loro praticit\u00e0. Un lato \u00e8 morbido e felpato, perfetto per le giornate fredde quando il vostro animale ha bisogno di calore extra, mentre l'altro lato \u00e8 liscio, ideale per il clima pi\u00f9 caldo o quando il vostro animale preferisce una superficie pi\u00f9 fresca. Questa versatilit\u00e0 assicura al cane o al gatto il comfort per tutto l'anno.<\/li>\n<li><strong>Tessuto ecologico in PET riciclato:<\/strong> Potete sentirvi tranquilli nell'utilizzare questo letto per animali domestici, poich\u00e9 \u00e8 realizzato in tessuto PET riciclato. La certificazione Global Recycle Standard (GRS) garantisce che i materiali soddisfano i rigorosi standard di sostenibilit\u00e0, aiutandovi a ridurre l'impatto ambientale e fornendo al contempo un comodo luogo di riposo per il vostro animale domestico.<\/li>\n<li><strong>Superficie morbida e soffice per un maggiore comfort:<\/strong> Il vostro animale domestico apprezzer\u00e0 l'accogliente lato in peluche, che offre un luogo morbido e caldo per il suo relax. Sia che si riposi durante il giorno o che dorma durante la notte, la struttura in peluche garantisce il massimo comfort e un'esperienza di riposo.<\/li>\n<li><strong>Lato liscio resistente per l'uso quotidiano:<\/strong> Il lato liscio offre resistenza e facilit\u00e0 di pulizia, rendendolo perfetto per l'uso quotidiano. \u00c8 facile da pulire e da mantenere fresco, il che lo rende una scelta pratica per gli animali domestici che amano giocare e sporcare.<\/li>\n<li><strong>Design leggero e portatile:<\/strong> Apprezzerete la facilit\u00e0 con cui questo tappetino per animali domestici pu\u00f2 essere spostato in casa o portato in viaggio. Il suo design leggero consente di posizionarlo senza sforzo nei luoghi preferiti dal vostro animale domestico, sia all'interno che all'esterno, e lo rende comodo per i viaggi.<\/li>\n<\/ul>\n<div id='gallery-1' class='gallery galleryid-28857 gallery-columns-3 gallery-size-medium'><figure class='gallery-item'>\n\t\t\t<div class='gallery-icon landscape'>\n\t\t\t\t<img fetchpriority=\"high\" decoding=\"async\" width=\"300\" height=\"300\" src=\"https:\/\/petproducts.com.cn\/wp-content\/uploads\/2024\/09\/Hot-Recycled-Dog-Mats-300x300.jpg\" class=\"attachment-medium size-medium\" alt=\"Tappetini caldi per cani riciclati\" srcset=\"https:\/\/petproducts.com.cn\/wp-content\/uploads\/2024\/09\/Hot-Recycled-Dog-Mats-300x300.jpg 300w, https:\/\/petproducts.com.cn\/wp-content\/uploads\/2024\/09\/Hot-Recycled-Dog-Mats-150x150.jpg 150w, https:\/\/petproducts.com.cn\/wp-content\/uploads\/2024\/09\/Hot-Recycled-Dog-Mats-768x768.jpg 768w, https:\/\/petproducts.com.cn\/wp-content\/uploads\/2024\/09\/Hot-Recycled-Dog-Mats-12x12.jpg 12w, https:\/\/petproducts.com.cn\/wp-content\/uploads\/2024\/09\/Hot-Recycled-Dog-Mats-600x600.jpg 600w, https:\/\/petproducts.com.cn\/wp-content\/uploads\/2024\/09\/Hot-Recycled-Dog-Mats-100x100.jpg 100w, https:\/\/petproducts.com.cn\/wp-content\/uploads\/2024\/09\/Hot-Recycled-Dog-Mats.jpg 800w\" sizes=\"(max-width: 300px) 100vw, 300px\" \/>\n\t\t\t<\/div><\/figure><figure class='gallery-item'>\n\t\t\t<div class='gallery-icon landscape'>\n\t\t\t\t<img decoding=\"async\" width=\"300\" height=\"300\" src=\"https:\/\/petproducts.com.cn\/wp-content\/uploads\/2024\/09\/Custom-Recycled-Dog-Mats-300x300.jpg\" class=\"attachment-medium size-medium\" alt=\"Tappetini personalizzati per cani riciclati\" srcset=\"https:\/\/petproducts.com.cn\/wp-content\/uploads\/2024\/09\/Custom-Recycled-Dog-Mats-300x300.jpg 300w, https:\/\/petproducts.com.cn\/wp-content\/uploads\/2024\/09\/Custom-Recycled-Dog-Mats-150x150.jpg 150w, https:\/\/petproducts.com.cn\/wp-content\/uploads\/2024\/09\/Custom-Recycled-Dog-Mats-768x768.jpg 768w, https:\/\/petproducts.com.cn\/wp-content\/uploads\/2024\/09\/Custom-Recycled-Dog-Mats-12x12.jpg 12w, https:\/\/petproducts.com.cn\/wp-content\/uploads\/2024\/09\/Custom-Recycled-Dog-Mats-600x600.jpg 600w, https:\/\/petproducts.com.cn\/wp-content\/uploads\/2024\/09\/Custom-Recycled-Dog-Mats-100x100.jpg 100w, https:\/\/petproducts.com.cn\/wp-content\/uploads\/2024\/09\/Custom-Recycled-Dog-Mats.jpg 800w\" sizes=\"(max-width: 300px) 100vw, 300px\" \/>\n\t\t\t<\/div><\/figure><figure class='gallery-item'>\n\t\t\t<div class='gallery-icon landscape'>\n\t\t\t\t<img decoding=\"async\" width=\"300\" height=\"300\" src=\"https:\/\/petproducts.com.cn\/wp-content\/uploads\/2024\/09\/Bulk-Recycled-Dog-Mats-300x300.jpg\" class=\"attachment-medium size-medium\" alt=\"Tappetini per cani riciclati sfusi\" srcset=\"https:\/\/petproducts.com.cn\/wp-content\/uploads\/2024\/09\/Bulk-Recycled-Dog-Mats-300x300.jpg 300w, https:\/\/petproducts.com.cn\/wp-content\/uploads\/2024\/09\/Bulk-Recycled-Dog-Mats-150x150.jpg 150w, https:\/\/petproducts.com.cn\/wp-content\/uploads\/2024\/09\/Bulk-Recycled-Dog-Mats-768x768.jpg 768w, https:\/\/petproducts.com.cn\/wp-content\/uploads\/2024\/09\/Bulk-Recycled-Dog-Mats-12x12.jpg 12w, https:\/\/petproducts.com.cn\/wp-content\/uploads\/2024\/09\/Bulk-Recycled-Dog-Mats-600x600.jpg 600w, https:\/\/petproducts.com.cn\/wp-content\/uploads\/2024\/09\/Bulk-Recycled-Dog-Mats-100x100.jpg 100w, https:\/\/petproducts.com.cn\/wp-content\/uploads\/2024\/09\/Bulk-Recycled-Dog-Mats.jpg 800w\" sizes=\"(max-width: 300px) 100vw, 300px\" \/>\n\t\t\t<\/div><\/figure>\n\t\t<\/div>\n\n<p style=\"text-align: center;\"><em><strong>Per saperne di pi\u00f9 <a href=\"https:\/\/petproducts.com.cn\/it\/wholesale-dog-beds\/\">cane\u00a0<\/a><\/strong><\/em><em><strong><a href=\"https:\/\/petproducts.com.cn\/it\/wholesale-dog-beds\/\">letti<\/a>, Per favore <a href=\"https:\/\/petproducts.com.cn\/it\/contattateci\/\">Contattaci<\/a>!<\/strong><\/em><\/p>","protected":false},"excerpt":{"rendered":"<p>I tappetini per cani riciclati offrono un letto ecologico a doppia struttura per il vostro animale domestico, con un lato felpato per il comfort e un lato liscio per la versatilit\u00e0, tutti realizzati in tessuto PET riciclato certificato GRS.<\/p>","protected":false},"featured_media":28869,"template":"","meta":{"_acf_changed":false},"product_brand":[],"product_cat":[58,71,57,72],"product_tag":[203,243,241],"class_list":{"0":"post-28857","1":"product","2":"type-product","3":"status-publish","4":"has-post-thumbnail","6":"product_cat-cat-beds","7":"product_cat-cat-supplies","8":"product_cat-dog-beds","9":"product_cat-dog-supplies","10":"product_tag-pet-beds","11":"product_tag-pet-mats","12":"product_tag-recycled-pet-beds","14":"first","15":"instock","16":"shipping-taxable","17":"product-type-simple"},"acf":[],"yoast_head":"<!-- This site is optimized with the Yoast SEO plugin v27.1.1 - https:\/\/yoast.com\/product\/yoast-seo-wordpress\/ -->\n<title>Recycled Dog Mats | Dog Mattress Beds Manufacturer- Petstar<\/title>\n<meta name=\"description\" content=\"Explore Recycled Dog Mats from the best pet products supplier. Petstar is a global pet products manufacturer. Your ideal business solution with Petstar.\" \/>\n<meta name=\"robots\" content=\"index, follow, max-snippet:-1, max-image-preview:large, max-video-preview:-1\" \/>\n<link rel=\"canonical\" href=\"https:\/\/petproducts.com.cn\/it\/prodotto\/recycled-dog-mats-eco-friendly-recycle-pet-fabric-pet-cat-dog-mattress-beds\/\" \/>\n<meta property=\"og:locale\" content=\"it_IT\" \/>\n<meta property=\"og:type\" content=\"article\" \/>\n<meta property=\"og:title\" content=\"Recycled Dog Mats | Dog Mattress Beds Manufacturer- Petstar\" \/>\n<meta property=\"og:description\" content=\"Explore Recycled Dog Mats from the best pet products supplier. Petstar is a global pet products manufacturer. Your ideal business solution with Petstar.\" \/>\n<meta property=\"og:url\" content=\"https:\/\/petproducts.com.cn\/it\/prodotto\/recycled-dog-mats-eco-friendly-recycle-pet-fabric-pet-cat-dog-mattress-beds\/\" \/>\n<meta property=\"og:site_name\" content=\"Petstar\" \/>\n<meta property=\"article:modified_time\" content=\"2024-09-06T05:49:03+00:00\" \/>\n<meta property=\"og:image\" content=\"https:\/\/petproducts.com.cn\/wp-content\/uploads\/2024\/09\/Recycled-Dog-Mats.jpg\" \/>\n\t<meta property=\"og:image:width\" content=\"1000\" \/>\n\t<meta property=\"og:image:height\" content=\"1000\" \/>\n\t<meta property=\"og:image:type\" content=\"image\/jpeg\" \/>\n<meta name=\"twitter:card\" content=\"summary_large_image\" \/>\n<meta name=\"twitter:label1\" content=\"Tempo di lettura stimato\" \/>\n\t<meta name=\"twitter:data1\" content=\"2 minuti\" \/>\n<script type=\"application\/ld+json\" class=\"yoast-schema-graph\">{\"@context\":\"https:\/\/schema.org\",\"@graph\":[{\"@type\":\"WebPage\",\"@id\":\"https:\/\/petproducts.com.cn\/product\/recycled-dog-mats-eco-friendly-recycle-pet-fabric-pet-cat-dog-mattress-beds\/\",\"url\":\"https:\/\/petproducts.com.cn\/product\/recycled-dog-mats-eco-friendly-recycle-pet-fabric-pet-cat-dog-mattress-beds\/\",\"name\":\"Recycled Dog Mats | Dog Mattress Beds Manufacturer- Petstar\",\"isPartOf\":{\"@id\":\"https:\/\/petproducts.com.cn\/#website\"},\"primaryImageOfPage\":{\"@id\":\"https:\/\/petproducts.com.cn\/product\/recycled-dog-mats-eco-friendly-recycle-pet-fabric-pet-cat-dog-mattress-beds\/#primaryimage\"},\"image\":{\"@id\":\"https:\/\/petproducts.com.cn\/product\/recycled-dog-mats-eco-friendly-recycle-pet-fabric-pet-cat-dog-mattress-beds\/#primaryimage\"},\"thumbnailUrl\":\"https:\/\/petproducts.com.cn\/wp-content\/uploads\/2024\/09\/Recycled-Dog-Mats.jpg\",\"datePublished\":\"2024-09-06T05:13:37+00:00\",\"dateModified\":\"2024-09-06T05:49:03+00:00\",\"description\":\"Explore Recycled Dog Mats from the best pet products supplier. Petstar is a global pet products manufacturer. Your ideal business solution with Petstar.\",\"breadcrumb\":{\"@id\":\"https:\/\/petproducts.com.cn\/product\/recycled-dog-mats-eco-friendly-recycle-pet-fabric-pet-cat-dog-mattress-beds\/#breadcrumb\"},\"inLanguage\":\"it-IT\",\"potentialAction\":[{\"@type\":\"ReadAction\",\"target\":[\"https:\/\/petproducts.com.cn\/product\/recycled-dog-mats-eco-friendly-recycle-pet-fabric-pet-cat-dog-mattress-beds\/\"]}]},{\"@type\":\"ImageObject\",\"inLanguage\":\"it-IT\",\"@id\":\"https:\/\/petproducts.com.cn\/product\/recycled-dog-mats-eco-friendly-recycle-pet-fabric-pet-cat-dog-mattress-beds\/#primaryimage\",\"url\":\"https:\/\/petproducts.com.cn\/wp-content\/uploads\/2024\/09\/Recycled-Dog-Mats.jpg\",\"contentUrl\":\"https:\/\/petproducts.com.cn\/wp-content\/uploads\/2024\/09\/Recycled-Dog-Mats.jpg\",\"width\":1000,\"height\":1000,\"caption\":\"Recycled Dog Mats\"},{\"@type\":\"BreadcrumbList\",\"@id\":\"https:\/\/petproducts.com.cn\/product\/recycled-dog-mats-eco-friendly-recycle-pet-fabric-pet-cat-dog-mattress-beds\/#breadcrumb\",\"itemListElement\":[{\"@type\":\"ListItem\",\"position\":1,\"name\":\"HOME\",\"item\":\"https:\/\/petproducts.com.cn\/\"},{\"@type\":\"ListItem\",\"position\":2,\"name\":\"Products\",\"item\":\"https:\/\/petproducts.com.cn\/shop\/\"},{\"@type\":\"ListItem\",\"position\":3,\"name\":\"Dog Beds\",\"item\":\"https:\/\/petproducts.com.cn\/product-category\/dog-beds\/\"},{\"@type\":\"ListItem\",\"position\":4,\"name\":\"Recycled Dog Mats Eco Friendly Recycle PET Fabric Pet Cat Dog Mattress Beds\"}]},{\"@type\":\"WebSite\",\"@id\":\"https:\/\/petproducts.com.cn\/#website\",\"url\":\"https:\/\/petproducts.com.cn\/\",\"name\":\"Petstar\",\"description\":\"Leading Pet Supplies Manufacturer &amp; OEM Pet Products Supplier\",\"publisher\":{\"@id\":\"https:\/\/petproducts.com.cn\/#organization\"},\"alternateName\":\"Petstar Pet Supplies\",\"potentialAction\":[{\"@type\":\"SearchAction\",\"target\":{\"@type\":\"EntryPoint\",\"urlTemplate\":\"https:\/\/petproducts.com.cn\/?s={search_term_string}\"},\"query-input\":{\"@type\":\"PropertyValueSpecification\",\"valueRequired\":true,\"valueName\":\"search_term_string\"}}],\"inLanguage\":\"it-IT\"},{\"@type\":\"Organization\",\"@id\":\"https:\/\/petproducts.com.cn\/#organization\",\"name\":\"Petstar\",\"url\":\"https:\/\/petproducts.com.cn\/\",\"logo\":{\"@type\":\"ImageObject\",\"inLanguage\":\"it-IT\",\"@id\":\"https:\/\/petproducts.com.cn\/#\/schema\/logo\/image\/\",\"url\":\"https:\/\/petproducts.com.cn\/wp-content\/uploads\/2020\/02\/petstar-logo.webp\",\"contentUrl\":\"https:\/\/petproducts.com.cn\/wp-content\/uploads\/2020\/02\/petstar-logo.webp\",\"width\":779,\"height\":520,\"caption\":\"Petstar\"},\"image\":{\"@id\":\"https:\/\/petproducts.com.cn\/#\/schema\/logo\/image\/\"}}]}<\/script>\n<!-- \/ Yoast SEO plugin. -->","yoast_head_json":{"title":"Stuoie riciclate per cani e letti a materasso per cani - Petstar","description":"Esplora i tappetini per cani riciclati dal miglior fornitore di prodotti per animali. Petstar \u00e8 un produttore globale di prodotti per animali domestici. La vostra soluzione commerciale ideale con Petstar.","robots":{"index":"index","follow":"follow","max-snippet":"max-snippet:-1","max-image-preview":"max-image-preview:large","max-video-preview":"max-video-preview:-1"},"canonical":"https:\/\/petproducts.com.cn\/it\/prodotto\/recycled-dog-mats-eco-friendly-recycle-pet-fabric-pet-cat-dog-mattress-beds\/","og_locale":"it_IT","og_type":"article","og_title":"Recycled Dog Mats | Dog Mattress Beds Manufacturer- Petstar","og_description":"Explore Recycled Dog Mats from the best pet products supplier. Petstar is a global pet products manufacturer. Your ideal business solution with Petstar.","og_url":"https:\/\/petproducts.com.cn\/it\/prodotto\/recycled-dog-mats-eco-friendly-recycle-pet-fabric-pet-cat-dog-mattress-beds\/","og_site_name":"Petstar","article_modified_time":"2024-09-06T05:49:03+00:00","og_image":[{"width":1000,"height":1000,"url":"https:\/\/petproducts.com.cn\/wp-content\/uploads\/2024\/09\/Recycled-Dog-Mats.jpg","type":"image\/jpeg"}],"twitter_card":"summary_large_image","twitter_misc":{"Tempo di lettura stimato":"2 minuti"},"schema":{"@context":"https:\/\/schema.org","@graph":[{"@type":"WebPage","@id":"https:\/\/petproducts.com.cn\/product\/recycled-dog-mats-eco-friendly-recycle-pet-fabric-pet-cat-dog-mattress-beds\/","url":"https:\/\/petproducts.com.cn\/product\/recycled-dog-mats-eco-friendly-recycle-pet-fabric-pet-cat-dog-mattress-beds\/","name":"Stuoie riciclate per cani e letti a materasso per cani - Petstar","isPartOf":{"@id":"https:\/\/petproducts.com.cn\/#website"},"primaryImageOfPage":{"@id":"https:\/\/petproducts.com.cn\/product\/recycled-dog-mats-eco-friendly-recycle-pet-fabric-pet-cat-dog-mattress-beds\/#primaryimage"},"image":{"@id":"https:\/\/petproducts.com.cn\/product\/recycled-dog-mats-eco-friendly-recycle-pet-fabric-pet-cat-dog-mattress-beds\/#primaryimage"},"thumbnailUrl":"https:\/\/petproducts.com.cn\/wp-content\/uploads\/2024\/09\/Recycled-Dog-Mats.jpg","datePublished":"2024-09-06T05:13:37+00:00","dateModified":"2024-09-06T05:49:03+00:00","description":"Esplora i tappetini per cani riciclati dal miglior fornitore di prodotti per animali. Petstar \u00e8 un produttore globale di prodotti per animali domestici. La vostra soluzione commerciale ideale con Petstar.","breadcrumb":{"@id":"https:\/\/petproducts.com.cn\/product\/recycled-dog-mats-eco-friendly-recycle-pet-fabric-pet-cat-dog-mattress-beds\/#breadcrumb"},"inLanguage":"it-IT","potentialAction":[{"@type":"ReadAction","target":["https:\/\/petproducts.com.cn\/product\/recycled-dog-mats-eco-friendly-recycle-pet-fabric-pet-cat-dog-mattress-beds\/"]}]},{"@type":"ImageObject","inLanguage":"it-IT","@id":"https:\/\/petproducts.com.cn\/product\/recycled-dog-mats-eco-friendly-recycle-pet-fabric-pet-cat-dog-mattress-beds\/#primaryimage","url":"https:\/\/petproducts.com.cn\/wp-content\/uploads\/2024\/09\/Recycled-Dog-Mats.jpg","contentUrl":"https:\/\/petproducts.com.cn\/wp-content\/uploads\/2024\/09\/Recycled-Dog-Mats.jpg","width":1000,"height":1000,"caption":"Recycled Dog Mats"},{"@type":"BreadcrumbList","@id":"https:\/\/petproducts.com.cn\/product\/recycled-dog-mats-eco-friendly-recycle-pet-fabric-pet-cat-dog-mattress-beds\/#breadcrumb","itemListElement":[{"@type":"ListItem","position":1,"name":"HOME","item":"https:\/\/petproducts.com.cn\/"},{"@type":"ListItem","position":2,"name":"Products","item":"https:\/\/petproducts.com.cn\/shop\/"},{"@type":"ListItem","position":3,"name":"Dog Beds","item":"https:\/\/petproducts.com.cn\/product-category\/dog-beds\/"},{"@type":"ListItem","position":4,"name":"Recycled Dog Mats Eco Friendly Recycle PET Fabric Pet Cat Dog Mattress Beds"}]},{"@type":"WebSite","@id":"https:\/\/petproducts.com.cn\/#website","url":"https:\/\/petproducts.com.cn\/","name":"Petstar","description":"Produttore leader di forniture per animali domestici e fornitore di prodotti OEM per animali domestici","publisher":{"@id":"https:\/\/petproducts.com.cn\/#organization"},"alternateName":"Petstar Pet Supplies","potentialAction":[{"@type":"SearchAction","target":{"@type":"EntryPoint","urlTemplate":"https:\/\/petproducts.com.cn\/?s={search_term_string}"},"query-input":{"@type":"PropertyValueSpecification","valueRequired":true,"valueName":"search_term_string"}}],"inLanguage":"it-IT"},{"@type":"Organization","@id":"https:\/\/petproducts.com.cn\/#organization","name":"Petstar","url":"https:\/\/petproducts.com.cn\/","logo":{"@type":"ImageObject","inLanguage":"it-IT","@id":"https:\/\/petproducts.com.cn\/#\/schema\/logo\/image\/","url":"https:\/\/petproducts.com.cn\/wp-content\/uploads\/2020\/02\/petstar-logo.webp","contentUrl":"https:\/\/petproducts.com.cn\/wp-content\/uploads\/2020\/02\/petstar-logo.webp","width":779,"height":520,"caption":"Petstar"},"image":{"@id":"https:\/\/petproducts.com.cn\/#\/schema\/logo\/image\/"}}]}},"_links":{"self":[{"href":"https:\/\/petproducts.com.cn\/it\/wp-json\/wp\/v2\/product\/28857","targetHints":{"allow":["GET"]}}],"collection":[{"href":"https:\/\/petproducts.com.cn\/it\/wp-json\/wp\/v2\/product"}],"about":[{"href":"https:\/\/petproducts.com.cn\/it\/wp-json\/wp\/v2\/types\/product"}],"version-history":[{"count":3,"href":"https:\/\/petproducts.com.cn\/it\/wp-json\/wp\/v2\/product\/28857\/revisions"}],"predecessor-version":[{"id":28872,"href":"https:\/\/petproducts.com.cn\/it\/wp-json\/wp\/v2\/product\/28857\/revisions\/28872"}],"wp:featuredmedia":[{"embeddable":true,"href":"https:\/\/petproducts.com.cn\/it\/wp-json\/wp\/v2\/media\/28869"}],"wp:attachment":[{"href":"https:\/\/petproducts.com.cn\/it\/wp-json\/wp\/v2\/media?parent=28857"}],"wp:term":[{"taxonomy":"product_brand","embeddable":true,"href":"https:\/\/petproducts.com.cn\/it\/wp-json\/wp\/v2\/product_brand?post=28857"},{"taxonomy":"product_cat","embeddable":true,"href":"https:\/\/petproducts.com.cn\/it\/wp-json\/wp\/v2\/product_cat?post=28857"},{"taxonomy":"product_tag","embeddable":true,"href":"https:\/\/petproducts.com.cn\/it\/wp-json\/wp\/v2\/product_tag?post=28857"}],"curies":[{"name":"wp","href":"https:\/\/api.w.org\/{rel}","templated":true}]}}