{"id":31481,"date":"2025-01-09T09:13:42","date_gmt":"2025-01-09T09:13:42","guid":{"rendered":"https:\/\/petproducts.com.cn\/?post_type=product&#038;p=31481"},"modified":"2025-01-09T09:20:43","modified_gmt":"2025-01-09T09:20:43","slug":"wooden-cat-tower-plush-ball-toy-platform-hommock-condo-best-cat-tree","status":"publish","type":"product","link":"https:\/\/petproducts.com.cn\/it\/product\/wooden-cat-tower-plush-ball-toy-platform-hommock-condo-best-cat-tree\/","title":{"rendered":"Torre per gatti in legno Peluche Palla Giocattolo Piattaforma Hommock Condo Miglior Albero per Gatti"},"content":{"rendered":"<h2>Caratteristiche di Torre per gatti in legno<\/h2>\n<ul>\n<li><strong>Design alto e spazioso per l'esplorazione dei gatti<\/strong><br \/>\nCon un'altezza di 49,6 pollici (126 cm), questo <em>Torre per gatti in legno<\/em> offre al gatto un ampio spazio verticale per arrampicarsi, appollaiarsi e giocare. Con pi\u00f9 livelli, mantiene il gatto attivo e impegnato per tutto il giorno.<\/li>\n<li><strong>Struttura in legno resistente per una maggiore stabilit\u00e0<\/strong><br \/>\nApprezzerete il design in legno massiccio che garantisce stabilit\u00e0 e sicurezza. La sua lavorazione di alta qualit\u00e0 supporta anche i gatti pi\u00f9 energici, rendendolo il <em>Il miglior albero per gatti<\/em> per la vostra casa.<\/li>\n<li><strong>Accogliente casetta per gatti per il riposo e la privacy<\/strong><br \/>\nLa casetta per gatti da incasso offre al vostro gatto uno spazio privato e accogliente per rilassarsi e sonnecchiare. Il vostro animale domestico amer\u00e0 il senso di sicurezza che offre, mentre voi apprezzerete il suo design compatto ma funzionale.<\/li>\n<li><strong>Amaca di peluche per un maggiore comfort<\/strong><br \/>\nL'amaca, morbida e resistente, aggiunge un tocco di lusso, offrendo al gatto un comodo posto per rilassarsi. \u00c8 perfetta per i gatti che amano distendersi e osservare l'ambiente circostante.<\/li>\n<li><strong>Palline interattive di peluche per un divertimento senza fine<\/strong><br \/>\nDue palline di peluche penzolanti incoraggiano l'istinto naturale del gatto a colpire e colpire, facendolo divertire per ore. Vi piacer\u00e0 vedere il vostro animale giocare e bruciare le energie in un ambiente sicuro e divertente.<\/li>\n<li><strong>Piattaforme multilivello per gli amanti dell'arrampicata<\/strong><br \/>\nLe spaziose piattaforme offrono al gatto un ampio spazio per saltare, arrampicarsi e riposare. Ogni livello \u00e8 stato progettato per adattarsi a gatti di tutte le taglie e di tutte le et\u00e0, garantendo la massima fruibilit\u00e0.<\/li>\n<\/ul>\n<p style=\"text-align: center;\"><em><strong>Per saperne di pi\u00f9 <a href=\"https:\/\/petproducts.com.cn\/it\/wholesale-cat-trees\/\">alberi per gatti<\/a><\/strong><\/em><em><strong>, Per favore <a href=\"https:\/\/petproducts.com.cn\/it\/contattateci\/\">Contattaci<\/a>!<\/strong><\/em><\/p>","protected":false},"excerpt":{"rendered":"<p>IL <em>Torre per gatti in legno<\/em> combina una lavorazione durevole, funzioni di gioco interattive e accoglienti punti di riposo, rendendolo l'oggetto ideale per il gioco. <em>Il miglior albero per gatti<\/em> per il comfort e il divertimento del vostro compagno peloso.<\/p>","protected":false},"featured_media":31483,"template":"","meta":{"_acf_changed":false},"product_brand":[],"product_cat":[71,47],"product_tag":[206],"class_list":{"0":"post-31481","1":"product","2":"type-product","3":"status-publish","4":"has-post-thumbnail","6":"product_cat-cat-supplies","7":"product_cat-cat-trees-furniture","8":"product_tag-cat-trees","10":"first","11":"instock","12":"shipping-taxable","13":"product-type-simple"},"acf":[],"yoast_head":"<!-- This site is optimized with the Yoast SEO plugin v27.1.1 - https:\/\/yoast.com\/product\/yoast-seo-wordpress\/ -->\n<title>Wooden Cat Tower | Best Cat Tree Manufacturer - Petstar<\/title>\n<meta name=\"description\" content=\"Explore Wooden Cat Tower from pet products supplier. Petstar is a global pet supplies manufacturer. Your ideal business solution with Petstar.\" \/>\n<meta name=\"robots\" content=\"index, follow, max-snippet:-1, max-image-preview:large, max-video-preview:-1\" \/>\n<link rel=\"canonical\" href=\"https:\/\/petproducts.com.cn\/it\/prodotto\/wooden-cat-tower-plush-ball-toy-platform-hommock-condo-best-cat-tree\/\" \/>\n<meta property=\"og:locale\" content=\"it_IT\" \/>\n<meta property=\"og:type\" content=\"article\" \/>\n<meta property=\"og:title\" content=\"Wooden Cat Tower | Best Cat Tree Manufacturer - Petstar\" \/>\n<meta property=\"og:description\" content=\"Explore Wooden Cat Tower from pet products supplier. Petstar is a global pet supplies manufacturer. Your ideal business solution with Petstar.\" \/>\n<meta property=\"og:url\" content=\"https:\/\/petproducts.com.cn\/it\/prodotto\/wooden-cat-tower-plush-ball-toy-platform-hommock-condo-best-cat-tree\/\" \/>\n<meta property=\"og:site_name\" content=\"Petstar\" \/>\n<meta property=\"article:modified_time\" content=\"2025-01-09T09:20:43+00:00\" \/>\n<meta property=\"og:image\" content=\"https:\/\/petproducts.com.cn\/wp-content\/uploads\/2025\/01\/Best-Wooden-Cat-Tower.webp\" \/>\n\t<meta property=\"og:image:width\" content=\"1000\" \/>\n\t<meta property=\"og:image:height\" content=\"1000\" \/>\n\t<meta property=\"og:image:type\" content=\"image\/webp\" \/>\n<meta name=\"twitter:card\" content=\"summary_large_image\" \/>\n<meta name=\"twitter:label1\" content=\"Tempo di lettura stimato\" \/>\n\t<meta name=\"twitter:data1\" content=\"2 minuti\" \/>\n<script type=\"application\/ld+json\" class=\"yoast-schema-graph\">{\"@context\":\"https:\/\/schema.org\",\"@graph\":[{\"@type\":\"WebPage\",\"@id\":\"https:\/\/petproducts.com.cn\/product\/wooden-cat-tower-plush-ball-toy-platform-hommock-condo-best-cat-tree\/\",\"url\":\"https:\/\/petproducts.com.cn\/product\/wooden-cat-tower-plush-ball-toy-platform-hommock-condo-best-cat-tree\/\",\"name\":\"Wooden Cat Tower | Best Cat Tree Manufacturer - Petstar\",\"isPartOf\":{\"@id\":\"https:\/\/petproducts.com.cn\/#website\"},\"primaryImageOfPage\":{\"@id\":\"https:\/\/petproducts.com.cn\/product\/wooden-cat-tower-plush-ball-toy-platform-hommock-condo-best-cat-tree\/#primaryimage\"},\"image\":{\"@id\":\"https:\/\/petproducts.com.cn\/product\/wooden-cat-tower-plush-ball-toy-platform-hommock-condo-best-cat-tree\/#primaryimage\"},\"thumbnailUrl\":\"https:\/\/petproducts.com.cn\/wp-content\/uploads\/2025\/01\/Best-Wooden-Cat-Tower.webp\",\"datePublished\":\"2025-01-09T09:13:42+00:00\",\"dateModified\":\"2025-01-09T09:20:43+00:00\",\"description\":\"Explore Wooden Cat Tower from pet products supplier. Petstar is a global pet supplies manufacturer. Your ideal business solution with Petstar.\",\"breadcrumb\":{\"@id\":\"https:\/\/petproducts.com.cn\/product\/wooden-cat-tower-plush-ball-toy-platform-hommock-condo-best-cat-tree\/#breadcrumb\"},\"inLanguage\":\"it-IT\",\"potentialAction\":[{\"@type\":\"ReadAction\",\"target\":[\"https:\/\/petproducts.com.cn\/product\/wooden-cat-tower-plush-ball-toy-platform-hommock-condo-best-cat-tree\/\"]}]},{\"@type\":\"ImageObject\",\"inLanguage\":\"it-IT\",\"@id\":\"https:\/\/petproducts.com.cn\/product\/wooden-cat-tower-plush-ball-toy-platform-hommock-condo-best-cat-tree\/#primaryimage\",\"url\":\"https:\/\/petproducts.com.cn\/wp-content\/uploads\/2025\/01\/Best-Wooden-Cat-Tower.webp\",\"contentUrl\":\"https:\/\/petproducts.com.cn\/wp-content\/uploads\/2025\/01\/Best-Wooden-Cat-Tower.webp\",\"width\":1000,\"height\":1000,\"caption\":\"Best Wooden Cat Tower\"},{\"@type\":\"BreadcrumbList\",\"@id\":\"https:\/\/petproducts.com.cn\/product\/wooden-cat-tower-plush-ball-toy-platform-hommock-condo-best-cat-tree\/#breadcrumb\",\"itemListElement\":[{\"@type\":\"ListItem\",\"position\":1,\"name\":\"HOME\",\"item\":\"https:\/\/petproducts.com.cn\/\"},{\"@type\":\"ListItem\",\"position\":2,\"name\":\"Products\",\"item\":\"https:\/\/petproducts.com.cn\/shop\/\"},{\"@type\":\"ListItem\",\"position\":3,\"name\":\"Cat Trees &amp; Furniture\",\"item\":\"https:\/\/petproducts.com.cn\/product-category\/cat-trees-furniture\/\"},{\"@type\":\"ListItem\",\"position\":4,\"name\":\"Wooden Cat Tower Plush Ball Toy Platform Hommock Condo Best Cat Tree\"}]},{\"@type\":\"WebSite\",\"@id\":\"https:\/\/petproducts.com.cn\/#website\",\"url\":\"https:\/\/petproducts.com.cn\/\",\"name\":\"Petstar\",\"description\":\"Leading Pet Supplies Manufacturer &amp; OEM Pet Products Supplier\",\"publisher\":{\"@id\":\"https:\/\/petproducts.com.cn\/#organization\"},\"alternateName\":\"Petstar Pet Supplies\",\"potentialAction\":[{\"@type\":\"SearchAction\",\"target\":{\"@type\":\"EntryPoint\",\"urlTemplate\":\"https:\/\/petproducts.com.cn\/?s={search_term_string}\"},\"query-input\":{\"@type\":\"PropertyValueSpecification\",\"valueRequired\":true,\"valueName\":\"search_term_string\"}}],\"inLanguage\":\"it-IT\"},{\"@type\":\"Organization\",\"@id\":\"https:\/\/petproducts.com.cn\/#organization\",\"name\":\"Petstar\",\"url\":\"https:\/\/petproducts.com.cn\/\",\"logo\":{\"@type\":\"ImageObject\",\"inLanguage\":\"it-IT\",\"@id\":\"https:\/\/petproducts.com.cn\/#\/schema\/logo\/image\/\",\"url\":\"https:\/\/petproducts.com.cn\/wp-content\/uploads\/2020\/02\/petstar-logo.webp\",\"contentUrl\":\"https:\/\/petproducts.com.cn\/wp-content\/uploads\/2020\/02\/petstar-logo.webp\",\"width\":779,\"height\":520,\"caption\":\"Petstar\"},\"image\":{\"@id\":\"https:\/\/petproducts.com.cn\/#\/schema\/logo\/image\/\"}}]}<\/script>\n<!-- \/ Yoast SEO plugin. -->","yoast_head_json":{"title":"Torre per gatti in legno - Miglior albero per gatti Fornitore - Petstar","description":"Esplora Torre di legno per gatti dal fornitore di prodotti per animali domestici. Petstar \u00e8 un produttore globale di prodotti per animali domestici. La vostra soluzione commerciale ideale con Petstar.","robots":{"index":"index","follow":"follow","max-snippet":"max-snippet:-1","max-image-preview":"max-image-preview:large","max-video-preview":"max-video-preview:-1"},"canonical":"https:\/\/petproducts.com.cn\/it\/prodotto\/wooden-cat-tower-plush-ball-toy-platform-hommock-condo-best-cat-tree\/","og_locale":"it_IT","og_type":"article","og_title":"Wooden Cat Tower | Best Cat Tree Manufacturer - Petstar","og_description":"Explore Wooden Cat Tower from pet products supplier. Petstar is a global pet supplies manufacturer. Your ideal business solution with Petstar.","og_url":"https:\/\/petproducts.com.cn\/it\/prodotto\/wooden-cat-tower-plush-ball-toy-platform-hommock-condo-best-cat-tree\/","og_site_name":"Petstar","article_modified_time":"2025-01-09T09:20:43+00:00","og_image":[{"width":1000,"height":1000,"url":"https:\/\/petproducts.com.cn\/wp-content\/uploads\/2025\/01\/Best-Wooden-Cat-Tower.webp","type":"image\/webp"}],"twitter_card":"summary_large_image","twitter_misc":{"Tempo di lettura stimato":"2 minuti"},"schema":{"@context":"https:\/\/schema.org","@graph":[{"@type":"WebPage","@id":"https:\/\/petproducts.com.cn\/product\/wooden-cat-tower-plush-ball-toy-platform-hommock-condo-best-cat-tree\/","url":"https:\/\/petproducts.com.cn\/product\/wooden-cat-tower-plush-ball-toy-platform-hommock-condo-best-cat-tree\/","name":"Torre per gatti in legno - Miglior albero per gatti Fornitore - Petstar","isPartOf":{"@id":"https:\/\/petproducts.com.cn\/#website"},"primaryImageOfPage":{"@id":"https:\/\/petproducts.com.cn\/product\/wooden-cat-tower-plush-ball-toy-platform-hommock-condo-best-cat-tree\/#primaryimage"},"image":{"@id":"https:\/\/petproducts.com.cn\/product\/wooden-cat-tower-plush-ball-toy-platform-hommock-condo-best-cat-tree\/#primaryimage"},"thumbnailUrl":"https:\/\/petproducts.com.cn\/wp-content\/uploads\/2025\/01\/Best-Wooden-Cat-Tower.webp","datePublished":"2025-01-09T09:13:42+00:00","dateModified":"2025-01-09T09:20:43+00:00","description":"Esplora Torre di legno per gatti dal fornitore di prodotti per animali domestici. Petstar \u00e8 un produttore globale di prodotti per animali domestici. La vostra soluzione commerciale ideale con Petstar.","breadcrumb":{"@id":"https:\/\/petproducts.com.cn\/product\/wooden-cat-tower-plush-ball-toy-platform-hommock-condo-best-cat-tree\/#breadcrumb"},"inLanguage":"it-IT","potentialAction":[{"@type":"ReadAction","target":["https:\/\/petproducts.com.cn\/product\/wooden-cat-tower-plush-ball-toy-platform-hommock-condo-best-cat-tree\/"]}]},{"@type":"ImageObject","inLanguage":"it-IT","@id":"https:\/\/petproducts.com.cn\/product\/wooden-cat-tower-plush-ball-toy-platform-hommock-condo-best-cat-tree\/#primaryimage","url":"https:\/\/petproducts.com.cn\/wp-content\/uploads\/2025\/01\/Best-Wooden-Cat-Tower.webp","contentUrl":"https:\/\/petproducts.com.cn\/wp-content\/uploads\/2025\/01\/Best-Wooden-Cat-Tower.webp","width":1000,"height":1000,"caption":"Best Wooden Cat Tower"},{"@type":"BreadcrumbList","@id":"https:\/\/petproducts.com.cn\/product\/wooden-cat-tower-plush-ball-toy-platform-hommock-condo-best-cat-tree\/#breadcrumb","itemListElement":[{"@type":"ListItem","position":1,"name":"HOME","item":"https:\/\/petproducts.com.cn\/"},{"@type":"ListItem","position":2,"name":"Products","item":"https:\/\/petproducts.com.cn\/shop\/"},{"@type":"ListItem","position":3,"name":"Cat Trees &amp; Furniture","item":"https:\/\/petproducts.com.cn\/product-category\/cat-trees-furniture\/"},{"@type":"ListItem","position":4,"name":"Wooden Cat Tower Plush Ball Toy Platform Hommock Condo Best Cat Tree"}]},{"@type":"WebSite","@id":"https:\/\/petproducts.com.cn\/#website","url":"https:\/\/petproducts.com.cn\/","name":"Petstar","description":"Produttore leader di forniture per animali domestici e fornitore di prodotti OEM per animali domestici","publisher":{"@id":"https:\/\/petproducts.com.cn\/#organization"},"alternateName":"Petstar Pet Supplies","potentialAction":[{"@type":"SearchAction","target":{"@type":"EntryPoint","urlTemplate":"https:\/\/petproducts.com.cn\/?s={search_term_string}"},"query-input":{"@type":"PropertyValueSpecification","valueRequired":true,"valueName":"search_term_string"}}],"inLanguage":"it-IT"},{"@type":"Organization","@id":"https:\/\/petproducts.com.cn\/#organization","name":"Petstar","url":"https:\/\/petproducts.com.cn\/","logo":{"@type":"ImageObject","inLanguage":"it-IT","@id":"https:\/\/petproducts.com.cn\/#\/schema\/logo\/image\/","url":"https:\/\/petproducts.com.cn\/wp-content\/uploads\/2020\/02\/petstar-logo.webp","contentUrl":"https:\/\/petproducts.com.cn\/wp-content\/uploads\/2020\/02\/petstar-logo.webp","width":779,"height":520,"caption":"Petstar"},"image":{"@id":"https:\/\/petproducts.com.cn\/#\/schema\/logo\/image\/"}}]}},"_links":{"self":[{"href":"https:\/\/petproducts.com.cn\/it\/wp-json\/wp\/v2\/product\/31481","targetHints":{"allow":["GET"]}}],"collection":[{"href":"https:\/\/petproducts.com.cn\/it\/wp-json\/wp\/v2\/product"}],"about":[{"href":"https:\/\/petproducts.com.cn\/it\/wp-json\/wp\/v2\/types\/product"}],"version-history":[{"count":2,"href":"https:\/\/petproducts.com.cn\/it\/wp-json\/wp\/v2\/product\/31481\/revisions"}],"predecessor-version":[{"id":31489,"href":"https:\/\/petproducts.com.cn\/it\/wp-json\/wp\/v2\/product\/31481\/revisions\/31489"}],"wp:featuredmedia":[{"embeddable":true,"href":"https:\/\/petproducts.com.cn\/it\/wp-json\/wp\/v2\/media\/31483"}],"wp:attachment":[{"href":"https:\/\/petproducts.com.cn\/it\/wp-json\/wp\/v2\/media?parent=31481"}],"wp:term":[{"taxonomy":"product_brand","embeddable":true,"href":"https:\/\/petproducts.com.cn\/it\/wp-json\/wp\/v2\/product_brand?post=31481"},{"taxonomy":"product_cat","embeddable":true,"href":"https:\/\/petproducts.com.cn\/it\/wp-json\/wp\/v2\/product_cat?post=31481"},{"taxonomy":"product_tag","embeddable":true,"href":"https:\/\/petproducts.com.cn\/it\/wp-json\/wp\/v2\/product_tag?post=31481"}],"curies":[{"name":"wp","href":"https:\/\/api.w.org\/{rel}","templated":true}]}}