{"id":31531,"date":"2025-01-20T02:26:12","date_gmt":"2025-01-20T02:26:12","guid":{"rendered":"https:\/\/petproducts.com.cn\/?post_type=product&#038;p=31531"},"modified":"2025-01-20T02:49:17","modified_gmt":"2025-01-20T02:49:17","slug":"cat-tree-scratch-post-animal-shape-kitty-toy-small-sisal-cat-scratcher-post","status":"publish","type":"product","link":"https:\/\/petproducts.com.cn\/it\/product\/cat-tree-scratch-post-animal-shape-kitty-toy-small-sisal-cat-scratcher-post\/","title":{"rendered":"Albero per gatti Graffiatoio Forma animale Giocattolo per gatti Piccolo graffiatoio per gatti in sisal"},"content":{"rendered":"<h2>Caratteristiche di Albero dei gatti tiragraffi<\/h2>\n<ul>\n<li><strong>Design a forma di animale<\/strong><br \/>\nQuesto <em>Graffiatoio per gatti<\/em> \u00e8 caratterizzato da un adorabile disegno di animali che rallegrer\u00e0 qualsiasi spazio. Il vostro gatto potr\u00e0 graffiare e giocare con la forma di un elefante, di un cane, di un maiale o di un koala mentre si diverte a graffiare. Non solo offre un'esperienza di gioco coinvolgente, ma valorizza anche l'arredamento della casa.<\/li>\n<li><strong>Robusto palo da graffio in sisal<\/strong><br \/>\nIl tiragraffi orizzontale in sisal \u00e8 ideale per la manutenzione degli artigli del gatto. Incoraggia il comportamento naturale del gatto nel graffiare e aiuta a mantenere gli artigli affilati e sani. Il materiale in sisal di alta qualit\u00e0 offre una superficie durevole per graffiare che il gatto apprezzer\u00e0.<\/li>\n<li><strong>Compatto e leggero<\/strong><br \/>\nQuesto tiragraffi di piccole dimensioni \u00e8 perfetto per gli spazi pi\u00f9 piccoli o per chi cerca un'opzione portatile. \u00c8 leggero, facile da spostare e non occupa troppo spazio, il che lo rende una scelta ideale per appartamenti, case con spazio limitato o per i viaggi.<\/li>\n<li><strong>Materiali sicuri e non tossici<\/strong><br \/>\nI materiali utilizzati per questo <em>Albero tiragraffi per gatti<\/em> sono sicuri e non tossici, per garantire la salute e la sicurezza del vostro animale. Il tessuto felpato e il sisal sono progettati per garantire la durata nel tempo e il comfort del gatto durante il gioco.<\/li>\n<li><strong>Gioco divertente e interattivo<\/strong><br \/>\nL'esclusiva forma di animale e il design divertente incoraggiano il gatto a giocare e a graffiare di pi\u00f9. Il paletto non \u00e8 solo un tiragraffi, ma un giocattolo divertente che intratterr\u00e0 il gatto per ore. \u00c8 una combinazione perfetta di funzionalit\u00e0 e divertimento.<\/li>\n<li><strong>Facile da mantenere<\/strong><br \/>\nIl tiragraffi \u00e8 stato progettato per facilitare la manutenzione. Il tessuto \u00e8 facile da pulire e il sisal \u00e8 di lunga durata, il che lo rende un ottimo investimento per i proprietari di animali domestici che cercano un prodotto durevole e che richieda poca manutenzione.<\/li>\n<\/ul>\n<p style=\"text-align: center;\"><em><strong>Per saperne di pi\u00f9 <a href=\"https:\/\/petproducts.com.cn\/it\/wholesale-cat-trees\/\">alberi per gatti<\/a><\/strong><\/em><em><strong>, Per favore <a href=\"https:\/\/petproducts.com.cn\/it\/contattateci\/\">Contattaci<\/a>!<\/strong><\/em><\/p>","protected":false},"excerpt":{"rendered":"<p>IL <em>Albero tiragraffi per gatti<\/em> combina funzionalit\u00e0 e design giocoso. Il vostro gatto si divertir\u00e0 a graffiare e giocare con questa postazione unica a forma di animale, beneficiando di una routine di gioco pi\u00f9 sana e felice. \u00c8 un'aggiunta perfetta all'arricchimento del vostro animale domestico e della vostra casa!<\/p>","protected":false},"featured_media":31536,"template":"","meta":{"_acf_changed":false},"product_brand":[],"product_cat":[71,47],"product_tag":[206],"class_list":{"0":"post-31531","1":"product","2":"type-product","3":"status-publish","4":"has-post-thumbnail","6":"product_cat-cat-supplies","7":"product_cat-cat-trees-furniture","8":"product_tag-cat-trees","10":"first","11":"instock","12":"shipping-taxable","13":"product-type-simple"},"acf":[],"yoast_head":"<!-- This site is optimized with the Yoast SEO plugin v27.1.1 - https:\/\/yoast.com\/product\/yoast-seo-wordpress\/ -->\n<title>Cat Tree Scratch Post | Cat Tower Tree Manufacturer - Petstar<\/title>\n<meta name=\"description\" content=\"Explore Cat Tree Scratch Post from pet products supplier. Petstar is a global pet supplies manufacturer. Your ideal business solution with Petstar.\" \/>\n<meta name=\"robots\" content=\"index, follow, max-snippet:-1, max-image-preview:large, max-video-preview:-1\" \/>\n<link rel=\"canonical\" href=\"https:\/\/petproducts.com.cn\/it\/prodotto\/cat-tree-scratch-post-animal-shape-kitty-toy-small-sisal-cat-scratcher-post\/\" \/>\n<meta property=\"og:locale\" content=\"it_IT\" \/>\n<meta property=\"og:type\" content=\"article\" \/>\n<meta property=\"og:title\" content=\"Cat Tree Scratch Post | Cat Tower Tree Manufacturer - Petstar\" \/>\n<meta property=\"og:description\" content=\"Explore Cat Tree Scratch Post from pet products supplier. Petstar is a global pet supplies manufacturer. Your ideal business solution with Petstar.\" \/>\n<meta property=\"og:url\" content=\"https:\/\/petproducts.com.cn\/it\/prodotto\/cat-tree-scratch-post-animal-shape-kitty-toy-small-sisal-cat-scratcher-post\/\" \/>\n<meta property=\"og:site_name\" content=\"Petstar\" \/>\n<meta property=\"article:modified_time\" content=\"2025-01-20T02:49:17+00:00\" \/>\n<meta property=\"og:image\" content=\"https:\/\/petproducts.com.cn\/wp-content\/uploads\/2025\/01\/cat-tree-scratch-posts.webp\" \/>\n\t<meta property=\"og:image:width\" content=\"1000\" \/>\n\t<meta property=\"og:image:height\" content=\"1000\" \/>\n\t<meta property=\"og:image:type\" content=\"image\/webp\" \/>\n<meta name=\"twitter:card\" content=\"summary_large_image\" \/>\n<meta name=\"twitter:label1\" content=\"Tempo di lettura stimato\" \/>\n\t<meta name=\"twitter:data1\" content=\"2 minuti\" \/>\n<script type=\"application\/ld+json\" class=\"yoast-schema-graph\">{\"@context\":\"https:\/\/schema.org\",\"@graph\":[{\"@type\":\"WebPage\",\"@id\":\"https:\/\/petproducts.com.cn\/product\/cat-tree-scratch-post-animal-shape-kitty-toy-small-sisal-cat-scratcher-post\/\",\"url\":\"https:\/\/petproducts.com.cn\/product\/cat-tree-scratch-post-animal-shape-kitty-toy-small-sisal-cat-scratcher-post\/\",\"name\":\"Cat Tree Scratch Post | Cat Tower Tree Manufacturer - Petstar\",\"isPartOf\":{\"@id\":\"https:\/\/petproducts.com.cn\/#website\"},\"primaryImageOfPage\":{\"@id\":\"https:\/\/petproducts.com.cn\/product\/cat-tree-scratch-post-animal-shape-kitty-toy-small-sisal-cat-scratcher-post\/#primaryimage\"},\"image\":{\"@id\":\"https:\/\/petproducts.com.cn\/product\/cat-tree-scratch-post-animal-shape-kitty-toy-small-sisal-cat-scratcher-post\/#primaryimage\"},\"thumbnailUrl\":\"https:\/\/petproducts.com.cn\/wp-content\/uploads\/2025\/01\/cat-tree-scratch-posts.webp\",\"datePublished\":\"2025-01-20T02:26:12+00:00\",\"dateModified\":\"2025-01-20T02:49:17+00:00\",\"description\":\"Explore Cat Tree Scratch Post from pet products supplier. Petstar is a global pet supplies manufacturer. Your ideal business solution with Petstar.\",\"breadcrumb\":{\"@id\":\"https:\/\/petproducts.com.cn\/product\/cat-tree-scratch-post-animal-shape-kitty-toy-small-sisal-cat-scratcher-post\/#breadcrumb\"},\"inLanguage\":\"it-IT\",\"potentialAction\":[{\"@type\":\"ReadAction\",\"target\":[\"https:\/\/petproducts.com.cn\/product\/cat-tree-scratch-post-animal-shape-kitty-toy-small-sisal-cat-scratcher-post\/\"]}]},{\"@type\":\"ImageObject\",\"inLanguage\":\"it-IT\",\"@id\":\"https:\/\/petproducts.com.cn\/product\/cat-tree-scratch-post-animal-shape-kitty-toy-small-sisal-cat-scratcher-post\/#primaryimage\",\"url\":\"https:\/\/petproducts.com.cn\/wp-content\/uploads\/2025\/01\/cat-tree-scratch-posts.webp\",\"contentUrl\":\"https:\/\/petproducts.com.cn\/wp-content\/uploads\/2025\/01\/cat-tree-scratch-posts.webp\",\"width\":1000,\"height\":1000,\"caption\":\"cat tree scratch posts\"},{\"@type\":\"BreadcrumbList\",\"@id\":\"https:\/\/petproducts.com.cn\/product\/cat-tree-scratch-post-animal-shape-kitty-toy-small-sisal-cat-scratcher-post\/#breadcrumb\",\"itemListElement\":[{\"@type\":\"ListItem\",\"position\":1,\"name\":\"HOME\",\"item\":\"https:\/\/petproducts.com.cn\/\"},{\"@type\":\"ListItem\",\"position\":2,\"name\":\"Products\",\"item\":\"https:\/\/petproducts.com.cn\/shop\/\"},{\"@type\":\"ListItem\",\"position\":3,\"name\":\"Cat Trees &amp; Furniture\",\"item\":\"https:\/\/petproducts.com.cn\/product-category\/cat-trees-furniture\/\"},{\"@type\":\"ListItem\",\"position\":4,\"name\":\"Cat Tree Scratch Post Animal Shape Kitty Toy Small Sisal Cat Scratcher Post\"}]},{\"@type\":\"WebSite\",\"@id\":\"https:\/\/petproducts.com.cn\/#website\",\"url\":\"https:\/\/petproducts.com.cn\/\",\"name\":\"Petstar\",\"description\":\"Leading Pet Supplies Manufacturer &amp; OEM Pet Products Supplier\",\"publisher\":{\"@id\":\"https:\/\/petproducts.com.cn\/#organization\"},\"alternateName\":\"Petstar Pet Supplies\",\"potentialAction\":[{\"@type\":\"SearchAction\",\"target\":{\"@type\":\"EntryPoint\",\"urlTemplate\":\"https:\/\/petproducts.com.cn\/?s={search_term_string}\"},\"query-input\":{\"@type\":\"PropertyValueSpecification\",\"valueRequired\":true,\"valueName\":\"search_term_string\"}}],\"inLanguage\":\"it-IT\"},{\"@type\":\"Organization\",\"@id\":\"https:\/\/petproducts.com.cn\/#organization\",\"name\":\"Petstar\",\"url\":\"https:\/\/petproducts.com.cn\/\",\"logo\":{\"@type\":\"ImageObject\",\"inLanguage\":\"it-IT\",\"@id\":\"https:\/\/petproducts.com.cn\/#\/schema\/logo\/image\/\",\"url\":\"https:\/\/petproducts.com.cn\/wp-content\/uploads\/2020\/02\/petstar-logo.webp\",\"contentUrl\":\"https:\/\/petproducts.com.cn\/wp-content\/uploads\/2020\/02\/petstar-logo.webp\",\"width\":779,\"height\":520,\"caption\":\"Petstar\"},\"image\":{\"@id\":\"https:\/\/petproducts.com.cn\/#\/schema\/logo\/image\/\"}}]}<\/script>\n<!-- \/ Yoast SEO plugin. -->","yoast_head_json":{"title":"Albero per gatti tiragraffi | Albero a torre per gatti Produttore - Petstar","description":"Esplora Albero del gatto tiragraffi dal fornitore di prodotti per animali domestici. Petstar \u00e8 un produttore globale di prodotti per animali domestici. La vostra soluzione commerciale ideale con Petstar.","robots":{"index":"index","follow":"follow","max-snippet":"max-snippet:-1","max-image-preview":"max-image-preview:large","max-video-preview":"max-video-preview:-1"},"canonical":"https:\/\/petproducts.com.cn\/it\/prodotto\/cat-tree-scratch-post-animal-shape-kitty-toy-small-sisal-cat-scratcher-post\/","og_locale":"it_IT","og_type":"article","og_title":"Cat Tree Scratch Post | Cat Tower Tree Manufacturer - Petstar","og_description":"Explore Cat Tree Scratch Post from pet products supplier. Petstar is a global pet supplies manufacturer. Your ideal business solution with Petstar.","og_url":"https:\/\/petproducts.com.cn\/it\/prodotto\/cat-tree-scratch-post-animal-shape-kitty-toy-small-sisal-cat-scratcher-post\/","og_site_name":"Petstar","article_modified_time":"2025-01-20T02:49:17+00:00","og_image":[{"width":1000,"height":1000,"url":"https:\/\/petproducts.com.cn\/wp-content\/uploads\/2025\/01\/cat-tree-scratch-posts.webp","type":"image\/webp"}],"twitter_card":"summary_large_image","twitter_misc":{"Tempo di lettura stimato":"2 minuti"},"schema":{"@context":"https:\/\/schema.org","@graph":[{"@type":"WebPage","@id":"https:\/\/petproducts.com.cn\/product\/cat-tree-scratch-post-animal-shape-kitty-toy-small-sisal-cat-scratcher-post\/","url":"https:\/\/petproducts.com.cn\/product\/cat-tree-scratch-post-animal-shape-kitty-toy-small-sisal-cat-scratcher-post\/","name":"Albero per gatti tiragraffi | Albero a torre per gatti Produttore - Petstar","isPartOf":{"@id":"https:\/\/petproducts.com.cn\/#website"},"primaryImageOfPage":{"@id":"https:\/\/petproducts.com.cn\/product\/cat-tree-scratch-post-animal-shape-kitty-toy-small-sisal-cat-scratcher-post\/#primaryimage"},"image":{"@id":"https:\/\/petproducts.com.cn\/product\/cat-tree-scratch-post-animal-shape-kitty-toy-small-sisal-cat-scratcher-post\/#primaryimage"},"thumbnailUrl":"https:\/\/petproducts.com.cn\/wp-content\/uploads\/2025\/01\/cat-tree-scratch-posts.webp","datePublished":"2025-01-20T02:26:12+00:00","dateModified":"2025-01-20T02:49:17+00:00","description":"Esplora Albero del gatto tiragraffi dal fornitore di prodotti per animali domestici. Petstar \u00e8 un produttore globale di prodotti per animali domestici. La vostra soluzione commerciale ideale con Petstar.","breadcrumb":{"@id":"https:\/\/petproducts.com.cn\/product\/cat-tree-scratch-post-animal-shape-kitty-toy-small-sisal-cat-scratcher-post\/#breadcrumb"},"inLanguage":"it-IT","potentialAction":[{"@type":"ReadAction","target":["https:\/\/petproducts.com.cn\/product\/cat-tree-scratch-post-animal-shape-kitty-toy-small-sisal-cat-scratcher-post\/"]}]},{"@type":"ImageObject","inLanguage":"it-IT","@id":"https:\/\/petproducts.com.cn\/product\/cat-tree-scratch-post-animal-shape-kitty-toy-small-sisal-cat-scratcher-post\/#primaryimage","url":"https:\/\/petproducts.com.cn\/wp-content\/uploads\/2025\/01\/cat-tree-scratch-posts.webp","contentUrl":"https:\/\/petproducts.com.cn\/wp-content\/uploads\/2025\/01\/cat-tree-scratch-posts.webp","width":1000,"height":1000,"caption":"cat tree scratch posts"},{"@type":"BreadcrumbList","@id":"https:\/\/petproducts.com.cn\/product\/cat-tree-scratch-post-animal-shape-kitty-toy-small-sisal-cat-scratcher-post\/#breadcrumb","itemListElement":[{"@type":"ListItem","position":1,"name":"HOME","item":"https:\/\/petproducts.com.cn\/"},{"@type":"ListItem","position":2,"name":"Products","item":"https:\/\/petproducts.com.cn\/shop\/"},{"@type":"ListItem","position":3,"name":"Cat Trees &amp; Furniture","item":"https:\/\/petproducts.com.cn\/product-category\/cat-trees-furniture\/"},{"@type":"ListItem","position":4,"name":"Cat Tree Scratch Post Animal Shape Kitty Toy Small Sisal Cat Scratcher Post"}]},{"@type":"WebSite","@id":"https:\/\/petproducts.com.cn\/#website","url":"https:\/\/petproducts.com.cn\/","name":"Petstar","description":"Produttore leader di forniture per animali domestici e fornitore di prodotti OEM per animali domestici","publisher":{"@id":"https:\/\/petproducts.com.cn\/#organization"},"alternateName":"Petstar Pet Supplies","potentialAction":[{"@type":"SearchAction","target":{"@type":"EntryPoint","urlTemplate":"https:\/\/petproducts.com.cn\/?s={search_term_string}"},"query-input":{"@type":"PropertyValueSpecification","valueRequired":true,"valueName":"search_term_string"}}],"inLanguage":"it-IT"},{"@type":"Organization","@id":"https:\/\/petproducts.com.cn\/#organization","name":"Petstar","url":"https:\/\/petproducts.com.cn\/","logo":{"@type":"ImageObject","inLanguage":"it-IT","@id":"https:\/\/petproducts.com.cn\/#\/schema\/logo\/image\/","url":"https:\/\/petproducts.com.cn\/wp-content\/uploads\/2020\/02\/petstar-logo.webp","contentUrl":"https:\/\/petproducts.com.cn\/wp-content\/uploads\/2020\/02\/petstar-logo.webp","width":779,"height":520,"caption":"Petstar"},"image":{"@id":"https:\/\/petproducts.com.cn\/#\/schema\/logo\/image\/"}}]}},"_links":{"self":[{"href":"https:\/\/petproducts.com.cn\/it\/wp-json\/wp\/v2\/product\/31531","targetHints":{"allow":["GET"]}}],"collection":[{"href":"https:\/\/petproducts.com.cn\/it\/wp-json\/wp\/v2\/product"}],"about":[{"href":"https:\/\/petproducts.com.cn\/it\/wp-json\/wp\/v2\/types\/product"}],"version-history":[{"count":4,"href":"https:\/\/petproducts.com.cn\/it\/wp-json\/wp\/v2\/product\/31531\/revisions"}],"predecessor-version":[{"id":31555,"href":"https:\/\/petproducts.com.cn\/it\/wp-json\/wp\/v2\/product\/31531\/revisions\/31555"}],"wp:featuredmedia":[{"embeddable":true,"href":"https:\/\/petproducts.com.cn\/it\/wp-json\/wp\/v2\/media\/31536"}],"wp:attachment":[{"href":"https:\/\/petproducts.com.cn\/it\/wp-json\/wp\/v2\/media?parent=31531"}],"wp:term":[{"taxonomy":"product_brand","embeddable":true,"href":"https:\/\/petproducts.com.cn\/it\/wp-json\/wp\/v2\/product_brand?post=31531"},{"taxonomy":"product_cat","embeddable":true,"href":"https:\/\/petproducts.com.cn\/it\/wp-json\/wp\/v2\/product_cat?post=31531"},{"taxonomy":"product_tag","embeddable":true,"href":"https:\/\/petproducts.com.cn\/it\/wp-json\/wp\/v2\/product_tag?post=31531"}],"curies":[{"name":"wp","href":"https:\/\/api.w.org\/{rel}","templated":true}]}}