{"id":31545,"date":"2025-01-20T02:41:58","date_gmt":"2025-01-20T02:41:58","guid":{"rendered":"https:\/\/petproducts.com.cn\/?post_type=product&#038;p=31545"},"modified":"2025-01-20T09:07:28","modified_gmt":"2025-01-20T09:07:28","slug":"leaf-cat-tree-coconut-tree-scratching-post-toy-cat-tree-with-leaves","status":"publish","type":"product","link":"https:\/\/petproducts.com.cn\/it\/product\/leaf-cat-tree-coconut-tree-scratching-post-toy-cat-tree-with-leaves\/","title":{"rendered":"Albero di foglie per gatti Albero di cocco albero tiragraffi Albero per gatti giocattolo con foglie"},"content":{"rendered":"<h2>Caratteristiche di Leaf Cat Tree<\/h2>\n<ul>\n<li><strong>Design a foglia per un maggiore appeal<\/strong><br \/>\nIL <em>Albero per gatti a foglie<\/em> presenta un design unico e accattivante con foglie sulla parte superiore, che lo rende non solo un tiragraffi funzionale ma anche un elemento decorativo per la vostra casa. La forma a foglia aggiunge un tocco naturale che il gatto apprezzer\u00e0.<\/li>\n<li><strong>Graffiatoio in sisal resistente<\/strong><br \/>\nIl robusto materiale in sisal del tiragraffi \u00e8 ideale per le esigenze del gatto. Contribuisce a promuovere una sana cura degli artigli incoraggiando il naturale comportamento di graffio, fornendo al contempo una superficie durevole che resiste all'usura.<\/li>\n<li><strong>Compatto e poco ingombrante<\/strong><br \/>\nIL <em>Albero per gatti a foglie<\/em> ha dimensioni compatte che lo rendono adatto ai piccoli spazi. Sia che abbiate una casa grande o un piccolo appartamento, questo tiragraffi si adatta perfettamente a qualsiasi angolo e non occupa molto spazio, offrendo al vostro gatto un'area coinvolgente e funzionale per graffiare.<\/li>\n<li><strong>Materiali sicuri e non tossici<\/strong><br \/>\nI materiali utilizzati per questo albero per gatti sono sicuri per gli animali domestici, non tossici e progettati per durare nel tempo. Potete stare tranquilli sapendo che il vostro gatto \u00e8 al sicuro mentre usa il tiragraffi e gioca con le funzioni annesse.<\/li>\n<li><strong>Versatile e ideale per tutti i gatti<\/strong><br \/>\nQuesto tiragraffi \u00e8 perfetto per gatti di tutte le et\u00e0 e dimensioni. Che si tratti di un gattino giocherellone o di un gatto adulto, questo tiragraffi versatile offre un'ottima superficie per graffiare e un'esperienza di gioco divertente.<\/li>\n<\/ul>\n<p style=\"text-align: center;\"><em><strong>Per saperne di pi\u00f9 <a href=\"https:\/\/petproducts.com.cn\/it\/wholesale-cat-trees\/\">alberi per gatti<\/a><\/strong><\/em><em><strong>, Per favore <a href=\"https:\/\/petproducts.com.cn\/it\/contattateci\/\">Contattaci<\/a>!<\/strong><\/em><\/p>","protected":false},"excerpt":{"rendered":"<p>IL <em>Albero per gatti a foglie<\/em> offre un mix di stile, funzionalit\u00e0 e divertimento. Il vostro gatto si divertir\u00e0 a graffiare, a giocare con la palla di peluche e a usare la spazzola tiragraffi, beneficiando di un ambiente sano. \u00c8 un'aggiunta perfetta alla casa di ogni amante dei gatti!<\/p>","protected":false},"featured_media":31549,"template":"","meta":{"_acf_changed":false},"product_brand":[],"product_cat":[71,47],"product_tag":[206],"class_list":{"0":"post-31545","1":"product","2":"type-product","3":"status-publish","4":"has-post-thumbnail","6":"product_cat-cat-supplies","7":"product_cat-cat-trees-furniture","8":"product_tag-cat-trees","10":"first","11":"instock","12":"shipping-taxable","13":"product-type-simple"},"acf":[],"yoast_head":"<!-- This site is optimized with the Yoast SEO plugin v27.1.1 - https:\/\/yoast.com\/product\/yoast-seo-wordpress\/ -->\n<title>Leaf Cat Tree | Cat Tower Tree Manufacturer - Petstar<\/title>\n<meta name=\"description\" content=\"Explore Leaf Cat Tree from pet products supplier. Petstar is a global pet supplies manufacturer. Your ideal business solution with Petstar.\" \/>\n<meta name=\"robots\" content=\"index, follow, max-snippet:-1, max-image-preview:large, max-video-preview:-1\" \/>\n<link rel=\"canonical\" href=\"https:\/\/petproducts.com.cn\/it\/prodotto\/leaf-cat-tree-coconut-tree-scratching-post-toy-cat-tree-with-leaves\/\" \/>\n<meta property=\"og:locale\" content=\"it_IT\" \/>\n<meta property=\"og:type\" content=\"article\" \/>\n<meta property=\"og:title\" content=\"Leaf Cat Tree | Cat Tower Tree Manufacturer - Petstar\" \/>\n<meta property=\"og:description\" content=\"Explore Leaf Cat Tree from pet products supplier. Petstar is a global pet supplies manufacturer. Your ideal business solution with Petstar.\" \/>\n<meta property=\"og:url\" content=\"https:\/\/petproducts.com.cn\/it\/prodotto\/leaf-cat-tree-coconut-tree-scratching-post-toy-cat-tree-with-leaves\/\" \/>\n<meta property=\"og:site_name\" content=\"Petstar\" \/>\n<meta property=\"article:modified_time\" content=\"2025-01-20T09:07:28+00:00\" \/>\n<meta property=\"og:image\" content=\"https:\/\/petproducts.com.cn\/wp-content\/uploads\/2025\/01\/Leaf-Cat-Tree.webp\" \/>\n\t<meta property=\"og:image:width\" content=\"1000\" \/>\n\t<meta property=\"og:image:height\" content=\"1000\" \/>\n\t<meta property=\"og:image:type\" content=\"image\/webp\" \/>\n<meta name=\"twitter:card\" content=\"summary_large_image\" \/>\n<meta name=\"twitter:label1\" content=\"Tempo di lettura stimato\" \/>\n\t<meta name=\"twitter:data1\" content=\"2 minuti\" \/>\n<script type=\"application\/ld+json\" class=\"yoast-schema-graph\">{\"@context\":\"https:\/\/schema.org\",\"@graph\":[{\"@type\":\"WebPage\",\"@id\":\"https:\/\/petproducts.com.cn\/product\/leaf-cat-tree-coconut-tree-scratching-post-toy-cat-tree-with-leaves\/\",\"url\":\"https:\/\/petproducts.com.cn\/product\/leaf-cat-tree-coconut-tree-scratching-post-toy-cat-tree-with-leaves\/\",\"name\":\"Leaf Cat Tree | Cat Tower Tree Manufacturer - Petstar\",\"isPartOf\":{\"@id\":\"https:\/\/petproducts.com.cn\/#website\"},\"primaryImageOfPage\":{\"@id\":\"https:\/\/petproducts.com.cn\/product\/leaf-cat-tree-coconut-tree-scratching-post-toy-cat-tree-with-leaves\/#primaryimage\"},\"image\":{\"@id\":\"https:\/\/petproducts.com.cn\/product\/leaf-cat-tree-coconut-tree-scratching-post-toy-cat-tree-with-leaves\/#primaryimage\"},\"thumbnailUrl\":\"https:\/\/petproducts.com.cn\/wp-content\/uploads\/2025\/01\/Leaf-Cat-Tree.webp\",\"datePublished\":\"2025-01-20T02:41:58+00:00\",\"dateModified\":\"2025-01-20T09:07:28+00:00\",\"description\":\"Explore Leaf Cat Tree from pet products supplier. Petstar is a global pet supplies manufacturer. Your ideal business solution with Petstar.\",\"breadcrumb\":{\"@id\":\"https:\/\/petproducts.com.cn\/product\/leaf-cat-tree-coconut-tree-scratching-post-toy-cat-tree-with-leaves\/#breadcrumb\"},\"inLanguage\":\"it-IT\",\"potentialAction\":[{\"@type\":\"ReadAction\",\"target\":[\"https:\/\/petproducts.com.cn\/product\/leaf-cat-tree-coconut-tree-scratching-post-toy-cat-tree-with-leaves\/\"]}]},{\"@type\":\"ImageObject\",\"inLanguage\":\"it-IT\",\"@id\":\"https:\/\/petproducts.com.cn\/product\/leaf-cat-tree-coconut-tree-scratching-post-toy-cat-tree-with-leaves\/#primaryimage\",\"url\":\"https:\/\/petproducts.com.cn\/wp-content\/uploads\/2025\/01\/Leaf-Cat-Tree.webp\",\"contentUrl\":\"https:\/\/petproducts.com.cn\/wp-content\/uploads\/2025\/01\/Leaf-Cat-Tree.webp\",\"width\":1000,\"height\":1000,\"caption\":\"Leaf Cat Tree\"},{\"@type\":\"BreadcrumbList\",\"@id\":\"https:\/\/petproducts.com.cn\/product\/leaf-cat-tree-coconut-tree-scratching-post-toy-cat-tree-with-leaves\/#breadcrumb\",\"itemListElement\":[{\"@type\":\"ListItem\",\"position\":1,\"name\":\"HOME\",\"item\":\"https:\/\/petproducts.com.cn\/\"},{\"@type\":\"ListItem\",\"position\":2,\"name\":\"Products\",\"item\":\"https:\/\/petproducts.com.cn\/shop\/\"},{\"@type\":\"ListItem\",\"position\":3,\"name\":\"Cat Trees &amp; Furniture\",\"item\":\"https:\/\/petproducts.com.cn\/product-category\/cat-trees-furniture\/\"},{\"@type\":\"ListItem\",\"position\":4,\"name\":\"Leaf Cat Tree Coconut Tree Scratching Post Toy Cat Tree with Leaves\"}]},{\"@type\":\"WebSite\",\"@id\":\"https:\/\/petproducts.com.cn\/#website\",\"url\":\"https:\/\/petproducts.com.cn\/\",\"name\":\"Petstar\",\"description\":\"Leading Pet Supplies Manufacturer &amp; OEM Pet Products Supplier\",\"publisher\":{\"@id\":\"https:\/\/petproducts.com.cn\/#organization\"},\"alternateName\":\"Petstar Pet Supplies\",\"potentialAction\":[{\"@type\":\"SearchAction\",\"target\":{\"@type\":\"EntryPoint\",\"urlTemplate\":\"https:\/\/petproducts.com.cn\/?s={search_term_string}\"},\"query-input\":{\"@type\":\"PropertyValueSpecification\",\"valueRequired\":true,\"valueName\":\"search_term_string\"}}],\"inLanguage\":\"it-IT\"},{\"@type\":\"Organization\",\"@id\":\"https:\/\/petproducts.com.cn\/#organization\",\"name\":\"Petstar\",\"url\":\"https:\/\/petproducts.com.cn\/\",\"logo\":{\"@type\":\"ImageObject\",\"inLanguage\":\"it-IT\",\"@id\":\"https:\/\/petproducts.com.cn\/#\/schema\/logo\/image\/\",\"url\":\"https:\/\/petproducts.com.cn\/wp-content\/uploads\/2020\/02\/petstar-logo.webp\",\"contentUrl\":\"https:\/\/petproducts.com.cn\/wp-content\/uploads\/2020\/02\/petstar-logo.webp\",\"width\":779,\"height\":520,\"caption\":\"Petstar\"},\"image\":{\"@id\":\"https:\/\/petproducts.com.cn\/#\/schema\/logo\/image\/\"}}]}<\/script>\n<!-- \/ Yoast SEO plugin. -->","yoast_head_json":{"title":"Albero per gatti Leaf | Albero a torre per gatti Produttore - Petstar","description":"Esplorate l'albero del gatto a foglie dal fornitore di prodotti per animali. Petstar \u00e8 un produttore globale di articoli per animali domestici. La vostra soluzione commerciale ideale con Petstar.","robots":{"index":"index","follow":"follow","max-snippet":"max-snippet:-1","max-image-preview":"max-image-preview:large","max-video-preview":"max-video-preview:-1"},"canonical":"https:\/\/petproducts.com.cn\/it\/prodotto\/leaf-cat-tree-coconut-tree-scratching-post-toy-cat-tree-with-leaves\/","og_locale":"it_IT","og_type":"article","og_title":"Leaf Cat Tree | Cat Tower Tree Manufacturer - Petstar","og_description":"Explore Leaf Cat Tree from pet products supplier. Petstar is a global pet supplies manufacturer. Your ideal business solution with Petstar.","og_url":"https:\/\/petproducts.com.cn\/it\/prodotto\/leaf-cat-tree-coconut-tree-scratching-post-toy-cat-tree-with-leaves\/","og_site_name":"Petstar","article_modified_time":"2025-01-20T09:07:28+00:00","og_image":[{"width":1000,"height":1000,"url":"https:\/\/petproducts.com.cn\/wp-content\/uploads\/2025\/01\/Leaf-Cat-Tree.webp","type":"image\/webp"}],"twitter_card":"summary_large_image","twitter_misc":{"Tempo di lettura stimato":"2 minuti"},"schema":{"@context":"https:\/\/schema.org","@graph":[{"@type":"WebPage","@id":"https:\/\/petproducts.com.cn\/product\/leaf-cat-tree-coconut-tree-scratching-post-toy-cat-tree-with-leaves\/","url":"https:\/\/petproducts.com.cn\/product\/leaf-cat-tree-coconut-tree-scratching-post-toy-cat-tree-with-leaves\/","name":"Albero per gatti Leaf | Albero a torre per gatti Produttore - Petstar","isPartOf":{"@id":"https:\/\/petproducts.com.cn\/#website"},"primaryImageOfPage":{"@id":"https:\/\/petproducts.com.cn\/product\/leaf-cat-tree-coconut-tree-scratching-post-toy-cat-tree-with-leaves\/#primaryimage"},"image":{"@id":"https:\/\/petproducts.com.cn\/product\/leaf-cat-tree-coconut-tree-scratching-post-toy-cat-tree-with-leaves\/#primaryimage"},"thumbnailUrl":"https:\/\/petproducts.com.cn\/wp-content\/uploads\/2025\/01\/Leaf-Cat-Tree.webp","datePublished":"2025-01-20T02:41:58+00:00","dateModified":"2025-01-20T09:07:28+00:00","description":"Esplorate l'albero del gatto a foglie dal fornitore di prodotti per animali. Petstar \u00e8 un produttore globale di articoli per animali domestici. La vostra soluzione commerciale ideale con Petstar.","breadcrumb":{"@id":"https:\/\/petproducts.com.cn\/product\/leaf-cat-tree-coconut-tree-scratching-post-toy-cat-tree-with-leaves\/#breadcrumb"},"inLanguage":"it-IT","potentialAction":[{"@type":"ReadAction","target":["https:\/\/petproducts.com.cn\/product\/leaf-cat-tree-coconut-tree-scratching-post-toy-cat-tree-with-leaves\/"]}]},{"@type":"ImageObject","inLanguage":"it-IT","@id":"https:\/\/petproducts.com.cn\/product\/leaf-cat-tree-coconut-tree-scratching-post-toy-cat-tree-with-leaves\/#primaryimage","url":"https:\/\/petproducts.com.cn\/wp-content\/uploads\/2025\/01\/Leaf-Cat-Tree.webp","contentUrl":"https:\/\/petproducts.com.cn\/wp-content\/uploads\/2025\/01\/Leaf-Cat-Tree.webp","width":1000,"height":1000,"caption":"Leaf Cat Tree"},{"@type":"BreadcrumbList","@id":"https:\/\/petproducts.com.cn\/product\/leaf-cat-tree-coconut-tree-scratching-post-toy-cat-tree-with-leaves\/#breadcrumb","itemListElement":[{"@type":"ListItem","position":1,"name":"HOME","item":"https:\/\/petproducts.com.cn\/"},{"@type":"ListItem","position":2,"name":"Products","item":"https:\/\/petproducts.com.cn\/shop\/"},{"@type":"ListItem","position":3,"name":"Cat Trees &amp; Furniture","item":"https:\/\/petproducts.com.cn\/product-category\/cat-trees-furniture\/"},{"@type":"ListItem","position":4,"name":"Leaf Cat Tree Coconut Tree Scratching Post Toy Cat Tree with Leaves"}]},{"@type":"WebSite","@id":"https:\/\/petproducts.com.cn\/#website","url":"https:\/\/petproducts.com.cn\/","name":"Petstar","description":"Produttore leader di forniture per animali domestici e fornitore di prodotti OEM per animali domestici","publisher":{"@id":"https:\/\/petproducts.com.cn\/#organization"},"alternateName":"Petstar Pet Supplies","potentialAction":[{"@type":"SearchAction","target":{"@type":"EntryPoint","urlTemplate":"https:\/\/petproducts.com.cn\/?s={search_term_string}"},"query-input":{"@type":"PropertyValueSpecification","valueRequired":true,"valueName":"search_term_string"}}],"inLanguage":"it-IT"},{"@type":"Organization","@id":"https:\/\/petproducts.com.cn\/#organization","name":"Petstar","url":"https:\/\/petproducts.com.cn\/","logo":{"@type":"ImageObject","inLanguage":"it-IT","@id":"https:\/\/petproducts.com.cn\/#\/schema\/logo\/image\/","url":"https:\/\/petproducts.com.cn\/wp-content\/uploads\/2020\/02\/petstar-logo.webp","contentUrl":"https:\/\/petproducts.com.cn\/wp-content\/uploads\/2020\/02\/petstar-logo.webp","width":779,"height":520,"caption":"Petstar"},"image":{"@id":"https:\/\/petproducts.com.cn\/#\/schema\/logo\/image\/"}}]}},"_links":{"self":[{"href":"https:\/\/petproducts.com.cn\/it\/wp-json\/wp\/v2\/product\/31545","targetHints":{"allow":["GET"]}}],"collection":[{"href":"https:\/\/petproducts.com.cn\/it\/wp-json\/wp\/v2\/product"}],"about":[{"href":"https:\/\/petproducts.com.cn\/it\/wp-json\/wp\/v2\/types\/product"}],"version-history":[{"count":2,"href":"https:\/\/petproducts.com.cn\/it\/wp-json\/wp\/v2\/product\/31545\/revisions"}],"predecessor-version":[{"id":31554,"href":"https:\/\/petproducts.com.cn\/it\/wp-json\/wp\/v2\/product\/31545\/revisions\/31554"}],"wp:featuredmedia":[{"embeddable":true,"href":"https:\/\/petproducts.com.cn\/it\/wp-json\/wp\/v2\/media\/31549"}],"wp:attachment":[{"href":"https:\/\/petproducts.com.cn\/it\/wp-json\/wp\/v2\/media?parent=31545"}],"wp:term":[{"taxonomy":"product_brand","embeddable":true,"href":"https:\/\/petproducts.com.cn\/it\/wp-json\/wp\/v2\/product_brand?post=31545"},{"taxonomy":"product_cat","embeddable":true,"href":"https:\/\/petproducts.com.cn\/it\/wp-json\/wp\/v2\/product_cat?post=31545"},{"taxonomy":"product_tag","embeddable":true,"href":"https:\/\/petproducts.com.cn\/it\/wp-json\/wp\/v2\/product_tag?post=31545"}],"curies":[{"name":"wp","href":"https:\/\/api.w.org\/{rel}","templated":true}]}}