{"id":33090,"date":"2025-04-24T05:37:36","date_gmt":"2025-04-24T05:37:36","guid":{"rendered":"https:\/\/petproducts.com.cn\/?post_type=product&#038;p=33090"},"modified":"2025-04-24T05:49:54","modified_gmt":"2025-04-24T05:49:54","slug":"small-animal-hanging-bed-warm-plush-sleeping-house","status":"publish","type":"product","link":"https:\/\/petproducts.com.cn\/it\/product\/small-animal-hanging-bed-warm-plush-sleeping-house\/","title":{"rendered":"Letto sospeso per piccoli animali Caldo peluche casa per dormire"},"content":{"rendered":"<h2>Caratteristiche del letto sospeso per piccoli animali<\/h2>\n<ul>\n<li class=\"\" data-start=\"132\" data-end=\"327\">\n<p class=\"\" data-start=\"135\" data-end=\"327\"><strong data-start=\"135\" data-end=\"157\">Morbido comfort di peluche<\/strong>. Realizzato in morbidissimo materiale felpato, questo letto sospeso per piccoli animali offre un luogo di riposo accogliente e sicuro per piccoli animali domestici come furetti, porcellini d'India e criceti.<\/p>\n<\/li>\n<li class=\"\" data-start=\"328\" data-end=\"506\">\n<p class=\"\" data-start=\"331\" data-end=\"506\"><strong data-start=\"331\" data-end=\"363\">Ganci in metallo per una facile appendibilit\u00e0<\/strong>. Dotato di resistenti ganci in metallo, il letto pu\u00f2 essere facilmente fissato alle gabbie, risparmiando spazio e offrendo agli animali domestici un divertente luogo di riposo rialzato.<\/p>\n<\/li>\n<li class=\"\" data-start=\"507\" data-end=\"691\">\n<p class=\"\" data-start=\"510\" data-end=\"691\"><strong data-start=\"510\" data-end=\"535\">Ideale per l'inverno<\/strong>. Il design in peluche, caldo e traspirante, lo rende adatto all'inverno, per tenere al riparo i piccoli animali in inverno.<\/p>\n<\/li>\n<li class=\"\" data-start=\"692\" data-end=\"867\">\n<p class=\"\" data-start=\"695\" data-end=\"867\"><strong data-start=\"695\" data-end=\"726\">Accessorio per gabbia salvaspazio.<\/strong>\u00a0Questo letto sospeso ottimizza lo spazio della gabbia e migliora l'arricchimento, rendendolo un complemento attraente e funzionale per qualsiasi sistemazione di piccoli animali.<\/p>\n<\/li>\n<li class=\"\" data-start=\"868\" data-end=\"1054\">\n<p class=\"\" data-start=\"871\" data-end=\"1054\"><strong data-start=\"871\" data-end=\"912\">Personalizzabile per marchi privati<\/strong>. Disponibili in varie dimensioni, colori e opzioni di logo per soddisfare le vostre esigenze di branding, perfetti per marchi di animali domestici, grossisti e venditori online.<\/p>\n<\/li>\n<li class=\"\" data-start=\"1055\" data-end=\"1234\">\n<p class=\"\" data-start=\"1058\" data-end=\"1234\"><strong data-start=\"1058\" data-end=\"1096\">Lavabile in lavatrice per una facile pulizia<\/strong>. Progettato per la massima praticit\u00e0, il letto \u00e8 lavabile e riutilizzabile, ideale per mantenere l'igiene in ambienti di vendita o di allevamento con pi\u00f9 animali.<\/p>\n<\/li>\n<\/ul>","protected":false},"excerpt":{"rendered":"<p>Questo letto sospeso per piccoli animali \u00e8 caratterizzato da un morbido tessuto felpato e da ganci metallici sicuri, che offrono una soluzione di riposo calda e salvaspazio per i piccoli animali in gabbia.<\/p>","protected":false},"featured_media":33096,"template":"","meta":{"_acf_changed":false},"product_brand":[],"product_cat":[158,164,156],"product_tag":[160],"class_list":{"0":"post-33090","1":"product","2":"type-product","3":"status-publish","4":"has-post-thumbnail","6":"product_cat-other-animal-supplies","7":"product_cat-rabbit-supplies","8":"product_cat-small-animal-supplies","9":"product_tag-small-animal-supplies","11":"first","12":"instock","13":"shipping-taxable","14":"product-type-simple"},"acf":[],"yoast_head":"<!-- This site is optimized with the Yoast SEO plugin v27.1.1 - https:\/\/yoast.com\/product\/yoast-seo-wordpress\/ -->\n<title>Small Animal Hanging Bed | Small Animal Beds Manufacturer - Petstar<\/title>\n<meta name=\"description\" content=\"Explore Small Animal Hanging Bed from the pet products supplier. Petstar is a global pet products manufacturer. Your ideal business solution with Petstar.\" \/>\n<meta name=\"robots\" content=\"index, follow, max-snippet:-1, max-image-preview:large, max-video-preview:-1\" \/>\n<link rel=\"canonical\" href=\"https:\/\/petproducts.com.cn\/it\/prodotto\/small-animal-hanging-bed-warm-plush-sleeping-house\/\" \/>\n<meta property=\"og:locale\" content=\"it_IT\" \/>\n<meta property=\"og:type\" content=\"article\" \/>\n<meta property=\"og:title\" content=\"Small Animal Hanging Bed | Small Animal Beds Manufacturer - Petstar\" \/>\n<meta property=\"og:description\" content=\"Explore Small Animal Hanging Bed from the pet products supplier. Petstar is a global pet products manufacturer. Your ideal business solution with Petstar.\" \/>\n<meta property=\"og:url\" content=\"https:\/\/petproducts.com.cn\/it\/prodotto\/small-animal-hanging-bed-warm-plush-sleeping-house\/\" \/>\n<meta property=\"og:site_name\" content=\"Petstar\" \/>\n<meta property=\"article:modified_time\" content=\"2025-04-24T05:49:54+00:00\" \/>\n<meta property=\"og:image\" content=\"https:\/\/petproducts.com.cn\/wp-content\/uploads\/2025\/04\/small-animal-hanging-bed.webp\" \/>\n\t<meta property=\"og:image:width\" content=\"1000\" \/>\n\t<meta property=\"og:image:height\" content=\"1000\" \/>\n\t<meta property=\"og:image:type\" content=\"image\/webp\" \/>\n<meta name=\"twitter:card\" content=\"summary_large_image\" \/>\n<meta name=\"twitter:label1\" content=\"Tempo di lettura stimato\" \/>\n\t<meta name=\"twitter:data1\" content=\"1 minuto\" \/>\n<script type=\"application\/ld+json\" class=\"yoast-schema-graph\">{\"@context\":\"https:\/\/schema.org\",\"@graph\":[{\"@type\":\"WebPage\",\"@id\":\"https:\/\/petproducts.com.cn\/product\/small-animal-hanging-bed-warm-plush-sleeping-house\/\",\"url\":\"https:\/\/petproducts.com.cn\/product\/small-animal-hanging-bed-warm-plush-sleeping-house\/\",\"name\":\"Small Animal Hanging Bed | Small Animal Beds Manufacturer - Petstar\",\"isPartOf\":{\"@id\":\"https:\/\/petproducts.com.cn\/#website\"},\"primaryImageOfPage\":{\"@id\":\"https:\/\/petproducts.com.cn\/product\/small-animal-hanging-bed-warm-plush-sleeping-house\/#primaryimage\"},\"image\":{\"@id\":\"https:\/\/petproducts.com.cn\/product\/small-animal-hanging-bed-warm-plush-sleeping-house\/#primaryimage\"},\"thumbnailUrl\":\"https:\/\/petproducts.com.cn\/wp-content\/uploads\/2025\/04\/small-animal-hanging-bed.webp\",\"datePublished\":\"2025-04-24T05:37:36+00:00\",\"dateModified\":\"2025-04-24T05:49:54+00:00\",\"description\":\"Explore Small Animal Hanging Bed from the pet products supplier. Petstar is a global pet products manufacturer. Your ideal business solution with Petstar.\",\"breadcrumb\":{\"@id\":\"https:\/\/petproducts.com.cn\/product\/small-animal-hanging-bed-warm-plush-sleeping-house\/#breadcrumb\"},\"inLanguage\":\"it-IT\",\"potentialAction\":[{\"@type\":\"ReadAction\",\"target\":[\"https:\/\/petproducts.com.cn\/product\/small-animal-hanging-bed-warm-plush-sleeping-house\/\"]}]},{\"@type\":\"ImageObject\",\"inLanguage\":\"it-IT\",\"@id\":\"https:\/\/petproducts.com.cn\/product\/small-animal-hanging-bed-warm-plush-sleeping-house\/#primaryimage\",\"url\":\"https:\/\/petproducts.com.cn\/wp-content\/uploads\/2025\/04\/small-animal-hanging-bed.webp\",\"contentUrl\":\"https:\/\/petproducts.com.cn\/wp-content\/uploads\/2025\/04\/small-animal-hanging-bed.webp\",\"width\":1000,\"height\":1000,\"caption\":\"small animal hanging bed\"},{\"@type\":\"BreadcrumbList\",\"@id\":\"https:\/\/petproducts.com.cn\/product\/small-animal-hanging-bed-warm-plush-sleeping-house\/#breadcrumb\",\"itemListElement\":[{\"@type\":\"ListItem\",\"position\":1,\"name\":\"HOME\",\"item\":\"https:\/\/petproducts.com.cn\/\"},{\"@type\":\"ListItem\",\"position\":2,\"name\":\"Products\",\"item\":\"https:\/\/petproducts.com.cn\/shop\/\"},{\"@type\":\"ListItem\",\"position\":3,\"name\":\"Rabbit Supplies\",\"item\":\"https:\/\/petproducts.com.cn\/product-category\/rabbit-supplies\/\"},{\"@type\":\"ListItem\",\"position\":4,\"name\":\"Small Animal Hanging Bed Warm Plush Sleeping House\"}]},{\"@type\":\"WebSite\",\"@id\":\"https:\/\/petproducts.com.cn\/#website\",\"url\":\"https:\/\/petproducts.com.cn\/\",\"name\":\"Petstar\",\"description\":\"Leading Pet Supplies Manufacturer &amp; OEM Pet Products Supplier\",\"publisher\":{\"@id\":\"https:\/\/petproducts.com.cn\/#organization\"},\"alternateName\":\"Petstar Pet Supplies\",\"potentialAction\":[{\"@type\":\"SearchAction\",\"target\":{\"@type\":\"EntryPoint\",\"urlTemplate\":\"https:\/\/petproducts.com.cn\/?s={search_term_string}\"},\"query-input\":{\"@type\":\"PropertyValueSpecification\",\"valueRequired\":true,\"valueName\":\"search_term_string\"}}],\"inLanguage\":\"it-IT\"},{\"@type\":\"Organization\",\"@id\":\"https:\/\/petproducts.com.cn\/#organization\",\"name\":\"Petstar\",\"url\":\"https:\/\/petproducts.com.cn\/\",\"logo\":{\"@type\":\"ImageObject\",\"inLanguage\":\"it-IT\",\"@id\":\"https:\/\/petproducts.com.cn\/#\/schema\/logo\/image\/\",\"url\":\"https:\/\/petproducts.com.cn\/wp-content\/uploads\/2020\/02\/petstar-logo.webp\",\"contentUrl\":\"https:\/\/petproducts.com.cn\/wp-content\/uploads\/2020\/02\/petstar-logo.webp\",\"width\":779,\"height\":520,\"caption\":\"Petstar\"},\"image\":{\"@id\":\"https:\/\/petproducts.com.cn\/#\/schema\/logo\/image\/\"}}]}<\/script>\n<!-- \/ Yoast SEO plugin. -->","yoast_head_json":{"title":"Letto sospeso per animali di piccola taglia | Letti per animali di piccola taglia Fornitore - Petstar","description":"Esplorate il letto sospeso per piccoli animali dal fornitore di prodotti per animali. Petstar \u00e8 un produttore globale di prodotti per animali domestici. La vostra soluzione commerciale ideale con Petstar.","robots":{"index":"index","follow":"follow","max-snippet":"max-snippet:-1","max-image-preview":"max-image-preview:large","max-video-preview":"max-video-preview:-1"},"canonical":"https:\/\/petproducts.com.cn\/it\/prodotto\/small-animal-hanging-bed-warm-plush-sleeping-house\/","og_locale":"it_IT","og_type":"article","og_title":"Small Animal Hanging Bed | Small Animal Beds Manufacturer - Petstar","og_description":"Explore Small Animal Hanging Bed from the pet products supplier. Petstar is a global pet products manufacturer. Your ideal business solution with Petstar.","og_url":"https:\/\/petproducts.com.cn\/it\/prodotto\/small-animal-hanging-bed-warm-plush-sleeping-house\/","og_site_name":"Petstar","article_modified_time":"2025-04-24T05:49:54+00:00","og_image":[{"width":1000,"height":1000,"url":"https:\/\/petproducts.com.cn\/wp-content\/uploads\/2025\/04\/small-animal-hanging-bed.webp","type":"image\/webp"}],"twitter_card":"summary_large_image","twitter_misc":{"Tempo di lettura stimato":"1 minuto"},"schema":{"@context":"https:\/\/schema.org","@graph":[{"@type":"WebPage","@id":"https:\/\/petproducts.com.cn\/product\/small-animal-hanging-bed-warm-plush-sleeping-house\/","url":"https:\/\/petproducts.com.cn\/product\/small-animal-hanging-bed-warm-plush-sleeping-house\/","name":"Letto sospeso per animali di piccola taglia | Letti per animali di piccola taglia Fornitore - Petstar","isPartOf":{"@id":"https:\/\/petproducts.com.cn\/#website"},"primaryImageOfPage":{"@id":"https:\/\/petproducts.com.cn\/product\/small-animal-hanging-bed-warm-plush-sleeping-house\/#primaryimage"},"image":{"@id":"https:\/\/petproducts.com.cn\/product\/small-animal-hanging-bed-warm-plush-sleeping-house\/#primaryimage"},"thumbnailUrl":"https:\/\/petproducts.com.cn\/wp-content\/uploads\/2025\/04\/small-animal-hanging-bed.webp","datePublished":"2025-04-24T05:37:36+00:00","dateModified":"2025-04-24T05:49:54+00:00","description":"Esplorate il letto sospeso per piccoli animali dal fornitore di prodotti per animali. Petstar \u00e8 un produttore globale di prodotti per animali domestici. La vostra soluzione commerciale ideale con Petstar.","breadcrumb":{"@id":"https:\/\/petproducts.com.cn\/product\/small-animal-hanging-bed-warm-plush-sleeping-house\/#breadcrumb"},"inLanguage":"it-IT","potentialAction":[{"@type":"ReadAction","target":["https:\/\/petproducts.com.cn\/product\/small-animal-hanging-bed-warm-plush-sleeping-house\/"]}]},{"@type":"ImageObject","inLanguage":"it-IT","@id":"https:\/\/petproducts.com.cn\/product\/small-animal-hanging-bed-warm-plush-sleeping-house\/#primaryimage","url":"https:\/\/petproducts.com.cn\/wp-content\/uploads\/2025\/04\/small-animal-hanging-bed.webp","contentUrl":"https:\/\/petproducts.com.cn\/wp-content\/uploads\/2025\/04\/small-animal-hanging-bed.webp","width":1000,"height":1000,"caption":"small animal hanging bed"},{"@type":"BreadcrumbList","@id":"https:\/\/petproducts.com.cn\/product\/small-animal-hanging-bed-warm-plush-sleeping-house\/#breadcrumb","itemListElement":[{"@type":"ListItem","position":1,"name":"HOME","item":"https:\/\/petproducts.com.cn\/"},{"@type":"ListItem","position":2,"name":"Products","item":"https:\/\/petproducts.com.cn\/shop\/"},{"@type":"ListItem","position":3,"name":"Rabbit Supplies","item":"https:\/\/petproducts.com.cn\/product-category\/rabbit-supplies\/"},{"@type":"ListItem","position":4,"name":"Small Animal Hanging Bed Warm Plush Sleeping House"}]},{"@type":"WebSite","@id":"https:\/\/petproducts.com.cn\/#website","url":"https:\/\/petproducts.com.cn\/","name":"Petstar","description":"Produttore leader di forniture per animali domestici e fornitore di prodotti OEM per animali domestici","publisher":{"@id":"https:\/\/petproducts.com.cn\/#organization"},"alternateName":"Petstar Pet Supplies","potentialAction":[{"@type":"SearchAction","target":{"@type":"EntryPoint","urlTemplate":"https:\/\/petproducts.com.cn\/?s={search_term_string}"},"query-input":{"@type":"PropertyValueSpecification","valueRequired":true,"valueName":"search_term_string"}}],"inLanguage":"it-IT"},{"@type":"Organization","@id":"https:\/\/petproducts.com.cn\/#organization","name":"Petstar","url":"https:\/\/petproducts.com.cn\/","logo":{"@type":"ImageObject","inLanguage":"it-IT","@id":"https:\/\/petproducts.com.cn\/#\/schema\/logo\/image\/","url":"https:\/\/petproducts.com.cn\/wp-content\/uploads\/2020\/02\/petstar-logo.webp","contentUrl":"https:\/\/petproducts.com.cn\/wp-content\/uploads\/2020\/02\/petstar-logo.webp","width":779,"height":520,"caption":"Petstar"},"image":{"@id":"https:\/\/petproducts.com.cn\/#\/schema\/logo\/image\/"}}]}},"_links":{"self":[{"href":"https:\/\/petproducts.com.cn\/it\/wp-json\/wp\/v2\/product\/33090","targetHints":{"allow":["GET"]}}],"collection":[{"href":"https:\/\/petproducts.com.cn\/it\/wp-json\/wp\/v2\/product"}],"about":[{"href":"https:\/\/petproducts.com.cn\/it\/wp-json\/wp\/v2\/types\/product"}],"version-history":[{"count":1,"href":"https:\/\/petproducts.com.cn\/it\/wp-json\/wp\/v2\/product\/33090\/revisions"}],"predecessor-version":[{"id":33097,"href":"https:\/\/petproducts.com.cn\/it\/wp-json\/wp\/v2\/product\/33090\/revisions\/33097"}],"wp:featuredmedia":[{"embeddable":true,"href":"https:\/\/petproducts.com.cn\/it\/wp-json\/wp\/v2\/media\/33096"}],"wp:attachment":[{"href":"https:\/\/petproducts.com.cn\/it\/wp-json\/wp\/v2\/media?parent=33090"}],"wp:term":[{"taxonomy":"product_brand","embeddable":true,"href":"https:\/\/petproducts.com.cn\/it\/wp-json\/wp\/v2\/product_brand?post=33090"},{"taxonomy":"product_cat","embeddable":true,"href":"https:\/\/petproducts.com.cn\/it\/wp-json\/wp\/v2\/product_cat?post=33090"},{"taxonomy":"product_tag","embeddable":true,"href":"https:\/\/petproducts.com.cn\/it\/wp-json\/wp\/v2\/product_tag?post=33090"}],"curies":[{"name":"wp","href":"https:\/\/api.w.org\/{rel}","templated":true}]}}