{"id":8847,"date":"2023-09-11T06:40:26","date_gmt":"2023-09-11T06:40:26","guid":{"rendered":"https:\/\/petproducts.com.cn\/?post_type=product&#038;p=8847"},"modified":"2023-09-22T03:06:15","modified_gmt":"2023-09-22T03:06:15","slug":"cat-tree-factory-wood-cat-tower-rest-eazzzy-cat-house","status":"publish","type":"product","link":"https:\/\/petproducts.com.cn\/it\/product\/cat-tree-factory-wood-cat-tower-rest-eazzzy-cat-house\/","title":{"rendered":"Fabbrica di alberi per gatti Torre per gatti in legno Riposo Casa per gatti Eazzzy"},"content":{"rendered":"<h2>Caratteristiche di Cat Tree Factory Legno Cat Tower Riposo Eazzzy Cat House<\/h2>\n<p><strong>1.Letto rimovibile<\/strong>: La nostra fabbrica di alberi per gatti comprende l'importanza della flessibilit\u00e0. Ecco perch\u00e9 la nostra casa per gatti Rest Eazzzy \u00e8 dotata di un letto rimovibile. I gatti possono accoccolarsi per un comodo sonnellino o optare per un altro punto di riposo, scegliendo cos\u00ec la loro zona di comfort.<\/p>\n<p><strong>2. Sfera sostituibile<\/strong>: Per rendere il gioco ancora pi\u00f9 eccitante, forniamo una pallina sostituibile che pende dalla cima dell'albero per gatti. I gatti possono colpire e colpire a piacimento, rimanendo attivi e impegnati e offrendo un divertimento senza fine.<\/p>\n<p><strong>3.Palo in sisal naturale<\/strong>: L'istinto naturale di graffiare dei gatti \u00e8 una priorit\u00e0. Il nostro albero per gatti \u00e8 dotato di un palo in sisal naturale, un materiale resistente ed ecologico che incoraggia un sano comportamento di graffiatura. \u00c8 un vantaggio per i gatti e per i loro padroni, perch\u00e9 tiene sotto controllo gli artigli e non danneggia i mobili.<\/p>\n<p><strong>4.Spazio personale<\/strong>: I gatti apprezzano lo spazio personale e la nostra torre per gatti in legno offre proprio questo. Con pi\u00f9 livelli e nascondigli, offre una variet\u00e0 di punti in cui i gatti possono rilassarsi, giocare o osservare l'ambiente circostante. \u00c8 un rifugio dove possono essere veramente se stessi.<\/p>\n<p><strong>5.<\/strong><strong>\u30da\u30c3\u30c8\u30b9\u30bf\u30fc\u30012024\u5e74\u4e0a\u6d77\u30da\u30c3\u30c8\u30d5\u30a1\u30c3\u30b7\u30e7\u30f3\u30a6\u30a3\u30fc\u30af\u8a18\u8005\u4f1a\u898b\u306b\u300c\u4eba\u9593\u3068\u30da\u30c3\u30c8\u306e\u5171\u5b58\u300d\u3092\u30c6\u30fc\u30de\u306b\u8b1b\u6f14\u62db\u5f85<\/strong>: La praticit\u00e0 \u00e8 fondamentale e la nostra fabbrica di alberi per gatti garantisce un processo di montaggio semplice. I vostri clienti potranno montarlo senza fatica, senza bisogno di strumenti o istruzioni complicate, rendendo la loro vita pi\u00f9 facile e i loro gatti pi\u00f9 felici.<\/p>","protected":false},"excerpt":{"rendered":"<p>Siamo una fabbrica di alberi per gatti con oltre 20 anni di esperienza. Offriamo opzioni di personalizzazione per colore, dimensione, tessuto, modello, logo e altre caratteristiche.<\/p>","protected":false},"featured_media":8854,"template":"","meta":{"_acf_changed":false},"product_brand":[],"product_cat":[71,47],"product_tag":[88],"class_list":{"0":"post-8847","1":"product","2":"type-product","3":"status-publish","4":"has-post-thumbnail","6":"product_cat-cat-supplies","7":"product_cat-cat-trees-furniture","8":"product_tag-cat-trees-furniture","10":"first","11":"instock","12":"shipping-taxable","13":"product-type-simple"},"acf":[],"yoast_head":"<!-- This site is optimized with the Yoast SEO plugin v27.1.1 - https:\/\/yoast.com\/product\/yoast-seo-wordpress\/ -->\n<title>Cat Tree Factory Wood Cat Tower Rest Eazzzy Cat House - Petstar<\/title>\n<meta name=\"description\" content=\"Explore Petstar&#039;s cat tree factory - Mass Production, Customization, and Design Options Available.We are a leading global one-stop supplier.\" \/>\n<meta name=\"robots\" content=\"index, follow, max-snippet:-1, max-image-preview:large, max-video-preview:-1\" \/>\n<link rel=\"canonical\" href=\"https:\/\/petproducts.com.cn\/it\/prodotto\/cat-tree-factory-wood-cat-tower-rest-eazzzy-cat-house\/\" \/>\n<meta property=\"og:locale\" content=\"it_IT\" \/>\n<meta property=\"og:type\" content=\"article\" \/>\n<meta property=\"og:title\" content=\"Cat Tree Factory Wood Cat Tower Rest Eazzzy Cat House - Petstar\" \/>\n<meta property=\"og:description\" content=\"Explore Petstar&#039;s cat tree factory - Mass Production, Customization, and Design Options Available.We are a leading global one-stop supplier.\" \/>\n<meta property=\"og:url\" content=\"https:\/\/petproducts.com.cn\/it\/prodotto\/cat-tree-factory-wood-cat-tower-rest-eazzzy-cat-house\/\" \/>\n<meta property=\"og:site_name\" content=\"Petstar\" \/>\n<meta property=\"article:modified_time\" content=\"2023-09-22T03:06:15+00:00\" \/>\n<meta property=\"og:image\" content=\"https:\/\/petproducts.com.cn\/wp-content\/uploads\/2023\/09\/YS117169-3_webp.webp\" \/>\n\t<meta property=\"og:image:width\" content=\"1000\" \/>\n\t<meta property=\"og:image:height\" content=\"1000\" \/>\n\t<meta property=\"og:image:type\" content=\"image\/webp\" \/>\n<meta name=\"twitter:card\" content=\"summary_large_image\" \/>\n<meta name=\"twitter:label1\" content=\"Tempo di lettura stimato\" \/>\n\t<meta name=\"twitter:data1\" content=\"1 minuto\" \/>\n<script type=\"application\/ld+json\" class=\"yoast-schema-graph\">{\"@context\":\"https:\/\/schema.org\",\"@graph\":[{\"@type\":\"WebPage\",\"@id\":\"https:\/\/petproducts.com.cn\/product\/cat-tree-factory-wood-cat-tower-rest-eazzzy-cat-house\/\",\"url\":\"https:\/\/petproducts.com.cn\/product\/cat-tree-factory-wood-cat-tower-rest-eazzzy-cat-house\/\",\"name\":\"Cat Tree Factory Wood Cat Tower Rest Eazzzy Cat House - Petstar\",\"isPartOf\":{\"@id\":\"https:\/\/petproducts.com.cn\/#website\"},\"primaryImageOfPage\":{\"@id\":\"https:\/\/petproducts.com.cn\/product\/cat-tree-factory-wood-cat-tower-rest-eazzzy-cat-house\/#primaryimage\"},\"image\":{\"@id\":\"https:\/\/petproducts.com.cn\/product\/cat-tree-factory-wood-cat-tower-rest-eazzzy-cat-house\/#primaryimage\"},\"thumbnailUrl\":\"https:\/\/petproducts.com.cn\/wp-content\/uploads\/2023\/09\/YS117169-3_webp.webp\",\"datePublished\":\"2023-09-11T06:40:26+00:00\",\"dateModified\":\"2023-09-22T03:06:15+00:00\",\"description\":\"Explore Petstar's cat tree factory - Mass Production, Customization, and Design Options Available.We are a leading global one-stop supplier.\",\"breadcrumb\":{\"@id\":\"https:\/\/petproducts.com.cn\/product\/cat-tree-factory-wood-cat-tower-rest-eazzzy-cat-house\/#breadcrumb\"},\"inLanguage\":\"it-IT\",\"potentialAction\":[{\"@type\":\"ReadAction\",\"target\":[\"https:\/\/petproducts.com.cn\/product\/cat-tree-factory-wood-cat-tower-rest-eazzzy-cat-house\/\"]}]},{\"@type\":\"ImageObject\",\"inLanguage\":\"it-IT\",\"@id\":\"https:\/\/petproducts.com.cn\/product\/cat-tree-factory-wood-cat-tower-rest-eazzzy-cat-house\/#primaryimage\",\"url\":\"https:\/\/petproducts.com.cn\/wp-content\/uploads\/2023\/09\/YS117169-3_webp.webp\",\"contentUrl\":\"https:\/\/petproducts.com.cn\/wp-content\/uploads\/2023\/09\/YS117169-3_webp.webp\",\"width\":1000,\"height\":1000,\"caption\":\"cat tree factory\"},{\"@type\":\"BreadcrumbList\",\"@id\":\"https:\/\/petproducts.com.cn\/product\/cat-tree-factory-wood-cat-tower-rest-eazzzy-cat-house\/#breadcrumb\",\"itemListElement\":[{\"@type\":\"ListItem\",\"position\":1,\"name\":\"HOME\",\"item\":\"https:\/\/petproducts.com.cn\/\"},{\"@type\":\"ListItem\",\"position\":2,\"name\":\"Products\",\"item\":\"https:\/\/petproducts.com.cn\/shop\/\"},{\"@type\":\"ListItem\",\"position\":3,\"name\":\"Cat Trees &amp; Furniture\",\"item\":\"https:\/\/petproducts.com.cn\/product-category\/cat-trees-furniture\/\"},{\"@type\":\"ListItem\",\"position\":4,\"name\":\"Cat Tree Factory Wood Cat Tower Rest Eazzzy Cat House\"}]},{\"@type\":\"WebSite\",\"@id\":\"https:\/\/petproducts.com.cn\/#website\",\"url\":\"https:\/\/petproducts.com.cn\/\",\"name\":\"Petstar\",\"description\":\"Leading Pet Supplies Manufacturer &amp; OEM Pet Products Supplier\",\"publisher\":{\"@id\":\"https:\/\/petproducts.com.cn\/#organization\"},\"alternateName\":\"Petstar Pet Supplies\",\"potentialAction\":[{\"@type\":\"SearchAction\",\"target\":{\"@type\":\"EntryPoint\",\"urlTemplate\":\"https:\/\/petproducts.com.cn\/?s={search_term_string}\"},\"query-input\":{\"@type\":\"PropertyValueSpecification\",\"valueRequired\":true,\"valueName\":\"search_term_string\"}}],\"inLanguage\":\"it-IT\"},{\"@type\":\"Organization\",\"@id\":\"https:\/\/petproducts.com.cn\/#organization\",\"name\":\"Petstar\",\"url\":\"https:\/\/petproducts.com.cn\/\",\"logo\":{\"@type\":\"ImageObject\",\"inLanguage\":\"it-IT\",\"@id\":\"https:\/\/petproducts.com.cn\/#\/schema\/logo\/image\/\",\"url\":\"https:\/\/petproducts.com.cn\/wp-content\/uploads\/2020\/02\/petstar-logo.webp\",\"contentUrl\":\"https:\/\/petproducts.com.cn\/wp-content\/uploads\/2020\/02\/petstar-logo.webp\",\"width\":779,\"height\":520,\"caption\":\"Petstar\"},\"image\":{\"@id\":\"https:\/\/petproducts.com.cn\/#\/schema\/logo\/image\/\"}}]}<\/script>\n<!-- \/ Yoast SEO plugin. -->","yoast_head_json":{"title":"Albero per gatti in legno Torre per gatti da riposo Eazzzy Cat House - Petstar","description":"Esplora la fabbrica di alberi per gatti di Petstar - Produzione di massa, personalizzazione e opzioni di progettazione disponibili. Siamo un fornitore globale leader di un unico fornitore.","robots":{"index":"index","follow":"follow","max-snippet":"max-snippet:-1","max-image-preview":"max-image-preview:large","max-video-preview":"max-video-preview:-1"},"canonical":"https:\/\/petproducts.com.cn\/it\/prodotto\/cat-tree-factory-wood-cat-tower-rest-eazzzy-cat-house\/","og_locale":"it_IT","og_type":"article","og_title":"Cat Tree Factory Wood Cat Tower Rest Eazzzy Cat House - Petstar","og_description":"Explore Petstar's cat tree factory - Mass Production, Customization, and Design Options Available.We are a leading global one-stop supplier.","og_url":"https:\/\/petproducts.com.cn\/it\/prodotto\/cat-tree-factory-wood-cat-tower-rest-eazzzy-cat-house\/","og_site_name":"Petstar","article_modified_time":"2023-09-22T03:06:15+00:00","og_image":[{"width":1000,"height":1000,"url":"https:\/\/petproducts.com.cn\/wp-content\/uploads\/2023\/09\/YS117169-3_webp.webp","type":"image\/webp"}],"twitter_card":"summary_large_image","twitter_misc":{"Tempo di lettura stimato":"1 minuto"},"schema":{"@context":"https:\/\/schema.org","@graph":[{"@type":"WebPage","@id":"https:\/\/petproducts.com.cn\/product\/cat-tree-factory-wood-cat-tower-rest-eazzzy-cat-house\/","url":"https:\/\/petproducts.com.cn\/product\/cat-tree-factory-wood-cat-tower-rest-eazzzy-cat-house\/","name":"Albero per gatti in legno Torre per gatti da riposo Eazzzy Cat House - Petstar","isPartOf":{"@id":"https:\/\/petproducts.com.cn\/#website"},"primaryImageOfPage":{"@id":"https:\/\/petproducts.com.cn\/product\/cat-tree-factory-wood-cat-tower-rest-eazzzy-cat-house\/#primaryimage"},"image":{"@id":"https:\/\/petproducts.com.cn\/product\/cat-tree-factory-wood-cat-tower-rest-eazzzy-cat-house\/#primaryimage"},"thumbnailUrl":"https:\/\/petproducts.com.cn\/wp-content\/uploads\/2023\/09\/YS117169-3_webp.webp","datePublished":"2023-09-11T06:40:26+00:00","dateModified":"2023-09-22T03:06:15+00:00","description":"Esplora la fabbrica di alberi per gatti di Petstar - Produzione di massa, personalizzazione e opzioni di progettazione disponibili. Siamo un fornitore globale leader di un unico fornitore.","breadcrumb":{"@id":"https:\/\/petproducts.com.cn\/product\/cat-tree-factory-wood-cat-tower-rest-eazzzy-cat-house\/#breadcrumb"},"inLanguage":"it-IT","potentialAction":[{"@type":"ReadAction","target":["https:\/\/petproducts.com.cn\/product\/cat-tree-factory-wood-cat-tower-rest-eazzzy-cat-house\/"]}]},{"@type":"ImageObject","inLanguage":"it-IT","@id":"https:\/\/petproducts.com.cn\/product\/cat-tree-factory-wood-cat-tower-rest-eazzzy-cat-house\/#primaryimage","url":"https:\/\/petproducts.com.cn\/wp-content\/uploads\/2023\/09\/YS117169-3_webp.webp","contentUrl":"https:\/\/petproducts.com.cn\/wp-content\/uploads\/2023\/09\/YS117169-3_webp.webp","width":1000,"height":1000,"caption":"cat tree factory"},{"@type":"BreadcrumbList","@id":"https:\/\/petproducts.com.cn\/product\/cat-tree-factory-wood-cat-tower-rest-eazzzy-cat-house\/#breadcrumb","itemListElement":[{"@type":"ListItem","position":1,"name":"HOME","item":"https:\/\/petproducts.com.cn\/"},{"@type":"ListItem","position":2,"name":"Products","item":"https:\/\/petproducts.com.cn\/shop\/"},{"@type":"ListItem","position":3,"name":"Cat Trees &amp; Furniture","item":"https:\/\/petproducts.com.cn\/product-category\/cat-trees-furniture\/"},{"@type":"ListItem","position":4,"name":"Cat Tree Factory Wood Cat Tower Rest Eazzzy Cat House"}]},{"@type":"WebSite","@id":"https:\/\/petproducts.com.cn\/#website","url":"https:\/\/petproducts.com.cn\/","name":"Petstar","description":"Produttore leader di forniture per animali domestici e fornitore di prodotti OEM per animali domestici","publisher":{"@id":"https:\/\/petproducts.com.cn\/#organization"},"alternateName":"Petstar Pet Supplies","potentialAction":[{"@type":"SearchAction","target":{"@type":"EntryPoint","urlTemplate":"https:\/\/petproducts.com.cn\/?s={search_term_string}"},"query-input":{"@type":"PropertyValueSpecification","valueRequired":true,"valueName":"search_term_string"}}],"inLanguage":"it-IT"},{"@type":"Organization","@id":"https:\/\/petproducts.com.cn\/#organization","name":"Petstar","url":"https:\/\/petproducts.com.cn\/","logo":{"@type":"ImageObject","inLanguage":"it-IT","@id":"https:\/\/petproducts.com.cn\/#\/schema\/logo\/image\/","url":"https:\/\/petproducts.com.cn\/wp-content\/uploads\/2020\/02\/petstar-logo.webp","contentUrl":"https:\/\/petproducts.com.cn\/wp-content\/uploads\/2020\/02\/petstar-logo.webp","width":779,"height":520,"caption":"Petstar"},"image":{"@id":"https:\/\/petproducts.com.cn\/#\/schema\/logo\/image\/"}}]}},"_links":{"self":[{"href":"https:\/\/petproducts.com.cn\/it\/wp-json\/wp\/v2\/product\/8847","targetHints":{"allow":["GET"]}}],"collection":[{"href":"https:\/\/petproducts.com.cn\/it\/wp-json\/wp\/v2\/product"}],"about":[{"href":"https:\/\/petproducts.com.cn\/it\/wp-json\/wp\/v2\/types\/product"}],"version-history":[{"count":1,"href":"https:\/\/petproducts.com.cn\/it\/wp-json\/wp\/v2\/product\/8847\/revisions"}],"predecessor-version":[{"id":8867,"href":"https:\/\/petproducts.com.cn\/it\/wp-json\/wp\/v2\/product\/8847\/revisions\/8867"}],"wp:featuredmedia":[{"embeddable":true,"href":"https:\/\/petproducts.com.cn\/it\/wp-json\/wp\/v2\/media\/8854"}],"wp:attachment":[{"href":"https:\/\/petproducts.com.cn\/it\/wp-json\/wp\/v2\/media?parent=8847"}],"wp:term":[{"taxonomy":"product_brand","embeddable":true,"href":"https:\/\/petproducts.com.cn\/it\/wp-json\/wp\/v2\/product_brand?post=8847"},{"taxonomy":"product_cat","embeddable":true,"href":"https:\/\/petproducts.com.cn\/it\/wp-json\/wp\/v2\/product_cat?post=8847"},{"taxonomy":"product_tag","embeddable":true,"href":"https:\/\/petproducts.com.cn\/it\/wp-json\/wp\/v2\/product_tag?post=8847"}],"curies":[{"name":"wp","href":"https:\/\/api.w.org\/{rel}","templated":true}]}}