{"id":9057,"date":"2023-09-12T06:27:47","date_gmt":"2023-09-12T06:27:47","guid":{"rendered":"https:\/\/petproducts.com.cn\/?post_type=product&#038;p=9057"},"modified":"2025-02-20T05:20:04","modified_gmt":"2025-02-20T05:20:04","slug":"diy-cardboard-cat-toys-fun-cute-scratching-board","status":"publish","type":"product","link":"https:\/\/petproducts.com.cn\/it\/product\/diy-cardboard-cat-toys-fun-cute-scratching-board\/","title":{"rendered":"Giochi per gatti in cartone fai-da-te Divertenti gratta e vinci carini"},"content":{"rendered":"<h2>Giocattoli per gatti in cartone fai da te all'ingrosso<\/h2>\n<p>Cercate giocattoli per gatti divertenti e personalizzabili che potete assemblare da soli? Petstar offre all'ingrosso giocattoli per gatti in cartone fai-da-te che offrono un divertimento infinito e un simpatico tiragraffi per i vostri amici felini. Lasciate che la loro immaginazione si scateni con le nostre opzioni ecologiche e versatili!<\/p>\n<p>1.Materiali di cartone ecologico: realizziamo i nostri giocattoli di cartone per gatti fai da te con cartone ondulato di alta qualit\u00e0, garantendo la sicurezza del gatto e il rispetto dell'ambiente. L'uso del cartone garantisce la durata nel tempo e riduce al minimo l'impatto sull'ambiente.<\/p>\n<p>2. Design divertente e interattivo: I nostri giocattoli per gatti fai-da-te sono disponibili in varie forme e dimensioni e consentono di creare un'esperienza di gioco personalizzata per i vostri gatti. Da tunnel e cubi a rampe e tiragraffi, le possibilit\u00e0 sono infinite. Lasciate che i vostri compagni felini esplorino e si divertano con questi giocattoli coinvolgenti.<\/p>\n<p>3.Graffiatoio carino: I gatti hanno l'istinto naturale di graffiare e i nostri giocattoli per gatti fai da te includono un graffiatoio che soddisfa questo istinto. La superficie in cartone ondulato offre la consistenza perfetta per graffiare in modo sano, aiutando i gatti a mantenere i loro artigli e proteggendo al contempo mobili e tappeti.<\/p>\n<p>4. Servizi di personalizzazione all'ingrosso: Petstar offre servizi di personalizzazione all'ingrosso per soddisfare le esigenze specifiche della vostra azienda. Che vogliate aggiungere il logo della vostra azienda, personalizzare le dimensioni o la forma dei giocattoli o creare un design unico, possiamo assistervi nella creazione di una linea di prodotti personalizzata che si distingua sul mercato.<\/p>\n<p>Scegliete Petstar come partner di fiducia per giocattoli per gatti in cartone fai da te di alta qualit\u00e0. I nostri giocattoli per gatti fai da te combinano divertimento, bellezza e sostenibilit\u00e0 per offrire ai gatti un'esperienza di gioco stimolante. Contattateci oggi stesso per discutere le opportunit\u00e0 di vendita all'ingrosso e deliziare i proprietari di gatti con giocattoli per gatti personalizzabili.<\/p>","protected":false},"excerpt":{"rendered":"<p>Siamo un produttore di giocattoli di cartone per gatti diy con pi\u00f9 di 20 anni di esperienza. Offriamo opzioni di personalizzazione per colore, dimensione, tessuto, modello, logo e altre caratteristiche.<\/p>","protected":false},"featured_media":9058,"template":"","meta":{"_acf_changed":false},"product_brand":[],"product_cat":[71,81],"product_tag":[209],"class_list":{"0":"post-9057","1":"product","2":"type-product","3":"status-publish","4":"has-post-thumbnail","6":"product_cat-cat-supplies","7":"product_cat-cat-toys","8":"product_tag-cat-cardboard","10":"first","11":"instock","12":"shipping-taxable","13":"product-type-simple"},"acf":[],"yoast_head":"<!-- This site is optimized with the Yoast SEO plugin v27.1.1 - https:\/\/yoast.com\/product\/yoast-seo-wordpress\/ -->\n<title>Diy Cardboard Cat Toys Fun Cute Scratching Board - Petstar<\/title>\n<meta name=\"description\" content=\"diy cardboard cat toys manufaturer,we have over 20 years of manufacturing experience in the pet products,more than 8,000 pet accessories in various rang\" \/>\n<meta name=\"robots\" content=\"index, follow, max-snippet:-1, max-image-preview:large, max-video-preview:-1\" \/>\n<link rel=\"canonical\" href=\"https:\/\/petproducts.com.cn\/it\/prodotto\/diy-cardboard-cat-toys-fun-cute-scratching-board\/\" \/>\n<meta property=\"og:locale\" content=\"it_IT\" \/>\n<meta property=\"og:type\" content=\"article\" \/>\n<meta property=\"og:title\" content=\"Diy Cardboard Cat Toys Fun Cute Scratching Board - Petstar\" \/>\n<meta property=\"og:description\" content=\"diy cardboard cat toys manufaturer,we have over 20 years of manufacturing experience in the pet products,more than 8,000 pet accessories in various rang\" \/>\n<meta property=\"og:url\" content=\"https:\/\/petproducts.com.cn\/it\/prodotto\/diy-cardboard-cat-toys-fun-cute-scratching-board\/\" \/>\n<meta property=\"og:site_name\" content=\"Petstar\" \/>\n<meta property=\"article:modified_time\" content=\"2025-02-20T05:20:04+00:00\" \/>\n<meta property=\"og:image\" content=\"https:\/\/petproducts.com.cn\/wp-content\/uploads\/2023\/09\/YT122751.webp\" \/>\n\t<meta property=\"og:image:width\" content=\"800\" \/>\n\t<meta property=\"og:image:height\" content=\"800\" \/>\n\t<meta property=\"og:image:type\" content=\"image\/webp\" \/>\n<meta name=\"twitter:card\" content=\"summary_large_image\" \/>\n<meta name=\"twitter:label1\" content=\"Tempo di lettura stimato\" \/>\n\t<meta name=\"twitter:data1\" content=\"2 minuti\" \/>\n<script type=\"application\/ld+json\" class=\"yoast-schema-graph\">{\"@context\":\"https:\/\/schema.org\",\"@graph\":[{\"@type\":\"WebPage\",\"@id\":\"https:\/\/petproducts.com.cn\/product\/diy-cardboard-cat-toys-fun-cute-scratching-board\/\",\"url\":\"https:\/\/petproducts.com.cn\/product\/diy-cardboard-cat-toys-fun-cute-scratching-board\/\",\"name\":\"Diy Cardboard Cat Toys Fun Cute Scratching Board - Petstar\",\"isPartOf\":{\"@id\":\"https:\/\/petproducts.com.cn\/#website\"},\"primaryImageOfPage\":{\"@id\":\"https:\/\/petproducts.com.cn\/product\/diy-cardboard-cat-toys-fun-cute-scratching-board\/#primaryimage\"},\"image\":{\"@id\":\"https:\/\/petproducts.com.cn\/product\/diy-cardboard-cat-toys-fun-cute-scratching-board\/#primaryimage\"},\"thumbnailUrl\":\"https:\/\/petproducts.com.cn\/wp-content\/uploads\/2023\/09\/YT122751.webp\",\"datePublished\":\"2023-09-12T06:27:47+00:00\",\"dateModified\":\"2025-02-20T05:20:04+00:00\",\"description\":\"diy cardboard cat toys manufaturer,we have over 20 years of manufacturing experience in the pet products,more than 8,000 pet accessories in various rang\",\"breadcrumb\":{\"@id\":\"https:\/\/petproducts.com.cn\/product\/diy-cardboard-cat-toys-fun-cute-scratching-board\/#breadcrumb\"},\"inLanguage\":\"it-IT\",\"potentialAction\":[{\"@type\":\"ReadAction\",\"target\":[\"https:\/\/petproducts.com.cn\/product\/diy-cardboard-cat-toys-fun-cute-scratching-board\/\"]}]},{\"@type\":\"ImageObject\",\"inLanguage\":\"it-IT\",\"@id\":\"https:\/\/petproducts.com.cn\/product\/diy-cardboard-cat-toys-fun-cute-scratching-board\/#primaryimage\",\"url\":\"https:\/\/petproducts.com.cn\/wp-content\/uploads\/2023\/09\/YT122751.webp\",\"contentUrl\":\"https:\/\/petproducts.com.cn\/wp-content\/uploads\/2023\/09\/YT122751.webp\",\"width\":800,\"height\":800,\"caption\":\"diy cardboard cat toys\"},{\"@type\":\"BreadcrumbList\",\"@id\":\"https:\/\/petproducts.com.cn\/product\/diy-cardboard-cat-toys-fun-cute-scratching-board\/#breadcrumb\",\"itemListElement\":[{\"@type\":\"ListItem\",\"position\":1,\"name\":\"HOME\",\"item\":\"https:\/\/petproducts.com.cn\/\"},{\"@type\":\"ListItem\",\"position\":2,\"name\":\"Products\",\"item\":\"https:\/\/petproducts.com.cn\/shop\/\"},{\"@type\":\"ListItem\",\"position\":3,\"name\":\"Cat Supplies\",\"item\":\"https:\/\/petproducts.com.cn\/product-category\/cat-supplies\/\"},{\"@type\":\"ListItem\",\"position\":4,\"name\":\"Diy Cardboard Cat Toys Fun Cute Scratching Board\"}]},{\"@type\":\"WebSite\",\"@id\":\"https:\/\/petproducts.com.cn\/#website\",\"url\":\"https:\/\/petproducts.com.cn\/\",\"name\":\"Petstar\",\"description\":\"Leading Pet Supplies Manufacturer &amp; OEM Pet Products Supplier\",\"publisher\":{\"@id\":\"https:\/\/petproducts.com.cn\/#organization\"},\"alternateName\":\"Petstar Pet Supplies\",\"potentialAction\":[{\"@type\":\"SearchAction\",\"target\":{\"@type\":\"EntryPoint\",\"urlTemplate\":\"https:\/\/petproducts.com.cn\/?s={search_term_string}\"},\"query-input\":{\"@type\":\"PropertyValueSpecification\",\"valueRequired\":true,\"valueName\":\"search_term_string\"}}],\"inLanguage\":\"it-IT\"},{\"@type\":\"Organization\",\"@id\":\"https:\/\/petproducts.com.cn\/#organization\",\"name\":\"Petstar\",\"url\":\"https:\/\/petproducts.com.cn\/\",\"logo\":{\"@type\":\"ImageObject\",\"inLanguage\":\"it-IT\",\"@id\":\"https:\/\/petproducts.com.cn\/#\/schema\/logo\/image\/\",\"url\":\"https:\/\/petproducts.com.cn\/wp-content\/uploads\/2020\/02\/petstar-logo.webp\",\"contentUrl\":\"https:\/\/petproducts.com.cn\/wp-content\/uploads\/2020\/02\/petstar-logo.webp\",\"width\":779,\"height\":520,\"caption\":\"Petstar\"},\"image\":{\"@id\":\"https:\/\/petproducts.com.cn\/#\/schema\/logo\/image\/\"}}]}<\/script>\n<!-- \/ Yoast SEO plugin. -->","yoast_head_json":{"title":"Giocattoli di cartone per gatti divertenti e carini da grattare - Petstar","description":"manufaturer dei giocattoli del gatto del cartone diy, abbiamo oltre 20 anni di esperienza di fabbricazione nei prodotti dell'animale domestico, pi\u00f9 di 8.000 accessori dell'animale domestico in vario rang","robots":{"index":"index","follow":"follow","max-snippet":"max-snippet:-1","max-image-preview":"max-image-preview:large","max-video-preview":"max-video-preview:-1"},"canonical":"https:\/\/petproducts.com.cn\/it\/prodotto\/diy-cardboard-cat-toys-fun-cute-scratching-board\/","og_locale":"it_IT","og_type":"article","og_title":"Diy Cardboard Cat Toys Fun Cute Scratching Board - Petstar","og_description":"diy cardboard cat toys manufaturer,we have over 20 years of manufacturing experience in the pet products,more than 8,000 pet accessories in various rang","og_url":"https:\/\/petproducts.com.cn\/it\/prodotto\/diy-cardboard-cat-toys-fun-cute-scratching-board\/","og_site_name":"Petstar","article_modified_time":"2025-02-20T05:20:04+00:00","og_image":[{"width":800,"height":800,"url":"https:\/\/petproducts.com.cn\/wp-content\/uploads\/2023\/09\/YT122751.webp","type":"image\/webp"}],"twitter_card":"summary_large_image","twitter_misc":{"Tempo di lettura stimato":"2 minuti"},"schema":{"@context":"https:\/\/schema.org","@graph":[{"@type":"WebPage","@id":"https:\/\/petproducts.com.cn\/product\/diy-cardboard-cat-toys-fun-cute-scratching-board\/","url":"https:\/\/petproducts.com.cn\/product\/diy-cardboard-cat-toys-fun-cute-scratching-board\/","name":"Giocattoli di cartone per gatti divertenti e carini da grattare - Petstar","isPartOf":{"@id":"https:\/\/petproducts.com.cn\/#website"},"primaryImageOfPage":{"@id":"https:\/\/petproducts.com.cn\/product\/diy-cardboard-cat-toys-fun-cute-scratching-board\/#primaryimage"},"image":{"@id":"https:\/\/petproducts.com.cn\/product\/diy-cardboard-cat-toys-fun-cute-scratching-board\/#primaryimage"},"thumbnailUrl":"https:\/\/petproducts.com.cn\/wp-content\/uploads\/2023\/09\/YT122751.webp","datePublished":"2023-09-12T06:27:47+00:00","dateModified":"2025-02-20T05:20:04+00:00","description":"manufaturer dei giocattoli del gatto del cartone diy, abbiamo oltre 20 anni di esperienza di fabbricazione nei prodotti dell'animale domestico, pi\u00f9 di 8.000 accessori dell'animale domestico in vario rang","breadcrumb":{"@id":"https:\/\/petproducts.com.cn\/product\/diy-cardboard-cat-toys-fun-cute-scratching-board\/#breadcrumb"},"inLanguage":"it-IT","potentialAction":[{"@type":"ReadAction","target":["https:\/\/petproducts.com.cn\/product\/diy-cardboard-cat-toys-fun-cute-scratching-board\/"]}]},{"@type":"ImageObject","inLanguage":"it-IT","@id":"https:\/\/petproducts.com.cn\/product\/diy-cardboard-cat-toys-fun-cute-scratching-board\/#primaryimage","url":"https:\/\/petproducts.com.cn\/wp-content\/uploads\/2023\/09\/YT122751.webp","contentUrl":"https:\/\/petproducts.com.cn\/wp-content\/uploads\/2023\/09\/YT122751.webp","width":800,"height":800,"caption":"diy cardboard cat toys"},{"@type":"BreadcrumbList","@id":"https:\/\/petproducts.com.cn\/product\/diy-cardboard-cat-toys-fun-cute-scratching-board\/#breadcrumb","itemListElement":[{"@type":"ListItem","position":1,"name":"HOME","item":"https:\/\/petproducts.com.cn\/"},{"@type":"ListItem","position":2,"name":"Products","item":"https:\/\/petproducts.com.cn\/shop\/"},{"@type":"ListItem","position":3,"name":"Cat Supplies","item":"https:\/\/petproducts.com.cn\/product-category\/cat-supplies\/"},{"@type":"ListItem","position":4,"name":"Diy Cardboard Cat Toys Fun Cute Scratching Board"}]},{"@type":"WebSite","@id":"https:\/\/petproducts.com.cn\/#website","url":"https:\/\/petproducts.com.cn\/","name":"Petstar","description":"Produttore leader di forniture per animali domestici e fornitore di prodotti OEM per animali domestici","publisher":{"@id":"https:\/\/petproducts.com.cn\/#organization"},"alternateName":"Petstar Pet Supplies","potentialAction":[{"@type":"SearchAction","target":{"@type":"EntryPoint","urlTemplate":"https:\/\/petproducts.com.cn\/?s={search_term_string}"},"query-input":{"@type":"PropertyValueSpecification","valueRequired":true,"valueName":"search_term_string"}}],"inLanguage":"it-IT"},{"@type":"Organization","@id":"https:\/\/petproducts.com.cn\/#organization","name":"Petstar","url":"https:\/\/petproducts.com.cn\/","logo":{"@type":"ImageObject","inLanguage":"it-IT","@id":"https:\/\/petproducts.com.cn\/#\/schema\/logo\/image\/","url":"https:\/\/petproducts.com.cn\/wp-content\/uploads\/2020\/02\/petstar-logo.webp","contentUrl":"https:\/\/petproducts.com.cn\/wp-content\/uploads\/2020\/02\/petstar-logo.webp","width":779,"height":520,"caption":"Petstar"},"image":{"@id":"https:\/\/petproducts.com.cn\/#\/schema\/logo\/image\/"}}]}},"_links":{"self":[{"href":"https:\/\/petproducts.com.cn\/it\/wp-json\/wp\/v2\/product\/9057","targetHints":{"allow":["GET"]}}],"collection":[{"href":"https:\/\/petproducts.com.cn\/it\/wp-json\/wp\/v2\/product"}],"about":[{"href":"https:\/\/petproducts.com.cn\/it\/wp-json\/wp\/v2\/types\/product"}],"version-history":[{"count":2,"href":"https:\/\/petproducts.com.cn\/it\/wp-json\/wp\/v2\/product\/9057\/revisions"}],"predecessor-version":[{"id":11791,"href":"https:\/\/petproducts.com.cn\/it\/wp-json\/wp\/v2\/product\/9057\/revisions\/11791"}],"wp:featuredmedia":[{"embeddable":true,"href":"https:\/\/petproducts.com.cn\/it\/wp-json\/wp\/v2\/media\/9058"}],"wp:attachment":[{"href":"https:\/\/petproducts.com.cn\/it\/wp-json\/wp\/v2\/media?parent=9057"}],"wp:term":[{"taxonomy":"product_brand","embeddable":true,"href":"https:\/\/petproducts.com.cn\/it\/wp-json\/wp\/v2\/product_brand?post=9057"},{"taxonomy":"product_cat","embeddable":true,"href":"https:\/\/petproducts.com.cn\/it\/wp-json\/wp\/v2\/product_cat?post=9057"},{"taxonomy":"product_tag","embeddable":true,"href":"https:\/\/petproducts.com.cn\/it\/wp-json\/wp\/v2\/product_tag?post=9057"}],"curies":[{"name":"wp","href":"https:\/\/api.w.org\/{rel}","templated":true}]}}