{"id":24893,"date":"2024-06-11T05:52:18","date_gmt":"2024-06-11T05:52:18","guid":{"rendered":"https:\/\/petproducts.com.cn\/?post_type=product&#038;p=24893"},"modified":"2024-06-11T06:08:43","modified_gmt":"2024-06-11T06:08:43","slug":"dog-spray-natural-pet-dog-deodorizer-spray","status":"publish","type":"product","link":"https:\/\/petproducts.com.cn\/nl\/product\/dog-spray-natural-pet-dog-deodorizer-spray\/","title":{"rendered":"Hondenspray Natuurlijke deodorantspray voor honden"},"content":{"rendered":"<h2><strong>Kenmerken van Hondenspray <\/strong><\/h2>\n<ul>\n<li><strong>Effectieve geurbestrijding<\/strong> Onze hondenspray zorgt voor een krachtige geurbestrijding en elimineert onaangename geurtjes onmiddellijk. Je zult het waarderen dat het je huisdier fris en schoon laat ruiken. Deze eigenschap zorgt ervoor dat je huis vrij blijft van dierengeurtjes.<\/li>\n<li><strong>Frisse geur<\/strong> Geniet van de verfrissende geur van onze deodorantspray voor honden. Het laat een aangename geur achter die lang blijft hangen, waardoor je huisdier prettiger in de buurt is. Deze frisse geur is perfect om een schone en uitnodigende sfeer te behouden.<\/li>\n<li><strong>Veilig en niet-giftig<\/strong> Veiligheid is onze prioriteit en je zult met een gerust hart onze niet-giftige hondenspray gebruiken. Het is samengesteld met natuurlijke ingredi\u00ebnten die zacht zijn voor de huid en vacht van je huisdier. Deze veiligheid zorgt ervoor dat het geschikt is voor regelmatig gebruik.<\/li>\n<li><strong>Antibacteri\u00eble eigenschappen<\/strong> Onze natuurlijke deodorantspray voor huisdieren heeft antibacteri\u00eble eigenschappen. Je zult merken dat het effectief is in het verminderen van bacteri\u00ebn die geurtjes veroorzaken. Deze antibacteri\u00eble werking houdt je huisdier gezonder en schoner.<\/li>\n<li><strong>Verzachtende formule<\/strong> Je zult het geweldig vinden hoe onze spray de huid van je huisdier kalmeert. Hij is zacht en kalmerend, waardoor irritatie en ongemak worden verminderd. Deze verzachtende formule maakt het ideaal voor huisdieren met een gevoelige huid.<\/li>\n<\/ul>","protected":false},"excerpt":{"rendered":"<p>Wij zijn fabrikant van huisdierborstels met meer dan 20 jaar ervaring. We bieden aanpassingsopties voor kleur, grootte, stof, patroon, logo en andere kenmerken.<\/p>","protected":false},"featured_media":24897,"template":"","meta":{"_acf_changed":false},"product_brand":[],"product_cat":[137,71,136,72],"product_tag":[139,140],"class_list":{"0":"post-24893","1":"product","2":"type-product","3":"status-publish","4":"has-post-thumbnail","6":"product_cat-cat-grooming-cleaning-supplies","7":"product_cat-cat-supplies","8":"product_cat-dog-grooming-cleaning-supplies","9":"product_cat-dog-supplies","10":"product_tag-cat-grooming-cleaning-supplies","11":"product_tag-dog-grooming-cleaning-supplies","13":"first","14":"instock","15":"shipping-taxable","16":"product-type-simple"},"acf":[],"yoast_head":"<!-- This site is optimized with the Yoast SEO plugin v27.1.1 - https:\/\/yoast.com\/product\/yoast-seo-wordpress\/ -->\n<title>Dog Spray | Dog Deodorizer Spray Manufacturer - Petstar - Petstar<\/title>\n<meta name=\"description\" content=\"Explore dog spray, dog deodorizer spray, natural pet deodorizer spray directly from the manufacturer. Your ideal business solution with Petstar.\" \/>\n<meta name=\"robots\" content=\"index, follow, max-snippet:-1, max-image-preview:large, max-video-preview:-1\" \/>\n<link rel=\"canonical\" href=\"https:\/\/petproducts.com.cn\/nl\/product\/dog-spray-natural-pet-dog-deodorizer-spray\/\" \/>\n<meta property=\"og:locale\" content=\"nl_NL\" \/>\n<meta property=\"og:type\" content=\"article\" \/>\n<meta property=\"og:title\" content=\"Dog Spray | Dog Deodorizer Spray Manufacturer - Petstar - Petstar\" \/>\n<meta property=\"og:description\" content=\"Explore dog spray, dog deodorizer spray, natural pet deodorizer spray directly from the manufacturer. Your ideal business solution with Petstar.\" \/>\n<meta property=\"og:url\" content=\"https:\/\/petproducts.com.cn\/nl\/product\/dog-spray-natural-pet-dog-deodorizer-spray\/\" \/>\n<meta property=\"og:site_name\" content=\"Petstar\" \/>\n<meta property=\"article:modified_time\" content=\"2024-06-11T06:08:43+00:00\" \/>\n<meta property=\"og:image\" content=\"https:\/\/petproducts.com.cn\/wp-content\/uploads\/2024\/06\/Dog-Spray.webp\" \/>\n\t<meta property=\"og:image:width\" content=\"1000\" \/>\n\t<meta property=\"og:image:height\" content=\"1000\" \/>\n\t<meta property=\"og:image:type\" content=\"image\/webp\" \/>\n<meta name=\"twitter:card\" content=\"summary_large_image\" \/>\n<meta name=\"twitter:label1\" content=\"Geschatte leestijd\" \/>\n\t<meta name=\"twitter:data1\" content=\"2 minuten\" \/>\n<script type=\"application\/ld+json\" class=\"yoast-schema-graph\">{\"@context\":\"https:\/\/schema.org\",\"@graph\":[{\"@type\":\"WebPage\",\"@id\":\"https:\/\/petproducts.com.cn\/product\/dog-spray-natural-pet-dog-deodorizer-spray\/\",\"url\":\"https:\/\/petproducts.com.cn\/product\/dog-spray-natural-pet-dog-deodorizer-spray\/\",\"name\":\"Dog Spray | Dog Deodorizer Spray Manufacturer - Petstar - Petstar\",\"isPartOf\":{\"@id\":\"https:\/\/petproducts.com.cn\/#website\"},\"primaryImageOfPage\":{\"@id\":\"https:\/\/petproducts.com.cn\/product\/dog-spray-natural-pet-dog-deodorizer-spray\/#primaryimage\"},\"image\":{\"@id\":\"https:\/\/petproducts.com.cn\/product\/dog-spray-natural-pet-dog-deodorizer-spray\/#primaryimage\"},\"thumbnailUrl\":\"https:\/\/petproducts.com.cn\/wp-content\/uploads\/2024\/06\/Dog-Spray.webp\",\"datePublished\":\"2024-06-11T05:52:18+00:00\",\"dateModified\":\"2024-06-11T06:08:43+00:00\",\"description\":\"Explore dog spray, dog deodorizer spray, natural pet deodorizer spray directly from the manufacturer. Your ideal business solution with Petstar.\",\"breadcrumb\":{\"@id\":\"https:\/\/petproducts.com.cn\/product\/dog-spray-natural-pet-dog-deodorizer-spray\/#breadcrumb\"},\"inLanguage\":\"nl-NL\",\"potentialAction\":[{\"@type\":\"ReadAction\",\"target\":[\"https:\/\/petproducts.com.cn\/product\/dog-spray-natural-pet-dog-deodorizer-spray\/\"]}]},{\"@type\":\"ImageObject\",\"inLanguage\":\"nl-NL\",\"@id\":\"https:\/\/petproducts.com.cn\/product\/dog-spray-natural-pet-dog-deodorizer-spray\/#primaryimage\",\"url\":\"https:\/\/petproducts.com.cn\/wp-content\/uploads\/2024\/06\/Dog-Spray.webp\",\"contentUrl\":\"https:\/\/petproducts.com.cn\/wp-content\/uploads\/2024\/06\/Dog-Spray.webp\",\"width\":1000,\"height\":1000,\"caption\":\"Dog Spray\"},{\"@type\":\"BreadcrumbList\",\"@id\":\"https:\/\/petproducts.com.cn\/product\/dog-spray-natural-pet-dog-deodorizer-spray\/#breadcrumb\",\"itemListElement\":[{\"@type\":\"ListItem\",\"position\":1,\"name\":\"HOME\",\"item\":\"https:\/\/petproducts.com.cn\/\"},{\"@type\":\"ListItem\",\"position\":2,\"name\":\"Products\",\"item\":\"https:\/\/petproducts.com.cn\/shop\/\"},{\"@type\":\"ListItem\",\"position\":3,\"name\":\"Dog Grooming &amp; Cleaning Supplies\",\"item\":\"https:\/\/petproducts.com.cn\/product-category\/dog-grooming-cleaning-supplies\/\"},{\"@type\":\"ListItem\",\"position\":4,\"name\":\"Dog Spray Natural Pet Dog Deodorizer Spray\"}]},{\"@type\":\"WebSite\",\"@id\":\"https:\/\/petproducts.com.cn\/#website\",\"url\":\"https:\/\/petproducts.com.cn\/\",\"name\":\"Petstar\",\"description\":\"Leading Pet Supplies Manufacturer &amp; OEM Pet Products Supplier\",\"publisher\":{\"@id\":\"https:\/\/petproducts.com.cn\/#organization\"},\"alternateName\":\"Petstar Pet Supplies\",\"potentialAction\":[{\"@type\":\"SearchAction\",\"target\":{\"@type\":\"EntryPoint\",\"urlTemplate\":\"https:\/\/petproducts.com.cn\/?s={search_term_string}\"},\"query-input\":{\"@type\":\"PropertyValueSpecification\",\"valueRequired\":true,\"valueName\":\"search_term_string\"}}],\"inLanguage\":\"nl-NL\"},{\"@type\":\"Organization\",\"@id\":\"https:\/\/petproducts.com.cn\/#organization\",\"name\":\"Petstar\",\"url\":\"https:\/\/petproducts.com.cn\/\",\"logo\":{\"@type\":\"ImageObject\",\"inLanguage\":\"nl-NL\",\"@id\":\"https:\/\/petproducts.com.cn\/#\/schema\/logo\/image\/\",\"url\":\"https:\/\/petproducts.com.cn\/wp-content\/uploads\/2020\/02\/petstar-logo.webp\",\"contentUrl\":\"https:\/\/petproducts.com.cn\/wp-content\/uploads\/2020\/02\/petstar-logo.webp\",\"width\":779,\"height\":520,\"caption\":\"Petstar\"},\"image\":{\"@id\":\"https:\/\/petproducts.com.cn\/#\/schema\/logo\/image\/\"}}]}<\/script>\n<!-- \/ Yoast SEO plugin. -->","yoast_head_json":{"title":"Hondenverstuiver Fabrikant - Petstar - Petstar","description":"Ontdek hondenspray, deodorant spray voor honden, natuurlijke deodorant spray voor huisdieren rechtstreeks van de fabrikant. Uw ideale bedrijfsoplossing met Petstar.","robots":{"index":"index","follow":"follow","max-snippet":"max-snippet:-1","max-image-preview":"max-image-preview:large","max-video-preview":"max-video-preview:-1"},"canonical":"https:\/\/petproducts.com.cn\/nl\/product\/dog-spray-natural-pet-dog-deodorizer-spray\/","og_locale":"nl_NL","og_type":"article","og_title":"Dog Spray | Dog Deodorizer Spray Manufacturer - Petstar - Petstar","og_description":"Explore dog spray, dog deodorizer spray, natural pet deodorizer spray directly from the manufacturer. Your ideal business solution with Petstar.","og_url":"https:\/\/petproducts.com.cn\/nl\/product\/dog-spray-natural-pet-dog-deodorizer-spray\/","og_site_name":"Petstar","article_modified_time":"2024-06-11T06:08:43+00:00","og_image":[{"width":1000,"height":1000,"url":"https:\/\/petproducts.com.cn\/wp-content\/uploads\/2024\/06\/Dog-Spray.webp","type":"image\/webp"}],"twitter_card":"summary_large_image","twitter_misc":{"Geschatte leestijd":"2 minuten"},"schema":{"@context":"https:\/\/schema.org","@graph":[{"@type":"WebPage","@id":"https:\/\/petproducts.com.cn\/product\/dog-spray-natural-pet-dog-deodorizer-spray\/","url":"https:\/\/petproducts.com.cn\/product\/dog-spray-natural-pet-dog-deodorizer-spray\/","name":"Hondenverstuiver Fabrikant - Petstar - Petstar","isPartOf":{"@id":"https:\/\/petproducts.com.cn\/#website"},"primaryImageOfPage":{"@id":"https:\/\/petproducts.com.cn\/product\/dog-spray-natural-pet-dog-deodorizer-spray\/#primaryimage"},"image":{"@id":"https:\/\/petproducts.com.cn\/product\/dog-spray-natural-pet-dog-deodorizer-spray\/#primaryimage"},"thumbnailUrl":"https:\/\/petproducts.com.cn\/wp-content\/uploads\/2024\/06\/Dog-Spray.webp","datePublished":"2024-06-11T05:52:18+00:00","dateModified":"2024-06-11T06:08:43+00:00","description":"Ontdek hondenspray, deodorant spray voor honden, natuurlijke deodorant spray voor huisdieren rechtstreeks van de fabrikant. Uw ideale bedrijfsoplossing met Petstar.","breadcrumb":{"@id":"https:\/\/petproducts.com.cn\/product\/dog-spray-natural-pet-dog-deodorizer-spray\/#breadcrumb"},"inLanguage":"nl-NL","potentialAction":[{"@type":"ReadAction","target":["https:\/\/petproducts.com.cn\/product\/dog-spray-natural-pet-dog-deodorizer-spray\/"]}]},{"@type":"ImageObject","inLanguage":"nl-NL","@id":"https:\/\/petproducts.com.cn\/product\/dog-spray-natural-pet-dog-deodorizer-spray\/#primaryimage","url":"https:\/\/petproducts.com.cn\/wp-content\/uploads\/2024\/06\/Dog-Spray.webp","contentUrl":"https:\/\/petproducts.com.cn\/wp-content\/uploads\/2024\/06\/Dog-Spray.webp","width":1000,"height":1000,"caption":"Dog Spray"},{"@type":"BreadcrumbList","@id":"https:\/\/petproducts.com.cn\/product\/dog-spray-natural-pet-dog-deodorizer-spray\/#breadcrumb","itemListElement":[{"@type":"ListItem","position":1,"name":"HOME","item":"https:\/\/petproducts.com.cn\/"},{"@type":"ListItem","position":2,"name":"Products","item":"https:\/\/petproducts.com.cn\/shop\/"},{"@type":"ListItem","position":3,"name":"Dog Grooming &amp; Cleaning Supplies","item":"https:\/\/petproducts.com.cn\/product-category\/dog-grooming-cleaning-supplies\/"},{"@type":"ListItem","position":4,"name":"Dog Spray Natural Pet Dog Deodorizer Spray"}]},{"@type":"WebSite","@id":"https:\/\/petproducts.com.cn\/#website","url":"https:\/\/petproducts.com.cn\/","name":"Petstar","description":"Toonaangevende fabrikant van benodigdheden voor huisdieren &amp; OEM-leverancier van producten voor huisdieren","publisher":{"@id":"https:\/\/petproducts.com.cn\/#organization"},"alternateName":"Petstar Pet Supplies","potentialAction":[{"@type":"SearchAction","target":{"@type":"EntryPoint","urlTemplate":"https:\/\/petproducts.com.cn\/?s={search_term_string}"},"query-input":{"@type":"PropertyValueSpecification","valueRequired":true,"valueName":"search_term_string"}}],"inLanguage":"nl-NL"},{"@type":"Organization","@id":"https:\/\/petproducts.com.cn\/#organization","name":"Petstar","url":"https:\/\/petproducts.com.cn\/","logo":{"@type":"ImageObject","inLanguage":"nl-NL","@id":"https:\/\/petproducts.com.cn\/#\/schema\/logo\/image\/","url":"https:\/\/petproducts.com.cn\/wp-content\/uploads\/2020\/02\/petstar-logo.webp","contentUrl":"https:\/\/petproducts.com.cn\/wp-content\/uploads\/2020\/02\/petstar-logo.webp","width":779,"height":520,"caption":"Petstar"},"image":{"@id":"https:\/\/petproducts.com.cn\/#\/schema\/logo\/image\/"}}]}},"_links":{"self":[{"href":"https:\/\/petproducts.com.cn\/nl\/wp-json\/wp\/v2\/product\/24893","targetHints":{"allow":["GET"]}}],"collection":[{"href":"https:\/\/petproducts.com.cn\/nl\/wp-json\/wp\/v2\/product"}],"about":[{"href":"https:\/\/petproducts.com.cn\/nl\/wp-json\/wp\/v2\/types\/product"}],"version-history":[{"count":2,"href":"https:\/\/petproducts.com.cn\/nl\/wp-json\/wp\/v2\/product\/24893\/revisions"}],"predecessor-version":[{"id":24895,"href":"https:\/\/petproducts.com.cn\/nl\/wp-json\/wp\/v2\/product\/24893\/revisions\/24895"}],"wp:featuredmedia":[{"embeddable":true,"href":"https:\/\/petproducts.com.cn\/nl\/wp-json\/wp\/v2\/media\/24897"}],"wp:attachment":[{"href":"https:\/\/petproducts.com.cn\/nl\/wp-json\/wp\/v2\/media?parent=24893"}],"wp:term":[{"taxonomy":"product_brand","embeddable":true,"href":"https:\/\/petproducts.com.cn\/nl\/wp-json\/wp\/v2\/product_brand?post=24893"},{"taxonomy":"product_cat","embeddable":true,"href":"https:\/\/petproducts.com.cn\/nl\/wp-json\/wp\/v2\/product_cat?post=24893"},{"taxonomy":"product_tag","embeddable":true,"href":"https:\/\/petproducts.com.cn\/nl\/wp-json\/wp\/v2\/product_tag?post=24893"}],"curies":[{"name":"wp","href":"https:\/\/api.w.org\/{rel}","templated":true}]}}