{"id":24983,"date":"2024-06-13T03:07:36","date_gmt":"2024-06-13T03:07:36","guid":{"rendered":"https:\/\/petproducts.com.cn\/?post_type=product&#038;p=24983"},"modified":"2024-06-13T05:31:03","modified_gmt":"2024-06-13T05:31:03","slug":"dog-deodorizing-spray-natural-best-pet-dog-deodorizer","status":"publish","type":"product","link":"https:\/\/petproducts.com.cn\/nl\/product\/dog-deodorizing-spray-natural-best-pet-dog-deodorizer\/","title":{"rendered":"Honden Deodoriserende Spray Natuurlijk Beste Deodorisator voor Honden"},"content":{"rendered":"<h2><strong>Kenmerken van Hondendeodorisatiespray<\/strong><\/h2>\n<ul>\n<li><strong>Effectieve geurverwijdering<\/strong> Je zult merken dat onaangename geurtjes onmiddellijk verminderen met onze deodorantspray voor honden. Deze krachtige formule pakt geurtjes aan en neutraliseert ze bij de bron, zodat je huisdier fris en schoon ruikt. Geen zorgen meer over aanhoudende dierengeurtjes in huis.<\/li>\n<li><strong>Frisse, natuurlijke geur<\/strong> Je hond zal profiteren van de verfrissende natuurlijke geur van onze deodorant. In tegenstelling tot kunstmatige geurstoffen geeft deze spray een aangenaam, langdurig aroma dat de algehele hygi\u00ebne van je huisdier verbetert. De natuurlijke geur is zacht en aantrekkelijk, waardoor het een plezier is om te gebruiken.<\/li>\n<li><strong>Veilig en niet-giftig<\/strong> Je kunt erop vertrouwen dat onze deodorantspray veilig en niet giftig is. De spray is geformuleerd met huisdiervriendelijke ingredi\u00ebnten en is zacht voor de huid en vacht van je hond. Veiligheid is onze topprioriteit, dus je kunt dit product met een gerust hart gebruiken, wetende dat het niet schadelijk is voor je huisdier.<\/li>\n<li><strong>Antibacteri\u00eble eigenschappen<\/strong> Je huisdier zal genieten van de extra bescherming van antibacteri\u00eble eigenschappen in onze spray. Deze eigenschap helpt bacteri\u00ebn te elimineren die geurtjes veroorzaken, wat bijdraagt aan een gezondere, hygi\u00ebnischere omgeving voor je hond. Het is een uitstekende keuze voor het algemene welzijn van uw huisdier.<\/li>\n<\/ul>","protected":false},"excerpt":{"rendered":"<p>Wij zijn fabrikant van huisdierborstels met meer dan 20 jaar ervaring. We bieden aanpassingsopties voor kleur, grootte, stof, patroon, logo en andere kenmerken.<\/p>","protected":false},"featured_media":24987,"template":"","meta":{"_acf_changed":false},"product_brand":[],"product_cat":[137,71,136,72],"product_tag":[139,140],"class_list":{"0":"post-24983","1":"product","2":"type-product","3":"status-publish","4":"has-post-thumbnail","6":"product_cat-cat-grooming-cleaning-supplies","7":"product_cat-cat-supplies","8":"product_cat-dog-grooming-cleaning-supplies","9":"product_cat-dog-supplies","10":"product_tag-cat-grooming-cleaning-supplies","11":"product_tag-dog-grooming-cleaning-supplies","13":"first","14":"instock","15":"shipping-taxable","16":"product-type-simple"},"acf":[],"yoast_head":"<!-- This site is optimized with the Yoast SEO plugin v27.1.1 - https:\/\/yoast.com\/product\/yoast-seo-wordpress\/ -->\n<title>Dog Deodorizing Spray | Best Pet Deodorizer Manufacturer - Petstar - Petstar<\/title>\n<meta name=\"description\" content=\"Explore dog deodorizing spray, natural dog deodorizer, best pet deodorizer directly from the manufacturer. Your ideal business solution with Petstar.\" \/>\n<meta name=\"robots\" content=\"index, follow, max-snippet:-1, max-image-preview:large, max-video-preview:-1\" \/>\n<link rel=\"canonical\" href=\"https:\/\/petproducts.com.cn\/nl\/product\/dog-deodorizing-spray-natural-best-pet-dog-deodorizer\/\" \/>\n<meta property=\"og:locale\" content=\"nl_NL\" \/>\n<meta property=\"og:type\" content=\"article\" \/>\n<meta property=\"og:title\" content=\"Dog Deodorizing Spray | Best Pet Deodorizer Manufacturer - Petstar - Petstar\" \/>\n<meta property=\"og:description\" content=\"Explore dog deodorizing spray, natural dog deodorizer, best pet deodorizer directly from the manufacturer. Your ideal business solution with Petstar.\" \/>\n<meta property=\"og:url\" content=\"https:\/\/petproducts.com.cn\/nl\/product\/dog-deodorizing-spray-natural-best-pet-dog-deodorizer\/\" \/>\n<meta property=\"og:site_name\" content=\"Petstar\" \/>\n<meta property=\"article:modified_time\" content=\"2024-06-13T05:31:03+00:00\" \/>\n<meta property=\"og:image\" content=\"https:\/\/petproducts.com.cn\/wp-content\/uploads\/2024\/06\/dog-deodorizing-spray.webp\" \/>\n\t<meta property=\"og:image:width\" content=\"1000\" \/>\n\t<meta property=\"og:image:height\" content=\"1000\" \/>\n\t<meta property=\"og:image:type\" content=\"image\/webp\" \/>\n<meta name=\"twitter:card\" content=\"summary_large_image\" \/>\n<meta name=\"twitter:label1\" content=\"Geschatte leestijd\" \/>\n\t<meta name=\"twitter:data1\" content=\"2 minuten\" \/>\n<script type=\"application\/ld+json\" class=\"yoast-schema-graph\">{\"@context\":\"https:\/\/schema.org\",\"@graph\":[{\"@type\":\"WebPage\",\"@id\":\"https:\/\/petproducts.com.cn\/product\/dog-deodorizing-spray-natural-best-pet-dog-deodorizer\/\",\"url\":\"https:\/\/petproducts.com.cn\/product\/dog-deodorizing-spray-natural-best-pet-dog-deodorizer\/\",\"name\":\"Dog Deodorizing Spray | Best Pet Deodorizer Manufacturer - Petstar - Petstar\",\"isPartOf\":{\"@id\":\"https:\/\/petproducts.com.cn\/#website\"},\"primaryImageOfPage\":{\"@id\":\"https:\/\/petproducts.com.cn\/product\/dog-deodorizing-spray-natural-best-pet-dog-deodorizer\/#primaryimage\"},\"image\":{\"@id\":\"https:\/\/petproducts.com.cn\/product\/dog-deodorizing-spray-natural-best-pet-dog-deodorizer\/#primaryimage\"},\"thumbnailUrl\":\"https:\/\/petproducts.com.cn\/wp-content\/uploads\/2024\/06\/dog-deodorizing-spray.webp\",\"datePublished\":\"2024-06-13T03:07:36+00:00\",\"dateModified\":\"2024-06-13T05:31:03+00:00\",\"description\":\"Explore dog deodorizing spray, natural dog deodorizer, best pet deodorizer directly from the manufacturer. Your ideal business solution with Petstar.\",\"breadcrumb\":{\"@id\":\"https:\/\/petproducts.com.cn\/product\/dog-deodorizing-spray-natural-best-pet-dog-deodorizer\/#breadcrumb\"},\"inLanguage\":\"nl-NL\",\"potentialAction\":[{\"@type\":\"ReadAction\",\"target\":[\"https:\/\/petproducts.com.cn\/product\/dog-deodorizing-spray-natural-best-pet-dog-deodorizer\/\"]}]},{\"@type\":\"ImageObject\",\"inLanguage\":\"nl-NL\",\"@id\":\"https:\/\/petproducts.com.cn\/product\/dog-deodorizing-spray-natural-best-pet-dog-deodorizer\/#primaryimage\",\"url\":\"https:\/\/petproducts.com.cn\/wp-content\/uploads\/2024\/06\/dog-deodorizing-spray.webp\",\"contentUrl\":\"https:\/\/petproducts.com.cn\/wp-content\/uploads\/2024\/06\/dog-deodorizing-spray.webp\",\"width\":1000,\"height\":1000,\"caption\":\"dog deodorizing spray\"},{\"@type\":\"BreadcrumbList\",\"@id\":\"https:\/\/petproducts.com.cn\/product\/dog-deodorizing-spray-natural-best-pet-dog-deodorizer\/#breadcrumb\",\"itemListElement\":[{\"@type\":\"ListItem\",\"position\":1,\"name\":\"HOME\",\"item\":\"https:\/\/petproducts.com.cn\/\"},{\"@type\":\"ListItem\",\"position\":2,\"name\":\"Products\",\"item\":\"https:\/\/petproducts.com.cn\/shop\/\"},{\"@type\":\"ListItem\",\"position\":3,\"name\":\"Dog Grooming &amp; Cleaning Supplies\",\"item\":\"https:\/\/petproducts.com.cn\/product-category\/dog-grooming-cleaning-supplies\/\"},{\"@type\":\"ListItem\",\"position\":4,\"name\":\"Dog Deodorizing Spray Natural Best Pet Dog Deodorizer\"}]},{\"@type\":\"WebSite\",\"@id\":\"https:\/\/petproducts.com.cn\/#website\",\"url\":\"https:\/\/petproducts.com.cn\/\",\"name\":\"Petstar\",\"description\":\"Leading Pet Supplies Manufacturer &amp; OEM Pet Products Supplier\",\"publisher\":{\"@id\":\"https:\/\/petproducts.com.cn\/#organization\"},\"alternateName\":\"Petstar Pet Supplies\",\"potentialAction\":[{\"@type\":\"SearchAction\",\"target\":{\"@type\":\"EntryPoint\",\"urlTemplate\":\"https:\/\/petproducts.com.cn\/?s={search_term_string}\"},\"query-input\":{\"@type\":\"PropertyValueSpecification\",\"valueRequired\":true,\"valueName\":\"search_term_string\"}}],\"inLanguage\":\"nl-NL\"},{\"@type\":\"Organization\",\"@id\":\"https:\/\/petproducts.com.cn\/#organization\",\"name\":\"Petstar\",\"url\":\"https:\/\/petproducts.com.cn\/\",\"logo\":{\"@type\":\"ImageObject\",\"inLanguage\":\"nl-NL\",\"@id\":\"https:\/\/petproducts.com.cn\/#\/schema\/logo\/image\/\",\"url\":\"https:\/\/petproducts.com.cn\/wp-content\/uploads\/2020\/02\/petstar-logo.webp\",\"contentUrl\":\"https:\/\/petproducts.com.cn\/wp-content\/uploads\/2020\/02\/petstar-logo.webp\",\"width\":779,\"height\":520,\"caption\":\"Petstar\"},\"image\":{\"@id\":\"https:\/\/petproducts.com.cn\/#\/schema\/logo\/image\/\"}}]}<\/script>\n<!-- \/ Yoast SEO plugin. -->","yoast_head_json":{"title":"Hond Deodoriserende Spray | Beste Deodorant voor Huisdieren Fabrikant - Petstar - Petstar","description":"Ontdek honden deodorant spray, natuurlijke hond deodorant, beste huisdier deodorant rechtstreeks van de fabrikant. Uw ideale zakelijke oplossing met Petstar.","robots":{"index":"index","follow":"follow","max-snippet":"max-snippet:-1","max-image-preview":"max-image-preview:large","max-video-preview":"max-video-preview:-1"},"canonical":"https:\/\/petproducts.com.cn\/nl\/product\/dog-deodorizing-spray-natural-best-pet-dog-deodorizer\/","og_locale":"nl_NL","og_type":"article","og_title":"Dog Deodorizing Spray | Best Pet Deodorizer Manufacturer - Petstar - Petstar","og_description":"Explore dog deodorizing spray, natural dog deodorizer, best pet deodorizer directly from the manufacturer. Your ideal business solution with Petstar.","og_url":"https:\/\/petproducts.com.cn\/nl\/product\/dog-deodorizing-spray-natural-best-pet-dog-deodorizer\/","og_site_name":"Petstar","article_modified_time":"2024-06-13T05:31:03+00:00","og_image":[{"width":1000,"height":1000,"url":"https:\/\/petproducts.com.cn\/wp-content\/uploads\/2024\/06\/dog-deodorizing-spray.webp","type":"image\/webp"}],"twitter_card":"summary_large_image","twitter_misc":{"Geschatte leestijd":"2 minuten"},"schema":{"@context":"https:\/\/schema.org","@graph":[{"@type":"WebPage","@id":"https:\/\/petproducts.com.cn\/product\/dog-deodorizing-spray-natural-best-pet-dog-deodorizer\/","url":"https:\/\/petproducts.com.cn\/product\/dog-deodorizing-spray-natural-best-pet-dog-deodorizer\/","name":"Hond Deodoriserende Spray | Beste Deodorant voor Huisdieren Fabrikant - Petstar - Petstar","isPartOf":{"@id":"https:\/\/petproducts.com.cn\/#website"},"primaryImageOfPage":{"@id":"https:\/\/petproducts.com.cn\/product\/dog-deodorizing-spray-natural-best-pet-dog-deodorizer\/#primaryimage"},"image":{"@id":"https:\/\/petproducts.com.cn\/product\/dog-deodorizing-spray-natural-best-pet-dog-deodorizer\/#primaryimage"},"thumbnailUrl":"https:\/\/petproducts.com.cn\/wp-content\/uploads\/2024\/06\/dog-deodorizing-spray.webp","datePublished":"2024-06-13T03:07:36+00:00","dateModified":"2024-06-13T05:31:03+00:00","description":"Ontdek honden deodorant spray, natuurlijke hond deodorant, beste huisdier deodorant rechtstreeks van de fabrikant. Uw ideale zakelijke oplossing met Petstar.","breadcrumb":{"@id":"https:\/\/petproducts.com.cn\/product\/dog-deodorizing-spray-natural-best-pet-dog-deodorizer\/#breadcrumb"},"inLanguage":"nl-NL","potentialAction":[{"@type":"ReadAction","target":["https:\/\/petproducts.com.cn\/product\/dog-deodorizing-spray-natural-best-pet-dog-deodorizer\/"]}]},{"@type":"ImageObject","inLanguage":"nl-NL","@id":"https:\/\/petproducts.com.cn\/product\/dog-deodorizing-spray-natural-best-pet-dog-deodorizer\/#primaryimage","url":"https:\/\/petproducts.com.cn\/wp-content\/uploads\/2024\/06\/dog-deodorizing-spray.webp","contentUrl":"https:\/\/petproducts.com.cn\/wp-content\/uploads\/2024\/06\/dog-deodorizing-spray.webp","width":1000,"height":1000,"caption":"dog deodorizing spray"},{"@type":"BreadcrumbList","@id":"https:\/\/petproducts.com.cn\/product\/dog-deodorizing-spray-natural-best-pet-dog-deodorizer\/#breadcrumb","itemListElement":[{"@type":"ListItem","position":1,"name":"HOME","item":"https:\/\/petproducts.com.cn\/"},{"@type":"ListItem","position":2,"name":"Products","item":"https:\/\/petproducts.com.cn\/shop\/"},{"@type":"ListItem","position":3,"name":"Dog Grooming &amp; Cleaning Supplies","item":"https:\/\/petproducts.com.cn\/product-category\/dog-grooming-cleaning-supplies\/"},{"@type":"ListItem","position":4,"name":"Dog Deodorizing Spray Natural Best Pet Dog Deodorizer"}]},{"@type":"WebSite","@id":"https:\/\/petproducts.com.cn\/#website","url":"https:\/\/petproducts.com.cn\/","name":"Petstar","description":"Toonaangevende fabrikant van benodigdheden voor huisdieren &amp; OEM-leverancier van producten voor huisdieren","publisher":{"@id":"https:\/\/petproducts.com.cn\/#organization"},"alternateName":"Petstar Pet Supplies","potentialAction":[{"@type":"SearchAction","target":{"@type":"EntryPoint","urlTemplate":"https:\/\/petproducts.com.cn\/?s={search_term_string}"},"query-input":{"@type":"PropertyValueSpecification","valueRequired":true,"valueName":"search_term_string"}}],"inLanguage":"nl-NL"},{"@type":"Organization","@id":"https:\/\/petproducts.com.cn\/#organization","name":"Petstar","url":"https:\/\/petproducts.com.cn\/","logo":{"@type":"ImageObject","inLanguage":"nl-NL","@id":"https:\/\/petproducts.com.cn\/#\/schema\/logo\/image\/","url":"https:\/\/petproducts.com.cn\/wp-content\/uploads\/2020\/02\/petstar-logo.webp","contentUrl":"https:\/\/petproducts.com.cn\/wp-content\/uploads\/2020\/02\/petstar-logo.webp","width":779,"height":520,"caption":"Petstar"},"image":{"@id":"https:\/\/petproducts.com.cn\/#\/schema\/logo\/image\/"}}]}},"_links":{"self":[{"href":"https:\/\/petproducts.com.cn\/nl\/wp-json\/wp\/v2\/product\/24983","targetHints":{"allow":["GET"]}}],"collection":[{"href":"https:\/\/petproducts.com.cn\/nl\/wp-json\/wp\/v2\/product"}],"about":[{"href":"https:\/\/petproducts.com.cn\/nl\/wp-json\/wp\/v2\/types\/product"}],"version-history":[{"count":1,"href":"https:\/\/petproducts.com.cn\/nl\/wp-json\/wp\/v2\/product\/24983\/revisions"}],"predecessor-version":[{"id":24984,"href":"https:\/\/petproducts.com.cn\/nl\/wp-json\/wp\/v2\/product\/24983\/revisions\/24984"}],"wp:featuredmedia":[{"embeddable":true,"href":"https:\/\/petproducts.com.cn\/nl\/wp-json\/wp\/v2\/media\/24987"}],"wp:attachment":[{"href":"https:\/\/petproducts.com.cn\/nl\/wp-json\/wp\/v2\/media?parent=24983"}],"wp:term":[{"taxonomy":"product_brand","embeddable":true,"href":"https:\/\/petproducts.com.cn\/nl\/wp-json\/wp\/v2\/product_brand?post=24983"},{"taxonomy":"product_cat","embeddable":true,"href":"https:\/\/petproducts.com.cn\/nl\/wp-json\/wp\/v2\/product_cat?post=24983"},{"taxonomy":"product_tag","embeddable":true,"href":"https:\/\/petproducts.com.cn\/nl\/wp-json\/wp\/v2\/product_tag?post=24983"}],"curies":[{"name":"wp","href":"https:\/\/api.w.org\/{rel}","templated":true}]}}