{"id":25398,"date":"2024-06-22T06:37:59","date_gmt":"2024-06-22T06:37:59","guid":{"rendered":"https:\/\/petproducts.com.cn\/?post_type=product&#038;p=25398"},"modified":"2024-06-22T07:09:53","modified_gmt":"2024-06-22T07:09:53","slug":"dog-antibacterial-spray-pet-antibacterial-spray","status":"publish","type":"product","link":"https:\/\/petproducts.com.cn\/nl\/product\/dog-antibacterial-spray-pet-antibacterial-spray\/","title":{"rendered":"Antibacteri\u00eble spray voor honden Antibacteri\u00eble spray voor huisdieren"},"content":{"rendered":"<h2><strong>Kenmerken van antibacteri\u00eble hondenspray<\/strong><\/h2>\n<ul>\n<li><strong>Effectieve geurbestrijding<\/strong> Je zult merken dat onze antibacteri\u00eble hondenspray zeer effectief is in het neutraliseren van onaangename geurtjes. Het pakt de oorzaken van nare geurtjes bij de wortel aan, zodat je huisdier fris en schoon blijft. Deze eigenschap is vooral handig na buitenactiviteiten of tussen het baden door.<\/li>\n<li><strong>Frisse, langdurige geur<\/strong> Je zult de frisse en verkwikkende geur van onze antibacteri\u00eble spray voor huisdieren zeker waarderen. De geur houdt lang aan, waardoor je huisdier langere tijd heerlijk blijft ruiken. Dit zorgt voor een aangename geur in huis, wat de algehele omgeving verbetert.<\/li>\n<li><strong>Veilige en niet-giftige ingredi\u00ebnten<\/strong> Je kunt gerust zijn omdat je weet dat onze antibacteri\u00eble spray voor huisdieren gemaakt is van veilige en niet-giftige ingredi\u00ebnten. Het is zacht voor de huid en vacht van je huisdier en voorkomt mogelijke irritatie of allergische reacties. Hierdoor is het geschikt voor huisdieren van alle rassen en leeftijden.<\/li>\n<li><strong>Antibacteri\u00eble bescherming<\/strong> Je zult profiteren van de antibacteri\u00eble eigenschappen van onze hondenspray. Bacteri\u00ebn en ziektekiemen worden effectief ge\u00eblimineerd, waardoor de omgeving van uw huisdier gezonder wordt. Deze extra bescherming helpt infecties te voorkomen en de algemene hygi\u00ebne te handhaven.<\/li>\n<li><strong>Gebruiksvriendelijk<\/strong> Onze antibacteri\u00eble spray voor huisdieren is gemakkelijk aan te brengen. Met de handige sprayflacon kun je de spray snel en gelijkmatig aanbrengen, zodat je huisdier volledig bedekt is zonder gedoe. Dit maakt het eenvoudig om je huisdier onderweg of na het spelen op te frissen.<\/li>\n<\/ul>","protected":false},"excerpt":{"rendered":"<p>Wij zijn fabrikant van huisdierborstels met meer dan 20 jaar ervaring. We bieden aanpassingsopties voor kleur, grootte, stof, patroon, logo en andere kenmerken.<\/p>","protected":false},"featured_media":25400,"template":"","meta":{"_acf_changed":false},"product_brand":[],"product_cat":[137,71,136,72],"product_tag":[139,140],"class_list":{"0":"post-25398","1":"product","2":"type-product","3":"status-publish","4":"has-post-thumbnail","6":"product_cat-cat-grooming-cleaning-supplies","7":"product_cat-cat-supplies","8":"product_cat-dog-grooming-cleaning-supplies","9":"product_cat-dog-supplies","10":"product_tag-cat-grooming-cleaning-supplies","11":"product_tag-dog-grooming-cleaning-supplies","13":"first","14":"instock","15":"shipping-taxable","16":"product-type-simple"},"acf":[],"yoast_head":"<!-- This site is optimized with the Yoast SEO plugin v27.1.1 - https:\/\/yoast.com\/product\/yoast-seo-wordpress\/ -->\n<title>Dog Antibacterial Spray | Pet Antibacterial Spray Manufacturer - Petstar - Petstar<\/title>\n<meta name=\"description\" content=\"Explore dog antibacterial spray, pet antibacterial spray, and dog sprays directly from the manufacturer. Your ideal business solution with Petstar.\" \/>\n<meta name=\"robots\" content=\"index, follow, max-snippet:-1, max-image-preview:large, max-video-preview:-1\" \/>\n<link rel=\"canonical\" href=\"https:\/\/petproducts.com.cn\/nl\/product\/dog-antibacterial-spray-pet-antibacterial-spray\/\" \/>\n<meta property=\"og:locale\" content=\"nl_NL\" \/>\n<meta property=\"og:type\" content=\"article\" \/>\n<meta property=\"og:title\" content=\"Dog Antibacterial Spray | Pet Antibacterial Spray Manufacturer - Petstar - Petstar\" \/>\n<meta property=\"og:description\" content=\"Explore dog antibacterial spray, pet antibacterial spray, and dog sprays directly from the manufacturer. Your ideal business solution with Petstar.\" \/>\n<meta property=\"og:url\" content=\"https:\/\/petproducts.com.cn\/nl\/product\/dog-antibacterial-spray-pet-antibacterial-spray\/\" \/>\n<meta property=\"og:site_name\" content=\"Petstar\" \/>\n<meta property=\"article:modified_time\" content=\"2024-06-22T07:09:53+00:00\" \/>\n<meta property=\"og:image\" content=\"https:\/\/petproducts.com.cn\/wp-content\/uploads\/2024\/06\/dog-antibacterial-spray.webp\" \/>\n\t<meta property=\"og:image:width\" content=\"800\" \/>\n\t<meta property=\"og:image:height\" content=\"800\" \/>\n\t<meta property=\"og:image:type\" content=\"image\/webp\" \/>\n<meta name=\"twitter:card\" content=\"summary_large_image\" \/>\n<meta name=\"twitter:label1\" content=\"Geschatte leestijd\" \/>\n\t<meta name=\"twitter:data1\" content=\"2 minuten\" \/>\n<script type=\"application\/ld+json\" class=\"yoast-schema-graph\">{\"@context\":\"https:\/\/schema.org\",\"@graph\":[{\"@type\":\"WebPage\",\"@id\":\"https:\/\/petproducts.com.cn\/product\/dog-antibacterial-spray-pet-antibacterial-spray\/\",\"url\":\"https:\/\/petproducts.com.cn\/product\/dog-antibacterial-spray-pet-antibacterial-spray\/\",\"name\":\"Dog Antibacterial Spray | Pet Antibacterial Spray Manufacturer - Petstar - Petstar\",\"isPartOf\":{\"@id\":\"https:\/\/petproducts.com.cn\/#website\"},\"primaryImageOfPage\":{\"@id\":\"https:\/\/petproducts.com.cn\/product\/dog-antibacterial-spray-pet-antibacterial-spray\/#primaryimage\"},\"image\":{\"@id\":\"https:\/\/petproducts.com.cn\/product\/dog-antibacterial-spray-pet-antibacterial-spray\/#primaryimage\"},\"thumbnailUrl\":\"https:\/\/petproducts.com.cn\/wp-content\/uploads\/2024\/06\/dog-antibacterial-spray.webp\",\"datePublished\":\"2024-06-22T06:37:59+00:00\",\"dateModified\":\"2024-06-22T07:09:53+00:00\",\"description\":\"Explore dog antibacterial spray, pet antibacterial spray, and dog sprays directly from the manufacturer. Your ideal business solution with Petstar.\",\"breadcrumb\":{\"@id\":\"https:\/\/petproducts.com.cn\/product\/dog-antibacterial-spray-pet-antibacterial-spray\/#breadcrumb\"},\"inLanguage\":\"nl-NL\",\"potentialAction\":[{\"@type\":\"ReadAction\",\"target\":[\"https:\/\/petproducts.com.cn\/product\/dog-antibacterial-spray-pet-antibacterial-spray\/\"]}]},{\"@type\":\"ImageObject\",\"inLanguage\":\"nl-NL\",\"@id\":\"https:\/\/petproducts.com.cn\/product\/dog-antibacterial-spray-pet-antibacterial-spray\/#primaryimage\",\"url\":\"https:\/\/petproducts.com.cn\/wp-content\/uploads\/2024\/06\/dog-antibacterial-spray.webp\",\"contentUrl\":\"https:\/\/petproducts.com.cn\/wp-content\/uploads\/2024\/06\/dog-antibacterial-spray.webp\",\"width\":800,\"height\":800,\"caption\":\"dog antibacterial spray\"},{\"@type\":\"BreadcrumbList\",\"@id\":\"https:\/\/petproducts.com.cn\/product\/dog-antibacterial-spray-pet-antibacterial-spray\/#breadcrumb\",\"itemListElement\":[{\"@type\":\"ListItem\",\"position\":1,\"name\":\"HOME\",\"item\":\"https:\/\/petproducts.com.cn\/\"},{\"@type\":\"ListItem\",\"position\":2,\"name\":\"Products\",\"item\":\"https:\/\/petproducts.com.cn\/shop\/\"},{\"@type\":\"ListItem\",\"position\":3,\"name\":\"Dog Grooming &amp; Cleaning Supplies\",\"item\":\"https:\/\/petproducts.com.cn\/product-category\/dog-grooming-cleaning-supplies\/\"},{\"@type\":\"ListItem\",\"position\":4,\"name\":\"Dog Antibacterial Spray Pet Antibacterial Spray\"}]},{\"@type\":\"WebSite\",\"@id\":\"https:\/\/petproducts.com.cn\/#website\",\"url\":\"https:\/\/petproducts.com.cn\/\",\"name\":\"Petstar\",\"description\":\"Leading Pet Supplies Manufacturer &amp; OEM Pet Products Supplier\",\"publisher\":{\"@id\":\"https:\/\/petproducts.com.cn\/#organization\"},\"alternateName\":\"Petstar Pet Supplies\",\"potentialAction\":[{\"@type\":\"SearchAction\",\"target\":{\"@type\":\"EntryPoint\",\"urlTemplate\":\"https:\/\/petproducts.com.cn\/?s={search_term_string}\"},\"query-input\":{\"@type\":\"PropertyValueSpecification\",\"valueRequired\":true,\"valueName\":\"search_term_string\"}}],\"inLanguage\":\"nl-NL\"},{\"@type\":\"Organization\",\"@id\":\"https:\/\/petproducts.com.cn\/#organization\",\"name\":\"Petstar\",\"url\":\"https:\/\/petproducts.com.cn\/\",\"logo\":{\"@type\":\"ImageObject\",\"inLanguage\":\"nl-NL\",\"@id\":\"https:\/\/petproducts.com.cn\/#\/schema\/logo\/image\/\",\"url\":\"https:\/\/petproducts.com.cn\/wp-content\/uploads\/2020\/02\/petstar-logo.webp\",\"contentUrl\":\"https:\/\/petproducts.com.cn\/wp-content\/uploads\/2020\/02\/petstar-logo.webp\",\"width\":779,\"height\":520,\"caption\":\"Petstar\"},\"image\":{\"@id\":\"https:\/\/petproducts.com.cn\/#\/schema\/logo\/image\/\"}}]}<\/script>\n<!-- \/ Yoast SEO plugin. -->","yoast_head_json":{"title":"Antibacteri\u00eble Spray voor Honden Fabrikant - Petstar - Petstar","description":"Ontdek antibacteri\u00eble spray voor honden, antibacteri\u00eble spray voor huisdieren en sprays voor honden, rechtstreeks van de fabrikant. Uw ideale bedrijfsoplossing met Petstar.","robots":{"index":"index","follow":"follow","max-snippet":"max-snippet:-1","max-image-preview":"max-image-preview:large","max-video-preview":"max-video-preview:-1"},"canonical":"https:\/\/petproducts.com.cn\/nl\/product\/dog-antibacterial-spray-pet-antibacterial-spray\/","og_locale":"nl_NL","og_type":"article","og_title":"Dog Antibacterial Spray | Pet Antibacterial Spray Manufacturer - Petstar - Petstar","og_description":"Explore dog antibacterial spray, pet antibacterial spray, and dog sprays directly from the manufacturer. Your ideal business solution with Petstar.","og_url":"https:\/\/petproducts.com.cn\/nl\/product\/dog-antibacterial-spray-pet-antibacterial-spray\/","og_site_name":"Petstar","article_modified_time":"2024-06-22T07:09:53+00:00","og_image":[{"width":800,"height":800,"url":"https:\/\/petproducts.com.cn\/wp-content\/uploads\/2024\/06\/dog-antibacterial-spray.webp","type":"image\/webp"}],"twitter_card":"summary_large_image","twitter_misc":{"Geschatte leestijd":"2 minuten"},"schema":{"@context":"https:\/\/schema.org","@graph":[{"@type":"WebPage","@id":"https:\/\/petproducts.com.cn\/product\/dog-antibacterial-spray-pet-antibacterial-spray\/","url":"https:\/\/petproducts.com.cn\/product\/dog-antibacterial-spray-pet-antibacterial-spray\/","name":"Antibacteri\u00eble Spray voor Honden Fabrikant - Petstar - Petstar","isPartOf":{"@id":"https:\/\/petproducts.com.cn\/#website"},"primaryImageOfPage":{"@id":"https:\/\/petproducts.com.cn\/product\/dog-antibacterial-spray-pet-antibacterial-spray\/#primaryimage"},"image":{"@id":"https:\/\/petproducts.com.cn\/product\/dog-antibacterial-spray-pet-antibacterial-spray\/#primaryimage"},"thumbnailUrl":"https:\/\/petproducts.com.cn\/wp-content\/uploads\/2024\/06\/dog-antibacterial-spray.webp","datePublished":"2024-06-22T06:37:59+00:00","dateModified":"2024-06-22T07:09:53+00:00","description":"Ontdek antibacteri\u00eble spray voor honden, antibacteri\u00eble spray voor huisdieren en sprays voor honden, rechtstreeks van de fabrikant. Uw ideale bedrijfsoplossing met Petstar.","breadcrumb":{"@id":"https:\/\/petproducts.com.cn\/product\/dog-antibacterial-spray-pet-antibacterial-spray\/#breadcrumb"},"inLanguage":"nl-NL","potentialAction":[{"@type":"ReadAction","target":["https:\/\/petproducts.com.cn\/product\/dog-antibacterial-spray-pet-antibacterial-spray\/"]}]},{"@type":"ImageObject","inLanguage":"nl-NL","@id":"https:\/\/petproducts.com.cn\/product\/dog-antibacterial-spray-pet-antibacterial-spray\/#primaryimage","url":"https:\/\/petproducts.com.cn\/wp-content\/uploads\/2024\/06\/dog-antibacterial-spray.webp","contentUrl":"https:\/\/petproducts.com.cn\/wp-content\/uploads\/2024\/06\/dog-antibacterial-spray.webp","width":800,"height":800,"caption":"dog antibacterial spray"},{"@type":"BreadcrumbList","@id":"https:\/\/petproducts.com.cn\/product\/dog-antibacterial-spray-pet-antibacterial-spray\/#breadcrumb","itemListElement":[{"@type":"ListItem","position":1,"name":"HOME","item":"https:\/\/petproducts.com.cn\/"},{"@type":"ListItem","position":2,"name":"Products","item":"https:\/\/petproducts.com.cn\/shop\/"},{"@type":"ListItem","position":3,"name":"Dog Grooming &amp; Cleaning Supplies","item":"https:\/\/petproducts.com.cn\/product-category\/dog-grooming-cleaning-supplies\/"},{"@type":"ListItem","position":4,"name":"Dog Antibacterial Spray Pet Antibacterial Spray"}]},{"@type":"WebSite","@id":"https:\/\/petproducts.com.cn\/#website","url":"https:\/\/petproducts.com.cn\/","name":"Petstar","description":"Toonaangevende fabrikant van benodigdheden voor huisdieren &amp; OEM-leverancier van producten voor huisdieren","publisher":{"@id":"https:\/\/petproducts.com.cn\/#organization"},"alternateName":"Petstar Pet Supplies","potentialAction":[{"@type":"SearchAction","target":{"@type":"EntryPoint","urlTemplate":"https:\/\/petproducts.com.cn\/?s={search_term_string}"},"query-input":{"@type":"PropertyValueSpecification","valueRequired":true,"valueName":"search_term_string"}}],"inLanguage":"nl-NL"},{"@type":"Organization","@id":"https:\/\/petproducts.com.cn\/#organization","name":"Petstar","url":"https:\/\/petproducts.com.cn\/","logo":{"@type":"ImageObject","inLanguage":"nl-NL","@id":"https:\/\/petproducts.com.cn\/#\/schema\/logo\/image\/","url":"https:\/\/petproducts.com.cn\/wp-content\/uploads\/2020\/02\/petstar-logo.webp","contentUrl":"https:\/\/petproducts.com.cn\/wp-content\/uploads\/2020\/02\/petstar-logo.webp","width":779,"height":520,"caption":"Petstar"},"image":{"@id":"https:\/\/petproducts.com.cn\/#\/schema\/logo\/image\/"}}]}},"_links":{"self":[{"href":"https:\/\/petproducts.com.cn\/nl\/wp-json\/wp\/v2\/product\/25398","targetHints":{"allow":["GET"]}}],"collection":[{"href":"https:\/\/petproducts.com.cn\/nl\/wp-json\/wp\/v2\/product"}],"about":[{"href":"https:\/\/petproducts.com.cn\/nl\/wp-json\/wp\/v2\/types\/product"}],"version-history":[{"count":2,"href":"https:\/\/petproducts.com.cn\/nl\/wp-json\/wp\/v2\/product\/25398\/revisions"}],"predecessor-version":[{"id":25406,"href":"https:\/\/petproducts.com.cn\/nl\/wp-json\/wp\/v2\/product\/25398\/revisions\/25406"}],"wp:featuredmedia":[{"embeddable":true,"href":"https:\/\/petproducts.com.cn\/nl\/wp-json\/wp\/v2\/media\/25400"}],"wp:attachment":[{"href":"https:\/\/petproducts.com.cn\/nl\/wp-json\/wp\/v2\/media?parent=25398"}],"wp:term":[{"taxonomy":"product_brand","embeddable":true,"href":"https:\/\/petproducts.com.cn\/nl\/wp-json\/wp\/v2\/product_brand?post=25398"},{"taxonomy":"product_cat","embeddable":true,"href":"https:\/\/petproducts.com.cn\/nl\/wp-json\/wp\/v2\/product_cat?post=25398"},{"taxonomy":"product_tag","embeddable":true,"href":"https:\/\/petproducts.com.cn\/nl\/wp-json\/wp\/v2\/product_tag?post=25398"}],"curies":[{"name":"wp","href":"https:\/\/api.w.org\/{rel}","templated":true}]}}