{"id":32988,"date":"2025-04-15T06:32:00","date_gmt":"2025-04-15T06:32:00","guid":{"rendered":"https:\/\/petproducts.com.cn\/?post_type=product&#038;p=32988"},"modified":"2025-04-15T06:44:09","modified_gmt":"2025-04-15T06:44:09","slug":"cat-toilet-all-in-one-deodorant-port-foldable-cat-litter-box","status":"publish","type":"product","link":"https:\/\/petproducts.com.cn\/nl\/product\/cat-toilet-all-in-one-deodorant-port-foldable-cat-litter-box\/","title":{"rendered":"Kattentoilet Alles-in-1 Deodorantpoort Opvouwbare Kattenbak"},"content":{"rendered":"<h2><strong>Kenmerken van kattentoiletten<\/strong><\/h2>\n<ul>\n<li class=\"\" data-start=\"126\" data-end=\"324\">\n<p class=\"\" data-start=\"129\" data-end=\"324\"><strong data-start=\"129\" data-end=\"159\">Alles-in-\u00e9\u00e9n gesloten ontwerp<\/strong> - Dit kattentoilet heeft een ge\u00efntegreerd deodorantcompartiment en een volledig omsloten structuur om geurtjes effectief te bestrijden en katten een priv\u00e9ruimte te bieden.<\/p>\n<\/li>\n<li class=\"\" data-start=\"325\" data-end=\"499\">\n<p class=\"\" data-start=\"328\" data-end=\"499\"><strong data-start=\"328\" data-end=\"357\">Opvouwbaar en ruimtebesparend<\/strong> - Dankzij het innovatieve inklapbare ontwerp is het eenvoudig op te bergen, te vervoeren en te verpakken - ideaal voor grote inkopers die op zoek zijn naar compacte retailoplossingen.<\/p>\n<\/li>\n<li class=\"\" data-start=\"500\" data-end=\"651\">\n<p class=\"\" data-start=\"503\" data-end=\"651\"><strong data-start=\"503\" data-end=\"534\">Anti-lek Basisstructuur<\/strong> - Speciaal ontworpen om te voorkomen dat kattenbakvulling weglekt, zodat de vloer schoon blijft en de dagelijkse schoonmaakbehoefte tot een minimum wordt beperkt.<\/p>\n<\/li>\n<li class=\"\" data-start=\"652\" data-end=\"807\">\n<p class=\"\" data-start=\"655\" data-end=\"807\"><strong data-start=\"655\" data-end=\"679\">Gemakkelijk schoon te maken<\/strong> - De poort die aan de voorkant opengaat, biedt moeiteloze toegang tot reiniging, wat de gebruikerservaring verbetert en tijdbesparend onderhoud ondersteunt.<\/p>\n<\/li>\n<li class=\"\" data-start=\"808\" data-end=\"961\">\n<p class=\"\" data-start=\"811\" data-end=\"961\"><strong data-start=\"811\" data-end=\"838\">Ingebouwd deodorant slot<\/strong> - Uitgerust met een speciale gleuf voor deodorantverpakkingen om continu geuren te neutraliseren voor een frisser binnenklimaat.<\/p>\n<\/li>\n<li class=\"\" data-start=\"962\" data-end=\"1113\">\n<p class=\"\" data-start=\"965\" data-end=\"1113\"><strong data-start=\"965\" data-end=\"992\">Duurzaam en lichtgewicht<\/strong> - Gemaakt van hoogwaardig kunststof voor langdurig gebruik en toch licht genoeg om gemakkelijk te verplaatsen en te hanteren.<\/p>\n<\/li>\n<\/ul>","protected":false},"excerpt":{"rendered":"<p>Dit alles-in-\u00e9\u00e9n kattentoilet heeft een opvouwbaar ontwerp, een lekvrije basis en een ge\u00efntegreerd deodorantsysteem - perfect voor moderne huisdieren en een effici\u00ebnte winkelvoorraad.<\/p>","protected":false},"featured_media":32994,"template":"","meta":{"_acf_changed":false},"product_brand":[],"product_cat":[138,71],"product_tag":[141],"class_list":{"0":"post-32988","1":"product","2":"type-product","3":"status-publish","4":"has-post-thumbnail","6":"product_cat-cat-litter-accessories","7":"product_cat-cat-supplies","8":"product_tag-cat-litter-accessories","10":"first","11":"instock","12":"shipping-taxable","13":"product-type-simple"},"acf":[],"yoast_head":"<!-- This site is optimized with the Yoast SEO plugin v27.1.1 - https:\/\/yoast.com\/product\/yoast-seo-wordpress\/ -->\n<title>Cat Toilet | Cat Litter Box Manufacturer - Petstar<\/title>\n<meta name=\"description\" content=\"Explore Cat Toilet from the pet products supplier. Petstar is a global pet products manufacturer. Your ideal business solution with Petstar.\" \/>\n<meta name=\"robots\" content=\"index, follow, max-snippet:-1, max-image-preview:large, max-video-preview:-1\" \/>\n<link rel=\"canonical\" href=\"https:\/\/petproducts.com.cn\/nl\/product\/cat-toilet-all-in-one-deodorant-port-foldable-cat-litter-box\/\" \/>\n<meta property=\"og:locale\" content=\"nl_NL\" \/>\n<meta property=\"og:type\" content=\"article\" \/>\n<meta property=\"og:title\" content=\"Cat Toilet | Cat Litter Box Manufacturer - Petstar\" \/>\n<meta property=\"og:description\" content=\"Explore Cat Toilet from the pet products supplier. Petstar is a global pet products manufacturer. Your ideal business solution with Petstar.\" \/>\n<meta property=\"og:url\" content=\"https:\/\/petproducts.com.cn\/nl\/product\/cat-toilet-all-in-one-deodorant-port-foldable-cat-litter-box\/\" \/>\n<meta property=\"og:site_name\" content=\"Petstar\" \/>\n<meta property=\"article:modified_time\" content=\"2025-04-15T06:44:09+00:00\" \/>\n<meta property=\"og:image\" content=\"https:\/\/petproducts.com.cn\/wp-content\/uploads\/2025\/04\/cat-toilet.webp\" \/>\n\t<meta property=\"og:image:width\" content=\"1000\" \/>\n\t<meta property=\"og:image:height\" content=\"1000\" \/>\n\t<meta property=\"og:image:type\" content=\"image\/webp\" \/>\n<meta name=\"twitter:card\" content=\"summary_large_image\" \/>\n<meta name=\"twitter:label1\" content=\"Geschatte leestijd\" \/>\n\t<meta name=\"twitter:data1\" content=\"1 minuut\" \/>\n<script type=\"application\/ld+json\" class=\"yoast-schema-graph\">{\"@context\":\"https:\/\/schema.org\",\"@graph\":[{\"@type\":\"WebPage\",\"@id\":\"https:\/\/petproducts.com.cn\/product\/cat-toilet-all-in-one-deodorant-port-foldable-cat-litter-box\/\",\"url\":\"https:\/\/petproducts.com.cn\/product\/cat-toilet-all-in-one-deodorant-port-foldable-cat-litter-box\/\",\"name\":\"Cat Toilet | Cat Litter Box Manufacturer - Petstar\",\"isPartOf\":{\"@id\":\"https:\/\/petproducts.com.cn\/#website\"},\"primaryImageOfPage\":{\"@id\":\"https:\/\/petproducts.com.cn\/product\/cat-toilet-all-in-one-deodorant-port-foldable-cat-litter-box\/#primaryimage\"},\"image\":{\"@id\":\"https:\/\/petproducts.com.cn\/product\/cat-toilet-all-in-one-deodorant-port-foldable-cat-litter-box\/#primaryimage\"},\"thumbnailUrl\":\"https:\/\/petproducts.com.cn\/wp-content\/uploads\/2025\/04\/cat-toilet.webp\",\"datePublished\":\"2025-04-15T06:32:00+00:00\",\"dateModified\":\"2025-04-15T06:44:09+00:00\",\"description\":\"Explore Cat Toilet from the pet products supplier. Petstar is a global pet products manufacturer. Your ideal business solution with Petstar.\",\"breadcrumb\":{\"@id\":\"https:\/\/petproducts.com.cn\/product\/cat-toilet-all-in-one-deodorant-port-foldable-cat-litter-box\/#breadcrumb\"},\"inLanguage\":\"nl-NL\",\"potentialAction\":[{\"@type\":\"ReadAction\",\"target\":[\"https:\/\/petproducts.com.cn\/product\/cat-toilet-all-in-one-deodorant-port-foldable-cat-litter-box\/\"]}]},{\"@type\":\"ImageObject\",\"inLanguage\":\"nl-NL\",\"@id\":\"https:\/\/petproducts.com.cn\/product\/cat-toilet-all-in-one-deodorant-port-foldable-cat-litter-box\/#primaryimage\",\"url\":\"https:\/\/petproducts.com.cn\/wp-content\/uploads\/2025\/04\/cat-toilet.webp\",\"contentUrl\":\"https:\/\/petproducts.com.cn\/wp-content\/uploads\/2025\/04\/cat-toilet.webp\",\"width\":1000,\"height\":1000,\"caption\":\"cat toilet\"},{\"@type\":\"BreadcrumbList\",\"@id\":\"https:\/\/petproducts.com.cn\/product\/cat-toilet-all-in-one-deodorant-port-foldable-cat-litter-box\/#breadcrumb\",\"itemListElement\":[{\"@type\":\"ListItem\",\"position\":1,\"name\":\"HOME\",\"item\":\"https:\/\/petproducts.com.cn\/\"},{\"@type\":\"ListItem\",\"position\":2,\"name\":\"Products\",\"item\":\"https:\/\/petproducts.com.cn\/shop\/\"},{\"@type\":\"ListItem\",\"position\":3,\"name\":\"Cat Litter &amp; Accessories\",\"item\":\"https:\/\/petproducts.com.cn\/product-category\/cat-litter-accessories\/\"},{\"@type\":\"ListItem\",\"position\":4,\"name\":\"Cat Toilet All-in One Deodorant Port Foldable Cat Litter Box\"}]},{\"@type\":\"WebSite\",\"@id\":\"https:\/\/petproducts.com.cn\/#website\",\"url\":\"https:\/\/petproducts.com.cn\/\",\"name\":\"Petstar\",\"description\":\"Leading Pet Supplies Manufacturer &amp; OEM Pet Products Supplier\",\"publisher\":{\"@id\":\"https:\/\/petproducts.com.cn\/#organization\"},\"alternateName\":\"Petstar Pet Supplies\",\"potentialAction\":[{\"@type\":\"SearchAction\",\"target\":{\"@type\":\"EntryPoint\",\"urlTemplate\":\"https:\/\/petproducts.com.cn\/?s={search_term_string}\"},\"query-input\":{\"@type\":\"PropertyValueSpecification\",\"valueRequired\":true,\"valueName\":\"search_term_string\"}}],\"inLanguage\":\"nl-NL\"},{\"@type\":\"Organization\",\"@id\":\"https:\/\/petproducts.com.cn\/#organization\",\"name\":\"Petstar\",\"url\":\"https:\/\/petproducts.com.cn\/\",\"logo\":{\"@type\":\"ImageObject\",\"inLanguage\":\"nl-NL\",\"@id\":\"https:\/\/petproducts.com.cn\/#\/schema\/logo\/image\/\",\"url\":\"https:\/\/petproducts.com.cn\/wp-content\/uploads\/2020\/02\/petstar-logo.webp\",\"contentUrl\":\"https:\/\/petproducts.com.cn\/wp-content\/uploads\/2020\/02\/petstar-logo.webp\",\"width\":779,\"height\":520,\"caption\":\"Petstar\"},\"image\":{\"@id\":\"https:\/\/petproducts.com.cn\/#\/schema\/logo\/image\/\"}}]}<\/script>\n<!-- \/ Yoast SEO plugin. -->","yoast_head_json":{"title":"Kattentoilet | Kattenbak Fabrikant - Petstar","description":"Ontdek het kattentoilet van de leverancier van producten voor huisdieren. Petstar is een wereldwijde fabrikant van producten voor huisdieren. Uw ideale zakelijke oplossing met Petstar.","robots":{"index":"index","follow":"follow","max-snippet":"max-snippet:-1","max-image-preview":"max-image-preview:large","max-video-preview":"max-video-preview:-1"},"canonical":"https:\/\/petproducts.com.cn\/nl\/product\/cat-toilet-all-in-one-deodorant-port-foldable-cat-litter-box\/","og_locale":"nl_NL","og_type":"article","og_title":"Cat Toilet | Cat Litter Box Manufacturer - Petstar","og_description":"Explore Cat Toilet from the pet products supplier. Petstar is a global pet products manufacturer. Your ideal business solution with Petstar.","og_url":"https:\/\/petproducts.com.cn\/nl\/product\/cat-toilet-all-in-one-deodorant-port-foldable-cat-litter-box\/","og_site_name":"Petstar","article_modified_time":"2025-04-15T06:44:09+00:00","og_image":[{"width":1000,"height":1000,"url":"https:\/\/petproducts.com.cn\/wp-content\/uploads\/2025\/04\/cat-toilet.webp","type":"image\/webp"}],"twitter_card":"summary_large_image","twitter_misc":{"Geschatte leestijd":"1 minuut"},"schema":{"@context":"https:\/\/schema.org","@graph":[{"@type":"WebPage","@id":"https:\/\/petproducts.com.cn\/product\/cat-toilet-all-in-one-deodorant-port-foldable-cat-litter-box\/","url":"https:\/\/petproducts.com.cn\/product\/cat-toilet-all-in-one-deodorant-port-foldable-cat-litter-box\/","name":"Kattentoilet | Kattenbak Fabrikant - Petstar","isPartOf":{"@id":"https:\/\/petproducts.com.cn\/#website"},"primaryImageOfPage":{"@id":"https:\/\/petproducts.com.cn\/product\/cat-toilet-all-in-one-deodorant-port-foldable-cat-litter-box\/#primaryimage"},"image":{"@id":"https:\/\/petproducts.com.cn\/product\/cat-toilet-all-in-one-deodorant-port-foldable-cat-litter-box\/#primaryimage"},"thumbnailUrl":"https:\/\/petproducts.com.cn\/wp-content\/uploads\/2025\/04\/cat-toilet.webp","datePublished":"2025-04-15T06:32:00+00:00","dateModified":"2025-04-15T06:44:09+00:00","description":"Ontdek het kattentoilet van de leverancier van producten voor huisdieren. Petstar is een wereldwijde fabrikant van producten voor huisdieren. Uw ideale zakelijke oplossing met Petstar.","breadcrumb":{"@id":"https:\/\/petproducts.com.cn\/product\/cat-toilet-all-in-one-deodorant-port-foldable-cat-litter-box\/#breadcrumb"},"inLanguage":"nl-NL","potentialAction":[{"@type":"ReadAction","target":["https:\/\/petproducts.com.cn\/product\/cat-toilet-all-in-one-deodorant-port-foldable-cat-litter-box\/"]}]},{"@type":"ImageObject","inLanguage":"nl-NL","@id":"https:\/\/petproducts.com.cn\/product\/cat-toilet-all-in-one-deodorant-port-foldable-cat-litter-box\/#primaryimage","url":"https:\/\/petproducts.com.cn\/wp-content\/uploads\/2025\/04\/cat-toilet.webp","contentUrl":"https:\/\/petproducts.com.cn\/wp-content\/uploads\/2025\/04\/cat-toilet.webp","width":1000,"height":1000,"caption":"cat toilet"},{"@type":"BreadcrumbList","@id":"https:\/\/petproducts.com.cn\/product\/cat-toilet-all-in-one-deodorant-port-foldable-cat-litter-box\/#breadcrumb","itemListElement":[{"@type":"ListItem","position":1,"name":"HOME","item":"https:\/\/petproducts.com.cn\/"},{"@type":"ListItem","position":2,"name":"Products","item":"https:\/\/petproducts.com.cn\/shop\/"},{"@type":"ListItem","position":3,"name":"Cat Litter &amp; Accessories","item":"https:\/\/petproducts.com.cn\/product-category\/cat-litter-accessories\/"},{"@type":"ListItem","position":4,"name":"Cat Toilet All-in One Deodorant Port Foldable Cat Litter Box"}]},{"@type":"WebSite","@id":"https:\/\/petproducts.com.cn\/#website","url":"https:\/\/petproducts.com.cn\/","name":"Petstar","description":"Toonaangevende fabrikant van benodigdheden voor huisdieren &amp; OEM-leverancier van producten voor huisdieren","publisher":{"@id":"https:\/\/petproducts.com.cn\/#organization"},"alternateName":"Petstar Pet Supplies","potentialAction":[{"@type":"SearchAction","target":{"@type":"EntryPoint","urlTemplate":"https:\/\/petproducts.com.cn\/?s={search_term_string}"},"query-input":{"@type":"PropertyValueSpecification","valueRequired":true,"valueName":"search_term_string"}}],"inLanguage":"nl-NL"},{"@type":"Organization","@id":"https:\/\/petproducts.com.cn\/#organization","name":"Petstar","url":"https:\/\/petproducts.com.cn\/","logo":{"@type":"ImageObject","inLanguage":"nl-NL","@id":"https:\/\/petproducts.com.cn\/#\/schema\/logo\/image\/","url":"https:\/\/petproducts.com.cn\/wp-content\/uploads\/2020\/02\/petstar-logo.webp","contentUrl":"https:\/\/petproducts.com.cn\/wp-content\/uploads\/2020\/02\/petstar-logo.webp","width":779,"height":520,"caption":"Petstar"},"image":{"@id":"https:\/\/petproducts.com.cn\/#\/schema\/logo\/image\/"}}]}},"_links":{"self":[{"href":"https:\/\/petproducts.com.cn\/nl\/wp-json\/wp\/v2\/product\/32988","targetHints":{"allow":["GET"]}}],"collection":[{"href":"https:\/\/petproducts.com.cn\/nl\/wp-json\/wp\/v2\/product"}],"about":[{"href":"https:\/\/petproducts.com.cn\/nl\/wp-json\/wp\/v2\/types\/product"}],"version-history":[{"count":1,"href":"https:\/\/petproducts.com.cn\/nl\/wp-json\/wp\/v2\/product\/32988\/revisions"}],"predecessor-version":[{"id":32995,"href":"https:\/\/petproducts.com.cn\/nl\/wp-json\/wp\/v2\/product\/32988\/revisions\/32995"}],"wp:featuredmedia":[{"embeddable":true,"href":"https:\/\/petproducts.com.cn\/nl\/wp-json\/wp\/v2\/media\/32994"}],"wp:attachment":[{"href":"https:\/\/petproducts.com.cn\/nl\/wp-json\/wp\/v2\/media?parent=32988"}],"wp:term":[{"taxonomy":"product_brand","embeddable":true,"href":"https:\/\/petproducts.com.cn\/nl\/wp-json\/wp\/v2\/product_brand?post=32988"},{"taxonomy":"product_cat","embeddable":true,"href":"https:\/\/petproducts.com.cn\/nl\/wp-json\/wp\/v2\/product_cat?post=32988"},{"taxonomy":"product_tag","embeddable":true,"href":"https:\/\/petproducts.com.cn\/nl\/wp-json\/wp\/v2\/product_tag?post=32988"}],"curies":[{"name":"wp","href":"https:\/\/api.w.org\/{rel}","templated":true}]}}